{"id":980,"date":"2023-08-30T11:31:33","date_gmt":"2023-08-30T11:31:33","guid":{"rendered":"https:\/\/verlag.wiethase.de\/?page_id=980"},"modified":"2024-06-24T09:58:06","modified_gmt":"2024-06-24T09:58:06","slug":"bows-arrows-and-spears-of-north-america-canada-and-greenland-volume","status":"publish","type":"page","link":"https:\/\/verlag.wiethase.de\/?page_id=980","title":{"rendered":"Bows, Arrows and Spears of North America, Canada and Greenland, Volume 2"},"content":{"rendered":"\n<p><strong>North America <\/strong>geographically includes the <strong>United States of America <\/strong>with its northernmost state <strong>Alaska and Canada.<\/strong><\/p>\n\n\n\n<p><strong>In this second volume, <\/strong>the arrows, bows and spears of the natives of <strong>Canada and Greenland <\/strong>are dealt with in detail. This is followed by the chapters on arrow wounds, arrow and spear poisons as well as spear throwers and blowguns from North America, Canada and Greenland.<\/p>\n\n\n\n<p>In addition to the rich quotations from various sources and the illustrations from them, the work is richly provided with photographs of pieces from museums and private collections, as well as with explanatory maps.<\/p>\n\n\n\n<p><strong>With more than 1200 illustrations, mostly in colour, as well as 10 plates on 212 pages.<\/strong><\/p>\n\n\n\n<p><strong>The first volume <\/strong>with the United States of America with Alaska has 480 pages and is available under the ISBN 978-3-948396-23-7<\/p>\n\n\n\n<figure class=\"wp-block-image size-large\"><a href=\"https:\/\/verlag.wiethase.de\/wp-content\/uploads\/2023\/08\/Northamerica-Cover-Englisch-Volume-2-scaled.jpg\"><img loading=\"lazy\" decoding=\"async\" width=\"736\" height=\"1024\" src=\"https:\/\/verlag.wiethase.de\/wp-content\/uploads\/2023\/08\/Northamerica-Cover-Englisch-Volume-2-736x1024.jpg\" alt=\"\" class=\"wp-image-981\" srcset=\"https:\/\/verlag.wiethase.de\/wp-content\/uploads\/2023\/08\/Northamerica-Cover-Englisch-Volume-2-736x1024.jpg 736w, https:\/\/verlag.wiethase.de\/wp-content\/uploads\/2023\/08\/Northamerica-Cover-Englisch-Volume-2-216x300.jpg 216w, https:\/\/verlag.wiethase.de\/wp-content\/uploads\/2023\/08\/Northamerica-Cover-Englisch-Volume-2-768x1069.jpg 768w, https:\/\/verlag.wiethase.de\/wp-content\/uploads\/2023\/08\/Northamerica-Cover-Englisch-Volume-2-1103x1536.jpg 1103w, https:\/\/verlag.wiethase.de\/wp-content\/uploads\/2023\/08\/Northamerica-Cover-Englisch-Volume-2-1471x2048.jpg 1471w, https:\/\/verlag.wiethase.de\/wp-content\/uploads\/2023\/08\/Northamerica-Cover-Englisch-Volume-2-scaled.jpg 1839w\" sizes=\"auto, (max-width: 736px) 100vw, 736px\" \/><\/a><\/figure>\n\n\n\n<figure class=\"wp-block-gallery has-nested-images columns-default is-cropped wp-block-gallery-1 is-layout-flex wp-block-gallery-is-layout-flex\">\n<figure class=\"wp-block-image size-large\"><a href=\"https:\/\/verlag.wiethase.de\/wp-content\/uploads\/2023\/08\/Northamerica-Band-2-Englisch-verschoben-2-scaled.jpg\"><img loading=\"lazy\" decoding=\"async\" width=\"730\" height=\"1024\" data-id=\"982\" src=\"https:\/\/verlag.wiethase.de\/wp-content\/uploads\/2023\/08\/Northamerica-Band-2-Englisch-verschoben-2-730x1024.jpg\" alt=\"\" class=\"wp-image-982\" srcset=\"https:\/\/verlag.wiethase.de\/wp-content\/uploads\/2023\/08\/Northamerica-Band-2-Englisch-verschoben-2-730x1024.jpg 730w, https:\/\/verlag.wiethase.de\/wp-content\/uploads\/2023\/08\/Northamerica-Band-2-Englisch-verschoben-2-214x300.jpg 214w, https:\/\/verlag.wiethase.de\/wp-content\/uploads\/2023\/08\/Northamerica-Band-2-Englisch-verschoben-2-768x1077.jpg 768w, https:\/\/verlag.wiethase.de\/wp-content\/uploads\/2023\/08\/Northamerica-Band-2-Englisch-verschoben-2-1095x1536.jpg 1095w, https:\/\/verlag.wiethase.de\/wp-content\/uploads\/2023\/08\/Northamerica-Band-2-Englisch-verschoben-2-1460x2048.jpg 1460w, https:\/\/verlag.wiethase.de\/wp-content\/uploads\/2023\/08\/Northamerica-Band-2-Englisch-verschoben-2-scaled.jpg 1825w\" sizes=\"auto, (max-width: 730px) 100vw, 730px\" \/><\/a><\/figure>\n\n\n\n<figure class=\"wp-block-image size-large\"><a href=\"https:\/\/verlag.wiethase.de\/wp-content\/uploads\/2023\/08\/Northamerica-Band-2-Englisch-verschoben-3-scaled.jpg\"><img loading=\"lazy\" decoding=\"async\" width=\"730\" height=\"1024\" data-id=\"984\" src=\"https:\/\/verlag.wiethase.de\/wp-content\/uploads\/2023\/08\/Northamerica-Band-2-Englisch-verschoben-3-730x1024.jpg\" alt=\"\" class=\"wp-image-984\" srcset=\"https:\/\/verlag.wiethase.de\/wp-content\/uploads\/2023\/08\/Northamerica-Band-2-Englisch-verschoben-3-730x1024.jpg 730w, https:\/\/verlag.wiethase.de\/wp-content\/uploads\/2023\/08\/Northamerica-Band-2-Englisch-verschoben-3-214x300.jpg 214w, https:\/\/verlag.wiethase.de\/wp-content\/uploads\/2023\/08\/Northamerica-Band-2-Englisch-verschoben-3-768x1077.jpg 768w, https:\/\/verlag.wiethase.de\/wp-content\/uploads\/2023\/08\/Northamerica-Band-2-Englisch-verschoben-3-1095x1536.jpg 1095w, https:\/\/verlag.wiethase.de\/wp-content\/uploads\/2023\/08\/Northamerica-Band-2-Englisch-verschoben-3-1460x2048.jpg 1460w, https:\/\/verlag.wiethase.de\/wp-content\/uploads\/2023\/08\/Northamerica-Band-2-Englisch-verschoben-3-scaled.jpg 1825w\" sizes=\"auto, (max-width: 730px) 100vw, 730px\" \/><\/a><\/figure>\n\n\n\n<figure class=\"wp-block-image size-large\"><a href=\"https:\/\/verlag.wiethase.de\/wp-content\/uploads\/2023\/08\/Northamerica-Band-2-Englisch-verschoben-4-scaled.jpg\"><img loading=\"lazy\" decoding=\"async\" width=\"730\" height=\"1024\" data-id=\"986\" src=\"https:\/\/verlag.wiethase.de\/wp-content\/uploads\/2023\/08\/Northamerica-Band-2-Englisch-verschoben-4-730x1024.jpg\" alt=\"\" class=\"wp-image-986\" srcset=\"https:\/\/verlag.wiethase.de\/wp-content\/uploads\/2023\/08\/Northamerica-Band-2-Englisch-verschoben-4-730x1024.jpg 730w, https:\/\/verlag.wiethase.de\/wp-content\/uploads\/2023\/08\/Northamerica-Band-2-Englisch-verschoben-4-214x300.jpg 214w, https:\/\/verlag.wiethase.de\/wp-content\/uploads\/2023\/08\/Northamerica-Band-2-Englisch-verschoben-4-768x1077.jpg 768w, https:\/\/verlag.wiethase.de\/wp-content\/uploads\/2023\/08\/Northamerica-Band-2-Englisch-verschoben-4-1095x1536.jpg 1095w, https:\/\/verlag.wiethase.de\/wp-content\/uploads\/2023\/08\/Northamerica-Band-2-Englisch-verschoben-4-1460x2048.jpg 1460w, https:\/\/verlag.wiethase.de\/wp-content\/uploads\/2023\/08\/Northamerica-Band-2-Englisch-verschoben-4-scaled.jpg 1825w\" sizes=\"auto, (max-width: 730px) 100vw, 730px\" \/><\/a><\/figure>\n\n\n\n<figure class=\"wp-block-image size-large\"><a href=\"https:\/\/verlag.wiethase.de\/wp-content\/uploads\/2023\/08\/Northamerica-Band-2-Englisch-verschoben-5-scaled.jpg\"><img loading=\"lazy\" decoding=\"async\" width=\"730\" height=\"1024\" data-id=\"985\" src=\"https:\/\/verlag.wiethase.de\/wp-content\/uploads\/2023\/08\/Northamerica-Band-2-Englisch-verschoben-5-730x1024.jpg\" alt=\"\" class=\"wp-image-985\" srcset=\"https:\/\/verlag.wiethase.de\/wp-content\/uploads\/2023\/08\/Northamerica-Band-2-Englisch-verschoben-5-730x1024.jpg 730w, https:\/\/verlag.wiethase.de\/wp-content\/uploads\/2023\/08\/Northamerica-Band-2-Englisch-verschoben-5-214x300.jpg 214w, https:\/\/verlag.wiethase.de\/wp-content\/uploads\/2023\/08\/Northamerica-Band-2-Englisch-verschoben-5-768x1077.jpg 768w, https:\/\/verlag.wiethase.de\/wp-content\/uploads\/2023\/08\/Northamerica-Band-2-Englisch-verschoben-5-1095x1536.jpg 1095w, https:\/\/verlag.wiethase.de\/wp-content\/uploads\/2023\/08\/Northamerica-Band-2-Englisch-verschoben-5-1460x2048.jpg 1460w, https:\/\/verlag.wiethase.de\/wp-content\/uploads\/2023\/08\/Northamerica-Band-2-Englisch-verschoben-5-scaled.jpg 1825w\" sizes=\"auto, (max-width: 730px) 100vw, 730px\" \/><\/a><\/figure>\n\n\n\n<figure class=\"wp-block-image size-large\"><a href=\"https:\/\/verlag.wiethase.de\/wp-content\/uploads\/2023\/08\/Northamerica-Band-2-Englisch-verschoben-6-scaled.jpg\"><img loading=\"lazy\" decoding=\"async\" width=\"730\" height=\"1024\" data-id=\"983\" src=\"https:\/\/verlag.wiethase.de\/wp-content\/uploads\/2023\/08\/Northamerica-Band-2-Englisch-verschoben-6-730x1024.jpg\" alt=\"\" class=\"wp-image-983\" srcset=\"https:\/\/verlag.wiethase.de\/wp-content\/uploads\/2023\/08\/Northamerica-Band-2-Englisch-verschoben-6-730x1024.jpg 730w, https:\/\/verlag.wiethase.de\/wp-content\/uploads\/2023\/08\/Northamerica-Band-2-Englisch-verschoben-6-214x300.jpg 214w, https:\/\/verlag.wiethase.de\/wp-content\/uploads\/2023\/08\/Northamerica-Band-2-Englisch-verschoben-6-768x1077.jpg 768w, https:\/\/verlag.wiethase.de\/wp-content\/uploads\/2023\/08\/Northamerica-Band-2-Englisch-verschoben-6-1095x1536.jpg 1095w, https:\/\/verlag.wiethase.de\/wp-content\/uploads\/2023\/08\/Northamerica-Band-2-Englisch-verschoben-6-1460x2048.jpg 1460w, https:\/\/verlag.wiethase.de\/wp-content\/uploads\/2023\/08\/Northamerica-Band-2-Englisch-verschoben-6-scaled.jpg 1825w\" sizes=\"auto, (max-width: 730px) 100vw, 730px\" \/><\/a><\/figure>\n<\/figure>\n\n\n\n<p>212 Pages A4, hardcover, stich binding&#8230; With more than 1200 illustrations, mostly in colour, as well as 10 plates on 212 pages. Available for \u20ac 69.- ISBN 978-3-948396-25-1<\/p>\n","protected":false},"excerpt":{"rendered":"<p>North America geographically includes the United States of America with its northernmost state Alaska and Canada. In this second volume, the arrows, bows and spears of the natives of Canada and Greenland are dealt with in detail. This is followed &hellip; <a href=\"https:\/\/verlag.wiethase.de\/?page_id=980\">Weiterlesen <span class=\"meta-nav\">&rarr;<\/span><\/a><\/p>\n","protected":false},"author":1,"featured_media":0,"parent":388,"menu_order":0,"comment_status":"closed","ping_status":"closed","template":"","meta":{"_monsterinsights_skip_tracking":false,"_monsterinsights_sitenote_active":false,"_monsterinsights_sitenote_note":"","_monsterinsights_sitenote_category":0,"footnotes":""},"class_list":["post-980","page","type-page","status-publish","hentry"],"yoast_head":"<!-- This site is optimized with the Yoast SEO plugin v27.4 - https:\/\/yoast.com\/product\/yoast-seo-wordpress\/ -->\n<title>Bows, Arrows and Spears of North America, Canada and Greenland, Volume 2 - WiethaseVerlag<\/title>\n<meta name=\"description\" content=\"North America geographically includes the United States of America with its northernmost state Alaska and Canada.In this second volume, the arrows, bows and spears of the natives of Canada and Greenland are dealt with in detail. This is followed by the chapters on arrow wounds, arrow and spear poisons as well as spear throwers and blowguns from North America, Canada and Greenland.In addition to the rich quotations from various sources and the illustrations from them, the work is richly provided with photographs of pieces from museums and private collections, as well as with explanatory maps.With more than 1200 illustrations, mostly in colour, as well as 10 plates on 212 pages.The first volume with the United States of America with Alaska has 480 pages and is available under the ISBN 978-3-948396-22-0\" \/>\n<meta name=\"robots\" content=\"index, follow, max-snippet:-1, max-image-preview:large, max-video-preview:-1\" \/>\n<link rel=\"canonical\" href=\"https:\/\/verlag.wiethase.de\/?page_id=980\" \/>\n<meta property=\"og:locale\" content=\"de_DE\" \/>\n<meta property=\"og:type\" content=\"article\" \/>\n<meta property=\"og:title\" content=\"Bows, Arrows and Spears of North America, Canada and Greenland, Volume 2 - WiethaseVerlag\" \/>\n<meta property=\"og:description\" content=\"North America geographically includes the United States of America with its northernmost state Alaska and Canada.In this second volume, the arrows, bows and spears of the natives of Canada and Greenland are dealt with in detail. This is followed by the chapters on arrow wounds, arrow and spear poisons as well as spear throwers and blowguns from North America, Canada and Greenland.In addition to the rich quotations from various sources and the illustrations from them, the work is richly provided with photographs of pieces from museums and private collections, as well as with explanatory maps.With more than 1200 illustrations, mostly in colour, as well as 10 plates on 212 pages.The first volume with the United States of America with Alaska has 480 pages and is available under the ISBN 978-3-948396-22-0\" \/>\n<meta property=\"og:url\" content=\"https:\/\/verlag.wiethase.de\/?page_id=980\" \/>\n<meta property=\"og:site_name\" content=\"WiethaseVerlag\" \/>\n<meta property=\"article:publisher\" content=\"https:\/\/www.facebook.com\/profile.php?id=100063974142366\" \/>\n<meta property=\"article:modified_time\" content=\"2024-06-24T09:58:06+00:00\" \/>\n<meta property=\"og:image\" content=\"https:\/\/verlag.wiethase.de\/wp-content\/uploads\/2023\/08\/Northamerica-Cover-Englisch-Volume-2-736x1024.jpg\" \/>\n<meta name=\"twitter:card\" content=\"summary_large_image\" \/>\n<meta name=\"twitter:label1\" content=\"Gesch\u00e4tzte Lesezeit\" \/>\n\t<meta name=\"twitter:data1\" content=\"3\u00a0Minuten\" \/>\n<script type=\"application\/ld+json\" class=\"yoast-schema-graph\">{\"@context\":\"https:\\\/\\\/schema.org\",\"@graph\":[{\"@type\":\"WebPage\",\"@id\":\"https:\\\/\\\/verlag.wiethase.de\\\/?page_id=980\",\"url\":\"https:\\\/\\\/verlag.wiethase.de\\\/?page_id=980\",\"name\":\"Bows, Arrows and Spears of North America, Canada and Greenland, Volume 2 - WiethaseVerlag\",\"isPartOf\":{\"@id\":\"https:\\\/\\\/verlag.wiethase.de\\\/#website\"},\"primaryImageOfPage\":{\"@id\":\"https:\\\/\\\/verlag.wiethase.de\\\/?page_id=980#primaryimage\"},\"image\":{\"@id\":\"https:\\\/\\\/verlag.wiethase.de\\\/?page_id=980#primaryimage\"},\"thumbnailUrl\":\"https:\\\/\\\/verlag.wiethase.de\\\/wp-content\\\/uploads\\\/2023\\\/08\\\/Northamerica-Cover-Englisch-Volume-2-736x1024.jpg\",\"datePublished\":\"2023-08-30T11:31:33+00:00\",\"dateModified\":\"2024-06-24T09:58:06+00:00\",\"description\":\"North America geographically includes the United States of America with its northernmost state Alaska and Canada.In this second volume, the arrows, bows and spears of the natives of Canada and Greenland are dealt with in detail. This is followed by the chapters on arrow wounds, arrow and spear poisons as well as spear throwers and blowguns from North America, Canada and Greenland.In addition to the rich quotations from various sources and the illustrations from them, the work is richly provided with photographs of pieces from museums and private collections, as well as with explanatory maps.With more than 1200 illustrations, mostly in colour, as well as 10 plates on 212 pages.The first volume with the United States of America with Alaska has 480 pages and is available under the ISBN 978-3-948396-22-0\",\"breadcrumb\":{\"@id\":\"https:\\\/\\\/verlag.wiethase.de\\\/?page_id=980#breadcrumb\"},\"inLanguage\":\"de\",\"potentialAction\":[{\"@type\":\"ReadAction\",\"target\":[\"https:\\\/\\\/verlag.wiethase.de\\\/?page_id=980\"]}]},{\"@type\":\"ImageObject\",\"inLanguage\":\"de\",\"@id\":\"https:\\\/\\\/verlag.wiethase.de\\\/?page_id=980#primaryimage\",\"url\":\"https:\\\/\\\/verlag.wiethase.de\\\/wp-content\\\/uploads\\\/2023\\\/08\\\/Northamerica-Cover-Englisch-Volume-2-scaled.jpg\",\"contentUrl\":\"https:\\\/\\\/verlag.wiethase.de\\\/wp-content\\\/uploads\\\/2023\\\/08\\\/Northamerica-Cover-Englisch-Volume-2-scaled.jpg\",\"width\":1839,\"height\":2560},{\"@type\":\"BreadcrumbList\",\"@id\":\"https:\\\/\\\/verlag.wiethase.de\\\/?page_id=980#breadcrumb\",\"itemListElement\":[{\"@type\":\"ListItem\",\"position\":1,\"name\":\"Startseite\",\"item\":\"https:\\\/\\\/verlag.wiethase.de\\\/\"},{\"@type\":\"ListItem\",\"position\":2,\"name\":\"Archery books\",\"item\":\"https:\\\/\\\/verlag.wiethase.de\\\/?page_id=388\"},{\"@type\":\"ListItem\",\"position\":3,\"name\":\"Bows, Arrows and Spears of North America, Canada and Greenland, Volume 2\"}]},{\"@type\":\"WebSite\",\"@id\":\"https:\\\/\\\/verlag.wiethase.de\\\/#website\",\"url\":\"https:\\\/\\\/verlag.wiethase.de\\\/\",\"name\":\"WiethaseVerlag\",\"description\":\"B\u00fccher - DVD - H\u00f6rb\u00fccher\",\"publisher\":{\"@id\":\"https:\\\/\\\/verlag.wiethase.de\\\/#organization\"},\"potentialAction\":[{\"@type\":\"SearchAction\",\"target\":{\"@type\":\"EntryPoint\",\"urlTemplate\":\"https:\\\/\\\/verlag.wiethase.de\\\/?s={search_term_string}\"},\"query-input\":{\"@type\":\"PropertyValueSpecification\",\"valueRequired\":true,\"valueName\":\"search_term_string\"}}],\"inLanguage\":\"de\"},{\"@type\":\"Organization\",\"@id\":\"https:\\\/\\\/verlag.wiethase.de\\\/#organization\",\"name\":\"Wiethase Verlag\",\"url\":\"https:\\\/\\\/verlag.wiethase.de\\\/\",\"logo\":{\"@type\":\"ImageObject\",\"inLanguage\":\"de\",\"@id\":\"https:\\\/\\\/verlag.wiethase.de\\\/#\\\/schema\\\/logo\\\/image\\\/\",\"url\":\"https:\\\/\\\/verlag.wiethase.de\\\/wp-content\\\/uploads\\\/2022\\\/07\\\/logo-verlag.jpg\",\"contentUrl\":\"https:\\\/\\\/verlag.wiethase.de\\\/wp-content\\\/uploads\\\/2022\\\/07\\\/logo-verlag.jpg\",\"width\":790,\"height\":514,\"caption\":\"Wiethase Verlag\"},\"image\":{\"@id\":\"https:\\\/\\\/verlag.wiethase.de\\\/#\\\/schema\\\/logo\\\/image\\\/\"},\"sameAs\":[\"https:\\\/\\\/www.facebook.com\\\/profile.php?id=100063974142366\"]}]}<\/script>\n<!-- \/ Yoast SEO plugin. -->","yoast_head_json":{"title":"Bows, Arrows and Spears of North America, Canada and Greenland, Volume 2 - WiethaseVerlag","description":"North America geographically includes the United States of America with its northernmost state Alaska and Canada.In this second volume, the arrows, bows and spears of the natives of Canada and Greenland are dealt with in detail. This is followed by the chapters on arrow wounds, arrow and spear poisons as well as spear throwers and blowguns from North America, Canada and Greenland.In addition to the rich quotations from various sources and the illustrations from them, the work is richly provided with photographs of pieces from museums and private collections, as well as with explanatory maps.With more than 1200 illustrations, mostly in colour, as well as 10 plates on 212 pages.The first volume with the United States of America with Alaska has 480 pages and is available under the ISBN 978-3-948396-22-0","robots":{"index":"index","follow":"follow","max-snippet":"max-snippet:-1","max-image-preview":"max-image-preview:large","max-video-preview":"max-video-preview:-1"},"canonical":"https:\/\/verlag.wiethase.de\/?page_id=980","og_locale":"de_DE","og_type":"article","og_title":"Bows, Arrows and Spears of North America, Canada and Greenland, Volume 2 - WiethaseVerlag","og_description":"North America geographically includes the United States of America with its northernmost state Alaska and Canada.In this second volume, the arrows, bows and spears of the natives of Canada and Greenland are dealt with in detail. This is followed by the chapters on arrow wounds, arrow and spear poisons as well as spear throwers and blowguns from North America, Canada and Greenland.In addition to the rich quotations from various sources and the illustrations from them, the work is richly provided with photographs of pieces from museums and private collections, as well as with explanatory maps.With more than 1200 illustrations, mostly in colour, as well as 10 plates on 212 pages.The first volume with the United States of America with Alaska has 480 pages and is available under the ISBN 978-3-948396-22-0","og_url":"https:\/\/verlag.wiethase.de\/?page_id=980","og_site_name":"WiethaseVerlag","article_publisher":"https:\/\/www.facebook.com\/profile.php?id=100063974142366","article_modified_time":"2024-06-24T09:58:06+00:00","og_image":[{"url":"https:\/\/verlag.wiethase.de\/wp-content\/uploads\/2023\/08\/Northamerica-Cover-Englisch-Volume-2-736x1024.jpg","type":"","width":"","height":""}],"twitter_card":"summary_large_image","twitter_misc":{"Gesch\u00e4tzte Lesezeit":"3\u00a0Minuten"},"schema":{"@context":"https:\/\/schema.org","@graph":[{"@type":"WebPage","@id":"https:\/\/verlag.wiethase.de\/?page_id=980","url":"https:\/\/verlag.wiethase.de\/?page_id=980","name":"Bows, Arrows and Spears of North America, Canada and Greenland, Volume 2 - WiethaseVerlag","isPartOf":{"@id":"https:\/\/verlag.wiethase.de\/#website"},"primaryImageOfPage":{"@id":"https:\/\/verlag.wiethase.de\/?page_id=980#primaryimage"},"image":{"@id":"https:\/\/verlag.wiethase.de\/?page_id=980#primaryimage"},"thumbnailUrl":"https:\/\/verlag.wiethase.de\/wp-content\/uploads\/2023\/08\/Northamerica-Cover-Englisch-Volume-2-736x1024.jpg","datePublished":"2023-08-30T11:31:33+00:00","dateModified":"2024-06-24T09:58:06+00:00","description":"North America geographically includes the United States of America with its northernmost state Alaska and Canada.In this second volume, the arrows, bows and spears of the natives of Canada and Greenland are dealt with in detail. This is followed by the chapters on arrow wounds, arrow and spear poisons as well as spear throwers and blowguns from North America, Canada and Greenland.In addition to the rich quotations from various sources and the illustrations from them, the work is richly provided with photographs of pieces from museums and private collections, as well as with explanatory maps.With more than 1200 illustrations, mostly in colour, as well as 10 plates on 212 pages.The first volume with the United States of America with Alaska has 480 pages and is available under the ISBN 978-3-948396-22-0","breadcrumb":{"@id":"https:\/\/verlag.wiethase.de\/?page_id=980#breadcrumb"},"inLanguage":"de","potentialAction":[{"@type":"ReadAction","target":["https:\/\/verlag.wiethase.de\/?page_id=980"]}]},{"@type":"ImageObject","inLanguage":"de","@id":"https:\/\/verlag.wiethase.de\/?page_id=980#primaryimage","url":"https:\/\/verlag.wiethase.de\/wp-content\/uploads\/2023\/08\/Northamerica-Cover-Englisch-Volume-2-scaled.jpg","contentUrl":"https:\/\/verlag.wiethase.de\/wp-content\/uploads\/2023\/08\/Northamerica-Cover-Englisch-Volume-2-scaled.jpg","width":1839,"height":2560},{"@type":"BreadcrumbList","@id":"https:\/\/verlag.wiethase.de\/?page_id=980#breadcrumb","itemListElement":[{"@type":"ListItem","position":1,"name":"Startseite","item":"https:\/\/verlag.wiethase.de\/"},{"@type":"ListItem","position":2,"name":"Archery books","item":"https:\/\/verlag.wiethase.de\/?page_id=388"},{"@type":"ListItem","position":3,"name":"Bows, Arrows and Spears of North America, Canada and Greenland, Volume 2"}]},{"@type":"WebSite","@id":"https:\/\/verlag.wiethase.de\/#website","url":"https:\/\/verlag.wiethase.de\/","name":"WiethaseVerlag","description":"B\u00fccher - DVD - H\u00f6rb\u00fccher","publisher":{"@id":"https:\/\/verlag.wiethase.de\/#organization"},"potentialAction":[{"@type":"SearchAction","target":{"@type":"EntryPoint","urlTemplate":"https:\/\/verlag.wiethase.de\/?s={search_term_string}"},"query-input":{"@type":"PropertyValueSpecification","valueRequired":true,"valueName":"search_term_string"}}],"inLanguage":"de"},{"@type":"Organization","@id":"https:\/\/verlag.wiethase.de\/#organization","name":"Wiethase Verlag","url":"https:\/\/verlag.wiethase.de\/","logo":{"@type":"ImageObject","inLanguage":"de","@id":"https:\/\/verlag.wiethase.de\/#\/schema\/logo\/image\/","url":"https:\/\/verlag.wiethase.de\/wp-content\/uploads\/2022\/07\/logo-verlag.jpg","contentUrl":"https:\/\/verlag.wiethase.de\/wp-content\/uploads\/2022\/07\/logo-verlag.jpg","width":790,"height":514,"caption":"Wiethase Verlag"},"image":{"@id":"https:\/\/verlag.wiethase.de\/#\/schema\/logo\/image\/"},"sameAs":["https:\/\/www.facebook.com\/profile.php?id=100063974142366"]}]}},"_links":{"self":[{"href":"https:\/\/verlag.wiethase.de\/index.php?rest_route=\/wp\/v2\/pages\/980","targetHints":{"allow":["GET"]}}],"collection":[{"href":"https:\/\/verlag.wiethase.de\/index.php?rest_route=\/wp\/v2\/pages"}],"about":[{"href":"https:\/\/verlag.wiethase.de\/index.php?rest_route=\/wp\/v2\/types\/page"}],"author":[{"embeddable":true,"href":"https:\/\/verlag.wiethase.de\/index.php?rest_route=\/wp\/v2\/users\/1"}],"replies":[{"embeddable":true,"href":"https:\/\/verlag.wiethase.de\/index.php?rest_route=%2Fwp%2Fv2%2Fcomments&post=980"}],"version-history":[{"count":3,"href":"https:\/\/verlag.wiethase.de\/index.php?rest_route=\/wp\/v2\/pages\/980\/revisions"}],"predecessor-version":[{"id":1064,"href":"https:\/\/verlag.wiethase.de\/index.php?rest_route=\/wp\/v2\/pages\/980\/revisions\/1064"}],"up":[{"embeddable":true,"href":"https:\/\/verlag.wiethase.de\/index.php?rest_route=\/wp\/v2\/pages\/388"}],"wp:attachment":[{"href":"https:\/\/verlag.wiethase.de\/index.php?rest_route=%2Fwp%2Fv2%2Fmedia&parent=980"}],"curies":[{"name":"wp","href":"https:\/\/api.w.org\/{rel}","templated":true}]}}