{"id":94,"date":"2014-07-01T10:26:55","date_gmt":"2014-07-01T10:26:55","guid":{"rendered":"http:\/\/verlag.wiethase.de\/?page_id=94"},"modified":"2019-05-21T11:25:34","modified_gmt":"2019-05-21T11:25:34","slug":"reginald-der-jahrhundertbaer","status":"publish","type":"page","link":"https:\/\/verlag.wiethase.de\/?page_id=94","title":{"rendered":"Reginald der Jahrhundertb\u00e4r"},"content":{"rendered":"<p><a href=\"https:\/\/verlag.wiethase.de\/wp-content\/uploads\/2014\/07\/51HZVCbPmiL._SL300_.jpg\"><img loading=\"lazy\" decoding=\"async\" class=\"alignnone size-thumbnail wp-image-95\" src=\"https:\/\/verlag.wiethase.de\/wp-content\/uploads\/2014\/07\/51HZVCbPmiL._SL300_-150x150.jpg\" alt=\"51HZVCbPmiL._SL300_\" width=\"150\" height=\"150\" srcset=\"https:\/\/verlag.wiethase.de\/wp-content\/uploads\/2014\/07\/51HZVCbPmiL._SL300_-150x150.jpg 150w, https:\/\/verlag.wiethase.de\/wp-content\/uploads\/2014\/07\/51HZVCbPmiL._SL300_.jpg 300w\" sizes=\"auto, (max-width: 150px) 100vw, 150px\" \/><\/a><\/p>\n<ul style=\"color: #333333;\">\n<li class=\"adbl-author-row\"><span class=\"adbl-label\">Autor:<\/span>&nbsp;<span class=\"adbl-prod-author\" style=\"font-weight: bold;\"><a id=\"AuthorSearchLink\" class=\"adbl-link\" style=\"color: #155799;\" href=\"http:\/\/www.audible.de\/search\/ref=a_pd_Romane_c2_1_auth?searchAuthor=Dorothea+Bartels\">Dorothea Bartels<\/a>,&nbsp;<a id=\"AuthorSearchLink\" class=\"adbl-link\" style=\"color: #155799;\" href=\"http:\/\/www.audible.de\/search\/ref=a_pd_Romane_c2_2_auth?searchAuthor=Hendrik+Wiethase\">Hendrik Wiethase<\/a><\/span><\/li>\n<li class=\"adbl-narrator-row\"><span class=\"adbl-label\">Gesprochen von:<\/span>&nbsp;<span class=\"adbl-prod-author\" style=\"font-weight: bold;\"><a class=\"adbl-link\" style=\"color: #155799;\" href=\"http:\/\/www.audible.de\/search\/ref=a_pd_Romane_c2_1_narr?searchNarrator=Hendrik+Wiethase\">Hendrik Wiethase<\/a><\/span><\/li>\n<li><span class=\"adbl-label\">Spieldauer:<\/span>&nbsp;<span class=\"adbl-run-time\" style=\"font-weight: bold;\">03 Std. 41 Min<\/span><\/li>\n<li><strong>auch erh\u00e4ltlich und probeh\u00f6ren auf audible.de<\/strong><\/li>\n<li>H\u00f6rbuch auf 4 CDs<\/li>\n<\/ul>\n<p>&nbsp;<\/p>\n<p>Reginald, der Jahrhundertb\u00e4r, wird 1905 in der B\u00e4renmanufaktur von Margarete Steiff in Giengen geboren. Thomas Fairyblossom, ein junger K\u00fcnstler, hat ihn dort f\u00fcr seine Nichte Violet, die in Bombay lebt, gekauft. Die Reise dort hin f\u00fchrt Reginald also \u00fcber Salzburg, Wien, Prag und Triest nach Bombay. Violet nimmt ihn mit nach England, wo er nach ihrem Tod mit Richard, dem Sohn des Chauffeurs der Familie nach Frankreich an die Front gelangt. Richard f\u00e4llt im ersten Weltkrieg und eine Krankenschwester nimmt ihn mit in das Kloster Bonnemont in der Provence. An der Seite eines jungen Mannes reist Reginald nach Amerika und wird dort das Maskottchen des Operns\u00e4ngers Gino Valetti. Nach dessen tragischen Tod erlebt er aufregende Zeiten in \u00c4gypten und gelangt dann, Ende des Zweiten Weltkrieges, nach London. Er \u00fcbersteht einen Bombenangriff und bleibt viele Jahre bei Kommissar S\u00f6derstr\u00f6m. Nach dessen Tod wartet er auf dem Dachboden einer Berliner Villa auf seine Entdeckung. Reginalds bester Freund auf all diesen Reisen ist Shari, ein uralter Luftgeist, der mit ihm allerlei traumhafte Abenteuer erlebt. Dorothea Bartels hat Reginald, das Original zusammen mit einem Koffer voller Bilder auf einer B\u00e4renmesse gekauft.<\/p>\n<p>&nbsp;<\/p>\n<p>&nbsp;<\/p>\n","protected":false},"excerpt":{"rendered":"<p>Autor:&nbsp;Dorothea Bartels,&nbsp;Hendrik Wiethase Gesprochen von:&nbsp;Hendrik Wiethase Spieldauer:&nbsp;03 Std. 41 Min auch erh\u00e4ltlich und probeh\u00f6ren auf audible.de H\u00f6rbuch auf 4 CDs &nbsp; Reginald, der Jahrhundertb\u00e4r, wird 1905 in der B\u00e4renmanufaktur von Margarete Steiff in Giengen geboren. Thomas Fairyblossom, ein junger K\u00fcnstler, &hellip; <a href=\"https:\/\/verlag.wiethase.de\/?page_id=94\">Weiterlesen <span class=\"meta-nav\">&rarr;<\/span><\/a><\/p>\n","protected":false},"author":1,"featured_media":129,"parent":561,"menu_order":0,"comment_status":"open","ping_status":"open","template":"showcase.php","meta":{"_monsterinsights_skip_tracking":false,"_monsterinsights_sitenote_active":false,"_monsterinsights_sitenote_note":"","_monsterinsights_sitenote_category":0,"footnotes":""},"class_list":["post-94","page","type-page","status-publish","has-post-thumbnail","hentry"],"yoast_head":"<!-- This site is optimized with the Yoast SEO plugin v27.4 - https:\/\/yoast.com\/product\/yoast-seo-wordpress\/ -->\n<title>Reginald der Jahrhundertb\u00e4r - WiethaseVerlag<\/title>\n<meta name=\"robots\" content=\"index, follow, max-snippet:-1, max-image-preview:large, max-video-preview:-1\" \/>\n<link rel=\"canonical\" href=\"https:\/\/verlag.wiethase.de\/?page_id=94\" \/>\n<meta property=\"og:locale\" content=\"de_DE\" \/>\n<meta property=\"og:type\" content=\"article\" \/>\n<meta property=\"og:title\" content=\"Reginald der Jahrhundertb\u00e4r - WiethaseVerlag\" \/>\n<meta property=\"og:description\" content=\"Autor:&nbsp;Dorothea Bartels,&nbsp;Hendrik Wiethase Gesprochen von:&nbsp;Hendrik Wiethase Spieldauer:&nbsp;03 Std. 41 Min auch erh\u00e4ltlich und probeh\u00f6ren auf audible.de H\u00f6rbuch auf 4 CDs &nbsp; Reginald, der Jahrhundertb\u00e4r, wird 1905 in der B\u00e4renmanufaktur von Margarete Steiff in Giengen geboren. Thomas Fairyblossom, ein junger K\u00fcnstler, &hellip; Weiterlesen &rarr;\" \/>\n<meta property=\"og:url\" content=\"https:\/\/verlag.wiethase.de\/?page_id=94\" \/>\n<meta property=\"og:site_name\" content=\"WiethaseVerlag\" \/>\n<meta property=\"article:publisher\" content=\"https:\/\/www.facebook.com\/profile.php?id=100063974142366\" \/>\n<meta property=\"article:modified_time\" content=\"2019-05-21T11:25:34+00:00\" \/>\n<meta property=\"og:image\" content=\"https:\/\/verlag.wiethase.de\/wp-content\/uploads\/2014\/07\/1111.jpg\" \/>\n\t<meta property=\"og:image:width\" content=\"1712\" \/>\n\t<meta property=\"og:image:height\" content=\"660\" \/>\n\t<meta property=\"og:image:type\" content=\"image\/jpeg\" \/>\n<meta name=\"twitter:card\" content=\"summary_large_image\" \/>\n<meta name=\"twitter:label1\" content=\"Gesch\u00e4tzte Lesezeit\" \/>\n\t<meta name=\"twitter:data1\" content=\"1\u00a0Minute\" \/>\n<script type=\"application\/ld+json\" class=\"yoast-schema-graph\">{\"@context\":\"https:\\\/\\\/schema.org\",\"@graph\":[{\"@type\":\"WebPage\",\"@id\":\"https:\\\/\\\/verlag.wiethase.de\\\/?page_id=94\",\"url\":\"https:\\\/\\\/verlag.wiethase.de\\\/?page_id=94\",\"name\":\"Reginald der Jahrhundertb\u00e4r - WiethaseVerlag\",\"isPartOf\":{\"@id\":\"https:\\\/\\\/verlag.wiethase.de\\\/#website\"},\"primaryImageOfPage\":{\"@id\":\"https:\\\/\\\/verlag.wiethase.de\\\/?page_id=94#primaryimage\"},\"image\":{\"@id\":\"https:\\\/\\\/verlag.wiethase.de\\\/?page_id=94#primaryimage\"},\"thumbnailUrl\":\"https:\\\/\\\/verlag.wiethase.de\\\/wp-content\\\/uploads\\\/2014\\\/07\\\/1111.jpg\",\"datePublished\":\"2014-07-01T10:26:55+00:00\",\"dateModified\":\"2019-05-21T11:25:34+00:00\",\"breadcrumb\":{\"@id\":\"https:\\\/\\\/verlag.wiethase.de\\\/?page_id=94#breadcrumb\"},\"inLanguage\":\"de\",\"potentialAction\":[{\"@type\":\"ReadAction\",\"target\":[\"https:\\\/\\\/verlag.wiethase.de\\\/?page_id=94\"]}]},{\"@type\":\"ImageObject\",\"inLanguage\":\"de\",\"@id\":\"https:\\\/\\\/verlag.wiethase.de\\\/?page_id=94#primaryimage\",\"url\":\"https:\\\/\\\/verlag.wiethase.de\\\/wp-content\\\/uploads\\\/2014\\\/07\\\/1111.jpg\",\"contentUrl\":\"https:\\\/\\\/verlag.wiethase.de\\\/wp-content\\\/uploads\\\/2014\\\/07\\\/1111.jpg\",\"width\":1712,\"height\":660},{\"@type\":\"BreadcrumbList\",\"@id\":\"https:\\\/\\\/verlag.wiethase.de\\\/?page_id=94#breadcrumb\",\"itemListElement\":[{\"@type\":\"ListItem\",\"position\":1,\"name\":\"Startseite\",\"item\":\"https:\\\/\\\/verlag.wiethase.de\\\/\"},{\"@type\":\"ListItem\",\"position\":2,\"name\":\"H\u00f6rb\u00fccher &#8211; Audiobooks\",\"item\":\"https:\\\/\\\/verlag.wiethase.de\\\/?page_id=561\"},{\"@type\":\"ListItem\",\"position\":3,\"name\":\"Reginald der Jahrhundertb\u00e4r\"}]},{\"@type\":\"WebSite\",\"@id\":\"https:\\\/\\\/verlag.wiethase.de\\\/#website\",\"url\":\"https:\\\/\\\/verlag.wiethase.de\\\/\",\"name\":\"WiethaseVerlag\",\"description\":\"B\u00fccher - DVD - H\u00f6rb\u00fccher\",\"publisher\":{\"@id\":\"https:\\\/\\\/verlag.wiethase.de\\\/#organization\"},\"potentialAction\":[{\"@type\":\"SearchAction\",\"target\":{\"@type\":\"EntryPoint\",\"urlTemplate\":\"https:\\\/\\\/verlag.wiethase.de\\\/?s={search_term_string}\"},\"query-input\":{\"@type\":\"PropertyValueSpecification\",\"valueRequired\":true,\"valueName\":\"search_term_string\"}}],\"inLanguage\":\"de\"},{\"@type\":\"Organization\",\"@id\":\"https:\\\/\\\/verlag.wiethase.de\\\/#organization\",\"name\":\"Wiethase Verlag\",\"url\":\"https:\\\/\\\/verlag.wiethase.de\\\/\",\"logo\":{\"@type\":\"ImageObject\",\"inLanguage\":\"de\",\"@id\":\"https:\\\/\\\/verlag.wiethase.de\\\/#\\\/schema\\\/logo\\\/image\\\/\",\"url\":\"https:\\\/\\\/verlag.wiethase.de\\\/wp-content\\\/uploads\\\/2022\\\/07\\\/logo-verlag.jpg\",\"contentUrl\":\"https:\\\/\\\/verlag.wiethase.de\\\/wp-content\\\/uploads\\\/2022\\\/07\\\/logo-verlag.jpg\",\"width\":790,\"height\":514,\"caption\":\"Wiethase Verlag\"},\"image\":{\"@id\":\"https:\\\/\\\/verlag.wiethase.de\\\/#\\\/schema\\\/logo\\\/image\\\/\"},\"sameAs\":[\"https:\\\/\\\/www.facebook.com\\\/profile.php?id=100063974142366\"]}]}<\/script>\n<!-- \/ Yoast SEO plugin. -->","yoast_head_json":{"title":"Reginald der Jahrhundertb\u00e4r - WiethaseVerlag","robots":{"index":"index","follow":"follow","max-snippet":"max-snippet:-1","max-image-preview":"max-image-preview:large","max-video-preview":"max-video-preview:-1"},"canonical":"https:\/\/verlag.wiethase.de\/?page_id=94","og_locale":"de_DE","og_type":"article","og_title":"Reginald der Jahrhundertb\u00e4r - WiethaseVerlag","og_description":"Autor:&nbsp;Dorothea Bartels,&nbsp;Hendrik Wiethase Gesprochen von:&nbsp;Hendrik Wiethase Spieldauer:&nbsp;03 Std. 41 Min auch erh\u00e4ltlich und probeh\u00f6ren auf audible.de H\u00f6rbuch auf 4 CDs &nbsp; Reginald, der Jahrhundertb\u00e4r, wird 1905 in der B\u00e4renmanufaktur von Margarete Steiff in Giengen geboren. Thomas Fairyblossom, ein junger K\u00fcnstler, &hellip; Weiterlesen &rarr;","og_url":"https:\/\/verlag.wiethase.de\/?page_id=94","og_site_name":"WiethaseVerlag","article_publisher":"https:\/\/www.facebook.com\/profile.php?id=100063974142366","article_modified_time":"2019-05-21T11:25:34+00:00","og_image":[{"width":1712,"height":660,"url":"https:\/\/verlag.wiethase.de\/wp-content\/uploads\/2014\/07\/1111.jpg","type":"image\/jpeg"}],"twitter_card":"summary_large_image","twitter_misc":{"Gesch\u00e4tzte Lesezeit":"1\u00a0Minute"},"schema":{"@context":"https:\/\/schema.org","@graph":[{"@type":"WebPage","@id":"https:\/\/verlag.wiethase.de\/?page_id=94","url":"https:\/\/verlag.wiethase.de\/?page_id=94","name":"Reginald der Jahrhundertb\u00e4r - WiethaseVerlag","isPartOf":{"@id":"https:\/\/verlag.wiethase.de\/#website"},"primaryImageOfPage":{"@id":"https:\/\/verlag.wiethase.de\/?page_id=94#primaryimage"},"image":{"@id":"https:\/\/verlag.wiethase.de\/?page_id=94#primaryimage"},"thumbnailUrl":"https:\/\/verlag.wiethase.de\/wp-content\/uploads\/2014\/07\/1111.jpg","datePublished":"2014-07-01T10:26:55+00:00","dateModified":"2019-05-21T11:25:34+00:00","breadcrumb":{"@id":"https:\/\/verlag.wiethase.de\/?page_id=94#breadcrumb"},"inLanguage":"de","potentialAction":[{"@type":"ReadAction","target":["https:\/\/verlag.wiethase.de\/?page_id=94"]}]},{"@type":"ImageObject","inLanguage":"de","@id":"https:\/\/verlag.wiethase.de\/?page_id=94#primaryimage","url":"https:\/\/verlag.wiethase.de\/wp-content\/uploads\/2014\/07\/1111.jpg","contentUrl":"https:\/\/verlag.wiethase.de\/wp-content\/uploads\/2014\/07\/1111.jpg","width":1712,"height":660},{"@type":"BreadcrumbList","@id":"https:\/\/verlag.wiethase.de\/?page_id=94#breadcrumb","itemListElement":[{"@type":"ListItem","position":1,"name":"Startseite","item":"https:\/\/verlag.wiethase.de\/"},{"@type":"ListItem","position":2,"name":"H\u00f6rb\u00fccher &#8211; Audiobooks","item":"https:\/\/verlag.wiethase.de\/?page_id=561"},{"@type":"ListItem","position":3,"name":"Reginald der Jahrhundertb\u00e4r"}]},{"@type":"WebSite","@id":"https:\/\/verlag.wiethase.de\/#website","url":"https:\/\/verlag.wiethase.de\/","name":"WiethaseVerlag","description":"B\u00fccher - DVD - H\u00f6rb\u00fccher","publisher":{"@id":"https:\/\/verlag.wiethase.de\/#organization"},"potentialAction":[{"@type":"SearchAction","target":{"@type":"EntryPoint","urlTemplate":"https:\/\/verlag.wiethase.de\/?s={search_term_string}"},"query-input":{"@type":"PropertyValueSpecification","valueRequired":true,"valueName":"search_term_string"}}],"inLanguage":"de"},{"@type":"Organization","@id":"https:\/\/verlag.wiethase.de\/#organization","name":"Wiethase Verlag","url":"https:\/\/verlag.wiethase.de\/","logo":{"@type":"ImageObject","inLanguage":"de","@id":"https:\/\/verlag.wiethase.de\/#\/schema\/logo\/image\/","url":"https:\/\/verlag.wiethase.de\/wp-content\/uploads\/2022\/07\/logo-verlag.jpg","contentUrl":"https:\/\/verlag.wiethase.de\/wp-content\/uploads\/2022\/07\/logo-verlag.jpg","width":790,"height":514,"caption":"Wiethase Verlag"},"image":{"@id":"https:\/\/verlag.wiethase.de\/#\/schema\/logo\/image\/"},"sameAs":["https:\/\/www.facebook.com\/profile.php?id=100063974142366"]}]}},"_links":{"self":[{"href":"https:\/\/verlag.wiethase.de\/index.php?rest_route=\/wp\/v2\/pages\/94","targetHints":{"allow":["GET"]}}],"collection":[{"href":"https:\/\/verlag.wiethase.de\/index.php?rest_route=\/wp\/v2\/pages"}],"about":[{"href":"https:\/\/verlag.wiethase.de\/index.php?rest_route=\/wp\/v2\/types\/page"}],"author":[{"embeddable":true,"href":"https:\/\/verlag.wiethase.de\/index.php?rest_route=\/wp\/v2\/users\/1"}],"replies":[{"embeddable":true,"href":"https:\/\/verlag.wiethase.de\/index.php?rest_route=%2Fwp%2Fv2%2Fcomments&post=94"}],"version-history":[{"count":4,"href":"https:\/\/verlag.wiethase.de\/index.php?rest_route=\/wp\/v2\/pages\/94\/revisions"}],"predecessor-version":[{"id":564,"href":"https:\/\/verlag.wiethase.de\/index.php?rest_route=\/wp\/v2\/pages\/94\/revisions\/564"}],"up":[{"embeddable":true,"href":"https:\/\/verlag.wiethase.de\/index.php?rest_route=\/wp\/v2\/pages\/561"}],"wp:featuredmedia":[{"embeddable":true,"href":"https:\/\/verlag.wiethase.de\/index.php?rest_route=\/wp\/v2\/media\/129"}],"wp:attachment":[{"href":"https:\/\/verlag.wiethase.de\/index.php?rest_route=%2Fwp%2Fv2%2Fmedia&parent=94"}],"curies":[{"name":"wp","href":"https:\/\/api.w.org\/{rel}","templated":true}]}}