{"id":937,"date":"2023-08-26T20:59:39","date_gmt":"2023-08-26T20:59:39","guid":{"rendered":"https:\/\/verlag.wiethase.de\/?page_id=937"},"modified":"2024-06-01T13:17:22","modified_gmt":"2024-06-01T13:17:22","slug":"pfeile-bogen-und-speere-nordamerikas-kanadas-und-groenlands-band-2","status":"publish","type":"page","link":"https:\/\/verlag.wiethase.de\/?page_id=937","title":{"rendered":"Pfeile, Bogen und Speere Nordamerikas, Kanadas und Gr\u00f6nlands Band 2"},"content":{"rendered":"\n<figure class=\"wp-block-image size-large\"><a href=\"https:\/\/verlag.wiethase.de\/wp-content\/uploads\/2023\/08\/Umschlag-vorne-Band-2-scaled.jpg\"><img loading=\"lazy\" decoding=\"async\" width=\"727\" height=\"1024\" src=\"https:\/\/verlag.wiethase.de\/wp-content\/uploads\/2023\/08\/Umschlag-vorne-Band-2-727x1024.jpg\" alt=\"\" class=\"wp-image-938\" srcset=\"https:\/\/verlag.wiethase.de\/wp-content\/uploads\/2023\/08\/Umschlag-vorne-Band-2-727x1024.jpg 727w, https:\/\/verlag.wiethase.de\/wp-content\/uploads\/2023\/08\/Umschlag-vorne-Band-2-213x300.jpg 213w, https:\/\/verlag.wiethase.de\/wp-content\/uploads\/2023\/08\/Umschlag-vorne-Band-2-768x1082.jpg 768w, https:\/\/verlag.wiethase.de\/wp-content\/uploads\/2023\/08\/Umschlag-vorne-Band-2-1091x1536.jpg 1091w, https:\/\/verlag.wiethase.de\/wp-content\/uploads\/2023\/08\/Umschlag-vorne-Band-2-1454x2048.jpg 1454w, https:\/\/verlag.wiethase.de\/wp-content\/uploads\/2023\/08\/Umschlag-vorne-Band-2-scaled.jpg 1818w\" sizes=\"auto, (max-width: 727px) 100vw, 727px\" \/><\/a><\/figure>\n\n\n\n<p>Nordamerika Umschlag deutsch<\/p>\n\n\n\n<p><strong>Nordamerika <\/strong>beinhaltet geographisch die <strong>Vereinigten Staaten von Amerika <\/strong>mit ihrem n\u00f6rdlichsten Bundesstaat <strong>Alaska<\/strong>, sowie <strong>Kanada<\/strong>.<\/p>\n\n\n\n<p>Im vorliegenden <strong>zweiten Band <\/strong>werden ausf\u00fchrlich die Pfeile, Bogen und Speere der Ureinwohner Kanadas und Gr\u00f6nlands bearbeitet. Danach folgen noch die Kapitel Pfeilwunden, Pfeil- und Speergifte sowie die Speerschleudern und Blasrohre Nordameri- kas, Kanadas und Gr\u00f6nlands.<\/p>\n\n\n\n<p>Neben den reichhaltigen Zitaten aus ver- schiedenen Quellen und den Abbildungen daraus ist das Werk reich mit Fotografien von St\u00fccken aus Museen und privaten Sammlungen versehen, sowie mit erkl\u00e4r- enden Karten.<\/p>\n\n\n\n<p>Mit mehr als 1200 Abbildungen, gro\u00dfenteils in Farbe, sowie 10 Tafeln auf 212 Seiten.<\/p>\n\n\n\n<p>Der erste Band mit den Vereinigten Staaten von Amerika mit Alaska hat 480 Seiten und ist unter der ISBN 978-3-948396-22-0 erh\u00e4ltlich<\/p>\n\n\n\n<figure class=\"wp-block-gallery has-nested-images columns-default is-cropped wp-block-gallery-1 is-layout-flex wp-block-gallery-is-layout-flex\">\n<figure class=\"wp-block-image size-large\"><a href=\"https:\/\/verlag.wiethase.de\/wp-content\/uploads\/2023\/08\/Nordamerika-Band-1-Korrektur-verschoben-scaled.jpg\"><img loading=\"lazy\" decoding=\"async\" width=\"730\" height=\"1024\" data-id=\"946\" src=\"https:\/\/verlag.wiethase.de\/wp-content\/uploads\/2023\/08\/Nordamerika-Band-1-Korrektur-verschoben-730x1024.jpg\" alt=\"\" class=\"wp-image-946\" srcset=\"https:\/\/verlag.wiethase.de\/wp-content\/uploads\/2023\/08\/Nordamerika-Band-1-Korrektur-verschoben-730x1024.jpg 730w, https:\/\/verlag.wiethase.de\/wp-content\/uploads\/2023\/08\/Nordamerika-Band-1-Korrektur-verschoben-214x300.jpg 214w, https:\/\/verlag.wiethase.de\/wp-content\/uploads\/2023\/08\/Nordamerika-Band-1-Korrektur-verschoben-768x1077.jpg 768w, https:\/\/verlag.wiethase.de\/wp-content\/uploads\/2023\/08\/Nordamerika-Band-1-Korrektur-verschoben-1095x1536.jpg 1095w, https:\/\/verlag.wiethase.de\/wp-content\/uploads\/2023\/08\/Nordamerika-Band-1-Korrektur-verschoben-1460x2048.jpg 1460w, https:\/\/verlag.wiethase.de\/wp-content\/uploads\/2023\/08\/Nordamerika-Band-1-Korrektur-verschoben-scaled.jpg 1825w\" sizes=\"auto, (max-width: 730px) 100vw, 730px\" \/><\/a><\/figure>\n\n\n\n<figure class=\"wp-block-image size-large\"><a href=\"https:\/\/verlag.wiethase.de\/wp-content\/uploads\/2023\/08\/Nordamerikabuch-Deutsch-Band-2-verschoben-1-scaled.jpg\"><img loading=\"lazy\" decoding=\"async\" width=\"730\" height=\"1024\" data-id=\"945\" src=\"https:\/\/verlag.wiethase.de\/wp-content\/uploads\/2023\/08\/Nordamerikabuch-Deutsch-Band-2-verschoben-1-730x1024.jpg\" alt=\"\" class=\"wp-image-945\" srcset=\"https:\/\/verlag.wiethase.de\/wp-content\/uploads\/2023\/08\/Nordamerikabuch-Deutsch-Band-2-verschoben-1-730x1024.jpg 730w, https:\/\/verlag.wiethase.de\/wp-content\/uploads\/2023\/08\/Nordamerikabuch-Deutsch-Band-2-verschoben-1-214x300.jpg 214w, https:\/\/verlag.wiethase.de\/wp-content\/uploads\/2023\/08\/Nordamerikabuch-Deutsch-Band-2-verschoben-1-768x1077.jpg 768w, https:\/\/verlag.wiethase.de\/wp-content\/uploads\/2023\/08\/Nordamerikabuch-Deutsch-Band-2-verschoben-1-1095x1536.jpg 1095w, https:\/\/verlag.wiethase.de\/wp-content\/uploads\/2023\/08\/Nordamerikabuch-Deutsch-Band-2-verschoben-1-1460x2048.jpg 1460w, https:\/\/verlag.wiethase.de\/wp-content\/uploads\/2023\/08\/Nordamerikabuch-Deutsch-Band-2-verschoben-1-scaled.jpg 1825w\" sizes=\"auto, (max-width: 730px) 100vw, 730px\" \/><\/a><\/figure>\n\n\n\n<figure class=\"wp-block-image size-large\"><a href=\"https:\/\/verlag.wiethase.de\/wp-content\/uploads\/2023\/08\/Nordamerikabuch-Deutsch-Band-2-verschoben-2-scaled.jpg\"><img loading=\"lazy\" decoding=\"async\" width=\"730\" height=\"1024\" data-id=\"940\" src=\"https:\/\/verlag.wiethase.de\/wp-content\/uploads\/2023\/08\/Nordamerikabuch-Deutsch-Band-2-verschoben-2-730x1024.jpg\" alt=\"\" class=\"wp-image-940\" srcset=\"https:\/\/verlag.wiethase.de\/wp-content\/uploads\/2023\/08\/Nordamerikabuch-Deutsch-Band-2-verschoben-2-730x1024.jpg 730w, https:\/\/verlag.wiethase.de\/wp-content\/uploads\/2023\/08\/Nordamerikabuch-Deutsch-Band-2-verschoben-2-214x300.jpg 214w, https:\/\/verlag.wiethase.de\/wp-content\/uploads\/2023\/08\/Nordamerikabuch-Deutsch-Band-2-verschoben-2-768x1077.jpg 768w, https:\/\/verlag.wiethase.de\/wp-content\/uploads\/2023\/08\/Nordamerikabuch-Deutsch-Band-2-verschoben-2-1095x1536.jpg 1095w, https:\/\/verlag.wiethase.de\/wp-content\/uploads\/2023\/08\/Nordamerikabuch-Deutsch-Band-2-verschoben-2-1460x2048.jpg 1460w, https:\/\/verlag.wiethase.de\/wp-content\/uploads\/2023\/08\/Nordamerikabuch-Deutsch-Band-2-verschoben-2-scaled.jpg 1825w\" sizes=\"auto, (max-width: 730px) 100vw, 730px\" \/><\/a><\/figure>\n\n\n\n<figure class=\"wp-block-image size-large\"><a href=\"https:\/\/verlag.wiethase.de\/wp-content\/uploads\/2023\/08\/Nordamerikabuch-Deutsch-Band-2-verschoben-3-scaled.jpg\"><img loading=\"lazy\" decoding=\"async\" width=\"730\" height=\"1024\" data-id=\"941\" src=\"https:\/\/verlag.wiethase.de\/wp-content\/uploads\/2023\/08\/Nordamerikabuch-Deutsch-Band-2-verschoben-3-730x1024.jpg\" alt=\"\" class=\"wp-image-941\" srcset=\"https:\/\/verlag.wiethase.de\/wp-content\/uploads\/2023\/08\/Nordamerikabuch-Deutsch-Band-2-verschoben-3-730x1024.jpg 730w, https:\/\/verlag.wiethase.de\/wp-content\/uploads\/2023\/08\/Nordamerikabuch-Deutsch-Band-2-verschoben-3-214x300.jpg 214w, https:\/\/verlag.wiethase.de\/wp-content\/uploads\/2023\/08\/Nordamerikabuch-Deutsch-Band-2-verschoben-3-768x1077.jpg 768w, https:\/\/verlag.wiethase.de\/wp-content\/uploads\/2023\/08\/Nordamerikabuch-Deutsch-Band-2-verschoben-3-1095x1536.jpg 1095w, https:\/\/verlag.wiethase.de\/wp-content\/uploads\/2023\/08\/Nordamerikabuch-Deutsch-Band-2-verschoben-3-1460x2048.jpg 1460w, https:\/\/verlag.wiethase.de\/wp-content\/uploads\/2023\/08\/Nordamerikabuch-Deutsch-Band-2-verschoben-3-scaled.jpg 1825w\" sizes=\"auto, (max-width: 730px) 100vw, 730px\" \/><\/a><\/figure>\n\n\n\n<figure class=\"wp-block-image size-large\"><a href=\"https:\/\/verlag.wiethase.de\/wp-content\/uploads\/2023\/08\/Nordamerikabuch-Deutsch-Band-2-verschoben-4-scaled.jpg\"><img loading=\"lazy\" decoding=\"async\" width=\"730\" height=\"1024\" data-id=\"943\" src=\"https:\/\/verlag.wiethase.de\/wp-content\/uploads\/2023\/08\/Nordamerikabuch-Deutsch-Band-2-verschoben-4-730x1024.jpg\" alt=\"\" class=\"wp-image-943\" srcset=\"https:\/\/verlag.wiethase.de\/wp-content\/uploads\/2023\/08\/Nordamerikabuch-Deutsch-Band-2-verschoben-4-730x1024.jpg 730w, https:\/\/verlag.wiethase.de\/wp-content\/uploads\/2023\/08\/Nordamerikabuch-Deutsch-Band-2-verschoben-4-214x300.jpg 214w, https:\/\/verlag.wiethase.de\/wp-content\/uploads\/2023\/08\/Nordamerikabuch-Deutsch-Band-2-verschoben-4-768x1077.jpg 768w, https:\/\/verlag.wiethase.de\/wp-content\/uploads\/2023\/08\/Nordamerikabuch-Deutsch-Band-2-verschoben-4-1095x1536.jpg 1095w, https:\/\/verlag.wiethase.de\/wp-content\/uploads\/2023\/08\/Nordamerikabuch-Deutsch-Band-2-verschoben-4-1460x2048.jpg 1460w, https:\/\/verlag.wiethase.de\/wp-content\/uploads\/2023\/08\/Nordamerikabuch-Deutsch-Band-2-verschoben-4-scaled.jpg 1825w\" sizes=\"auto, (max-width: 730px) 100vw, 730px\" \/><\/a><\/figure>\n\n\n\n<figure class=\"wp-block-image size-large\"><a href=\"https:\/\/verlag.wiethase.de\/wp-content\/uploads\/2023\/08\/Nordamerikabuch-Deutsch-Band-2-verschoben-5-scaled.jpg\"><img loading=\"lazy\" decoding=\"async\" width=\"730\" height=\"1024\" data-id=\"939\" src=\"https:\/\/verlag.wiethase.de\/wp-content\/uploads\/2023\/08\/Nordamerikabuch-Deutsch-Band-2-verschoben-5-730x1024.jpg\" alt=\"\" class=\"wp-image-939\" srcset=\"https:\/\/verlag.wiethase.de\/wp-content\/uploads\/2023\/08\/Nordamerikabuch-Deutsch-Band-2-verschoben-5-730x1024.jpg 730w, https:\/\/verlag.wiethase.de\/wp-content\/uploads\/2023\/08\/Nordamerikabuch-Deutsch-Band-2-verschoben-5-214x300.jpg 214w, https:\/\/verlag.wiethase.de\/wp-content\/uploads\/2023\/08\/Nordamerikabuch-Deutsch-Band-2-verschoben-5-768x1077.jpg 768w, https:\/\/verlag.wiethase.de\/wp-content\/uploads\/2023\/08\/Nordamerikabuch-Deutsch-Band-2-verschoben-5-1095x1536.jpg 1095w, https:\/\/verlag.wiethase.de\/wp-content\/uploads\/2023\/08\/Nordamerikabuch-Deutsch-Band-2-verschoben-5-1460x2048.jpg 1460w, https:\/\/verlag.wiethase.de\/wp-content\/uploads\/2023\/08\/Nordamerikabuch-Deutsch-Band-2-verschoben-5-scaled.jpg 1825w\" sizes=\"auto, (max-width: 730px) 100vw, 730px\" \/><\/a><\/figure>\n\n\n\n<figure class=\"wp-block-image size-large\"><a href=\"https:\/\/verlag.wiethase.de\/wp-content\/uploads\/2023\/08\/Nordamerikabuch-Deutsch-Band-2-verschoben-6-scaled.jpg\"><img loading=\"lazy\" decoding=\"async\" width=\"730\" height=\"1024\" data-id=\"944\" src=\"https:\/\/verlag.wiethase.de\/wp-content\/uploads\/2023\/08\/Nordamerikabuch-Deutsch-Band-2-verschoben-6-730x1024.jpg\" alt=\"\" class=\"wp-image-944\" srcset=\"https:\/\/verlag.wiethase.de\/wp-content\/uploads\/2023\/08\/Nordamerikabuch-Deutsch-Band-2-verschoben-6-730x1024.jpg 730w, https:\/\/verlag.wiethase.de\/wp-content\/uploads\/2023\/08\/Nordamerikabuch-Deutsch-Band-2-verschoben-6-214x300.jpg 214w, https:\/\/verlag.wiethase.de\/wp-content\/uploads\/2023\/08\/Nordamerikabuch-Deutsch-Band-2-verschoben-6-768x1077.jpg 768w, https:\/\/verlag.wiethase.de\/wp-content\/uploads\/2023\/08\/Nordamerikabuch-Deutsch-Band-2-verschoben-6-1095x1536.jpg 1095w, https:\/\/verlag.wiethase.de\/wp-content\/uploads\/2023\/08\/Nordamerikabuch-Deutsch-Band-2-verschoben-6-1460x2048.jpg 1460w, https:\/\/verlag.wiethase.de\/wp-content\/uploads\/2023\/08\/Nordamerikabuch-Deutsch-Band-2-verschoben-6-scaled.jpg 1825w\" sizes=\"auto, (max-width: 730px) 100vw, 730px\" \/><\/a><\/figure>\n\n\n\n<figure class=\"wp-block-image size-large\"><a href=\"https:\/\/verlag.wiethase.de\/wp-content\/uploads\/2023\/08\/Nordamerikabuch-Deutsch-Band-2-verschoben-7-scaled.jpg\"><img loading=\"lazy\" decoding=\"async\" width=\"730\" height=\"1024\" data-id=\"942\" src=\"https:\/\/verlag.wiethase.de\/wp-content\/uploads\/2023\/08\/Nordamerikabuch-Deutsch-Band-2-verschoben-7-730x1024.jpg\" alt=\"\" class=\"wp-image-942\" srcset=\"https:\/\/verlag.wiethase.de\/wp-content\/uploads\/2023\/08\/Nordamerikabuch-Deutsch-Band-2-verschoben-7-730x1024.jpg 730w, https:\/\/verlag.wiethase.de\/wp-content\/uploads\/2023\/08\/Nordamerikabuch-Deutsch-Band-2-verschoben-7-214x300.jpg 214w, https:\/\/verlag.wiethase.de\/wp-content\/uploads\/2023\/08\/Nordamerikabuch-Deutsch-Band-2-verschoben-7-768x1077.jpg 768w, https:\/\/verlag.wiethase.de\/wp-content\/uploads\/2023\/08\/Nordamerikabuch-Deutsch-Band-2-verschoben-7-1095x1536.jpg 1095w, https:\/\/verlag.wiethase.de\/wp-content\/uploads\/2023\/08\/Nordamerikabuch-Deutsch-Band-2-verschoben-7-1460x2048.jpg 1460w, https:\/\/verlag.wiethase.de\/wp-content\/uploads\/2023\/08\/Nordamerikabuch-Deutsch-Band-2-verschoben-7-scaled.jpg 1825w\" sizes=\"auto, (max-width: 730px) 100vw, 730px\" \/><\/a><\/figure>\n<\/figure>\n\n\n\n<p><\/p>\n\n\n\n<p>ISBN 978-3-948396-24-4 212 Seiten im Hardcvover mit Fadenbindung auf Kunstdruck-Papier <\/p>\n\n\n\n<p>f\u00fcr 69.- Euro. (in \u00d6sterreich und der Schweiz 71,50 Euro)<\/p>\n\n\n\n<p><strong>Bei Bestellung direkt beim Verlag (info@wiethase.de) versende ich innerhalb Deutschlands an Privatkunden und Institutionen auf Anfrage und Vorauskasse gerne portofrei.<\/strong><\/p>\n","protected":false},"excerpt":{"rendered":"<p>Nordamerika Umschlag deutsch Nordamerika beinhaltet geographisch die Vereinigten Staaten von Amerika mit ihrem n\u00f6rdlichsten Bundesstaat Alaska, sowie Kanada. Im vorliegenden zweiten Band werden ausf\u00fchrlich die Pfeile, Bogen und Speere der Ureinwohner Kanadas und Gr\u00f6nlands bearbeitet. Danach folgen noch die Kapitel &hellip; <a href=\"https:\/\/verlag.wiethase.de\/?page_id=937\">Weiterlesen <span class=\"meta-nav\">&rarr;<\/span><\/a><\/p>\n","protected":false},"author":1,"featured_media":0,"parent":383,"menu_order":2,"comment_status":"closed","ping_status":"closed","template":"","meta":{"_monsterinsights_skip_tracking":false,"_monsterinsights_sitenote_active":false,"_monsterinsights_sitenote_note":"","_monsterinsights_sitenote_category":0,"footnotes":""},"class_list":["post-937","page","type-page","status-publish","hentry"],"yoast_head":"<!-- This site is optimized with the Yoast SEO plugin v27.4 - https:\/\/yoast.com\/product\/yoast-seo-wordpress\/ -->\n<title>Pfeile, Bogen und Speere Nordamerikas, Kanadas und Gr\u00f6nlands Band 2 - WiethaseVerlag<\/title>\n<meta name=\"robots\" content=\"index, follow, max-snippet:-1, max-image-preview:large, max-video-preview:-1\" \/>\n<link rel=\"canonical\" href=\"https:\/\/verlag.wiethase.de\/?page_id=937\" \/>\n<meta property=\"og:locale\" content=\"de_DE\" \/>\n<meta property=\"og:type\" content=\"article\" \/>\n<meta property=\"og:title\" content=\"Pfeile, Bogen und Speere Nordamerikas, Kanadas und Gr\u00f6nlands Band 2 - WiethaseVerlag\" \/>\n<meta property=\"og:description\" content=\"Nordamerika Umschlag deutsch Nordamerika beinhaltet geographisch die Vereinigten Staaten von Amerika mit ihrem n\u00f6rdlichsten Bundesstaat Alaska, sowie Kanada. Im vorliegenden zweiten Band werden ausf\u00fchrlich die Pfeile, Bogen und Speere der Ureinwohner Kanadas und Gr\u00f6nlands bearbeitet. Danach folgen noch die Kapitel &hellip; Weiterlesen &rarr;\" \/>\n<meta property=\"og:url\" content=\"https:\/\/verlag.wiethase.de\/?page_id=937\" \/>\n<meta property=\"og:site_name\" content=\"WiethaseVerlag\" \/>\n<meta property=\"article:publisher\" content=\"https:\/\/www.facebook.com\/profile.php?id=100063974142366\" \/>\n<meta property=\"article:modified_time\" content=\"2024-06-01T13:17:22+00:00\" \/>\n<meta property=\"og:image\" content=\"https:\/\/verlag.wiethase.de\/wp-content\/uploads\/2023\/08\/Umschlag-vorne-Band-2-727x1024.jpg\" \/>\n<meta name=\"twitter:card\" content=\"summary_large_image\" \/>\n<meta name=\"twitter:label1\" content=\"Gesch\u00e4tzte Lesezeit\" \/>\n\t<meta name=\"twitter:data1\" content=\"3\u00a0Minuten\" \/>\n<script type=\"application\/ld+json\" class=\"yoast-schema-graph\">{\"@context\":\"https:\\\/\\\/schema.org\",\"@graph\":[{\"@type\":\"WebPage\",\"@id\":\"https:\\\/\\\/verlag.wiethase.de\\\/?page_id=937\",\"url\":\"https:\\\/\\\/verlag.wiethase.de\\\/?page_id=937\",\"name\":\"Pfeile, Bogen und Speere Nordamerikas, Kanadas und Gr\u00f6nlands Band 2 - WiethaseVerlag\",\"isPartOf\":{\"@id\":\"https:\\\/\\\/verlag.wiethase.de\\\/#website\"},\"primaryImageOfPage\":{\"@id\":\"https:\\\/\\\/verlag.wiethase.de\\\/?page_id=937#primaryimage\"},\"image\":{\"@id\":\"https:\\\/\\\/verlag.wiethase.de\\\/?page_id=937#primaryimage\"},\"thumbnailUrl\":\"https:\\\/\\\/verlag.wiethase.de\\\/wp-content\\\/uploads\\\/2023\\\/08\\\/Umschlag-vorne-Band-2-727x1024.jpg\",\"datePublished\":\"2023-08-26T20:59:39+00:00\",\"dateModified\":\"2024-06-01T13:17:22+00:00\",\"breadcrumb\":{\"@id\":\"https:\\\/\\\/verlag.wiethase.de\\\/?page_id=937#breadcrumb\"},\"inLanguage\":\"de\",\"potentialAction\":[{\"@type\":\"ReadAction\",\"target\":[\"https:\\\/\\\/verlag.wiethase.de\\\/?page_id=937\"]}]},{\"@type\":\"ImageObject\",\"inLanguage\":\"de\",\"@id\":\"https:\\\/\\\/verlag.wiethase.de\\\/?page_id=937#primaryimage\",\"url\":\"https:\\\/\\\/verlag.wiethase.de\\\/wp-content\\\/uploads\\\/2023\\\/08\\\/Umschlag-vorne-Band-2-scaled.jpg\",\"contentUrl\":\"https:\\\/\\\/verlag.wiethase.de\\\/wp-content\\\/uploads\\\/2023\\\/08\\\/Umschlag-vorne-Band-2-scaled.jpg\",\"width\":1818,\"height\":2560},{\"@type\":\"BreadcrumbList\",\"@id\":\"https:\\\/\\\/verlag.wiethase.de\\\/?page_id=937#breadcrumb\",\"itemListElement\":[{\"@type\":\"ListItem\",\"position\":1,\"name\":\"Startseite\",\"item\":\"https:\\\/\\\/verlag.wiethase.de\\\/\"},{\"@type\":\"ListItem\",\"position\":2,\"name\":\"Bogen-B\u00fccher + DVD\",\"item\":\"https:\\\/\\\/verlag.wiethase.de\\\/?page_id=383\"},{\"@type\":\"ListItem\",\"position\":3,\"name\":\"Pfeile, Bogen und Speere Nordamerikas, Kanadas und Gr\u00f6nlands Band 2\"}]},{\"@type\":\"WebSite\",\"@id\":\"https:\\\/\\\/verlag.wiethase.de\\\/#website\",\"url\":\"https:\\\/\\\/verlag.wiethase.de\\\/\",\"name\":\"WiethaseVerlag\",\"description\":\"B\u00fccher - DVD - H\u00f6rb\u00fccher\",\"publisher\":{\"@id\":\"https:\\\/\\\/verlag.wiethase.de\\\/#organization\"},\"potentialAction\":[{\"@type\":\"SearchAction\",\"target\":{\"@type\":\"EntryPoint\",\"urlTemplate\":\"https:\\\/\\\/verlag.wiethase.de\\\/?s={search_term_string}\"},\"query-input\":{\"@type\":\"PropertyValueSpecification\",\"valueRequired\":true,\"valueName\":\"search_term_string\"}}],\"inLanguage\":\"de\"},{\"@type\":\"Organization\",\"@id\":\"https:\\\/\\\/verlag.wiethase.de\\\/#organization\",\"name\":\"Wiethase Verlag\",\"url\":\"https:\\\/\\\/verlag.wiethase.de\\\/\",\"logo\":{\"@type\":\"ImageObject\",\"inLanguage\":\"de\",\"@id\":\"https:\\\/\\\/verlag.wiethase.de\\\/#\\\/schema\\\/logo\\\/image\\\/\",\"url\":\"https:\\\/\\\/verlag.wiethase.de\\\/wp-content\\\/uploads\\\/2022\\\/07\\\/logo-verlag.jpg\",\"contentUrl\":\"https:\\\/\\\/verlag.wiethase.de\\\/wp-content\\\/uploads\\\/2022\\\/07\\\/logo-verlag.jpg\",\"width\":790,\"height\":514,\"caption\":\"Wiethase Verlag\"},\"image\":{\"@id\":\"https:\\\/\\\/verlag.wiethase.de\\\/#\\\/schema\\\/logo\\\/image\\\/\"},\"sameAs\":[\"https:\\\/\\\/www.facebook.com\\\/profile.php?id=100063974142366\"]}]}<\/script>\n<!-- \/ Yoast SEO plugin. -->","yoast_head_json":{"title":"Pfeile, Bogen und Speere Nordamerikas, Kanadas und Gr\u00f6nlands Band 2 - WiethaseVerlag","robots":{"index":"index","follow":"follow","max-snippet":"max-snippet:-1","max-image-preview":"max-image-preview:large","max-video-preview":"max-video-preview:-1"},"canonical":"https:\/\/verlag.wiethase.de\/?page_id=937","og_locale":"de_DE","og_type":"article","og_title":"Pfeile, Bogen und Speere Nordamerikas, Kanadas und Gr\u00f6nlands Band 2 - WiethaseVerlag","og_description":"Nordamerika Umschlag deutsch Nordamerika beinhaltet geographisch die Vereinigten Staaten von Amerika mit ihrem n\u00f6rdlichsten Bundesstaat Alaska, sowie Kanada. Im vorliegenden zweiten Band werden ausf\u00fchrlich die Pfeile, Bogen und Speere der Ureinwohner Kanadas und Gr\u00f6nlands bearbeitet. Danach folgen noch die Kapitel &hellip; Weiterlesen &rarr;","og_url":"https:\/\/verlag.wiethase.de\/?page_id=937","og_site_name":"WiethaseVerlag","article_publisher":"https:\/\/www.facebook.com\/profile.php?id=100063974142366","article_modified_time":"2024-06-01T13:17:22+00:00","og_image":[{"url":"https:\/\/verlag.wiethase.de\/wp-content\/uploads\/2023\/08\/Umschlag-vorne-Band-2-727x1024.jpg","type":"","width":"","height":""}],"twitter_card":"summary_large_image","twitter_misc":{"Gesch\u00e4tzte Lesezeit":"3\u00a0Minuten"},"schema":{"@context":"https:\/\/schema.org","@graph":[{"@type":"WebPage","@id":"https:\/\/verlag.wiethase.de\/?page_id=937","url":"https:\/\/verlag.wiethase.de\/?page_id=937","name":"Pfeile, Bogen und Speere Nordamerikas, Kanadas und Gr\u00f6nlands Band 2 - WiethaseVerlag","isPartOf":{"@id":"https:\/\/verlag.wiethase.de\/#website"},"primaryImageOfPage":{"@id":"https:\/\/verlag.wiethase.de\/?page_id=937#primaryimage"},"image":{"@id":"https:\/\/verlag.wiethase.de\/?page_id=937#primaryimage"},"thumbnailUrl":"https:\/\/verlag.wiethase.de\/wp-content\/uploads\/2023\/08\/Umschlag-vorne-Band-2-727x1024.jpg","datePublished":"2023-08-26T20:59:39+00:00","dateModified":"2024-06-01T13:17:22+00:00","breadcrumb":{"@id":"https:\/\/verlag.wiethase.de\/?page_id=937#breadcrumb"},"inLanguage":"de","potentialAction":[{"@type":"ReadAction","target":["https:\/\/verlag.wiethase.de\/?page_id=937"]}]},{"@type":"ImageObject","inLanguage":"de","@id":"https:\/\/verlag.wiethase.de\/?page_id=937#primaryimage","url":"https:\/\/verlag.wiethase.de\/wp-content\/uploads\/2023\/08\/Umschlag-vorne-Band-2-scaled.jpg","contentUrl":"https:\/\/verlag.wiethase.de\/wp-content\/uploads\/2023\/08\/Umschlag-vorne-Band-2-scaled.jpg","width":1818,"height":2560},{"@type":"BreadcrumbList","@id":"https:\/\/verlag.wiethase.de\/?page_id=937#breadcrumb","itemListElement":[{"@type":"ListItem","position":1,"name":"Startseite","item":"https:\/\/verlag.wiethase.de\/"},{"@type":"ListItem","position":2,"name":"Bogen-B\u00fccher + DVD","item":"https:\/\/verlag.wiethase.de\/?page_id=383"},{"@type":"ListItem","position":3,"name":"Pfeile, Bogen und Speere Nordamerikas, Kanadas und Gr\u00f6nlands Band 2"}]},{"@type":"WebSite","@id":"https:\/\/verlag.wiethase.de\/#website","url":"https:\/\/verlag.wiethase.de\/","name":"WiethaseVerlag","description":"B\u00fccher - DVD - H\u00f6rb\u00fccher","publisher":{"@id":"https:\/\/verlag.wiethase.de\/#organization"},"potentialAction":[{"@type":"SearchAction","target":{"@type":"EntryPoint","urlTemplate":"https:\/\/verlag.wiethase.de\/?s={search_term_string}"},"query-input":{"@type":"PropertyValueSpecification","valueRequired":true,"valueName":"search_term_string"}}],"inLanguage":"de"},{"@type":"Organization","@id":"https:\/\/verlag.wiethase.de\/#organization","name":"Wiethase Verlag","url":"https:\/\/verlag.wiethase.de\/","logo":{"@type":"ImageObject","inLanguage":"de","@id":"https:\/\/verlag.wiethase.de\/#\/schema\/logo\/image\/","url":"https:\/\/verlag.wiethase.de\/wp-content\/uploads\/2022\/07\/logo-verlag.jpg","contentUrl":"https:\/\/verlag.wiethase.de\/wp-content\/uploads\/2022\/07\/logo-verlag.jpg","width":790,"height":514,"caption":"Wiethase Verlag"},"image":{"@id":"https:\/\/verlag.wiethase.de\/#\/schema\/logo\/image\/"},"sameAs":["https:\/\/www.facebook.com\/profile.php?id=100063974142366"]}]}},"_links":{"self":[{"href":"https:\/\/verlag.wiethase.de\/index.php?rest_route=\/wp\/v2\/pages\/937","targetHints":{"allow":["GET"]}}],"collection":[{"href":"https:\/\/verlag.wiethase.de\/index.php?rest_route=\/wp\/v2\/pages"}],"about":[{"href":"https:\/\/verlag.wiethase.de\/index.php?rest_route=\/wp\/v2\/types\/page"}],"author":[{"embeddable":true,"href":"https:\/\/verlag.wiethase.de\/index.php?rest_route=\/wp\/v2\/users\/1"}],"replies":[{"embeddable":true,"href":"https:\/\/verlag.wiethase.de\/index.php?rest_route=%2Fwp%2Fv2%2Fcomments&post=937"}],"version-history":[{"count":3,"href":"https:\/\/verlag.wiethase.de\/index.php?rest_route=\/wp\/v2\/pages\/937\/revisions"}],"predecessor-version":[{"id":1029,"href":"https:\/\/verlag.wiethase.de\/index.php?rest_route=\/wp\/v2\/pages\/937\/revisions\/1029"}],"up":[{"embeddable":true,"href":"https:\/\/verlag.wiethase.de\/index.php?rest_route=\/wp\/v2\/pages\/383"}],"wp:attachment":[{"href":"https:\/\/verlag.wiethase.de\/index.php?rest_route=%2Fwp%2Fv2%2Fmedia&parent=937"}],"curies":[{"name":"wp","href":"https:\/\/api.w.org\/{rel}","templated":true}]}}