{"id":924,"date":"2023-08-26T20:48:38","date_gmt":"2023-08-26T20:48:38","guid":{"rendered":"https:\/\/verlag.wiethase.de\/?page_id=924"},"modified":"2023-08-26T20:50:26","modified_gmt":"2023-08-26T20:50:26","slug":"pfeile-bogen-und-speere-nordamerikas-kanadas-und-groenlands-band-1","status":"publish","type":"page","link":"https:\/\/verlag.wiethase.de\/?page_id=924","title":{"rendered":"Pfeile, Bogen und Speere Nordamerikas, Kanadas und Gr\u00f6nlands, Band 1"},"content":{"rendered":"\n<p><\/p>\n\n\n\n<figure class=\"wp-block-image size-large\"><a href=\"https:\/\/verlag.wiethase.de\/wp-content\/uploads\/2023\/08\/Nordamerika-Umschlag-Band-1-scaled.jpg\"><img loading=\"lazy\" decoding=\"async\" width=\"728\" height=\"1024\" src=\"https:\/\/verlag.wiethase.de\/wp-content\/uploads\/2023\/08\/Nordamerika-Umschlag-Band-1-728x1024.jpg\" alt=\"\" class=\"wp-image-935\" srcset=\"https:\/\/verlag.wiethase.de\/wp-content\/uploads\/2023\/08\/Nordamerika-Umschlag-Band-1-728x1024.jpg 728w, https:\/\/verlag.wiethase.de\/wp-content\/uploads\/2023\/08\/Nordamerika-Umschlag-Band-1-213x300.jpg 213w, https:\/\/verlag.wiethase.de\/wp-content\/uploads\/2023\/08\/Nordamerika-Umschlag-Band-1-768x1080.jpg 768w, https:\/\/verlag.wiethase.de\/wp-content\/uploads\/2023\/08\/Nordamerika-Umschlag-Band-1-1092x1536.jpg 1092w, https:\/\/verlag.wiethase.de\/wp-content\/uploads\/2023\/08\/Nordamerika-Umschlag-Band-1-1456x2048.jpg 1456w, https:\/\/verlag.wiethase.de\/wp-content\/uploads\/2023\/08\/Nordamerika-Umschlag-Band-1-scaled.jpg 1820w\" sizes=\"auto, (max-width: 728px) 100vw, 728px\" \/><\/a><\/figure>\n\n\n\n<p><strong>Nordamerika <\/strong>beinhaltet geographisch die <strong>Vereinigten Staaten von Amerika <\/strong>mit ihrem n\u00f6rdlichsten Bundesstaat <strong>Alaska<\/strong>, sowie <strong>Kanada<\/strong>. In der vorliegenden zwei- b\u00e4ndigen Arbeit ist noch das nahegelegene und aus ethnologischer Sicht dazu geh\u00f6rende <strong>Gr\u00f6nland <\/strong>hinzugenommen, weil die dort lebenden Inuit \u00fcber die Beringstra\u00dfe kommend, sowohl in Alaska, als auch Kanada und Gr\u00f6nland den gr\u00f6\u00dften Teil der Ureinwohner ausmachen.<\/p>\n\n\n\n<p>Neben den reichhaltigen Zitaten aus ver- schiedenen Quellen und den Abbildungen daraus ist das Werk reich mit Fotografien von St\u00fccken aus Museen und privaten Samm- lungen versehen, sowie mit erkl\u00e4renden Karten.<\/p>\n\n\n\n<p>Mit mehr als 870 Abbildungen, gro\u00dfenteils in Farbe, sowie 73 Tafeln auf 480 Seiten.<\/p>\n\n\n\n<p>Der zweite Band mit Kanada und Gr\u00f6nland hat 212 Seiten und ist unter der ISBN 978-3-948396-24-4 erh\u00e4ltlich<\/p>\n\n\n\n<figure class=\"wp-block-gallery has-nested-images columns-default is-cropped wp-block-gallery-1 is-layout-flex wp-block-gallery-is-layout-flex\">\n<figure class=\"wp-block-image size-large\"><a href=\"https:\/\/verlag.wiethase.de\/wp-content\/uploads\/2023\/08\/Nordamerika-Band-1-Korrektur-verschoben-2-scaled.jpg\"><img loading=\"lazy\" decoding=\"async\" width=\"730\" height=\"1024\" data-id=\"932\" src=\"https:\/\/verlag.wiethase.de\/wp-content\/uploads\/2023\/08\/Nordamerika-Band-1-Korrektur-verschoben-2-730x1024.jpg\" alt=\"\" class=\"wp-image-932\" srcset=\"https:\/\/verlag.wiethase.de\/wp-content\/uploads\/2023\/08\/Nordamerika-Band-1-Korrektur-verschoben-2-730x1024.jpg 730w, https:\/\/verlag.wiethase.de\/wp-content\/uploads\/2023\/08\/Nordamerika-Band-1-Korrektur-verschoben-2-214x300.jpg 214w, https:\/\/verlag.wiethase.de\/wp-content\/uploads\/2023\/08\/Nordamerika-Band-1-Korrektur-verschoben-2-768x1077.jpg 768w, https:\/\/verlag.wiethase.de\/wp-content\/uploads\/2023\/08\/Nordamerika-Band-1-Korrektur-verschoben-2-1095x1536.jpg 1095w, https:\/\/verlag.wiethase.de\/wp-content\/uploads\/2023\/08\/Nordamerika-Band-1-Korrektur-verschoben-2-1460x2048.jpg 1460w, https:\/\/verlag.wiethase.de\/wp-content\/uploads\/2023\/08\/Nordamerika-Band-1-Korrektur-verschoben-2-scaled.jpg 1825w\" sizes=\"auto, (max-width: 730px) 100vw, 730px\" \/><\/a><\/figure>\n\n\n\n<figure class=\"wp-block-image size-large\"><a href=\"https:\/\/verlag.wiethase.de\/wp-content\/uploads\/2023\/08\/Nordamerika-Band-1-Korrektur-verschoben-3-scaled.jpg\"><img loading=\"lazy\" decoding=\"async\" width=\"730\" height=\"1024\" data-id=\"929\" src=\"https:\/\/verlag.wiethase.de\/wp-content\/uploads\/2023\/08\/Nordamerika-Band-1-Korrektur-verschoben-3-730x1024.jpg\" alt=\"\" class=\"wp-image-929\" srcset=\"https:\/\/verlag.wiethase.de\/wp-content\/uploads\/2023\/08\/Nordamerika-Band-1-Korrektur-verschoben-3-730x1024.jpg 730w, https:\/\/verlag.wiethase.de\/wp-content\/uploads\/2023\/08\/Nordamerika-Band-1-Korrektur-verschoben-3-214x300.jpg 214w, https:\/\/verlag.wiethase.de\/wp-content\/uploads\/2023\/08\/Nordamerika-Band-1-Korrektur-verschoben-3-768x1077.jpg 768w, https:\/\/verlag.wiethase.de\/wp-content\/uploads\/2023\/08\/Nordamerika-Band-1-Korrektur-verschoben-3-1095x1536.jpg 1095w, https:\/\/verlag.wiethase.de\/wp-content\/uploads\/2023\/08\/Nordamerika-Band-1-Korrektur-verschoben-3-1460x2048.jpg 1460w, https:\/\/verlag.wiethase.de\/wp-content\/uploads\/2023\/08\/Nordamerika-Band-1-Korrektur-verschoben-3-scaled.jpg 1825w\" sizes=\"auto, (max-width: 730px) 100vw, 730px\" \/><\/a><\/figure>\n\n\n\n<figure class=\"wp-block-image size-large\"><a href=\"https:\/\/verlag.wiethase.de\/wp-content\/uploads\/2023\/08\/Nordamerika-Band-1-Korrektur-verschoben-4-scaled.jpg\"><img loading=\"lazy\" decoding=\"async\" width=\"730\" height=\"1024\" data-id=\"925\" src=\"https:\/\/verlag.wiethase.de\/wp-content\/uploads\/2023\/08\/Nordamerika-Band-1-Korrektur-verschoben-4-730x1024.jpg\" alt=\"\" class=\"wp-image-925\" srcset=\"https:\/\/verlag.wiethase.de\/wp-content\/uploads\/2023\/08\/Nordamerika-Band-1-Korrektur-verschoben-4-730x1024.jpg 730w, https:\/\/verlag.wiethase.de\/wp-content\/uploads\/2023\/08\/Nordamerika-Band-1-Korrektur-verschoben-4-214x300.jpg 214w, https:\/\/verlag.wiethase.de\/wp-content\/uploads\/2023\/08\/Nordamerika-Band-1-Korrektur-verschoben-4-768x1077.jpg 768w, https:\/\/verlag.wiethase.de\/wp-content\/uploads\/2023\/08\/Nordamerika-Band-1-Korrektur-verschoben-4-1095x1536.jpg 1095w, https:\/\/verlag.wiethase.de\/wp-content\/uploads\/2023\/08\/Nordamerika-Band-1-Korrektur-verschoben-4-1460x2048.jpg 1460w, https:\/\/verlag.wiethase.de\/wp-content\/uploads\/2023\/08\/Nordamerika-Band-1-Korrektur-verschoben-4-scaled.jpg 1825w\" sizes=\"auto, (max-width: 730px) 100vw, 730px\" \/><\/a><\/figure>\n\n\n\n<figure class=\"wp-block-image size-large\"><a href=\"https:\/\/verlag.wiethase.de\/wp-content\/uploads\/2023\/08\/Nordamerika-Band-1-Korrektur-verschoben-5-scaled.jpg\"><img loading=\"lazy\" decoding=\"async\" width=\"730\" height=\"1024\" data-id=\"927\" src=\"https:\/\/verlag.wiethase.de\/wp-content\/uploads\/2023\/08\/Nordamerika-Band-1-Korrektur-verschoben-5-730x1024.jpg\" alt=\"\" class=\"wp-image-927\" srcset=\"https:\/\/verlag.wiethase.de\/wp-content\/uploads\/2023\/08\/Nordamerika-Band-1-Korrektur-verschoben-5-730x1024.jpg 730w, https:\/\/verlag.wiethase.de\/wp-content\/uploads\/2023\/08\/Nordamerika-Band-1-Korrektur-verschoben-5-214x300.jpg 214w, https:\/\/verlag.wiethase.de\/wp-content\/uploads\/2023\/08\/Nordamerika-Band-1-Korrektur-verschoben-5-768x1077.jpg 768w, https:\/\/verlag.wiethase.de\/wp-content\/uploads\/2023\/08\/Nordamerika-Band-1-Korrektur-verschoben-5-1095x1536.jpg 1095w, https:\/\/verlag.wiethase.de\/wp-content\/uploads\/2023\/08\/Nordamerika-Band-1-Korrektur-verschoben-5-1460x2048.jpg 1460w, https:\/\/verlag.wiethase.de\/wp-content\/uploads\/2023\/08\/Nordamerika-Band-1-Korrektur-verschoben-5-scaled.jpg 1825w\" sizes=\"auto, (max-width: 730px) 100vw, 730px\" \/><\/a><\/figure>\n\n\n\n<figure class=\"wp-block-image size-large\"><a href=\"https:\/\/verlag.wiethase.de\/wp-content\/uploads\/2023\/08\/Nordamerika-Band-1-Korrektur-verschoben-6-scaled.jpg\"><img loading=\"lazy\" decoding=\"async\" width=\"730\" height=\"1024\" data-id=\"926\" src=\"https:\/\/verlag.wiethase.de\/wp-content\/uploads\/2023\/08\/Nordamerika-Band-1-Korrektur-verschoben-6-730x1024.jpg\" alt=\"\" class=\"wp-image-926\" srcset=\"https:\/\/verlag.wiethase.de\/wp-content\/uploads\/2023\/08\/Nordamerika-Band-1-Korrektur-verschoben-6-730x1024.jpg 730w, https:\/\/verlag.wiethase.de\/wp-content\/uploads\/2023\/08\/Nordamerika-Band-1-Korrektur-verschoben-6-214x300.jpg 214w, https:\/\/verlag.wiethase.de\/wp-content\/uploads\/2023\/08\/Nordamerika-Band-1-Korrektur-verschoben-6-768x1077.jpg 768w, https:\/\/verlag.wiethase.de\/wp-content\/uploads\/2023\/08\/Nordamerika-Band-1-Korrektur-verschoben-6-1095x1536.jpg 1095w, https:\/\/verlag.wiethase.de\/wp-content\/uploads\/2023\/08\/Nordamerika-Band-1-Korrektur-verschoben-6-1460x2048.jpg 1460w, https:\/\/verlag.wiethase.de\/wp-content\/uploads\/2023\/08\/Nordamerika-Band-1-Korrektur-verschoben-6-scaled.jpg 1825w\" sizes=\"auto, (max-width: 730px) 100vw, 730px\" \/><\/a><\/figure>\n\n\n\n<figure class=\"wp-block-image size-large\"><a href=\"https:\/\/verlag.wiethase.de\/wp-content\/uploads\/2023\/08\/Nordamerika-Band-1-Korrektur-verschoben-7-scaled.jpg\"><img loading=\"lazy\" decoding=\"async\" width=\"730\" height=\"1024\" data-id=\"930\" src=\"https:\/\/verlag.wiethase.de\/wp-content\/uploads\/2023\/08\/Nordamerika-Band-1-Korrektur-verschoben-7-730x1024.jpg\" alt=\"\" class=\"wp-image-930\" srcset=\"https:\/\/verlag.wiethase.de\/wp-content\/uploads\/2023\/08\/Nordamerika-Band-1-Korrektur-verschoben-7-730x1024.jpg 730w, https:\/\/verlag.wiethase.de\/wp-content\/uploads\/2023\/08\/Nordamerika-Band-1-Korrektur-verschoben-7-214x300.jpg 214w, https:\/\/verlag.wiethase.de\/wp-content\/uploads\/2023\/08\/Nordamerika-Band-1-Korrektur-verschoben-7-768x1077.jpg 768w, https:\/\/verlag.wiethase.de\/wp-content\/uploads\/2023\/08\/Nordamerika-Band-1-Korrektur-verschoben-7-1095x1536.jpg 1095w, https:\/\/verlag.wiethase.de\/wp-content\/uploads\/2023\/08\/Nordamerika-Band-1-Korrektur-verschoben-7-1460x2048.jpg 1460w, https:\/\/verlag.wiethase.de\/wp-content\/uploads\/2023\/08\/Nordamerika-Band-1-Korrektur-verschoben-7-scaled.jpg 1825w\" sizes=\"auto, (max-width: 730px) 100vw, 730px\" \/><\/a><\/figure>\n\n\n\n<figure class=\"wp-block-image size-large\"><a href=\"https:\/\/verlag.wiethase.de\/wp-content\/uploads\/2023\/08\/Nordamerika-Band-1-Korrektur-verschoben-8-scaled.jpg\"><img loading=\"lazy\" decoding=\"async\" width=\"730\" height=\"1024\" data-id=\"928\" src=\"https:\/\/verlag.wiethase.de\/wp-content\/uploads\/2023\/08\/Nordamerika-Band-1-Korrektur-verschoben-8-730x1024.jpg\" alt=\"\" class=\"wp-image-928\" srcset=\"https:\/\/verlag.wiethase.de\/wp-content\/uploads\/2023\/08\/Nordamerika-Band-1-Korrektur-verschoben-8-730x1024.jpg 730w, https:\/\/verlag.wiethase.de\/wp-content\/uploads\/2023\/08\/Nordamerika-Band-1-Korrektur-verschoben-8-214x300.jpg 214w, https:\/\/verlag.wiethase.de\/wp-content\/uploads\/2023\/08\/Nordamerika-Band-1-Korrektur-verschoben-8-768x1077.jpg 768w, https:\/\/verlag.wiethase.de\/wp-content\/uploads\/2023\/08\/Nordamerika-Band-1-Korrektur-verschoben-8-1095x1536.jpg 1095w, https:\/\/verlag.wiethase.de\/wp-content\/uploads\/2023\/08\/Nordamerika-Band-1-Korrektur-verschoben-8-1460x2048.jpg 1460w, https:\/\/verlag.wiethase.de\/wp-content\/uploads\/2023\/08\/Nordamerika-Band-1-Korrektur-verschoben-8-scaled.jpg 1825w\" sizes=\"auto, (max-width: 730px) 100vw, 730px\" \/><\/a><\/figure>\n\n\n\n<figure class=\"wp-block-image size-large\"><a href=\"https:\/\/verlag.wiethase.de\/wp-content\/uploads\/2023\/08\/Nordamerika-Band-1-Korrektur-verschoben-9-scaled.jpg\"><img loading=\"lazy\" decoding=\"async\" width=\"730\" height=\"1024\" data-id=\"931\" src=\"https:\/\/verlag.wiethase.de\/wp-content\/uploads\/2023\/08\/Nordamerika-Band-1-Korrektur-verschoben-9-730x1024.jpg\" alt=\"\" class=\"wp-image-931\" srcset=\"https:\/\/verlag.wiethase.de\/wp-content\/uploads\/2023\/08\/Nordamerika-Band-1-Korrektur-verschoben-9-730x1024.jpg 730w, https:\/\/verlag.wiethase.de\/wp-content\/uploads\/2023\/08\/Nordamerika-Band-1-Korrektur-verschoben-9-214x300.jpg 214w, https:\/\/verlag.wiethase.de\/wp-content\/uploads\/2023\/08\/Nordamerika-Band-1-Korrektur-verschoben-9-768x1077.jpg 768w, https:\/\/verlag.wiethase.de\/wp-content\/uploads\/2023\/08\/Nordamerika-Band-1-Korrektur-verschoben-9-1095x1536.jpg 1095w, https:\/\/verlag.wiethase.de\/wp-content\/uploads\/2023\/08\/Nordamerika-Band-1-Korrektur-verschoben-9-1460x2048.jpg 1460w, https:\/\/verlag.wiethase.de\/wp-content\/uploads\/2023\/08\/Nordamerika-Band-1-Korrektur-verschoben-9-scaled.jpg 1825w\" sizes=\"auto, (max-width: 730px) 100vw, 730px\" \/><\/a><\/figure>\n\n\n\n<figure class=\"wp-block-image size-large\"><a href=\"https:\/\/verlag.wiethase.de\/wp-content\/uploads\/2023\/08\/Nordamerikabuch-Deutsch-Band-2-verschoben-scaled.jpg\"><img loading=\"lazy\" decoding=\"async\" width=\"730\" height=\"1024\" data-id=\"933\" src=\"https:\/\/verlag.wiethase.de\/wp-content\/uploads\/2023\/08\/Nordamerikabuch-Deutsch-Band-2-verschoben-730x1024.jpg\" alt=\"\" class=\"wp-image-933\" srcset=\"https:\/\/verlag.wiethase.de\/wp-content\/uploads\/2023\/08\/Nordamerikabuch-Deutsch-Band-2-verschoben-730x1024.jpg 730w, https:\/\/verlag.wiethase.de\/wp-content\/uploads\/2023\/08\/Nordamerikabuch-Deutsch-Band-2-verschoben-214x300.jpg 214w, https:\/\/verlag.wiethase.de\/wp-content\/uploads\/2023\/08\/Nordamerikabuch-Deutsch-Band-2-verschoben-768x1077.jpg 768w, https:\/\/verlag.wiethase.de\/wp-content\/uploads\/2023\/08\/Nordamerikabuch-Deutsch-Band-2-verschoben-1095x1536.jpg 1095w, https:\/\/verlag.wiethase.de\/wp-content\/uploads\/2023\/08\/Nordamerikabuch-Deutsch-Band-2-verschoben-1460x2048.jpg 1460w, https:\/\/verlag.wiethase.de\/wp-content\/uploads\/2023\/08\/Nordamerikabuch-Deutsch-Band-2-verschoben-scaled.jpg 1825w\" sizes=\"auto, (max-width: 730px) 100vw, 730px\" \/><\/a><\/figure>\n<\/figure>\n\n\n\n<p>ISBN: 9783948396-22-0 F\u00fcr 89.- Euro (in \u00d6sterreich und der Schweiz 91,50 Euro)<\/p>\n\n\n\n<p>Bei Bestellung direkt beim Verlag (info@wiethase.de) versende ich innerhalb Deutschlands an Privatkunden und Institutionen auf Anfrage und Vorauskasse gerne portofrei.<\/p>\n","protected":false},"excerpt":{"rendered":"<p>Nordamerika beinhaltet geographisch die Vereinigten Staaten von Amerika mit ihrem n\u00f6rdlichsten Bundesstaat Alaska, sowie Kanada. In der vorliegenden zwei- b\u00e4ndigen Arbeit ist noch das nahegelegene und aus ethnologischer Sicht dazu geh\u00f6rende Gr\u00f6nland hinzugenommen, weil die dort lebenden Inuit \u00fcber die &hellip; <a href=\"https:\/\/verlag.wiethase.de\/?page_id=924\">Weiterlesen <span class=\"meta-nav\">&rarr;<\/span><\/a><\/p>\n","protected":false},"author":1,"featured_media":0,"parent":383,"menu_order":1,"comment_status":"closed","ping_status":"closed","template":"","meta":{"_monsterinsights_skip_tracking":false,"_monsterinsights_sitenote_active":false,"_monsterinsights_sitenote_note":"","_monsterinsights_sitenote_category":0,"footnotes":""},"class_list":["post-924","page","type-page","status-publish","hentry"],"yoast_head":"<!-- This site is optimized with the Yoast SEO plugin v27.4 - https:\/\/yoast.com\/product\/yoast-seo-wordpress\/ -->\n<title>Pfeile, Bogen und Speere Nordamerikas, Kanadas und Gr\u00f6nlands, Band 1 - WiethaseVerlag<\/title>\n<meta name=\"robots\" content=\"index, follow, max-snippet:-1, max-image-preview:large, max-video-preview:-1\" \/>\n<link rel=\"canonical\" href=\"https:\/\/verlag.wiethase.de\/?page_id=924\" \/>\n<meta property=\"og:locale\" content=\"de_DE\" \/>\n<meta property=\"og:type\" content=\"article\" \/>\n<meta property=\"og:title\" content=\"Pfeile, Bogen und Speere Nordamerikas, Kanadas und Gr\u00f6nlands, Band 1 - WiethaseVerlag\" \/>\n<meta property=\"og:description\" content=\"Nordamerika beinhaltet geographisch die Vereinigten Staaten von Amerika mit ihrem n\u00f6rdlichsten Bundesstaat Alaska, sowie Kanada. In der vorliegenden zwei- b\u00e4ndigen Arbeit ist noch das nahegelegene und aus ethnologischer Sicht dazu geh\u00f6rende Gr\u00f6nland hinzugenommen, weil die dort lebenden Inuit \u00fcber die &hellip; Weiterlesen &rarr;\" \/>\n<meta property=\"og:url\" content=\"https:\/\/verlag.wiethase.de\/?page_id=924\" \/>\n<meta property=\"og:site_name\" content=\"WiethaseVerlag\" \/>\n<meta property=\"article:publisher\" content=\"https:\/\/www.facebook.com\/profile.php?id=100063974142366\" \/>\n<meta property=\"article:modified_time\" content=\"2023-08-26T20:50:26+00:00\" \/>\n<meta property=\"og:image\" content=\"https:\/\/verlag.wiethase.de\/wp-content\/uploads\/2023\/08\/Nordamerika-Umschlag-Band-1-728x1024.jpg\" \/>\n<meta name=\"twitter:card\" content=\"summary_large_image\" \/>\n<meta name=\"twitter:label1\" content=\"Gesch\u00e4tzte Lesezeit\" \/>\n\t<meta name=\"twitter:data1\" content=\"3\u00a0Minuten\" \/>\n<script type=\"application\/ld+json\" class=\"yoast-schema-graph\">{\"@context\":\"https:\\\/\\\/schema.org\",\"@graph\":[{\"@type\":\"WebPage\",\"@id\":\"https:\\\/\\\/verlag.wiethase.de\\\/?page_id=924\",\"url\":\"https:\\\/\\\/verlag.wiethase.de\\\/?page_id=924\",\"name\":\"Pfeile, Bogen und Speere Nordamerikas, Kanadas und Gr\u00f6nlands, Band 1 - WiethaseVerlag\",\"isPartOf\":{\"@id\":\"https:\\\/\\\/verlag.wiethase.de\\\/#website\"},\"primaryImageOfPage\":{\"@id\":\"https:\\\/\\\/verlag.wiethase.de\\\/?page_id=924#primaryimage\"},\"image\":{\"@id\":\"https:\\\/\\\/verlag.wiethase.de\\\/?page_id=924#primaryimage\"},\"thumbnailUrl\":\"https:\\\/\\\/verlag.wiethase.de\\\/wp-content\\\/uploads\\\/2023\\\/08\\\/Nordamerika-Umschlag-Band-1-728x1024.jpg\",\"datePublished\":\"2023-08-26T20:48:38+00:00\",\"dateModified\":\"2023-08-26T20:50:26+00:00\",\"breadcrumb\":{\"@id\":\"https:\\\/\\\/verlag.wiethase.de\\\/?page_id=924#breadcrumb\"},\"inLanguage\":\"de\",\"potentialAction\":[{\"@type\":\"ReadAction\",\"target\":[\"https:\\\/\\\/verlag.wiethase.de\\\/?page_id=924\"]}]},{\"@type\":\"ImageObject\",\"inLanguage\":\"de\",\"@id\":\"https:\\\/\\\/verlag.wiethase.de\\\/?page_id=924#primaryimage\",\"url\":\"https:\\\/\\\/verlag.wiethase.de\\\/wp-content\\\/uploads\\\/2023\\\/08\\\/Nordamerika-Umschlag-Band-1-scaled.jpg\",\"contentUrl\":\"https:\\\/\\\/verlag.wiethase.de\\\/wp-content\\\/uploads\\\/2023\\\/08\\\/Nordamerika-Umschlag-Band-1-scaled.jpg\",\"width\":1820,\"height\":2560},{\"@type\":\"BreadcrumbList\",\"@id\":\"https:\\\/\\\/verlag.wiethase.de\\\/?page_id=924#breadcrumb\",\"itemListElement\":[{\"@type\":\"ListItem\",\"position\":1,\"name\":\"Startseite\",\"item\":\"https:\\\/\\\/verlag.wiethase.de\\\/\"},{\"@type\":\"ListItem\",\"position\":2,\"name\":\"Bogen-B\u00fccher + DVD\",\"item\":\"https:\\\/\\\/verlag.wiethase.de\\\/?page_id=383\"},{\"@type\":\"ListItem\",\"position\":3,\"name\":\"Pfeile, Bogen und Speere Nordamerikas, Kanadas und Gr\u00f6nlands, Band 1\"}]},{\"@type\":\"WebSite\",\"@id\":\"https:\\\/\\\/verlag.wiethase.de\\\/#website\",\"url\":\"https:\\\/\\\/verlag.wiethase.de\\\/\",\"name\":\"WiethaseVerlag\",\"description\":\"B\u00fccher - DVD - H\u00f6rb\u00fccher\",\"publisher\":{\"@id\":\"https:\\\/\\\/verlag.wiethase.de\\\/#organization\"},\"potentialAction\":[{\"@type\":\"SearchAction\",\"target\":{\"@type\":\"EntryPoint\",\"urlTemplate\":\"https:\\\/\\\/verlag.wiethase.de\\\/?s={search_term_string}\"},\"query-input\":{\"@type\":\"PropertyValueSpecification\",\"valueRequired\":true,\"valueName\":\"search_term_string\"}}],\"inLanguage\":\"de\"},{\"@type\":\"Organization\",\"@id\":\"https:\\\/\\\/verlag.wiethase.de\\\/#organization\",\"name\":\"Wiethase Verlag\",\"url\":\"https:\\\/\\\/verlag.wiethase.de\\\/\",\"logo\":{\"@type\":\"ImageObject\",\"inLanguage\":\"de\",\"@id\":\"https:\\\/\\\/verlag.wiethase.de\\\/#\\\/schema\\\/logo\\\/image\\\/\",\"url\":\"https:\\\/\\\/verlag.wiethase.de\\\/wp-content\\\/uploads\\\/2022\\\/07\\\/logo-verlag.jpg\",\"contentUrl\":\"https:\\\/\\\/verlag.wiethase.de\\\/wp-content\\\/uploads\\\/2022\\\/07\\\/logo-verlag.jpg\",\"width\":790,\"height\":514,\"caption\":\"Wiethase Verlag\"},\"image\":{\"@id\":\"https:\\\/\\\/verlag.wiethase.de\\\/#\\\/schema\\\/logo\\\/image\\\/\"},\"sameAs\":[\"https:\\\/\\\/www.facebook.com\\\/profile.php?id=100063974142366\"]}]}<\/script>\n<!-- \/ Yoast SEO plugin. -->","yoast_head_json":{"title":"Pfeile, Bogen und Speere Nordamerikas, Kanadas und Gr\u00f6nlands, Band 1 - WiethaseVerlag","robots":{"index":"index","follow":"follow","max-snippet":"max-snippet:-1","max-image-preview":"max-image-preview:large","max-video-preview":"max-video-preview:-1"},"canonical":"https:\/\/verlag.wiethase.de\/?page_id=924","og_locale":"de_DE","og_type":"article","og_title":"Pfeile, Bogen und Speere Nordamerikas, Kanadas und Gr\u00f6nlands, Band 1 - WiethaseVerlag","og_description":"Nordamerika beinhaltet geographisch die Vereinigten Staaten von Amerika mit ihrem n\u00f6rdlichsten Bundesstaat Alaska, sowie Kanada. In der vorliegenden zwei- b\u00e4ndigen Arbeit ist noch das nahegelegene und aus ethnologischer Sicht dazu geh\u00f6rende Gr\u00f6nland hinzugenommen, weil die dort lebenden Inuit \u00fcber die &hellip; Weiterlesen &rarr;","og_url":"https:\/\/verlag.wiethase.de\/?page_id=924","og_site_name":"WiethaseVerlag","article_publisher":"https:\/\/www.facebook.com\/profile.php?id=100063974142366","article_modified_time":"2023-08-26T20:50:26+00:00","og_image":[{"url":"https:\/\/verlag.wiethase.de\/wp-content\/uploads\/2023\/08\/Nordamerika-Umschlag-Band-1-728x1024.jpg","type":"","width":"","height":""}],"twitter_card":"summary_large_image","twitter_misc":{"Gesch\u00e4tzte Lesezeit":"3\u00a0Minuten"},"schema":{"@context":"https:\/\/schema.org","@graph":[{"@type":"WebPage","@id":"https:\/\/verlag.wiethase.de\/?page_id=924","url":"https:\/\/verlag.wiethase.de\/?page_id=924","name":"Pfeile, Bogen und Speere Nordamerikas, Kanadas und Gr\u00f6nlands, Band 1 - WiethaseVerlag","isPartOf":{"@id":"https:\/\/verlag.wiethase.de\/#website"},"primaryImageOfPage":{"@id":"https:\/\/verlag.wiethase.de\/?page_id=924#primaryimage"},"image":{"@id":"https:\/\/verlag.wiethase.de\/?page_id=924#primaryimage"},"thumbnailUrl":"https:\/\/verlag.wiethase.de\/wp-content\/uploads\/2023\/08\/Nordamerika-Umschlag-Band-1-728x1024.jpg","datePublished":"2023-08-26T20:48:38+00:00","dateModified":"2023-08-26T20:50:26+00:00","breadcrumb":{"@id":"https:\/\/verlag.wiethase.de\/?page_id=924#breadcrumb"},"inLanguage":"de","potentialAction":[{"@type":"ReadAction","target":["https:\/\/verlag.wiethase.de\/?page_id=924"]}]},{"@type":"ImageObject","inLanguage":"de","@id":"https:\/\/verlag.wiethase.de\/?page_id=924#primaryimage","url":"https:\/\/verlag.wiethase.de\/wp-content\/uploads\/2023\/08\/Nordamerika-Umschlag-Band-1-scaled.jpg","contentUrl":"https:\/\/verlag.wiethase.de\/wp-content\/uploads\/2023\/08\/Nordamerika-Umschlag-Band-1-scaled.jpg","width":1820,"height":2560},{"@type":"BreadcrumbList","@id":"https:\/\/verlag.wiethase.de\/?page_id=924#breadcrumb","itemListElement":[{"@type":"ListItem","position":1,"name":"Startseite","item":"https:\/\/verlag.wiethase.de\/"},{"@type":"ListItem","position":2,"name":"Bogen-B\u00fccher + DVD","item":"https:\/\/verlag.wiethase.de\/?page_id=383"},{"@type":"ListItem","position":3,"name":"Pfeile, Bogen und Speere Nordamerikas, Kanadas und Gr\u00f6nlands, Band 1"}]},{"@type":"WebSite","@id":"https:\/\/verlag.wiethase.de\/#website","url":"https:\/\/verlag.wiethase.de\/","name":"WiethaseVerlag","description":"B\u00fccher - DVD - H\u00f6rb\u00fccher","publisher":{"@id":"https:\/\/verlag.wiethase.de\/#organization"},"potentialAction":[{"@type":"SearchAction","target":{"@type":"EntryPoint","urlTemplate":"https:\/\/verlag.wiethase.de\/?s={search_term_string}"},"query-input":{"@type":"PropertyValueSpecification","valueRequired":true,"valueName":"search_term_string"}}],"inLanguage":"de"},{"@type":"Organization","@id":"https:\/\/verlag.wiethase.de\/#organization","name":"Wiethase Verlag","url":"https:\/\/verlag.wiethase.de\/","logo":{"@type":"ImageObject","inLanguage":"de","@id":"https:\/\/verlag.wiethase.de\/#\/schema\/logo\/image\/","url":"https:\/\/verlag.wiethase.de\/wp-content\/uploads\/2022\/07\/logo-verlag.jpg","contentUrl":"https:\/\/verlag.wiethase.de\/wp-content\/uploads\/2022\/07\/logo-verlag.jpg","width":790,"height":514,"caption":"Wiethase Verlag"},"image":{"@id":"https:\/\/verlag.wiethase.de\/#\/schema\/logo\/image\/"},"sameAs":["https:\/\/www.facebook.com\/profile.php?id=100063974142366"]}]}},"_links":{"self":[{"href":"https:\/\/verlag.wiethase.de\/index.php?rest_route=\/wp\/v2\/pages\/924","targetHints":{"allow":["GET"]}}],"collection":[{"href":"https:\/\/verlag.wiethase.de\/index.php?rest_route=\/wp\/v2\/pages"}],"about":[{"href":"https:\/\/verlag.wiethase.de\/index.php?rest_route=\/wp\/v2\/types\/page"}],"author":[{"embeddable":true,"href":"https:\/\/verlag.wiethase.de\/index.php?rest_route=\/wp\/v2\/users\/1"}],"replies":[{"embeddable":true,"href":"https:\/\/verlag.wiethase.de\/index.php?rest_route=%2Fwp%2Fv2%2Fcomments&post=924"}],"version-history":[{"count":2,"href":"https:\/\/verlag.wiethase.de\/index.php?rest_route=\/wp\/v2\/pages\/924\/revisions"}],"predecessor-version":[{"id":936,"href":"https:\/\/verlag.wiethase.de\/index.php?rest_route=\/wp\/v2\/pages\/924\/revisions\/936"}],"up":[{"embeddable":true,"href":"https:\/\/verlag.wiethase.de\/index.php?rest_route=\/wp\/v2\/pages\/383"}],"wp:attachment":[{"href":"https:\/\/verlag.wiethase.de\/index.php?rest_route=%2Fwp%2Fv2%2Fmedia&parent=924"}],"curies":[{"name":"wp","href":"https:\/\/api.w.org\/{rel}","templated":true}]}}