{"id":87,"date":"2014-07-01T10:01:37","date_gmt":"2014-07-01T10:01:37","guid":{"rendered":"http:\/\/verlag.wiethase.de\/?page_id=87"},"modified":"2019-05-21T11:26:18","modified_gmt":"2019-05-21T11:26:18","slug":"der-baerenjunge","status":"publish","type":"page","link":"https:\/\/verlag.wiethase.de\/?page_id=87","title":{"rendered":"Der B\u00e4renjunge"},"content":{"rendered":"<p><a href=\"https:\/\/verlag.wiethase.de\/wp-content\/uploads\/2014\/07\/IMG_5586.jpg\"><img loading=\"lazy\" decoding=\"async\" class=\"alignnone size-thumbnail wp-image-88\" src=\"https:\/\/verlag.wiethase.de\/wp-content\/uploads\/2014\/07\/IMG_5586-150x150.jpg\" alt=\"IMG_5586\" width=\"150\" height=\"150\"><\/a><a href=\"https:\/\/verlag.wiethase.de\/wp-content\/uploads\/2014\/07\/IMG_5588.jpg\"><img loading=\"lazy\" decoding=\"async\" class=\"alignnone size-thumbnail wp-image-90\" src=\"https:\/\/verlag.wiethase.de\/wp-content\/uploads\/2014\/07\/IMG_5588-150x150.jpg\" alt=\"IMG_5588\" width=\"150\" height=\"150\"><\/a><\/p>\n<p>Audiobook, H\u00f6rbuch 14,90 \u20ac 55 Minuten<\/p>\n<p><a href=\"https:\/\/www.amazon.de\/B%C3%A4renjunge-andere-M%C3%A4rchen-Irokesen\/dp\/B00CM2T4OM\/ref=sr_1_2?ie=UTF8&amp;qid=1468743388&amp;sr=8-2&amp;keywords=der+B%C3%A4renjunge\">Kaufen bei Amazon<\/a><\/p>\n<p><span style=\"color: #000000;\">F\u00fcnf kluge und humorvolle M\u00e4rchen der Irokesen, variationsreich und einf\u00fchlsam erz\u00e4hlt vom Autor. Diese alten M\u00e4rchen sind in teilweise in indianische Ges\u00e4nge eingebettet. Hase, Bussard, Schildkr\u00f6te und sogar ein kleiner Junge erleben allerlei Abenteuer. So erfahren wir unter anderem, warum der Hase so einen kurzen Schwanz, das Streifenh\u00f6rnchen Streifen auf dem R\u00fccken und die Klapperschlange so einen flachen Kopf hat. Diese M\u00e4rchen kann man sich immer wieder anh\u00f6ren.<\/span><\/p>\n<p>Auch erh\u00e4ltlich und <strong>probeh\u00f6ren<\/strong> auf Amazon\/audible<\/p>\n","protected":false},"excerpt":{"rendered":"<p>Audiobook, H\u00f6rbuch 14,90 \u20ac 55 Minuten Kaufen bei Amazon F\u00fcnf kluge und humorvolle M\u00e4rchen der Irokesen, variationsreich und einf\u00fchlsam erz\u00e4hlt vom Autor. Diese alten M\u00e4rchen sind in teilweise in indianische Ges\u00e4nge eingebettet. Hase, Bussard, Schildkr\u00f6te und sogar ein kleiner Junge &hellip; <a href=\"https:\/\/verlag.wiethase.de\/?page_id=87\">Weiterlesen <span class=\"meta-nav\">&rarr;<\/span><\/a><\/p>\n","protected":false},"author":1,"featured_media":0,"parent":561,"menu_order":0,"comment_status":"open","ping_status":"open","template":"showcase.php","meta":{"_monsterinsights_skip_tracking":false,"_monsterinsights_sitenote_active":false,"_monsterinsights_sitenote_note":"","_monsterinsights_sitenote_category":0,"footnotes":""},"class_list":["post-87","page","type-page","status-publish","hentry"],"yoast_head":"<!-- This site is optimized with the Yoast SEO plugin v27.4 - https:\/\/yoast.com\/product\/yoast-seo-wordpress\/ -->\n<title>Der B\u00e4renjunge - WiethaseVerlag<\/title>\n<meta name=\"robots\" content=\"index, follow, max-snippet:-1, max-image-preview:large, max-video-preview:-1\" \/>\n<link rel=\"canonical\" href=\"https:\/\/verlag.wiethase.de\/?page_id=87\" \/>\n<meta property=\"og:locale\" content=\"de_DE\" \/>\n<meta property=\"og:type\" content=\"article\" \/>\n<meta property=\"og:title\" content=\"Der B\u00e4renjunge - WiethaseVerlag\" \/>\n<meta property=\"og:description\" content=\"Audiobook, H\u00f6rbuch 14,90 \u20ac 55 Minuten Kaufen bei Amazon F\u00fcnf kluge und humorvolle M\u00e4rchen der Irokesen, variationsreich und einf\u00fchlsam erz\u00e4hlt vom Autor. Diese alten M\u00e4rchen sind in teilweise in indianische Ges\u00e4nge eingebettet. Hase, Bussard, Schildkr\u00f6te und sogar ein kleiner Junge &hellip; Weiterlesen &rarr;\" \/>\n<meta property=\"og:url\" content=\"https:\/\/verlag.wiethase.de\/?page_id=87\" \/>\n<meta property=\"og:site_name\" content=\"WiethaseVerlag\" \/>\n<meta property=\"article:publisher\" content=\"https:\/\/www.facebook.com\/profile.php?id=100063974142366\" \/>\n<meta property=\"article:modified_time\" content=\"2019-05-21T11:26:18+00:00\" \/>\n<meta property=\"og:image\" content=\"https:\/\/verlag.wiethase.de\/wp-content\/uploads\/2014\/07\/IMG_5586-150x150.jpg\" \/>\n<meta name=\"twitter:card\" content=\"summary_large_image\" \/>\n<script type=\"application\/ld+json\" class=\"yoast-schema-graph\">{\"@context\":\"https:\\\/\\\/schema.org\",\"@graph\":[{\"@type\":\"WebPage\",\"@id\":\"https:\\\/\\\/verlag.wiethase.de\\\/?page_id=87\",\"url\":\"https:\\\/\\\/verlag.wiethase.de\\\/?page_id=87\",\"name\":\"Der B\u00e4renjunge - WiethaseVerlag\",\"isPartOf\":{\"@id\":\"https:\\\/\\\/verlag.wiethase.de\\\/#website\"},\"primaryImageOfPage\":{\"@id\":\"https:\\\/\\\/verlag.wiethase.de\\\/?page_id=87#primaryimage\"},\"image\":{\"@id\":\"https:\\\/\\\/verlag.wiethase.de\\\/?page_id=87#primaryimage\"},\"thumbnailUrl\":\"https:\\\/\\\/verlag.wiethase.de\\\/wp-content\\\/uploads\\\/2014\\\/07\\\/IMG_5586-150x150.jpg\",\"datePublished\":\"2014-07-01T10:01:37+00:00\",\"dateModified\":\"2019-05-21T11:26:18+00:00\",\"breadcrumb\":{\"@id\":\"https:\\\/\\\/verlag.wiethase.de\\\/?page_id=87#breadcrumb\"},\"inLanguage\":\"de\",\"potentialAction\":[{\"@type\":\"ReadAction\",\"target\":[\"https:\\\/\\\/verlag.wiethase.de\\\/?page_id=87\"]}]},{\"@type\":\"ImageObject\",\"inLanguage\":\"de\",\"@id\":\"https:\\\/\\\/verlag.wiethase.de\\\/?page_id=87#primaryimage\",\"url\":\"https:\\\/\\\/verlag.wiethase.de\\\/wp-content\\\/uploads\\\/2014\\\/07\\\/IMG_5586.jpg\",\"contentUrl\":\"https:\\\/\\\/verlag.wiethase.de\\\/wp-content\\\/uploads\\\/2014\\\/07\\\/IMG_5586.jpg\",\"width\":2147,\"height\":3066},{\"@type\":\"BreadcrumbList\",\"@id\":\"https:\\\/\\\/verlag.wiethase.de\\\/?page_id=87#breadcrumb\",\"itemListElement\":[{\"@type\":\"ListItem\",\"position\":1,\"name\":\"Startseite\",\"item\":\"https:\\\/\\\/verlag.wiethase.de\\\/\"},{\"@type\":\"ListItem\",\"position\":2,\"name\":\"H\u00f6rb\u00fccher &#8211; Audiobooks\",\"item\":\"https:\\\/\\\/verlag.wiethase.de\\\/?page_id=561\"},{\"@type\":\"ListItem\",\"position\":3,\"name\":\"Der B\u00e4renjunge\"}]},{\"@type\":\"WebSite\",\"@id\":\"https:\\\/\\\/verlag.wiethase.de\\\/#website\",\"url\":\"https:\\\/\\\/verlag.wiethase.de\\\/\",\"name\":\"WiethaseVerlag\",\"description\":\"B\u00fccher - DVD - H\u00f6rb\u00fccher\",\"publisher\":{\"@id\":\"https:\\\/\\\/verlag.wiethase.de\\\/#organization\"},\"potentialAction\":[{\"@type\":\"SearchAction\",\"target\":{\"@type\":\"EntryPoint\",\"urlTemplate\":\"https:\\\/\\\/verlag.wiethase.de\\\/?s={search_term_string}\"},\"query-input\":{\"@type\":\"PropertyValueSpecification\",\"valueRequired\":true,\"valueName\":\"search_term_string\"}}],\"inLanguage\":\"de\"},{\"@type\":\"Organization\",\"@id\":\"https:\\\/\\\/verlag.wiethase.de\\\/#organization\",\"name\":\"Wiethase Verlag\",\"url\":\"https:\\\/\\\/verlag.wiethase.de\\\/\",\"logo\":{\"@type\":\"ImageObject\",\"inLanguage\":\"de\",\"@id\":\"https:\\\/\\\/verlag.wiethase.de\\\/#\\\/schema\\\/logo\\\/image\\\/\",\"url\":\"https:\\\/\\\/verlag.wiethase.de\\\/wp-content\\\/uploads\\\/2022\\\/07\\\/logo-verlag.jpg\",\"contentUrl\":\"https:\\\/\\\/verlag.wiethase.de\\\/wp-content\\\/uploads\\\/2022\\\/07\\\/logo-verlag.jpg\",\"width\":790,\"height\":514,\"caption\":\"Wiethase Verlag\"},\"image\":{\"@id\":\"https:\\\/\\\/verlag.wiethase.de\\\/#\\\/schema\\\/logo\\\/image\\\/\"},\"sameAs\":[\"https:\\\/\\\/www.facebook.com\\\/profile.php?id=100063974142366\"]}]}<\/script>\n<!-- \/ Yoast SEO plugin. -->","yoast_head_json":{"title":"Der B\u00e4renjunge - WiethaseVerlag","robots":{"index":"index","follow":"follow","max-snippet":"max-snippet:-1","max-image-preview":"max-image-preview:large","max-video-preview":"max-video-preview:-1"},"canonical":"https:\/\/verlag.wiethase.de\/?page_id=87","og_locale":"de_DE","og_type":"article","og_title":"Der B\u00e4renjunge - WiethaseVerlag","og_description":"Audiobook, H\u00f6rbuch 14,90 \u20ac 55 Minuten Kaufen bei Amazon F\u00fcnf kluge und humorvolle M\u00e4rchen der Irokesen, variationsreich und einf\u00fchlsam erz\u00e4hlt vom Autor. Diese alten M\u00e4rchen sind in teilweise in indianische Ges\u00e4nge eingebettet. Hase, Bussard, Schildkr\u00f6te und sogar ein kleiner Junge &hellip; Weiterlesen &rarr;","og_url":"https:\/\/verlag.wiethase.de\/?page_id=87","og_site_name":"WiethaseVerlag","article_publisher":"https:\/\/www.facebook.com\/profile.php?id=100063974142366","article_modified_time":"2019-05-21T11:26:18+00:00","og_image":[{"url":"https:\/\/verlag.wiethase.de\/wp-content\/uploads\/2014\/07\/IMG_5586-150x150.jpg","type":"","width":"","height":""}],"twitter_card":"summary_large_image","schema":{"@context":"https:\/\/schema.org","@graph":[{"@type":"WebPage","@id":"https:\/\/verlag.wiethase.de\/?page_id=87","url":"https:\/\/verlag.wiethase.de\/?page_id=87","name":"Der B\u00e4renjunge - WiethaseVerlag","isPartOf":{"@id":"https:\/\/verlag.wiethase.de\/#website"},"primaryImageOfPage":{"@id":"https:\/\/verlag.wiethase.de\/?page_id=87#primaryimage"},"image":{"@id":"https:\/\/verlag.wiethase.de\/?page_id=87#primaryimage"},"thumbnailUrl":"https:\/\/verlag.wiethase.de\/wp-content\/uploads\/2014\/07\/IMG_5586-150x150.jpg","datePublished":"2014-07-01T10:01:37+00:00","dateModified":"2019-05-21T11:26:18+00:00","breadcrumb":{"@id":"https:\/\/verlag.wiethase.de\/?page_id=87#breadcrumb"},"inLanguage":"de","potentialAction":[{"@type":"ReadAction","target":["https:\/\/verlag.wiethase.de\/?page_id=87"]}]},{"@type":"ImageObject","inLanguage":"de","@id":"https:\/\/verlag.wiethase.de\/?page_id=87#primaryimage","url":"https:\/\/verlag.wiethase.de\/wp-content\/uploads\/2014\/07\/IMG_5586.jpg","contentUrl":"https:\/\/verlag.wiethase.de\/wp-content\/uploads\/2014\/07\/IMG_5586.jpg","width":2147,"height":3066},{"@type":"BreadcrumbList","@id":"https:\/\/verlag.wiethase.de\/?page_id=87#breadcrumb","itemListElement":[{"@type":"ListItem","position":1,"name":"Startseite","item":"https:\/\/verlag.wiethase.de\/"},{"@type":"ListItem","position":2,"name":"H\u00f6rb\u00fccher &#8211; Audiobooks","item":"https:\/\/verlag.wiethase.de\/?page_id=561"},{"@type":"ListItem","position":3,"name":"Der B\u00e4renjunge"}]},{"@type":"WebSite","@id":"https:\/\/verlag.wiethase.de\/#website","url":"https:\/\/verlag.wiethase.de\/","name":"WiethaseVerlag","description":"B\u00fccher - DVD - H\u00f6rb\u00fccher","publisher":{"@id":"https:\/\/verlag.wiethase.de\/#organization"},"potentialAction":[{"@type":"SearchAction","target":{"@type":"EntryPoint","urlTemplate":"https:\/\/verlag.wiethase.de\/?s={search_term_string}"},"query-input":{"@type":"PropertyValueSpecification","valueRequired":true,"valueName":"search_term_string"}}],"inLanguage":"de"},{"@type":"Organization","@id":"https:\/\/verlag.wiethase.de\/#organization","name":"Wiethase Verlag","url":"https:\/\/verlag.wiethase.de\/","logo":{"@type":"ImageObject","inLanguage":"de","@id":"https:\/\/verlag.wiethase.de\/#\/schema\/logo\/image\/","url":"https:\/\/verlag.wiethase.de\/wp-content\/uploads\/2022\/07\/logo-verlag.jpg","contentUrl":"https:\/\/verlag.wiethase.de\/wp-content\/uploads\/2022\/07\/logo-verlag.jpg","width":790,"height":514,"caption":"Wiethase Verlag"},"image":{"@id":"https:\/\/verlag.wiethase.de\/#\/schema\/logo\/image\/"},"sameAs":["https:\/\/www.facebook.com\/profile.php?id=100063974142366"]}]}},"_links":{"self":[{"href":"https:\/\/verlag.wiethase.de\/index.php?rest_route=\/wp\/v2\/pages\/87","targetHints":{"allow":["GET"]}}],"collection":[{"href":"https:\/\/verlag.wiethase.de\/index.php?rest_route=\/wp\/v2\/pages"}],"about":[{"href":"https:\/\/verlag.wiethase.de\/index.php?rest_route=\/wp\/v2\/types\/page"}],"author":[{"embeddable":true,"href":"https:\/\/verlag.wiethase.de\/index.php?rest_route=\/wp\/v2\/users\/1"}],"replies":[{"embeddable":true,"href":"https:\/\/verlag.wiethase.de\/index.php?rest_route=%2Fwp%2Fv2%2Fcomments&post=87"}],"version-history":[{"count":4,"href":"https:\/\/verlag.wiethase.de\/index.php?rest_route=\/wp\/v2\/pages\/87\/revisions"}],"predecessor-version":[{"id":565,"href":"https:\/\/verlag.wiethase.de\/index.php?rest_route=\/wp\/v2\/pages\/87\/revisions\/565"}],"up":[{"embeddable":true,"href":"https:\/\/verlag.wiethase.de\/index.php?rest_route=\/wp\/v2\/pages\/561"}],"wp:attachment":[{"href":"https:\/\/verlag.wiethase.de\/index.php?rest_route=%2Fwp%2Fv2%2Fmedia&parent=87"}],"curies":[{"name":"wp","href":"https:\/\/api.w.org\/{rel}","templated":true}]}}