{"id":862,"date":"2022-03-09T18:31:05","date_gmt":"2022-03-09T18:31:05","guid":{"rendered":"https:\/\/verlag.wiethase.de\/?page_id=862"},"modified":"2022-03-09T18:31:06","modified_gmt":"2022-03-09T18:31:06","slug":"bows-arrows-and-spears-of-africa","status":"publish","type":"page","link":"https:\/\/verlag.wiethase.de\/?page_id=862","title":{"rendered":"Bows, Arrows and Spears of Africa"},"content":{"rendered":"\n<p>Africa &#8211; cradle of mankind &#8211; mysterious continent. This book goes in search of bows and arrows, quivers, spears and lances on this continent.<\/p>\n\n\n\n<figure class=\"wp-block-image size-large\"><a href=\"https:\/\/verlag.wiethase.de\/wp-content\/uploads\/2022\/03\/Afrikabuch-Umschlag-englisch-vorne-scaled.jpg\"><img loading=\"lazy\" decoding=\"async\" width=\"741\" height=\"1024\" src=\"https:\/\/verlag.wiethase.de\/wp-content\/uploads\/2022\/03\/Afrikabuch-Umschlag-englisch-vorne-741x1024.jpg\" alt=\"\" class=\"wp-image-864\" srcset=\"https:\/\/verlag.wiethase.de\/wp-content\/uploads\/2022\/03\/Afrikabuch-Umschlag-englisch-vorne-741x1024.jpg 741w, https:\/\/verlag.wiethase.de\/wp-content\/uploads\/2022\/03\/Afrikabuch-Umschlag-englisch-vorne-217x300.jpg 217w, https:\/\/verlag.wiethase.de\/wp-content\/uploads\/2022\/03\/Afrikabuch-Umschlag-englisch-vorne-768x1062.jpg 768w, https:\/\/verlag.wiethase.de\/wp-content\/uploads\/2022\/03\/Afrikabuch-Umschlag-englisch-vorne-1111x1536.jpg 1111w, https:\/\/verlag.wiethase.de\/wp-content\/uploads\/2022\/03\/Afrikabuch-Umschlag-englisch-vorne-1481x2048.jpg 1481w, https:\/\/verlag.wiethase.de\/wp-content\/uploads\/2022\/03\/Afrikabuch-Umschlag-englisch-vorne-scaled.jpg 1852w\" sizes=\"auto, (max-width: 741px) 100vw, 741px\" \/><\/a><\/figure>\n\n\n\n<p>Based on precise records of the scientific companions of great expeditions and field research, going back to ancient civilisations and documenting what can be admired in private and museum collections, this book is a comprehensive guide for collectors and an enrichment for everyone who is enthusiastic about bows, arrows and spears.<\/p>\n\n\n\n<figure class=\"wp-block-gallery has-nested-images columns-default is-cropped wp-block-gallery-1 is-layout-flex wp-block-gallery-is-layout-flex\">\n<figure class=\"wp-block-image size-full\"><a href=\"https:\/\/verlag.wiethase.de\/wp-content\/uploads\/2022\/03\/Afrikabuch-englisch-01.jpg\"><img loading=\"lazy\" decoding=\"async\" width=\"612\" height=\"858\" data-id=\"863\" src=\"https:\/\/verlag.wiethase.de\/wp-content\/uploads\/2022\/03\/Afrikabuch-englisch-01.jpg\" alt=\"\" class=\"wp-image-863\" srcset=\"https:\/\/verlag.wiethase.de\/wp-content\/uploads\/2022\/03\/Afrikabuch-englisch-01.jpg 612w, https:\/\/verlag.wiethase.de\/wp-content\/uploads\/2022\/03\/Afrikabuch-englisch-01-214x300.jpg 214w\" sizes=\"auto, (max-width: 612px) 100vw, 612px\" \/><\/a><\/figure>\n\n\n\n<figure class=\"wp-block-image size-full\"><a href=\"https:\/\/verlag.wiethase.de\/wp-content\/uploads\/2022\/03\/Afrikabuch-englisch-03-1.jpg\"><img loading=\"lazy\" decoding=\"async\" width=\"612\" height=\"858\" data-id=\"867\" src=\"https:\/\/verlag.wiethase.de\/wp-content\/uploads\/2022\/03\/Afrikabuch-englisch-03-1.jpg\" alt=\"\" class=\"wp-image-867\" srcset=\"https:\/\/verlag.wiethase.de\/wp-content\/uploads\/2022\/03\/Afrikabuch-englisch-03-1.jpg 612w, https:\/\/verlag.wiethase.de\/wp-content\/uploads\/2022\/03\/Afrikabuch-englisch-03-1-214x300.jpg 214w\" sizes=\"auto, (max-width: 612px) 100vw, 612px\" \/><\/a><\/figure>\n\n\n\n<figure class=\"wp-block-image size-full\"><a href=\"https:\/\/verlag.wiethase.de\/wp-content\/uploads\/2022\/03\/Afrikabuch-englisch-02-1.jpg\"><img loading=\"lazy\" decoding=\"async\" width=\"612\" height=\"858\" data-id=\"868\" src=\"https:\/\/verlag.wiethase.de\/wp-content\/uploads\/2022\/03\/Afrikabuch-englisch-02-1.jpg\" alt=\"\" class=\"wp-image-868\" srcset=\"https:\/\/verlag.wiethase.de\/wp-content\/uploads\/2022\/03\/Afrikabuch-englisch-02-1.jpg 612w, https:\/\/verlag.wiethase.de\/wp-content\/uploads\/2022\/03\/Afrikabuch-englisch-02-1-214x300.jpg 214w\" sizes=\"auto, (max-width: 612px) 100vw, 612px\" \/><\/a><\/figure>\n<\/figure>\n\n\n\n<figure class=\"wp-block-image size-full\"><a href=\"https:\/\/verlag.wiethase.de\/wp-content\/uploads\/2022\/03\/Afrikabuch-englisch-Endversion4.jpg\"><img loading=\"lazy\" decoding=\"async\" width=\"612\" height=\"858\" src=\"https:\/\/verlag.wiethase.de\/wp-content\/uploads\/2022\/03\/Afrikabuch-englisch-Endversion4.jpg\" alt=\"\" class=\"wp-image-873\" srcset=\"https:\/\/verlag.wiethase.de\/wp-content\/uploads\/2022\/03\/Afrikabuch-englisch-Endversion4.jpg 612w, https:\/\/verlag.wiethase.de\/wp-content\/uploads\/2022\/03\/Afrikabuch-englisch-Endversion4-214x300.jpg 214w\" sizes=\"auto, (max-width: 612px) 100vw, 612px\" \/><\/a><\/figure>\n\n\n\n<p>The pieces shown and mostly currently photographed come mainly from the Sunyol, Miersch, Wiethase collections and various museums.<\/p>\n\n\n\n<figure class=\"wp-block-image size-full\"><a href=\"https:\/\/verlag.wiethase.de\/wp-content\/uploads\/2022\/03\/Afrikabuch-englisch-Endversion3.jpg\"><img loading=\"lazy\" decoding=\"async\" width=\"612\" height=\"858\" src=\"https:\/\/verlag.wiethase.de\/wp-content\/uploads\/2022\/03\/Afrikabuch-englisch-Endversion3.jpg\" alt=\"\" class=\"wp-image-869\" srcset=\"https:\/\/verlag.wiethase.de\/wp-content\/uploads\/2022\/03\/Afrikabuch-englisch-Endversion3.jpg 612w, https:\/\/verlag.wiethase.de\/wp-content\/uploads\/2022\/03\/Afrikabuch-englisch-Endversion3-214x300.jpg 214w\" sizes=\"auto, (max-width: 612px) 100vw, 612px\" \/><\/a><\/figure>\n\n\n\n<p>The historically relevant sources are by Ratzel, Frobenius, von Mecklenburg, Cameron, Bernatzik, Bulanda, Stuhlmann, Holub, Roscoe, Obst, Schaedler, Nachtigal, Schweinfurth, Schebesta, Reche, Dela- chaux, Torday, Tessmann, Grenfell, Paulitschke, Czekanowski , Weule, Passarge, Hahn and many others. <\/p>\n\n\n\n<figure class=\"wp-block-image size-full\"><a href=\"https:\/\/verlag.wiethase.de\/wp-content\/uploads\/2022\/03\/Afrikabuch-englisch-Endversion8.jpg\"><img loading=\"lazy\" decoding=\"async\" width=\"612\" height=\"858\" src=\"https:\/\/verlag.wiethase.de\/wp-content\/uploads\/2022\/03\/Afrikabuch-englisch-Endversion8.jpg\" alt=\"\" class=\"wp-image-870\" srcset=\"https:\/\/verlag.wiethase.de\/wp-content\/uploads\/2022\/03\/Afrikabuch-englisch-Endversion8.jpg 612w, https:\/\/verlag.wiethase.de\/wp-content\/uploads\/2022\/03\/Afrikabuch-englisch-Endversion8-214x300.jpg 214w\" sizes=\"auto, (max-width: 612px) 100vw, 612px\" \/><\/a><\/figure>\n\n\n\n<figure class=\"wp-block-image size-full\"><a href=\"https:\/\/verlag.wiethase.de\/wp-content\/uploads\/2022\/03\/Afrikabuch-englisch-Endversion6.jpg\"><img loading=\"lazy\" decoding=\"async\" width=\"612\" height=\"858\" src=\"https:\/\/verlag.wiethase.de\/wp-content\/uploads\/2022\/03\/Afrikabuch-englisch-Endversion6.jpg\" alt=\"\" class=\"wp-image-874\" srcset=\"https:\/\/verlag.wiethase.de\/wp-content\/uploads\/2022\/03\/Afrikabuch-englisch-Endversion6.jpg 612w, https:\/\/verlag.wiethase.de\/wp-content\/uploads\/2022\/03\/Afrikabuch-englisch-Endversion6-214x300.jpg 214w\" sizes=\"auto, (max-width: 612px) 100vw, 612px\" \/><\/a><\/figure>\n\n\n\n<p>The detailed appendix consists of many informative maps and tables from various catalogues, which help the collector to identify and more precisely classify pieces in his collection. In addition to the main topic, shooting aids, quivers, spear and arrowhead money, poisons and ceremonial spears are also dealt with in separate chapters.<\/p>\n\n\n\n<figure class=\"wp-block-image size-full\"><a href=\"https:\/\/verlag.wiethase.de\/wp-content\/uploads\/2022\/03\/Afrikabuch-englisch-Endversion1.jpg\"><img loading=\"lazy\" decoding=\"async\" width=\"612\" height=\"858\" src=\"https:\/\/verlag.wiethase.de\/wp-content\/uploads\/2022\/03\/Afrikabuch-englisch-Endversion1.jpg\" alt=\"\" class=\"wp-image-871\" srcset=\"https:\/\/verlag.wiethase.de\/wp-content\/uploads\/2022\/03\/Afrikabuch-englisch-Endversion1.jpg 612w, https:\/\/verlag.wiethase.de\/wp-content\/uploads\/2022\/03\/Afrikabuch-englisch-Endversion1-214x300.jpg 214w\" sizes=\"auto, (max-width: 612px) 100vw, 612px\" \/><\/a><\/figure>\n\n\n\n<p>The book has 558 pages, of which around 140 pages are appendices, tables and glossaries. A folding map is included with the book for better assignment of the most important ethnic groups and language groups. With more than 1500 illustrations, more than 1000 of them in colour and about 100 partly coloured maps.<\/p>\n\n\n\n<figure class=\"wp-block-image size-full\"><a href=\"https:\/\/verlag.wiethase.de\/wp-content\/uploads\/2022\/03\/Afrikabuch-englisch-Endversion2.jpg\"><img loading=\"lazy\" decoding=\"async\" width=\"612\" height=\"858\" src=\"https:\/\/verlag.wiethase.de\/wp-content\/uploads\/2022\/03\/Afrikabuch-englisch-Endversion2.jpg\" alt=\"\" class=\"wp-image-872\" srcset=\"https:\/\/verlag.wiethase.de\/wp-content\/uploads\/2022\/03\/Afrikabuch-englisch-Endversion2.jpg 612w, https:\/\/verlag.wiethase.de\/wp-content\/uploads\/2022\/03\/Afrikabuch-englisch-Endversion2-214x300.jpg 214w\" sizes=\"auto, (max-width: 612px) 100vw, 612px\" \/><\/a><\/figure>\n\n\n\n<p>ISBN 978-3-948396-19-0 Hardcover, with 556 Pages in A4, with an additional folder in A 3 with maps to give a better overview of the tribes of Africa.<strong>weight: 2.6 kg,<\/strong> 89.&#8211; \u20ac For shipping to the USA, Schweiz and other non European states please contact for shipping costs: info@wiethase.de Payment via Paypal will add additional fees (about 4 \u20ac) we send to the USA via USPost (about 38 \u20ac in March 2022)<\/p>\n\n\n\n<p><\/p>\n","protected":false},"excerpt":{"rendered":"<p>Africa &#8211; cradle of mankind &#8211; mysterious continent. This book goes in search of bows and arrows, quivers, spears and lances on this continent. Based on precise records of the scientific companions of great expeditions and field research, going back &hellip; <a href=\"https:\/\/verlag.wiethase.de\/?page_id=862\">Weiterlesen <span class=\"meta-nav\">&rarr;<\/span><\/a><\/p>\n","protected":false},"author":1,"featured_media":864,"parent":388,"menu_order":0,"comment_status":"closed","ping_status":"closed","template":"","meta":{"_monsterinsights_skip_tracking":false,"_monsterinsights_sitenote_active":false,"_monsterinsights_sitenote_note":"","_monsterinsights_sitenote_category":0,"footnotes":""},"class_list":["post-862","page","type-page","status-publish","has-post-thumbnail","hentry"],"yoast_head":"<!-- This site is optimized with the Yoast SEO plugin v27.4 - https:\/\/yoast.com\/product\/yoast-seo-wordpress\/ -->\n<title>Bows, Arrows and Spears of Africa % - WiethaseVerlag<\/title>\n<meta name=\"robots\" content=\"index, follow, max-snippet:-1, max-image-preview:large, max-video-preview:-1\" \/>\n<link rel=\"canonical\" href=\"https:\/\/verlag.wiethase.de\/?page_id=862\" \/>\n<meta property=\"og:locale\" content=\"de_DE\" \/>\n<meta property=\"og:type\" content=\"article\" \/>\n<meta property=\"og:title\" content=\"Bows, Arrows and Spears of Africa % - WiethaseVerlag\" \/>\n<meta property=\"og:description\" content=\"Africa &#8211; cradle of mankind &#8211; mysterious continent. This book goes in search of bows and arrows, quivers, spears and lances on this continent. Based on precise records of the scientific companions of great expeditions and field research, going back &hellip; Weiterlesen &rarr;\" \/>\n<meta property=\"og:url\" content=\"https:\/\/verlag.wiethase.de\/?page_id=862\" \/>\n<meta property=\"og:site_name\" content=\"WiethaseVerlag\" \/>\n<meta property=\"article:publisher\" content=\"https:\/\/www.facebook.com\/profile.php?id=100063974142366\" \/>\n<meta property=\"article:modified_time\" content=\"2022-03-09T18:31:06+00:00\" \/>\n<meta property=\"og:image\" content=\"https:\/\/verlag.wiethase.de\/wp-content\/uploads\/2022\/03\/Afrikabuch-Umschlag-englisch-vorne-scaled.jpg\" \/>\n\t<meta property=\"og:image:width\" content=\"1852\" \/>\n\t<meta property=\"og:image:height\" content=\"2560\" \/>\n\t<meta property=\"og:image:type\" content=\"image\/jpeg\" \/>\n<meta name=\"twitter:card\" content=\"summary_large_image\" \/>\n<meta name=\"twitter:label1\" content=\"Gesch\u00e4tzte Lesezeit\" \/>\n\t<meta name=\"twitter:data1\" content=\"4\u00a0Minuten\" \/>\n<script type=\"application\/ld+json\" class=\"yoast-schema-graph\">{\"@context\":\"https:\\\/\\\/schema.org\",\"@graph\":[{\"@type\":\"WebPage\",\"@id\":\"https:\\\/\\\/verlag.wiethase.de\\\/?page_id=862\",\"url\":\"https:\\\/\\\/verlag.wiethase.de\\\/?page_id=862\",\"name\":\"Bows, Arrows and Spears of Africa % - WiethaseVerlag\",\"isPartOf\":{\"@id\":\"https:\\\/\\\/verlag.wiethase.de\\\/#website\"},\"primaryImageOfPage\":{\"@id\":\"https:\\\/\\\/verlag.wiethase.de\\\/?page_id=862#primaryimage\"},\"image\":{\"@id\":\"https:\\\/\\\/verlag.wiethase.de\\\/?page_id=862#primaryimage\"},\"thumbnailUrl\":\"https:\\\/\\\/verlag.wiethase.de\\\/wp-content\\\/uploads\\\/2022\\\/03\\\/Afrikabuch-Umschlag-englisch-vorne-scaled.jpg\",\"datePublished\":\"2022-03-09T18:31:05+00:00\",\"dateModified\":\"2022-03-09T18:31:06+00:00\",\"breadcrumb\":{\"@id\":\"https:\\\/\\\/verlag.wiethase.de\\\/?page_id=862#breadcrumb\"},\"inLanguage\":\"de\",\"potentialAction\":[{\"@type\":\"ReadAction\",\"target\":[\"https:\\\/\\\/verlag.wiethase.de\\\/?page_id=862\"]}]},{\"@type\":\"ImageObject\",\"inLanguage\":\"de\",\"@id\":\"https:\\\/\\\/verlag.wiethase.de\\\/?page_id=862#primaryimage\",\"url\":\"https:\\\/\\\/verlag.wiethase.de\\\/wp-content\\\/uploads\\\/2022\\\/03\\\/Afrikabuch-Umschlag-englisch-vorne-scaled.jpg\",\"contentUrl\":\"https:\\\/\\\/verlag.wiethase.de\\\/wp-content\\\/uploads\\\/2022\\\/03\\\/Afrikabuch-Umschlag-englisch-vorne-scaled.jpg\",\"width\":1852,\"height\":2560},{\"@type\":\"BreadcrumbList\",\"@id\":\"https:\\\/\\\/verlag.wiethase.de\\\/?page_id=862#breadcrumb\",\"itemListElement\":[{\"@type\":\"ListItem\",\"position\":1,\"name\":\"Startseite\",\"item\":\"https:\\\/\\\/verlag.wiethase.de\\\/\"},{\"@type\":\"ListItem\",\"position\":2,\"name\":\"Archery books\",\"item\":\"https:\\\/\\\/verlag.wiethase.de\\\/?page_id=388\"},{\"@type\":\"ListItem\",\"position\":3,\"name\":\"Bows, Arrows and Spears of Africa\"}]},{\"@type\":\"WebSite\",\"@id\":\"https:\\\/\\\/verlag.wiethase.de\\\/#website\",\"url\":\"https:\\\/\\\/verlag.wiethase.de\\\/\",\"name\":\"WiethaseVerlag\",\"description\":\"B\u00fccher - DVD - H\u00f6rb\u00fccher\",\"publisher\":{\"@id\":\"https:\\\/\\\/verlag.wiethase.de\\\/#organization\"},\"potentialAction\":[{\"@type\":\"SearchAction\",\"target\":{\"@type\":\"EntryPoint\",\"urlTemplate\":\"https:\\\/\\\/verlag.wiethase.de\\\/?s={search_term_string}\"},\"query-input\":{\"@type\":\"PropertyValueSpecification\",\"valueRequired\":true,\"valueName\":\"search_term_string\"}}],\"inLanguage\":\"de\"},{\"@type\":\"Organization\",\"@id\":\"https:\\\/\\\/verlag.wiethase.de\\\/#organization\",\"name\":\"Wiethase Verlag\",\"url\":\"https:\\\/\\\/verlag.wiethase.de\\\/\",\"logo\":{\"@type\":\"ImageObject\",\"inLanguage\":\"de\",\"@id\":\"https:\\\/\\\/verlag.wiethase.de\\\/#\\\/schema\\\/logo\\\/image\\\/\",\"url\":\"https:\\\/\\\/verlag.wiethase.de\\\/wp-content\\\/uploads\\\/2022\\\/07\\\/logo-verlag.jpg\",\"contentUrl\":\"https:\\\/\\\/verlag.wiethase.de\\\/wp-content\\\/uploads\\\/2022\\\/07\\\/logo-verlag.jpg\",\"width\":790,\"height\":514,\"caption\":\"Wiethase Verlag\"},\"image\":{\"@id\":\"https:\\\/\\\/verlag.wiethase.de\\\/#\\\/schema\\\/logo\\\/image\\\/\"},\"sameAs\":[\"https:\\\/\\\/www.facebook.com\\\/profile.php?id=100063974142366\"]}]}<\/script>\n<!-- \/ Yoast SEO plugin. -->","yoast_head_json":{"title":"Bows, Arrows and Spears of Africa % - WiethaseVerlag","robots":{"index":"index","follow":"follow","max-snippet":"max-snippet:-1","max-image-preview":"max-image-preview:large","max-video-preview":"max-video-preview:-1"},"canonical":"https:\/\/verlag.wiethase.de\/?page_id=862","og_locale":"de_DE","og_type":"article","og_title":"Bows, Arrows and Spears of Africa % - WiethaseVerlag","og_description":"Africa &#8211; cradle of mankind &#8211; mysterious continent. This book goes in search of bows and arrows, quivers, spears and lances on this continent. Based on precise records of the scientific companions of great expeditions and field research, going back &hellip; Weiterlesen &rarr;","og_url":"https:\/\/verlag.wiethase.de\/?page_id=862","og_site_name":"WiethaseVerlag","article_publisher":"https:\/\/www.facebook.com\/profile.php?id=100063974142366","article_modified_time":"2022-03-09T18:31:06+00:00","og_image":[{"width":1852,"height":2560,"url":"https:\/\/verlag.wiethase.de\/wp-content\/uploads\/2022\/03\/Afrikabuch-Umschlag-englisch-vorne-scaled.jpg","type":"image\/jpeg"}],"twitter_card":"summary_large_image","twitter_misc":{"Gesch\u00e4tzte Lesezeit":"4\u00a0Minuten"},"schema":{"@context":"https:\/\/schema.org","@graph":[{"@type":"WebPage","@id":"https:\/\/verlag.wiethase.de\/?page_id=862","url":"https:\/\/verlag.wiethase.de\/?page_id=862","name":"Bows, Arrows and Spears of Africa % - WiethaseVerlag","isPartOf":{"@id":"https:\/\/verlag.wiethase.de\/#website"},"primaryImageOfPage":{"@id":"https:\/\/verlag.wiethase.de\/?page_id=862#primaryimage"},"image":{"@id":"https:\/\/verlag.wiethase.de\/?page_id=862#primaryimage"},"thumbnailUrl":"https:\/\/verlag.wiethase.de\/wp-content\/uploads\/2022\/03\/Afrikabuch-Umschlag-englisch-vorne-scaled.jpg","datePublished":"2022-03-09T18:31:05+00:00","dateModified":"2022-03-09T18:31:06+00:00","breadcrumb":{"@id":"https:\/\/verlag.wiethase.de\/?page_id=862#breadcrumb"},"inLanguage":"de","potentialAction":[{"@type":"ReadAction","target":["https:\/\/verlag.wiethase.de\/?page_id=862"]}]},{"@type":"ImageObject","inLanguage":"de","@id":"https:\/\/verlag.wiethase.de\/?page_id=862#primaryimage","url":"https:\/\/verlag.wiethase.de\/wp-content\/uploads\/2022\/03\/Afrikabuch-Umschlag-englisch-vorne-scaled.jpg","contentUrl":"https:\/\/verlag.wiethase.de\/wp-content\/uploads\/2022\/03\/Afrikabuch-Umschlag-englisch-vorne-scaled.jpg","width":1852,"height":2560},{"@type":"BreadcrumbList","@id":"https:\/\/verlag.wiethase.de\/?page_id=862#breadcrumb","itemListElement":[{"@type":"ListItem","position":1,"name":"Startseite","item":"https:\/\/verlag.wiethase.de\/"},{"@type":"ListItem","position":2,"name":"Archery books","item":"https:\/\/verlag.wiethase.de\/?page_id=388"},{"@type":"ListItem","position":3,"name":"Bows, Arrows and Spears of Africa"}]},{"@type":"WebSite","@id":"https:\/\/verlag.wiethase.de\/#website","url":"https:\/\/verlag.wiethase.de\/","name":"WiethaseVerlag","description":"B\u00fccher - DVD - H\u00f6rb\u00fccher","publisher":{"@id":"https:\/\/verlag.wiethase.de\/#organization"},"potentialAction":[{"@type":"SearchAction","target":{"@type":"EntryPoint","urlTemplate":"https:\/\/verlag.wiethase.de\/?s={search_term_string}"},"query-input":{"@type":"PropertyValueSpecification","valueRequired":true,"valueName":"search_term_string"}}],"inLanguage":"de"},{"@type":"Organization","@id":"https:\/\/verlag.wiethase.de\/#organization","name":"Wiethase Verlag","url":"https:\/\/verlag.wiethase.de\/","logo":{"@type":"ImageObject","inLanguage":"de","@id":"https:\/\/verlag.wiethase.de\/#\/schema\/logo\/image\/","url":"https:\/\/verlag.wiethase.de\/wp-content\/uploads\/2022\/07\/logo-verlag.jpg","contentUrl":"https:\/\/verlag.wiethase.de\/wp-content\/uploads\/2022\/07\/logo-verlag.jpg","width":790,"height":514,"caption":"Wiethase Verlag"},"image":{"@id":"https:\/\/verlag.wiethase.de\/#\/schema\/logo\/image\/"},"sameAs":["https:\/\/www.facebook.com\/profile.php?id=100063974142366"]}]}},"_links":{"self":[{"href":"https:\/\/verlag.wiethase.de\/index.php?rest_route=\/wp\/v2\/pages\/862","targetHints":{"allow":["GET"]}}],"collection":[{"href":"https:\/\/verlag.wiethase.de\/index.php?rest_route=\/wp\/v2\/pages"}],"about":[{"href":"https:\/\/verlag.wiethase.de\/index.php?rest_route=\/wp\/v2\/types\/page"}],"author":[{"embeddable":true,"href":"https:\/\/verlag.wiethase.de\/index.php?rest_route=\/wp\/v2\/users\/1"}],"replies":[{"embeddable":true,"href":"https:\/\/verlag.wiethase.de\/index.php?rest_route=%2Fwp%2Fv2%2Fcomments&post=862"}],"version-history":[{"count":1,"href":"https:\/\/verlag.wiethase.de\/index.php?rest_route=\/wp\/v2\/pages\/862\/revisions"}],"predecessor-version":[{"id":875,"href":"https:\/\/verlag.wiethase.de\/index.php?rest_route=\/wp\/v2\/pages\/862\/revisions\/875"}],"up":[{"embeddable":true,"href":"https:\/\/verlag.wiethase.de\/index.php?rest_route=\/wp\/v2\/pages\/388"}],"wp:featuredmedia":[{"embeddable":true,"href":"https:\/\/verlag.wiethase.de\/index.php?rest_route=\/wp\/v2\/media\/864"}],"wp:attachment":[{"href":"https:\/\/verlag.wiethase.de\/index.php?rest_route=%2Fwp%2Fv2%2Fmedia&parent=862"}],"curies":[{"name":"wp","href":"https:\/\/api.w.org\/{rel}","templated":true}]}}