{"id":83,"date":"2014-07-01T08:57:12","date_gmt":"2014-07-01T08:57:12","guid":{"rendered":"http:\/\/verlag.wiethase.de\/?page_id=83"},"modified":"2019-05-21T11:29:00","modified_gmt":"2019-05-21T11:29:00","slug":"in-fremdem-sold","status":"publish","type":"page","link":"https:\/\/verlag.wiethase.de\/?page_id=83","title":{"rendered":"In fremdem Sold"},"content":{"rendered":"<p><a href=\"https:\/\/verlag.wiethase.de\/wp-content\/uploads\/2014\/07\/aaasold.jpg\"><img loading=\"lazy\" decoding=\"async\" class=\"alignnone size-thumbnail wp-image-74\" src=\"https:\/\/verlag.wiethase.de\/wp-content\/uploads\/2014\/07\/aaasold-150x150.jpg\" alt=\"aaasold\" width=\"150\" height=\"150\"><\/a><a href=\"https:\/\/verlag.wiethase.de\/wp-content\/uploads\/2014\/07\/51JYzzUjk-L.jpg\"><img loading=\"lazy\" decoding=\"async\" class=\"alignnone size-thumbnail wp-image-75\" src=\"https:\/\/verlag.wiethase.de\/wp-content\/uploads\/2014\/07\/51JYzzUjk-L-150x150.jpg\" alt=\"51JYzzUjk-L\" width=\"150\" height=\"150\"><\/a><a href=\"https:\/\/verlag.wiethase.de\/wp-content\/uploads\/2014\/07\/51WVsAxEDDL.jpg\"><img loading=\"lazy\" decoding=\"async\" class=\"alignnone size-thumbnail wp-image-76\" src=\"https:\/\/verlag.wiethase.de\/wp-content\/uploads\/2014\/07\/51WVsAxEDDL-150x150.jpg\" alt=\"51WVsAxEDDL\" width=\"150\" height=\"150\"><\/a><\/p>\n<p>23,90 \u20ac,&nbsp;ISBN 9783937632-46&nbsp;<span style=\"color: #444444;\">168 Seiten im A 5 Paperback. Kunstdruckpapier mit 98 teils farbigen Fotografien und Dokumenten und aus den Originaleins\u00e4tzen des Protagonisten.<\/span><\/p>\n<p><a href=\"https:\/\/www.amazon.de\/fremdem-Sold-Erinnerungen-Legion%C3%A4rs-S%C3%B6ldners\/dp\/3937632468\/ref=sr_1_1?ie=UTF8&amp;qid=1468744695&amp;sr=8-1&amp;keywords=In+fremdem+Sold\">Kaufen bei Amazon<\/a><\/p>\n<p>Erinnerungen eines Legion\u00e4rs und S\u00f6ldners<\/p>\n<p><span style=\"color: #444444;\">M\u00fcnchen 1950. Noch nicht ganze achtzehn Jahre alt wei\u00df Helmut eines ganz sicher: er will zur Legion, ein eigenes Gewehr haben und diesem Nachkriegshungerdeutschland den R\u00fccken kehren. Er geht seinen Weg, der nicht einfach ist, aber sein eigener.<\/span><br style=\"color: #444444;\"><span style=\"color: #444444;\">Hendrik Wiethase erz\u00e4hlt, basierend auf Originaltageb\u00fcchern, Tonbandaufzeichnungen, Dokumenten und Fotos das Leben seines Onkels in den Kriegseins\u00e4tzen als Legion\u00e4r und S\u00f6ldner in&nbsp;Vietnam, Marokko, Algerien, dem Kongo, Angola und dem Jemen zwischen 1950 und 1972.&nbsp;<\/span>&nbsp;<span style=\"color: #444444;\">Dieses Buch ist authentisch und \u00fcberl\u00e4sst es dem Leser, sein Urteil \u00fcber dieses schwierige Thema zu \u00fcberdenken.<\/span><\/p>\n<table id=\"AutoNumber1\" border=\"0\" width=\"100%\" cellspacing=\"0\" cellpadding=\"0\">\n<tbody>\n<tr>\n<td class=\"textgrau\" style=\"color: #444444;\" colspan=\"3\"><\/td>\n<\/tr>\n<tr>\n<td class=\"textgrau\" style=\"color: #444444;\" colspan=\"3\"><\/td>\n<\/tr>\n<\/tbody>\n<\/table>\n","protected":false},"excerpt":{"rendered":"<p>23,90 \u20ac,&nbsp;ISBN 9783937632-46&nbsp;168 Seiten im A 5 Paperback. Kunstdruckpapier mit 98 teils farbigen Fotografien und Dokumenten und aus den Originaleins\u00e4tzen des Protagonisten. Kaufen bei Amazon Erinnerungen eines Legion\u00e4rs und S\u00f6ldners M\u00fcnchen 1950. Noch nicht ganze achtzehn Jahre alt wei\u00df Helmut &hellip; <a href=\"https:\/\/verlag.wiethase.de\/?page_id=83\">Weiterlesen <span class=\"meta-nav\">&rarr;<\/span><\/a><\/p>\n","protected":false},"author":1,"featured_media":122,"parent":566,"menu_order":0,"comment_status":"open","ping_status":"open","template":"showcase.php","meta":{"_monsterinsights_skip_tracking":false,"_monsterinsights_sitenote_active":false,"_monsterinsights_sitenote_note":"","_monsterinsights_sitenote_category":0,"footnotes":""},"class_list":["post-83","page","type-page","status-publish","has-post-thumbnail","hentry"],"yoast_head":"<!-- This site is optimized with the Yoast SEO plugin v27.4 - https:\/\/yoast.com\/product\/yoast-seo-wordpress\/ -->\n<title>In fremdem Sold - WiethaseVerlag<\/title>\n<meta name=\"robots\" content=\"index, follow, max-snippet:-1, max-image-preview:large, max-video-preview:-1\" \/>\n<link rel=\"canonical\" href=\"https:\/\/verlag.wiethase.de\/?page_id=83\" \/>\n<meta property=\"og:locale\" content=\"de_DE\" \/>\n<meta property=\"og:type\" content=\"article\" \/>\n<meta property=\"og:title\" content=\"In fremdem Sold - WiethaseVerlag\" \/>\n<meta property=\"og:description\" content=\"23,90 \u20ac,&nbsp;ISBN 9783937632-46&nbsp;168 Seiten im A 5 Paperback. Kunstdruckpapier mit 98 teils farbigen Fotografien und Dokumenten und aus den Originaleins\u00e4tzen des Protagonisten. Kaufen bei Amazon Erinnerungen eines Legion\u00e4rs und S\u00f6ldners M\u00fcnchen 1950. Noch nicht ganze achtzehn Jahre alt wei\u00df Helmut &hellip; Weiterlesen &rarr;\" \/>\n<meta property=\"og:url\" content=\"https:\/\/verlag.wiethase.de\/?page_id=83\" \/>\n<meta property=\"og:site_name\" content=\"WiethaseVerlag\" \/>\n<meta property=\"article:publisher\" content=\"https:\/\/www.facebook.com\/profile.php?id=100063974142366\" \/>\n<meta property=\"article:modified_time\" content=\"2019-05-21T11:29:00+00:00\" \/>\n<meta property=\"og:image\" content=\"https:\/\/verlag.wiethase.de\/wp-content\/uploads\/2014\/07\/net.jpg\" \/>\n\t<meta property=\"og:image:width\" content=\"1235\" \/>\n\t<meta property=\"og:image:height\" content=\"524\" \/>\n\t<meta property=\"og:image:type\" content=\"image\/jpeg\" \/>\n<meta name=\"twitter:card\" content=\"summary_large_image\" \/>\n<meta name=\"twitter:label1\" content=\"Gesch\u00e4tzte Lesezeit\" \/>\n\t<meta name=\"twitter:data1\" content=\"1\u00a0Minute\" \/>\n<script type=\"application\/ld+json\" class=\"yoast-schema-graph\">{\"@context\":\"https:\\\/\\\/schema.org\",\"@graph\":[{\"@type\":\"WebPage\",\"@id\":\"https:\\\/\\\/verlag.wiethase.de\\\/?page_id=83\",\"url\":\"https:\\\/\\\/verlag.wiethase.de\\\/?page_id=83\",\"name\":\"In fremdem Sold - WiethaseVerlag\",\"isPartOf\":{\"@id\":\"https:\\\/\\\/verlag.wiethase.de\\\/#website\"},\"primaryImageOfPage\":{\"@id\":\"https:\\\/\\\/verlag.wiethase.de\\\/?page_id=83#primaryimage\"},\"image\":{\"@id\":\"https:\\\/\\\/verlag.wiethase.de\\\/?page_id=83#primaryimage\"},\"thumbnailUrl\":\"https:\\\/\\\/verlag.wiethase.de\\\/wp-content\\\/uploads\\\/2014\\\/07\\\/net.jpg\",\"datePublished\":\"2014-07-01T08:57:12+00:00\",\"dateModified\":\"2019-05-21T11:29:00+00:00\",\"breadcrumb\":{\"@id\":\"https:\\\/\\\/verlag.wiethase.de\\\/?page_id=83#breadcrumb\"},\"inLanguage\":\"de\",\"potentialAction\":[{\"@type\":\"ReadAction\",\"target\":[\"https:\\\/\\\/verlag.wiethase.de\\\/?page_id=83\"]}]},{\"@type\":\"ImageObject\",\"inLanguage\":\"de\",\"@id\":\"https:\\\/\\\/verlag.wiethase.de\\\/?page_id=83#primaryimage\",\"url\":\"https:\\\/\\\/verlag.wiethase.de\\\/wp-content\\\/uploads\\\/2014\\\/07\\\/net.jpg\",\"contentUrl\":\"https:\\\/\\\/verlag.wiethase.de\\\/wp-content\\\/uploads\\\/2014\\\/07\\\/net.jpg\",\"width\":1235,\"height\":524},{\"@type\":\"BreadcrumbList\",\"@id\":\"https:\\\/\\\/verlag.wiethase.de\\\/?page_id=83#breadcrumb\",\"itemListElement\":[{\"@type\":\"ListItem\",\"position\":1,\"name\":\"Startseite\",\"item\":\"https:\\\/\\\/verlag.wiethase.de\\\/\"},{\"@type\":\"ListItem\",\"position\":2,\"name\":\"Lebenswege\",\"item\":\"https:\\\/\\\/verlag.wiethase.de\\\/?page_id=566\"},{\"@type\":\"ListItem\",\"position\":3,\"name\":\"In fremdem Sold\"}]},{\"@type\":\"WebSite\",\"@id\":\"https:\\\/\\\/verlag.wiethase.de\\\/#website\",\"url\":\"https:\\\/\\\/verlag.wiethase.de\\\/\",\"name\":\"WiethaseVerlag\",\"description\":\"B\u00fccher - DVD - H\u00f6rb\u00fccher\",\"publisher\":{\"@id\":\"https:\\\/\\\/verlag.wiethase.de\\\/#organization\"},\"potentialAction\":[{\"@type\":\"SearchAction\",\"target\":{\"@type\":\"EntryPoint\",\"urlTemplate\":\"https:\\\/\\\/verlag.wiethase.de\\\/?s={search_term_string}\"},\"query-input\":{\"@type\":\"PropertyValueSpecification\",\"valueRequired\":true,\"valueName\":\"search_term_string\"}}],\"inLanguage\":\"de\"},{\"@type\":\"Organization\",\"@id\":\"https:\\\/\\\/verlag.wiethase.de\\\/#organization\",\"name\":\"Wiethase Verlag\",\"url\":\"https:\\\/\\\/verlag.wiethase.de\\\/\",\"logo\":{\"@type\":\"ImageObject\",\"inLanguage\":\"de\",\"@id\":\"https:\\\/\\\/verlag.wiethase.de\\\/#\\\/schema\\\/logo\\\/image\\\/\",\"url\":\"https:\\\/\\\/verlag.wiethase.de\\\/wp-content\\\/uploads\\\/2022\\\/07\\\/logo-verlag.jpg\",\"contentUrl\":\"https:\\\/\\\/verlag.wiethase.de\\\/wp-content\\\/uploads\\\/2022\\\/07\\\/logo-verlag.jpg\",\"width\":790,\"height\":514,\"caption\":\"Wiethase Verlag\"},\"image\":{\"@id\":\"https:\\\/\\\/verlag.wiethase.de\\\/#\\\/schema\\\/logo\\\/image\\\/\"},\"sameAs\":[\"https:\\\/\\\/www.facebook.com\\\/profile.php?id=100063974142366\"]}]}<\/script>\n<!-- \/ Yoast SEO plugin. -->","yoast_head_json":{"title":"In fremdem Sold - WiethaseVerlag","robots":{"index":"index","follow":"follow","max-snippet":"max-snippet:-1","max-image-preview":"max-image-preview:large","max-video-preview":"max-video-preview:-1"},"canonical":"https:\/\/verlag.wiethase.de\/?page_id=83","og_locale":"de_DE","og_type":"article","og_title":"In fremdem Sold - WiethaseVerlag","og_description":"23,90 \u20ac,&nbsp;ISBN 9783937632-46&nbsp;168 Seiten im A 5 Paperback. Kunstdruckpapier mit 98 teils farbigen Fotografien und Dokumenten und aus den Originaleins\u00e4tzen des Protagonisten. Kaufen bei Amazon Erinnerungen eines Legion\u00e4rs und S\u00f6ldners M\u00fcnchen 1950. Noch nicht ganze achtzehn Jahre alt wei\u00df Helmut &hellip; Weiterlesen &rarr;","og_url":"https:\/\/verlag.wiethase.de\/?page_id=83","og_site_name":"WiethaseVerlag","article_publisher":"https:\/\/www.facebook.com\/profile.php?id=100063974142366","article_modified_time":"2019-05-21T11:29:00+00:00","og_image":[{"width":1235,"height":524,"url":"https:\/\/verlag.wiethase.de\/wp-content\/uploads\/2014\/07\/net.jpg","type":"image\/jpeg"}],"twitter_card":"summary_large_image","twitter_misc":{"Gesch\u00e4tzte Lesezeit":"1\u00a0Minute"},"schema":{"@context":"https:\/\/schema.org","@graph":[{"@type":"WebPage","@id":"https:\/\/verlag.wiethase.de\/?page_id=83","url":"https:\/\/verlag.wiethase.de\/?page_id=83","name":"In fremdem Sold - WiethaseVerlag","isPartOf":{"@id":"https:\/\/verlag.wiethase.de\/#website"},"primaryImageOfPage":{"@id":"https:\/\/verlag.wiethase.de\/?page_id=83#primaryimage"},"image":{"@id":"https:\/\/verlag.wiethase.de\/?page_id=83#primaryimage"},"thumbnailUrl":"https:\/\/verlag.wiethase.de\/wp-content\/uploads\/2014\/07\/net.jpg","datePublished":"2014-07-01T08:57:12+00:00","dateModified":"2019-05-21T11:29:00+00:00","breadcrumb":{"@id":"https:\/\/verlag.wiethase.de\/?page_id=83#breadcrumb"},"inLanguage":"de","potentialAction":[{"@type":"ReadAction","target":["https:\/\/verlag.wiethase.de\/?page_id=83"]}]},{"@type":"ImageObject","inLanguage":"de","@id":"https:\/\/verlag.wiethase.de\/?page_id=83#primaryimage","url":"https:\/\/verlag.wiethase.de\/wp-content\/uploads\/2014\/07\/net.jpg","contentUrl":"https:\/\/verlag.wiethase.de\/wp-content\/uploads\/2014\/07\/net.jpg","width":1235,"height":524},{"@type":"BreadcrumbList","@id":"https:\/\/verlag.wiethase.de\/?page_id=83#breadcrumb","itemListElement":[{"@type":"ListItem","position":1,"name":"Startseite","item":"https:\/\/verlag.wiethase.de\/"},{"@type":"ListItem","position":2,"name":"Lebenswege","item":"https:\/\/verlag.wiethase.de\/?page_id=566"},{"@type":"ListItem","position":3,"name":"In fremdem Sold"}]},{"@type":"WebSite","@id":"https:\/\/verlag.wiethase.de\/#website","url":"https:\/\/verlag.wiethase.de\/","name":"WiethaseVerlag","description":"B\u00fccher - DVD - H\u00f6rb\u00fccher","publisher":{"@id":"https:\/\/verlag.wiethase.de\/#organization"},"potentialAction":[{"@type":"SearchAction","target":{"@type":"EntryPoint","urlTemplate":"https:\/\/verlag.wiethase.de\/?s={search_term_string}"},"query-input":{"@type":"PropertyValueSpecification","valueRequired":true,"valueName":"search_term_string"}}],"inLanguage":"de"},{"@type":"Organization","@id":"https:\/\/verlag.wiethase.de\/#organization","name":"Wiethase Verlag","url":"https:\/\/verlag.wiethase.de\/","logo":{"@type":"ImageObject","inLanguage":"de","@id":"https:\/\/verlag.wiethase.de\/#\/schema\/logo\/image\/","url":"https:\/\/verlag.wiethase.de\/wp-content\/uploads\/2022\/07\/logo-verlag.jpg","contentUrl":"https:\/\/verlag.wiethase.de\/wp-content\/uploads\/2022\/07\/logo-verlag.jpg","width":790,"height":514,"caption":"Wiethase Verlag"},"image":{"@id":"https:\/\/verlag.wiethase.de\/#\/schema\/logo\/image\/"},"sameAs":["https:\/\/www.facebook.com\/profile.php?id=100063974142366"]}]}},"_links":{"self":[{"href":"https:\/\/verlag.wiethase.de\/index.php?rest_route=\/wp\/v2\/pages\/83","targetHints":{"allow":["GET"]}}],"collection":[{"href":"https:\/\/verlag.wiethase.de\/index.php?rest_route=\/wp\/v2\/pages"}],"about":[{"href":"https:\/\/verlag.wiethase.de\/index.php?rest_route=\/wp\/v2\/types\/page"}],"author":[{"embeddable":true,"href":"https:\/\/verlag.wiethase.de\/index.php?rest_route=\/wp\/v2\/users\/1"}],"replies":[{"embeddable":true,"href":"https:\/\/verlag.wiethase.de\/index.php?rest_route=%2Fwp%2Fv2%2Fcomments&post=83"}],"version-history":[{"count":5,"href":"https:\/\/verlag.wiethase.de\/index.php?rest_route=\/wp\/v2\/pages\/83\/revisions"}],"predecessor-version":[{"id":569,"href":"https:\/\/verlag.wiethase.de\/index.php?rest_route=\/wp\/v2\/pages\/83\/revisions\/569"}],"up":[{"embeddable":true,"href":"https:\/\/verlag.wiethase.de\/index.php?rest_route=\/wp\/v2\/pages\/566"}],"wp:featuredmedia":[{"embeddable":true,"href":"https:\/\/verlag.wiethase.de\/index.php?rest_route=\/wp\/v2\/media\/122"}],"wp:attachment":[{"href":"https:\/\/verlag.wiethase.de\/index.php?rest_route=%2Fwp%2Fv2%2Fmedia&parent=83"}],"curies":[{"name":"wp","href":"https:\/\/api.w.org\/{rel}","templated":true}]}}