{"id":806,"date":"2021-04-22T15:27:34","date_gmt":"2021-04-22T15:27:34","guid":{"rendered":"https:\/\/verlag.wiethase.de\/?page_id=806"},"modified":"2021-04-22T15:27:34","modified_gmt":"2021-04-22T15:27:34","slug":"as%cc%a7t%cc%a7anga-hr%cc%a7dayam-gesamtausgabe","status":"publish","type":"page","link":"https:\/\/verlag.wiethase.de\/?page_id=806","title":{"rendered":"AS\u0327T\u0327A\u0304NGA HR\u0327DAYAM Gesamtausgabe"},"content":{"rendered":"\n<div class=\"page\" title=\"Page 3\">\n<div class=\"layoutArea\">\n<div class=\"column\">\n<p style=\"text-align: center;\">Das achtgliedrige Herz<\/p>\n<p style=\"text-align: center;\"><strong>Su\u0304tra Stha\u0304na<\/strong><\/p>\n<p style=\"text-align: center;\">Die grundsa\u0308tzlichen Prinzipien<\/p>\n<p style=\"text-align: center;\"><strong>Sarira Stha\u0304na<\/strong><\/p>\n<p style=\"text-align: center;\">Vom Ko\u0308rper<\/p>\n<p style=\"text-align: center;\"><strong>Nidana Stha\u0304na<\/strong><\/p>\n<p style=\"text-align: center;\">Die Diagnose von Krankheiten<\/p>\n<p style=\"text-align: center;\"><strong>Chikitsita Stha\u0304na<\/strong><\/p>\n<p style=\"text-align: center;\">Die Heilmethoden<\/p>\n<p style=\"text-align: center;\"><strong>Kalpha Stha\u0304na<\/strong><\/p>\n<p style=\"text-align: center;\">Die Zubereitung der Kurmitel<\/p>\n<p style=\"text-align: center;\"><strong>Uttara Stha\u0304na<\/strong><\/p>\n<p style=\"text-align: center;\">Die restlichen sieben Zweige des Ayurveda<\/p>\n<p><a href=\"https:\/\/verlag.wiethase.de\/wp-content\/uploads\/2021\/04\/cover-Astanga-Gesamt-front-scaled.jpg\"><img loading=\"lazy\" decoding=\"async\" class=\"alignnone size-medium wp-image-812\" src=\"https:\/\/verlag.wiethase.de\/wp-content\/uploads\/2021\/04\/cover-Astanga-Gesamt-front-212x300.jpg\" alt=\"\" width=\"212\" height=\"300\" srcset=\"https:\/\/verlag.wiethase.de\/wp-content\/uploads\/2021\/04\/cover-Astanga-Gesamt-front-212x300.jpg 212w, https:\/\/verlag.wiethase.de\/wp-content\/uploads\/2021\/04\/cover-Astanga-Gesamt-front-724x1024.jpg 724w, https:\/\/verlag.wiethase.de\/wp-content\/uploads\/2021\/04\/cover-Astanga-Gesamt-front-768x1087.jpg 768w, https:\/\/verlag.wiethase.de\/wp-content\/uploads\/2021\/04\/cover-Astanga-Gesamt-front-1085x1536.jpg 1085w, https:\/\/verlag.wiethase.de\/wp-content\/uploads\/2021\/04\/cover-Astanga-Gesamt-front-1447x2048.jpg 1447w, https:\/\/verlag.wiethase.de\/wp-content\/uploads\/2021\/04\/cover-Astanga-Gesamt-front-scaled.jpg 1809w\" sizes=\"auto, (max-width: 212px) 100vw, 212px\" \/><\/a> <a href=\"https:\/\/verlag.wiethase.de\/wp-content\/uploads\/2021\/04\/Astanga-Gesamtausgabe-A4-korrigiert-verschoben-7-scaled.jpg\"><img loading=\"lazy\" decoding=\"async\" class=\"alignnone size-medium wp-image-811\" src=\"https:\/\/verlag.wiethase.de\/wp-content\/uploads\/2021\/04\/Astanga-Gesamtausgabe-A4-korrigiert-verschoben-7-203x300.jpg\" alt=\"\" width=\"203\" height=\"300\" srcset=\"https:\/\/verlag.wiethase.de\/wp-content\/uploads\/2021\/04\/Astanga-Gesamtausgabe-A4-korrigiert-verschoben-7-203x300.jpg 203w, https:\/\/verlag.wiethase.de\/wp-content\/uploads\/2021\/04\/Astanga-Gesamtausgabe-A4-korrigiert-verschoben-7-691x1024.jpg 691w, https:\/\/verlag.wiethase.de\/wp-content\/uploads\/2021\/04\/Astanga-Gesamtausgabe-A4-korrigiert-verschoben-7-768x1138.jpg 768w, https:\/\/verlag.wiethase.de\/wp-content\/uploads\/2021\/04\/Astanga-Gesamtausgabe-A4-korrigiert-verschoben-7-1037x1536.jpg 1037w, https:\/\/verlag.wiethase.de\/wp-content\/uploads\/2021\/04\/Astanga-Gesamtausgabe-A4-korrigiert-verschoben-7-1383x2048.jpg 1383w, https:\/\/verlag.wiethase.de\/wp-content\/uploads\/2021\/04\/Astanga-Gesamtausgabe-A4-korrigiert-verschoben-7-scaled.jpg 1728w\" sizes=\"auto, (max-width: 203px) 100vw, 203px\" \/><\/a> <a href=\"https:\/\/verlag.wiethase.de\/wp-content\/uploads\/2021\/04\/Astanga-Gesamtausgabe-A4-korrigiert-verschoben-4.jpg\"><img loading=\"lazy\" decoding=\"async\" class=\"alignnone size-medium wp-image-810\" src=\"https:\/\/verlag.wiethase.de\/wp-content\/uploads\/2021\/04\/Astanga-Gesamtausgabe-A4-korrigiert-verschoben-4-282x300.jpg\" alt=\"\" width=\"282\" height=\"300\" srcset=\"https:\/\/verlag.wiethase.de\/wp-content\/uploads\/2021\/04\/Astanga-Gesamtausgabe-A4-korrigiert-verschoben-4-282x300.jpg 282w, https:\/\/verlag.wiethase.de\/wp-content\/uploads\/2021\/04\/Astanga-Gesamtausgabe-A4-korrigiert-verschoben-4-845x898.jpg 845w, https:\/\/verlag.wiethase.de\/wp-content\/uploads\/2021\/04\/Astanga-Gesamtausgabe-A4-korrigiert-verschoben-4-768x816.jpg 768w, https:\/\/verlag.wiethase.de\/wp-content\/uploads\/2021\/04\/Astanga-Gesamtausgabe-A4-korrigiert-verschoben-4-1446x1536.jpg 1446w, https:\/\/verlag.wiethase.de\/wp-content\/uploads\/2021\/04\/Astanga-Gesamtausgabe-A4-korrigiert-verschoben-4.jpg 1817w\" sizes=\"auto, (max-width: 282px) 100vw, 282px\" \/><\/a> <a href=\"https:\/\/verlag.wiethase.de\/wp-content\/uploads\/2021\/04\/Astanga-Gesamtausgabe-A4-korrigiert-verschoben-3-scaled.jpg\"><img loading=\"lazy\" decoding=\"async\" class=\"alignnone size-medium wp-image-809\" src=\"https:\/\/verlag.wiethase.de\/wp-content\/uploads\/2021\/04\/Astanga-Gesamtausgabe-A4-korrigiert-verschoben-3-225x300.jpg\" alt=\"\" width=\"225\" height=\"300\" srcset=\"https:\/\/verlag.wiethase.de\/wp-content\/uploads\/2021\/04\/Astanga-Gesamtausgabe-A4-korrigiert-verschoben-3-225x300.jpg 225w, https:\/\/verlag.wiethase.de\/wp-content\/uploads\/2021\/04\/Astanga-Gesamtausgabe-A4-korrigiert-verschoben-3-770x1024.jpg 770w, https:\/\/verlag.wiethase.de\/wp-content\/uploads\/2021\/04\/Astanga-Gesamtausgabe-A4-korrigiert-verschoben-3-768x1022.jpg 768w, https:\/\/verlag.wiethase.de\/wp-content\/uploads\/2021\/04\/Astanga-Gesamtausgabe-A4-korrigiert-verschoben-3-1155x1536.jpg 1155w, https:\/\/verlag.wiethase.de\/wp-content\/uploads\/2021\/04\/Astanga-Gesamtausgabe-A4-korrigiert-verschoben-3-1539x2048.jpg 1539w, https:\/\/verlag.wiethase.de\/wp-content\/uploads\/2021\/04\/Astanga-Gesamtausgabe-A4-korrigiert-verschoben-3-scaled.jpg 1924w\" sizes=\"auto, (max-width: 225px) 100vw, 225px\" \/><\/a> <a href=\"https:\/\/verlag.wiethase.de\/wp-content\/uploads\/2021\/04\/Astanga-Gesamtausgabe-A4-korrigiert-verschoben-2.jpg\"><img loading=\"lazy\" decoding=\"async\" class=\"alignnone size-medium wp-image-808\" src=\"https:\/\/verlag.wiethase.de\/wp-content\/uploads\/2021\/04\/Astanga-Gesamtausgabe-A4-korrigiert-verschoben-2-282x300.jpg\" alt=\"\" width=\"282\" height=\"300\" srcset=\"https:\/\/verlag.wiethase.de\/wp-content\/uploads\/2021\/04\/Astanga-Gesamtausgabe-A4-korrigiert-verschoben-2-282x300.jpg 282w, https:\/\/verlag.wiethase.de\/wp-content\/uploads\/2021\/04\/Astanga-Gesamtausgabe-A4-korrigiert-verschoben-2-845x898.jpg 845w, https:\/\/verlag.wiethase.de\/wp-content\/uploads\/2021\/04\/Astanga-Gesamtausgabe-A4-korrigiert-verschoben-2-768x816.jpg 768w, https:\/\/verlag.wiethase.de\/wp-content\/uploads\/2021\/04\/Astanga-Gesamtausgabe-A4-korrigiert-verschoben-2-1446x1536.jpg 1446w, https:\/\/verlag.wiethase.de\/wp-content\/uploads\/2021\/04\/Astanga-Gesamtausgabe-A4-korrigiert-verschoben-2.jpg 1817w\" sizes=\"auto, (max-width: 282px) 100vw, 282px\" \/><\/a> <a href=\"https:\/\/verlag.wiethase.de\/wp-content\/uploads\/2021\/04\/Astanga-Gesamtausgabe-A4-korrigiert-verschoben-8-scaled.jpg\"><img loading=\"lazy\" decoding=\"async\" class=\"alignnone size-medium wp-image-807\" src=\"https:\/\/verlag.wiethase.de\/wp-content\/uploads\/2021\/04\/Astanga-Gesamtausgabe-A4-korrigiert-verschoben-8-210x300.jpg\" alt=\"\" width=\"210\" height=\"300\" srcset=\"https:\/\/verlag.wiethase.de\/wp-content\/uploads\/2021\/04\/Astanga-Gesamtausgabe-A4-korrigiert-verschoben-8-210x300.jpg 210w, https:\/\/verlag.wiethase.de\/wp-content\/uploads\/2021\/04\/Astanga-Gesamtausgabe-A4-korrigiert-verschoben-8-715x1024.jpg 715w, https:\/\/verlag.wiethase.de\/wp-content\/uploads\/2021\/04\/Astanga-Gesamtausgabe-A4-korrigiert-verschoben-8-768x1100.jpg 768w, https:\/\/verlag.wiethase.de\/wp-content\/uploads\/2021\/04\/Astanga-Gesamtausgabe-A4-korrigiert-verschoben-8-1073x1536.jpg 1073w, https:\/\/verlag.wiethase.de\/wp-content\/uploads\/2021\/04\/Astanga-Gesamtausgabe-A4-korrigiert-verschoben-8-1431x2048.jpg 1431w, https:\/\/verlag.wiethase.de\/wp-content\/uploads\/2021\/04\/Astanga-Gesamtausgabe-A4-korrigiert-verschoben-8-scaled.jpg 1788w\" sizes=\"auto, (max-width: 210px) 100vw, 210px\" \/><\/a><\/p>\n<div class=\"page\" title=\"Page 1\">\n<div class=\"section\">\n<div class=\"layoutArea\">\n<div class=\"column\">\n<p>ISBN 978 3 948396-16-9 Als Hardcover mit 600 Seiten, Gewicht 2,6 Kilo, Preis: \u20ac 96.&#8211;\u00a0<\/p>\n<\/div>\n<\/div>\n<\/div>\n<\/div>\n<\/div>\n<\/div>\n<\/div>\n","protected":false},"excerpt":{"rendered":"<p>Das achtgliedrige Herz Su\u0304tra Stha\u0304na Die grundsa\u0308tzlichen Prinzipien Sarira Stha\u0304na Vom Ko\u0308rper Nidana Stha\u0304na Die Diagnose von Krankheiten Chikitsita Stha\u0304na Die Heilmethoden Kalpha Stha\u0304na Die Zubereitung der Kurmitel Uttara Stha\u0304na Die restlichen sieben Zweige des Ayurveda ISBN 978 3 948396-16-9 &hellip; <a href=\"https:\/\/verlag.wiethase.de\/?page_id=806\">Weiterlesen <span class=\"meta-nav\">&rarr;<\/span><\/a><\/p>\n","protected":false},"author":1,"featured_media":812,"parent":390,"menu_order":0,"comment_status":"closed","ping_status":"closed","template":"","meta":{"_monsterinsights_skip_tracking":false,"_monsterinsights_sitenote_active":false,"_monsterinsights_sitenote_note":"","_monsterinsights_sitenote_category":0,"footnotes":""},"class_list":["post-806","page","type-page","status-publish","has-post-thumbnail","hentry"],"yoast_head":"<!-- This site is optimized with the Yoast SEO plugin v27.4 - https:\/\/yoast.com\/product\/yoast-seo-wordpress\/ -->\n<title>AS\u0327T\u0327A\u0304NGA HR\u0327DAYAM Gesamtausgabe - WiethaseVerlag<\/title>\n<meta name=\"description\" content=\"Astanga Hrdayam - neu bearbeitete Gesamtausgabe der 6 B\u00fccher in einem Buch (600 Seiten)\" \/>\n<meta name=\"robots\" content=\"index, follow, max-snippet:-1, max-image-preview:large, max-video-preview:-1\" \/>\n<link rel=\"canonical\" href=\"https:\/\/verlag.wiethase.de\/?page_id=806\" \/>\n<meta property=\"og:locale\" content=\"de_DE\" \/>\n<meta property=\"og:type\" content=\"article\" \/>\n<meta property=\"og:title\" content=\"AS\u0327T\u0327A\u0304NGA HR\u0327DAYAM Gesamtausgabe - WiethaseVerlag\" \/>\n<meta property=\"og:description\" content=\"Astanga Hrdayam - neu bearbeitete Gesamtausgabe der 6 B\u00fccher in einem Buch (600 Seiten)\" \/>\n<meta property=\"og:url\" content=\"https:\/\/verlag.wiethase.de\/?page_id=806\" \/>\n<meta property=\"og:site_name\" content=\"WiethaseVerlag\" \/>\n<meta property=\"article:publisher\" content=\"https:\/\/www.facebook.com\/profile.php?id=100063974142366\" \/>\n<meta property=\"og:image\" content=\"https:\/\/verlag.wiethase.de\/wp-content\/uploads\/2021\/04\/cover-Astanga-Gesamt-front-scaled.jpg\" \/>\n\t<meta property=\"og:image:width\" content=\"1809\" \/>\n\t<meta property=\"og:image:height\" content=\"2560\" \/>\n\t<meta property=\"og:image:type\" content=\"image\/jpeg\" \/>\n<meta name=\"twitter:card\" content=\"summary_large_image\" \/>\n<meta name=\"twitter:label1\" content=\"Gesch\u00e4tzte Lesezeit\" \/>\n\t<meta name=\"twitter:data1\" content=\"2\u00a0Minuten\" \/>\n<script type=\"application\/ld+json\" class=\"yoast-schema-graph\">{\"@context\":\"https:\\\/\\\/schema.org\",\"@graph\":[{\"@type\":\"WebPage\",\"@id\":\"https:\\\/\\\/verlag.wiethase.de\\\/?page_id=806\",\"url\":\"https:\\\/\\\/verlag.wiethase.de\\\/?page_id=806\",\"name\":\"AS\u0327T\u0327A\u0304NGA HR\u0327DAYAM Gesamtausgabe - WiethaseVerlag\",\"isPartOf\":{\"@id\":\"https:\\\/\\\/verlag.wiethase.de\\\/#website\"},\"primaryImageOfPage\":{\"@id\":\"https:\\\/\\\/verlag.wiethase.de\\\/?page_id=806#primaryimage\"},\"image\":{\"@id\":\"https:\\\/\\\/verlag.wiethase.de\\\/?page_id=806#primaryimage\"},\"thumbnailUrl\":\"https:\\\/\\\/verlag.wiethase.de\\\/wp-content\\\/uploads\\\/2021\\\/04\\\/cover-Astanga-Gesamt-front-scaled.jpg\",\"datePublished\":\"2021-04-22T15:27:34+00:00\",\"description\":\"Astanga Hrdayam - neu bearbeitete Gesamtausgabe der 6 B\u00fccher in einem Buch (600 Seiten)\",\"breadcrumb\":{\"@id\":\"https:\\\/\\\/verlag.wiethase.de\\\/?page_id=806#breadcrumb\"},\"inLanguage\":\"de\",\"potentialAction\":[{\"@type\":\"ReadAction\",\"target\":[\"https:\\\/\\\/verlag.wiethase.de\\\/?page_id=806\"]}]},{\"@type\":\"ImageObject\",\"inLanguage\":\"de\",\"@id\":\"https:\\\/\\\/verlag.wiethase.de\\\/?page_id=806#primaryimage\",\"url\":\"https:\\\/\\\/verlag.wiethase.de\\\/wp-content\\\/uploads\\\/2021\\\/04\\\/cover-Astanga-Gesamt-front-scaled.jpg\",\"contentUrl\":\"https:\\\/\\\/verlag.wiethase.de\\\/wp-content\\\/uploads\\\/2021\\\/04\\\/cover-Astanga-Gesamt-front-scaled.jpg\",\"width\":1809,\"height\":2560},{\"@type\":\"BreadcrumbList\",\"@id\":\"https:\\\/\\\/verlag.wiethase.de\\\/?page_id=806#breadcrumb\",\"itemListElement\":[{\"@type\":\"ListItem\",\"position\":1,\"name\":\"Startseite\",\"item\":\"https:\\\/\\\/verlag.wiethase.de\\\/\"},{\"@type\":\"ListItem\",\"position\":2,\"name\":\"Ayurveda Deutsch\",\"item\":\"https:\\\/\\\/verlag.wiethase.de\\\/?page_id=390\"},{\"@type\":\"ListItem\",\"position\":3,\"name\":\"AS\u0327T\u0327A\u0304NGA HR\u0327DAYAM Gesamtausgabe\"}]},{\"@type\":\"WebSite\",\"@id\":\"https:\\\/\\\/verlag.wiethase.de\\\/#website\",\"url\":\"https:\\\/\\\/verlag.wiethase.de\\\/\",\"name\":\"WiethaseVerlag\",\"description\":\"B\u00fccher - DVD - H\u00f6rb\u00fccher\",\"publisher\":{\"@id\":\"https:\\\/\\\/verlag.wiethase.de\\\/#organization\"},\"potentialAction\":[{\"@type\":\"SearchAction\",\"target\":{\"@type\":\"EntryPoint\",\"urlTemplate\":\"https:\\\/\\\/verlag.wiethase.de\\\/?s={search_term_string}\"},\"query-input\":{\"@type\":\"PropertyValueSpecification\",\"valueRequired\":true,\"valueName\":\"search_term_string\"}}],\"inLanguage\":\"de\"},{\"@type\":\"Organization\",\"@id\":\"https:\\\/\\\/verlag.wiethase.de\\\/#organization\",\"name\":\"Wiethase Verlag\",\"url\":\"https:\\\/\\\/verlag.wiethase.de\\\/\",\"logo\":{\"@type\":\"ImageObject\",\"inLanguage\":\"de\",\"@id\":\"https:\\\/\\\/verlag.wiethase.de\\\/#\\\/schema\\\/logo\\\/image\\\/\",\"url\":\"https:\\\/\\\/verlag.wiethase.de\\\/wp-content\\\/uploads\\\/2022\\\/07\\\/logo-verlag.jpg\",\"contentUrl\":\"https:\\\/\\\/verlag.wiethase.de\\\/wp-content\\\/uploads\\\/2022\\\/07\\\/logo-verlag.jpg\",\"width\":790,\"height\":514,\"caption\":\"Wiethase Verlag\"},\"image\":{\"@id\":\"https:\\\/\\\/verlag.wiethase.de\\\/#\\\/schema\\\/logo\\\/image\\\/\"},\"sameAs\":[\"https:\\\/\\\/www.facebook.com\\\/profile.php?id=100063974142366\"]}]}<\/script>\n<!-- \/ Yoast SEO plugin. -->","yoast_head_json":{"title":"AS\u0327T\u0327A\u0304NGA HR\u0327DAYAM Gesamtausgabe - WiethaseVerlag","description":"Astanga Hrdayam - neu bearbeitete Gesamtausgabe der 6 B\u00fccher in einem Buch (600 Seiten)","robots":{"index":"index","follow":"follow","max-snippet":"max-snippet:-1","max-image-preview":"max-image-preview:large","max-video-preview":"max-video-preview:-1"},"canonical":"https:\/\/verlag.wiethase.de\/?page_id=806","og_locale":"de_DE","og_type":"article","og_title":"AS\u0327T\u0327A\u0304NGA HR\u0327DAYAM Gesamtausgabe - WiethaseVerlag","og_description":"Astanga Hrdayam - neu bearbeitete Gesamtausgabe der 6 B\u00fccher in einem Buch (600 Seiten)","og_url":"https:\/\/verlag.wiethase.de\/?page_id=806","og_site_name":"WiethaseVerlag","article_publisher":"https:\/\/www.facebook.com\/profile.php?id=100063974142366","og_image":[{"width":1809,"height":2560,"url":"https:\/\/verlag.wiethase.de\/wp-content\/uploads\/2021\/04\/cover-Astanga-Gesamt-front-scaled.jpg","type":"image\/jpeg"}],"twitter_card":"summary_large_image","twitter_misc":{"Gesch\u00e4tzte Lesezeit":"2\u00a0Minuten"},"schema":{"@context":"https:\/\/schema.org","@graph":[{"@type":"WebPage","@id":"https:\/\/verlag.wiethase.de\/?page_id=806","url":"https:\/\/verlag.wiethase.de\/?page_id=806","name":"AS\u0327T\u0327A\u0304NGA HR\u0327DAYAM Gesamtausgabe - WiethaseVerlag","isPartOf":{"@id":"https:\/\/verlag.wiethase.de\/#website"},"primaryImageOfPage":{"@id":"https:\/\/verlag.wiethase.de\/?page_id=806#primaryimage"},"image":{"@id":"https:\/\/verlag.wiethase.de\/?page_id=806#primaryimage"},"thumbnailUrl":"https:\/\/verlag.wiethase.de\/wp-content\/uploads\/2021\/04\/cover-Astanga-Gesamt-front-scaled.jpg","datePublished":"2021-04-22T15:27:34+00:00","description":"Astanga Hrdayam - neu bearbeitete Gesamtausgabe der 6 B\u00fccher in einem Buch (600 Seiten)","breadcrumb":{"@id":"https:\/\/verlag.wiethase.de\/?page_id=806#breadcrumb"},"inLanguage":"de","potentialAction":[{"@type":"ReadAction","target":["https:\/\/verlag.wiethase.de\/?page_id=806"]}]},{"@type":"ImageObject","inLanguage":"de","@id":"https:\/\/verlag.wiethase.de\/?page_id=806#primaryimage","url":"https:\/\/verlag.wiethase.de\/wp-content\/uploads\/2021\/04\/cover-Astanga-Gesamt-front-scaled.jpg","contentUrl":"https:\/\/verlag.wiethase.de\/wp-content\/uploads\/2021\/04\/cover-Astanga-Gesamt-front-scaled.jpg","width":1809,"height":2560},{"@type":"BreadcrumbList","@id":"https:\/\/verlag.wiethase.de\/?page_id=806#breadcrumb","itemListElement":[{"@type":"ListItem","position":1,"name":"Startseite","item":"https:\/\/verlag.wiethase.de\/"},{"@type":"ListItem","position":2,"name":"Ayurveda Deutsch","item":"https:\/\/verlag.wiethase.de\/?page_id=390"},{"@type":"ListItem","position":3,"name":"AS\u0327T\u0327A\u0304NGA HR\u0327DAYAM Gesamtausgabe"}]},{"@type":"WebSite","@id":"https:\/\/verlag.wiethase.de\/#website","url":"https:\/\/verlag.wiethase.de\/","name":"WiethaseVerlag","description":"B\u00fccher - DVD - H\u00f6rb\u00fccher","publisher":{"@id":"https:\/\/verlag.wiethase.de\/#organization"},"potentialAction":[{"@type":"SearchAction","target":{"@type":"EntryPoint","urlTemplate":"https:\/\/verlag.wiethase.de\/?s={search_term_string}"},"query-input":{"@type":"PropertyValueSpecification","valueRequired":true,"valueName":"search_term_string"}}],"inLanguage":"de"},{"@type":"Organization","@id":"https:\/\/verlag.wiethase.de\/#organization","name":"Wiethase Verlag","url":"https:\/\/verlag.wiethase.de\/","logo":{"@type":"ImageObject","inLanguage":"de","@id":"https:\/\/verlag.wiethase.de\/#\/schema\/logo\/image\/","url":"https:\/\/verlag.wiethase.de\/wp-content\/uploads\/2022\/07\/logo-verlag.jpg","contentUrl":"https:\/\/verlag.wiethase.de\/wp-content\/uploads\/2022\/07\/logo-verlag.jpg","width":790,"height":514,"caption":"Wiethase Verlag"},"image":{"@id":"https:\/\/verlag.wiethase.de\/#\/schema\/logo\/image\/"},"sameAs":["https:\/\/www.facebook.com\/profile.php?id=100063974142366"]}]}},"_links":{"self":[{"href":"https:\/\/verlag.wiethase.de\/index.php?rest_route=\/wp\/v2\/pages\/806","targetHints":{"allow":["GET"]}}],"collection":[{"href":"https:\/\/verlag.wiethase.de\/index.php?rest_route=\/wp\/v2\/pages"}],"about":[{"href":"https:\/\/verlag.wiethase.de\/index.php?rest_route=\/wp\/v2\/types\/page"}],"author":[{"embeddable":true,"href":"https:\/\/verlag.wiethase.de\/index.php?rest_route=\/wp\/v2\/users\/1"}],"replies":[{"embeddable":true,"href":"https:\/\/verlag.wiethase.de\/index.php?rest_route=%2Fwp%2Fv2%2Fcomments&post=806"}],"version-history":[{"count":1,"href":"https:\/\/verlag.wiethase.de\/index.php?rest_route=\/wp\/v2\/pages\/806\/revisions"}],"predecessor-version":[{"id":813,"href":"https:\/\/verlag.wiethase.de\/index.php?rest_route=\/wp\/v2\/pages\/806\/revisions\/813"}],"up":[{"embeddable":true,"href":"https:\/\/verlag.wiethase.de\/index.php?rest_route=\/wp\/v2\/pages\/390"}],"wp:featuredmedia":[{"embeddable":true,"href":"https:\/\/verlag.wiethase.de\/index.php?rest_route=\/wp\/v2\/media\/812"}],"wp:attachment":[{"href":"https:\/\/verlag.wiethase.de\/index.php?rest_route=%2Fwp%2Fv2%2Fmedia&parent=806"}],"curies":[{"name":"wp","href":"https:\/\/api.w.org\/{rel}","templated":true}]}}