{"id":805,"date":"2024-06-01T13:38:55","date_gmt":"2024-06-01T13:38:55","guid":{"rendered":"https:\/\/verlag.wiethase.de\/?page_id=805"},"modified":"2024-06-01T13:38:56","modified_gmt":"2024-06-01T13:38:56","slug":"astanga-hrdayam-gesamtausgabe","status":"publish","type":"page","link":"https:\/\/verlag.wiethase.de\/?page_id=805","title":{"rendered":"Astanga Hrdayam Gesamtausgabe"},"content":{"rendered":"\n<figure class=\"wp-block-image size-large\"><a href=\"https:\/\/verlag.wiethase.de\/wp-content\/uploads\/2024\/06\/Astanga-gesamtausgabe-Cover.jpg\"><img loading=\"lazy\" decoding=\"async\" width=\"670\" height=\"1024\" src=\"https:\/\/verlag.wiethase.de\/wp-content\/uploads\/2024\/06\/Astanga-gesamtausgabe-Cover-670x1024.jpg\" alt=\"\" class=\"wp-image-1031\" srcset=\"https:\/\/verlag.wiethase.de\/wp-content\/uploads\/2024\/06\/Astanga-gesamtausgabe-Cover-670x1024.jpg 670w, https:\/\/verlag.wiethase.de\/wp-content\/uploads\/2024\/06\/Astanga-gesamtausgabe-Cover-196x300.jpg 196w, https:\/\/verlag.wiethase.de\/wp-content\/uploads\/2024\/06\/Astanga-gesamtausgabe-Cover-768x1173.jpg 768w, https:\/\/verlag.wiethase.de\/wp-content\/uploads\/2024\/06\/Astanga-gesamtausgabe-Cover.jpg 770w\" sizes=\"auto, (max-width: 670px) 100vw, 670px\" \/><\/a><\/figure>\n\n\n\n<p>Diese neue Ausgabe unterscheidet sich von der siebenb\u00e4ndigen Version darin, dass die Erkl\u00e4rungen im Text knapper gefasst sind, was folgendes Beispiel zeigen soll:<\/p>\n\n\n\n<p>(<strong>siebenb\u00e4ndige <\/strong>Version)<\/p>\n\n\n\n<p>Je zwei Pala Vyo\u015f\u0101, T\u0101l\u012bsa, Cavia, Ti\u00f1tid\u012bka, Amlavetasa, Agni und Aj\u0101j\u012b und je ein Viertel Pala Tvak, El\u0101 und Patra verreibe man zu Pulver, das man in einem halben Tula alter Melasse kocht<br>und zu Pillen verarbeitet.<br>Damit heilt man Schnupfen, Atemnot und Husten.<br>Zudem bewahrt man seinen Appetit und eine gute Stimme.<\/p>\n\n\n\n<p><strong>Pala: <\/strong>45,5 Gramm. <strong>Vyo\u015fa: <\/strong>Die drei scharfen Substanzen: Marica, N\u0101gara und Pippal\u012b. <strong>T\u0101lisa Patra: <\/strong>Himalayatanne. Droge sind die Nadeln. <strong>Wilder Pfeffer: <\/strong>Wilder Pfeffer. Droge ist die Wurzel. <strong>Tintid\u012bka: <\/strong>Chinesischer Sumachbaum, Gallen-Sumach. <strong>Amla(vetasa): <\/strong>Mangostane. <strong>Agni(k\u0101): <\/strong>Plumbago zeylanica, Bleiwurz. <strong>Aj\u0101j\u012b: <\/strong>Kreuzk\u00fcmmel. <strong>Tvak: <\/strong>Rinde des Ceylon-Zimtbaums. <strong>El\u0101: <\/strong>Kardamom. <strong>Patra: <\/strong>Tamilischer Zimtbaum. <strong>Tul\u0101: <\/strong>4,550 Kg.<\/p>\n\n\n\n<p>(<strong>vorliegende <\/strong>Version)<\/p>\n\n\n\n<p>Je 91 Gramm Schwarzer- und Langer Pfeffer, Ingwer, Himalayatanne, Wilder Pfeffer, Gallen-Sumach, Mangostane, Bleiwurz und Kreuzk\u00fcmmel und je 11,4 Gramm Rinde des Ceylon-Zimtbaums, Kardamom und Zimt verreibe man zu Pulver, das man in 2,75 Kilo alter Melasse kocht und zu Pillen verarbeitet. Damit heilt man Schnupfen, Atemnot und Husten.<br>Zudem bewahrt man seinen Appetit und eine gute Stimme.<\/p>\n\n\n\n<p>Diese \u00c4nderungen sollen das Studium erleichtern, indem sie sich auf die deutschen Namen konzentrieren und die Sanskrit-Begriffe im Text durch die deutsche Begriffswelt ersetzt. Lateinische Pflanzennamen sind <em>kursiv <\/em>gesetzt. Spezifisch ayurvedische Begriffe wie Vata, Pitta und Kapha bleiben weitgehend erhalten, weil sie oft nicht einfach durch Wind, Galle und Schleim ersetzt werden k\u00f6nnen. Auch der Begriff Do\u015f\u0101 bleibt erhalten und wird an geeigneter Stelle im Buch, aber auch im Anhang erkl\u00e4rt.<\/p>\n\n\n\n<p>Auch der Anhang ist knapper gehalten, da er sich auf die Deutschen Begriffe konzentriert. Somit f\u00fchrt das lateinische Register nur jene Pflanzen, die keinen Deutschen Namen haben. Das Sanskrit-Register beschr\u00e4nkt sich auf die in dieser Ausgabe verwendeten Begriffe. Auch das ausf\u00fchrliche Gesamtregister des \u201eSiebten Bandes\u201c kann nicht Teil dieser neuen Version sein.<\/p>\n\n\n\n<figure class=\"wp-block-gallery has-nested-images columns-default is-cropped wp-block-gallery-1 is-layout-flex wp-block-gallery-is-layout-flex\">\n<figure class=\"wp-block-image size-large\"><a href=\"https:\/\/verlag.wiethase.de\/wp-content\/uploads\/2024\/06\/Astanga-Gesamtausgabe-A4-korrigiert-verschoben-2-1-scaled.jpg\"><img loading=\"lazy\" decoding=\"async\" width=\"730\" height=\"1024\" data-id=\"1036\" src=\"https:\/\/verlag.wiethase.de\/wp-content\/uploads\/2024\/06\/Astanga-Gesamtausgabe-A4-korrigiert-verschoben-2-1-730x1024.jpg\" alt=\"\" class=\"wp-image-1036\" srcset=\"https:\/\/verlag.wiethase.de\/wp-content\/uploads\/2024\/06\/Astanga-Gesamtausgabe-A4-korrigiert-verschoben-2-1-730x1024.jpg 730w, https:\/\/verlag.wiethase.de\/wp-content\/uploads\/2024\/06\/Astanga-Gesamtausgabe-A4-korrigiert-verschoben-2-1-214x300.jpg 214w, https:\/\/verlag.wiethase.de\/wp-content\/uploads\/2024\/06\/Astanga-Gesamtausgabe-A4-korrigiert-verschoben-2-1-768x1077.jpg 768w, https:\/\/verlag.wiethase.de\/wp-content\/uploads\/2024\/06\/Astanga-Gesamtausgabe-A4-korrigiert-verschoben-2-1-1095x1536.jpg 1095w, https:\/\/verlag.wiethase.de\/wp-content\/uploads\/2024\/06\/Astanga-Gesamtausgabe-A4-korrigiert-verschoben-2-1-1460x2048.jpg 1460w, https:\/\/verlag.wiethase.de\/wp-content\/uploads\/2024\/06\/Astanga-Gesamtausgabe-A4-korrigiert-verschoben-2-1-scaled.jpg 1825w\" sizes=\"auto, (max-width: 730px) 100vw, 730px\" \/><\/a><\/figure>\n\n\n\n<figure class=\"wp-block-image size-large\"><a href=\"https:\/\/verlag.wiethase.de\/wp-content\/uploads\/2024\/06\/Astanga-Gesamtausgabe-A4-korrigiert-verschoben-3-1-scaled.jpg\"><img loading=\"lazy\" decoding=\"async\" width=\"730\" height=\"1024\" data-id=\"1037\" src=\"https:\/\/verlag.wiethase.de\/wp-content\/uploads\/2024\/06\/Astanga-Gesamtausgabe-A4-korrigiert-verschoben-3-1-730x1024.jpg\" alt=\"\" class=\"wp-image-1037\" srcset=\"https:\/\/verlag.wiethase.de\/wp-content\/uploads\/2024\/06\/Astanga-Gesamtausgabe-A4-korrigiert-verschoben-3-1-730x1024.jpg 730w, https:\/\/verlag.wiethase.de\/wp-content\/uploads\/2024\/06\/Astanga-Gesamtausgabe-A4-korrigiert-verschoben-3-1-214x300.jpg 214w, https:\/\/verlag.wiethase.de\/wp-content\/uploads\/2024\/06\/Astanga-Gesamtausgabe-A4-korrigiert-verschoben-3-1-768x1077.jpg 768w, https:\/\/verlag.wiethase.de\/wp-content\/uploads\/2024\/06\/Astanga-Gesamtausgabe-A4-korrigiert-verschoben-3-1-1095x1536.jpg 1095w, https:\/\/verlag.wiethase.de\/wp-content\/uploads\/2024\/06\/Astanga-Gesamtausgabe-A4-korrigiert-verschoben-3-1-1460x2048.jpg 1460w, https:\/\/verlag.wiethase.de\/wp-content\/uploads\/2024\/06\/Astanga-Gesamtausgabe-A4-korrigiert-verschoben-3-1-scaled.jpg 1825w\" sizes=\"auto, (max-width: 730px) 100vw, 730px\" \/><\/a><\/figure>\n\n\n\n<figure class=\"wp-block-image size-large\"><a href=\"https:\/\/verlag.wiethase.de\/wp-content\/uploads\/2024\/06\/Astanga-Gesamtausgabe-A4-korrigiert-verschoben-1-scaled.jpg\"><img loading=\"lazy\" decoding=\"async\" width=\"730\" height=\"1024\" data-id=\"1035\" src=\"https:\/\/verlag.wiethase.de\/wp-content\/uploads\/2024\/06\/Astanga-Gesamtausgabe-A4-korrigiert-verschoben-1-730x1024.jpg\" alt=\"\" class=\"wp-image-1035\" srcset=\"https:\/\/verlag.wiethase.de\/wp-content\/uploads\/2024\/06\/Astanga-Gesamtausgabe-A4-korrigiert-verschoben-1-730x1024.jpg 730w, https:\/\/verlag.wiethase.de\/wp-content\/uploads\/2024\/06\/Astanga-Gesamtausgabe-A4-korrigiert-verschoben-1-214x300.jpg 214w, https:\/\/verlag.wiethase.de\/wp-content\/uploads\/2024\/06\/Astanga-Gesamtausgabe-A4-korrigiert-verschoben-1-768x1077.jpg 768w, https:\/\/verlag.wiethase.de\/wp-content\/uploads\/2024\/06\/Astanga-Gesamtausgabe-A4-korrigiert-verschoben-1-1095x1536.jpg 1095w, https:\/\/verlag.wiethase.de\/wp-content\/uploads\/2024\/06\/Astanga-Gesamtausgabe-A4-korrigiert-verschoben-1-1460x2048.jpg 1460w, https:\/\/verlag.wiethase.de\/wp-content\/uploads\/2024\/06\/Astanga-Gesamtausgabe-A4-korrigiert-verschoben-1-scaled.jpg 1825w\" sizes=\"auto, (max-width: 730px) 100vw, 730px\" \/><\/a><\/figure>\n<\/figure>\n\n\n\n<p>ISBN <strong><a href=\"https:\/\/vlb.de\/app\/\/#product\/show\/b39283a045b740d4ae7d77f5d34957f0\/12\">978-3-948396-16-9<\/a> 600 Seiten, Kunstdruckpapier in Fadenheftung, A4. Das Buch wiegt mehr als 2 Kilo&#8230;. f\u00fcr 96.- Euro<\/strong><\/p>\n\n\n\n<p><strong>Bei Direktbestellung (info@wiethase.de) versende ich innerhalb Deutschlands portofrei (Vorauskasse)<\/strong><\/p>\n","protected":false},"excerpt":{"rendered":"<p>Diese neue Ausgabe unterscheidet sich von der siebenb\u00e4ndigen Version darin, dass die Erkl\u00e4rungen im Text knapper gefasst sind, was folgendes Beispiel zeigen soll: (siebenb\u00e4ndige Version) Je zwei Pala Vyo\u015f\u0101, T\u0101l\u012bsa, Cavia, Ti\u00f1tid\u012bka, Amlavetasa, Agni und Aj\u0101j\u012b und je ein Viertel &hellip; <a href=\"https:\/\/verlag.wiethase.de\/?page_id=805\">Weiterlesen <span class=\"meta-nav\">&rarr;<\/span><\/a><\/p>\n","protected":false},"author":1,"featured_media":0,"parent":390,"menu_order":1,"comment_status":"closed","ping_status":"closed","template":"","meta":{"_monsterinsights_skip_tracking":false,"_monsterinsights_sitenote_active":false,"_monsterinsights_sitenote_note":"","_monsterinsights_sitenote_category":0,"footnotes":""},"class_list":["post-805","page","type-page","status-publish","hentry"],"yoast_head":"<!-- This site is optimized with the Yoast SEO plugin v27.4 - https:\/\/yoast.com\/product\/yoast-seo-wordpress\/ -->\n<title>Astanga Hrdayam Gesamtausgabe - WiethaseVerlag<\/title>\n<meta name=\"robots\" content=\"index, follow, max-snippet:-1, max-image-preview:large, max-video-preview:-1\" \/>\n<link rel=\"canonical\" href=\"https:\/\/verlag.wiethase.de\/?page_id=805\" \/>\n<meta property=\"og:locale\" content=\"de_DE\" \/>\n<meta property=\"og:type\" content=\"article\" \/>\n<meta property=\"og:title\" content=\"Astanga Hrdayam Gesamtausgabe - WiethaseVerlag\" \/>\n<meta property=\"og:description\" content=\"Diese neue Ausgabe unterscheidet sich von der siebenb\u00e4ndigen Version darin, dass die Erkl\u00e4rungen im Text knapper gefasst sind, was folgendes Beispiel zeigen soll: (siebenb\u00e4ndige Version) Je zwei Pala Vyo\u015f\u0101, T\u0101l\u012bsa, Cavia, Ti\u00f1tid\u012bka, Amlavetasa, Agni und Aj\u0101j\u012b und je ein Viertel &hellip; Weiterlesen &rarr;\" \/>\n<meta property=\"og:url\" content=\"https:\/\/verlag.wiethase.de\/?page_id=805\" \/>\n<meta property=\"og:site_name\" content=\"WiethaseVerlag\" \/>\n<meta property=\"article:publisher\" content=\"https:\/\/www.facebook.com\/profile.php?id=100063974142366\" \/>\n<meta property=\"article:modified_time\" content=\"2024-06-01T13:38:56+00:00\" \/>\n<meta property=\"og:image\" content=\"https:\/\/verlag.wiethase.de\/wp-content\/uploads\/2024\/06\/Astanga-gesamtausgabe-Cover-670x1024.jpg\" \/>\n<meta name=\"twitter:card\" content=\"summary_large_image\" \/>\n<meta name=\"twitter:label1\" content=\"Gesch\u00e4tzte Lesezeit\" \/>\n\t<meta name=\"twitter:data1\" content=\"3\u00a0Minuten\" \/>\n<script type=\"application\/ld+json\" class=\"yoast-schema-graph\">{\"@context\":\"https:\\\/\\\/schema.org\",\"@graph\":[{\"@type\":\"WebPage\",\"@id\":\"https:\\\/\\\/verlag.wiethase.de\\\/?page_id=805\",\"url\":\"https:\\\/\\\/verlag.wiethase.de\\\/?page_id=805\",\"name\":\"Astanga Hrdayam Gesamtausgabe - WiethaseVerlag\",\"isPartOf\":{\"@id\":\"https:\\\/\\\/verlag.wiethase.de\\\/#website\"},\"primaryImageOfPage\":{\"@id\":\"https:\\\/\\\/verlag.wiethase.de\\\/?page_id=805#primaryimage\"},\"image\":{\"@id\":\"https:\\\/\\\/verlag.wiethase.de\\\/?page_id=805#primaryimage\"},\"thumbnailUrl\":\"https:\\\/\\\/verlag.wiethase.de\\\/wp-content\\\/uploads\\\/2024\\\/06\\\/Astanga-gesamtausgabe-Cover-670x1024.jpg\",\"datePublished\":\"2024-06-01T13:38:55+00:00\",\"dateModified\":\"2024-06-01T13:38:56+00:00\",\"breadcrumb\":{\"@id\":\"https:\\\/\\\/verlag.wiethase.de\\\/?page_id=805#breadcrumb\"},\"inLanguage\":\"de\",\"potentialAction\":[{\"@type\":\"ReadAction\",\"target\":[\"https:\\\/\\\/verlag.wiethase.de\\\/?page_id=805\"]}]},{\"@type\":\"ImageObject\",\"inLanguage\":\"de\",\"@id\":\"https:\\\/\\\/verlag.wiethase.de\\\/?page_id=805#primaryimage\",\"url\":\"https:\\\/\\\/verlag.wiethase.de\\\/wp-content\\\/uploads\\\/2024\\\/06\\\/Astanga-gesamtausgabe-Cover.jpg\",\"contentUrl\":\"https:\\\/\\\/verlag.wiethase.de\\\/wp-content\\\/uploads\\\/2024\\\/06\\\/Astanga-gesamtausgabe-Cover.jpg\",\"width\":770,\"height\":1176},{\"@type\":\"BreadcrumbList\",\"@id\":\"https:\\\/\\\/verlag.wiethase.de\\\/?page_id=805#breadcrumb\",\"itemListElement\":[{\"@type\":\"ListItem\",\"position\":1,\"name\":\"Startseite\",\"item\":\"https:\\\/\\\/verlag.wiethase.de\\\/\"},{\"@type\":\"ListItem\",\"position\":2,\"name\":\"Ayurveda Deutsch\",\"item\":\"https:\\\/\\\/verlag.wiethase.de\\\/?page_id=390\"},{\"@type\":\"ListItem\",\"position\":3,\"name\":\"Astanga Hrdayam Gesamtausgabe\"}]},{\"@type\":\"WebSite\",\"@id\":\"https:\\\/\\\/verlag.wiethase.de\\\/#website\",\"url\":\"https:\\\/\\\/verlag.wiethase.de\\\/\",\"name\":\"WiethaseVerlag\",\"description\":\"B\u00fccher - DVD - H\u00f6rb\u00fccher\",\"publisher\":{\"@id\":\"https:\\\/\\\/verlag.wiethase.de\\\/#organization\"},\"potentialAction\":[{\"@type\":\"SearchAction\",\"target\":{\"@type\":\"EntryPoint\",\"urlTemplate\":\"https:\\\/\\\/verlag.wiethase.de\\\/?s={search_term_string}\"},\"query-input\":{\"@type\":\"PropertyValueSpecification\",\"valueRequired\":true,\"valueName\":\"search_term_string\"}}],\"inLanguage\":\"de\"},{\"@type\":\"Organization\",\"@id\":\"https:\\\/\\\/verlag.wiethase.de\\\/#organization\",\"name\":\"Wiethase Verlag\",\"url\":\"https:\\\/\\\/verlag.wiethase.de\\\/\",\"logo\":{\"@type\":\"ImageObject\",\"inLanguage\":\"de\",\"@id\":\"https:\\\/\\\/verlag.wiethase.de\\\/#\\\/schema\\\/logo\\\/image\\\/\",\"url\":\"https:\\\/\\\/verlag.wiethase.de\\\/wp-content\\\/uploads\\\/2022\\\/07\\\/logo-verlag.jpg\",\"contentUrl\":\"https:\\\/\\\/verlag.wiethase.de\\\/wp-content\\\/uploads\\\/2022\\\/07\\\/logo-verlag.jpg\",\"width\":790,\"height\":514,\"caption\":\"Wiethase Verlag\"},\"image\":{\"@id\":\"https:\\\/\\\/verlag.wiethase.de\\\/#\\\/schema\\\/logo\\\/image\\\/\"},\"sameAs\":[\"https:\\\/\\\/www.facebook.com\\\/profile.php?id=100063974142366\"]}]}<\/script>\n<!-- \/ Yoast SEO plugin. -->","yoast_head_json":{"title":"Astanga Hrdayam Gesamtausgabe - WiethaseVerlag","robots":{"index":"index","follow":"follow","max-snippet":"max-snippet:-1","max-image-preview":"max-image-preview:large","max-video-preview":"max-video-preview:-1"},"canonical":"https:\/\/verlag.wiethase.de\/?page_id=805","og_locale":"de_DE","og_type":"article","og_title":"Astanga Hrdayam Gesamtausgabe - WiethaseVerlag","og_description":"Diese neue Ausgabe unterscheidet sich von der siebenb\u00e4ndigen Version darin, dass die Erkl\u00e4rungen im Text knapper gefasst sind, was folgendes Beispiel zeigen soll: (siebenb\u00e4ndige Version) Je zwei Pala Vyo\u015f\u0101, T\u0101l\u012bsa, Cavia, Ti\u00f1tid\u012bka, Amlavetasa, Agni und Aj\u0101j\u012b und je ein Viertel &hellip; Weiterlesen &rarr;","og_url":"https:\/\/verlag.wiethase.de\/?page_id=805","og_site_name":"WiethaseVerlag","article_publisher":"https:\/\/www.facebook.com\/profile.php?id=100063974142366","article_modified_time":"2024-06-01T13:38:56+00:00","og_image":[{"url":"https:\/\/verlag.wiethase.de\/wp-content\/uploads\/2024\/06\/Astanga-gesamtausgabe-Cover-670x1024.jpg","type":"","width":"","height":""}],"twitter_card":"summary_large_image","twitter_misc":{"Gesch\u00e4tzte Lesezeit":"3\u00a0Minuten"},"schema":{"@context":"https:\/\/schema.org","@graph":[{"@type":"WebPage","@id":"https:\/\/verlag.wiethase.de\/?page_id=805","url":"https:\/\/verlag.wiethase.de\/?page_id=805","name":"Astanga Hrdayam Gesamtausgabe - WiethaseVerlag","isPartOf":{"@id":"https:\/\/verlag.wiethase.de\/#website"},"primaryImageOfPage":{"@id":"https:\/\/verlag.wiethase.de\/?page_id=805#primaryimage"},"image":{"@id":"https:\/\/verlag.wiethase.de\/?page_id=805#primaryimage"},"thumbnailUrl":"https:\/\/verlag.wiethase.de\/wp-content\/uploads\/2024\/06\/Astanga-gesamtausgabe-Cover-670x1024.jpg","datePublished":"2024-06-01T13:38:55+00:00","dateModified":"2024-06-01T13:38:56+00:00","breadcrumb":{"@id":"https:\/\/verlag.wiethase.de\/?page_id=805#breadcrumb"},"inLanguage":"de","potentialAction":[{"@type":"ReadAction","target":["https:\/\/verlag.wiethase.de\/?page_id=805"]}]},{"@type":"ImageObject","inLanguage":"de","@id":"https:\/\/verlag.wiethase.de\/?page_id=805#primaryimage","url":"https:\/\/verlag.wiethase.de\/wp-content\/uploads\/2024\/06\/Astanga-gesamtausgabe-Cover.jpg","contentUrl":"https:\/\/verlag.wiethase.de\/wp-content\/uploads\/2024\/06\/Astanga-gesamtausgabe-Cover.jpg","width":770,"height":1176},{"@type":"BreadcrumbList","@id":"https:\/\/verlag.wiethase.de\/?page_id=805#breadcrumb","itemListElement":[{"@type":"ListItem","position":1,"name":"Startseite","item":"https:\/\/verlag.wiethase.de\/"},{"@type":"ListItem","position":2,"name":"Ayurveda Deutsch","item":"https:\/\/verlag.wiethase.de\/?page_id=390"},{"@type":"ListItem","position":3,"name":"Astanga Hrdayam Gesamtausgabe"}]},{"@type":"WebSite","@id":"https:\/\/verlag.wiethase.de\/#website","url":"https:\/\/verlag.wiethase.de\/","name":"WiethaseVerlag","description":"B\u00fccher - DVD - H\u00f6rb\u00fccher","publisher":{"@id":"https:\/\/verlag.wiethase.de\/#organization"},"potentialAction":[{"@type":"SearchAction","target":{"@type":"EntryPoint","urlTemplate":"https:\/\/verlag.wiethase.de\/?s={search_term_string}"},"query-input":{"@type":"PropertyValueSpecification","valueRequired":true,"valueName":"search_term_string"}}],"inLanguage":"de"},{"@type":"Organization","@id":"https:\/\/verlag.wiethase.de\/#organization","name":"Wiethase Verlag","url":"https:\/\/verlag.wiethase.de\/","logo":{"@type":"ImageObject","inLanguage":"de","@id":"https:\/\/verlag.wiethase.de\/#\/schema\/logo\/image\/","url":"https:\/\/verlag.wiethase.de\/wp-content\/uploads\/2022\/07\/logo-verlag.jpg","contentUrl":"https:\/\/verlag.wiethase.de\/wp-content\/uploads\/2022\/07\/logo-verlag.jpg","width":790,"height":514,"caption":"Wiethase Verlag"},"image":{"@id":"https:\/\/verlag.wiethase.de\/#\/schema\/logo\/image\/"},"sameAs":["https:\/\/www.facebook.com\/profile.php?id=100063974142366"]}]}},"_links":{"self":[{"href":"https:\/\/verlag.wiethase.de\/index.php?rest_route=\/wp\/v2\/pages\/805","targetHints":{"allow":["GET"]}}],"collection":[{"href":"https:\/\/verlag.wiethase.de\/index.php?rest_route=\/wp\/v2\/pages"}],"about":[{"href":"https:\/\/verlag.wiethase.de\/index.php?rest_route=\/wp\/v2\/types\/page"}],"author":[{"embeddable":true,"href":"https:\/\/verlag.wiethase.de\/index.php?rest_route=\/wp\/v2\/users\/1"}],"replies":[{"embeddable":true,"href":"https:\/\/verlag.wiethase.de\/index.php?rest_route=%2Fwp%2Fv2%2Fcomments&post=805"}],"version-history":[{"count":1,"href":"https:\/\/verlag.wiethase.de\/index.php?rest_route=\/wp\/v2\/pages\/805\/revisions"}],"predecessor-version":[{"id":1038,"href":"https:\/\/verlag.wiethase.de\/index.php?rest_route=\/wp\/v2\/pages\/805\/revisions\/1038"}],"up":[{"embeddable":true,"href":"https:\/\/verlag.wiethase.de\/index.php?rest_route=\/wp\/v2\/pages\/390"}],"wp:attachment":[{"href":"https:\/\/verlag.wiethase.de\/index.php?rest_route=%2Fwp%2Fv2%2Fmedia&parent=805"}],"curies":[{"name":"wp","href":"https:\/\/api.w.org\/{rel}","templated":true}]}}