{"id":784,"date":"2021-02-06T17:27:31","date_gmt":"2021-02-06T17:27:31","guid":{"rendered":"https:\/\/verlag.wiethase.de\/?page_id=784"},"modified":"2024-06-01T13:14:30","modified_gmt":"2024-06-01T13:14:30","slug":"bows-and-arrows-blowpipes-and-spears-of-oceania-supplementary-volume","status":"publish","type":"page","link":"https:\/\/verlag.wiethase.de\/?page_id=784","title":{"rendered":"Bows and Arrows, Blowpipes and Spears of Oceania &#8211; SUPPLEMENTARY VOLUME &#8211;"},"content":{"rendered":"\n<p>This supplement to the previous book \u201eArrows, Bows, Blowpipes and Spears of Oceania\u201c became necessary for several reasons. On the one hand, a version extended with the content developed here would overwhelm or overcharge most readers with its enormous wealth, on the other hand it turned out that the length of this supplement to the book has assumed a length that exceeds 720 pages all together. A one-volume, expanded edition would make the already weighty book too heavy and voluminous.<\/p>\n\n\n\n<p>Nevertheless, the contents of this supplementary volume seem to me to be too im- portant and informative for the interested collector and lover of the topic to do without it entirely.<\/p>\n\n\n\n<p>Particular attention should be paid to the excerpts on the subject from Bir\u00f3\u2018s two books on Berlinhafen and Astrolabe Bay and those by Felix Speiser, Le Roux and Nevermann. All are important sources in this field.<\/p>\n\n\n\n<p>In the present supplement, the page numbers are provided consecutively to the first book starting with 419, so that the page numbers in the registers are not confusing. These registers with the additions are attached and thus apply to the entire work.<\/p>\n\n\n\n<p>Further maps are also attached to this supplementary volume.<\/p>\n\n\n\n<figure class=\"wp-block-image size-large\"><a href=\"https:\/\/verlag.wiethase.de\/wp-content\/uploads\/2021\/02\/Oceania-Cover-englisch-scaled.jpg\"><img loading=\"lazy\" decoding=\"async\" width=\"738\" height=\"1024\" src=\"https:\/\/verlag.wiethase.de\/wp-content\/uploads\/2021\/02\/Oceania-Cover-englisch-738x1024.jpg\" alt=\"\" class=\"wp-image-785\" srcset=\"https:\/\/verlag.wiethase.de\/wp-content\/uploads\/2021\/02\/Oceania-Cover-englisch-738x1024.jpg 738w, https:\/\/verlag.wiethase.de\/wp-content\/uploads\/2021\/02\/Oceania-Cover-englisch-216x300.jpg 216w, https:\/\/verlag.wiethase.de\/wp-content\/uploads\/2021\/02\/Oceania-Cover-englisch-768x1066.jpg 768w, https:\/\/verlag.wiethase.de\/wp-content\/uploads\/2021\/02\/Oceania-Cover-englisch-1107x1536.jpg 1107w, https:\/\/verlag.wiethase.de\/wp-content\/uploads\/2021\/02\/Oceania-Cover-englisch-1475x2048.jpg 1475w, https:\/\/verlag.wiethase.de\/wp-content\/uploads\/2021\/02\/Oceania-Cover-englisch-scaled.jpg 1844w\" sizes=\"auto, (max-width: 738px) 100vw, 738px\" \/><\/a><\/figure>\n\n\n\n<figure class=\"wp-block-image size-large\"><a href=\"https:\/\/verlag.wiethase.de\/wp-content\/uploads\/2021\/02\/Ozeania-book-supplemental-volume-verschoben-2-scaled.jpg\"><img loading=\"lazy\" decoding=\"async\" width=\"747\" height=\"1024\" src=\"https:\/\/verlag.wiethase.de\/wp-content\/uploads\/2021\/02\/Ozeania-book-supplemental-volume-verschoben-2-747x1024.jpg\" alt=\"\" class=\"wp-image-786\" srcset=\"https:\/\/verlag.wiethase.de\/wp-content\/uploads\/2021\/02\/Ozeania-book-supplemental-volume-verschoben-2-747x1024.jpg 747w, https:\/\/verlag.wiethase.de\/wp-content\/uploads\/2021\/02\/Ozeania-book-supplemental-volume-verschoben-2-219x300.jpg 219w, https:\/\/verlag.wiethase.de\/wp-content\/uploads\/2021\/02\/Ozeania-book-supplemental-volume-verschoben-2-768x1052.jpg 768w, https:\/\/verlag.wiethase.de\/wp-content\/uploads\/2021\/02\/Ozeania-book-supplemental-volume-verschoben-2-1121x1536.jpg 1121w, https:\/\/verlag.wiethase.de\/wp-content\/uploads\/2021\/02\/Ozeania-book-supplemental-volume-verschoben-2-1495x2048.jpg 1495w, https:\/\/verlag.wiethase.de\/wp-content\/uploads\/2021\/02\/Ozeania-book-supplemental-volume-verschoben-2-scaled.jpg 1869w\" sizes=\"auto, (max-width: 747px) 100vw, 747px\" \/><\/a><\/figure>\n\n\n\n<figure class=\"wp-block-image size-large\"><a href=\"https:\/\/verlag.wiethase.de\/wp-content\/uploads\/2021\/02\/Ozeania-book-supplemental-volume-verschoben-4-scaled.jpg\"><img loading=\"lazy\" decoding=\"async\" width=\"729\" height=\"1024\" src=\"https:\/\/verlag.wiethase.de\/wp-content\/uploads\/2021\/02\/Ozeania-book-supplemental-volume-verschoben-4-729x1024.jpg\" alt=\"\" class=\"wp-image-787\" srcset=\"https:\/\/verlag.wiethase.de\/wp-content\/uploads\/2021\/02\/Ozeania-book-supplemental-volume-verschoben-4-729x1024.jpg 729w, https:\/\/verlag.wiethase.de\/wp-content\/uploads\/2021\/02\/Ozeania-book-supplemental-volume-verschoben-4-214x300.jpg 214w, https:\/\/verlag.wiethase.de\/wp-content\/uploads\/2021\/02\/Ozeania-book-supplemental-volume-verschoben-4-768x1079.jpg 768w, https:\/\/verlag.wiethase.de\/wp-content\/uploads\/2021\/02\/Ozeania-book-supplemental-volume-verschoben-4-1093x1536.jpg 1093w, https:\/\/verlag.wiethase.de\/wp-content\/uploads\/2021\/02\/Ozeania-book-supplemental-volume-verschoben-4-1458x2048.jpg 1458w, https:\/\/verlag.wiethase.de\/wp-content\/uploads\/2021\/02\/Ozeania-book-supplemental-volume-verschoben-4-scaled.jpg 1822w\" sizes=\"auto, (max-width: 729px) 100vw, 729px\" \/><\/a><\/figure>\n\n\n\n<figure class=\"wp-block-image size-large\"><a href=\"https:\/\/verlag.wiethase.de\/wp-content\/uploads\/2021\/02\/Ozeania-book-supplemental-volume-verschoben-5-1-scaled.jpg\"><img loading=\"lazy\" decoding=\"async\" width=\"733\" height=\"1024\" src=\"https:\/\/verlag.wiethase.de\/wp-content\/uploads\/2021\/02\/Ozeania-book-supplemental-volume-verschoben-5-1-733x1024.jpg\" alt=\"\" class=\"wp-image-788\" srcset=\"https:\/\/verlag.wiethase.de\/wp-content\/uploads\/2021\/02\/Ozeania-book-supplemental-volume-verschoben-5-1-733x1024.jpg 733w, https:\/\/verlag.wiethase.de\/wp-content\/uploads\/2021\/02\/Ozeania-book-supplemental-volume-verschoben-5-1-215x300.jpg 215w, https:\/\/verlag.wiethase.de\/wp-content\/uploads\/2021\/02\/Ozeania-book-supplemental-volume-verschoben-5-1-768x1073.jpg 768w, https:\/\/verlag.wiethase.de\/wp-content\/uploads\/2021\/02\/Ozeania-book-supplemental-volume-verschoben-5-1-1099x1536.jpg 1099w, https:\/\/verlag.wiethase.de\/wp-content\/uploads\/2021\/02\/Ozeania-book-supplemental-volume-verschoben-5-1-1466x2048.jpg 1466w, https:\/\/verlag.wiethase.de\/wp-content\/uploads\/2021\/02\/Ozeania-book-supplemental-volume-verschoben-5-1-scaled.jpg 1832w\" sizes=\"auto, (max-width: 733px) 100vw, 733px\" \/><\/a><\/figure>\n\n\n\n<figure class=\"wp-block-image size-large\"><a href=\"https:\/\/verlag.wiethase.de\/wp-content\/uploads\/2021\/02\/Ozeania-book-supplemental-volume-verschoben-7-scaled.jpg\"><img loading=\"lazy\" decoding=\"async\" width=\"778\" height=\"1024\" src=\"https:\/\/verlag.wiethase.de\/wp-content\/uploads\/2021\/02\/Ozeania-book-supplemental-volume-verschoben-7-778x1024.jpg\" alt=\"\" class=\"wp-image-789\" srcset=\"https:\/\/verlag.wiethase.de\/wp-content\/uploads\/2021\/02\/Ozeania-book-supplemental-volume-verschoben-7-778x1024.jpg 778w, https:\/\/verlag.wiethase.de\/wp-content\/uploads\/2021\/02\/Ozeania-book-supplemental-volume-verschoben-7-228x300.jpg 228w, https:\/\/verlag.wiethase.de\/wp-content\/uploads\/2021\/02\/Ozeania-book-supplemental-volume-verschoben-7-768x1011.jpg 768w, https:\/\/verlag.wiethase.de\/wp-content\/uploads\/2021\/02\/Ozeania-book-supplemental-volume-verschoben-7-1166x1536.jpg 1166w, https:\/\/verlag.wiethase.de\/wp-content\/uploads\/2021\/02\/Ozeania-book-supplemental-volume-verschoben-7-1555x2048.jpg 1555w, https:\/\/verlag.wiethase.de\/wp-content\/uploads\/2021\/02\/Ozeania-book-supplemental-volume-verschoben-7-scaled.jpg 1944w\" sizes=\"auto, (max-width: 778px) 100vw, 778px\" \/><\/a><\/figure>\n\n\n\n<figure class=\"wp-block-image size-large\"><a href=\"https:\/\/verlag.wiethase.de\/wp-content\/uploads\/2021\/02\/Ozeania-book-supplemental-volume-verschoben-9-scaled.jpg\"><img loading=\"lazy\" decoding=\"async\" width=\"728\" height=\"1024\" src=\"https:\/\/verlag.wiethase.de\/wp-content\/uploads\/2021\/02\/Ozeania-book-supplemental-volume-verschoben-9-728x1024.jpg\" alt=\"\" class=\"wp-image-790\" srcset=\"https:\/\/verlag.wiethase.de\/wp-content\/uploads\/2021\/02\/Ozeania-book-supplemental-volume-verschoben-9-728x1024.jpg 728w, https:\/\/verlag.wiethase.de\/wp-content\/uploads\/2021\/02\/Ozeania-book-supplemental-volume-verschoben-9-213x300.jpg 213w, https:\/\/verlag.wiethase.de\/wp-content\/uploads\/2021\/02\/Ozeania-book-supplemental-volume-verschoben-9-768x1080.jpg 768w, https:\/\/verlag.wiethase.de\/wp-content\/uploads\/2021\/02\/Ozeania-book-supplemental-volume-verschoben-9-1092x1536.jpg 1092w, https:\/\/verlag.wiethase.de\/wp-content\/uploads\/2021\/02\/Ozeania-book-supplemental-volume-verschoben-9-1456x2048.jpg 1456w, https:\/\/verlag.wiethase.de\/wp-content\/uploads\/2021\/02\/Ozeania-book-supplemental-volume-verschoben-9-scaled.jpg 1820w\" sizes=\"auto, (max-width: 728px) 100vw, 728px\" \/><\/a><\/figure>\n\n\n\n<p><strong>ISBN 978-3-948396-12-1 326 Pages in hardcover, A 4, 79.&#8211; Euro.<\/strong><\/p>\n\n\n\n<p><strong>On demand and direct individual order we can accept a special price for both volumes in one order.<\/strong><\/p>\n\n\n\n<p><br><\/p>\n","protected":false},"excerpt":{"rendered":"<p>This supplement to the previous book \u201eArrows, Bows, Blowpipes and Spears of Oceania\u201c became necessary for several reasons. On the one hand, a version extended with the content developed here would overwhelm or overcharge most readers with its enormous wealth, &hellip; <a href=\"https:\/\/verlag.wiethase.de\/?page_id=784\">Weiterlesen <span class=\"meta-nav\">&rarr;<\/span><\/a><\/p>\n","protected":false},"author":1,"featured_media":0,"parent":388,"menu_order":0,"comment_status":"closed","ping_status":"closed","template":"","meta":{"_monsterinsights_skip_tracking":false,"_monsterinsights_sitenote_active":false,"_monsterinsights_sitenote_note":"","_monsterinsights_sitenote_category":0,"footnotes":""},"class_list":["post-784","page","type-page","status-publish","hentry"],"yoast_head":"<!-- This site is optimized with the Yoast SEO plugin v27.4 - https:\/\/yoast.com\/product\/yoast-seo-wordpress\/ -->\n<title>Bows and Arrows, Blowpipes and Spears of Oceania - SUPPLEMENTARY VOLUME - WiethaseVerlag<\/title>\n<meta name=\"robots\" content=\"index, follow, max-snippet:-1, max-image-preview:large, max-video-preview:-1\" \/>\n<link rel=\"canonical\" href=\"https:\/\/verlag.wiethase.de\/?page_id=784\" \/>\n<meta property=\"og:locale\" content=\"de_DE\" \/>\n<meta property=\"og:type\" content=\"article\" \/>\n<meta property=\"og:title\" content=\"Bows and Arrows, Blowpipes and Spears of Oceania - SUPPLEMENTARY VOLUME - WiethaseVerlag\" \/>\n<meta property=\"og:description\" content=\"This supplement to the previous book \u201eArrows, Bows, Blowpipes and Spears of Oceania\u201c became necessary for several reasons. On the one hand, a version extended with the content developed here would overwhelm or overcharge most readers with its enormous wealth, &hellip; Weiterlesen &rarr;\" \/>\n<meta property=\"og:url\" content=\"https:\/\/verlag.wiethase.de\/?page_id=784\" \/>\n<meta property=\"og:site_name\" content=\"WiethaseVerlag\" \/>\n<meta property=\"article:publisher\" content=\"https:\/\/www.facebook.com\/profile.php?id=100063974142366\" \/>\n<meta property=\"article:modified_time\" content=\"2024-06-01T13:14:30+00:00\" \/>\n<meta property=\"og:image\" content=\"https:\/\/verlag.wiethase.de\/wp-content\/uploads\/2021\/02\/Oceania-Cover-englisch-738x1024.jpg\" \/>\n<meta name=\"twitter:card\" content=\"summary_large_image\" \/>\n<meta name=\"twitter:label1\" content=\"Gesch\u00e4tzte Lesezeit\" \/>\n\t<meta name=\"twitter:data1\" content=\"3\u00a0Minuten\" \/>\n<script type=\"application\/ld+json\" class=\"yoast-schema-graph\">{\"@context\":\"https:\\\/\\\/schema.org\",\"@graph\":[{\"@type\":\"WebPage\",\"@id\":\"https:\\\/\\\/verlag.wiethase.de\\\/?page_id=784\",\"url\":\"https:\\\/\\\/verlag.wiethase.de\\\/?page_id=784\",\"name\":\"Bows and Arrows, Blowpipes and Spears of Oceania - SUPPLEMENTARY VOLUME - WiethaseVerlag\",\"isPartOf\":{\"@id\":\"https:\\\/\\\/verlag.wiethase.de\\\/#website\"},\"primaryImageOfPage\":{\"@id\":\"https:\\\/\\\/verlag.wiethase.de\\\/?page_id=784#primaryimage\"},\"image\":{\"@id\":\"https:\\\/\\\/verlag.wiethase.de\\\/?page_id=784#primaryimage\"},\"thumbnailUrl\":\"https:\\\/\\\/verlag.wiethase.de\\\/wp-content\\\/uploads\\\/2021\\\/02\\\/Oceania-Cover-englisch-738x1024.jpg\",\"datePublished\":\"2021-02-06T17:27:31+00:00\",\"dateModified\":\"2024-06-01T13:14:30+00:00\",\"breadcrumb\":{\"@id\":\"https:\\\/\\\/verlag.wiethase.de\\\/?page_id=784#breadcrumb\"},\"inLanguage\":\"de\",\"potentialAction\":[{\"@type\":\"ReadAction\",\"target\":[\"https:\\\/\\\/verlag.wiethase.de\\\/?page_id=784\"]}]},{\"@type\":\"ImageObject\",\"inLanguage\":\"de\",\"@id\":\"https:\\\/\\\/verlag.wiethase.de\\\/?page_id=784#primaryimage\",\"url\":\"https:\\\/\\\/verlag.wiethase.de\\\/wp-content\\\/uploads\\\/2021\\\/02\\\/Oceania-Cover-englisch-scaled.jpg\",\"contentUrl\":\"https:\\\/\\\/verlag.wiethase.de\\\/wp-content\\\/uploads\\\/2021\\\/02\\\/Oceania-Cover-englisch-scaled.jpg\",\"width\":1844,\"height\":2560},{\"@type\":\"BreadcrumbList\",\"@id\":\"https:\\\/\\\/verlag.wiethase.de\\\/?page_id=784#breadcrumb\",\"itemListElement\":[{\"@type\":\"ListItem\",\"position\":1,\"name\":\"Startseite\",\"item\":\"https:\\\/\\\/verlag.wiethase.de\\\/\"},{\"@type\":\"ListItem\",\"position\":2,\"name\":\"Archery books\",\"item\":\"https:\\\/\\\/verlag.wiethase.de\\\/?page_id=388\"},{\"@type\":\"ListItem\",\"position\":3,\"name\":\"Bows and Arrows, Blowpipes and Spears of Oceania &#8211; SUPPLEMENTARY VOLUME &#8211;\"}]},{\"@type\":\"WebSite\",\"@id\":\"https:\\\/\\\/verlag.wiethase.de\\\/#website\",\"url\":\"https:\\\/\\\/verlag.wiethase.de\\\/\",\"name\":\"WiethaseVerlag\",\"description\":\"B\u00fccher - DVD - H\u00f6rb\u00fccher\",\"publisher\":{\"@id\":\"https:\\\/\\\/verlag.wiethase.de\\\/#organization\"},\"potentialAction\":[{\"@type\":\"SearchAction\",\"target\":{\"@type\":\"EntryPoint\",\"urlTemplate\":\"https:\\\/\\\/verlag.wiethase.de\\\/?s={search_term_string}\"},\"query-input\":{\"@type\":\"PropertyValueSpecification\",\"valueRequired\":true,\"valueName\":\"search_term_string\"}}],\"inLanguage\":\"de\"},{\"@type\":\"Organization\",\"@id\":\"https:\\\/\\\/verlag.wiethase.de\\\/#organization\",\"name\":\"Wiethase Verlag\",\"url\":\"https:\\\/\\\/verlag.wiethase.de\\\/\",\"logo\":{\"@type\":\"ImageObject\",\"inLanguage\":\"de\",\"@id\":\"https:\\\/\\\/verlag.wiethase.de\\\/#\\\/schema\\\/logo\\\/image\\\/\",\"url\":\"https:\\\/\\\/verlag.wiethase.de\\\/wp-content\\\/uploads\\\/2022\\\/07\\\/logo-verlag.jpg\",\"contentUrl\":\"https:\\\/\\\/verlag.wiethase.de\\\/wp-content\\\/uploads\\\/2022\\\/07\\\/logo-verlag.jpg\",\"width\":790,\"height\":514,\"caption\":\"Wiethase Verlag\"},\"image\":{\"@id\":\"https:\\\/\\\/verlag.wiethase.de\\\/#\\\/schema\\\/logo\\\/image\\\/\"},\"sameAs\":[\"https:\\\/\\\/www.facebook.com\\\/profile.php?id=100063974142366\"]}]}<\/script>\n<!-- \/ Yoast SEO plugin. -->","yoast_head_json":{"title":"Bows and Arrows, Blowpipes and Spears of Oceania - SUPPLEMENTARY VOLUME - WiethaseVerlag","robots":{"index":"index","follow":"follow","max-snippet":"max-snippet:-1","max-image-preview":"max-image-preview:large","max-video-preview":"max-video-preview:-1"},"canonical":"https:\/\/verlag.wiethase.de\/?page_id=784","og_locale":"de_DE","og_type":"article","og_title":"Bows and Arrows, Blowpipes and Spears of Oceania - SUPPLEMENTARY VOLUME - WiethaseVerlag","og_description":"This supplement to the previous book \u201eArrows, Bows, Blowpipes and Spears of Oceania\u201c became necessary for several reasons. On the one hand, a version extended with the content developed here would overwhelm or overcharge most readers with its enormous wealth, &hellip; Weiterlesen &rarr;","og_url":"https:\/\/verlag.wiethase.de\/?page_id=784","og_site_name":"WiethaseVerlag","article_publisher":"https:\/\/www.facebook.com\/profile.php?id=100063974142366","article_modified_time":"2024-06-01T13:14:30+00:00","og_image":[{"url":"https:\/\/verlag.wiethase.de\/wp-content\/uploads\/2021\/02\/Oceania-Cover-englisch-738x1024.jpg","type":"","width":"","height":""}],"twitter_card":"summary_large_image","twitter_misc":{"Gesch\u00e4tzte Lesezeit":"3\u00a0Minuten"},"schema":{"@context":"https:\/\/schema.org","@graph":[{"@type":"WebPage","@id":"https:\/\/verlag.wiethase.de\/?page_id=784","url":"https:\/\/verlag.wiethase.de\/?page_id=784","name":"Bows and Arrows, Blowpipes and Spears of Oceania - SUPPLEMENTARY VOLUME - WiethaseVerlag","isPartOf":{"@id":"https:\/\/verlag.wiethase.de\/#website"},"primaryImageOfPage":{"@id":"https:\/\/verlag.wiethase.de\/?page_id=784#primaryimage"},"image":{"@id":"https:\/\/verlag.wiethase.de\/?page_id=784#primaryimage"},"thumbnailUrl":"https:\/\/verlag.wiethase.de\/wp-content\/uploads\/2021\/02\/Oceania-Cover-englisch-738x1024.jpg","datePublished":"2021-02-06T17:27:31+00:00","dateModified":"2024-06-01T13:14:30+00:00","breadcrumb":{"@id":"https:\/\/verlag.wiethase.de\/?page_id=784#breadcrumb"},"inLanguage":"de","potentialAction":[{"@type":"ReadAction","target":["https:\/\/verlag.wiethase.de\/?page_id=784"]}]},{"@type":"ImageObject","inLanguage":"de","@id":"https:\/\/verlag.wiethase.de\/?page_id=784#primaryimage","url":"https:\/\/verlag.wiethase.de\/wp-content\/uploads\/2021\/02\/Oceania-Cover-englisch-scaled.jpg","contentUrl":"https:\/\/verlag.wiethase.de\/wp-content\/uploads\/2021\/02\/Oceania-Cover-englisch-scaled.jpg","width":1844,"height":2560},{"@type":"BreadcrumbList","@id":"https:\/\/verlag.wiethase.de\/?page_id=784#breadcrumb","itemListElement":[{"@type":"ListItem","position":1,"name":"Startseite","item":"https:\/\/verlag.wiethase.de\/"},{"@type":"ListItem","position":2,"name":"Archery books","item":"https:\/\/verlag.wiethase.de\/?page_id=388"},{"@type":"ListItem","position":3,"name":"Bows and Arrows, Blowpipes and Spears of Oceania &#8211; SUPPLEMENTARY VOLUME &#8211;"}]},{"@type":"WebSite","@id":"https:\/\/verlag.wiethase.de\/#website","url":"https:\/\/verlag.wiethase.de\/","name":"WiethaseVerlag","description":"B\u00fccher - DVD - H\u00f6rb\u00fccher","publisher":{"@id":"https:\/\/verlag.wiethase.de\/#organization"},"potentialAction":[{"@type":"SearchAction","target":{"@type":"EntryPoint","urlTemplate":"https:\/\/verlag.wiethase.de\/?s={search_term_string}"},"query-input":{"@type":"PropertyValueSpecification","valueRequired":true,"valueName":"search_term_string"}}],"inLanguage":"de"},{"@type":"Organization","@id":"https:\/\/verlag.wiethase.de\/#organization","name":"Wiethase Verlag","url":"https:\/\/verlag.wiethase.de\/","logo":{"@type":"ImageObject","inLanguage":"de","@id":"https:\/\/verlag.wiethase.de\/#\/schema\/logo\/image\/","url":"https:\/\/verlag.wiethase.de\/wp-content\/uploads\/2022\/07\/logo-verlag.jpg","contentUrl":"https:\/\/verlag.wiethase.de\/wp-content\/uploads\/2022\/07\/logo-verlag.jpg","width":790,"height":514,"caption":"Wiethase Verlag"},"image":{"@id":"https:\/\/verlag.wiethase.de\/#\/schema\/logo\/image\/"},"sameAs":["https:\/\/www.facebook.com\/profile.php?id=100063974142366"]}]}},"_links":{"self":[{"href":"https:\/\/verlag.wiethase.de\/index.php?rest_route=\/wp\/v2\/pages\/784","targetHints":{"allow":["GET"]}}],"collection":[{"href":"https:\/\/verlag.wiethase.de\/index.php?rest_route=\/wp\/v2\/pages"}],"about":[{"href":"https:\/\/verlag.wiethase.de\/index.php?rest_route=\/wp\/v2\/types\/page"}],"author":[{"embeddable":true,"href":"https:\/\/verlag.wiethase.de\/index.php?rest_route=\/wp\/v2\/users\/1"}],"replies":[{"embeddable":true,"href":"https:\/\/verlag.wiethase.de\/index.php?rest_route=%2Fwp%2Fv2%2Fcomments&post=784"}],"version-history":[{"count":3,"href":"https:\/\/verlag.wiethase.de\/index.php?rest_route=\/wp\/v2\/pages\/784\/revisions"}],"predecessor-version":[{"id":1026,"href":"https:\/\/verlag.wiethase.de\/index.php?rest_route=\/wp\/v2\/pages\/784\/revisions\/1026"}],"up":[{"embeddable":true,"href":"https:\/\/verlag.wiethase.de\/index.php?rest_route=\/wp\/v2\/pages\/388"}],"wp:attachment":[{"href":"https:\/\/verlag.wiethase.de\/index.php?rest_route=%2Fwp%2Fv2%2Fmedia&parent=784"}],"curies":[{"name":"wp","href":"https:\/\/api.w.org\/{rel}","templated":true}]}}