{"id":774,"date":"2021-02-06T17:14:31","date_gmt":"2021-02-06T17:14:31","guid":{"rendered":"https:\/\/verlag.wiethase.de\/?page_id=774"},"modified":"2024-06-01T13:16:40","modified_gmt":"2024-06-01T13:16:40","slug":"pfeile-und-bogen-blasrohre-und-speere-ozeaniens-ergaenzungsband","status":"publish","type":"page","link":"https:\/\/verlag.wiethase.de\/?page_id=774","title":{"rendered":"Pfeile und Bogen, Blasrohre und Speere Ozeaniens &#8211; ERG\u00c4NZUNGSBAND-"},"content":{"rendered":"\n<p>Dieser <strong>Erg\u00e4nzungsband<\/strong> zum vorangegangenen Buch \u201ePfeile, Bogen, Blasrohre und Speere Ozeaniens\u201c wurde notwendig aus mehreren Gr\u00fcnden. Einerseits w\u00fcrde eine mit den hier erarbeiteten Inhalten erweiterte Version die meisten Leser durch seine enorme F\u00fclle erschlagen oder \u00fcberfordern, andererseits ergab es sich, dass der Umfang dieser Erg\u00e4nzung zum Buch einen Umfang angenommen hat, der 700 Seiten \u00fcberschreitet. <strong>Das Gesamtwerk umfasst jetzt 733 Seiten in beiden B\u00e4nden.<\/strong> Eine einb\u00e4ndige erweiterte Neuausgabe w\u00fcrde das ohnehin bereits gewichtige Buch zu schwer und dick machen.<\/p>\n\n\n\n<p>Dennoch erscheinen mir die Inhalte dieses Erg\u00e4nzungsbandes f\u00fcr den interessierten Sammler und Liebhaber des Themas als zu wichtig und informativ, um ganz darauf zu verzichten.<\/p>\n\n\n\n<p>Besonders sei hier auf die Ausz\u00fcge das Thema betreffend aus den beiden B\u00fcchern Bir\u00f3 \u0301s \u00fcber Berlinhafen und die Astrolabe Bay und auf jene von Felix Speiser, sowie auf die Werke von Le Roux und Hans Nevermann hingewiesen. Beides sind wichtige Quellen auf diesem Gebiet.<\/p>\n\n\n\n<p>Die Seitenzahlen sind in vorliegender Erg\u00e4nzung fortlaufend zum ersten Buch beginnend mit 419 versehen, um die Seitenzahlen in den Registern nicht un\u00fcbersichtlich zu gestalten. Diese Register mit den Erg\u00e4nzungen sind angeh\u00e4ngt und gelten somit f\u00fcr das Gesamtwerk.<\/p>\n\n\n\n<p>Zudem sind diesem Erg\u00e4nzungsband weitere Karten beigef\u00fcgt.<\/p>\n\n\n\n<figure class=\"wp-block-image size-large\"><a href=\"https:\/\/verlag.wiethase.de\/wp-content\/uploads\/2021\/02\/Ozeanien-cover-Erga\u0308nzungsband-scaled.jpg\"><img loading=\"lazy\" decoding=\"async\" width=\"733\" height=\"1024\" src=\"https:\/\/verlag.wiethase.de\/wp-content\/uploads\/2021\/02\/Ozeanien-cover-Erga\u0308nzungsband-733x1024.jpg\" alt=\"\" class=\"wp-image-775\" srcset=\"https:\/\/verlag.wiethase.de\/wp-content\/uploads\/2021\/02\/Ozeanien-cover-Erga\u0308nzungsband-733x1024.jpg 733w, https:\/\/verlag.wiethase.de\/wp-content\/uploads\/2021\/02\/Ozeanien-cover-Erga\u0308nzungsband-215x300.jpg 215w, https:\/\/verlag.wiethase.de\/wp-content\/uploads\/2021\/02\/Ozeanien-cover-Erga\u0308nzungsband-768x1073.jpg 768w, https:\/\/verlag.wiethase.de\/wp-content\/uploads\/2021\/02\/Ozeanien-cover-Erga\u0308nzungsband-1099x1536.jpg 1099w, https:\/\/verlag.wiethase.de\/wp-content\/uploads\/2021\/02\/Ozeanien-cover-Erga\u0308nzungsband-1465x2048.jpg 1465w, https:\/\/verlag.wiethase.de\/wp-content\/uploads\/2021\/02\/Ozeanien-cover-Erga\u0308nzungsband-scaled.jpg 1832w\" sizes=\"auto, (max-width: 733px) 100vw, 733px\" \/><\/a><\/figure>\n\n\n\n<figure class=\"wp-block-image size-large\"><a href=\"https:\/\/verlag.wiethase.de\/wp-content\/uploads\/2021\/02\/Ozeanienbuch-Erga\u0308nzungsband-verschoben-2-scaled.jpg\"><img loading=\"lazy\" decoding=\"async\" width=\"717\" height=\"1024\" src=\"https:\/\/verlag.wiethase.de\/wp-content\/uploads\/2021\/02\/Ozeanienbuch-Erga\u0308nzungsband-verschoben-2-717x1024.jpg\" alt=\"\" class=\"wp-image-776\" srcset=\"https:\/\/verlag.wiethase.de\/wp-content\/uploads\/2021\/02\/Ozeanienbuch-Erga\u0308nzungsband-verschoben-2-717x1024.jpg 717w, https:\/\/verlag.wiethase.de\/wp-content\/uploads\/2021\/02\/Ozeanienbuch-Erga\u0308nzungsband-verschoben-2-210x300.jpg 210w, https:\/\/verlag.wiethase.de\/wp-content\/uploads\/2021\/02\/Ozeanienbuch-Erga\u0308nzungsband-verschoben-2-768x1096.jpg 768w, https:\/\/verlag.wiethase.de\/wp-content\/uploads\/2021\/02\/Ozeanienbuch-Erga\u0308nzungsband-verschoben-2-1076x1536.jpg 1076w, https:\/\/verlag.wiethase.de\/wp-content\/uploads\/2021\/02\/Ozeanienbuch-Erga\u0308nzungsband-verschoben-2-1435x2048.jpg 1435w, https:\/\/verlag.wiethase.de\/wp-content\/uploads\/2021\/02\/Ozeanienbuch-Erga\u0308nzungsband-verschoben-2-scaled.jpg 1794w\" sizes=\"auto, (max-width: 717px) 100vw, 717px\" \/><\/a><\/figure>\n\n\n\n<figure class=\"wp-block-image size-large\"><a href=\"https:\/\/verlag.wiethase.de\/wp-content\/uploads\/2021\/02\/Ozeanienbuch-Erga\u0308nzungsband-verschoben-4-scaled.jpg\"><img loading=\"lazy\" decoding=\"async\" width=\"728\" height=\"1024\" src=\"https:\/\/verlag.wiethase.de\/wp-content\/uploads\/2021\/02\/Ozeanienbuch-Erga\u0308nzungsband-verschoben-4-728x1024.jpg\" alt=\"\" class=\"wp-image-777\" srcset=\"https:\/\/verlag.wiethase.de\/wp-content\/uploads\/2021\/02\/Ozeanienbuch-Erga\u0308nzungsband-verschoben-4-728x1024.jpg 728w, https:\/\/verlag.wiethase.de\/wp-content\/uploads\/2021\/02\/Ozeanienbuch-Erga\u0308nzungsband-verschoben-4-213x300.jpg 213w, https:\/\/verlag.wiethase.de\/wp-content\/uploads\/2021\/02\/Ozeanienbuch-Erga\u0308nzungsband-verschoben-4-768x1080.jpg 768w, https:\/\/verlag.wiethase.de\/wp-content\/uploads\/2021\/02\/Ozeanienbuch-Erga\u0308nzungsband-verschoben-4-1093x1536.jpg 1093w, https:\/\/verlag.wiethase.de\/wp-content\/uploads\/2021\/02\/Ozeanienbuch-Erga\u0308nzungsband-verschoben-4-1457x2048.jpg 1457w, https:\/\/verlag.wiethase.de\/wp-content\/uploads\/2021\/02\/Ozeanienbuch-Erga\u0308nzungsband-verschoben-4-scaled.jpg 1821w\" sizes=\"auto, (max-width: 728px) 100vw, 728px\" \/><\/a><\/figure>\n\n\n\n<figure class=\"wp-block-image size-large\"><a href=\"https:\/\/verlag.wiethase.de\/wp-content\/uploads\/2021\/02\/Ozeanienbuch-Erga\u0308nzungsband-verschoben-5-scaled.jpg\"><img loading=\"lazy\" decoding=\"async\" width=\"748\" height=\"1024\" src=\"https:\/\/verlag.wiethase.de\/wp-content\/uploads\/2021\/02\/Ozeanienbuch-Erga\u0308nzungsband-verschoben-5-748x1024.jpg\" alt=\"\" class=\"wp-image-778\" srcset=\"https:\/\/verlag.wiethase.de\/wp-content\/uploads\/2021\/02\/Ozeanienbuch-Erga\u0308nzungsband-verschoben-5-748x1024.jpg 748w, https:\/\/verlag.wiethase.de\/wp-content\/uploads\/2021\/02\/Ozeanienbuch-Erga\u0308nzungsband-verschoben-5-219x300.jpg 219w, https:\/\/verlag.wiethase.de\/wp-content\/uploads\/2021\/02\/Ozeanienbuch-Erga\u0308nzungsband-verschoben-5-768x1052.jpg 768w, https:\/\/verlag.wiethase.de\/wp-content\/uploads\/2021\/02\/Ozeanienbuch-Erga\u0308nzungsband-verschoben-5-1121x1536.jpg 1121w, https:\/\/verlag.wiethase.de\/wp-content\/uploads\/2021\/02\/Ozeanienbuch-Erga\u0308nzungsband-verschoben-5-1495x2048.jpg 1495w, https:\/\/verlag.wiethase.de\/wp-content\/uploads\/2021\/02\/Ozeanienbuch-Erga\u0308nzungsband-verschoben-5-scaled.jpg 1869w\" sizes=\"auto, (max-width: 748px) 100vw, 748px\" \/><\/a><\/figure>\n\n\n\n<figure class=\"wp-block-image size-large\"><a href=\"https:\/\/verlag.wiethase.de\/wp-content\/uploads\/2021\/02\/Ozeanienbuch-Erga\u0308nzungsband-verschoben-9-scaled.jpg\"><img loading=\"lazy\" decoding=\"async\" width=\"751\" height=\"1024\" src=\"https:\/\/verlag.wiethase.de\/wp-content\/uploads\/2021\/02\/Ozeanienbuch-Erga\u0308nzungsband-verschoben-9-751x1024.jpg\" alt=\"\" class=\"wp-image-779\" srcset=\"https:\/\/verlag.wiethase.de\/wp-content\/uploads\/2021\/02\/Ozeanienbuch-Erga\u0308nzungsband-verschoben-9-751x1024.jpg 751w, https:\/\/verlag.wiethase.de\/wp-content\/uploads\/2021\/02\/Ozeanienbuch-Erga\u0308nzungsband-verschoben-9-220x300.jpg 220w, https:\/\/verlag.wiethase.de\/wp-content\/uploads\/2021\/02\/Ozeanienbuch-Erga\u0308nzungsband-verschoben-9-768x1047.jpg 768w, https:\/\/verlag.wiethase.de\/wp-content\/uploads\/2021\/02\/Ozeanienbuch-Erga\u0308nzungsband-verschoben-9-1127x1536.jpg 1127w, https:\/\/verlag.wiethase.de\/wp-content\/uploads\/2021\/02\/Ozeanienbuch-Erga\u0308nzungsband-verschoben-9-1503x2048.jpg 1503w, https:\/\/verlag.wiethase.de\/wp-content\/uploads\/2021\/02\/Ozeanienbuch-Erga\u0308nzungsband-verschoben-9-scaled.jpg 1879w\" sizes=\"auto, (max-width: 751px) 100vw, 751px\" \/><\/a><\/figure>\n\n\n\n<figure class=\"wp-block-image size-large\"><a href=\"https:\/\/verlag.wiethase.de\/wp-content\/uploads\/2021\/02\/Ozeanienbuch-Erga\u0308nzungsband-verschoben-10-scaled.jpg\"><img loading=\"lazy\" decoding=\"async\" width=\"708\" height=\"1024\" src=\"https:\/\/verlag.wiethase.de\/wp-content\/uploads\/2021\/02\/Ozeanienbuch-Erga\u0308nzungsband-verschoben-10-708x1024.jpg\" alt=\"\" class=\"wp-image-780\" srcset=\"https:\/\/verlag.wiethase.de\/wp-content\/uploads\/2021\/02\/Ozeanienbuch-Erga\u0308nzungsband-verschoben-10-708x1024.jpg 708w, https:\/\/verlag.wiethase.de\/wp-content\/uploads\/2021\/02\/Ozeanienbuch-Erga\u0308nzungsband-verschoben-10-207x300.jpg 207w, https:\/\/verlag.wiethase.de\/wp-content\/uploads\/2021\/02\/Ozeanienbuch-Erga\u0308nzungsband-verschoben-10-768x1111.jpg 768w, https:\/\/verlag.wiethase.de\/wp-content\/uploads\/2021\/02\/Ozeanienbuch-Erga\u0308nzungsband-verschoben-10-1061x1536.jpg 1061w, https:\/\/verlag.wiethase.de\/wp-content\/uploads\/2021\/02\/Ozeanienbuch-Erga\u0308nzungsband-verschoben-10-1415x2048.jpg 1415w, https:\/\/verlag.wiethase.de\/wp-content\/uploads\/2021\/02\/Ozeanienbuch-Erga\u0308nzungsband-verschoben-10-scaled.jpg 1769w\" sizes=\"auto, (max-width: 708px) 100vw, 708px\" \/><\/a><\/figure>\n\n\n\n<figure class=\"wp-block-image size-large\"><a href=\"https:\/\/verlag.wiethase.de\/wp-content\/uploads\/2021\/02\/Ozeanienbuch-Erga\u0308nzungsband-verschoben-scaled.jpg\"><img loading=\"lazy\" decoding=\"async\" width=\"678\" height=\"1024\" src=\"https:\/\/verlag.wiethase.de\/wp-content\/uploads\/2021\/02\/Ozeanienbuch-Erga\u0308nzungsband-verschoben-678x1024.jpg\" alt=\"\" class=\"wp-image-781\" srcset=\"https:\/\/verlag.wiethase.de\/wp-content\/uploads\/2021\/02\/Ozeanienbuch-Erga\u0308nzungsband-verschoben-678x1024.jpg 678w, https:\/\/verlag.wiethase.de\/wp-content\/uploads\/2021\/02\/Ozeanienbuch-Erga\u0308nzungsband-verschoben-199x300.jpg 199w, https:\/\/verlag.wiethase.de\/wp-content\/uploads\/2021\/02\/Ozeanienbuch-Erga\u0308nzungsband-verschoben-768x1159.jpg 768w, https:\/\/verlag.wiethase.de\/wp-content\/uploads\/2021\/02\/Ozeanienbuch-Erga\u0308nzungsband-verschoben-1018x1536.jpg 1018w, https:\/\/verlag.wiethase.de\/wp-content\/uploads\/2021\/02\/Ozeanienbuch-Erga\u0308nzungsband-verschoben-1357x2048.jpg 1357w, https:\/\/verlag.wiethase.de\/wp-content\/uploads\/2021\/02\/Ozeanienbuch-Erga\u0308nzungsband-verschoben-scaled.jpg 1696w\" sizes=\"auto, (max-width: 678px) 100vw, 678px\" \/><\/a><\/figure>\n\n\n\n<figure class=\"wp-block-image size-large\"><a href=\"https:\/\/verlag.wiethase.de\/wp-content\/uploads\/2021\/02\/Ozeania-book-supplemental-volume-verschoben-5-scaled.jpg\"><img loading=\"lazy\" decoding=\"async\" width=\"733\" height=\"1024\" src=\"https:\/\/verlag.wiethase.de\/wp-content\/uploads\/2021\/02\/Ozeania-book-supplemental-volume-verschoben-5-733x1024.jpg\" alt=\"\" class=\"wp-image-782\" srcset=\"https:\/\/verlag.wiethase.de\/wp-content\/uploads\/2021\/02\/Ozeania-book-supplemental-volume-verschoben-5-733x1024.jpg 733w, https:\/\/verlag.wiethase.de\/wp-content\/uploads\/2021\/02\/Ozeania-book-supplemental-volume-verschoben-5-215x300.jpg 215w, https:\/\/verlag.wiethase.de\/wp-content\/uploads\/2021\/02\/Ozeania-book-supplemental-volume-verschoben-5-768x1073.jpg 768w, https:\/\/verlag.wiethase.de\/wp-content\/uploads\/2021\/02\/Ozeania-book-supplemental-volume-verschoben-5-1099x1536.jpg 1099w, https:\/\/verlag.wiethase.de\/wp-content\/uploads\/2021\/02\/Ozeania-book-supplemental-volume-verschoben-5-1466x2048.jpg 1466w, https:\/\/verlag.wiethase.de\/wp-content\/uploads\/2021\/02\/Ozeania-book-supplemental-volume-verschoben-5-scaled.jpg 1832w\" sizes=\"auto, (max-width: 733px) 100vw, 733px\" \/><\/a><\/figure>\n\n\n\n<p><strong>ISBN 978-3-948396-11-4 F\u00fcr 79 Euro, Preis f\u00fcr \u00d6sterreich: 81,50. <\/strong><\/p>\n\n\n\n<p><strong>Bei der Bestellung von beiden B\u00e4nden zusammen, kann auf Anfrage beim Verlag Rabatt gew\u00e4hrt werden.<\/strong><\/p>\n","protected":false},"excerpt":{"rendered":"<p>Dieser Erg\u00e4nzungsband zum vorangegangenen Buch \u201ePfeile, Bogen, Blasrohre und Speere Ozeaniens\u201c wurde notwendig aus mehreren Gr\u00fcnden. Einerseits w\u00fcrde eine mit den hier erarbeiteten Inhalten erweiterte Version die meisten Leser durch seine enorme F\u00fclle erschlagen oder \u00fcberfordern, andererseits ergab es sich, &hellip; <a href=\"https:\/\/verlag.wiethase.de\/?page_id=774\">Weiterlesen <span class=\"meta-nav\">&rarr;<\/span><\/a><\/p>\n","protected":false},"author":1,"featured_media":0,"parent":383,"menu_order":0,"comment_status":"closed","ping_status":"closed","template":"","meta":{"_monsterinsights_skip_tracking":false,"_monsterinsights_sitenote_active":false,"_monsterinsights_sitenote_note":"","_monsterinsights_sitenote_category":0,"footnotes":""},"class_list":["post-774","page","type-page","status-publish","hentry"],"yoast_head":"<!-- This site is optimized with the Yoast SEO plugin v27.4 - https:\/\/yoast.com\/product\/yoast-seo-wordpress\/ -->\n<title>Pfeile und Bogen, Blasrohre und Speere Ozeaniens - ERG\u00c4NZUNGSBAND- WiethaseVerlag<\/title>\n<meta name=\"robots\" content=\"index, follow, max-snippet:-1, max-image-preview:large, max-video-preview:-1\" \/>\n<link rel=\"canonical\" href=\"https:\/\/verlag.wiethase.de\/?page_id=774\" \/>\n<meta property=\"og:locale\" content=\"de_DE\" \/>\n<meta property=\"og:type\" content=\"article\" \/>\n<meta property=\"og:title\" content=\"Pfeile und Bogen, Blasrohre und Speere Ozeaniens - ERG\u00c4NZUNGSBAND- WiethaseVerlag\" \/>\n<meta property=\"og:description\" content=\"Dieser Erg\u00e4nzungsband zum vorangegangenen Buch \u201ePfeile, Bogen, Blasrohre und Speere Ozeaniens\u201c wurde notwendig aus mehreren Gr\u00fcnden. Einerseits w\u00fcrde eine mit den hier erarbeiteten Inhalten erweiterte Version die meisten Leser durch seine enorme F\u00fclle erschlagen oder \u00fcberfordern, andererseits ergab es sich, &hellip; Weiterlesen &rarr;\" \/>\n<meta property=\"og:url\" content=\"https:\/\/verlag.wiethase.de\/?page_id=774\" \/>\n<meta property=\"og:site_name\" content=\"WiethaseVerlag\" \/>\n<meta property=\"article:publisher\" content=\"https:\/\/www.facebook.com\/profile.php?id=100063974142366\" \/>\n<meta property=\"article:modified_time\" content=\"2024-06-01T13:16:40+00:00\" \/>\n<meta property=\"og:image\" content=\"https:\/\/verlag.wiethase.de\/wp-content\/uploads\/2021\/02\/Ozeania-book-supplemental-volume-verschoben-5-733x1024.jpg\" \/>\n<meta name=\"twitter:card\" content=\"summary_large_image\" \/>\n<meta name=\"twitter:label1\" content=\"Gesch\u00e4tzte Lesezeit\" \/>\n\t<meta name=\"twitter:data1\" content=\"3\u00a0Minuten\" \/>\n<script type=\"application\/ld+json\" class=\"yoast-schema-graph\">{\"@context\":\"https:\\\/\\\/schema.org\",\"@graph\":[{\"@type\":\"WebPage\",\"@id\":\"https:\\\/\\\/verlag.wiethase.de\\\/?page_id=774\",\"url\":\"https:\\\/\\\/verlag.wiethase.de\\\/?page_id=774\",\"name\":\"Pfeile und Bogen, Blasrohre und Speere Ozeaniens - ERG\u00c4NZUNGSBAND- WiethaseVerlag\",\"isPartOf\":{\"@id\":\"https:\\\/\\\/verlag.wiethase.de\\\/#website\"},\"primaryImageOfPage\":{\"@id\":\"https:\\\/\\\/verlag.wiethase.de\\\/?page_id=774#primaryimage\"},\"image\":{\"@id\":\"https:\\\/\\\/verlag.wiethase.de\\\/?page_id=774#primaryimage\"},\"thumbnailUrl\":\"https:\\\/\\\/verlag.wiethase.de\\\/wp-content\\\/uploads\\\/2021\\\/02\\\/Ozeania-book-supplemental-volume-verschoben-5-733x1024.jpg\",\"datePublished\":\"2021-02-06T17:14:31+00:00\",\"dateModified\":\"2024-06-01T13:16:40+00:00\",\"breadcrumb\":{\"@id\":\"https:\\\/\\\/verlag.wiethase.de\\\/?page_id=774#breadcrumb\"},\"inLanguage\":\"de\",\"potentialAction\":[{\"@type\":\"ReadAction\",\"target\":[\"https:\\\/\\\/verlag.wiethase.de\\\/?page_id=774\"]}]},{\"@type\":\"ImageObject\",\"inLanguage\":\"de\",\"@id\":\"https:\\\/\\\/verlag.wiethase.de\\\/?page_id=774#primaryimage\",\"url\":\"https:\\\/\\\/verlag.wiethase.de\\\/wp-content\\\/uploads\\\/2021\\\/02\\\/Ozeania-book-supplemental-volume-verschoben-5-scaled.jpg\",\"contentUrl\":\"https:\\\/\\\/verlag.wiethase.de\\\/wp-content\\\/uploads\\\/2021\\\/02\\\/Ozeania-book-supplemental-volume-verschoben-5-scaled.jpg\",\"width\":1832,\"height\":2560},{\"@type\":\"BreadcrumbList\",\"@id\":\"https:\\\/\\\/verlag.wiethase.de\\\/?page_id=774#breadcrumb\",\"itemListElement\":[{\"@type\":\"ListItem\",\"position\":1,\"name\":\"Startseite\",\"item\":\"https:\\\/\\\/verlag.wiethase.de\\\/\"},{\"@type\":\"ListItem\",\"position\":2,\"name\":\"Bogen-B\u00fccher + DVD\",\"item\":\"https:\\\/\\\/verlag.wiethase.de\\\/?page_id=383\"},{\"@type\":\"ListItem\",\"position\":3,\"name\":\"Pfeile und Bogen, Blasrohre und Speere Ozeaniens &#8211; ERG\u00c4NZUNGSBAND-\"}]},{\"@type\":\"WebSite\",\"@id\":\"https:\\\/\\\/verlag.wiethase.de\\\/#website\",\"url\":\"https:\\\/\\\/verlag.wiethase.de\\\/\",\"name\":\"WiethaseVerlag\",\"description\":\"B\u00fccher - DVD - H\u00f6rb\u00fccher\",\"publisher\":{\"@id\":\"https:\\\/\\\/verlag.wiethase.de\\\/#organization\"},\"potentialAction\":[{\"@type\":\"SearchAction\",\"target\":{\"@type\":\"EntryPoint\",\"urlTemplate\":\"https:\\\/\\\/verlag.wiethase.de\\\/?s={search_term_string}\"},\"query-input\":{\"@type\":\"PropertyValueSpecification\",\"valueRequired\":true,\"valueName\":\"search_term_string\"}}],\"inLanguage\":\"de\"},{\"@type\":\"Organization\",\"@id\":\"https:\\\/\\\/verlag.wiethase.de\\\/#organization\",\"name\":\"Wiethase Verlag\",\"url\":\"https:\\\/\\\/verlag.wiethase.de\\\/\",\"logo\":{\"@type\":\"ImageObject\",\"inLanguage\":\"de\",\"@id\":\"https:\\\/\\\/verlag.wiethase.de\\\/#\\\/schema\\\/logo\\\/image\\\/\",\"url\":\"https:\\\/\\\/verlag.wiethase.de\\\/wp-content\\\/uploads\\\/2022\\\/07\\\/logo-verlag.jpg\",\"contentUrl\":\"https:\\\/\\\/verlag.wiethase.de\\\/wp-content\\\/uploads\\\/2022\\\/07\\\/logo-verlag.jpg\",\"width\":790,\"height\":514,\"caption\":\"Wiethase Verlag\"},\"image\":{\"@id\":\"https:\\\/\\\/verlag.wiethase.de\\\/#\\\/schema\\\/logo\\\/image\\\/\"},\"sameAs\":[\"https:\\\/\\\/www.facebook.com\\\/profile.php?id=100063974142366\"]}]}<\/script>\n<!-- \/ Yoast SEO plugin. -->","yoast_head_json":{"title":"Pfeile und Bogen, Blasrohre und Speere Ozeaniens - ERG\u00c4NZUNGSBAND- WiethaseVerlag","robots":{"index":"index","follow":"follow","max-snippet":"max-snippet:-1","max-image-preview":"max-image-preview:large","max-video-preview":"max-video-preview:-1"},"canonical":"https:\/\/verlag.wiethase.de\/?page_id=774","og_locale":"de_DE","og_type":"article","og_title":"Pfeile und Bogen, Blasrohre und Speere Ozeaniens - ERG\u00c4NZUNGSBAND- WiethaseVerlag","og_description":"Dieser Erg\u00e4nzungsband zum vorangegangenen Buch \u201ePfeile, Bogen, Blasrohre und Speere Ozeaniens\u201c wurde notwendig aus mehreren Gr\u00fcnden. Einerseits w\u00fcrde eine mit den hier erarbeiteten Inhalten erweiterte Version die meisten Leser durch seine enorme F\u00fclle erschlagen oder \u00fcberfordern, andererseits ergab es sich, &hellip; Weiterlesen &rarr;","og_url":"https:\/\/verlag.wiethase.de\/?page_id=774","og_site_name":"WiethaseVerlag","article_publisher":"https:\/\/www.facebook.com\/profile.php?id=100063974142366","article_modified_time":"2024-06-01T13:16:40+00:00","og_image":[{"url":"https:\/\/verlag.wiethase.de\/wp-content\/uploads\/2021\/02\/Ozeania-book-supplemental-volume-verschoben-5-733x1024.jpg","type":"","width":"","height":""}],"twitter_card":"summary_large_image","twitter_misc":{"Gesch\u00e4tzte Lesezeit":"3\u00a0Minuten"},"schema":{"@context":"https:\/\/schema.org","@graph":[{"@type":"WebPage","@id":"https:\/\/verlag.wiethase.de\/?page_id=774","url":"https:\/\/verlag.wiethase.de\/?page_id=774","name":"Pfeile und Bogen, Blasrohre und Speere Ozeaniens - ERG\u00c4NZUNGSBAND- WiethaseVerlag","isPartOf":{"@id":"https:\/\/verlag.wiethase.de\/#website"},"primaryImageOfPage":{"@id":"https:\/\/verlag.wiethase.de\/?page_id=774#primaryimage"},"image":{"@id":"https:\/\/verlag.wiethase.de\/?page_id=774#primaryimage"},"thumbnailUrl":"https:\/\/verlag.wiethase.de\/wp-content\/uploads\/2021\/02\/Ozeania-book-supplemental-volume-verschoben-5-733x1024.jpg","datePublished":"2021-02-06T17:14:31+00:00","dateModified":"2024-06-01T13:16:40+00:00","breadcrumb":{"@id":"https:\/\/verlag.wiethase.de\/?page_id=774#breadcrumb"},"inLanguage":"de","potentialAction":[{"@type":"ReadAction","target":["https:\/\/verlag.wiethase.de\/?page_id=774"]}]},{"@type":"ImageObject","inLanguage":"de","@id":"https:\/\/verlag.wiethase.de\/?page_id=774#primaryimage","url":"https:\/\/verlag.wiethase.de\/wp-content\/uploads\/2021\/02\/Ozeania-book-supplemental-volume-verschoben-5-scaled.jpg","contentUrl":"https:\/\/verlag.wiethase.de\/wp-content\/uploads\/2021\/02\/Ozeania-book-supplemental-volume-verschoben-5-scaled.jpg","width":1832,"height":2560},{"@type":"BreadcrumbList","@id":"https:\/\/verlag.wiethase.de\/?page_id=774#breadcrumb","itemListElement":[{"@type":"ListItem","position":1,"name":"Startseite","item":"https:\/\/verlag.wiethase.de\/"},{"@type":"ListItem","position":2,"name":"Bogen-B\u00fccher + DVD","item":"https:\/\/verlag.wiethase.de\/?page_id=383"},{"@type":"ListItem","position":3,"name":"Pfeile und Bogen, Blasrohre und Speere Ozeaniens &#8211; ERG\u00c4NZUNGSBAND-"}]},{"@type":"WebSite","@id":"https:\/\/verlag.wiethase.de\/#website","url":"https:\/\/verlag.wiethase.de\/","name":"WiethaseVerlag","description":"B\u00fccher - DVD - H\u00f6rb\u00fccher","publisher":{"@id":"https:\/\/verlag.wiethase.de\/#organization"},"potentialAction":[{"@type":"SearchAction","target":{"@type":"EntryPoint","urlTemplate":"https:\/\/verlag.wiethase.de\/?s={search_term_string}"},"query-input":{"@type":"PropertyValueSpecification","valueRequired":true,"valueName":"search_term_string"}}],"inLanguage":"de"},{"@type":"Organization","@id":"https:\/\/verlag.wiethase.de\/#organization","name":"Wiethase Verlag","url":"https:\/\/verlag.wiethase.de\/","logo":{"@type":"ImageObject","inLanguage":"de","@id":"https:\/\/verlag.wiethase.de\/#\/schema\/logo\/image\/","url":"https:\/\/verlag.wiethase.de\/wp-content\/uploads\/2022\/07\/logo-verlag.jpg","contentUrl":"https:\/\/verlag.wiethase.de\/wp-content\/uploads\/2022\/07\/logo-verlag.jpg","width":790,"height":514,"caption":"Wiethase Verlag"},"image":{"@id":"https:\/\/verlag.wiethase.de\/#\/schema\/logo\/image\/"},"sameAs":["https:\/\/www.facebook.com\/profile.php?id=100063974142366"]}]}},"_links":{"self":[{"href":"https:\/\/verlag.wiethase.de\/index.php?rest_route=\/wp\/v2\/pages\/774","targetHints":{"allow":["GET"]}}],"collection":[{"href":"https:\/\/verlag.wiethase.de\/index.php?rest_route=\/wp\/v2\/pages"}],"about":[{"href":"https:\/\/verlag.wiethase.de\/index.php?rest_route=\/wp\/v2\/types\/page"}],"author":[{"embeddable":true,"href":"https:\/\/verlag.wiethase.de\/index.php?rest_route=\/wp\/v2\/users\/1"}],"replies":[{"embeddable":true,"href":"https:\/\/verlag.wiethase.de\/index.php?rest_route=%2Fwp%2Fv2%2Fcomments&post=774"}],"version-history":[{"count":5,"href":"https:\/\/verlag.wiethase.de\/index.php?rest_route=\/wp\/v2\/pages\/774\/revisions"}],"predecessor-version":[{"id":1028,"href":"https:\/\/verlag.wiethase.de\/index.php?rest_route=\/wp\/v2\/pages\/774\/revisions\/1028"}],"up":[{"embeddable":true,"href":"https:\/\/verlag.wiethase.de\/index.php?rest_route=\/wp\/v2\/pages\/383"}],"wp:attachment":[{"href":"https:\/\/verlag.wiethase.de\/index.php?rest_route=%2Fwp%2Fv2%2Fmedia&parent=774"}],"curies":[{"name":"wp","href":"https:\/\/api.w.org\/{rel}","templated":true}]}}