{"id":758,"date":"2020-12-15T15:51:50","date_gmt":"2020-12-15T15:51:50","guid":{"rendered":"https:\/\/verlag.wiethase.de\/?page_id=758"},"modified":"2020-12-15T15:51:50","modified_gmt":"2020-12-15T15:51:50","slug":"descriptive-catalogue-of-biros-ethnographic-collection","status":"publish","type":"page","link":"https:\/\/verlag.wiethase.de\/?page_id=758","title":{"rendered":"Descriptive Catalogue of Bir\u00f3\u00b4s Ethnographic Collection"},"content":{"rendered":"\n<p><strong>from German New Guinea (Berlinhafen and Astrolabe Bay)<\/strong><\/p>\n\n\n\n<figure class=\"wp-block-image size-large\"><a href=\"https:\/\/verlag.wiethase.de\/wp-content\/uploads\/2020\/12\/Biro-Cover-Englisch-scaled.jpg\"><img loading=\"lazy\" decoding=\"async\" width=\"714\" height=\"1024\" src=\"https:\/\/verlag.wiethase.de\/wp-content\/uploads\/2020\/12\/Biro-Cover-Englisch-714x1024.jpg\" alt=\"\" class=\"wp-image-759\" srcset=\"https:\/\/verlag.wiethase.de\/wp-content\/uploads\/2020\/12\/Biro-Cover-Englisch-714x1024.jpg 714w, https:\/\/verlag.wiethase.de\/wp-content\/uploads\/2020\/12\/Biro-Cover-Englisch-209x300.jpg 209w, https:\/\/verlag.wiethase.de\/wp-content\/uploads\/2020\/12\/Biro-Cover-Englisch-768x1101.jpg 768w, https:\/\/verlag.wiethase.de\/wp-content\/uploads\/2020\/12\/Biro-Cover-Englisch-1071x1536.jpg 1071w, https:\/\/verlag.wiethase.de\/wp-content\/uploads\/2020\/12\/Biro-Cover-Englisch-1428x2048.jpg 1428w, https:\/\/verlag.wiethase.de\/wp-content\/uploads\/2020\/12\/Biro-Cover-Englisch-scaled.jpg 1786w\" sizes=\"auto, (max-width: 714px) 100vw, 714px\" \/><\/a><\/figure>\n\n\n\n<p>This book is an English version of the two works titled \u201eDescriptive Catalog of Lud- wig Bir\u00f3\u2018s Ethnographic Collection from German New Guinea\u201c (Beschreibender Catalog der ethnographischen Sammlung Ludwig Bir\u00f3 \u0301s aus Deutsch-Neu-Guinea), originally pu- blished in 1899 and 1901 as two individual books during the Austro-Hungarian K. and K. Double Monarchy (\u201eKaiser und K\u00f6nig\u201c, \u201eKing and Emperor\u201c, until 1918).<\/p>\n\n\n\n<figure class=\"wp-block-image size-large\"><a href=\"https:\/\/verlag.wiethase.de\/wp-content\/uploads\/2020\/12\/Biro-Bu\u0308cher-1-und-2-englisch-verschoben-2-scaled.jpg\"><img loading=\"lazy\" decoding=\"async\" width=\"699\" height=\"1024\" src=\"https:\/\/verlag.wiethase.de\/wp-content\/uploads\/2020\/12\/Biro-Bu\u0308cher-1-und-2-englisch-verschoben-2-699x1024.jpg\" alt=\"\" class=\"wp-image-760\" srcset=\"https:\/\/verlag.wiethase.de\/wp-content\/uploads\/2020\/12\/Biro-Bu\u0308cher-1-und-2-englisch-verschoben-2-699x1024.jpg 699w, https:\/\/verlag.wiethase.de\/wp-content\/uploads\/2020\/12\/Biro-Bu\u0308cher-1-und-2-englisch-verschoben-2-205x300.jpg 205w, https:\/\/verlag.wiethase.de\/wp-content\/uploads\/2020\/12\/Biro-Bu\u0308cher-1-und-2-englisch-verschoben-2-768x1125.jpg 768w, https:\/\/verlag.wiethase.de\/wp-content\/uploads\/2020\/12\/Biro-Bu\u0308cher-1-und-2-englisch-verschoben-2-1049x1536.jpg 1049w, https:\/\/verlag.wiethase.de\/wp-content\/uploads\/2020\/12\/Biro-Bu\u0308cher-1-und-2-englisch-verschoben-2-1398x2048.jpg 1398w, https:\/\/verlag.wiethase.de\/wp-content\/uploads\/2020\/12\/Biro-Bu\u0308cher-1-und-2-englisch-verschoben-2-scaled.jpg 1748w\" sizes=\"auto, (max-width: 699px) 100vw, 699px\" \/><\/a><\/figure>\n\n\n\n<p>Due to the time and place of this first publication (Budapest, Hungaria), the original books were bilingual, written in Hungarian and German. The original descriptions of Lud- wig Bir\u00f3, as well as the entire Hungarian text, were translated by Dr. Semayer into German. These translations of the two texts, combined here in one book, differ in many respects, especially in terms of punctuation and phonetic apostrophes. Since these differences were not specifically explained in the original, I mostly omitted them entirely, to avoid confusion. The pronunciation of the terms of the indigenous people, which Bir\u00f3 has collected in his very precise observations, is therefore only roughly reproduced.<\/p>\n\n\n\n<figure class=\"wp-block-image size-large\"><a href=\"https:\/\/verlag.wiethase.de\/wp-content\/uploads\/2020\/12\/Biro-Bu\u0308cher-1-und-2-englisch-verschoben-4-scaled.jpg\"><img loading=\"lazy\" decoding=\"async\" width=\"720\" height=\"1024\" src=\"https:\/\/verlag.wiethase.de\/wp-content\/uploads\/2020\/12\/Biro-Bu\u0308cher-1-und-2-englisch-verschoben-4-720x1024.jpg\" alt=\"\" class=\"wp-image-761\" srcset=\"https:\/\/verlag.wiethase.de\/wp-content\/uploads\/2020\/12\/Biro-Bu\u0308cher-1-und-2-englisch-verschoben-4-720x1024.jpg 720w, https:\/\/verlag.wiethase.de\/wp-content\/uploads\/2020\/12\/Biro-Bu\u0308cher-1-und-2-englisch-verschoben-4-211x300.jpg 211w, https:\/\/verlag.wiethase.de\/wp-content\/uploads\/2020\/12\/Biro-Bu\u0308cher-1-und-2-englisch-verschoben-4-768x1092.jpg 768w, https:\/\/verlag.wiethase.de\/wp-content\/uploads\/2020\/12\/Biro-Bu\u0308cher-1-und-2-englisch-verschoben-4-1080x1536.jpg 1080w, https:\/\/verlag.wiethase.de\/wp-content\/uploads\/2020\/12\/Biro-Bu\u0308cher-1-und-2-englisch-verschoben-4-1440x2048.jpg 1440w, https:\/\/verlag.wiethase.de\/wp-content\/uploads\/2020\/12\/Biro-Bu\u0308cher-1-und-2-englisch-verschoben-4-scaled.jpg 1800w\" sizes=\"auto, (max-width: 720px) 100vw, 720px\" \/><\/a><\/figure>\n\n\n\n<p>The contents of both books could certainly have been merged with one another, sin- ce most of the groups of items have been processed twice here, albeit with different objects, places of origin and descriptions. Despite this, I decided not to merge them, so that the spirit of the original works would be maintained. In some places I have given the contem- porary terms with an explanation in brackets.<\/p>\n\n\n\n<figure class=\"wp-block-image size-large\"><a href=\"https:\/\/verlag.wiethase.de\/wp-content\/uploads\/2020\/12\/Biro-Bu\u0308cher-1-und-2-englisch-verschoben-scaled.jpg\"><img loading=\"lazy\" decoding=\"async\" width=\"680\" height=\"1024\" src=\"https:\/\/verlag.wiethase.de\/wp-content\/uploads\/2020\/12\/Biro-Bu\u0308cher-1-und-2-englisch-verschoben-680x1024.jpg\" alt=\"\" class=\"wp-image-762\" srcset=\"https:\/\/verlag.wiethase.de\/wp-content\/uploads\/2020\/12\/Biro-Bu\u0308cher-1-und-2-englisch-verschoben-680x1024.jpg 680w, https:\/\/verlag.wiethase.de\/wp-content\/uploads\/2020\/12\/Biro-Bu\u0308cher-1-und-2-englisch-verschoben-199x300.jpg 199w, https:\/\/verlag.wiethase.de\/wp-content\/uploads\/2020\/12\/Biro-Bu\u0308cher-1-und-2-englisch-verschoben-768x1157.jpg 768w, https:\/\/verlag.wiethase.de\/wp-content\/uploads\/2020\/12\/Biro-Bu\u0308cher-1-und-2-englisch-verschoben-1020x1536.jpg 1020w, https:\/\/verlag.wiethase.de\/wp-content\/uploads\/2020\/12\/Biro-Bu\u0308cher-1-und-2-englisch-verschoben-1359x2048.jpg 1359w, https:\/\/verlag.wiethase.de\/wp-content\/uploads\/2020\/12\/Biro-Bu\u0308cher-1-und-2-englisch-verschoben-scaled.jpg 1699w\" sizes=\"auto, (max-width: 680px) 100vw, 680px\" \/><\/a><\/figure>\n\n\n\n<p>The observations made by Ludwig Bir\u00f3, who had lived in German New Guinea for almost six years from 1892 on, are very valuable for collectors of items of this relatively small geographic area. Together with the graphics and original photographs, these observations represent some of the best resources there are of this historical period.<\/p>\n\n\n\n<figure class=\"wp-block-image size-large\"><a href=\"https:\/\/verlag.wiethase.de\/wp-content\/uploads\/2020\/12\/Biro-Bu\u0308cher-1-und-2-englisch-verschoben-3-scaled.jpg\"><img loading=\"lazy\" decoding=\"async\" width=\"739\" height=\"1024\" src=\"https:\/\/verlag.wiethase.de\/wp-content\/uploads\/2020\/12\/Biro-Bu\u0308cher-1-und-2-englisch-verschoben-3-739x1024.jpg\" alt=\"\" class=\"wp-image-763\" srcset=\"https:\/\/verlag.wiethase.de\/wp-content\/uploads\/2020\/12\/Biro-Bu\u0308cher-1-und-2-englisch-verschoben-3-739x1024.jpg 739w, https:\/\/verlag.wiethase.de\/wp-content\/uploads\/2020\/12\/Biro-Bu\u0308cher-1-und-2-englisch-verschoben-3-216x300.jpg 216w, https:\/\/verlag.wiethase.de\/wp-content\/uploads\/2020\/12\/Biro-Bu\u0308cher-1-und-2-englisch-verschoben-3-768x1064.jpg 768w, https:\/\/verlag.wiethase.de\/wp-content\/uploads\/2020\/12\/Biro-Bu\u0308cher-1-und-2-englisch-verschoben-3-1108x1536.jpg 1108w, https:\/\/verlag.wiethase.de\/wp-content\/uploads\/2020\/12\/Biro-Bu\u0308cher-1-und-2-englisch-verschoben-3-1478x2048.jpg 1478w, https:\/\/verlag.wiethase.de\/wp-content\/uploads\/2020\/12\/Biro-Bu\u0308cher-1-und-2-englisch-verschoben-3-scaled.jpg 1847w\" sizes=\"auto, (max-width: 739px) 100vw, 739px\" \/><\/a><\/figure>\n\n\n\n<p>As for the pronunciation of the names given to the objects and parts in the native languages, I would like to point out that this corresponds to the German pronunciation of the alphabet and not to that of the English. So \u201ea\u201c is spelled like \u201ecalm\u201c, \u201ei\u201c like \u201eevening\u201c, \u201ej\u201c like \u201eonion\u201c, \u201et\u201c like \u201etime\u201c, \u201eu\u201c like \u201ebook\u201c.<\/p>\n\n\n\n<p>At this point, I owe my special thanks Mr. Ulrich Kortmann, who greatly heloed the production of this book by providing me with his two original copies.<\/p>\n\n\n\n<p><strong>ISBN 978-3-948396-07-7      79.- \u20ac             246 Pages in A 4 hardcover<\/strong> with 135 g paper.<\/p>\n","protected":false},"excerpt":{"rendered":"<p>from German New Guinea (Berlinhafen and Astrolabe Bay) This book is an English version of the two works titled \u201eDescriptive Catalog of Lud- wig Bir\u00f3\u2018s Ethnographic Collection from German New Guinea\u201c (Beschreibender Catalog der ethnographischen Sammlung Ludwig Bir\u00f3 \u0301s aus &hellip; <a href=\"https:\/\/verlag.wiethase.de\/?page_id=758\">Weiterlesen <span class=\"meta-nav\">&rarr;<\/span><\/a><\/p>\n","protected":false},"author":1,"featured_media":763,"parent":743,"menu_order":0,"comment_status":"closed","ping_status":"closed","template":"","meta":{"_monsterinsights_skip_tracking":false,"_monsterinsights_sitenote_active":false,"_monsterinsights_sitenote_note":"","_monsterinsights_sitenote_category":0,"footnotes":""},"class_list":["post-758","page","type-page","status-publish","has-post-thumbnail","hentry"],"yoast_head":"<!-- This site is optimized with the Yoast SEO plugin v27.4 - https:\/\/yoast.com\/product\/yoast-seo-wordpress\/ -->\n<title>Descriptive Catalogue of Bir\u00f3\u00b4s Ethnographic Collection - WiethaseVerlag<\/title>\n<meta name=\"robots\" content=\"index, follow, max-snippet:-1, max-image-preview:large, max-video-preview:-1\" \/>\n<link rel=\"canonical\" href=\"https:\/\/verlag.wiethase.de\/?page_id=758\" \/>\n<meta property=\"og:locale\" content=\"de_DE\" \/>\n<meta property=\"og:type\" content=\"article\" \/>\n<meta property=\"og:title\" content=\"Descriptive Catalogue of Bir\u00f3\u00b4s Ethnographic Collection - WiethaseVerlag\" \/>\n<meta property=\"og:description\" content=\"from German New Guinea (Berlinhafen and Astrolabe Bay) This book is an English version of the two works titled \u201eDescriptive Catalog of Lud- wig Bir\u00f3\u2018s Ethnographic Collection from German New Guinea\u201c (Beschreibender Catalog der ethnographischen Sammlung Ludwig Bir\u00f3 \u0301s aus &hellip; Weiterlesen &rarr;\" \/>\n<meta property=\"og:url\" content=\"https:\/\/verlag.wiethase.de\/?page_id=758\" \/>\n<meta property=\"og:site_name\" content=\"WiethaseVerlag\" \/>\n<meta property=\"article:publisher\" content=\"https:\/\/www.facebook.com\/profile.php?id=100063974142366\" \/>\n<meta property=\"og:image\" content=\"https:\/\/verlag.wiethase.de\/wp-content\/uploads\/2020\/12\/Biro-Bu\u0308cher-1-und-2-englisch-verschoben-3-scaled.jpg\" \/>\n\t<meta property=\"og:image:width\" content=\"1847\" \/>\n\t<meta property=\"og:image:height\" content=\"2560\" \/>\n\t<meta property=\"og:image:type\" content=\"image\/jpeg\" \/>\n<meta name=\"twitter:card\" content=\"summary_large_image\" \/>\n<meta name=\"twitter:label1\" content=\"Gesch\u00e4tzte Lesezeit\" \/>\n\t<meta name=\"twitter:data1\" content=\"2\u00a0Minuten\" \/>\n<script type=\"application\/ld+json\" class=\"yoast-schema-graph\">{\"@context\":\"https:\\\/\\\/schema.org\",\"@graph\":[{\"@type\":\"WebPage\",\"@id\":\"https:\\\/\\\/verlag.wiethase.de\\\/?page_id=758\",\"url\":\"https:\\\/\\\/verlag.wiethase.de\\\/?page_id=758\",\"name\":\"Descriptive Catalogue of Bir\u00f3\u00b4s Ethnographic Collection - WiethaseVerlag\",\"isPartOf\":{\"@id\":\"https:\\\/\\\/verlag.wiethase.de\\\/#website\"},\"primaryImageOfPage\":{\"@id\":\"https:\\\/\\\/verlag.wiethase.de\\\/?page_id=758#primaryimage\"},\"image\":{\"@id\":\"https:\\\/\\\/verlag.wiethase.de\\\/?page_id=758#primaryimage\"},\"thumbnailUrl\":\"https:\\\/\\\/verlag.wiethase.de\\\/wp-content\\\/uploads\\\/2020\\\/12\\\/Biro-Bu\u0308cher-1-und-2-englisch-verschoben-3-scaled.jpg\",\"datePublished\":\"2020-12-15T15:51:50+00:00\",\"breadcrumb\":{\"@id\":\"https:\\\/\\\/verlag.wiethase.de\\\/?page_id=758#breadcrumb\"},\"inLanguage\":\"de\",\"potentialAction\":[{\"@type\":\"ReadAction\",\"target\":[\"https:\\\/\\\/verlag.wiethase.de\\\/?page_id=758\"]}]},{\"@type\":\"ImageObject\",\"inLanguage\":\"de\",\"@id\":\"https:\\\/\\\/verlag.wiethase.de\\\/?page_id=758#primaryimage\",\"url\":\"https:\\\/\\\/verlag.wiethase.de\\\/wp-content\\\/uploads\\\/2020\\\/12\\\/Biro-Bu\u0308cher-1-und-2-englisch-verschoben-3-scaled.jpg\",\"contentUrl\":\"https:\\\/\\\/verlag.wiethase.de\\\/wp-content\\\/uploads\\\/2020\\\/12\\\/Biro-Bu\u0308cher-1-und-2-englisch-verschoben-3-scaled.jpg\",\"width\":1847,\"height\":2560},{\"@type\":\"BreadcrumbList\",\"@id\":\"https:\\\/\\\/verlag.wiethase.de\\\/?page_id=758#breadcrumb\",\"itemListElement\":[{\"@type\":\"ListItem\",\"position\":1,\"name\":\"Startseite\",\"item\":\"https:\\\/\\\/verlag.wiethase.de\\\/\"},{\"@type\":\"ListItem\",\"position\":2,\"name\":\"Faximile\",\"item\":\"https:\\\/\\\/verlag.wiethase.de\\\/?page_id=743\"},{\"@type\":\"ListItem\",\"position\":3,\"name\":\"Descriptive Catalogue of Bir\u00f3\u00b4s Ethnographic Collection\"}]},{\"@type\":\"WebSite\",\"@id\":\"https:\\\/\\\/verlag.wiethase.de\\\/#website\",\"url\":\"https:\\\/\\\/verlag.wiethase.de\\\/\",\"name\":\"WiethaseVerlag\",\"description\":\"B\u00fccher - DVD - H\u00f6rb\u00fccher\",\"publisher\":{\"@id\":\"https:\\\/\\\/verlag.wiethase.de\\\/#organization\"},\"potentialAction\":[{\"@type\":\"SearchAction\",\"target\":{\"@type\":\"EntryPoint\",\"urlTemplate\":\"https:\\\/\\\/verlag.wiethase.de\\\/?s={search_term_string}\"},\"query-input\":{\"@type\":\"PropertyValueSpecification\",\"valueRequired\":true,\"valueName\":\"search_term_string\"}}],\"inLanguage\":\"de\"},{\"@type\":\"Organization\",\"@id\":\"https:\\\/\\\/verlag.wiethase.de\\\/#organization\",\"name\":\"Wiethase Verlag\",\"url\":\"https:\\\/\\\/verlag.wiethase.de\\\/\",\"logo\":{\"@type\":\"ImageObject\",\"inLanguage\":\"de\",\"@id\":\"https:\\\/\\\/verlag.wiethase.de\\\/#\\\/schema\\\/logo\\\/image\\\/\",\"url\":\"https:\\\/\\\/verlag.wiethase.de\\\/wp-content\\\/uploads\\\/2022\\\/07\\\/logo-verlag.jpg\",\"contentUrl\":\"https:\\\/\\\/verlag.wiethase.de\\\/wp-content\\\/uploads\\\/2022\\\/07\\\/logo-verlag.jpg\",\"width\":790,\"height\":514,\"caption\":\"Wiethase Verlag\"},\"image\":{\"@id\":\"https:\\\/\\\/verlag.wiethase.de\\\/#\\\/schema\\\/logo\\\/image\\\/\"},\"sameAs\":[\"https:\\\/\\\/www.facebook.com\\\/profile.php?id=100063974142366\"]}]}<\/script>\n<!-- \/ Yoast SEO plugin. -->","yoast_head_json":{"title":"Descriptive Catalogue of Bir\u00f3\u00b4s Ethnographic Collection - WiethaseVerlag","robots":{"index":"index","follow":"follow","max-snippet":"max-snippet:-1","max-image-preview":"max-image-preview:large","max-video-preview":"max-video-preview:-1"},"canonical":"https:\/\/verlag.wiethase.de\/?page_id=758","og_locale":"de_DE","og_type":"article","og_title":"Descriptive Catalogue of Bir\u00f3\u00b4s Ethnographic Collection - WiethaseVerlag","og_description":"from German New Guinea (Berlinhafen and Astrolabe Bay) This book is an English version of the two works titled \u201eDescriptive Catalog of Lud- wig Bir\u00f3\u2018s Ethnographic Collection from German New Guinea\u201c (Beschreibender Catalog der ethnographischen Sammlung Ludwig Bir\u00f3 \u0301s aus &hellip; Weiterlesen &rarr;","og_url":"https:\/\/verlag.wiethase.de\/?page_id=758","og_site_name":"WiethaseVerlag","article_publisher":"https:\/\/www.facebook.com\/profile.php?id=100063974142366","og_image":[{"width":1847,"height":2560,"url":"https:\/\/verlag.wiethase.de\/wp-content\/uploads\/2020\/12\/Biro-Bu\u0308cher-1-und-2-englisch-verschoben-3-scaled.jpg","type":"image\/jpeg"}],"twitter_card":"summary_large_image","twitter_misc":{"Gesch\u00e4tzte Lesezeit":"2\u00a0Minuten"},"schema":{"@context":"https:\/\/schema.org","@graph":[{"@type":"WebPage","@id":"https:\/\/verlag.wiethase.de\/?page_id=758","url":"https:\/\/verlag.wiethase.de\/?page_id=758","name":"Descriptive Catalogue of Bir\u00f3\u00b4s Ethnographic Collection - WiethaseVerlag","isPartOf":{"@id":"https:\/\/verlag.wiethase.de\/#website"},"primaryImageOfPage":{"@id":"https:\/\/verlag.wiethase.de\/?page_id=758#primaryimage"},"image":{"@id":"https:\/\/verlag.wiethase.de\/?page_id=758#primaryimage"},"thumbnailUrl":"https:\/\/verlag.wiethase.de\/wp-content\/uploads\/2020\/12\/Biro-Bu\u0308cher-1-und-2-englisch-verschoben-3-scaled.jpg","datePublished":"2020-12-15T15:51:50+00:00","breadcrumb":{"@id":"https:\/\/verlag.wiethase.de\/?page_id=758#breadcrumb"},"inLanguage":"de","potentialAction":[{"@type":"ReadAction","target":["https:\/\/verlag.wiethase.de\/?page_id=758"]}]},{"@type":"ImageObject","inLanguage":"de","@id":"https:\/\/verlag.wiethase.de\/?page_id=758#primaryimage","url":"https:\/\/verlag.wiethase.de\/wp-content\/uploads\/2020\/12\/Biro-Bu\u0308cher-1-und-2-englisch-verschoben-3-scaled.jpg","contentUrl":"https:\/\/verlag.wiethase.de\/wp-content\/uploads\/2020\/12\/Biro-Bu\u0308cher-1-und-2-englisch-verschoben-3-scaled.jpg","width":1847,"height":2560},{"@type":"BreadcrumbList","@id":"https:\/\/verlag.wiethase.de\/?page_id=758#breadcrumb","itemListElement":[{"@type":"ListItem","position":1,"name":"Startseite","item":"https:\/\/verlag.wiethase.de\/"},{"@type":"ListItem","position":2,"name":"Faximile","item":"https:\/\/verlag.wiethase.de\/?page_id=743"},{"@type":"ListItem","position":3,"name":"Descriptive Catalogue of Bir\u00f3\u00b4s Ethnographic Collection"}]},{"@type":"WebSite","@id":"https:\/\/verlag.wiethase.de\/#website","url":"https:\/\/verlag.wiethase.de\/","name":"WiethaseVerlag","description":"B\u00fccher - DVD - H\u00f6rb\u00fccher","publisher":{"@id":"https:\/\/verlag.wiethase.de\/#organization"},"potentialAction":[{"@type":"SearchAction","target":{"@type":"EntryPoint","urlTemplate":"https:\/\/verlag.wiethase.de\/?s={search_term_string}"},"query-input":{"@type":"PropertyValueSpecification","valueRequired":true,"valueName":"search_term_string"}}],"inLanguage":"de"},{"@type":"Organization","@id":"https:\/\/verlag.wiethase.de\/#organization","name":"Wiethase Verlag","url":"https:\/\/verlag.wiethase.de\/","logo":{"@type":"ImageObject","inLanguage":"de","@id":"https:\/\/verlag.wiethase.de\/#\/schema\/logo\/image\/","url":"https:\/\/verlag.wiethase.de\/wp-content\/uploads\/2022\/07\/logo-verlag.jpg","contentUrl":"https:\/\/verlag.wiethase.de\/wp-content\/uploads\/2022\/07\/logo-verlag.jpg","width":790,"height":514,"caption":"Wiethase Verlag"},"image":{"@id":"https:\/\/verlag.wiethase.de\/#\/schema\/logo\/image\/"},"sameAs":["https:\/\/www.facebook.com\/profile.php?id=100063974142366"]}]}},"_links":{"self":[{"href":"https:\/\/verlag.wiethase.de\/index.php?rest_route=\/wp\/v2\/pages\/758","targetHints":{"allow":["GET"]}}],"collection":[{"href":"https:\/\/verlag.wiethase.de\/index.php?rest_route=\/wp\/v2\/pages"}],"about":[{"href":"https:\/\/verlag.wiethase.de\/index.php?rest_route=\/wp\/v2\/types\/page"}],"author":[{"embeddable":true,"href":"https:\/\/verlag.wiethase.de\/index.php?rest_route=\/wp\/v2\/users\/1"}],"replies":[{"embeddable":true,"href":"https:\/\/verlag.wiethase.de\/index.php?rest_route=%2Fwp%2Fv2%2Fcomments&post=758"}],"version-history":[{"count":1,"href":"https:\/\/verlag.wiethase.de\/index.php?rest_route=\/wp\/v2\/pages\/758\/revisions"}],"predecessor-version":[{"id":764,"href":"https:\/\/verlag.wiethase.de\/index.php?rest_route=\/wp\/v2\/pages\/758\/revisions\/764"}],"up":[{"embeddable":true,"href":"https:\/\/verlag.wiethase.de\/index.php?rest_route=\/wp\/v2\/pages\/743"}],"wp:featuredmedia":[{"embeddable":true,"href":"https:\/\/verlag.wiethase.de\/index.php?rest_route=\/wp\/v2\/media\/763"}],"wp:attachment":[{"href":"https:\/\/verlag.wiethase.de\/index.php?rest_route=%2Fwp%2Fv2%2Fmedia&parent=758"}],"curies":[{"name":"wp","href":"https:\/\/api.w.org\/{rel}","templated":true}]}}