{"id":746,"date":"2020-11-13T10:55:29","date_gmt":"2020-11-13T10:55:29","guid":{"rendered":"https:\/\/verlag.wiethase.de\/?page_id=746"},"modified":"2020-12-01T14:14:14","modified_gmt":"2020-12-01T14:14:14","slug":"catalogues-of-ethnographical-specimens","status":"publish","type":"page","link":"https:\/\/verlag.wiethase.de\/?page_id=746","title":{"rendered":"Catalogues of ETHNOGRAPHICAL SPECIMENS"},"content":{"rendered":"\n<p>This edition unites all the catalogues published by the collector and trader William Ockleford <strong>Oldman<\/strong> from November 1904 (Vol 20) to the last Volume 130. <\/p>\n\n\n\n<p>Diese Ausgabe beinhaltet alle Kataloge vom November 1904 bis zur Nummer 130. <\/p>\n\n\n\n<p>ISBN 9783948396138  <strong>90.&#8211; \u20ac       plus Versand<\/strong> bei Vorauskasse<\/p>\n\n\n\n<p>ISBN 9783948396138 <strong>90.&#8211; \u20ac        plus shipping,<\/strong> payment in advance<\/p>\n\n\n\n<figure class=\"wp-block-image size-large\"><img loading=\"lazy\" decoding=\"async\" width=\"737\" height=\"1024\" src=\"https:\/\/verlag.wiethase.de\/wp-content\/uploads\/2020\/11\/catalogue-cover-737x1024.jpg\" alt=\"\" class=\"wp-image-747\" srcset=\"https:\/\/verlag.wiethase.de\/wp-content\/uploads\/2020\/11\/catalogue-cover-737x1024.jpg 737w, https:\/\/verlag.wiethase.de\/wp-content\/uploads\/2020\/11\/catalogue-cover-216x300.jpg 216w, https:\/\/verlag.wiethase.de\/wp-content\/uploads\/2020\/11\/catalogue-cover-768x1067.jpg 768w, https:\/\/verlag.wiethase.de\/wp-content\/uploads\/2020\/11\/catalogue-cover-1105x1536.jpg 1105w, https:\/\/verlag.wiethase.de\/wp-content\/uploads\/2020\/11\/catalogue-cover-1473x2048.jpg 1473w, https:\/\/verlag.wiethase.de\/wp-content\/uploads\/2020\/11\/catalogue-cover-scaled.jpg 1842w\" sizes=\"auto, (max-width: 737px) 100vw, 737px\" \/><\/figure>\n\n\n\n<p>To compare the value of the British pound in 1904 with the todays value you can multiply with the factor of approximately 250. Um die Preise mit dem heutigen Wert zu vergleichen kann man sie etwa mit dem Faktor 250 multiplizieren.<\/p>\n\n\n\n<p><\/p>\n\n\n\n<figure class=\"wp-block-image size-large\"><img loading=\"lazy\" decoding=\"async\" width=\"684\" height=\"1024\" src=\"https:\/\/verlag.wiethase.de\/wp-content\/uploads\/2020\/11\/Catalogue-verschoben-2-684x1024.jpg\" alt=\"\" class=\"wp-image-748\" srcset=\"https:\/\/verlag.wiethase.de\/wp-content\/uploads\/2020\/11\/Catalogue-verschoben-2-684x1024.jpg 684w, https:\/\/verlag.wiethase.de\/wp-content\/uploads\/2020\/11\/Catalogue-verschoben-2-200x300.jpg 200w, https:\/\/verlag.wiethase.de\/wp-content\/uploads\/2020\/11\/Catalogue-verschoben-2-768x1150.jpg 768w, https:\/\/verlag.wiethase.de\/wp-content\/uploads\/2020\/11\/Catalogue-verschoben-2-1026x1536.jpg 1026w, https:\/\/verlag.wiethase.de\/wp-content\/uploads\/2020\/11\/Catalogue-verschoben-2-1367x2048.jpg 1367w, https:\/\/verlag.wiethase.de\/wp-content\/uploads\/2020\/11\/Catalogue-verschoben-2-scaled.jpg 1709w\" sizes=\"auto, (max-width: 684px) 100vw, 684px\" \/><\/figure>\n\n\n\n<p>ISBN-13978-3-948396-13-8<\/p>\n\n\n\n<figure class=\"wp-block-image size-large\"><img loading=\"lazy\" decoding=\"async\" width=\"708\" height=\"1024\" src=\"https:\/\/verlag.wiethase.de\/wp-content\/uploads\/2020\/11\/Catalogue-verschoben-708x1024.jpg\" alt=\"\" class=\"wp-image-749\" srcset=\"https:\/\/verlag.wiethase.de\/wp-content\/uploads\/2020\/11\/Catalogue-verschoben-708x1024.jpg 708w, https:\/\/verlag.wiethase.de\/wp-content\/uploads\/2020\/11\/Catalogue-verschoben-207x300.jpg 207w, https:\/\/verlag.wiethase.de\/wp-content\/uploads\/2020\/11\/Catalogue-verschoben-768x1111.jpg 768w, https:\/\/verlag.wiethase.de\/wp-content\/uploads\/2020\/11\/Catalogue-verschoben-1062x1536.jpg 1062w, https:\/\/verlag.wiethase.de\/wp-content\/uploads\/2020\/11\/Catalogue-verschoben-1416x2048.jpg 1416w, https:\/\/verlag.wiethase.de\/wp-content\/uploads\/2020\/11\/Catalogue-verschoben-scaled.jpg 1770w\" sizes=\"auto, (max-width: 708px) 100vw, 708px\" \/><\/figure>\n\n\n\n<p><\/p>\n\n\n\n<p><\/p>\n","protected":false},"excerpt":{"rendered":"<p>This edition unites all the catalogues published by the collector and trader William Ockleford Oldman from November 1904 (Vol 20) to the last Volume 130. Diese Ausgabe beinhaltet alle Kataloge vom November 1904 bis zur Nummer 130. ISBN 9783948396138 90.&#8211; &hellip; <a href=\"https:\/\/verlag.wiethase.de\/?page_id=746\">Weiterlesen <span class=\"meta-nav\">&rarr;<\/span><\/a><\/p>\n","protected":false},"author":1,"featured_media":0,"parent":743,"menu_order":0,"comment_status":"closed","ping_status":"closed","template":"","meta":{"_monsterinsights_skip_tracking":false,"_monsterinsights_sitenote_active":false,"_monsterinsights_sitenote_note":"","_monsterinsights_sitenote_category":0,"footnotes":""},"class_list":["post-746","page","type-page","status-publish","hentry"],"yoast_head":"<!-- This site is optimized with the Yoast SEO plugin v27.4 - https:\/\/yoast.com\/product\/yoast-seo-wordpress\/ -->\n<title>Catalogues of ETHNOGRAPHICAL SPECIMENS - WiethaseVerlag<\/title>\n<meta name=\"robots\" content=\"index, follow, max-snippet:-1, max-image-preview:large, max-video-preview:-1\" \/>\n<link rel=\"canonical\" href=\"https:\/\/verlag.wiethase.de\/?page_id=746\" \/>\n<meta property=\"og:locale\" content=\"de_DE\" \/>\n<meta property=\"og:type\" content=\"article\" \/>\n<meta property=\"og:title\" content=\"Catalogues of ETHNOGRAPHICAL SPECIMENS - WiethaseVerlag\" \/>\n<meta property=\"og:description\" content=\"This edition unites all the catalogues published by the collector and trader William Ockleford Oldman from November 1904 (Vol 20) to the last Volume 130. Diese Ausgabe beinhaltet alle Kataloge vom November 1904 bis zur Nummer 130. ISBN 9783948396138 90.&#8211; &hellip; Weiterlesen &rarr;\" \/>\n<meta property=\"og:url\" content=\"https:\/\/verlag.wiethase.de\/?page_id=746\" \/>\n<meta property=\"og:site_name\" content=\"WiethaseVerlag\" \/>\n<meta property=\"article:publisher\" content=\"https:\/\/www.facebook.com\/profile.php?id=100063974142366\" \/>\n<meta property=\"article:modified_time\" content=\"2020-12-01T14:14:14+00:00\" \/>\n<meta property=\"og:image\" content=\"https:\/\/verlag.wiethase.de\/wp-content\/uploads\/2020\/11\/catalogue-cover-737x1024.jpg\" \/>\n<meta name=\"twitter:card\" content=\"summary_large_image\" \/>\n<script type=\"application\/ld+json\" class=\"yoast-schema-graph\">{\"@context\":\"https:\\\/\\\/schema.org\",\"@graph\":[{\"@type\":\"WebPage\",\"@id\":\"https:\\\/\\\/verlag.wiethase.de\\\/?page_id=746\",\"url\":\"https:\\\/\\\/verlag.wiethase.de\\\/?page_id=746\",\"name\":\"Catalogues of ETHNOGRAPHICAL SPECIMENS - WiethaseVerlag\",\"isPartOf\":{\"@id\":\"https:\\\/\\\/verlag.wiethase.de\\\/#website\"},\"primaryImageOfPage\":{\"@id\":\"https:\\\/\\\/verlag.wiethase.de\\\/?page_id=746#primaryimage\"},\"image\":{\"@id\":\"https:\\\/\\\/verlag.wiethase.de\\\/?page_id=746#primaryimage\"},\"thumbnailUrl\":\"https:\\\/\\\/verlag.wiethase.de\\\/wp-content\\\/uploads\\\/2020\\\/11\\\/catalogue-cover-737x1024.jpg\",\"datePublished\":\"2020-11-13T10:55:29+00:00\",\"dateModified\":\"2020-12-01T14:14:14+00:00\",\"breadcrumb\":{\"@id\":\"https:\\\/\\\/verlag.wiethase.de\\\/?page_id=746#breadcrumb\"},\"inLanguage\":\"de\",\"potentialAction\":[{\"@type\":\"ReadAction\",\"target\":[\"https:\\\/\\\/verlag.wiethase.de\\\/?page_id=746\"]}]},{\"@type\":\"ImageObject\",\"inLanguage\":\"de\",\"@id\":\"https:\\\/\\\/verlag.wiethase.de\\\/?page_id=746#primaryimage\",\"url\":\"https:\\\/\\\/verlag.wiethase.de\\\/wp-content\\\/uploads\\\/2020\\\/11\\\/catalogue-cover-scaled.jpg\",\"contentUrl\":\"https:\\\/\\\/verlag.wiethase.de\\\/wp-content\\\/uploads\\\/2020\\\/11\\\/catalogue-cover-scaled.jpg\",\"width\":1842,\"height\":2560},{\"@type\":\"BreadcrumbList\",\"@id\":\"https:\\\/\\\/verlag.wiethase.de\\\/?page_id=746#breadcrumb\",\"itemListElement\":[{\"@type\":\"ListItem\",\"position\":1,\"name\":\"Startseite\",\"item\":\"https:\\\/\\\/verlag.wiethase.de\\\/\"},{\"@type\":\"ListItem\",\"position\":2,\"name\":\"Faximile\",\"item\":\"https:\\\/\\\/verlag.wiethase.de\\\/?page_id=743\"},{\"@type\":\"ListItem\",\"position\":3,\"name\":\"Catalogues of ETHNOGRAPHICAL SPECIMENS\"}]},{\"@type\":\"WebSite\",\"@id\":\"https:\\\/\\\/verlag.wiethase.de\\\/#website\",\"url\":\"https:\\\/\\\/verlag.wiethase.de\\\/\",\"name\":\"WiethaseVerlag\",\"description\":\"B\u00fccher - DVD - H\u00f6rb\u00fccher\",\"publisher\":{\"@id\":\"https:\\\/\\\/verlag.wiethase.de\\\/#organization\"},\"potentialAction\":[{\"@type\":\"SearchAction\",\"target\":{\"@type\":\"EntryPoint\",\"urlTemplate\":\"https:\\\/\\\/verlag.wiethase.de\\\/?s={search_term_string}\"},\"query-input\":{\"@type\":\"PropertyValueSpecification\",\"valueRequired\":true,\"valueName\":\"search_term_string\"}}],\"inLanguage\":\"de\"},{\"@type\":\"Organization\",\"@id\":\"https:\\\/\\\/verlag.wiethase.de\\\/#organization\",\"name\":\"Wiethase Verlag\",\"url\":\"https:\\\/\\\/verlag.wiethase.de\\\/\",\"logo\":{\"@type\":\"ImageObject\",\"inLanguage\":\"de\",\"@id\":\"https:\\\/\\\/verlag.wiethase.de\\\/#\\\/schema\\\/logo\\\/image\\\/\",\"url\":\"https:\\\/\\\/verlag.wiethase.de\\\/wp-content\\\/uploads\\\/2022\\\/07\\\/logo-verlag.jpg\",\"contentUrl\":\"https:\\\/\\\/verlag.wiethase.de\\\/wp-content\\\/uploads\\\/2022\\\/07\\\/logo-verlag.jpg\",\"width\":790,\"height\":514,\"caption\":\"Wiethase Verlag\"},\"image\":{\"@id\":\"https:\\\/\\\/verlag.wiethase.de\\\/#\\\/schema\\\/logo\\\/image\\\/\"},\"sameAs\":[\"https:\\\/\\\/www.facebook.com\\\/profile.php?id=100063974142366\"]}]}<\/script>\n<!-- \/ Yoast SEO plugin. -->","yoast_head_json":{"title":"Catalogues of ETHNOGRAPHICAL SPECIMENS - WiethaseVerlag","robots":{"index":"index","follow":"follow","max-snippet":"max-snippet:-1","max-image-preview":"max-image-preview:large","max-video-preview":"max-video-preview:-1"},"canonical":"https:\/\/verlag.wiethase.de\/?page_id=746","og_locale":"de_DE","og_type":"article","og_title":"Catalogues of ETHNOGRAPHICAL SPECIMENS - WiethaseVerlag","og_description":"This edition unites all the catalogues published by the collector and trader William Ockleford Oldman from November 1904 (Vol 20) to the last Volume 130. Diese Ausgabe beinhaltet alle Kataloge vom November 1904 bis zur Nummer 130. ISBN 9783948396138 90.&#8211; &hellip; Weiterlesen &rarr;","og_url":"https:\/\/verlag.wiethase.de\/?page_id=746","og_site_name":"WiethaseVerlag","article_publisher":"https:\/\/www.facebook.com\/profile.php?id=100063974142366","article_modified_time":"2020-12-01T14:14:14+00:00","og_image":[{"url":"https:\/\/verlag.wiethase.de\/wp-content\/uploads\/2020\/11\/catalogue-cover-737x1024.jpg","type":"","width":"","height":""}],"twitter_card":"summary_large_image","schema":{"@context":"https:\/\/schema.org","@graph":[{"@type":"WebPage","@id":"https:\/\/verlag.wiethase.de\/?page_id=746","url":"https:\/\/verlag.wiethase.de\/?page_id=746","name":"Catalogues of ETHNOGRAPHICAL SPECIMENS - WiethaseVerlag","isPartOf":{"@id":"https:\/\/verlag.wiethase.de\/#website"},"primaryImageOfPage":{"@id":"https:\/\/verlag.wiethase.de\/?page_id=746#primaryimage"},"image":{"@id":"https:\/\/verlag.wiethase.de\/?page_id=746#primaryimage"},"thumbnailUrl":"https:\/\/verlag.wiethase.de\/wp-content\/uploads\/2020\/11\/catalogue-cover-737x1024.jpg","datePublished":"2020-11-13T10:55:29+00:00","dateModified":"2020-12-01T14:14:14+00:00","breadcrumb":{"@id":"https:\/\/verlag.wiethase.de\/?page_id=746#breadcrumb"},"inLanguage":"de","potentialAction":[{"@type":"ReadAction","target":["https:\/\/verlag.wiethase.de\/?page_id=746"]}]},{"@type":"ImageObject","inLanguage":"de","@id":"https:\/\/verlag.wiethase.de\/?page_id=746#primaryimage","url":"https:\/\/verlag.wiethase.de\/wp-content\/uploads\/2020\/11\/catalogue-cover-scaled.jpg","contentUrl":"https:\/\/verlag.wiethase.de\/wp-content\/uploads\/2020\/11\/catalogue-cover-scaled.jpg","width":1842,"height":2560},{"@type":"BreadcrumbList","@id":"https:\/\/verlag.wiethase.de\/?page_id=746#breadcrumb","itemListElement":[{"@type":"ListItem","position":1,"name":"Startseite","item":"https:\/\/verlag.wiethase.de\/"},{"@type":"ListItem","position":2,"name":"Faximile","item":"https:\/\/verlag.wiethase.de\/?page_id=743"},{"@type":"ListItem","position":3,"name":"Catalogues of ETHNOGRAPHICAL SPECIMENS"}]},{"@type":"WebSite","@id":"https:\/\/verlag.wiethase.de\/#website","url":"https:\/\/verlag.wiethase.de\/","name":"WiethaseVerlag","description":"B\u00fccher - DVD - H\u00f6rb\u00fccher","publisher":{"@id":"https:\/\/verlag.wiethase.de\/#organization"},"potentialAction":[{"@type":"SearchAction","target":{"@type":"EntryPoint","urlTemplate":"https:\/\/verlag.wiethase.de\/?s={search_term_string}"},"query-input":{"@type":"PropertyValueSpecification","valueRequired":true,"valueName":"search_term_string"}}],"inLanguage":"de"},{"@type":"Organization","@id":"https:\/\/verlag.wiethase.de\/#organization","name":"Wiethase Verlag","url":"https:\/\/verlag.wiethase.de\/","logo":{"@type":"ImageObject","inLanguage":"de","@id":"https:\/\/verlag.wiethase.de\/#\/schema\/logo\/image\/","url":"https:\/\/verlag.wiethase.de\/wp-content\/uploads\/2022\/07\/logo-verlag.jpg","contentUrl":"https:\/\/verlag.wiethase.de\/wp-content\/uploads\/2022\/07\/logo-verlag.jpg","width":790,"height":514,"caption":"Wiethase Verlag"},"image":{"@id":"https:\/\/verlag.wiethase.de\/#\/schema\/logo\/image\/"},"sameAs":["https:\/\/www.facebook.com\/profile.php?id=100063974142366"]}]}},"_links":{"self":[{"href":"https:\/\/verlag.wiethase.de\/index.php?rest_route=\/wp\/v2\/pages\/746","targetHints":{"allow":["GET"]}}],"collection":[{"href":"https:\/\/verlag.wiethase.de\/index.php?rest_route=\/wp\/v2\/pages"}],"about":[{"href":"https:\/\/verlag.wiethase.de\/index.php?rest_route=\/wp\/v2\/types\/page"}],"author":[{"embeddable":true,"href":"https:\/\/verlag.wiethase.de\/index.php?rest_route=\/wp\/v2\/users\/1"}],"replies":[{"embeddable":true,"href":"https:\/\/verlag.wiethase.de\/index.php?rest_route=%2Fwp%2Fv2%2Fcomments&post=746"}],"version-history":[{"count":2,"href":"https:\/\/verlag.wiethase.de\/index.php?rest_route=\/wp\/v2\/pages\/746\/revisions"}],"predecessor-version":[{"id":755,"href":"https:\/\/verlag.wiethase.de\/index.php?rest_route=\/wp\/v2\/pages\/746\/revisions\/755"}],"up":[{"embeddable":true,"href":"https:\/\/verlag.wiethase.de\/index.php?rest_route=\/wp\/v2\/pages\/743"}],"wp:attachment":[{"href":"https:\/\/verlag.wiethase.de\/index.php?rest_route=%2Fwp%2Fv2%2Fmedia&parent=746"}],"curies":[{"name":"wp","href":"https:\/\/api.w.org\/{rel}","templated":true}]}}