{"id":723,"date":"2020-11-05T15:33:30","date_gmt":"2020-11-05T15:33:30","guid":{"rendered":"https:\/\/verlag.wiethase.de\/?page_id=723"},"modified":"2020-11-05T15:33:31","modified_gmt":"2020-11-05T15:33:31","slug":"indian-streetfood","status":"publish","type":"page","link":"https:\/\/verlag.wiethase.de\/?page_id=723","title":{"rendered":"Indian Streetfood"},"content":{"rendered":"\n<p>Auf meinen vielen Reisen durch Indien habe ich diese Rezepte von Stra\u00dfenk\u00fcchen gesammelt. Guten Appetit!<\/p>\n\n\n\n<figure class=\"wp-block-image size-large\"><img loading=\"lazy\" decoding=\"async\" width=\"845\" height=\"845\" src=\"https:\/\/verlag.wiethase.de\/wp-content\/uploads\/2020\/11\/Streetfood-cover-1-845x845.jpg\" alt=\"\" class=\"wp-image-728\" srcset=\"https:\/\/verlag.wiethase.de\/wp-content\/uploads\/2020\/11\/Streetfood-cover-1-845x845.jpg 845w, https:\/\/verlag.wiethase.de\/wp-content\/uploads\/2020\/11\/Streetfood-cover-1-300x300.jpg 300w, https:\/\/verlag.wiethase.de\/wp-content\/uploads\/2020\/11\/Streetfood-cover-1-150x150.jpg 150w, https:\/\/verlag.wiethase.de\/wp-content\/uploads\/2020\/11\/Streetfood-cover-1-768x768.jpg 768w, https:\/\/verlag.wiethase.de\/wp-content\/uploads\/2020\/11\/Streetfood-cover-1-1536x1536.jpg 1536w, https:\/\/verlag.wiethase.de\/wp-content\/uploads\/2020\/11\/Streetfood-cover-1-2048x2048.jpg 2048w\" sizes=\"auto, (max-width: 845px) 100vw, 845px\" \/><\/figure>\n\n\n\n<figure class=\"wp-block-image size-large\"><img loading=\"lazy\" decoding=\"async\" width=\"845\" height=\"846\" src=\"https:\/\/verlag.wiethase.de\/wp-content\/uploads\/2020\/11\/Streetfood-verschoben-845x846.jpg\" alt=\"\" class=\"wp-image-731\" srcset=\"https:\/\/verlag.wiethase.de\/wp-content\/uploads\/2020\/11\/Streetfood-verschoben-845x846.jpg 845w, https:\/\/verlag.wiethase.de\/wp-content\/uploads\/2020\/11\/Streetfood-verschoben-300x300.jpg 300w, https:\/\/verlag.wiethase.de\/wp-content\/uploads\/2020\/11\/Streetfood-verschoben-150x150.jpg 150w, https:\/\/verlag.wiethase.de\/wp-content\/uploads\/2020\/11\/Streetfood-verschoben-768x769.jpg 768w, https:\/\/verlag.wiethase.de\/wp-content\/uploads\/2020\/11\/Streetfood-verschoben-1533x1536.jpg 1533w, https:\/\/verlag.wiethase.de\/wp-content\/uploads\/2020\/11\/Streetfood-verschoben-2044x2048.jpg 2044w, https:\/\/verlag.wiethase.de\/wp-content\/uploads\/2020\/11\/Streetfood-verschoben-299x300.jpg 299w\" sizes=\"auto, (max-width: 845px) 100vw, 845px\" \/><\/figure>\n\n\n\n<figure class=\"wp-block-image size-large\"><img loading=\"lazy\" decoding=\"async\" width=\"845\" height=\"887\" src=\"https:\/\/verlag.wiethase.de\/wp-content\/uploads\/2020\/11\/Streetfood-verschoben-5-845x887.jpg\" alt=\"\" class=\"wp-image-732\" srcset=\"https:\/\/verlag.wiethase.de\/wp-content\/uploads\/2020\/11\/Streetfood-verschoben-5-845x887.jpg 845w, https:\/\/verlag.wiethase.de\/wp-content\/uploads\/2020\/11\/Streetfood-verschoben-5-286x300.jpg 286w, https:\/\/verlag.wiethase.de\/wp-content\/uploads\/2020\/11\/Streetfood-verschoben-5-768x807.jpg 768w, https:\/\/verlag.wiethase.de\/wp-content\/uploads\/2020\/11\/Streetfood-verschoben-5-1463x1536.jpg 1463w, https:\/\/verlag.wiethase.de\/wp-content\/uploads\/2020\/11\/Streetfood-verschoben-5-1950x2048.jpg 1950w\" sizes=\"auto, (max-width: 845px) 100vw, 845px\" \/><\/figure>\n\n\n\n<figure class=\"wp-block-image size-large\"><img loading=\"lazy\" decoding=\"async\" width=\"845\" height=\"845\" src=\"https:\/\/verlag.wiethase.de\/wp-content\/uploads\/2020\/11\/Streetfood-verschoben-3-1-845x845.jpg\" alt=\"\" class=\"wp-image-729\" srcset=\"https:\/\/verlag.wiethase.de\/wp-content\/uploads\/2020\/11\/Streetfood-verschoben-3-1-845x845.jpg 845w, https:\/\/verlag.wiethase.de\/wp-content\/uploads\/2020\/11\/Streetfood-verschoben-3-1-300x300.jpg 300w, https:\/\/verlag.wiethase.de\/wp-content\/uploads\/2020\/11\/Streetfood-verschoben-3-1-150x150.jpg 150w, https:\/\/verlag.wiethase.de\/wp-content\/uploads\/2020\/11\/Streetfood-verschoben-3-1-768x768.jpg 768w, https:\/\/verlag.wiethase.de\/wp-content\/uploads\/2020\/11\/Streetfood-verschoben-3-1-1536x1536.jpg 1536w, https:\/\/verlag.wiethase.de\/wp-content\/uploads\/2020\/11\/Streetfood-verschoben-3-1-2048x2048.jpg 2048w\" sizes=\"auto, (max-width: 845px) 100vw, 845px\" \/><\/figure>\n\n\n\n<figure class=\"wp-block-image size-large\"><img loading=\"lazy\" decoding=\"async\" width=\"845\" height=\"845\" src=\"https:\/\/verlag.wiethase.de\/wp-content\/uploads\/2020\/11\/Streetfood-verschoben-4-1-845x845.jpg\" alt=\"\" class=\"wp-image-730\" srcset=\"https:\/\/verlag.wiethase.de\/wp-content\/uploads\/2020\/11\/Streetfood-verschoben-4-1-845x845.jpg 845w, https:\/\/verlag.wiethase.de\/wp-content\/uploads\/2020\/11\/Streetfood-verschoben-4-1-300x300.jpg 300w, https:\/\/verlag.wiethase.de\/wp-content\/uploads\/2020\/11\/Streetfood-verschoben-4-1-150x150.jpg 150w, https:\/\/verlag.wiethase.de\/wp-content\/uploads\/2020\/11\/Streetfood-verschoben-4-1-768x768.jpg 768w, https:\/\/verlag.wiethase.de\/wp-content\/uploads\/2020\/11\/Streetfood-verschoben-4-1-1536x1536.jpg 1536w, https:\/\/verlag.wiethase.de\/wp-content\/uploads\/2020\/11\/Streetfood-verschoben-4-1-2048x2048.jpg 2048w\" sizes=\"auto, (max-width: 845px) 100vw, 845px\" \/><\/figure>\n\n\n\n<p>Praktisches K\u00fcchenformat: 21 x 21 cm Ringbuch auf 250 g Kunstdruckpapier mit Cellophan-Umschlag.<\/p>\n\n\n\n<p>68 Seiten, 400 g, f\u00fcr 23 \u20ac in Deutschland. (Bei direkter Bestellung an privat ohne Versandkosten)<\/p>\n\n\n\n<p>Preis f\u00fcr \u00d6sterreich 23,70 \u20ac (zuz. Versandkosten)<\/p>\n\n\n\n<p>Preis Schweiz 25 \u20ac (zuz. Versandkosten)<\/p>\n","protected":false},"excerpt":{"rendered":"<p>Auf meinen vielen Reisen durch Indien habe ich diese Rezepte von Stra\u00dfenk\u00fcchen gesammelt. Guten Appetit! Praktisches K\u00fcchenformat: 21 x 21 cm Ringbuch auf 250 g Kunstdruckpapier mit Cellophan-Umschlag. 68 Seiten, 400 g, f\u00fcr 23 \u20ac in Deutschland. (Bei direkter Bestellung &hellip; <a href=\"https:\/\/verlag.wiethase.de\/?page_id=723\">Weiterlesen <span class=\"meta-nav\">&rarr;<\/span><\/a><\/p>\n","protected":false},"author":1,"featured_media":0,"parent":435,"menu_order":0,"comment_status":"closed","ping_status":"closed","template":"","meta":{"_monsterinsights_skip_tracking":false,"_monsterinsights_sitenote_active":false,"_monsterinsights_sitenote_note":"","_monsterinsights_sitenote_category":0,"footnotes":""},"class_list":["post-723","page","type-page","status-publish","hentry"],"yoast_head":"<!-- This site is optimized with the Yoast SEO plugin v27.4 - https:\/\/yoast.com\/product\/yoast-seo-wordpress\/ -->\n<title>Indian Streetfood, Indische Stra\u00dfenk\u00fcche. Indisch Kochen<\/title>\n<meta name=\"description\" content=\"Ein praktischen Kochbuch mit rezepten der indischen Stra\u00dfenk\u00fcche mit vielen Bildern. F\u00fcr alle, die exotische K\u00fcche lieben.\" \/>\n<meta name=\"robots\" content=\"index, follow, max-snippet:-1, max-image-preview:large, max-video-preview:-1\" \/>\n<link rel=\"canonical\" href=\"https:\/\/verlag.wiethase.de\/?page_id=723\" \/>\n<meta property=\"og:locale\" content=\"de_DE\" \/>\n<meta property=\"og:type\" content=\"article\" \/>\n<meta property=\"og:title\" content=\"Indian Streetfood, Indische Stra\u00dfenk\u00fcche. Indisch Kochen\" \/>\n<meta property=\"og:description\" content=\"Ein praktischen Kochbuch mit rezepten der indischen Stra\u00dfenk\u00fcche mit vielen Bildern. F\u00fcr alle, die exotische K\u00fcche lieben.\" \/>\n<meta property=\"og:url\" content=\"https:\/\/verlag.wiethase.de\/?page_id=723\" \/>\n<meta property=\"og:site_name\" content=\"WiethaseVerlag\" \/>\n<meta property=\"article:publisher\" content=\"https:\/\/www.facebook.com\/profile.php?id=100063974142366\" \/>\n<meta property=\"article:modified_time\" content=\"2020-11-05T15:33:31+00:00\" \/>\n<meta property=\"og:image\" content=\"https:\/\/verlag.wiethase.de\/wp-content\/uploads\/2020\/11\/Streetfood-cover-1-845x845.jpg\" \/>\n<meta name=\"twitter:card\" content=\"summary_large_image\" \/>\n<script type=\"application\/ld+json\" class=\"yoast-schema-graph\">{\"@context\":\"https:\\\/\\\/schema.org\",\"@graph\":[{\"@type\":\"WebPage\",\"@id\":\"https:\\\/\\\/verlag.wiethase.de\\\/?page_id=723\",\"url\":\"https:\\\/\\\/verlag.wiethase.de\\\/?page_id=723\",\"name\":\"Indian Streetfood, Indische Stra\u00dfenk\u00fcche. Indisch Kochen\",\"isPartOf\":{\"@id\":\"https:\\\/\\\/verlag.wiethase.de\\\/#website\"},\"primaryImageOfPage\":{\"@id\":\"https:\\\/\\\/verlag.wiethase.de\\\/?page_id=723#primaryimage\"},\"image\":{\"@id\":\"https:\\\/\\\/verlag.wiethase.de\\\/?page_id=723#primaryimage\"},\"thumbnailUrl\":\"https:\\\/\\\/verlag.wiethase.de\\\/wp-content\\\/uploads\\\/2020\\\/11\\\/Streetfood-cover-1-845x845.jpg\",\"datePublished\":\"2020-11-05T15:33:30+00:00\",\"dateModified\":\"2020-11-05T15:33:31+00:00\",\"description\":\"Ein praktischen Kochbuch mit rezepten der indischen Stra\u00dfenk\u00fcche mit vielen Bildern. F\u00fcr alle, die exotische K\u00fcche lieben.\",\"breadcrumb\":{\"@id\":\"https:\\\/\\\/verlag.wiethase.de\\\/?page_id=723#breadcrumb\"},\"inLanguage\":\"de\",\"potentialAction\":[{\"@type\":\"ReadAction\",\"target\":[\"https:\\\/\\\/verlag.wiethase.de\\\/?page_id=723\"]}]},{\"@type\":\"ImageObject\",\"inLanguage\":\"de\",\"@id\":\"https:\\\/\\\/verlag.wiethase.de\\\/?page_id=723#primaryimage\",\"url\":\"https:\\\/\\\/verlag.wiethase.de\\\/wp-content\\\/uploads\\\/2020\\\/11\\\/Streetfood-cover-1.jpg\",\"contentUrl\":\"https:\\\/\\\/verlag.wiethase.de\\\/wp-content\\\/uploads\\\/2020\\\/11\\\/Streetfood-cover-1.jpg\",\"width\":2551,\"height\":2551},{\"@type\":\"BreadcrumbList\",\"@id\":\"https:\\\/\\\/verlag.wiethase.de\\\/?page_id=723#breadcrumb\",\"itemListElement\":[{\"@type\":\"ListItem\",\"position\":1,\"name\":\"Startseite\",\"item\":\"https:\\\/\\\/verlag.wiethase.de\\\/\"},{\"@type\":\"ListItem\",\"position\":2,\"name\":\"Indien\",\"item\":\"https:\\\/\\\/verlag.wiethase.de\\\/?page_id=435\"},{\"@type\":\"ListItem\",\"position\":3,\"name\":\"Indian Streetfood\"}]},{\"@type\":\"WebSite\",\"@id\":\"https:\\\/\\\/verlag.wiethase.de\\\/#website\",\"url\":\"https:\\\/\\\/verlag.wiethase.de\\\/\",\"name\":\"WiethaseVerlag\",\"description\":\"B\u00fccher - DVD - H\u00f6rb\u00fccher\",\"publisher\":{\"@id\":\"https:\\\/\\\/verlag.wiethase.de\\\/#organization\"},\"potentialAction\":[{\"@type\":\"SearchAction\",\"target\":{\"@type\":\"EntryPoint\",\"urlTemplate\":\"https:\\\/\\\/verlag.wiethase.de\\\/?s={search_term_string}\"},\"query-input\":{\"@type\":\"PropertyValueSpecification\",\"valueRequired\":true,\"valueName\":\"search_term_string\"}}],\"inLanguage\":\"de\"},{\"@type\":\"Organization\",\"@id\":\"https:\\\/\\\/verlag.wiethase.de\\\/#organization\",\"name\":\"Wiethase Verlag\",\"url\":\"https:\\\/\\\/verlag.wiethase.de\\\/\",\"logo\":{\"@type\":\"ImageObject\",\"inLanguage\":\"de\",\"@id\":\"https:\\\/\\\/verlag.wiethase.de\\\/#\\\/schema\\\/logo\\\/image\\\/\",\"url\":\"https:\\\/\\\/verlag.wiethase.de\\\/wp-content\\\/uploads\\\/2022\\\/07\\\/logo-verlag.jpg\",\"contentUrl\":\"https:\\\/\\\/verlag.wiethase.de\\\/wp-content\\\/uploads\\\/2022\\\/07\\\/logo-verlag.jpg\",\"width\":790,\"height\":514,\"caption\":\"Wiethase Verlag\"},\"image\":{\"@id\":\"https:\\\/\\\/verlag.wiethase.de\\\/#\\\/schema\\\/logo\\\/image\\\/\"},\"sameAs\":[\"https:\\\/\\\/www.facebook.com\\\/profile.php?id=100063974142366\"]}]}<\/script>\n<!-- \/ Yoast SEO plugin. -->","yoast_head_json":{"title":"Indian Streetfood, Indische Stra\u00dfenk\u00fcche. Indisch Kochen","description":"Ein praktischen Kochbuch mit rezepten der indischen Stra\u00dfenk\u00fcche mit vielen Bildern. F\u00fcr alle, die exotische K\u00fcche lieben.","robots":{"index":"index","follow":"follow","max-snippet":"max-snippet:-1","max-image-preview":"max-image-preview:large","max-video-preview":"max-video-preview:-1"},"canonical":"https:\/\/verlag.wiethase.de\/?page_id=723","og_locale":"de_DE","og_type":"article","og_title":"Indian Streetfood, Indische Stra\u00dfenk\u00fcche. Indisch Kochen","og_description":"Ein praktischen Kochbuch mit rezepten der indischen Stra\u00dfenk\u00fcche mit vielen Bildern. F\u00fcr alle, die exotische K\u00fcche lieben.","og_url":"https:\/\/verlag.wiethase.de\/?page_id=723","og_site_name":"WiethaseVerlag","article_publisher":"https:\/\/www.facebook.com\/profile.php?id=100063974142366","article_modified_time":"2020-11-05T15:33:31+00:00","og_image":[{"url":"https:\/\/verlag.wiethase.de\/wp-content\/uploads\/2020\/11\/Streetfood-cover-1-845x845.jpg","type":"","width":"","height":""}],"twitter_card":"summary_large_image","schema":{"@context":"https:\/\/schema.org","@graph":[{"@type":"WebPage","@id":"https:\/\/verlag.wiethase.de\/?page_id=723","url":"https:\/\/verlag.wiethase.de\/?page_id=723","name":"Indian Streetfood, Indische Stra\u00dfenk\u00fcche. Indisch Kochen","isPartOf":{"@id":"https:\/\/verlag.wiethase.de\/#website"},"primaryImageOfPage":{"@id":"https:\/\/verlag.wiethase.de\/?page_id=723#primaryimage"},"image":{"@id":"https:\/\/verlag.wiethase.de\/?page_id=723#primaryimage"},"thumbnailUrl":"https:\/\/verlag.wiethase.de\/wp-content\/uploads\/2020\/11\/Streetfood-cover-1-845x845.jpg","datePublished":"2020-11-05T15:33:30+00:00","dateModified":"2020-11-05T15:33:31+00:00","description":"Ein praktischen Kochbuch mit rezepten der indischen Stra\u00dfenk\u00fcche mit vielen Bildern. F\u00fcr alle, die exotische K\u00fcche lieben.","breadcrumb":{"@id":"https:\/\/verlag.wiethase.de\/?page_id=723#breadcrumb"},"inLanguage":"de","potentialAction":[{"@type":"ReadAction","target":["https:\/\/verlag.wiethase.de\/?page_id=723"]}]},{"@type":"ImageObject","inLanguage":"de","@id":"https:\/\/verlag.wiethase.de\/?page_id=723#primaryimage","url":"https:\/\/verlag.wiethase.de\/wp-content\/uploads\/2020\/11\/Streetfood-cover-1.jpg","contentUrl":"https:\/\/verlag.wiethase.de\/wp-content\/uploads\/2020\/11\/Streetfood-cover-1.jpg","width":2551,"height":2551},{"@type":"BreadcrumbList","@id":"https:\/\/verlag.wiethase.de\/?page_id=723#breadcrumb","itemListElement":[{"@type":"ListItem","position":1,"name":"Startseite","item":"https:\/\/verlag.wiethase.de\/"},{"@type":"ListItem","position":2,"name":"Indien","item":"https:\/\/verlag.wiethase.de\/?page_id=435"},{"@type":"ListItem","position":3,"name":"Indian Streetfood"}]},{"@type":"WebSite","@id":"https:\/\/verlag.wiethase.de\/#website","url":"https:\/\/verlag.wiethase.de\/","name":"WiethaseVerlag","description":"B\u00fccher - DVD - H\u00f6rb\u00fccher","publisher":{"@id":"https:\/\/verlag.wiethase.de\/#organization"},"potentialAction":[{"@type":"SearchAction","target":{"@type":"EntryPoint","urlTemplate":"https:\/\/verlag.wiethase.de\/?s={search_term_string}"},"query-input":{"@type":"PropertyValueSpecification","valueRequired":true,"valueName":"search_term_string"}}],"inLanguage":"de"},{"@type":"Organization","@id":"https:\/\/verlag.wiethase.de\/#organization","name":"Wiethase Verlag","url":"https:\/\/verlag.wiethase.de\/","logo":{"@type":"ImageObject","inLanguage":"de","@id":"https:\/\/verlag.wiethase.de\/#\/schema\/logo\/image\/","url":"https:\/\/verlag.wiethase.de\/wp-content\/uploads\/2022\/07\/logo-verlag.jpg","contentUrl":"https:\/\/verlag.wiethase.de\/wp-content\/uploads\/2022\/07\/logo-verlag.jpg","width":790,"height":514,"caption":"Wiethase Verlag"},"image":{"@id":"https:\/\/verlag.wiethase.de\/#\/schema\/logo\/image\/"},"sameAs":["https:\/\/www.facebook.com\/profile.php?id=100063974142366"]}]}},"_links":{"self":[{"href":"https:\/\/verlag.wiethase.de\/index.php?rest_route=\/wp\/v2\/pages\/723","targetHints":{"allow":["GET"]}}],"collection":[{"href":"https:\/\/verlag.wiethase.de\/index.php?rest_route=\/wp\/v2\/pages"}],"about":[{"href":"https:\/\/verlag.wiethase.de\/index.php?rest_route=\/wp\/v2\/types\/page"}],"author":[{"embeddable":true,"href":"https:\/\/verlag.wiethase.de\/index.php?rest_route=\/wp\/v2\/users\/1"}],"replies":[{"embeddable":true,"href":"https:\/\/verlag.wiethase.de\/index.php?rest_route=%2Fwp%2Fv2%2Fcomments&post=723"}],"version-history":[{"count":1,"href":"https:\/\/verlag.wiethase.de\/index.php?rest_route=\/wp\/v2\/pages\/723\/revisions"}],"predecessor-version":[{"id":733,"href":"https:\/\/verlag.wiethase.de\/index.php?rest_route=\/wp\/v2\/pages\/723\/revisions\/733"}],"up":[{"embeddable":true,"href":"https:\/\/verlag.wiethase.de\/index.php?rest_route=\/wp\/v2\/pages\/435"}],"wp:attachment":[{"href":"https:\/\/verlag.wiethase.de\/index.php?rest_route=%2Fwp%2Fv2%2Fmedia&parent=723"}],"curies":[{"name":"wp","href":"https:\/\/api.w.org\/{rel}","templated":true}]}}