{"id":716,"date":"2020-10-08T13:24:20","date_gmt":"2020-10-08T13:24:20","guid":{"rendered":"https:\/\/verlag.wiethase.de\/?page_id=716"},"modified":"2020-10-08T13:24:21","modified_gmt":"2020-10-08T13:24:21","slug":"khsatriya-yoga-the-yoga-of-the-warrior","status":"publish","type":"page","link":"https:\/\/verlag.wiethase.de\/?page_id=716","title":{"rendered":"Khsatriya Yoga &#8211; The Yoga of the Warrior"},"content":{"rendered":"\n<p>A war had, and still does, not only have a destructive power on the directly involved command structures and soldiers, but, increasingly, also on the population of the participating and even non-involved parties, as well to their lands and private property. This has been true for many parts of the world for a very long time. Accordingly, the status of a warrior is always associated very much with the suffering of innumerable innocents (who will not participate in the war). What sounds logical, has been illogical on the Indian subcontinent for millennia. Already in more than 3000 years old writings, there was a clear code, a law, that guided the governance and thus the warfare. From this we must also define the term warrior, when we are seriously concerned with Khsatriya Yoga<\/p>\n\n\n\n<figure class=\"wp-block-image size-large\"><img loading=\"lazy\" decoding=\"async\" width=\"845\" height=\"611\" src=\"https:\/\/verlag.wiethase.de\/wp-content\/uploads\/2020\/10\/Khsatriya-Yoga-englisch-verschoben-3-845x611.jpg\" alt=\"\" class=\"wp-image-718\" srcset=\"https:\/\/verlag.wiethase.de\/wp-content\/uploads\/2020\/10\/Khsatriya-Yoga-englisch-verschoben-3-845x611.jpg 845w, https:\/\/verlag.wiethase.de\/wp-content\/uploads\/2020\/10\/Khsatriya-Yoga-englisch-verschoben-3-300x217.jpg 300w, https:\/\/verlag.wiethase.de\/wp-content\/uploads\/2020\/10\/Khsatriya-Yoga-englisch-verschoben-3-768x555.jpg 768w, https:\/\/verlag.wiethase.de\/wp-content\/uploads\/2020\/10\/Khsatriya-Yoga-englisch-verschoben-3-1536x1110.jpg 1536w, https:\/\/verlag.wiethase.de\/wp-content\/uploads\/2020\/10\/Khsatriya-Yoga-englisch-verschoben-3-2048x1481.jpg 2048w, https:\/\/verlag.wiethase.de\/wp-content\/uploads\/2020\/10\/Khsatriya-Yoga-englisch-verschoben-3-415x300.jpg 415w\" sizes=\"auto, (max-width: 845px) 100vw, 845px\" \/><\/figure>\n\n\n\n<p>76 pages in A 5 format with plenty of colour pictures of the sthanas.  \u20ac 19,90 plus shipping worldwide.<\/p>\n\n\n\n<figure class=\"wp-block-image size-large\"><img loading=\"lazy\" decoding=\"async\" width=\"845\" height=\"604\" src=\"https:\/\/verlag.wiethase.de\/wp-content\/uploads\/2020\/10\/Khsatriya-Yoga-englisch-845x604.jpg\" alt=\"\" class=\"wp-image-717\" srcset=\"https:\/\/verlag.wiethase.de\/wp-content\/uploads\/2020\/10\/Khsatriya-Yoga-englisch-845x604.jpg 845w, https:\/\/verlag.wiethase.de\/wp-content\/uploads\/2020\/10\/Khsatriya-Yoga-englisch-300x214.jpg 300w, https:\/\/verlag.wiethase.de\/wp-content\/uploads\/2020\/10\/Khsatriya-Yoga-englisch-768x549.jpg 768w, https:\/\/verlag.wiethase.de\/wp-content\/uploads\/2020\/10\/Khsatriya-Yoga-englisch-1536x1097.jpg 1536w, https:\/\/verlag.wiethase.de\/wp-content\/uploads\/2020\/10\/Khsatriya-Yoga-englisch-2048x1463.jpg 2048w, https:\/\/verlag.wiethase.de\/wp-content\/uploads\/2020\/10\/Khsatriya-Yoga-englisch-420x300.jpg 420w\" sizes=\"auto, (max-width: 845px) 100vw, 845px\" \/><\/figure>\n","protected":false},"excerpt":{"rendered":"<p>A war had, and still does, not only have a destructive power on the directly involved command structures and soldiers, but, increasingly, also on the population of the participating and even non-involved parties, as well to their lands and private &hellip; <a href=\"https:\/\/verlag.wiethase.de\/?page_id=716\">Weiterlesen <span class=\"meta-nav\">&rarr;<\/span><\/a><\/p>\n","protected":false},"author":1,"featured_media":0,"parent":473,"menu_order":0,"comment_status":"closed","ping_status":"closed","template":"","meta":{"_monsterinsights_skip_tracking":false,"_monsterinsights_sitenote_active":false,"_monsterinsights_sitenote_note":"","_monsterinsights_sitenote_category":0,"footnotes":""},"class_list":["post-716","page","type-page","status-publish","hentry"],"yoast_head":"<!-- This site is optimized with the Yoast SEO plugin v27.4 - https:\/\/yoast.com\/product\/yoast-seo-wordpress\/ -->\n<title>Khsatriya Yoga - The Yoga of the Warrior - WiethaseVerlag<\/title>\n<meta name=\"robots\" content=\"index, follow, max-snippet:-1, max-image-preview:large, max-video-preview:-1\" \/>\n<link rel=\"canonical\" href=\"https:\/\/verlag.wiethase.de\/?page_id=716\" \/>\n<meta property=\"og:locale\" content=\"de_DE\" \/>\n<meta property=\"og:type\" content=\"article\" \/>\n<meta property=\"og:title\" content=\"Khsatriya Yoga - The Yoga of the Warrior - WiethaseVerlag\" \/>\n<meta property=\"og:description\" content=\"A war had, and still does, not only have a destructive power on the directly involved command structures and soldiers, but, increasingly, also on the population of the participating and even non-involved parties, as well to their lands and private &hellip; Weiterlesen &rarr;\" \/>\n<meta property=\"og:url\" content=\"https:\/\/verlag.wiethase.de\/?page_id=716\" \/>\n<meta property=\"og:site_name\" content=\"WiethaseVerlag\" \/>\n<meta property=\"article:publisher\" content=\"https:\/\/www.facebook.com\/profile.php?id=100063974142366\" \/>\n<meta property=\"article:modified_time\" content=\"2020-10-08T13:24:21+00:00\" \/>\n<meta property=\"og:image\" content=\"https:\/\/verlag.wiethase.de\/wp-content\/uploads\/2020\/10\/Khsatriya-Yoga-englisch-verschoben-3-845x611.jpg\" \/>\n<meta name=\"twitter:card\" content=\"summary_large_image\" \/>\n<meta name=\"twitter:label1\" content=\"Gesch\u00e4tzte Lesezeit\" \/>\n\t<meta name=\"twitter:data1\" content=\"1\u00a0Minute\" \/>\n<script type=\"application\/ld+json\" class=\"yoast-schema-graph\">{\"@context\":\"https:\\\/\\\/schema.org\",\"@graph\":[{\"@type\":\"WebPage\",\"@id\":\"https:\\\/\\\/verlag.wiethase.de\\\/?page_id=716\",\"url\":\"https:\\\/\\\/verlag.wiethase.de\\\/?page_id=716\",\"name\":\"Khsatriya Yoga - The Yoga of the Warrior - WiethaseVerlag\",\"isPartOf\":{\"@id\":\"https:\\\/\\\/verlag.wiethase.de\\\/#website\"},\"primaryImageOfPage\":{\"@id\":\"https:\\\/\\\/verlag.wiethase.de\\\/?page_id=716#primaryimage\"},\"image\":{\"@id\":\"https:\\\/\\\/verlag.wiethase.de\\\/?page_id=716#primaryimage\"},\"thumbnailUrl\":\"https:\\\/\\\/verlag.wiethase.de\\\/wp-content\\\/uploads\\\/2020\\\/10\\\/Khsatriya-Yoga-englisch-verschoben-3-845x611.jpg\",\"datePublished\":\"2020-10-08T13:24:20+00:00\",\"dateModified\":\"2020-10-08T13:24:21+00:00\",\"breadcrumb\":{\"@id\":\"https:\\\/\\\/verlag.wiethase.de\\\/?page_id=716#breadcrumb\"},\"inLanguage\":\"de\",\"potentialAction\":[{\"@type\":\"ReadAction\",\"target\":[\"https:\\\/\\\/verlag.wiethase.de\\\/?page_id=716\"]}]},{\"@type\":\"ImageObject\",\"inLanguage\":\"de\",\"@id\":\"https:\\\/\\\/verlag.wiethase.de\\\/?page_id=716#primaryimage\",\"url\":\"https:\\\/\\\/verlag.wiethase.de\\\/wp-content\\\/uploads\\\/2020\\\/10\\\/Khsatriya-Yoga-englisch-verschoben-3-845x611.jpg\",\"contentUrl\":\"https:\\\/\\\/verlag.wiethase.de\\\/wp-content\\\/uploads\\\/2020\\\/10\\\/Khsatriya-Yoga-englisch-verschoben-3-845x611.jpg\"},{\"@type\":\"BreadcrumbList\",\"@id\":\"https:\\\/\\\/verlag.wiethase.de\\\/?page_id=716#breadcrumb\",\"itemListElement\":[{\"@type\":\"ListItem\",\"position\":1,\"name\":\"Startseite\",\"item\":\"https:\\\/\\\/verlag.wiethase.de\\\/\"},{\"@type\":\"ListItem\",\"position\":2,\"name\":\"Yoga\",\"item\":\"https:\\\/\\\/verlag.wiethase.de\\\/?page_id=473\"},{\"@type\":\"ListItem\",\"position\":3,\"name\":\"Khsatriya Yoga &#8211; The Yoga of the Warrior\"}]},{\"@type\":\"WebSite\",\"@id\":\"https:\\\/\\\/verlag.wiethase.de\\\/#website\",\"url\":\"https:\\\/\\\/verlag.wiethase.de\\\/\",\"name\":\"WiethaseVerlag\",\"description\":\"B\u00fccher - DVD - H\u00f6rb\u00fccher\",\"publisher\":{\"@id\":\"https:\\\/\\\/verlag.wiethase.de\\\/#organization\"},\"potentialAction\":[{\"@type\":\"SearchAction\",\"target\":{\"@type\":\"EntryPoint\",\"urlTemplate\":\"https:\\\/\\\/verlag.wiethase.de\\\/?s={search_term_string}\"},\"query-input\":{\"@type\":\"PropertyValueSpecification\",\"valueRequired\":true,\"valueName\":\"search_term_string\"}}],\"inLanguage\":\"de\"},{\"@type\":\"Organization\",\"@id\":\"https:\\\/\\\/verlag.wiethase.de\\\/#organization\",\"name\":\"Wiethase Verlag\",\"url\":\"https:\\\/\\\/verlag.wiethase.de\\\/\",\"logo\":{\"@type\":\"ImageObject\",\"inLanguage\":\"de\",\"@id\":\"https:\\\/\\\/verlag.wiethase.de\\\/#\\\/schema\\\/logo\\\/image\\\/\",\"url\":\"https:\\\/\\\/verlag.wiethase.de\\\/wp-content\\\/uploads\\\/2022\\\/07\\\/logo-verlag.jpg\",\"contentUrl\":\"https:\\\/\\\/verlag.wiethase.de\\\/wp-content\\\/uploads\\\/2022\\\/07\\\/logo-verlag.jpg\",\"width\":790,\"height\":514,\"caption\":\"Wiethase Verlag\"},\"image\":{\"@id\":\"https:\\\/\\\/verlag.wiethase.de\\\/#\\\/schema\\\/logo\\\/image\\\/\"},\"sameAs\":[\"https:\\\/\\\/www.facebook.com\\\/profile.php?id=100063974142366\"]}]}<\/script>\n<!-- \/ Yoast SEO plugin. -->","yoast_head_json":{"title":"Khsatriya Yoga - The Yoga of the Warrior - WiethaseVerlag","robots":{"index":"index","follow":"follow","max-snippet":"max-snippet:-1","max-image-preview":"max-image-preview:large","max-video-preview":"max-video-preview:-1"},"canonical":"https:\/\/verlag.wiethase.de\/?page_id=716","og_locale":"de_DE","og_type":"article","og_title":"Khsatriya Yoga - The Yoga of the Warrior - WiethaseVerlag","og_description":"A war had, and still does, not only have a destructive power on the directly involved command structures and soldiers, but, increasingly, also on the population of the participating and even non-involved parties, as well to their lands and private &hellip; Weiterlesen &rarr;","og_url":"https:\/\/verlag.wiethase.de\/?page_id=716","og_site_name":"WiethaseVerlag","article_publisher":"https:\/\/www.facebook.com\/profile.php?id=100063974142366","article_modified_time":"2020-10-08T13:24:21+00:00","og_image":[{"url":"https:\/\/verlag.wiethase.de\/wp-content\/uploads\/2020\/10\/Khsatriya-Yoga-englisch-verschoben-3-845x611.jpg","type":"","width":"","height":""}],"twitter_card":"summary_large_image","twitter_misc":{"Gesch\u00e4tzte Lesezeit":"1\u00a0Minute"},"schema":{"@context":"https:\/\/schema.org","@graph":[{"@type":"WebPage","@id":"https:\/\/verlag.wiethase.de\/?page_id=716","url":"https:\/\/verlag.wiethase.de\/?page_id=716","name":"Khsatriya Yoga - The Yoga of the Warrior - WiethaseVerlag","isPartOf":{"@id":"https:\/\/verlag.wiethase.de\/#website"},"primaryImageOfPage":{"@id":"https:\/\/verlag.wiethase.de\/?page_id=716#primaryimage"},"image":{"@id":"https:\/\/verlag.wiethase.de\/?page_id=716#primaryimage"},"thumbnailUrl":"https:\/\/verlag.wiethase.de\/wp-content\/uploads\/2020\/10\/Khsatriya-Yoga-englisch-verschoben-3-845x611.jpg","datePublished":"2020-10-08T13:24:20+00:00","dateModified":"2020-10-08T13:24:21+00:00","breadcrumb":{"@id":"https:\/\/verlag.wiethase.de\/?page_id=716#breadcrumb"},"inLanguage":"de","potentialAction":[{"@type":"ReadAction","target":["https:\/\/verlag.wiethase.de\/?page_id=716"]}]},{"@type":"ImageObject","inLanguage":"de","@id":"https:\/\/verlag.wiethase.de\/?page_id=716#primaryimage","url":"https:\/\/verlag.wiethase.de\/wp-content\/uploads\/2020\/10\/Khsatriya-Yoga-englisch-verschoben-3-845x611.jpg","contentUrl":"https:\/\/verlag.wiethase.de\/wp-content\/uploads\/2020\/10\/Khsatriya-Yoga-englisch-verschoben-3-845x611.jpg"},{"@type":"BreadcrumbList","@id":"https:\/\/verlag.wiethase.de\/?page_id=716#breadcrumb","itemListElement":[{"@type":"ListItem","position":1,"name":"Startseite","item":"https:\/\/verlag.wiethase.de\/"},{"@type":"ListItem","position":2,"name":"Yoga","item":"https:\/\/verlag.wiethase.de\/?page_id=473"},{"@type":"ListItem","position":3,"name":"Khsatriya Yoga &#8211; The Yoga of the Warrior"}]},{"@type":"WebSite","@id":"https:\/\/verlag.wiethase.de\/#website","url":"https:\/\/verlag.wiethase.de\/","name":"WiethaseVerlag","description":"B\u00fccher - DVD - H\u00f6rb\u00fccher","publisher":{"@id":"https:\/\/verlag.wiethase.de\/#organization"},"potentialAction":[{"@type":"SearchAction","target":{"@type":"EntryPoint","urlTemplate":"https:\/\/verlag.wiethase.de\/?s={search_term_string}"},"query-input":{"@type":"PropertyValueSpecification","valueRequired":true,"valueName":"search_term_string"}}],"inLanguage":"de"},{"@type":"Organization","@id":"https:\/\/verlag.wiethase.de\/#organization","name":"Wiethase Verlag","url":"https:\/\/verlag.wiethase.de\/","logo":{"@type":"ImageObject","inLanguage":"de","@id":"https:\/\/verlag.wiethase.de\/#\/schema\/logo\/image\/","url":"https:\/\/verlag.wiethase.de\/wp-content\/uploads\/2022\/07\/logo-verlag.jpg","contentUrl":"https:\/\/verlag.wiethase.de\/wp-content\/uploads\/2022\/07\/logo-verlag.jpg","width":790,"height":514,"caption":"Wiethase Verlag"},"image":{"@id":"https:\/\/verlag.wiethase.de\/#\/schema\/logo\/image\/"},"sameAs":["https:\/\/www.facebook.com\/profile.php?id=100063974142366"]}]}},"_links":{"self":[{"href":"https:\/\/verlag.wiethase.de\/index.php?rest_route=\/wp\/v2\/pages\/716","targetHints":{"allow":["GET"]}}],"collection":[{"href":"https:\/\/verlag.wiethase.de\/index.php?rest_route=\/wp\/v2\/pages"}],"about":[{"href":"https:\/\/verlag.wiethase.de\/index.php?rest_route=\/wp\/v2\/types\/page"}],"author":[{"embeddable":true,"href":"https:\/\/verlag.wiethase.de\/index.php?rest_route=\/wp\/v2\/users\/1"}],"replies":[{"embeddable":true,"href":"https:\/\/verlag.wiethase.de\/index.php?rest_route=%2Fwp%2Fv2%2Fcomments&post=716"}],"version-history":[{"count":2,"href":"https:\/\/verlag.wiethase.de\/index.php?rest_route=\/wp\/v2\/pages\/716\/revisions"}],"predecessor-version":[{"id":720,"href":"https:\/\/verlag.wiethase.de\/index.php?rest_route=\/wp\/v2\/pages\/716\/revisions\/720"}],"up":[{"embeddable":true,"href":"https:\/\/verlag.wiethase.de\/index.php?rest_route=\/wp\/v2\/pages\/473"}],"wp:attachment":[{"href":"https:\/\/verlag.wiethase.de\/index.php?rest_route=%2Fwp%2Fv2%2Fmedia&parent=716"}],"curies":[{"name":"wp","href":"https:\/\/api.w.org\/{rel}","templated":true}]}}