{"id":708,"date":"2020-09-03T10:26:29","date_gmt":"2020-09-03T10:26:29","guid":{"rendered":"https:\/\/verlag.wiethase.de\/?page_id=708"},"modified":"2026-04-30T21:29:44","modified_gmt":"2026-04-30T21:29:44","slug":"immunstaerkung-handbuch","status":"publish","type":"page","link":"https:\/\/verlag.wiethase.de\/?page_id=708","title":{"rendered":"Handbuch f\u00fcr Immunst\u00e4rkung"},"content":{"rendered":"\n<figure class=\"wp-block-image size-large\"><img loading=\"lazy\" decoding=\"async\" width=\"718\" height=\"1024\" src=\"https:\/\/verlag.wiethase.de\/wp-content\/uploads\/2020\/09\/Immunsta\u0308rkung-vorn-718x1024.jpg\" alt=\"\" class=\"wp-image-709\" srcset=\"https:\/\/verlag.wiethase.de\/wp-content\/uploads\/2020\/09\/Immunsta\u0308rkung-vorn-718x1024.jpg 718w, https:\/\/verlag.wiethase.de\/wp-content\/uploads\/2020\/09\/Immunsta\u0308rkung-vorn-300x428.jpg 300w, https:\/\/verlag.wiethase.de\/wp-content\/uploads\/2020\/09\/Immunsta\u0308rkung-vorn-210x300.jpg 210w, https:\/\/verlag.wiethase.de\/wp-content\/uploads\/2020\/09\/Immunsta\u0308rkung-vorn-768x1096.jpg 768w, https:\/\/verlag.wiethase.de\/wp-content\/uploads\/2020\/09\/Immunsta\u0308rkung-vorn-1076x1536.jpg 1076w, https:\/\/verlag.wiethase.de\/wp-content\/uploads\/2020\/09\/Immunsta\u0308rkung-vorn-1435x2048.jpg 1435w, https:\/\/verlag.wiethase.de\/wp-content\/uploads\/2020\/09\/Immunsta\u0308rkung-vorn.jpg 1745w\" sizes=\"auto, (max-width: 718px) 100vw, 718px\" \/><\/figure>\n\n\n\n<p>Wir betrachten in diesem Handbuch die M\u00f6glichkeiten der Immunst\u00e4rkung. Die Besch\u00e4ftigung mit dem menschlichen Immunsystem spielt seit jeher eine zentrale Rolle in der Medizin, Naturheilkunde, Pr\u00e4vention und Gesundheitsf\u00f6rderung. Dabei soll erkl\u00e4rt werden, was hinter dem allgemeinen Satz \u201eTun Sie doch etwas f\u00fcr Ihre Immunabwehr\u201c stecken k\u00f6nnte, und was er, genauer betrachtet, mit der Unterst\u00fctzung der k\u00f6rpereigenen Immunabwehr zutun hat.<\/p>\n\n\n\n<p>Unter \u201ek\u00f6rpereigener Immunabwehr\u201c versteht man jene automatische Reaktionen unseres K\u00f6rpers, die, solange sie nicht gest\u00f6rt werden, unser gesundes System gegen sch\u00e4dliche Einfl\u00fcsse sch\u00fctzt. Diese Schutzreaktionen bestehen aus einer breiten Palette motorischer, chemischer, physiologischer und thermischer Reaktionen.<\/p>\n\n\n\n<figure class=\"wp-block-image size-large\"><img loading=\"lazy\" decoding=\"async\" width=\"657\" height=\"1024\" src=\"https:\/\/verlag.wiethase.de\/wp-content\/uploads\/2020\/09\/Immunsta\u0308rkung-verschoben-657x1024.jpg\" alt=\"\" class=\"wp-image-710\" srcset=\"https:\/\/verlag.wiethase.de\/wp-content\/uploads\/2020\/09\/Immunsta\u0308rkung-verschoben-657x1024.jpg 657w, https:\/\/verlag.wiethase.de\/wp-content\/uploads\/2020\/09\/Immunsta\u0308rkung-verschoben-300x467.jpg 300w, https:\/\/verlag.wiethase.de\/wp-content\/uploads\/2020\/09\/Immunsta\u0308rkung-verschoben-193x300.jpg 193w, https:\/\/verlag.wiethase.de\/wp-content\/uploads\/2020\/09\/Immunsta\u0308rkung-verschoben-768x1196.jpg 768w, https:\/\/verlag.wiethase.de\/wp-content\/uploads\/2020\/09\/Immunsta\u0308rkung-verschoben-986x1536.jpg 986w, https:\/\/verlag.wiethase.de\/wp-content\/uploads\/2020\/09\/Immunsta\u0308rkung-verschoben-1315x2048.jpg 1315w, https:\/\/verlag.wiethase.de\/wp-content\/uploads\/2020\/09\/Immunsta\u0308rkung-verschoben.jpg 1487w\" sizes=\"auto, (max-width: 657px) 100vw, 657px\" \/><\/figure>\n\n\n\n<figure class=\"wp-block-image size-large\"><img loading=\"lazy\" decoding=\"async\" width=\"696\" height=\"1024\" src=\"https:\/\/verlag.wiethase.de\/wp-content\/uploads\/2020\/09\/Immunsta\u0308rkung-1-verschoben-1-696x1024.jpg\" alt=\"\" class=\"wp-image-712\" srcset=\"https:\/\/verlag.wiethase.de\/wp-content\/uploads\/2020\/09\/Immunsta\u0308rkung-1-verschoben-1-696x1024.jpg 696w, https:\/\/verlag.wiethase.de\/wp-content\/uploads\/2020\/09\/Immunsta\u0308rkung-1-verschoben-1-300x441.jpg 300w, https:\/\/verlag.wiethase.de\/wp-content\/uploads\/2020\/09\/Immunsta\u0308rkung-1-verschoben-1-204x300.jpg 204w, https:\/\/verlag.wiethase.de\/wp-content\/uploads\/2020\/09\/Immunsta\u0308rkung-1-verschoben-1-768x1130.jpg 768w, https:\/\/verlag.wiethase.de\/wp-content\/uploads\/2020\/09\/Immunsta\u0308rkung-1-verschoben-1-1044x1536.jpg 1044w, https:\/\/verlag.wiethase.de\/wp-content\/uploads\/2020\/09\/Immunsta\u0308rkung-1-verschoben-1-1392x2048.jpg 1392w, https:\/\/verlag.wiethase.de\/wp-content\/uploads\/2020\/09\/Immunsta\u0308rkung-1-verschoben-1.jpg 1585w\" sizes=\"auto, (max-width: 696px) 100vw, 696px\" \/><\/figure>\n\n\n\n<p>112 Seiten im Softcover mit Fadenbindung im Format A 5 kosten in Deutschland 11,90 \u20ac, in \u00d6sterreich und der Schweiz 12,50 \u20ac<\/p>\n\n\n\n<p><br><strong><p class=\"product woocommerce add_to_cart_inline \" style=\"border:4px solid #ccc; padding: 12px;\"><span class=\"woocommerce-Price-amount amount\"><bdi>12,50&nbsp;<span class=\"woocommerce-Price-currencySymbol\">&euro;<\/span><\/bdi><\/span><a href=\"\/index.php?rest_route=%2Fwp%2Fv2%2Fpages%2F708&#038;add-to-cart=1319\" aria-describedby=\"woocommerce_loop_add_to_cart_link_describedby_1319\" data-quantity=\"1\" class=\"button product_type_simple add_to_cart_button ajax_add_to_cart\" data-product_id=\"1319\" data-product_sku=\"\" aria-label=\"In den Warenkorb legen: \u201eHandbuch f\u00fcr Immunst\u00e4rkung\u201c\" rel=\"nofollow\" data-success_message=\"\u201eHandbuch f\u00fcr Immunst\u00e4rkung\u201c wurde deinem Warenkorb hinzugef\u00fcgt\" role=\"button\">In den Warenkorb<\/a>\t<span id=\"woocommerce_loop_add_to_cart_link_describedby_1319\" class=\"screen-reader-text\">\n\t\t\t<\/span>\n<\/p><\/strong><\/p>\n\n\n\n<p>ISBN 978 3948396-08-4<\/p>\n","protected":false},"excerpt":{"rendered":"<p>Wir betrachten in diesem Handbuch die M\u00f6glichkeiten der Immunst\u00e4rkung. Die Besch\u00e4ftigung mit dem menschlichen Immunsystem spielt seit jeher eine zentrale Rolle in der Medizin, Naturheilkunde, Pr\u00e4vention und Gesundheitsf\u00f6rderung. Dabei soll erkl\u00e4rt werden, was hinter dem allgemeinen Satz \u201eTun Sie doch &hellip; <a href=\"https:\/\/verlag.wiethase.de\/?page_id=708\">Weiterlesen <span class=\"meta-nav\">&rarr;<\/span><\/a><\/p>\n","protected":false},"author":1,"featured_media":0,"parent":699,"menu_order":0,"comment_status":"closed","ping_status":"closed","template":"","meta":{"_monsterinsights_skip_tracking":false,"_monsterinsights_sitenote_active":false,"_monsterinsights_sitenote_note":"","_monsterinsights_sitenote_category":0,"footnotes":""},"class_list":["post-708","page","type-page","status-publish","hentry"],"yoast_head":"<!-- This site is optimized with the Yoast SEO plugin v27.5 - https:\/\/yoast.com\/product\/yoast-seo-wordpress\/ -->\n<title>Handbuch f\u00fcr Immunst\u00e4rkung - WiethaseVerlag<\/title>\n<meta name=\"description\" content=\"Dieses Handbuch erkl\u00e4rt anschaulich, was man f\u00fcr siene Immunst\u00e4rkung tun kann.\" \/>\n<meta name=\"robots\" content=\"index, follow, max-snippet:-1, max-image-preview:large, max-video-preview:-1\" \/>\n<link rel=\"canonical\" href=\"https:\/\/verlag.wiethase.de\/?page_id=708\" \/>\n<meta property=\"og:locale\" content=\"de_DE\" \/>\n<meta property=\"og:type\" content=\"article\" \/>\n<meta property=\"og:title\" content=\"Handbuch f\u00fcr Immunst\u00e4rkung - WiethaseVerlag\" \/>\n<meta property=\"og:description\" content=\"Dieses Handbuch erkl\u00e4rt anschaulich, was man f\u00fcr siene Immunst\u00e4rkung tun kann.\" \/>\n<meta property=\"og:url\" content=\"https:\/\/verlag.wiethase.de\/?page_id=708\" \/>\n<meta property=\"og:site_name\" content=\"WiethaseVerlag\" \/>\n<meta property=\"article:publisher\" content=\"https:\/\/www.facebook.com\/profile.php?id=100063974142366\" \/>\n<meta property=\"article:modified_time\" content=\"2026-04-30T21:29:44+00:00\" \/>\n<meta name=\"twitter:card\" content=\"summary_large_image\" \/>\n<meta name=\"twitter:label1\" content=\"Gesch\u00e4tzte Lesezeit\" \/>\n\t<meta name=\"twitter:data1\" content=\"2\u00a0Minuten\" \/>\n<script type=\"application\/ld+json\" class=\"yoast-schema-graph\">{\"@context\":\"https:\\\/\\\/schema.org\",\"@graph\":[{\"@type\":\"WebPage\",\"@id\":\"https:\\\/\\\/verlag.wiethase.de\\\/?page_id=708\",\"url\":\"https:\\\/\\\/verlag.wiethase.de\\\/?page_id=708\",\"name\":\"Handbuch f\u00fcr Immunst\u00e4rkung - WiethaseVerlag\",\"isPartOf\":{\"@id\":\"https:\\\/\\\/verlag.wiethase.de\\\/#website\"},\"datePublished\":\"2020-09-03T10:26:29+00:00\",\"dateModified\":\"2026-04-30T21:29:44+00:00\",\"description\":\"Dieses Handbuch erkl\u00e4rt anschaulich, was man f\u00fcr siene Immunst\u00e4rkung tun kann.\",\"breadcrumb\":{\"@id\":\"https:\\\/\\\/verlag.wiethase.de\\\/?page_id=708#breadcrumb\"},\"inLanguage\":\"de\",\"potentialAction\":[{\"@type\":\"ReadAction\",\"target\":[\"https:\\\/\\\/verlag.wiethase.de\\\/?page_id=708\"]}]},{\"@type\":\"BreadcrumbList\",\"@id\":\"https:\\\/\\\/verlag.wiethase.de\\\/?page_id=708#breadcrumb\",\"itemListElement\":[{\"@type\":\"ListItem\",\"position\":1,\"name\":\"Startseite\",\"item\":\"https:\\\/\\\/verlag.wiethase.de\\\/\"},{\"@type\":\"ListItem\",\"position\":2,\"name\":\"Handb\u00fccher\",\"item\":\"https:\\\/\\\/verlag.wiethase.de\\\/?page_id=699\"},{\"@type\":\"ListItem\",\"position\":3,\"name\":\"Handbuch f\u00fcr Immunst\u00e4rkung\"}]},{\"@type\":\"WebSite\",\"@id\":\"https:\\\/\\\/verlag.wiethase.de\\\/#website\",\"url\":\"https:\\\/\\\/verlag.wiethase.de\\\/\",\"name\":\"WiethaseVerlag\",\"description\":\"B\u00fccher - DVD - H\u00f6rb\u00fccher\",\"publisher\":{\"@id\":\"https:\\\/\\\/verlag.wiethase.de\\\/#organization\"},\"potentialAction\":[{\"@type\":\"SearchAction\",\"target\":{\"@type\":\"EntryPoint\",\"urlTemplate\":\"https:\\\/\\\/verlag.wiethase.de\\\/?s={search_term_string}\"},\"query-input\":{\"@type\":\"PropertyValueSpecification\",\"valueRequired\":true,\"valueName\":\"search_term_string\"}}],\"inLanguage\":\"de\"},{\"@type\":\"Organization\",\"@id\":\"https:\\\/\\\/verlag.wiethase.de\\\/#organization\",\"name\":\"Wiethase Verlag\",\"url\":\"https:\\\/\\\/verlag.wiethase.de\\\/\",\"logo\":{\"@type\":\"ImageObject\",\"inLanguage\":\"de\",\"@id\":\"https:\\\/\\\/verlag.wiethase.de\\\/#\\\/schema\\\/logo\\\/image\\\/\",\"url\":\"https:\\\/\\\/verlag.wiethase.de\\\/wp-content\\\/uploads\\\/2022\\\/07\\\/logo-verlag.jpg\",\"contentUrl\":\"https:\\\/\\\/verlag.wiethase.de\\\/wp-content\\\/uploads\\\/2022\\\/07\\\/logo-verlag.jpg\",\"width\":790,\"height\":514,\"caption\":\"Wiethase Verlag\"},\"image\":{\"@id\":\"https:\\\/\\\/verlag.wiethase.de\\\/#\\\/schema\\\/logo\\\/image\\\/\"},\"sameAs\":[\"https:\\\/\\\/www.facebook.com\\\/profile.php?id=100063974142366\"]}]}<\/script>\n<!-- \/ Yoast SEO plugin. -->","yoast_head_json":{"title":"Handbuch f\u00fcr Immunst\u00e4rkung - WiethaseVerlag","description":"Dieses Handbuch erkl\u00e4rt anschaulich, was man f\u00fcr siene Immunst\u00e4rkung tun kann.","robots":{"index":"index","follow":"follow","max-snippet":"max-snippet:-1","max-image-preview":"max-image-preview:large","max-video-preview":"max-video-preview:-1"},"canonical":"https:\/\/verlag.wiethase.de\/?page_id=708","og_locale":"de_DE","og_type":"article","og_title":"Handbuch f\u00fcr Immunst\u00e4rkung - WiethaseVerlag","og_description":"Dieses Handbuch erkl\u00e4rt anschaulich, was man f\u00fcr siene Immunst\u00e4rkung tun kann.","og_url":"https:\/\/verlag.wiethase.de\/?page_id=708","og_site_name":"WiethaseVerlag","article_publisher":"https:\/\/www.facebook.com\/profile.php?id=100063974142366","article_modified_time":"2026-04-30T21:29:44+00:00","twitter_card":"summary_large_image","twitter_misc":{"Gesch\u00e4tzte Lesezeit":"2\u00a0Minuten"},"schema":{"@context":"https:\/\/schema.org","@graph":[{"@type":"WebPage","@id":"https:\/\/verlag.wiethase.de\/?page_id=708","url":"https:\/\/verlag.wiethase.de\/?page_id=708","name":"Handbuch f\u00fcr Immunst\u00e4rkung - WiethaseVerlag","isPartOf":{"@id":"https:\/\/verlag.wiethase.de\/#website"},"datePublished":"2020-09-03T10:26:29+00:00","dateModified":"2026-04-30T21:29:44+00:00","description":"Dieses Handbuch erkl\u00e4rt anschaulich, was man f\u00fcr siene Immunst\u00e4rkung tun kann.","breadcrumb":{"@id":"https:\/\/verlag.wiethase.de\/?page_id=708#breadcrumb"},"inLanguage":"de","potentialAction":[{"@type":"ReadAction","target":["https:\/\/verlag.wiethase.de\/?page_id=708"]}]},{"@type":"BreadcrumbList","@id":"https:\/\/verlag.wiethase.de\/?page_id=708#breadcrumb","itemListElement":[{"@type":"ListItem","position":1,"name":"Startseite","item":"https:\/\/verlag.wiethase.de\/"},{"@type":"ListItem","position":2,"name":"Handb\u00fccher","item":"https:\/\/verlag.wiethase.de\/?page_id=699"},{"@type":"ListItem","position":3,"name":"Handbuch f\u00fcr Immunst\u00e4rkung"}]},{"@type":"WebSite","@id":"https:\/\/verlag.wiethase.de\/#website","url":"https:\/\/verlag.wiethase.de\/","name":"WiethaseVerlag","description":"B\u00fccher - DVD - H\u00f6rb\u00fccher","publisher":{"@id":"https:\/\/verlag.wiethase.de\/#organization"},"potentialAction":[{"@type":"SearchAction","target":{"@type":"EntryPoint","urlTemplate":"https:\/\/verlag.wiethase.de\/?s={search_term_string}"},"query-input":{"@type":"PropertyValueSpecification","valueRequired":true,"valueName":"search_term_string"}}],"inLanguage":"de"},{"@type":"Organization","@id":"https:\/\/verlag.wiethase.de\/#organization","name":"Wiethase Verlag","url":"https:\/\/verlag.wiethase.de\/","logo":{"@type":"ImageObject","inLanguage":"de","@id":"https:\/\/verlag.wiethase.de\/#\/schema\/logo\/image\/","url":"https:\/\/verlag.wiethase.de\/wp-content\/uploads\/2022\/07\/logo-verlag.jpg","contentUrl":"https:\/\/verlag.wiethase.de\/wp-content\/uploads\/2022\/07\/logo-verlag.jpg","width":790,"height":514,"caption":"Wiethase Verlag"},"image":{"@id":"https:\/\/verlag.wiethase.de\/#\/schema\/logo\/image\/"},"sameAs":["https:\/\/www.facebook.com\/profile.php?id=100063974142366"]}]}},"jetpack_sharing_enabled":true,"_links":{"self":[{"href":"https:\/\/verlag.wiethase.de\/index.php?rest_route=\/wp\/v2\/pages\/708","targetHints":{"allow":["GET"]}}],"collection":[{"href":"https:\/\/verlag.wiethase.de\/index.php?rest_route=\/wp\/v2\/pages"}],"about":[{"href":"https:\/\/verlag.wiethase.de\/index.php?rest_route=\/wp\/v2\/types\/page"}],"author":[{"embeddable":true,"href":"https:\/\/verlag.wiethase.de\/index.php?rest_route=\/wp\/v2\/users\/1"}],"replies":[{"embeddable":true,"href":"https:\/\/verlag.wiethase.de\/index.php?rest_route=%2Fwp%2Fv2%2Fcomments&post=708"}],"version-history":[{"count":5,"href":"https:\/\/verlag.wiethase.de\/index.php?rest_route=\/wp\/v2\/pages\/708\/revisions"}],"predecessor-version":[{"id":1387,"href":"https:\/\/verlag.wiethase.de\/index.php?rest_route=\/wp\/v2\/pages\/708\/revisions\/1387"}],"up":[{"embeddable":true,"href":"https:\/\/verlag.wiethase.de\/index.php?rest_route=\/wp\/v2\/pages\/699"}],"wp:attachment":[{"href":"https:\/\/verlag.wiethase.de\/index.php?rest_route=%2Fwp%2Fv2%2Fmedia&parent=708"}],"curies":[{"name":"wp","href":"https:\/\/api.w.org\/{rel}","templated":true}]}}