{"id":703,"date":"2020-08-16T14:05:12","date_gmt":"2020-08-16T14:05:12","guid":{"rendered":"https:\/\/verlag.wiethase.de\/?page_id=703"},"modified":"2020-11-12T13:03:29","modified_gmt":"2020-11-12T13:03:29","slug":"handbuch-fuer-ernaehrung-in-sport-und-fitness","status":"publish","type":"page","link":"https:\/\/verlag.wiethase.de\/?page_id=703","title":{"rendered":"Handbuch f\u00fcr Ern\u00e4hrung in Sport und Fitness"},"content":{"rendered":"\n<figure class=\"wp-block-image size-large\"><img loading=\"lazy\" decoding=\"async\" width=\"739\" height=\"1024\" src=\"https:\/\/verlag.wiethase.de\/wp-content\/uploads\/2020\/08\/Erna\u0308hrung-Handbuch-cover--739x1024.jpg\" alt=\"\" class=\"wp-image-704\" srcset=\"https:\/\/verlag.wiethase.de\/wp-content\/uploads\/2020\/08\/Erna\u0308hrung-Handbuch-cover--739x1024.jpg 739w, https:\/\/verlag.wiethase.de\/wp-content\/uploads\/2020\/08\/Erna\u0308hrung-Handbuch-cover--217x300.jpg 217w, https:\/\/verlag.wiethase.de\/wp-content\/uploads\/2020\/08\/Erna\u0308hrung-Handbuch-cover--768x1064.jpg 768w, https:\/\/verlag.wiethase.de\/wp-content\/uploads\/2020\/08\/Erna\u0308hrung-Handbuch-cover--1109x1536.jpg 1109w, https:\/\/verlag.wiethase.de\/wp-content\/uploads\/2020\/08\/Erna\u0308hrung-Handbuch-cover--1479x2048.jpg 1479w, https:\/\/verlag.wiethase.de\/wp-content\/uploads\/2020\/08\/Erna\u0308hrung-Handbuch-cover-.jpg 1842w\" sizes=\"auto, (max-width: 739px) 100vw, 739px\" \/><figcaption><br>Gesunde Ern\u00e4hrung ist heute fester Bestandteil und einer der wichtigs- ten gesundheitsf\u00f6rdernden Faktoren, die dazu beitragen, l\u00e4nger gesund zu blei- ben und aktiv und selbstbestimmt leben zu k\u00f6nnen.<br>Zu diesem Zweck habe ich dieses kleine B\u00fcchlein verfasst, unter Ber\u00fcck- sichtigung der modernen Ern\u00e4hrungsmedizin, Sport- und Fitnessern\u00e4hrung, aber auch von Fastenmethoden aus der Gesundheitsforschung.<br>Aktuelle wissenschaftliche Erkenntnisse von Ern\u00e4hrungswissenschaft- lern und Ern\u00e4hrungsmedizinern sind textlich so aufbereitet, dass die Inhalte mitsamt ihren wissenschaftlichen Grundlagen auch von Laien gut nachvollzogen werden k\u00f6nnen.<br>Dies soll auch dazu beitragen, eine gewisse Systematik und Verl\u00e4sslich- keit in die schier un\u00fcbersehbare Flut von Ern\u00e4hrungstips und Ern\u00e4hrungsemp- fehlungen zu bringen.<br>F\u00fcr das vorliegende \u201eHandbuch Ern\u00e4hrung\u201c habe ich besonders interes- sante wissenschaftliche und zeitgem\u00e4\u00dfe Texte aufbereitet und nach verschiede- nen praxisrelevanten Kategorien geordnet.<br><br><br>Florian Hartlieb<br>Gesundheitsp\u00e4dagoge (FH), Fitnesstrainer Ern\u00e4hrungsberatung &amp; Ayurevda-Therapie<\/figcaption><\/figure>\n\n\n\n<p>Inhaltsverzeichnis<\/p>\n\n\n\n<p>5: Vorwort<br>6: Gesunde Ern\u00e4hrung<br>7: Ern\u00e4hrung &#8211; N\u00e4hrstoffe \u2013 energiereiche Substanzgruppen<\/p>\n\n\n\n<p>10: Proteine<br>12: Kohlenhydrate<br>15: Fette<br>17: Vitamine<br>18: Mineralstoffe<br>20: sekund\u00e4re Pflanzenstoffe<br>24: Wasser<br>26: Energie<br>28: Di\u00e4t und Fasten<br>30: Intermittierendes Fasten<br>31: Studie Fasten &#8211; Molekulare Mechanismen und klinische Anwendungen 34: Intervall-Fasten<br>37: Low Carb<br>39: Low Carb &amp; Kraftsport\/Bodybuilding<br>40: Ketogene Di\u00e4t<br>41: Ketogene Ern\u00e4hrung &amp; Anabole Di\u00e4t<br>43: High-Carb &amp; Low-Fat Ern\u00e4hrung<br>44: Bodybuilding &amp; Pre-Contest Ern\u00e4hrung<br>46: Pendeldi\u00e4t<br>48: Authophagie<br>51: Vegetarische Ern\u00e4hrungsweisen<br>53: Ern\u00e4hrungspl\u00e4ne<br>55: Carboloading<br>57: Nahrungserg\u00e4nzung \u2013 Supplements, Koffein<br>58: Alpha Lipons\u00e4ure (ALA)<\/p>\n\n\n\n<p>59: L-Tryptophan<br>60: L-Arginin<br>62: EAA Essential Amino Acids &#8211; Essenzielle Aminos\u00e4uren<br>63: BCAA Branched-chain Amino Acid &#8211; Verzweigtkettige Aminos\u00e4uren 64: WHEY- Molkeproteine<br>65: Casein<br>67: Kreatin<br>67: Omega-3 Fetts\u00e4ure \u2013 Fisch\u00f6l<br>68: Ashwaganda<br>69: Gr\u00fcner Hafer<br>70: Brennnessel<br>71: Quellen \u2013 und Literaturverzeichnis, Fachbegriffe<br>73: Register der Abbildungen, \u00dcber den Autor<\/p>\n\n\n\n<p><strong>ISBN: 978393763264-3   als Taschenbuch in Format A 5 f\u00fcr 11,90 \u20ac<\/strong>   <strong>in<\/strong> <strong>\u00d6sterreich \u20ac 12,30<\/strong><\/p>\n","protected":false},"excerpt":{"rendered":"<p>Inhaltsverzeichnis 5: Vorwort6: Gesunde Ern\u00e4hrung7: Ern\u00e4hrung &#8211; N\u00e4hrstoffe \u2013 energiereiche Substanzgruppen 10: Proteine12: Kohlenhydrate15: Fette17: Vitamine18: Mineralstoffe20: sekund\u00e4re Pflanzenstoffe24: Wasser26: Energie28: Di\u00e4t und Fasten30: Intermittierendes Fasten31: Studie Fasten &#8211; Molekulare Mechanismen und klinische Anwendungen 34: Intervall-Fasten37: Low Carb39: Low Carb &hellip; <a href=\"https:\/\/verlag.wiethase.de\/?page_id=703\">Weiterlesen <span class=\"meta-nav\">&rarr;<\/span><\/a><\/p>\n","protected":false},"author":1,"featured_media":0,"parent":699,"menu_order":0,"comment_status":"closed","ping_status":"closed","template":"","meta":{"_monsterinsights_skip_tracking":false,"_monsterinsights_sitenote_active":false,"_monsterinsights_sitenote_note":"","_monsterinsights_sitenote_category":0,"footnotes":""},"class_list":["post-703","page","type-page","status-publish","hentry"],"yoast_head":"<!-- This site is optimized with the Yoast SEO plugin v27.4 - https:\/\/yoast.com\/product\/yoast-seo-wordpress\/ -->\n<title>Handbuch f\u00fcr Ern\u00e4hrung in Sport und Fitness - WiethaseVerlag<\/title>\n<meta name=\"robots\" content=\"index, follow, max-snippet:-1, max-image-preview:large, max-video-preview:-1\" \/>\n<link rel=\"canonical\" href=\"https:\/\/verlag.wiethase.de\/?page_id=703\" \/>\n<meta property=\"og:locale\" content=\"de_DE\" \/>\n<meta property=\"og:type\" content=\"article\" \/>\n<meta property=\"og:title\" content=\"Handbuch f\u00fcr Ern\u00e4hrung in Sport und Fitness - WiethaseVerlag\" \/>\n<meta property=\"og:description\" content=\"Inhaltsverzeichnis 5: Vorwort6: Gesunde Ern\u00e4hrung7: Ern\u00e4hrung &#8211; N\u00e4hrstoffe \u2013 energiereiche Substanzgruppen 10: Proteine12: Kohlenhydrate15: Fette17: Vitamine18: Mineralstoffe20: sekund\u00e4re Pflanzenstoffe24: Wasser26: Energie28: Di\u00e4t und Fasten30: Intermittierendes Fasten31: Studie Fasten &#8211; Molekulare Mechanismen und klinische Anwendungen 34: Intervall-Fasten37: Low Carb39: Low Carb &hellip; Weiterlesen &rarr;\" \/>\n<meta property=\"og:url\" content=\"https:\/\/verlag.wiethase.de\/?page_id=703\" \/>\n<meta property=\"og:site_name\" content=\"WiethaseVerlag\" \/>\n<meta property=\"article:publisher\" content=\"https:\/\/www.facebook.com\/profile.php?id=100063974142366\" \/>\n<meta property=\"article:modified_time\" content=\"2020-11-12T13:03:29+00:00\" \/>\n<meta property=\"og:image\" content=\"https:\/\/verlag.wiethase.de\/wp-content\/uploads\/2020\/08\/Erna\u0308hrung-Handbuch-cover--739x1024.jpg\" \/>\n<meta name=\"twitter:card\" content=\"summary_large_image\" \/>\n<meta name=\"twitter:label1\" content=\"Gesch\u00e4tzte Lesezeit\" \/>\n\t<meta name=\"twitter:data1\" content=\"1\u00a0Minute\" \/>\n<script type=\"application\/ld+json\" class=\"yoast-schema-graph\">{\"@context\":\"https:\\\/\\\/schema.org\",\"@graph\":[{\"@type\":\"WebPage\",\"@id\":\"https:\\\/\\\/verlag.wiethase.de\\\/?page_id=703\",\"url\":\"https:\\\/\\\/verlag.wiethase.de\\\/?page_id=703\",\"name\":\"Handbuch f\u00fcr Ern\u00e4hrung in Sport und Fitness - WiethaseVerlag\",\"isPartOf\":{\"@id\":\"https:\\\/\\\/verlag.wiethase.de\\\/#website\"},\"datePublished\":\"2020-08-16T14:05:12+00:00\",\"dateModified\":\"2020-11-12T13:03:29+00:00\",\"breadcrumb\":{\"@id\":\"https:\\\/\\\/verlag.wiethase.de\\\/?page_id=703#breadcrumb\"},\"inLanguage\":\"de\",\"potentialAction\":[{\"@type\":\"ReadAction\",\"target\":[\"https:\\\/\\\/verlag.wiethase.de\\\/?page_id=703\"]}]},{\"@type\":\"BreadcrumbList\",\"@id\":\"https:\\\/\\\/verlag.wiethase.de\\\/?page_id=703#breadcrumb\",\"itemListElement\":[{\"@type\":\"ListItem\",\"position\":1,\"name\":\"Startseite\",\"item\":\"https:\\\/\\\/verlag.wiethase.de\\\/\"},{\"@type\":\"ListItem\",\"position\":2,\"name\":\"Handb\u00fccher\",\"item\":\"https:\\\/\\\/verlag.wiethase.de\\\/?page_id=699\"},{\"@type\":\"ListItem\",\"position\":3,\"name\":\"Handbuch f\u00fcr Ern\u00e4hrung in Sport und Fitness\"}]},{\"@type\":\"WebSite\",\"@id\":\"https:\\\/\\\/verlag.wiethase.de\\\/#website\",\"url\":\"https:\\\/\\\/verlag.wiethase.de\\\/\",\"name\":\"WiethaseVerlag\",\"description\":\"B\u00fccher - DVD - H\u00f6rb\u00fccher\",\"publisher\":{\"@id\":\"https:\\\/\\\/verlag.wiethase.de\\\/#organization\"},\"potentialAction\":[{\"@type\":\"SearchAction\",\"target\":{\"@type\":\"EntryPoint\",\"urlTemplate\":\"https:\\\/\\\/verlag.wiethase.de\\\/?s={search_term_string}\"},\"query-input\":{\"@type\":\"PropertyValueSpecification\",\"valueRequired\":true,\"valueName\":\"search_term_string\"}}],\"inLanguage\":\"de\"},{\"@type\":\"Organization\",\"@id\":\"https:\\\/\\\/verlag.wiethase.de\\\/#organization\",\"name\":\"Wiethase Verlag\",\"url\":\"https:\\\/\\\/verlag.wiethase.de\\\/\",\"logo\":{\"@type\":\"ImageObject\",\"inLanguage\":\"de\",\"@id\":\"https:\\\/\\\/verlag.wiethase.de\\\/#\\\/schema\\\/logo\\\/image\\\/\",\"url\":\"https:\\\/\\\/verlag.wiethase.de\\\/wp-content\\\/uploads\\\/2022\\\/07\\\/logo-verlag.jpg\",\"contentUrl\":\"https:\\\/\\\/verlag.wiethase.de\\\/wp-content\\\/uploads\\\/2022\\\/07\\\/logo-verlag.jpg\",\"width\":790,\"height\":514,\"caption\":\"Wiethase Verlag\"},\"image\":{\"@id\":\"https:\\\/\\\/verlag.wiethase.de\\\/#\\\/schema\\\/logo\\\/image\\\/\"},\"sameAs\":[\"https:\\\/\\\/www.facebook.com\\\/profile.php?id=100063974142366\"]}]}<\/script>\n<!-- \/ Yoast SEO plugin. -->","yoast_head_json":{"title":"Handbuch f\u00fcr Ern\u00e4hrung in Sport und Fitness - WiethaseVerlag","robots":{"index":"index","follow":"follow","max-snippet":"max-snippet:-1","max-image-preview":"max-image-preview:large","max-video-preview":"max-video-preview:-1"},"canonical":"https:\/\/verlag.wiethase.de\/?page_id=703","og_locale":"de_DE","og_type":"article","og_title":"Handbuch f\u00fcr Ern\u00e4hrung in Sport und Fitness - WiethaseVerlag","og_description":"Inhaltsverzeichnis 5: Vorwort6: Gesunde Ern\u00e4hrung7: Ern\u00e4hrung &#8211; N\u00e4hrstoffe \u2013 energiereiche Substanzgruppen 10: Proteine12: Kohlenhydrate15: Fette17: Vitamine18: Mineralstoffe20: sekund\u00e4re Pflanzenstoffe24: Wasser26: Energie28: Di\u00e4t und Fasten30: Intermittierendes Fasten31: Studie Fasten &#8211; Molekulare Mechanismen und klinische Anwendungen 34: Intervall-Fasten37: Low Carb39: Low Carb &hellip; Weiterlesen &rarr;","og_url":"https:\/\/verlag.wiethase.de\/?page_id=703","og_site_name":"WiethaseVerlag","article_publisher":"https:\/\/www.facebook.com\/profile.php?id=100063974142366","article_modified_time":"2020-11-12T13:03:29+00:00","og_image":[{"url":"https:\/\/verlag.wiethase.de\/wp-content\/uploads\/2020\/08\/Erna\u0308hrung-Handbuch-cover--739x1024.jpg","type":"","width":"","height":""}],"twitter_card":"summary_large_image","twitter_misc":{"Gesch\u00e4tzte Lesezeit":"1\u00a0Minute"},"schema":{"@context":"https:\/\/schema.org","@graph":[{"@type":"WebPage","@id":"https:\/\/verlag.wiethase.de\/?page_id=703","url":"https:\/\/verlag.wiethase.de\/?page_id=703","name":"Handbuch f\u00fcr Ern\u00e4hrung in Sport und Fitness - WiethaseVerlag","isPartOf":{"@id":"https:\/\/verlag.wiethase.de\/#website"},"datePublished":"2020-08-16T14:05:12+00:00","dateModified":"2020-11-12T13:03:29+00:00","breadcrumb":{"@id":"https:\/\/verlag.wiethase.de\/?page_id=703#breadcrumb"},"inLanguage":"de","potentialAction":[{"@type":"ReadAction","target":["https:\/\/verlag.wiethase.de\/?page_id=703"]}]},{"@type":"BreadcrumbList","@id":"https:\/\/verlag.wiethase.de\/?page_id=703#breadcrumb","itemListElement":[{"@type":"ListItem","position":1,"name":"Startseite","item":"https:\/\/verlag.wiethase.de\/"},{"@type":"ListItem","position":2,"name":"Handb\u00fccher","item":"https:\/\/verlag.wiethase.de\/?page_id=699"},{"@type":"ListItem","position":3,"name":"Handbuch f\u00fcr Ern\u00e4hrung in Sport und Fitness"}]},{"@type":"WebSite","@id":"https:\/\/verlag.wiethase.de\/#website","url":"https:\/\/verlag.wiethase.de\/","name":"WiethaseVerlag","description":"B\u00fccher - DVD - H\u00f6rb\u00fccher","publisher":{"@id":"https:\/\/verlag.wiethase.de\/#organization"},"potentialAction":[{"@type":"SearchAction","target":{"@type":"EntryPoint","urlTemplate":"https:\/\/verlag.wiethase.de\/?s={search_term_string}"},"query-input":{"@type":"PropertyValueSpecification","valueRequired":true,"valueName":"search_term_string"}}],"inLanguage":"de"},{"@type":"Organization","@id":"https:\/\/verlag.wiethase.de\/#organization","name":"Wiethase Verlag","url":"https:\/\/verlag.wiethase.de\/","logo":{"@type":"ImageObject","inLanguage":"de","@id":"https:\/\/verlag.wiethase.de\/#\/schema\/logo\/image\/","url":"https:\/\/verlag.wiethase.de\/wp-content\/uploads\/2022\/07\/logo-verlag.jpg","contentUrl":"https:\/\/verlag.wiethase.de\/wp-content\/uploads\/2022\/07\/logo-verlag.jpg","width":790,"height":514,"caption":"Wiethase Verlag"},"image":{"@id":"https:\/\/verlag.wiethase.de\/#\/schema\/logo\/image\/"},"sameAs":["https:\/\/www.facebook.com\/profile.php?id=100063974142366"]}]}},"_links":{"self":[{"href":"https:\/\/verlag.wiethase.de\/index.php?rest_route=\/wp\/v2\/pages\/703","targetHints":{"allow":["GET"]}}],"collection":[{"href":"https:\/\/verlag.wiethase.de\/index.php?rest_route=\/wp\/v2\/pages"}],"about":[{"href":"https:\/\/verlag.wiethase.de\/index.php?rest_route=\/wp\/v2\/types\/page"}],"author":[{"embeddable":true,"href":"https:\/\/verlag.wiethase.de\/index.php?rest_route=\/wp\/v2\/users\/1"}],"replies":[{"embeddable":true,"href":"https:\/\/verlag.wiethase.de\/index.php?rest_route=%2Fwp%2Fv2%2Fcomments&post=703"}],"version-history":[{"count":4,"href":"https:\/\/verlag.wiethase.de\/index.php?rest_route=\/wp\/v2\/pages\/703\/revisions"}],"predecessor-version":[{"id":741,"href":"https:\/\/verlag.wiethase.de\/index.php?rest_route=\/wp\/v2\/pages\/703\/revisions\/741"}],"up":[{"embeddable":true,"href":"https:\/\/verlag.wiethase.de\/index.php?rest_route=\/wp\/v2\/pages\/699"}],"wp:attachment":[{"href":"https:\/\/verlag.wiethase.de\/index.php?rest_route=%2Fwp%2Fv2%2Fmedia&parent=703"}],"curies":[{"name":"wp","href":"https:\/\/api.w.org\/{rel}","templated":true}]}}