{"id":680,"date":"2020-07-15T13:45:08","date_gmt":"2020-07-15T13:45:08","guid":{"rendered":"https:\/\/verlag.wiethase.de\/?page_id=680"},"modified":"2020-07-15T13:45:09","modified_gmt":"2020-07-15T13:45:09","slug":"bogenschiessen-der-yahi-indianer","status":"publish","type":"page","link":"https:\/\/verlag.wiethase.de\/?page_id=680","title":{"rendered":"Bogenschie\u00dfen der Yahi-Indianer"},"content":{"rendered":"\n<p>Der Klassiker von Saxton. T. Pope von 1918 in der deutschen \u00dcbersetzung und mit dem Vorwort von Hendrik Wiethase. Pope beschreibt hier seine Zeit mit Ishi, dem &#8222;letzten steinzeitlichen Indianer Nordamerikas&#8220;. Darin schreib er \u00fcber die Techniken Ishi\u00b4s und ihren gemeinsamen Jagdausfl\u00fcgen.<\/p>\n\n\n\n<figure class=\"wp-block-image size-large\"><img loading=\"lazy\" decoding=\"async\" width=\"704\" height=\"1024\" src=\"https:\/\/verlag.wiethase.de\/wp-content\/uploads\/2020\/07\/yahi-umschlag-704x1024.jpg\" alt=\"\" class=\"wp-image-681\" srcset=\"https:\/\/verlag.wiethase.de\/wp-content\/uploads\/2020\/07\/yahi-umschlag-704x1024.jpg 704w, https:\/\/verlag.wiethase.de\/wp-content\/uploads\/2020\/07\/yahi-umschlag-206x300.jpg 206w, https:\/\/verlag.wiethase.de\/wp-content\/uploads\/2020\/07\/yahi-umschlag-768x1117.jpg 768w, https:\/\/verlag.wiethase.de\/wp-content\/uploads\/2020\/07\/yahi-umschlag-1056x1536.jpg 1056w, https:\/\/verlag.wiethase.de\/wp-content\/uploads\/2020\/07\/yahi-umschlag-1408x2048.jpg 1408w, https:\/\/verlag.wiethase.de\/wp-content\/uploads\/2020\/07\/yahi-umschlag-scaled.jpg 1760w\" sizes=\"auto, (max-width: 704px) 100vw, 704px\" \/><\/figure>\n\n\n\n<p>Im Hardcover und den Original-Abbildungen der Erstausgabe. Mit einem farbigen Einleger mit den Steinspitzen, die Ishi angefertigt hatte.<\/p>\n\n\n\n<figure class=\"wp-block-image size-large\"><img loading=\"lazy\" decoding=\"async\" width=\"739\" height=\"1024\" src=\"https:\/\/verlag.wiethase.de\/wp-content\/uploads\/2020\/07\/yahi-Buch-verschoben-739x1024.jpg\" alt=\"\" class=\"wp-image-685\" srcset=\"https:\/\/verlag.wiethase.de\/wp-content\/uploads\/2020\/07\/yahi-Buch-verschoben-739x1024.jpg 739w, https:\/\/verlag.wiethase.de\/wp-content\/uploads\/2020\/07\/yahi-Buch-verschoben-216x300.jpg 216w, https:\/\/verlag.wiethase.de\/wp-content\/uploads\/2020\/07\/yahi-Buch-verschoben-768x1064.jpg 768w, https:\/\/verlag.wiethase.de\/wp-content\/uploads\/2020\/07\/yahi-Buch-verschoben-1108x1536.jpg 1108w, https:\/\/verlag.wiethase.de\/wp-content\/uploads\/2020\/07\/yahi-Buch-verschoben-1478x2048.jpg 1478w, https:\/\/verlag.wiethase.de\/wp-content\/uploads\/2020\/07\/yahi-Buch-verschoben.jpg 1518w\" sizes=\"auto, (max-width: 739px) 100vw, 739px\" \/><\/figure>\n\n\n\n<figure class=\"wp-block-image size-large\"><img loading=\"lazy\" decoding=\"async\" width=\"660\" height=\"1024\" src=\"https:\/\/verlag.wiethase.de\/wp-content\/uploads\/2020\/07\/yahi-Buch-verschoben-2-1-660x1024.jpg\" alt=\"\" class=\"wp-image-686\" srcset=\"https:\/\/verlag.wiethase.de\/wp-content\/uploads\/2020\/07\/yahi-Buch-verschoben-2-1-660x1024.jpg 660w, https:\/\/verlag.wiethase.de\/wp-content\/uploads\/2020\/07\/yahi-Buch-verschoben-2-1-193x300.jpg 193w, https:\/\/verlag.wiethase.de\/wp-content\/uploads\/2020\/07\/yahi-Buch-verschoben-2-1-768x1192.jpg 768w, https:\/\/verlag.wiethase.de\/wp-content\/uploads\/2020\/07\/yahi-Buch-verschoben-2-1-990x1536.jpg 990w, https:\/\/verlag.wiethase.de\/wp-content\/uploads\/2020\/07\/yahi-Buch-verschoben-2-1-1320x2048.jpg 1320w, https:\/\/verlag.wiethase.de\/wp-content\/uploads\/2020\/07\/yahi-Buch-verschoben-2-1.jpg 1430w\" sizes=\"auto, (max-width: 660px) 100vw, 660px\" \/><\/figure>\n\n\n\n<p>ISBN 978-3-948396-05-3    Preis: 18,90 \u20ac, in \u00d6sterreich und der Schweiz 19,20 \u20ac. Bei direkten Bestellungen beim Verlag wird das Porto innerhalb Deutschland nicht berechnet.<\/p>\n","protected":false},"excerpt":{"rendered":"<p>Der Klassiker von Saxton. T. Pope von 1918 in der deutschen \u00dcbersetzung und mit dem Vorwort von Hendrik Wiethase. Pope beschreibt hier seine Zeit mit Ishi, dem &#8222;letzten steinzeitlichen Indianer Nordamerikas&#8220;. Darin schreib er \u00fcber die Techniken Ishi\u00b4s und ihren &hellip; <a href=\"https:\/\/verlag.wiethase.de\/?page_id=680\">Weiterlesen <span class=\"meta-nav\">&rarr;<\/span><\/a><\/p>\n","protected":false},"author":1,"featured_media":682,"parent":383,"menu_order":0,"comment_status":"closed","ping_status":"closed","template":"","meta":{"_monsterinsights_skip_tracking":false,"_monsterinsights_sitenote_active":false,"_monsterinsights_sitenote_note":"","_monsterinsights_sitenote_category":0,"footnotes":""},"class_list":["post-680","page","type-page","status-publish","has-post-thumbnail","hentry"],"yoast_head":"<!-- This site is optimized with the Yoast SEO plugin v27.4 - https:\/\/yoast.com\/product\/yoast-seo-wordpress\/ -->\n<title>Bogenschie\u00dfen der Yahi-Indianer - WiethaseVerlag<\/title>\n<meta name=\"robots\" content=\"index, follow, max-snippet:-1, max-image-preview:large, max-video-preview:-1\" \/>\n<link rel=\"canonical\" href=\"https:\/\/verlag.wiethase.de\/?page_id=680\" \/>\n<meta property=\"og:locale\" content=\"de_DE\" \/>\n<meta property=\"og:type\" content=\"article\" \/>\n<meta property=\"og:title\" content=\"Bogenschie\u00dfen der Yahi-Indianer - WiethaseVerlag\" \/>\n<meta property=\"og:description\" content=\"Der Klassiker von Saxton. T. Pope von 1918 in der deutschen \u00dcbersetzung und mit dem Vorwort von Hendrik Wiethase. Pope beschreibt hier seine Zeit mit Ishi, dem &#8222;letzten steinzeitlichen Indianer Nordamerikas&#8220;. Darin schreib er \u00fcber die Techniken Ishi\u00b4s und ihren &hellip; Weiterlesen &rarr;\" \/>\n<meta property=\"og:url\" content=\"https:\/\/verlag.wiethase.de\/?page_id=680\" \/>\n<meta property=\"og:site_name\" content=\"WiethaseVerlag\" \/>\n<meta property=\"article:publisher\" content=\"https:\/\/www.facebook.com\/profile.php?id=100063974142366\" \/>\n<meta property=\"article:modified_time\" content=\"2020-07-15T13:45:09+00:00\" \/>\n<meta property=\"og:image\" content=\"https:\/\/verlag.wiethase.de\/wp-content\/uploads\/2020\/07\/yahi-umschlag-1-scaled.jpg\" \/>\n\t<meta property=\"og:image:width\" content=\"1760\" \/>\n\t<meta property=\"og:image:height\" content=\"2560\" \/>\n\t<meta property=\"og:image:type\" content=\"image\/jpeg\" \/>\n<meta name=\"twitter:card\" content=\"summary_large_image\" \/>\n<script type=\"application\/ld+json\" class=\"yoast-schema-graph\">{\"@context\":\"https:\\\/\\\/schema.org\",\"@graph\":[{\"@type\":\"WebPage\",\"@id\":\"https:\\\/\\\/verlag.wiethase.de\\\/?page_id=680\",\"url\":\"https:\\\/\\\/verlag.wiethase.de\\\/?page_id=680\",\"name\":\"Bogenschie\u00dfen der Yahi-Indianer - WiethaseVerlag\",\"isPartOf\":{\"@id\":\"https:\\\/\\\/verlag.wiethase.de\\\/#website\"},\"primaryImageOfPage\":{\"@id\":\"https:\\\/\\\/verlag.wiethase.de\\\/?page_id=680#primaryimage\"},\"image\":{\"@id\":\"https:\\\/\\\/verlag.wiethase.de\\\/?page_id=680#primaryimage\"},\"thumbnailUrl\":\"https:\\\/\\\/verlag.wiethase.de\\\/wp-content\\\/uploads\\\/2020\\\/07\\\/yahi-umschlag-1-scaled.jpg\",\"datePublished\":\"2020-07-15T13:45:08+00:00\",\"dateModified\":\"2020-07-15T13:45:09+00:00\",\"breadcrumb\":{\"@id\":\"https:\\\/\\\/verlag.wiethase.de\\\/?page_id=680#breadcrumb\"},\"inLanguage\":\"de\",\"potentialAction\":[{\"@type\":\"ReadAction\",\"target\":[\"https:\\\/\\\/verlag.wiethase.de\\\/?page_id=680\"]}]},{\"@type\":\"ImageObject\",\"inLanguage\":\"de\",\"@id\":\"https:\\\/\\\/verlag.wiethase.de\\\/?page_id=680#primaryimage\",\"url\":\"https:\\\/\\\/verlag.wiethase.de\\\/wp-content\\\/uploads\\\/2020\\\/07\\\/yahi-umschlag-1-scaled.jpg\",\"contentUrl\":\"https:\\\/\\\/verlag.wiethase.de\\\/wp-content\\\/uploads\\\/2020\\\/07\\\/yahi-umschlag-1-scaled.jpg\",\"width\":1760,\"height\":2560},{\"@type\":\"BreadcrumbList\",\"@id\":\"https:\\\/\\\/verlag.wiethase.de\\\/?page_id=680#breadcrumb\",\"itemListElement\":[{\"@type\":\"ListItem\",\"position\":1,\"name\":\"Startseite\",\"item\":\"https:\\\/\\\/verlag.wiethase.de\\\/\"},{\"@type\":\"ListItem\",\"position\":2,\"name\":\"Bogen-B\u00fccher + DVD\",\"item\":\"https:\\\/\\\/verlag.wiethase.de\\\/?page_id=383\"},{\"@type\":\"ListItem\",\"position\":3,\"name\":\"Bogenschie\u00dfen der Yahi-Indianer\"}]},{\"@type\":\"WebSite\",\"@id\":\"https:\\\/\\\/verlag.wiethase.de\\\/#website\",\"url\":\"https:\\\/\\\/verlag.wiethase.de\\\/\",\"name\":\"WiethaseVerlag\",\"description\":\"B\u00fccher - DVD - H\u00f6rb\u00fccher\",\"publisher\":{\"@id\":\"https:\\\/\\\/verlag.wiethase.de\\\/#organization\"},\"potentialAction\":[{\"@type\":\"SearchAction\",\"target\":{\"@type\":\"EntryPoint\",\"urlTemplate\":\"https:\\\/\\\/verlag.wiethase.de\\\/?s={search_term_string}\"},\"query-input\":{\"@type\":\"PropertyValueSpecification\",\"valueRequired\":true,\"valueName\":\"search_term_string\"}}],\"inLanguage\":\"de\"},{\"@type\":\"Organization\",\"@id\":\"https:\\\/\\\/verlag.wiethase.de\\\/#organization\",\"name\":\"Wiethase Verlag\",\"url\":\"https:\\\/\\\/verlag.wiethase.de\\\/\",\"logo\":{\"@type\":\"ImageObject\",\"inLanguage\":\"de\",\"@id\":\"https:\\\/\\\/verlag.wiethase.de\\\/#\\\/schema\\\/logo\\\/image\\\/\",\"url\":\"https:\\\/\\\/verlag.wiethase.de\\\/wp-content\\\/uploads\\\/2022\\\/07\\\/logo-verlag.jpg\",\"contentUrl\":\"https:\\\/\\\/verlag.wiethase.de\\\/wp-content\\\/uploads\\\/2022\\\/07\\\/logo-verlag.jpg\",\"width\":790,\"height\":514,\"caption\":\"Wiethase Verlag\"},\"image\":{\"@id\":\"https:\\\/\\\/verlag.wiethase.de\\\/#\\\/schema\\\/logo\\\/image\\\/\"},\"sameAs\":[\"https:\\\/\\\/www.facebook.com\\\/profile.php?id=100063974142366\"]}]}<\/script>\n<!-- \/ Yoast SEO plugin. -->","yoast_head_json":{"title":"Bogenschie\u00dfen der Yahi-Indianer - WiethaseVerlag","robots":{"index":"index","follow":"follow","max-snippet":"max-snippet:-1","max-image-preview":"max-image-preview:large","max-video-preview":"max-video-preview:-1"},"canonical":"https:\/\/verlag.wiethase.de\/?page_id=680","og_locale":"de_DE","og_type":"article","og_title":"Bogenschie\u00dfen der Yahi-Indianer - WiethaseVerlag","og_description":"Der Klassiker von Saxton. T. Pope von 1918 in der deutschen \u00dcbersetzung und mit dem Vorwort von Hendrik Wiethase. Pope beschreibt hier seine Zeit mit Ishi, dem &#8222;letzten steinzeitlichen Indianer Nordamerikas&#8220;. Darin schreib er \u00fcber die Techniken Ishi\u00b4s und ihren &hellip; Weiterlesen &rarr;","og_url":"https:\/\/verlag.wiethase.de\/?page_id=680","og_site_name":"WiethaseVerlag","article_publisher":"https:\/\/www.facebook.com\/profile.php?id=100063974142366","article_modified_time":"2020-07-15T13:45:09+00:00","og_image":[{"width":1760,"height":2560,"url":"https:\/\/verlag.wiethase.de\/wp-content\/uploads\/2020\/07\/yahi-umschlag-1-scaled.jpg","type":"image\/jpeg"}],"twitter_card":"summary_large_image","schema":{"@context":"https:\/\/schema.org","@graph":[{"@type":"WebPage","@id":"https:\/\/verlag.wiethase.de\/?page_id=680","url":"https:\/\/verlag.wiethase.de\/?page_id=680","name":"Bogenschie\u00dfen der Yahi-Indianer - WiethaseVerlag","isPartOf":{"@id":"https:\/\/verlag.wiethase.de\/#website"},"primaryImageOfPage":{"@id":"https:\/\/verlag.wiethase.de\/?page_id=680#primaryimage"},"image":{"@id":"https:\/\/verlag.wiethase.de\/?page_id=680#primaryimage"},"thumbnailUrl":"https:\/\/verlag.wiethase.de\/wp-content\/uploads\/2020\/07\/yahi-umschlag-1-scaled.jpg","datePublished":"2020-07-15T13:45:08+00:00","dateModified":"2020-07-15T13:45:09+00:00","breadcrumb":{"@id":"https:\/\/verlag.wiethase.de\/?page_id=680#breadcrumb"},"inLanguage":"de","potentialAction":[{"@type":"ReadAction","target":["https:\/\/verlag.wiethase.de\/?page_id=680"]}]},{"@type":"ImageObject","inLanguage":"de","@id":"https:\/\/verlag.wiethase.de\/?page_id=680#primaryimage","url":"https:\/\/verlag.wiethase.de\/wp-content\/uploads\/2020\/07\/yahi-umschlag-1-scaled.jpg","contentUrl":"https:\/\/verlag.wiethase.de\/wp-content\/uploads\/2020\/07\/yahi-umschlag-1-scaled.jpg","width":1760,"height":2560},{"@type":"BreadcrumbList","@id":"https:\/\/verlag.wiethase.de\/?page_id=680#breadcrumb","itemListElement":[{"@type":"ListItem","position":1,"name":"Startseite","item":"https:\/\/verlag.wiethase.de\/"},{"@type":"ListItem","position":2,"name":"Bogen-B\u00fccher + DVD","item":"https:\/\/verlag.wiethase.de\/?page_id=383"},{"@type":"ListItem","position":3,"name":"Bogenschie\u00dfen der Yahi-Indianer"}]},{"@type":"WebSite","@id":"https:\/\/verlag.wiethase.de\/#website","url":"https:\/\/verlag.wiethase.de\/","name":"WiethaseVerlag","description":"B\u00fccher - DVD - H\u00f6rb\u00fccher","publisher":{"@id":"https:\/\/verlag.wiethase.de\/#organization"},"potentialAction":[{"@type":"SearchAction","target":{"@type":"EntryPoint","urlTemplate":"https:\/\/verlag.wiethase.de\/?s={search_term_string}"},"query-input":{"@type":"PropertyValueSpecification","valueRequired":true,"valueName":"search_term_string"}}],"inLanguage":"de"},{"@type":"Organization","@id":"https:\/\/verlag.wiethase.de\/#organization","name":"Wiethase Verlag","url":"https:\/\/verlag.wiethase.de\/","logo":{"@type":"ImageObject","inLanguage":"de","@id":"https:\/\/verlag.wiethase.de\/#\/schema\/logo\/image\/","url":"https:\/\/verlag.wiethase.de\/wp-content\/uploads\/2022\/07\/logo-verlag.jpg","contentUrl":"https:\/\/verlag.wiethase.de\/wp-content\/uploads\/2022\/07\/logo-verlag.jpg","width":790,"height":514,"caption":"Wiethase Verlag"},"image":{"@id":"https:\/\/verlag.wiethase.de\/#\/schema\/logo\/image\/"},"sameAs":["https:\/\/www.facebook.com\/profile.php?id=100063974142366"]}]}},"_links":{"self":[{"href":"https:\/\/verlag.wiethase.de\/index.php?rest_route=\/wp\/v2\/pages\/680","targetHints":{"allow":["GET"]}}],"collection":[{"href":"https:\/\/verlag.wiethase.de\/index.php?rest_route=\/wp\/v2\/pages"}],"about":[{"href":"https:\/\/verlag.wiethase.de\/index.php?rest_route=\/wp\/v2\/types\/page"}],"author":[{"embeddable":true,"href":"https:\/\/verlag.wiethase.de\/index.php?rest_route=\/wp\/v2\/users\/1"}],"replies":[{"embeddable":true,"href":"https:\/\/verlag.wiethase.de\/index.php?rest_route=%2Fwp%2Fv2%2Fcomments&post=680"}],"version-history":[{"count":1,"href":"https:\/\/verlag.wiethase.de\/index.php?rest_route=\/wp\/v2\/pages\/680\/revisions"}],"predecessor-version":[{"id":687,"href":"https:\/\/verlag.wiethase.de\/index.php?rest_route=\/wp\/v2\/pages\/680\/revisions\/687"}],"up":[{"embeddable":true,"href":"https:\/\/verlag.wiethase.de\/index.php?rest_route=\/wp\/v2\/pages\/383"}],"wp:featuredmedia":[{"embeddable":true,"href":"https:\/\/verlag.wiethase.de\/index.php?rest_route=\/wp\/v2\/media\/682"}],"wp:attachment":[{"href":"https:\/\/verlag.wiethase.de\/index.php?rest_route=%2Fwp%2Fv2%2Fmedia&parent=680"}],"curies":[{"name":"wp","href":"https:\/\/api.w.org\/{rel}","templated":true}]}}