{"id":667,"date":"2020-06-13T14:26:10","date_gmt":"2020-06-13T14:26:10","guid":{"rendered":"https:\/\/verlag.wiethase.de\/?page_id=667"},"modified":"2020-06-14T20:36:29","modified_gmt":"2020-06-14T20:36:29","slug":"eine-studie-u%cc%88ber-pfeile-und-bogen","status":"publish","type":"page","link":"https:\/\/verlag.wiethase.de\/?page_id=667","title":{"rendered":"Eine Studie u\u0308ber Pfeile und Bogen"},"content":{"rendered":"\n<figure class=\"wp-block-image size-large\"><img loading=\"lazy\" decoding=\"async\" width=\"732\" height=\"1024\" src=\"https:\/\/verlag.wiethase.de\/wp-content\/uploads\/2020\/06\/Popebuch-umschlag-2-732x1024.jpg\" alt=\"\" class=\"wp-image-675\" srcset=\"https:\/\/verlag.wiethase.de\/wp-content\/uploads\/2020\/06\/Popebuch-umschlag-2-732x1024.jpg 732w, https:\/\/verlag.wiethase.de\/wp-content\/uploads\/2020\/06\/Popebuch-umschlag-2-214x300.jpg 214w, https:\/\/verlag.wiethase.de\/wp-content\/uploads\/2020\/06\/Popebuch-umschlag-2-768x1075.jpg 768w, https:\/\/verlag.wiethase.de\/wp-content\/uploads\/2020\/06\/Popebuch-umschlag-2-1098x1536.jpg 1098w, https:\/\/verlag.wiethase.de\/wp-content\/uploads\/2020\/06\/Popebuch-umschlag-2-1464x2048.jpg 1464w, https:\/\/verlag.wiethase.de\/wp-content\/uploads\/2020\/06\/Popebuch-umschlag-2-scaled.jpg 1830w\" sizes=\"auto, (max-width: 732px) 100vw, 732px\" \/><\/figure>\n\n\n\n<p><em>\u201eSaxton Temple Pope (1875 &#8211; 1926) war ein amerikanischer Arzt, Lehrer, Autor und Naturliebhaber. Er ist am bekanntesten als Vater der modernen Bogenjagd und f\u00fcr seine enge Beziehung zu Ishi, dem letzten Mitglied des Yahi-Stammes und dem letzten bekannten Indianer, der weitgehend isoliert von der westlichen Kultur aufgewachsen ist.<\/em><\/p>\n\n\n\n<p><em>Die von ihm verfassten B\u00fccher sind: \u201eYahi archery\u201c von 1918, \u201eThe medical history of Ishi\u201c von 1920, \u201eA study of bows and arrows\u201c von 1923, \u201eHunting with the bow and arrow\u201c von 1923, \u201eThe adventurous Bowmen, Field Notes on African Archery\u201c von 1926.<\/em><\/p>\n\n\n\n<figure class=\"wp-block-image size-large\"><img loading=\"lazy\" decoding=\"async\" width=\"705\" height=\"1024\" src=\"https:\/\/verlag.wiethase.de\/wp-content\/uploads\/2020\/06\/studyofbowsarrow01pope_0075-705x1024.jpg\" alt=\"\" class=\"wp-image-670\" srcset=\"https:\/\/verlag.wiethase.de\/wp-content\/uploads\/2020\/06\/studyofbowsarrow01pope_0075-705x1024.jpg 705w, https:\/\/verlag.wiethase.de\/wp-content\/uploads\/2020\/06\/studyofbowsarrow01pope_0075-206x300.jpg 206w, https:\/\/verlag.wiethase.de\/wp-content\/uploads\/2020\/06\/studyofbowsarrow01pope_0075-768x1116.jpg 768w, https:\/\/verlag.wiethase.de\/wp-content\/uploads\/2020\/06\/studyofbowsarrow01pope_0075-1057x1536.jpg 1057w, https:\/\/verlag.wiethase.de\/wp-content\/uploads\/2020\/06\/studyofbowsarrow01pope_0075-1409x2048.jpg 1409w, https:\/\/verlag.wiethase.de\/wp-content\/uploads\/2020\/06\/studyofbowsarrow01pope_0075.jpg 1447w\" sizes=\"auto, (max-width: 705px) 100vw, 705px\" \/><\/figure>\n\n\n\n<p>Erste Deutsche Ausgabe dieses Klassikers der Bogen-Literatur von 1923, in der \u00dcbersetzung von Hendrik Wiethase. Mit allen Original-Abbildungen.<\/p>\n\n\n\n<figure class=\"wp-block-image size-large\"><img loading=\"lazy\" decoding=\"async\" width=\"790\" height=\"1024\" src=\"https:\/\/verlag.wiethase.de\/wp-content\/uploads\/2020\/06\/Pope-Buch-verschoben-3-Kopie-790x1024.jpg\" alt=\"\" class=\"wp-image-671\" srcset=\"https:\/\/verlag.wiethase.de\/wp-content\/uploads\/2020\/06\/Pope-Buch-verschoben-3-Kopie-790x1024.jpg 790w, https:\/\/verlag.wiethase.de\/wp-content\/uploads\/2020\/06\/Pope-Buch-verschoben-3-Kopie-231x300.jpg 231w, https:\/\/verlag.wiethase.de\/wp-content\/uploads\/2020\/06\/Pope-Buch-verschoben-3-Kopie-768x996.jpg 768w, https:\/\/verlag.wiethase.de\/wp-content\/uploads\/2020\/06\/Pope-Buch-verschoben-3-Kopie-1184x1536.jpg 1184w, https:\/\/verlag.wiethase.de\/wp-content\/uploads\/2020\/06\/Pope-Buch-verschoben-3-Kopie-1579x2048.jpg 1579w, https:\/\/verlag.wiethase.de\/wp-content\/uploads\/2020\/06\/Pope-Buch-verschoben-3-Kopie.jpg 1620w\" sizes=\"auto, (max-width: 790px) 100vw, 790px\" \/><\/figure>\n\n\n\n<p>Zur \u00dcbersetzung und Herausgabe des vorliegenden Buches hat mich meine Begeisterung \u00fcber die Tatsache, dass Saxton T. Pope Anfang des 20sten Jahrhunderts etwas getan hatte, was heute, beinahe 100 Jahre sp\u00e4ter, praktisch unm\u00f6glich zu sein scheint. Zumindest blieben meine pers\u00f6nlichen Versuche der letzten Jahre, indische Stahlbogen aus verschiedenen musealen Sammlungen zu Testzwecken zur Verf\u00fcgung gestellt zu bekommen, bis heute ohne Erfolg. Also sind Leute, die heutzutage Versuche mit originalen \u201ealten\u201c Bogen und Pfeilen machen wollen, auf Bogen und Pfeile der eigenen Sammlung, oder auf Leihgaben aus anderen Sammlungen angewiesen. Hierbei besteht das Risiko, dass so ein Bogen bricht oft darin, dass Bogen meistens nicht unter Bedingungen aufbewahrt wurden, die dem Holz zutr\u00e4glich sind, wie besonders falsche Luftfeuchtigkeit und Temperatur. Dieser Umstand macht es immer riskant, solche Bogen zu testen und deshalb ist dieses Buch wert, in deutscher Sprache ver\u00f6ffentlicht zu werden.<\/p>\n\n\n\n<figure class=\"wp-block-image size-large\"><img loading=\"lazy\" decoding=\"async\" width=\"711\" height=\"1024\" src=\"https:\/\/verlag.wiethase.de\/wp-content\/uploads\/2020\/06\/Pope-Buch-verschoben-2-711x1024.jpg\" alt=\"\" class=\"wp-image-672\" srcset=\"https:\/\/verlag.wiethase.de\/wp-content\/uploads\/2020\/06\/Pope-Buch-verschoben-2-711x1024.jpg 711w, https:\/\/verlag.wiethase.de\/wp-content\/uploads\/2020\/06\/Pope-Buch-verschoben-2-208x300.jpg 208w, https:\/\/verlag.wiethase.de\/wp-content\/uploads\/2020\/06\/Pope-Buch-verschoben-2-768x1107.jpg 768w, https:\/\/verlag.wiethase.de\/wp-content\/uploads\/2020\/06\/Pope-Buch-verschoben-2-1066x1536.jpg 1066w, https:\/\/verlag.wiethase.de\/wp-content\/uploads\/2020\/06\/Pope-Buch-verschoben-2-1421x2048.jpg 1421w, https:\/\/verlag.wiethase.de\/wp-content\/uploads\/2020\/06\/Pope-Buch-verschoben-2.jpg 1458w\" sizes=\"auto, (max-width: 711px) 100vw, 711px\" \/><\/figure>\n\n\n\n<p>115 Seiten in A 5, Fadenheftung im Hardcover <\/p>\n\n\n\n<p>ISBN 978-3-948396-04-6      <strong>Preis: 18,90<\/strong>  Bei Direktbestellung und Vorkasse wird das Buch portofrei verschickt. Bitte bei der Bestellung darauf hinweisen.<\/p>\n","protected":false},"excerpt":{"rendered":"<p>\u201eSaxton Temple Pope (1875 &#8211; 1926) war ein amerikanischer Arzt, Lehrer, Autor und Naturliebhaber. Er ist am bekanntesten als Vater der modernen Bogenjagd und f\u00fcr seine enge Beziehung zu Ishi, dem letzten Mitglied des Yahi-Stammes und dem letzten bekannten Indianer, &hellip; <a href=\"https:\/\/verlag.wiethase.de\/?page_id=667\">Weiterlesen <span class=\"meta-nav\">&rarr;<\/span><\/a><\/p>\n","protected":false},"author":1,"featured_media":0,"parent":383,"menu_order":0,"comment_status":"closed","ping_status":"closed","template":"","meta":{"_monsterinsights_skip_tracking":false,"_monsterinsights_sitenote_active":false,"_monsterinsights_sitenote_note":"","_monsterinsights_sitenote_category":0,"footnotes":""},"class_list":["post-667","page","type-page","status-publish","hentry"],"yoast_head":"<!-- This site is optimized with the Yoast SEO plugin v27.4 - https:\/\/yoast.com\/product\/yoast-seo-wordpress\/ -->\n<title>Eine Studie u\u0308ber Pfeile und Bogen - WiethaseVerlag<\/title>\n<meta name=\"robots\" content=\"index, follow, max-snippet:-1, max-image-preview:large, max-video-preview:-1\" \/>\n<link rel=\"canonical\" href=\"https:\/\/verlag.wiethase.de\/?page_id=667\" \/>\n<meta property=\"og:locale\" content=\"de_DE\" \/>\n<meta property=\"og:type\" content=\"article\" \/>\n<meta property=\"og:title\" content=\"Eine Studie u\u0308ber Pfeile und Bogen - WiethaseVerlag\" \/>\n<meta property=\"og:description\" content=\"\u201eSaxton Temple Pope (1875 &#8211; 1926) war ein amerikanischer Arzt, Lehrer, Autor und Naturliebhaber. Er ist am bekanntesten als Vater der modernen Bogenjagd und f\u00fcr seine enge Beziehung zu Ishi, dem letzten Mitglied des Yahi-Stammes und dem letzten bekannten Indianer, &hellip; Weiterlesen &rarr;\" \/>\n<meta property=\"og:url\" content=\"https:\/\/verlag.wiethase.de\/?page_id=667\" \/>\n<meta property=\"og:site_name\" content=\"WiethaseVerlag\" \/>\n<meta property=\"article:publisher\" content=\"https:\/\/www.facebook.com\/profile.php?id=100063974142366\" \/>\n<meta property=\"article:modified_time\" content=\"2020-06-14T20:36:29+00:00\" \/>\n<meta property=\"og:image\" content=\"https:\/\/verlag.wiethase.de\/wp-content\/uploads\/2020\/06\/Popebuch-umschlag-2-732x1024.jpg\" \/>\n<meta name=\"twitter:card\" content=\"summary_large_image\" \/>\n<meta name=\"twitter:label1\" content=\"Gesch\u00e4tzte Lesezeit\" \/>\n\t<meta name=\"twitter:data1\" content=\"1\u00a0Minute\" \/>\n<script type=\"application\/ld+json\" class=\"yoast-schema-graph\">{\"@context\":\"https:\\\/\\\/schema.org\",\"@graph\":[{\"@type\":\"WebPage\",\"@id\":\"https:\\\/\\\/verlag.wiethase.de\\\/?page_id=667\",\"url\":\"https:\\\/\\\/verlag.wiethase.de\\\/?page_id=667\",\"name\":\"Eine Studie u\u0308ber Pfeile und Bogen - WiethaseVerlag\",\"isPartOf\":{\"@id\":\"https:\\\/\\\/verlag.wiethase.de\\\/#website\"},\"primaryImageOfPage\":{\"@id\":\"https:\\\/\\\/verlag.wiethase.de\\\/?page_id=667#primaryimage\"},\"image\":{\"@id\":\"https:\\\/\\\/verlag.wiethase.de\\\/?page_id=667#primaryimage\"},\"thumbnailUrl\":\"https:\\\/\\\/verlag.wiethase.de\\\/wp-content\\\/uploads\\\/2020\\\/06\\\/Popebuch-umschlag-2-732x1024.jpg\",\"datePublished\":\"2020-06-13T14:26:10+00:00\",\"dateModified\":\"2020-06-14T20:36:29+00:00\",\"breadcrumb\":{\"@id\":\"https:\\\/\\\/verlag.wiethase.de\\\/?page_id=667#breadcrumb\"},\"inLanguage\":\"de\",\"potentialAction\":[{\"@type\":\"ReadAction\",\"target\":[\"https:\\\/\\\/verlag.wiethase.de\\\/?page_id=667\"]}]},{\"@type\":\"ImageObject\",\"inLanguage\":\"de\",\"@id\":\"https:\\\/\\\/verlag.wiethase.de\\\/?page_id=667#primaryimage\",\"url\":\"https:\\\/\\\/verlag.wiethase.de\\\/wp-content\\\/uploads\\\/2020\\\/06\\\/Popebuch-umschlag-2-732x1024.jpg\",\"contentUrl\":\"https:\\\/\\\/verlag.wiethase.de\\\/wp-content\\\/uploads\\\/2020\\\/06\\\/Popebuch-umschlag-2-732x1024.jpg\"},{\"@type\":\"BreadcrumbList\",\"@id\":\"https:\\\/\\\/verlag.wiethase.de\\\/?page_id=667#breadcrumb\",\"itemListElement\":[{\"@type\":\"ListItem\",\"position\":1,\"name\":\"Startseite\",\"item\":\"https:\\\/\\\/verlag.wiethase.de\\\/\"},{\"@type\":\"ListItem\",\"position\":2,\"name\":\"Bogen-B\u00fccher + DVD\",\"item\":\"https:\\\/\\\/verlag.wiethase.de\\\/?page_id=383\"},{\"@type\":\"ListItem\",\"position\":3,\"name\":\"Eine Studie u\u0308ber Pfeile und Bogen\"}]},{\"@type\":\"WebSite\",\"@id\":\"https:\\\/\\\/verlag.wiethase.de\\\/#website\",\"url\":\"https:\\\/\\\/verlag.wiethase.de\\\/\",\"name\":\"WiethaseVerlag\",\"description\":\"B\u00fccher - DVD - H\u00f6rb\u00fccher\",\"publisher\":{\"@id\":\"https:\\\/\\\/verlag.wiethase.de\\\/#organization\"},\"potentialAction\":[{\"@type\":\"SearchAction\",\"target\":{\"@type\":\"EntryPoint\",\"urlTemplate\":\"https:\\\/\\\/verlag.wiethase.de\\\/?s={search_term_string}\"},\"query-input\":{\"@type\":\"PropertyValueSpecification\",\"valueRequired\":true,\"valueName\":\"search_term_string\"}}],\"inLanguage\":\"de\"},{\"@type\":\"Organization\",\"@id\":\"https:\\\/\\\/verlag.wiethase.de\\\/#organization\",\"name\":\"Wiethase Verlag\",\"url\":\"https:\\\/\\\/verlag.wiethase.de\\\/\",\"logo\":{\"@type\":\"ImageObject\",\"inLanguage\":\"de\",\"@id\":\"https:\\\/\\\/verlag.wiethase.de\\\/#\\\/schema\\\/logo\\\/image\\\/\",\"url\":\"https:\\\/\\\/verlag.wiethase.de\\\/wp-content\\\/uploads\\\/2022\\\/07\\\/logo-verlag.jpg\",\"contentUrl\":\"https:\\\/\\\/verlag.wiethase.de\\\/wp-content\\\/uploads\\\/2022\\\/07\\\/logo-verlag.jpg\",\"width\":790,\"height\":514,\"caption\":\"Wiethase Verlag\"},\"image\":{\"@id\":\"https:\\\/\\\/verlag.wiethase.de\\\/#\\\/schema\\\/logo\\\/image\\\/\"},\"sameAs\":[\"https:\\\/\\\/www.facebook.com\\\/profile.php?id=100063974142366\"]}]}<\/script>\n<!-- \/ Yoast SEO plugin. -->","yoast_head_json":{"title":"Eine Studie u\u0308ber Pfeile und Bogen - WiethaseVerlag","robots":{"index":"index","follow":"follow","max-snippet":"max-snippet:-1","max-image-preview":"max-image-preview:large","max-video-preview":"max-video-preview:-1"},"canonical":"https:\/\/verlag.wiethase.de\/?page_id=667","og_locale":"de_DE","og_type":"article","og_title":"Eine Studie u\u0308ber Pfeile und Bogen - WiethaseVerlag","og_description":"\u201eSaxton Temple Pope (1875 &#8211; 1926) war ein amerikanischer Arzt, Lehrer, Autor und Naturliebhaber. Er ist am bekanntesten als Vater der modernen Bogenjagd und f\u00fcr seine enge Beziehung zu Ishi, dem letzten Mitglied des Yahi-Stammes und dem letzten bekannten Indianer, &hellip; Weiterlesen &rarr;","og_url":"https:\/\/verlag.wiethase.de\/?page_id=667","og_site_name":"WiethaseVerlag","article_publisher":"https:\/\/www.facebook.com\/profile.php?id=100063974142366","article_modified_time":"2020-06-14T20:36:29+00:00","og_image":[{"url":"https:\/\/verlag.wiethase.de\/wp-content\/uploads\/2020\/06\/Popebuch-umschlag-2-732x1024.jpg","type":"","width":"","height":""}],"twitter_card":"summary_large_image","twitter_misc":{"Gesch\u00e4tzte Lesezeit":"1\u00a0Minute"},"schema":{"@context":"https:\/\/schema.org","@graph":[{"@type":"WebPage","@id":"https:\/\/verlag.wiethase.de\/?page_id=667","url":"https:\/\/verlag.wiethase.de\/?page_id=667","name":"Eine Studie u\u0308ber Pfeile und Bogen - WiethaseVerlag","isPartOf":{"@id":"https:\/\/verlag.wiethase.de\/#website"},"primaryImageOfPage":{"@id":"https:\/\/verlag.wiethase.de\/?page_id=667#primaryimage"},"image":{"@id":"https:\/\/verlag.wiethase.de\/?page_id=667#primaryimage"},"thumbnailUrl":"https:\/\/verlag.wiethase.de\/wp-content\/uploads\/2020\/06\/Popebuch-umschlag-2-732x1024.jpg","datePublished":"2020-06-13T14:26:10+00:00","dateModified":"2020-06-14T20:36:29+00:00","breadcrumb":{"@id":"https:\/\/verlag.wiethase.de\/?page_id=667#breadcrumb"},"inLanguage":"de","potentialAction":[{"@type":"ReadAction","target":["https:\/\/verlag.wiethase.de\/?page_id=667"]}]},{"@type":"ImageObject","inLanguage":"de","@id":"https:\/\/verlag.wiethase.de\/?page_id=667#primaryimage","url":"https:\/\/verlag.wiethase.de\/wp-content\/uploads\/2020\/06\/Popebuch-umschlag-2-732x1024.jpg","contentUrl":"https:\/\/verlag.wiethase.de\/wp-content\/uploads\/2020\/06\/Popebuch-umschlag-2-732x1024.jpg"},{"@type":"BreadcrumbList","@id":"https:\/\/verlag.wiethase.de\/?page_id=667#breadcrumb","itemListElement":[{"@type":"ListItem","position":1,"name":"Startseite","item":"https:\/\/verlag.wiethase.de\/"},{"@type":"ListItem","position":2,"name":"Bogen-B\u00fccher + DVD","item":"https:\/\/verlag.wiethase.de\/?page_id=383"},{"@type":"ListItem","position":3,"name":"Eine Studie u\u0308ber Pfeile und Bogen"}]},{"@type":"WebSite","@id":"https:\/\/verlag.wiethase.de\/#website","url":"https:\/\/verlag.wiethase.de\/","name":"WiethaseVerlag","description":"B\u00fccher - DVD - H\u00f6rb\u00fccher","publisher":{"@id":"https:\/\/verlag.wiethase.de\/#organization"},"potentialAction":[{"@type":"SearchAction","target":{"@type":"EntryPoint","urlTemplate":"https:\/\/verlag.wiethase.de\/?s={search_term_string}"},"query-input":{"@type":"PropertyValueSpecification","valueRequired":true,"valueName":"search_term_string"}}],"inLanguage":"de"},{"@type":"Organization","@id":"https:\/\/verlag.wiethase.de\/#organization","name":"Wiethase Verlag","url":"https:\/\/verlag.wiethase.de\/","logo":{"@type":"ImageObject","inLanguage":"de","@id":"https:\/\/verlag.wiethase.de\/#\/schema\/logo\/image\/","url":"https:\/\/verlag.wiethase.de\/wp-content\/uploads\/2022\/07\/logo-verlag.jpg","contentUrl":"https:\/\/verlag.wiethase.de\/wp-content\/uploads\/2022\/07\/logo-verlag.jpg","width":790,"height":514,"caption":"Wiethase Verlag"},"image":{"@id":"https:\/\/verlag.wiethase.de\/#\/schema\/logo\/image\/"},"sameAs":["https:\/\/www.facebook.com\/profile.php?id=100063974142366"]}]}},"_links":{"self":[{"href":"https:\/\/verlag.wiethase.de\/index.php?rest_route=\/wp\/v2\/pages\/667","targetHints":{"allow":["GET"]}}],"collection":[{"href":"https:\/\/verlag.wiethase.de\/index.php?rest_route=\/wp\/v2\/pages"}],"about":[{"href":"https:\/\/verlag.wiethase.de\/index.php?rest_route=\/wp\/v2\/types\/page"}],"author":[{"embeddable":true,"href":"https:\/\/verlag.wiethase.de\/index.php?rest_route=\/wp\/v2\/users\/1"}],"replies":[{"embeddable":true,"href":"https:\/\/verlag.wiethase.de\/index.php?rest_route=%2Fwp%2Fv2%2Fcomments&post=667"}],"version-history":[{"count":4,"href":"https:\/\/verlag.wiethase.de\/index.php?rest_route=\/wp\/v2\/pages\/667\/revisions"}],"predecessor-version":[{"id":678,"href":"https:\/\/verlag.wiethase.de\/index.php?rest_route=\/wp\/v2\/pages\/667\/revisions\/678"}],"up":[{"embeddable":true,"href":"https:\/\/verlag.wiethase.de\/index.php?rest_route=\/wp\/v2\/pages\/383"}],"wp:attachment":[{"href":"https:\/\/verlag.wiethase.de\/index.php?rest_route=%2Fwp%2Fv2%2Fmedia&parent=667"}],"curies":[{"name":"wp","href":"https:\/\/api.w.org\/{rel}","templated":true}]}}