{"id":660,"date":"2020-06-13T14:04:10","date_gmt":"2020-06-13T14:04:10","guid":{"rendered":"https:\/\/verlag.wiethase.de\/?page_id=660"},"modified":"2022-02-19T22:30:14","modified_gmt":"2022-02-19T22:30:14","slug":"bows-and-arrows-blowpipes-and-spears-of-oceania","status":"publish","type":"page","link":"https:\/\/verlag.wiethase.de\/?page_id=660","title":{"rendered":"Bows and Arrows, Blowpipes and Spears of Oceania"},"content":{"rendered":"\n<p>The most common definition of the term \u201eOceania\u201c describes the three areas <strong>Melanesia <\/strong>(from the Greek <em>mela (s) <\/em>for \u201eblack\u201c and <em>n\u0113soi <\/em>for \u201eislands\u201c), <strong>Micronesia <\/strong>(from the Greek <strong>mikros <\/strong>for \u201esmall\u201c and <em>n\u0113soi <\/em>for \u201eislands\u201c) and <strong>Polynesia <\/strong>(from the Greek <em>pol\u00fds <\/em>for \u201emany\u201c and <em>n\u0113soi <\/em>for \u201eislands\u201c).<\/p>\n\n\n\n<p>The English name Oceania encompasses the region of French Oc\u00e9anie, Dutch Oceani\u00eb, German Ozeanien, Spanish Ocean\u00eda and Portuguese Oce\u00e2nia.<\/p>\n\n\n\n<figure class=\"wp-block-image size-large\"><img loading=\"lazy\" decoding=\"async\" width=\"718\" height=\"1024\" src=\"https:\/\/verlag.wiethase.de\/wp-content\/uploads\/2020\/06\/Ozeania-book-English-2020-verschoben-12-718x1024.jpg\" alt=\"\" class=\"wp-image-665\" srcset=\"https:\/\/verlag.wiethase.de\/wp-content\/uploads\/2020\/06\/Ozeania-book-English-2020-verschoben-12-718x1024.jpg 718w, https:\/\/verlag.wiethase.de\/wp-content\/uploads\/2020\/06\/Ozeania-book-English-2020-verschoben-12-210x300.jpg 210w, https:\/\/verlag.wiethase.de\/wp-content\/uploads\/2020\/06\/Ozeania-book-English-2020-verschoben-12-768x1095.jpg 768w, https:\/\/verlag.wiethase.de\/wp-content\/uploads\/2020\/06\/Ozeania-book-English-2020-verschoben-12-1077x1536.jpg 1077w, https:\/\/verlag.wiethase.de\/wp-content\/uploads\/2020\/06\/Ozeania-book-English-2020-verschoben-12-1436x2048.jpg 1436w, https:\/\/verlag.wiethase.de\/wp-content\/uploads\/2020\/06\/Ozeania-book-English-2020-verschoben-12-scaled.jpg 1795w\" sizes=\"auto, (max-width: 718px) 100vw, 718px\" \/><\/figure>\n\n\n\n<p>These areas, somewhat different in their extent, sometimes with Borneo, sometimes without, sometimes with a part of the Philippines, sometimes without, etc., were named by the namesake countries Portugal, France, Spain, Great Britain, the USA, the German Empire and the Netherlands from their own point of view set as a colonial power.<\/p>\n\n\n\n<figure class=\"wp-block-image size-large\"><img loading=\"lazy\" decoding=\"async\" width=\"729\" height=\"1024\" src=\"https:\/\/verlag.wiethase.de\/wp-content\/uploads\/2020\/06\/Ozeania-book-English-2020-verschoben-3-729x1024.jpg\" alt=\"\" class=\"wp-image-661\" srcset=\"https:\/\/verlag.wiethase.de\/wp-content\/uploads\/2020\/06\/Ozeania-book-English-2020-verschoben-3-729x1024.jpg 729w, https:\/\/verlag.wiethase.de\/wp-content\/uploads\/2020\/06\/Ozeania-book-English-2020-verschoben-3-213x300.jpg 213w, https:\/\/verlag.wiethase.de\/wp-content\/uploads\/2020\/06\/Ozeania-book-English-2020-verschoben-3-768x1080.jpg 768w, https:\/\/verlag.wiethase.de\/wp-content\/uploads\/2020\/06\/Ozeania-book-English-2020-verschoben-3-1093x1536.jpg 1093w, https:\/\/verlag.wiethase.de\/wp-content\/uploads\/2020\/06\/Ozeania-book-English-2020-verschoben-3-1457x2048.jpg 1457w, https:\/\/verlag.wiethase.de\/wp-content\/uploads\/2020\/06\/Ozeania-book-English-2020-verschoben-3-scaled.jpg 1821w\" sizes=\"auto, (max-width: 729px) 100vw, 729px\" \/><\/figure>\n\n\n\n<p>Today, most of the islands in this region in the Pacific (North and South) and Indian Oce- ans, the Banda Sea, the Philippine, Chinese and Coral Seas are largely independent or still considered to be the property of a \u201eforeign\u201c state.<\/p>\n\n\n\n<figure class=\"wp-block-image size-large\"><img loading=\"lazy\" decoding=\"async\" width=\"676\" height=\"1024\" src=\"https:\/\/verlag.wiethase.de\/wp-content\/uploads\/2020\/06\/Ozeania-book-English-2020-verschoben-5-676x1024.jpg\" alt=\"\" class=\"wp-image-662\" srcset=\"https:\/\/verlag.wiethase.de\/wp-content\/uploads\/2020\/06\/Ozeania-book-English-2020-verschoben-5-676x1024.jpg 676w, https:\/\/verlag.wiethase.de\/wp-content\/uploads\/2020\/06\/Ozeania-book-English-2020-verschoben-5-198x300.jpg 198w, https:\/\/verlag.wiethase.de\/wp-content\/uploads\/2020\/06\/Ozeania-book-English-2020-verschoben-5-768x1164.jpg 768w, https:\/\/verlag.wiethase.de\/wp-content\/uploads\/2020\/06\/Ozeania-book-English-2020-verschoben-5-1013x1536.jpg 1013w, https:\/\/verlag.wiethase.de\/wp-content\/uploads\/2020\/06\/Ozeania-book-English-2020-verschoben-5-1351x2048.jpg 1351w, https:\/\/verlag.wiethase.de\/wp-content\/uploads\/2020\/06\/Ozeania-book-English-2020-verschoben-5-scaled.jpg 1689w\" sizes=\"auto, (max-width: 676px) 100vw, 676px\" \/><\/figure>\n\n\n\n<p>This book describes the arrows, bows, quivers, pellet bows, blowpipes, spears and throwing sticks of Oceania based on historical works and various private and museum collections.<\/p>\n\n\n\n<figure class=\"wp-block-image size-large\"><img loading=\"lazy\" decoding=\"async\" width=\"694\" height=\"1024\" src=\"https:\/\/verlag.wiethase.de\/wp-content\/uploads\/2020\/06\/Ozeania-book-English-2020-verschoben-9-694x1024.jpg\" alt=\"\" class=\"wp-image-663\" srcset=\"https:\/\/verlag.wiethase.de\/wp-content\/uploads\/2020\/06\/Ozeania-book-English-2020-verschoben-9-694x1024.jpg 694w, https:\/\/verlag.wiethase.de\/wp-content\/uploads\/2020\/06\/Ozeania-book-English-2020-verschoben-9-203x300.jpg 203w, https:\/\/verlag.wiethase.de\/wp-content\/uploads\/2020\/06\/Ozeania-book-English-2020-verschoben-9-768x1133.jpg 768w, https:\/\/verlag.wiethase.de\/wp-content\/uploads\/2020\/06\/Ozeania-book-English-2020-verschoben-9-1041x1536.jpg 1041w, https:\/\/verlag.wiethase.de\/wp-content\/uploads\/2020\/06\/Ozeania-book-English-2020-verschoben-9-1388x2048.jpg 1388w, https:\/\/verlag.wiethase.de\/wp-content\/uploads\/2020\/06\/Ozeania-book-English-2020-verschoben-9-scaled.jpg 1735w\" sizes=\"auto, (max-width: 694px) 100vw, 694px\" \/><\/figure>\n\n\n\n<p>436 pages with more than 500 mostly colour photographs, more than 230 illustrations, 11 cards, 45 plates, a register of the most important search terms, as well as a detailed literature register.<\/p>\n\n\n\n<p>ISBN 978-3-948396-03-9        Price 89.- \u20ac     plus shipping.  (weight: 2070 g, 4,56 pound) Please contact via e-mail. info@wiethase.de<\/p>\n\n\n\n<p>With the book comes a 4 paged A 4 folder, which helps checking your collection without carrying the book with you. <\/p>\n","protected":false},"excerpt":{"rendered":"<p>The most common definition of the term \u201eOceania\u201c describes the three areas Melanesia (from the Greek mela (s) for \u201eblack\u201c and n\u0113soi for \u201eislands\u201c), Micronesia (from the Greek mikros for \u201esmall\u201c and n\u0113soi for \u201eislands\u201c) and Polynesia (from the Greek &hellip; <a href=\"https:\/\/verlag.wiethase.de\/?page_id=660\">Weiterlesen <span class=\"meta-nav\">&rarr;<\/span><\/a><\/p>\n","protected":false},"author":1,"featured_media":0,"parent":388,"menu_order":0,"comment_status":"closed","ping_status":"closed","template":"","meta":{"_monsterinsights_skip_tracking":false,"_monsterinsights_sitenote_active":false,"_monsterinsights_sitenote_note":"","_monsterinsights_sitenote_category":0,"footnotes":""},"class_list":["post-660","page","type-page","status-publish","hentry"],"yoast_head":"<!-- This site is optimized with the Yoast SEO plugin v27.4 - https:\/\/yoast.com\/product\/yoast-seo-wordpress\/ -->\n<title>Bows and Arrows, Blowpipes and Spears of Oceania - WiethaseVerlag<\/title>\n<meta name=\"robots\" content=\"index, follow, max-snippet:-1, max-image-preview:large, max-video-preview:-1\" \/>\n<link rel=\"canonical\" href=\"https:\/\/verlag.wiethase.de\/?page_id=660\" \/>\n<meta property=\"og:locale\" content=\"de_DE\" \/>\n<meta property=\"og:type\" content=\"article\" \/>\n<meta property=\"og:title\" content=\"Bows and Arrows, Blowpipes and Spears of Oceania - WiethaseVerlag\" \/>\n<meta property=\"og:description\" content=\"The most common definition of the term \u201eOceania\u201c describes the three areas Melanesia (from the Greek mela (s) for \u201eblack\u201c and n\u0113soi for \u201eislands\u201c), Micronesia (from the Greek mikros for \u201esmall\u201c and n\u0113soi for \u201eislands\u201c) and Polynesia (from the Greek &hellip; Weiterlesen &rarr;\" \/>\n<meta property=\"og:url\" content=\"https:\/\/verlag.wiethase.de\/?page_id=660\" \/>\n<meta property=\"og:site_name\" content=\"WiethaseVerlag\" \/>\n<meta property=\"article:publisher\" content=\"https:\/\/www.facebook.com\/profile.php?id=100063974142366\" \/>\n<meta property=\"article:modified_time\" content=\"2022-02-19T22:30:14+00:00\" \/>\n<meta property=\"og:image\" content=\"https:\/\/verlag.wiethase.de\/wp-content\/uploads\/2020\/06\/Ozeania-book-English-2020-verschoben-12-718x1024.jpg\" \/>\n<meta name=\"twitter:card\" content=\"summary_large_image\" \/>\n<meta name=\"twitter:label1\" content=\"Gesch\u00e4tzte Lesezeit\" \/>\n\t<meta name=\"twitter:data1\" content=\"3\u00a0Minuten\" \/>\n<script type=\"application\/ld+json\" class=\"yoast-schema-graph\">{\"@context\":\"https:\\\/\\\/schema.org\",\"@graph\":[{\"@type\":\"WebPage\",\"@id\":\"https:\\\/\\\/verlag.wiethase.de\\\/?page_id=660\",\"url\":\"https:\\\/\\\/verlag.wiethase.de\\\/?page_id=660\",\"name\":\"Bows and Arrows, Blowpipes and Spears of Oceania - WiethaseVerlag\",\"isPartOf\":{\"@id\":\"https:\\\/\\\/verlag.wiethase.de\\\/#website\"},\"primaryImageOfPage\":{\"@id\":\"https:\\\/\\\/verlag.wiethase.de\\\/?page_id=660#primaryimage\"},\"image\":{\"@id\":\"https:\\\/\\\/verlag.wiethase.de\\\/?page_id=660#primaryimage\"},\"thumbnailUrl\":\"https:\\\/\\\/verlag.wiethase.de\\\/wp-content\\\/uploads\\\/2020\\\/06\\\/Ozeania-book-English-2020-verschoben-12-718x1024.jpg\",\"datePublished\":\"2020-06-13T14:04:10+00:00\",\"dateModified\":\"2022-02-19T22:30:14+00:00\",\"breadcrumb\":{\"@id\":\"https:\\\/\\\/verlag.wiethase.de\\\/?page_id=660#breadcrumb\"},\"inLanguage\":\"de\",\"potentialAction\":[{\"@type\":\"ReadAction\",\"target\":[\"https:\\\/\\\/verlag.wiethase.de\\\/?page_id=660\"]}]},{\"@type\":\"ImageObject\",\"inLanguage\":\"de\",\"@id\":\"https:\\\/\\\/verlag.wiethase.de\\\/?page_id=660#primaryimage\",\"url\":\"https:\\\/\\\/verlag.wiethase.de\\\/wp-content\\\/uploads\\\/2020\\\/06\\\/Ozeania-book-English-2020-verschoben-12-718x1024.jpg\",\"contentUrl\":\"https:\\\/\\\/verlag.wiethase.de\\\/wp-content\\\/uploads\\\/2020\\\/06\\\/Ozeania-book-English-2020-verschoben-12-718x1024.jpg\"},{\"@type\":\"BreadcrumbList\",\"@id\":\"https:\\\/\\\/verlag.wiethase.de\\\/?page_id=660#breadcrumb\",\"itemListElement\":[{\"@type\":\"ListItem\",\"position\":1,\"name\":\"Startseite\",\"item\":\"https:\\\/\\\/verlag.wiethase.de\\\/\"},{\"@type\":\"ListItem\",\"position\":2,\"name\":\"Archery books\",\"item\":\"https:\\\/\\\/verlag.wiethase.de\\\/?page_id=388\"},{\"@type\":\"ListItem\",\"position\":3,\"name\":\"Bows and Arrows, Blowpipes and Spears of Oceania\"}]},{\"@type\":\"WebSite\",\"@id\":\"https:\\\/\\\/verlag.wiethase.de\\\/#website\",\"url\":\"https:\\\/\\\/verlag.wiethase.de\\\/\",\"name\":\"WiethaseVerlag\",\"description\":\"B\u00fccher - DVD - H\u00f6rb\u00fccher\",\"publisher\":{\"@id\":\"https:\\\/\\\/verlag.wiethase.de\\\/#organization\"},\"potentialAction\":[{\"@type\":\"SearchAction\",\"target\":{\"@type\":\"EntryPoint\",\"urlTemplate\":\"https:\\\/\\\/verlag.wiethase.de\\\/?s={search_term_string}\"},\"query-input\":{\"@type\":\"PropertyValueSpecification\",\"valueRequired\":true,\"valueName\":\"search_term_string\"}}],\"inLanguage\":\"de\"},{\"@type\":\"Organization\",\"@id\":\"https:\\\/\\\/verlag.wiethase.de\\\/#organization\",\"name\":\"Wiethase Verlag\",\"url\":\"https:\\\/\\\/verlag.wiethase.de\\\/\",\"logo\":{\"@type\":\"ImageObject\",\"inLanguage\":\"de\",\"@id\":\"https:\\\/\\\/verlag.wiethase.de\\\/#\\\/schema\\\/logo\\\/image\\\/\",\"url\":\"https:\\\/\\\/verlag.wiethase.de\\\/wp-content\\\/uploads\\\/2022\\\/07\\\/logo-verlag.jpg\",\"contentUrl\":\"https:\\\/\\\/verlag.wiethase.de\\\/wp-content\\\/uploads\\\/2022\\\/07\\\/logo-verlag.jpg\",\"width\":790,\"height\":514,\"caption\":\"Wiethase Verlag\"},\"image\":{\"@id\":\"https:\\\/\\\/verlag.wiethase.de\\\/#\\\/schema\\\/logo\\\/image\\\/\"},\"sameAs\":[\"https:\\\/\\\/www.facebook.com\\\/profile.php?id=100063974142366\"]}]}<\/script>\n<!-- \/ Yoast SEO plugin. -->","yoast_head_json":{"title":"Bows and Arrows, Blowpipes and Spears of Oceania - WiethaseVerlag","robots":{"index":"index","follow":"follow","max-snippet":"max-snippet:-1","max-image-preview":"max-image-preview:large","max-video-preview":"max-video-preview:-1"},"canonical":"https:\/\/verlag.wiethase.de\/?page_id=660","og_locale":"de_DE","og_type":"article","og_title":"Bows and Arrows, Blowpipes and Spears of Oceania - WiethaseVerlag","og_description":"The most common definition of the term \u201eOceania\u201c describes the three areas Melanesia (from the Greek mela (s) for \u201eblack\u201c and n\u0113soi for \u201eislands\u201c), Micronesia (from the Greek mikros for \u201esmall\u201c and n\u0113soi for \u201eislands\u201c) and Polynesia (from the Greek &hellip; Weiterlesen &rarr;","og_url":"https:\/\/verlag.wiethase.de\/?page_id=660","og_site_name":"WiethaseVerlag","article_publisher":"https:\/\/www.facebook.com\/profile.php?id=100063974142366","article_modified_time":"2022-02-19T22:30:14+00:00","og_image":[{"url":"https:\/\/verlag.wiethase.de\/wp-content\/uploads\/2020\/06\/Ozeania-book-English-2020-verschoben-12-718x1024.jpg","type":"","width":"","height":""}],"twitter_card":"summary_large_image","twitter_misc":{"Gesch\u00e4tzte Lesezeit":"3\u00a0Minuten"},"schema":{"@context":"https:\/\/schema.org","@graph":[{"@type":"WebPage","@id":"https:\/\/verlag.wiethase.de\/?page_id=660","url":"https:\/\/verlag.wiethase.de\/?page_id=660","name":"Bows and Arrows, Blowpipes and Spears of Oceania - WiethaseVerlag","isPartOf":{"@id":"https:\/\/verlag.wiethase.de\/#website"},"primaryImageOfPage":{"@id":"https:\/\/verlag.wiethase.de\/?page_id=660#primaryimage"},"image":{"@id":"https:\/\/verlag.wiethase.de\/?page_id=660#primaryimage"},"thumbnailUrl":"https:\/\/verlag.wiethase.de\/wp-content\/uploads\/2020\/06\/Ozeania-book-English-2020-verschoben-12-718x1024.jpg","datePublished":"2020-06-13T14:04:10+00:00","dateModified":"2022-02-19T22:30:14+00:00","breadcrumb":{"@id":"https:\/\/verlag.wiethase.de\/?page_id=660#breadcrumb"},"inLanguage":"de","potentialAction":[{"@type":"ReadAction","target":["https:\/\/verlag.wiethase.de\/?page_id=660"]}]},{"@type":"ImageObject","inLanguage":"de","@id":"https:\/\/verlag.wiethase.de\/?page_id=660#primaryimage","url":"https:\/\/verlag.wiethase.de\/wp-content\/uploads\/2020\/06\/Ozeania-book-English-2020-verschoben-12-718x1024.jpg","contentUrl":"https:\/\/verlag.wiethase.de\/wp-content\/uploads\/2020\/06\/Ozeania-book-English-2020-verschoben-12-718x1024.jpg"},{"@type":"BreadcrumbList","@id":"https:\/\/verlag.wiethase.de\/?page_id=660#breadcrumb","itemListElement":[{"@type":"ListItem","position":1,"name":"Startseite","item":"https:\/\/verlag.wiethase.de\/"},{"@type":"ListItem","position":2,"name":"Archery books","item":"https:\/\/verlag.wiethase.de\/?page_id=388"},{"@type":"ListItem","position":3,"name":"Bows and Arrows, Blowpipes and Spears of Oceania"}]},{"@type":"WebSite","@id":"https:\/\/verlag.wiethase.de\/#website","url":"https:\/\/verlag.wiethase.de\/","name":"WiethaseVerlag","description":"B\u00fccher - DVD - H\u00f6rb\u00fccher","publisher":{"@id":"https:\/\/verlag.wiethase.de\/#organization"},"potentialAction":[{"@type":"SearchAction","target":{"@type":"EntryPoint","urlTemplate":"https:\/\/verlag.wiethase.de\/?s={search_term_string}"},"query-input":{"@type":"PropertyValueSpecification","valueRequired":true,"valueName":"search_term_string"}}],"inLanguage":"de"},{"@type":"Organization","@id":"https:\/\/verlag.wiethase.de\/#organization","name":"Wiethase Verlag","url":"https:\/\/verlag.wiethase.de\/","logo":{"@type":"ImageObject","inLanguage":"de","@id":"https:\/\/verlag.wiethase.de\/#\/schema\/logo\/image\/","url":"https:\/\/verlag.wiethase.de\/wp-content\/uploads\/2022\/07\/logo-verlag.jpg","contentUrl":"https:\/\/verlag.wiethase.de\/wp-content\/uploads\/2022\/07\/logo-verlag.jpg","width":790,"height":514,"caption":"Wiethase Verlag"},"image":{"@id":"https:\/\/verlag.wiethase.de\/#\/schema\/logo\/image\/"},"sameAs":["https:\/\/www.facebook.com\/profile.php?id=100063974142366"]}]}},"_links":{"self":[{"href":"https:\/\/verlag.wiethase.de\/index.php?rest_route=\/wp\/v2\/pages\/660","targetHints":{"allow":["GET"]}}],"collection":[{"href":"https:\/\/verlag.wiethase.de\/index.php?rest_route=\/wp\/v2\/pages"}],"about":[{"href":"https:\/\/verlag.wiethase.de\/index.php?rest_route=\/wp\/v2\/types\/page"}],"author":[{"embeddable":true,"href":"https:\/\/verlag.wiethase.de\/index.php?rest_route=\/wp\/v2\/users\/1"}],"replies":[{"embeddable":true,"href":"https:\/\/verlag.wiethase.de\/index.php?rest_route=%2Fwp%2Fv2%2Fcomments&post=660"}],"version-history":[{"count":2,"href":"https:\/\/verlag.wiethase.de\/index.php?rest_route=\/wp\/v2\/pages\/660\/revisions"}],"predecessor-version":[{"id":858,"href":"https:\/\/verlag.wiethase.de\/index.php?rest_route=\/wp\/v2\/pages\/660\/revisions\/858"}],"up":[{"embeddable":true,"href":"https:\/\/verlag.wiethase.de\/index.php?rest_route=\/wp\/v2\/pages\/388"}],"wp:attachment":[{"href":"https:\/\/verlag.wiethase.de\/index.php?rest_route=%2Fwp%2Fv2%2Fmedia&parent=660"}],"curies":[{"name":"wp","href":"https:\/\/api.w.org\/{rel}","templated":true}]}}