{"id":590,"date":"2019-09-07T10:56:58","date_gmt":"2019-09-07T10:56:58","guid":{"rendered":"https:\/\/verlag.wiethase.de\/?page_id=590"},"modified":"2022-02-19T22:28:43","modified_gmt":"2022-02-19T22:28:43","slug":"bows-and-arrows-of-the-indian-subcontinent","status":"publish","type":"page","link":"https:\/\/verlag.wiethase.de\/?page_id=590","title":{"rendered":"Bows and Arrows of the Indian Subcontinent"},"content":{"rendered":"\n<p>This book may not have the title \u201eIndian Archery\u201c. Not because there already is the book by G.N. Pant of 1978 with this title, but because this title cannot really correspond to the contents of this book. In fact, there is no \u201eIndian Archery\u201c except what I have described in detail in my books \u201eDhanurveda\u201c (German translation) and \u201eDhanurvidya &#8211; Classical Indian Archery\u201c. Nevertheless, the bow as a weapon and hunting device was there already existing more than ten thou- sand years ago. And there are still ethnic groups in the Indian subcontinent who are using the bow, though this is not welcomed by the Indian government and officially is strictly forbidden. And there is one, albeit small, but versatile archery scene in India that has also won Olympic gold, training and shooting following the olympic\/international rules. <\/p>\n\n\n\n<figure class=\"wp-block-image is-resized\"><img loading=\"lazy\" decoding=\"async\" src=\"https:\/\/verlag.wiethase.de\/wp-content\/uploads\/2019\/09\/cover-Indian-Subcontinent-front-718x1024.jpg\" alt=\"\" class=\"wp-image-593\" width=\"359\" height=\"512\" srcset=\"https:\/\/verlag.wiethase.de\/wp-content\/uploads\/2019\/09\/cover-Indian-Subcontinent-front-718x1024.jpg 718w, https:\/\/verlag.wiethase.de\/wp-content\/uploads\/2019\/09\/cover-Indian-Subcontinent-front-300x428.jpg 300w, https:\/\/verlag.wiethase.de\/wp-content\/uploads\/2019\/09\/cover-Indian-Subcontinent-front-210x300.jpg 210w, https:\/\/verlag.wiethase.de\/wp-content\/uploads\/2019\/09\/cover-Indian-Subcontinent-front-768x1096.jpg 768w, https:\/\/verlag.wiethase.de\/wp-content\/uploads\/2019\/09\/cover-Indian-Subcontinent-front-scaled.jpg 1794w\" sizes=\"auto, (max-width: 359px) 100vw, 359px\" \/><\/figure>\n\n\n\n<figure class=\"wp-block-image is-resized\"><img loading=\"lazy\" decoding=\"async\" src=\"https:\/\/verlag.wiethase.de\/wp-content\/uploads\/2019\/09\/cover-Indian-Subcontinent-back-Kopie-717x1024.jpg\" alt=\"\" class=\"wp-image-592\" width=\"359\" height=\"512\" srcset=\"https:\/\/verlag.wiethase.de\/wp-content\/uploads\/2019\/09\/cover-Indian-Subcontinent-back-Kopie-717x1024.jpg 717w, https:\/\/verlag.wiethase.de\/wp-content\/uploads\/2019\/09\/cover-Indian-Subcontinent-back-Kopie-300x429.jpg 300w, https:\/\/verlag.wiethase.de\/wp-content\/uploads\/2019\/09\/cover-Indian-Subcontinent-back-Kopie-210x300.jpg 210w, https:\/\/verlag.wiethase.de\/wp-content\/uploads\/2019\/09\/cover-Indian-Subcontinent-back-Kopie-768x1097.jpg 768w, https:\/\/verlag.wiethase.de\/wp-content\/uploads\/2019\/09\/cover-Indian-Subcontinent-back-Kopie-scaled.jpg 1792w\" sizes=\"auto, (max-width: 359px) 100vw, 359px\" \/><\/figure>\n\n\n\n<p>Like many parts of this earth, the Indian subcontinent, especially its northern parts,\nhas a turbulent history. So, this book needs to handle as much as possible all the\nbows, arrows, and whatsoever that originated on this subcontinent, or have been\nintroduced by invading peoples, thus affecting the few \u201eIndian bows.\u201c Thus, to give\nthe reader an overview, this book must begin with a historical part. In addition, the\nbow weapons of the invading peoples and their techniques are described, as they\nhad great influence on the development of this weapon on the subcontinent. Finally,\nbut no less in detail, the indigenous peoples of the Indian subcontinent are to be\nprocessed as far as they are relevant with regard to the bow. This area seems to me\nto particularly important and interesting, although there is very little literature about\nit, as these ethnic groups were either expelled, used or considered inferior by the\ninvading peoples.\n<\/p>\n\n\n\n<figure class=\"wp-block-gallery has-nested-images columns-default is-cropped wp-block-gallery-1 is-layout-flex wp-block-gallery-is-layout-flex\">\n<figure class=\"wp-block-image size-large\"><img loading=\"lazy\" decoding=\"async\" width=\"702\" height=\"1024\" data-id=\"540\" src=\"https:\/\/verlag.wiethase.de\/wp-content\/uploads\/2019\/05\/Indischer-Subkontinent-214-702x1024.jpg\" alt=\"\" class=\"wp-image-540\" srcset=\"https:\/\/verlag.wiethase.de\/wp-content\/uploads\/2019\/05\/Indischer-Subkontinent-214-702x1024.jpg 702w, https:\/\/verlag.wiethase.de\/wp-content\/uploads\/2019\/05\/Indischer-Subkontinent-214-300x437.jpg 300w, https:\/\/verlag.wiethase.de\/wp-content\/uploads\/2019\/05\/Indischer-Subkontinent-214-206x300.jpg 206w, https:\/\/verlag.wiethase.de\/wp-content\/uploads\/2019\/05\/Indischer-Subkontinent-214-768x1120.jpg 768w, https:\/\/verlag.wiethase.de\/wp-content\/uploads\/2019\/05\/Indischer-Subkontinent-214-scaled.jpg 1756w\" sizes=\"auto, (max-width: 702px) 100vw, 702px\" \/><\/figure>\n\n\n\n<figure class=\"wp-block-image size-large\"><img loading=\"lazy\" decoding=\"async\" width=\"731\" height=\"1024\" data-id=\"551\" src=\"https:\/\/verlag.wiethase.de\/wp-content\/uploads\/2019\/05\/Indischer-Subkontinent-verschoben-3-731x1024.jpg\" alt=\"\" class=\"wp-image-551\" srcset=\"https:\/\/verlag.wiethase.de\/wp-content\/uploads\/2019\/05\/Indischer-Subkontinent-verschoben-3-731x1024.jpg 731w, https:\/\/verlag.wiethase.de\/wp-content\/uploads\/2019\/05\/Indischer-Subkontinent-verschoben-3-300x420.jpg 300w, https:\/\/verlag.wiethase.de\/wp-content\/uploads\/2019\/05\/Indischer-Subkontinent-verschoben-3-214x300.jpg 214w, https:\/\/verlag.wiethase.de\/wp-content\/uploads\/2019\/05\/Indischer-Subkontinent-verschoben-3-768x1075.jpg 768w, https:\/\/verlag.wiethase.de\/wp-content\/uploads\/2019\/05\/Indischer-Subkontinent-verschoben-3-scaled.jpg 1828w\" sizes=\"auto, (max-width: 731px) 100vw, 731px\" \/><\/figure>\n\n\n\n<figure class=\"wp-block-image size-large\"><img loading=\"lazy\" decoding=\"async\" width=\"670\" height=\"1024\" data-id=\"608\" src=\"https:\/\/verlag.wiethase.de\/wp-content\/uploads\/2019\/09\/1-670x1024.jpg\" alt=\"\" class=\"wp-image-608\" srcset=\"https:\/\/verlag.wiethase.de\/wp-content\/uploads\/2019\/09\/1-670x1024.jpg 670w, https:\/\/verlag.wiethase.de\/wp-content\/uploads\/2019\/09\/1-300x458.jpg 300w, https:\/\/verlag.wiethase.de\/wp-content\/uploads\/2019\/09\/1-196x300.jpg 196w, https:\/\/verlag.wiethase.de\/wp-content\/uploads\/2019\/09\/1-768x1173.jpg 768w, https:\/\/verlag.wiethase.de\/wp-content\/uploads\/2019\/09\/1-scaled.jpg 1676w\" sizes=\"auto, (max-width: 670px) 100vw, 670px\" \/><\/figure>\n\n\n\n<figure class=\"wp-block-image size-large\"><img loading=\"lazy\" decoding=\"async\" width=\"723\" height=\"1024\" data-id=\"610\" src=\"https:\/\/verlag.wiethase.de\/wp-content\/uploads\/2019\/09\/3-723x1024.jpg\" alt=\"\" class=\"wp-image-610\" srcset=\"https:\/\/verlag.wiethase.de\/wp-content\/uploads\/2019\/09\/3-723x1024.jpg 723w, https:\/\/verlag.wiethase.de\/wp-content\/uploads\/2019\/09\/3-300x425.jpg 300w, https:\/\/verlag.wiethase.de\/wp-content\/uploads\/2019\/09\/3-212x300.jpg 212w, https:\/\/verlag.wiethase.de\/wp-content\/uploads\/2019\/09\/3-768x1088.jpg 768w, https:\/\/verlag.wiethase.de\/wp-content\/uploads\/2019\/09\/3-scaled.jpg 1807w\" sizes=\"auto, (max-width: 723px) 100vw, 723px\" \/><\/figure>\n\n\n\n<figure class=\"wp-block-image size-large\"><img loading=\"lazy\" decoding=\"async\" width=\"684\" height=\"1024\" data-id=\"611\" src=\"https:\/\/verlag.wiethase.de\/wp-content\/uploads\/2019\/09\/4-684x1024.jpg\" alt=\"\" class=\"wp-image-611\" srcset=\"https:\/\/verlag.wiethase.de\/wp-content\/uploads\/2019\/09\/4-684x1024.jpg 684w, https:\/\/verlag.wiethase.de\/wp-content\/uploads\/2019\/09\/4-300x449.jpg 300w, https:\/\/verlag.wiethase.de\/wp-content\/uploads\/2019\/09\/4-200x300.jpg 200w, https:\/\/verlag.wiethase.de\/wp-content\/uploads\/2019\/09\/4-768x1150.jpg 768w, https:\/\/verlag.wiethase.de\/wp-content\/uploads\/2019\/09\/4-scaled.jpg 1710w\" sizes=\"auto, (max-width: 684px) 100vw, 684px\" \/><\/figure>\n\n\n\n<figure class=\"wp-block-image size-large\"><img loading=\"lazy\" decoding=\"async\" width=\"702\" height=\"1024\" data-id=\"612\" src=\"https:\/\/verlag.wiethase.de\/wp-content\/uploads\/2019\/09\/5-702x1024.jpg\" alt=\"\" class=\"wp-image-612\" srcset=\"https:\/\/verlag.wiethase.de\/wp-content\/uploads\/2019\/09\/5-702x1024.jpg 702w, https:\/\/verlag.wiethase.de\/wp-content\/uploads\/2019\/09\/5-300x437.jpg 300w, https:\/\/verlag.wiethase.de\/wp-content\/uploads\/2019\/09\/5-206x300.jpg 206w, https:\/\/verlag.wiethase.de\/wp-content\/uploads\/2019\/09\/5-768x1120.jpg 768w, https:\/\/verlag.wiethase.de\/wp-content\/uploads\/2019\/09\/5-scaled.jpg 1756w\" sizes=\"auto, (max-width: 702px) 100vw, 702px\" \/><\/figure>\n\n\n\n<figure class=\"wp-block-image size-large\"><img loading=\"lazy\" decoding=\"async\" width=\"690\" height=\"1024\" data-id=\"613\" src=\"https:\/\/verlag.wiethase.de\/wp-content\/uploads\/2019\/09\/6-690x1024.jpg\" alt=\"\" class=\"wp-image-613\" srcset=\"https:\/\/verlag.wiethase.de\/wp-content\/uploads\/2019\/09\/6-690x1024.jpg 690w, https:\/\/verlag.wiethase.de\/wp-content\/uploads\/2019\/09\/6-300x445.jpg 300w, https:\/\/verlag.wiethase.de\/wp-content\/uploads\/2019\/09\/6-202x300.jpg 202w, https:\/\/verlag.wiethase.de\/wp-content\/uploads\/2019\/09\/6-768x1139.jpg 768w, https:\/\/verlag.wiethase.de\/wp-content\/uploads\/2019\/09\/6-scaled.jpg 1726w\" sizes=\"auto, (max-width: 690px) 100vw, 690px\" \/><\/figure>\n\n\n\n<figure class=\"wp-block-image size-large\"><img loading=\"lazy\" decoding=\"async\" width=\"698\" height=\"1024\" data-id=\"614\" src=\"https:\/\/verlag.wiethase.de\/wp-content\/uploads\/2019\/09\/8-698x1024.jpg\" alt=\"\" class=\"wp-image-614\" srcset=\"https:\/\/verlag.wiethase.de\/wp-content\/uploads\/2019\/09\/8-698x1024.jpg 698w, https:\/\/verlag.wiethase.de\/wp-content\/uploads\/2019\/09\/8-300x440.jpg 300w, https:\/\/verlag.wiethase.de\/wp-content\/uploads\/2019\/09\/8-204x300.jpg 204w, https:\/\/verlag.wiethase.de\/wp-content\/uploads\/2019\/09\/8-768x1127.jpg 768w, https:\/\/verlag.wiethase.de\/wp-content\/uploads\/2019\/09\/8-scaled.jpg 1745w\" sizes=\"auto, (max-width: 698px) 100vw, 698px\" \/><\/figure>\n\n\n\n<figure class=\"wp-block-image size-large\"><img loading=\"lazy\" decoding=\"async\" width=\"686\" height=\"1024\" data-id=\"615\" src=\"https:\/\/verlag.wiethase.de\/wp-content\/uploads\/2019\/09\/7-686x1024.jpg\" alt=\"\" class=\"wp-image-615\" srcset=\"https:\/\/verlag.wiethase.de\/wp-content\/uploads\/2019\/09\/7-686x1024.jpg 686w, https:\/\/verlag.wiethase.de\/wp-content\/uploads\/2019\/09\/7-300x448.jpg 300w, https:\/\/verlag.wiethase.de\/wp-content\/uploads\/2019\/09\/7-201x300.jpg 201w, https:\/\/verlag.wiethase.de\/wp-content\/uploads\/2019\/09\/7-768x1146.jpg 768w, https:\/\/verlag.wiethase.de\/wp-content\/uploads\/2019\/09\/7-scaled.jpg 1716w\" sizes=\"auto, (max-width: 686px) 100vw, 686px\" \/><\/figure>\n\n\n\n<figure class=\"wp-block-image size-large\"><img loading=\"lazy\" decoding=\"async\" width=\"738\" height=\"1024\" data-id=\"616\" src=\"https:\/\/verlag.wiethase.de\/wp-content\/uploads\/2019\/09\/2-1-738x1024.jpg\" alt=\"\" class=\"wp-image-616\" srcset=\"https:\/\/verlag.wiethase.de\/wp-content\/uploads\/2019\/09\/2-1-738x1024.jpg 738w, https:\/\/verlag.wiethase.de\/wp-content\/uploads\/2019\/09\/2-1-300x416.jpg 300w, https:\/\/verlag.wiethase.de\/wp-content\/uploads\/2019\/09\/2-1-216x300.jpg 216w, https:\/\/verlag.wiethase.de\/wp-content\/uploads\/2019\/09\/2-1-768x1065.jpg 768w, https:\/\/verlag.wiethase.de\/wp-content\/uploads\/2019\/09\/2-1-scaled.jpg 1846w\" sizes=\"auto, (max-width: 738px) 100vw, 738px\" \/><\/figure>\n\n\n\n<figure class=\"wp-block-image size-large\"><img loading=\"lazy\" decoding=\"async\" width=\"688\" height=\"1024\" data-id=\"617\" src=\"https:\/\/verlag.wiethase.de\/wp-content\/uploads\/2019\/09\/10-688x1024.jpg\" alt=\"\" class=\"wp-image-617\" srcset=\"https:\/\/verlag.wiethase.de\/wp-content\/uploads\/2019\/09\/10-688x1024.jpg 688w, https:\/\/verlag.wiethase.de\/wp-content\/uploads\/2019\/09\/10-300x446.jpg 300w, https:\/\/verlag.wiethase.de\/wp-content\/uploads\/2019\/09\/10-202x300.jpg 202w, https:\/\/verlag.wiethase.de\/wp-content\/uploads\/2019\/09\/10-768x1143.jpg 768w, https:\/\/verlag.wiethase.de\/wp-content\/uploads\/2019\/09\/10-scaled.jpg 1720w\" sizes=\"auto, (max-width: 688px) 100vw, 688px\" \/><\/figure>\n\n\n\n<figure class=\"wp-block-image size-large\"><img loading=\"lazy\" decoding=\"async\" width=\"782\" height=\"1024\" data-id=\"620\" src=\"https:\/\/verlag.wiethase.de\/wp-content\/uploads\/2019\/09\/11-1-782x1024.jpg\" alt=\"\" class=\"wp-image-620\" srcset=\"https:\/\/verlag.wiethase.de\/wp-content\/uploads\/2019\/09\/11-1-782x1024.jpg 782w, https:\/\/verlag.wiethase.de\/wp-content\/uploads\/2019\/09\/11-1-300x393.jpg 300w, https:\/\/verlag.wiethase.de\/wp-content\/uploads\/2019\/09\/11-1-229x300.jpg 229w, https:\/\/verlag.wiethase.de\/wp-content\/uploads\/2019\/09\/11-1-768x1006.jpg 768w, https:\/\/verlag.wiethase.de\/wp-content\/uploads\/2019\/09\/11-1-scaled.jpg 1955w\" sizes=\"auto, (max-width: 782px) 100vw, 782px\" \/><\/figure>\n\n\n\n<figure class=\"wp-block-image size-large\"><img loading=\"lazy\" decoding=\"async\" width=\"750\" height=\"1024\" data-id=\"621\" src=\"https:\/\/verlag.wiethase.de\/wp-content\/uploads\/2019\/09\/13-750x1024.jpg\" alt=\"\" class=\"wp-image-621\" srcset=\"https:\/\/verlag.wiethase.de\/wp-content\/uploads\/2019\/09\/13-750x1024.jpg 750w, https:\/\/verlag.wiethase.de\/wp-content\/uploads\/2019\/09\/13-300x410.jpg 300w, https:\/\/verlag.wiethase.de\/wp-content\/uploads\/2019\/09\/13-220x300.jpg 220w, https:\/\/verlag.wiethase.de\/wp-content\/uploads\/2019\/09\/13-768x1049.jpg 768w, https:\/\/verlag.wiethase.de\/wp-content\/uploads\/2019\/09\/13-scaled.jpg 1875w\" sizes=\"auto, (max-width: 750px) 100vw, 750px\" \/><\/figure>\n<\/figure>\n\n\n\n<p>The fact is that in the fifteen or so books, published and supported by the Indian\ngovernment in the early twentieth century, like books on the \u201eCastes and Tribes of\nIndia,\u201c there is only one single photograph of a native boy with a bow and arrow.\nOn the other hand there are hundreds of photographs depicting natives at Hindu\nevents. My own fieldwork flows into this book, but can only reflect what has been\nin India since 2003.\n<\/p>\n\n\n\n<p>Hendrik Wiethase in April 2019 <\/p>\n\n\n\n<p><strong>ISBN 978393763242-1  Hardcover 276 pages, A4, more than 480 mostly coloured pictures, 70 graphics and 15 Maps &#8230; available for 79.- Euro plus shipping, in Germany shipping is free, when ordering via that site or info@wiethase.de<\/strong><\/p>\n","protected":false},"excerpt":{"rendered":"<p>This book may not have the title \u201eIndian Archery\u201c. Not because there already is the book by G.N. Pant of 1978 with this title, but because this title cannot really correspond to the contents of this book. In fact, there &hellip; <a href=\"https:\/\/verlag.wiethase.de\/?page_id=590\">Weiterlesen <span class=\"meta-nav\">&rarr;<\/span><\/a><\/p>\n","protected":false},"author":1,"featured_media":593,"parent":388,"menu_order":0,"comment_status":"closed","ping_status":"closed","template":"","meta":{"_monsterinsights_skip_tracking":false,"_monsterinsights_sitenote_active":false,"_monsterinsights_sitenote_note":"","_monsterinsights_sitenote_category":0,"footnotes":""},"class_list":["post-590","page","type-page","status-publish","has-post-thumbnail","hentry"],"yoast_head":"<!-- This site is optimized with the Yoast SEO plugin v27.5 - https:\/\/yoast.com\/product\/yoast-seo-wordpress\/ -->\n<title>Bows and Arrows of the Indian Subcontinent - WiethaseVerlag<\/title>\n<meta name=\"robots\" content=\"index, follow, max-snippet:-1, max-image-preview:large, max-video-preview:-1\" \/>\n<link rel=\"canonical\" href=\"https:\/\/verlag.wiethase.de\/?page_id=590\" \/>\n<meta property=\"og:locale\" content=\"de_DE\" \/>\n<meta property=\"og:type\" content=\"article\" \/>\n<meta property=\"og:title\" content=\"Bows and Arrows of the Indian Subcontinent - WiethaseVerlag\" \/>\n<meta property=\"og:description\" content=\"This book may not have the title \u201eIndian Archery\u201c. Not because there already is the book by G.N. Pant of 1978 with this title, but because this title cannot really correspond to the contents of this book. In fact, there &hellip; Weiterlesen &rarr;\" \/>\n<meta property=\"og:url\" content=\"https:\/\/verlag.wiethase.de\/?page_id=590\" \/>\n<meta property=\"og:site_name\" content=\"WiethaseVerlag\" \/>\n<meta property=\"article:publisher\" content=\"https:\/\/www.facebook.com\/profile.php?id=100063974142366\" \/>\n<meta property=\"article:modified_time\" content=\"2022-02-19T22:28:43+00:00\" \/>\n<meta property=\"og:image\" content=\"https:\/\/verlag.wiethase.de\/wp-content\/uploads\/2019\/09\/cover-Indian-Subcontinent-front-718x1024.jpg\" \/>\n\t<meta property=\"og:image:width\" content=\"718\" \/>\n\t<meta property=\"og:image:height\" content=\"1024\" \/>\n\t<meta property=\"og:image:type\" content=\"image\/jpeg\" \/>\n<meta name=\"twitter:card\" content=\"summary_large_image\" \/>\n<meta name=\"twitter:label1\" content=\"Gesch\u00e4tzte Lesezeit\" \/>\n\t<meta name=\"twitter:data1\" content=\"6\u00a0Minuten\" \/>\n<script type=\"application\/ld+json\" class=\"yoast-schema-graph\">{\"@context\":\"https:\\\/\\\/schema.org\",\"@graph\":[{\"@type\":\"WebPage\",\"@id\":\"https:\\\/\\\/verlag.wiethase.de\\\/?page_id=590\",\"url\":\"https:\\\/\\\/verlag.wiethase.de\\\/?page_id=590\",\"name\":\"Bows and Arrows of the Indian Subcontinent - WiethaseVerlag\",\"isPartOf\":{\"@id\":\"https:\\\/\\\/verlag.wiethase.de\\\/#website\"},\"primaryImageOfPage\":{\"@id\":\"https:\\\/\\\/verlag.wiethase.de\\\/?page_id=590#primaryimage\"},\"image\":{\"@id\":\"https:\\\/\\\/verlag.wiethase.de\\\/?page_id=590#primaryimage\"},\"thumbnailUrl\":\"https:\\\/\\\/verlag.wiethase.de\\\/wp-content\\\/uploads\\\/2019\\\/09\\\/cover-Indian-Subcontinent-front-scaled.jpg\",\"datePublished\":\"2019-09-07T10:56:58+00:00\",\"dateModified\":\"2022-02-19T22:28:43+00:00\",\"breadcrumb\":{\"@id\":\"https:\\\/\\\/verlag.wiethase.de\\\/?page_id=590#breadcrumb\"},\"inLanguage\":\"de\",\"potentialAction\":[{\"@type\":\"ReadAction\",\"target\":[\"https:\\\/\\\/verlag.wiethase.de\\\/?page_id=590\"]}]},{\"@type\":\"ImageObject\",\"inLanguage\":\"de\",\"@id\":\"https:\\\/\\\/verlag.wiethase.de\\\/?page_id=590#primaryimage\",\"url\":\"https:\\\/\\\/verlag.wiethase.de\\\/wp-content\\\/uploads\\\/2019\\\/09\\\/cover-Indian-Subcontinent-front-scaled.jpg\",\"contentUrl\":\"https:\\\/\\\/verlag.wiethase.de\\\/wp-content\\\/uploads\\\/2019\\\/09\\\/cover-Indian-Subcontinent-front-scaled.jpg\",\"width\":1794,\"height\":2560},{\"@type\":\"BreadcrumbList\",\"@id\":\"https:\\\/\\\/verlag.wiethase.de\\\/?page_id=590#breadcrumb\",\"itemListElement\":[{\"@type\":\"ListItem\",\"position\":1,\"name\":\"Startseite\",\"item\":\"https:\\\/\\\/verlag.wiethase.de\\\/\"},{\"@type\":\"ListItem\",\"position\":2,\"name\":\"Archery books\",\"item\":\"https:\\\/\\\/verlag.wiethase.de\\\/?page_id=388\"},{\"@type\":\"ListItem\",\"position\":3,\"name\":\"Bows and Arrows of the Indian Subcontinent\"}]},{\"@type\":\"WebSite\",\"@id\":\"https:\\\/\\\/verlag.wiethase.de\\\/#website\",\"url\":\"https:\\\/\\\/verlag.wiethase.de\\\/\",\"name\":\"WiethaseVerlag\",\"description\":\"B\u00fccher - DVD - H\u00f6rb\u00fccher\",\"publisher\":{\"@id\":\"https:\\\/\\\/verlag.wiethase.de\\\/#organization\"},\"potentialAction\":[{\"@type\":\"SearchAction\",\"target\":{\"@type\":\"EntryPoint\",\"urlTemplate\":\"https:\\\/\\\/verlag.wiethase.de\\\/?s={search_term_string}\"},\"query-input\":{\"@type\":\"PropertyValueSpecification\",\"valueRequired\":true,\"valueName\":\"search_term_string\"}}],\"inLanguage\":\"de\"},{\"@type\":\"Organization\",\"@id\":\"https:\\\/\\\/verlag.wiethase.de\\\/#organization\",\"name\":\"Wiethase Verlag\",\"url\":\"https:\\\/\\\/verlag.wiethase.de\\\/\",\"logo\":{\"@type\":\"ImageObject\",\"inLanguage\":\"de\",\"@id\":\"https:\\\/\\\/verlag.wiethase.de\\\/#\\\/schema\\\/logo\\\/image\\\/\",\"url\":\"https:\\\/\\\/verlag.wiethase.de\\\/wp-content\\\/uploads\\\/2022\\\/07\\\/logo-verlag.jpg\",\"contentUrl\":\"https:\\\/\\\/verlag.wiethase.de\\\/wp-content\\\/uploads\\\/2022\\\/07\\\/logo-verlag.jpg\",\"width\":790,\"height\":514,\"caption\":\"Wiethase Verlag\"},\"image\":{\"@id\":\"https:\\\/\\\/verlag.wiethase.de\\\/#\\\/schema\\\/logo\\\/image\\\/\"},\"sameAs\":[\"https:\\\/\\\/www.facebook.com\\\/profile.php?id=100063974142366\"]}]}<\/script>\n<!-- \/ Yoast SEO plugin. -->","yoast_head_json":{"title":"Bows and Arrows of the Indian Subcontinent - WiethaseVerlag","robots":{"index":"index","follow":"follow","max-snippet":"max-snippet:-1","max-image-preview":"max-image-preview:large","max-video-preview":"max-video-preview:-1"},"canonical":"https:\/\/verlag.wiethase.de\/?page_id=590","og_locale":"de_DE","og_type":"article","og_title":"Bows and Arrows of the Indian Subcontinent - WiethaseVerlag","og_description":"This book may not have the title \u201eIndian Archery\u201c. Not because there already is the book by G.N. Pant of 1978 with this title, but because this title cannot really correspond to the contents of this book. In fact, there &hellip; Weiterlesen &rarr;","og_url":"https:\/\/verlag.wiethase.de\/?page_id=590","og_site_name":"WiethaseVerlag","article_publisher":"https:\/\/www.facebook.com\/profile.php?id=100063974142366","article_modified_time":"2022-02-19T22:28:43+00:00","og_image":[{"width":718,"height":1024,"url":"https:\/\/verlag.wiethase.de\/wp-content\/uploads\/2019\/09\/cover-Indian-Subcontinent-front-718x1024.jpg","type":"image\/jpeg"}],"twitter_card":"summary_large_image","twitter_misc":{"Gesch\u00e4tzte Lesezeit":"6\u00a0Minuten"},"schema":{"@context":"https:\/\/schema.org","@graph":[{"@type":"WebPage","@id":"https:\/\/verlag.wiethase.de\/?page_id=590","url":"https:\/\/verlag.wiethase.de\/?page_id=590","name":"Bows and Arrows of the Indian Subcontinent - WiethaseVerlag","isPartOf":{"@id":"https:\/\/verlag.wiethase.de\/#website"},"primaryImageOfPage":{"@id":"https:\/\/verlag.wiethase.de\/?page_id=590#primaryimage"},"image":{"@id":"https:\/\/verlag.wiethase.de\/?page_id=590#primaryimage"},"thumbnailUrl":"https:\/\/verlag.wiethase.de\/wp-content\/uploads\/2019\/09\/cover-Indian-Subcontinent-front-scaled.jpg","datePublished":"2019-09-07T10:56:58+00:00","dateModified":"2022-02-19T22:28:43+00:00","breadcrumb":{"@id":"https:\/\/verlag.wiethase.de\/?page_id=590#breadcrumb"},"inLanguage":"de","potentialAction":[{"@type":"ReadAction","target":["https:\/\/verlag.wiethase.de\/?page_id=590"]}]},{"@type":"ImageObject","inLanguage":"de","@id":"https:\/\/verlag.wiethase.de\/?page_id=590#primaryimage","url":"https:\/\/verlag.wiethase.de\/wp-content\/uploads\/2019\/09\/cover-Indian-Subcontinent-front-scaled.jpg","contentUrl":"https:\/\/verlag.wiethase.de\/wp-content\/uploads\/2019\/09\/cover-Indian-Subcontinent-front-scaled.jpg","width":1794,"height":2560},{"@type":"BreadcrumbList","@id":"https:\/\/verlag.wiethase.de\/?page_id=590#breadcrumb","itemListElement":[{"@type":"ListItem","position":1,"name":"Startseite","item":"https:\/\/verlag.wiethase.de\/"},{"@type":"ListItem","position":2,"name":"Archery books","item":"https:\/\/verlag.wiethase.de\/?page_id=388"},{"@type":"ListItem","position":3,"name":"Bows and Arrows of the Indian Subcontinent"}]},{"@type":"WebSite","@id":"https:\/\/verlag.wiethase.de\/#website","url":"https:\/\/verlag.wiethase.de\/","name":"WiethaseVerlag","description":"B\u00fccher - DVD - H\u00f6rb\u00fccher","publisher":{"@id":"https:\/\/verlag.wiethase.de\/#organization"},"potentialAction":[{"@type":"SearchAction","target":{"@type":"EntryPoint","urlTemplate":"https:\/\/verlag.wiethase.de\/?s={search_term_string}"},"query-input":{"@type":"PropertyValueSpecification","valueRequired":true,"valueName":"search_term_string"}}],"inLanguage":"de"},{"@type":"Organization","@id":"https:\/\/verlag.wiethase.de\/#organization","name":"Wiethase Verlag","url":"https:\/\/verlag.wiethase.de\/","logo":{"@type":"ImageObject","inLanguage":"de","@id":"https:\/\/verlag.wiethase.de\/#\/schema\/logo\/image\/","url":"https:\/\/verlag.wiethase.de\/wp-content\/uploads\/2022\/07\/logo-verlag.jpg","contentUrl":"https:\/\/verlag.wiethase.de\/wp-content\/uploads\/2022\/07\/logo-verlag.jpg","width":790,"height":514,"caption":"Wiethase Verlag"},"image":{"@id":"https:\/\/verlag.wiethase.de\/#\/schema\/logo\/image\/"},"sameAs":["https:\/\/www.facebook.com\/profile.php?id=100063974142366"]}]}},"jetpack_sharing_enabled":true,"_links":{"self":[{"href":"https:\/\/verlag.wiethase.de\/index.php?rest_route=\/wp\/v2\/pages\/590","targetHints":{"allow":["GET"]}}],"collection":[{"href":"https:\/\/verlag.wiethase.de\/index.php?rest_route=\/wp\/v2\/pages"}],"about":[{"href":"https:\/\/verlag.wiethase.de\/index.php?rest_route=\/wp\/v2\/types\/page"}],"author":[{"embeddable":true,"href":"https:\/\/verlag.wiethase.de\/index.php?rest_route=\/wp\/v2\/users\/1"}],"replies":[{"embeddable":true,"href":"https:\/\/verlag.wiethase.de\/index.php?rest_route=%2Fwp%2Fv2%2Fcomments&post=590"}],"version-history":[{"count":6,"href":"https:\/\/verlag.wiethase.de\/index.php?rest_route=\/wp\/v2\/pages\/590\/revisions"}],"predecessor-version":[{"id":856,"href":"https:\/\/verlag.wiethase.de\/index.php?rest_route=\/wp\/v2\/pages\/590\/revisions\/856"}],"up":[{"embeddable":true,"href":"https:\/\/verlag.wiethase.de\/index.php?rest_route=\/wp\/v2\/pages\/388"}],"wp:featuredmedia":[{"embeddable":true,"href":"https:\/\/verlag.wiethase.de\/index.php?rest_route=\/wp\/v2\/media\/593"}],"wp:attachment":[{"href":"https:\/\/verlag.wiethase.de\/index.php?rest_route=%2Fwp%2Fv2%2Fmedia&parent=590"}],"curies":[{"name":"wp","href":"https:\/\/api.w.org\/{rel}","templated":true}]}}