{"id":59,"date":"2014-06-30T11:03:26","date_gmt":"2014-06-30T11:03:26","guid":{"rendered":"http:\/\/verlag.wiethase.de\/?page_id=59"},"modified":"2022-01-24T19:24:16","modified_gmt":"2022-01-24T19:24:16","slug":"astanga-hrdayam","status":"publish","type":"page","link":"https:\/\/verlag.wiethase.de\/?page_id=59","title":{"rendered":"Astanga Hrdayam"},"content":{"rendered":"<p><a href=\"https:\/\/verlag.wiethase.de\/wp-content\/uploads\/2014\/06\/Astangha-Buch-1-Umschlag.jpg\"><img loading=\"lazy\" decoding=\"async\" class=\"alignnone size-thumbnail wp-image-60\" src=\"https:\/\/verlag.wiethase.de\/wp-content\/uploads\/2014\/06\/Astangha-Buch-1-Umschlag-150x150.jpg\" alt=\"Astangha Buch 1 Umschlag\" width=\"150\" height=\"150\" \/><\/a><\/p>\n<p>Direkt \u00fcbersetzt hei\u00dft A\u015f\u0163\u0101 \u201eacht\u201c tanga \u201eTeil\u201c und H\u0157daya \u201eHerz\u201c. Damit wird dieses Herz bzw. diese Schrift als Zentrum der Medizin gedeutet, welches seine acht \u00c4ste, n\u00e4mlich Innere Medizin, Kinderheilkunde, Psychiatrie, Kopf, Chirurgie, Toxikologie, Geriatrie und Leiden der Fortpflanzungsorgane mit Wissen versorgt.<\/p>\n<p>Dieses basiert auf einem weitaus ausladenderem und komplizierterem Werk mit dem Namen A\u015f\u0163\u0101\u00f1gasangraha. Man kann das A\u015f\u0163\u0101nga H\u0157dayam somit als eine \u201eleichter verst\u00e4ndliche und auf das Wesentliche beschr\u00e4nkte Fassung des Ursprungstextes\u201c bezeichnen.<\/p>\n<p>Es sagt von sich selber, weder zu kurz, noch zu lang, also genau richtig zu sein.<\/p>\n<p>Als Autor gilt \u015arimad V\u0101gbhata. Heute kann man noch immer nicht mit Sicherheit sagen, ob \u015arimad V\u0101gbahata auch der Autor des A\u015f\u0163\u0101nga H\u0157dayam ist. Aufgrund verschiedener Indizien streiten sich hier die Gelehrten.<\/p>\n<p>Aufgrund der starken \u00c4hnlichkeit in einigen Textstellen des B\u0157hat Amith\u0101 von Var\u0101hamihira mit anderen Quellen kann man davon ausgehen, dass das A\u015f\u0163\u0101nga H\u0157dayam zwischen 540 und 580 unserer Zeitrechnung verfasst wurde. Aufgrund verschiedener ritueller Anleitungen und Ratschl\u00e4ge f\u00fcr das allgemeine Verhalten liegt nahe, dass der Autor als Brahmane geboren wurde, die Veden studiert hat und Buddhist war. ( <strong>I<\/strong>\/2, <strong>II<\/strong>\/20 bis 25, <strong>VII<\/strong>\/70, <strong>XVIII<\/strong>\/16 bis 18,)<\/p>\n<p>Seit seiner Entstehung wurde das A\u015f\u0163\u0101nga H\u0157dayam von etwa drei\u00dfig verschiedenen Verfassern mit Kommentaren versehen, von denen nur noch einer, Pad\u0101rtha Ca\u00f1drika, vollst\u00e4ndig erhalten ist.<\/p>\n<p>Die vorliegende deutsche \u00dcbersetzung ist leitend durch Hendrik Wiethase auf der Basis einer Original Sanskrit Fassung und einer Malayalam Fassung (in der \u00dcbersetzung von P.M. Govindan Vaidya) entstanden. Als wichtige Referenz sind noch die englische \u00dcbersetzung von Prof. K. R. Srikantha Murthy (1992) und die deutsche \u00dcbersetzung von Hilgenberg und Kirfel (1942) zu erw\u00e4hnen.<\/p>\n<p><strong>A\u015e\u0162\u0100NGA H\u0156DAYAM<\/strong><\/p>\n<p><strong>Das achtgliedrige Herz<\/strong><\/p>\n<p>In sechs B\u00fcchern mit Appendixe und einem Gesamt-Register in <strong>Ganzleinen mit Pr\u00e4gedruck und Umschlag, mit Leseb\u00e4ndchen.<\/strong><\/p>\n<p><strong>Erstes Buch<\/strong><\/p>\n<p><strong>S\u0169tra Sth\u0101na<\/strong><\/p>\n<p><strong>Die grunds\u00e4tzlichen Prinzipien<\/strong><\/p>\n<p>(335 Seiten) ISBN 3-937632-34-4 \u20ac 45.&#8211;<\/p>\n<p>1) Das Trachten nach einem langen Leben. 2) Die t\u00e4glichen Verrichtungen. 3) Die jahreszeitlich bedingten Verrichtungen. 4) Die Verhinderung von Krankheiten. 5) Das Wissen von den Fl\u00fcssigkeiten. 6) Das Wissen von den Speisen. 7) Vom Schutz der Speisen. 8) Von der Menge der Speisen. 9) Das Wissen von den Inhaltsstoffen. 10) Die Klassifikation der Geschm\u00e4cke. 11) Das Wissen von den Do\u015f\u0101s. 12) Die Klassifikation der Do\u015f\u0101s. 13) Die Behandlung der Do\u015f\u0101s. 14) Die zwei Arten der Behandlung. 15) Die reinigenden Arzneien. 16) Die \u00d6ltherapie. 17) Die Schwitztherapie. 18) Von Entleerung und Erbrechen. 19) Die Klistiertherapie. 20) Die Nasalmedikations-Therapie. 21) Die Inhalations-Therapie. 22) Die Gurgel-Therapie. 23) Augentropfen und Augensalbung. 24) Die Therapie f\u00fcr die Augen. 25) Der Gebrauch stumpfer Instrumente. 26) Der Gebrauch scharfer Instrumente. 27) Der Aderlass. 28) Die Entfernung von Pfeil- oder Speerspitzen. 29) Die Chirurgie. 30) Vom \u00c4tzen und Brennen.<\/p>\n<p><strong>Zweites Buch<\/strong><\/p>\n<p><strong>S\u0101rira Sth\u0101na<\/strong><\/p>\n<p><strong>Vom K\u00f6rper<\/strong><\/p>\n<p>(125 Seiten)\u00a0ISBN 3-937632-35-2 \u20ac 25.&#8211;<\/p>\n<p>1) Die Entstehung des Embryos. 2) Die Sch\u00e4den an Schwangeren und Neugeborenen. 3) Der K\u00f6rper und seine Teile. 4) Die Klassifikation von Missbildungen. 5) Das Wissen von der schlimmen Prognose. 6) Das Wissen vom Boten<\/p>\n<p><strong>Drittes Buch<\/strong><\/p>\n<p><strong>Nid\u0101na Sth\u0101na<\/strong><\/p>\n<p><strong>Die Diagnose von Krankheiten<\/strong><\/p>\n<p>(157 Seiten) ISBN 3-937632-36-0 \u20ac 27.&#8211;<\/p>\n<p>1) Die Ursachen und Diagnosen aller Krankheiten. 2) Die Diagnose von Fieber. 3) Die Diagnose blutender Krankheiten und Husten. 4) Die Diagnose von Atemnot und Schluckauf. 5) Die Diagnose von Tubercolose. 6) Die Diagnose von Alkoholvergiftung. 7) Die Diagnose von H\u00e4morrhoiden. 8) Die Diagnose von Durchfall. 9) Die Diagnose von Harnverhalten. 10) Die Diagnose von Diabetes. 11) Die Diagnose von Abszessen. Hernien und Darmtumoren. 12) Die Diagnose der Darmausweitungen. 13) Die Diagnose von Gelbsucht und Wassersucht. 14) Diagnose von Lepra, Bluterkrankheit und W\u00fcrmern. 15) Die Diagnose von Windkrankheiten und Nervenleiden. 16) Die Diagnose von Gicht<\/p>\n<p><strong>Viertes Buch<\/strong><\/p>\n<p><strong>Cikits\u0101 Sth\u0101na<\/strong><\/p>\n<p><strong>Die Heilmethoden<\/strong><\/p>\n<p>(495 Seiten)ISBN 3-937632-37-9 \u20ac 39.&#8211;<\/p>\n<p>1) Die Behandlung von Fieber. 2) Die Behandlung von blutenden Wunden. 3) Die Behandlung von Husten. 4) Die Behandlung von Atemnot und Schluckauf. 5) Die Behandlung von Tubercolose. 6) Die Behandlung von Erbrechen. Herzleiden und Durst. 7) Die Behandlung von Alkoholvergiftung. 8) Die Behandlung von H\u00e4morrhoiden. 9) Die Behandlung von Durchfall. 10) Die Behandlung von Irritationen des Enddarmes. 11) Die Behandlung von Harnverhalten. 12) Die Behandlung von Diabetes. 13) Die Behandlung von Abszessen und Hernien. 14) Die Behandlung von Darmtumoren. 15) Die Behandlung von Darmvergr\u00f6\u00dferungen. 16) Die Behandlung von An\u00e4mie. 17) Die Behandlung von Wassersucht. 18) Die Behandlung von Herpes. 19) Die Behandlung von Lepra und anderen Hautkrankheiten. 20) Die Behandlung von Leukodermitis und W\u00fcrmern. 21) Die Behandlung von nerv\u00f6sen Krankheiten. 22) Die Behandlung von Gicht<\/p>\n<p><strong>F\u00fcnftes Buch<\/strong><\/p>\n<p><strong>Kalpa Sthan\u0101<\/strong><\/p>\n<p><strong>Die Zubereitung der Kurmittel<\/strong><\/p>\n<p>(123 Seiten)ISBN 3-937632-38-7 \u20ac 25.&#8211;<\/p>\n<p>1) Die Rezeptur des Brechmittels. 2) DieRezeptur des Abf\u00fchrmittels. 3) Die L\u00f6sung der Probleme. die bei der Anwendung von Brech- oder Abf\u00fchrmitteln auftreten k\u00f6nnen. 4) Die Rezeptur des Klistiers. 5) Die L\u00f6sung der Probleme. die bei der Anwendung von Klistiers auftreten k\u00f6nnen. 6) Das Wesen der Rezepturen<\/p>\n<p><strong>Sechstes Buch<\/strong><\/p>\n<p><strong>Uttara Sth\u0101na<\/strong><\/p>\n<p><strong>Die restlichen sieben Zweige des Ayurveda<\/strong><\/p>\n<p>(572 Seiten)ISBN 3-937632-36-0 \u20ac 40.&#8211;<\/p>\n<p>1) Die Pflege der Kinder. 2) Die Vorbeugung von Krankheiten der Kinder. 3) Vorbeugung vor Besitznahme von Kindern. 4) Das Wissen von b\u00f6sen Geistern. 5) Die Vertreibung von b\u00f6sen Geistern. 6) Die Gesundheitsvorsorge. 7) Die Vorbeugung der Epilepsie. 8) Die Diagnose von Krankheiten des Augenlids. 9) Die Behandlung von Krankheiten des Augenlids. 10) Die Diagnose der Augenwinkel und der Bindehaut. 11) Die Behandlung der Augenwinkel und der Bindehaut. 12) Die Diagnose bei Schlechtsichtigkeit. 13) Die Behandlung von Blindheit. 14) Die Behandlung bei Erkrankung der Linse. 15) Die Diagnose von Erkrankungen des ganzen Auges. 16) Die Behandlung von Erkrankungen des ganzen Auges. 17) Die Diagnose von Ohrenkrankheiten. 18) Die Behandlung von Ohrenkrankheiten. 19) Die Diagnose von Nasenkrankheiten. 20) Die Behandlung von Nasenkrankheiten. 21) Die Diagnose von Erkrankungen des Mundes. 22) Die Behandlung von Erkrankungen des Mundes. 23) Die Diagnose von Erkrankungen des Kopfes. 24) Die Behandlung von Erkrankungen des Kopfes. 25) Die Behandlung von Ulzera. 26) Die Behandlung stumpfer Verletzungen. 27) Die Behandlung von Br\u00fcchen. 28) Die Behandlung von Analfisteln 29) Die Diagnose von Tumoren, Krebs, Knoten u.s.w. 30) Die Behandlung von Tumoren, Krebs, Knoten u.s.w. 31) Die Diagnose leichter Erkrankungen. 32) Die Behandlung leichter Erkrankungen. 33) Die Diagnose von Venenerkrankungen. 34) Die Behandlung von Venenerkrankungen. 35) Die Behandlung nach Vergiftung. 36) Die Behandlung von Schlangenbissen. 37) Die Behandlung von Insekten- und Spinnenbissen. 38) Die Behandlung von M\u00e4use-, Hasen- oder Hundebissen. 39) Die Verj\u00fcngungskuren. 40) Die Pflege nachwachsenden Gewebes oder aphrodisierende Therapie.<\/p>\n<p><strong>Siebtes Buch<\/strong><\/p>\n<p><strong>Das Gesamtregister<\/strong><\/p>\n<p><strong>Register der Sanskrit Begriffe<\/strong><\/p>\n<p>(493 Seiten) ISBN 3-937632-39-5 \u20ac 35.&#8211;<\/p>\n<p>Gesamtregister der Sanskrit-Begriffe<\/p>\n<p>Gesamtregister der Lateinischen Namen<\/p>\n<p>Gesamtregister der Deutschen Begriffe<\/p>\n<p>Die wichtigsten Rezepturen und Tailams (\u00d6le)<\/p>\n<p>Die wichtigsten Pflanzen im Detail<\/p>\n","protected":false},"excerpt":{"rendered":"<p>Direkt \u00fcbersetzt hei\u00dft A\u015f\u0163\u0101 \u201eacht\u201c tanga \u201eTeil\u201c und H\u0157daya \u201eHerz\u201c. Damit wird dieses Herz bzw. diese Schrift als Zentrum der Medizin gedeutet, welches seine acht \u00c4ste, n\u00e4mlich Innere Medizin, Kinderheilkunde, Psychiatrie, Kopf, Chirurgie, Toxikologie, Geriatrie und Leiden der Fortpflanzungsorgane mit &hellip; <a href=\"https:\/\/verlag.wiethase.de\/?page_id=59\">Weiterlesen <span class=\"meta-nav\">&rarr;<\/span><\/a><\/p>\n","protected":false},"author":1,"featured_media":123,"parent":390,"menu_order":0,"comment_status":"open","ping_status":"closed","template":"showcase.php","meta":{"_monsterinsights_skip_tracking":false,"_monsterinsights_sitenote_active":false,"_monsterinsights_sitenote_note":"","_monsterinsights_sitenote_category":0,"footnotes":""},"class_list":["post-59","page","type-page","status-publish","has-post-thumbnail","hentry"],"yoast_head":"<!-- This site is optimized with the Yoast SEO plugin v27.4 - https:\/\/yoast.com\/product\/yoast-seo-wordpress\/ -->\n<title>Astanga Hrdayam - WiethaseVerlag<\/title>\n<meta name=\"robots\" content=\"index, follow, max-snippet:-1, max-image-preview:large, max-video-preview:-1\" \/>\n<link rel=\"canonical\" href=\"https:\/\/verlag.wiethase.de\/?page_id=59\" \/>\n<meta property=\"og:locale\" content=\"de_DE\" \/>\n<meta property=\"og:type\" content=\"article\" \/>\n<meta property=\"og:title\" content=\"Astanga Hrdayam - WiethaseVerlag\" \/>\n<meta property=\"og:description\" content=\"Direkt \u00fcbersetzt hei\u00dft A\u015f\u0163\u0101 \u201eacht\u201c tanga \u201eTeil\u201c und H\u0157daya \u201eHerz\u201c. Damit wird dieses Herz bzw. diese Schrift als Zentrum der Medizin gedeutet, welches seine acht \u00c4ste, n\u00e4mlich Innere Medizin, Kinderheilkunde, Psychiatrie, Kopf, Chirurgie, Toxikologie, Geriatrie und Leiden der Fortpflanzungsorgane mit &hellip; Weiterlesen &rarr;\" \/>\n<meta property=\"og:url\" content=\"https:\/\/verlag.wiethase.de\/?page_id=59\" \/>\n<meta property=\"og:site_name\" content=\"WiethaseVerlag\" \/>\n<meta property=\"article:publisher\" content=\"https:\/\/www.facebook.com\/profile.php?id=100063974142366\" \/>\n<meta property=\"article:modified_time\" content=\"2022-01-24T19:24:16+00:00\" \/>\n<meta property=\"og:image\" content=\"https:\/\/verlag.wiethase.de\/wp-content\/uploads\/2014\/06\/pr\u00e4gung-5.jpg\" \/>\n\t<meta property=\"og:image:width\" content=\"1364\" \/>\n\t<meta property=\"og:image:height\" content=\"333\" \/>\n\t<meta property=\"og:image:type\" content=\"image\/jpeg\" \/>\n<meta name=\"twitter:card\" content=\"summary_large_image\" \/>\n<meta name=\"twitter:label1\" content=\"Gesch\u00e4tzte Lesezeit\" \/>\n\t<meta name=\"twitter:data1\" content=\"7\u00a0Minuten\" \/>\n<script type=\"application\/ld+json\" class=\"yoast-schema-graph\">{\"@context\":\"https:\\\/\\\/schema.org\",\"@graph\":[{\"@type\":\"WebPage\",\"@id\":\"https:\\\/\\\/verlag.wiethase.de\\\/?page_id=59\",\"url\":\"https:\\\/\\\/verlag.wiethase.de\\\/?page_id=59\",\"name\":\"Astanga Hrdayam - WiethaseVerlag\",\"isPartOf\":{\"@id\":\"https:\\\/\\\/verlag.wiethase.de\\\/#website\"},\"primaryImageOfPage\":{\"@id\":\"https:\\\/\\\/verlag.wiethase.de\\\/?page_id=59#primaryimage\"},\"image\":{\"@id\":\"https:\\\/\\\/verlag.wiethase.de\\\/?page_id=59#primaryimage\"},\"thumbnailUrl\":\"https:\\\/\\\/verlag.wiethase.de\\\/wp-content\\\/uploads\\\/2014\\\/06\\\/pr\u00e4gung-5.jpg\",\"datePublished\":\"2014-06-30T11:03:26+00:00\",\"dateModified\":\"2022-01-24T19:24:16+00:00\",\"breadcrumb\":{\"@id\":\"https:\\\/\\\/verlag.wiethase.de\\\/?page_id=59#breadcrumb\"},\"inLanguage\":\"de\",\"potentialAction\":[{\"@type\":\"ReadAction\",\"target\":[\"https:\\\/\\\/verlag.wiethase.de\\\/?page_id=59\"]}]},{\"@type\":\"ImageObject\",\"inLanguage\":\"de\",\"@id\":\"https:\\\/\\\/verlag.wiethase.de\\\/?page_id=59#primaryimage\",\"url\":\"https:\\\/\\\/verlag.wiethase.de\\\/wp-content\\\/uploads\\\/2014\\\/06\\\/pr\u00e4gung-5.jpg\",\"contentUrl\":\"https:\\\/\\\/verlag.wiethase.de\\\/wp-content\\\/uploads\\\/2014\\\/06\\\/pr\u00e4gung-5.jpg\",\"width\":1364,\"height\":333},{\"@type\":\"BreadcrumbList\",\"@id\":\"https:\\\/\\\/verlag.wiethase.de\\\/?page_id=59#breadcrumb\",\"itemListElement\":[{\"@type\":\"ListItem\",\"position\":1,\"name\":\"Startseite\",\"item\":\"https:\\\/\\\/verlag.wiethase.de\\\/\"},{\"@type\":\"ListItem\",\"position\":2,\"name\":\"Ayurveda Deutsch\",\"item\":\"https:\\\/\\\/verlag.wiethase.de\\\/?page_id=390\"},{\"@type\":\"ListItem\",\"position\":3,\"name\":\"Astanga Hrdayam\"}]},{\"@type\":\"WebSite\",\"@id\":\"https:\\\/\\\/verlag.wiethase.de\\\/#website\",\"url\":\"https:\\\/\\\/verlag.wiethase.de\\\/\",\"name\":\"WiethaseVerlag\",\"description\":\"B\u00fccher - DVD - H\u00f6rb\u00fccher\",\"publisher\":{\"@id\":\"https:\\\/\\\/verlag.wiethase.de\\\/#organization\"},\"potentialAction\":[{\"@type\":\"SearchAction\",\"target\":{\"@type\":\"EntryPoint\",\"urlTemplate\":\"https:\\\/\\\/verlag.wiethase.de\\\/?s={search_term_string}\"},\"query-input\":{\"@type\":\"PropertyValueSpecification\",\"valueRequired\":true,\"valueName\":\"search_term_string\"}}],\"inLanguage\":\"de\"},{\"@type\":\"Organization\",\"@id\":\"https:\\\/\\\/verlag.wiethase.de\\\/#organization\",\"name\":\"Wiethase Verlag\",\"url\":\"https:\\\/\\\/verlag.wiethase.de\\\/\",\"logo\":{\"@type\":\"ImageObject\",\"inLanguage\":\"de\",\"@id\":\"https:\\\/\\\/verlag.wiethase.de\\\/#\\\/schema\\\/logo\\\/image\\\/\",\"url\":\"https:\\\/\\\/verlag.wiethase.de\\\/wp-content\\\/uploads\\\/2022\\\/07\\\/logo-verlag.jpg\",\"contentUrl\":\"https:\\\/\\\/verlag.wiethase.de\\\/wp-content\\\/uploads\\\/2022\\\/07\\\/logo-verlag.jpg\",\"width\":790,\"height\":514,\"caption\":\"Wiethase Verlag\"},\"image\":{\"@id\":\"https:\\\/\\\/verlag.wiethase.de\\\/#\\\/schema\\\/logo\\\/image\\\/\"},\"sameAs\":[\"https:\\\/\\\/www.facebook.com\\\/profile.php?id=100063974142366\"]}]}<\/script>\n<!-- \/ Yoast SEO plugin. -->","yoast_head_json":{"title":"Astanga Hrdayam - WiethaseVerlag","robots":{"index":"index","follow":"follow","max-snippet":"max-snippet:-1","max-image-preview":"max-image-preview:large","max-video-preview":"max-video-preview:-1"},"canonical":"https:\/\/verlag.wiethase.de\/?page_id=59","og_locale":"de_DE","og_type":"article","og_title":"Astanga Hrdayam - WiethaseVerlag","og_description":"Direkt \u00fcbersetzt hei\u00dft A\u015f\u0163\u0101 \u201eacht\u201c tanga \u201eTeil\u201c und H\u0157daya \u201eHerz\u201c. Damit wird dieses Herz bzw. diese Schrift als Zentrum der Medizin gedeutet, welches seine acht \u00c4ste, n\u00e4mlich Innere Medizin, Kinderheilkunde, Psychiatrie, Kopf, Chirurgie, Toxikologie, Geriatrie und Leiden der Fortpflanzungsorgane mit &hellip; Weiterlesen &rarr;","og_url":"https:\/\/verlag.wiethase.de\/?page_id=59","og_site_name":"WiethaseVerlag","article_publisher":"https:\/\/www.facebook.com\/profile.php?id=100063974142366","article_modified_time":"2022-01-24T19:24:16+00:00","og_image":[{"width":1364,"height":333,"url":"https:\/\/verlag.wiethase.de\/wp-content\/uploads\/2014\/06\/pr\u00e4gung-5.jpg","type":"image\/jpeg"}],"twitter_card":"summary_large_image","twitter_misc":{"Gesch\u00e4tzte Lesezeit":"7\u00a0Minuten"},"schema":{"@context":"https:\/\/schema.org","@graph":[{"@type":"WebPage","@id":"https:\/\/verlag.wiethase.de\/?page_id=59","url":"https:\/\/verlag.wiethase.de\/?page_id=59","name":"Astanga Hrdayam - WiethaseVerlag","isPartOf":{"@id":"https:\/\/verlag.wiethase.de\/#website"},"primaryImageOfPage":{"@id":"https:\/\/verlag.wiethase.de\/?page_id=59#primaryimage"},"image":{"@id":"https:\/\/verlag.wiethase.de\/?page_id=59#primaryimage"},"thumbnailUrl":"https:\/\/verlag.wiethase.de\/wp-content\/uploads\/2014\/06\/pr\u00e4gung-5.jpg","datePublished":"2014-06-30T11:03:26+00:00","dateModified":"2022-01-24T19:24:16+00:00","breadcrumb":{"@id":"https:\/\/verlag.wiethase.de\/?page_id=59#breadcrumb"},"inLanguage":"de","potentialAction":[{"@type":"ReadAction","target":["https:\/\/verlag.wiethase.de\/?page_id=59"]}]},{"@type":"ImageObject","inLanguage":"de","@id":"https:\/\/verlag.wiethase.de\/?page_id=59#primaryimage","url":"https:\/\/verlag.wiethase.de\/wp-content\/uploads\/2014\/06\/pr\u00e4gung-5.jpg","contentUrl":"https:\/\/verlag.wiethase.de\/wp-content\/uploads\/2014\/06\/pr\u00e4gung-5.jpg","width":1364,"height":333},{"@type":"BreadcrumbList","@id":"https:\/\/verlag.wiethase.de\/?page_id=59#breadcrumb","itemListElement":[{"@type":"ListItem","position":1,"name":"Startseite","item":"https:\/\/verlag.wiethase.de\/"},{"@type":"ListItem","position":2,"name":"Ayurveda Deutsch","item":"https:\/\/verlag.wiethase.de\/?page_id=390"},{"@type":"ListItem","position":3,"name":"Astanga Hrdayam"}]},{"@type":"WebSite","@id":"https:\/\/verlag.wiethase.de\/#website","url":"https:\/\/verlag.wiethase.de\/","name":"WiethaseVerlag","description":"B\u00fccher - DVD - H\u00f6rb\u00fccher","publisher":{"@id":"https:\/\/verlag.wiethase.de\/#organization"},"potentialAction":[{"@type":"SearchAction","target":{"@type":"EntryPoint","urlTemplate":"https:\/\/verlag.wiethase.de\/?s={search_term_string}"},"query-input":{"@type":"PropertyValueSpecification","valueRequired":true,"valueName":"search_term_string"}}],"inLanguage":"de"},{"@type":"Organization","@id":"https:\/\/verlag.wiethase.de\/#organization","name":"Wiethase Verlag","url":"https:\/\/verlag.wiethase.de\/","logo":{"@type":"ImageObject","inLanguage":"de","@id":"https:\/\/verlag.wiethase.de\/#\/schema\/logo\/image\/","url":"https:\/\/verlag.wiethase.de\/wp-content\/uploads\/2022\/07\/logo-verlag.jpg","contentUrl":"https:\/\/verlag.wiethase.de\/wp-content\/uploads\/2022\/07\/logo-verlag.jpg","width":790,"height":514,"caption":"Wiethase Verlag"},"image":{"@id":"https:\/\/verlag.wiethase.de\/#\/schema\/logo\/image\/"},"sameAs":["https:\/\/www.facebook.com\/profile.php?id=100063974142366"]}]}},"_links":{"self":[{"href":"https:\/\/verlag.wiethase.de\/index.php?rest_route=\/wp\/v2\/pages\/59","targetHints":{"allow":["GET"]}}],"collection":[{"href":"https:\/\/verlag.wiethase.de\/index.php?rest_route=\/wp\/v2\/pages"}],"about":[{"href":"https:\/\/verlag.wiethase.de\/index.php?rest_route=\/wp\/v2\/types\/page"}],"author":[{"embeddable":true,"href":"https:\/\/verlag.wiethase.de\/index.php?rest_route=\/wp\/v2\/users\/1"}],"replies":[{"embeddable":true,"href":"https:\/\/verlag.wiethase.de\/index.php?rest_route=%2Fwp%2Fv2%2Fcomments&post=59"}],"version-history":[{"count":6,"href":"https:\/\/verlag.wiethase.de\/index.php?rest_route=\/wp\/v2\/pages\/59\/revisions"}],"predecessor-version":[{"id":823,"href":"https:\/\/verlag.wiethase.de\/index.php?rest_route=\/wp\/v2\/pages\/59\/revisions\/823"}],"up":[{"embeddable":true,"href":"https:\/\/verlag.wiethase.de\/index.php?rest_route=\/wp\/v2\/pages\/390"}],"wp:featuredmedia":[{"embeddable":true,"href":"https:\/\/verlag.wiethase.de\/index.php?rest_route=\/wp\/v2\/media\/123"}],"wp:attachment":[{"href":"https:\/\/verlag.wiethase.de\/index.php?rest_route=%2Fwp%2Fv2%2Fmedia&parent=59"}],"curies":[{"name":"wp","href":"https:\/\/api.w.org\/{rel}","templated":true}]}}