{"id":571,"date":"2019-05-21T11:57:29","date_gmt":"2019-05-21T11:57:29","guid":{"rendered":"https:\/\/verlag.wiethase.de\/?page_id=571"},"modified":"2019-05-23T18:53:00","modified_gmt":"2019-05-23T18:53:00","slug":"indien-fuer-foreigners-auslaender","status":"publish","type":"page","link":"https:\/\/verlag.wiethase.de\/?page_id=571","title":{"rendered":"Indien f\u00fcr Foreigners (Ausl\u00e4nder)"},"content":{"rendered":"\n<figure class=\"wp-block-image\"><img loading=\"lazy\" decoding=\"async\" width=\"725\" height=\"1024\" src=\"https:\/\/verlag.wiethase.de\/wp-content\/uploads\/2019\/05\/Foreigner-cover-725x1024.jpg\" alt=\"\" class=\"wp-image-572\" srcset=\"https:\/\/verlag.wiethase.de\/wp-content\/uploads\/2019\/05\/Foreigner-cover-725x1024.jpg 725w, https:\/\/verlag.wiethase.de\/wp-content\/uploads\/2019\/05\/Foreigner-cover-212x300.jpg 212w, https:\/\/verlag.wiethase.de\/wp-content\/uploads\/2019\/05\/Foreigner-cover-768x1084.jpg 768w, https:\/\/verlag.wiethase.de\/wp-content\/uploads\/2019\/05\/Foreigner-cover.jpg 1541w\" sizes=\"auto, (max-width: 725px) 100vw, 725px\" \/><\/figure>\n\n\n\n<p> Was ist ein Foreigner? Bedeutet dieser Begriff schlicht Ausl\u00e4nder, oder steckt da mehr dahinter?<br> Warum werden alte Menschen in Indien mehr geachtet als im Westen?<br> Wie steht es um die Korruption in der indischen Gesellschaft?<br> Warum sind die Lautsprecher bei Veranstaltungen jeder Art in Indien immer so unertr\u00e4glich laut aufgedreht?<br> Wie steht es \u00fcberhaupt und besonders 2017 mit der Kinderarbeit in Indien?<br> Diese und viele andere Fragen hat der seit 14 Jahren durch Indien reisende Autor Indern<br> gestellt und deren Antworten in dieses kleine Buch gesetzt, um dort Br\u00fccken der Verst\u00e4ndigung zu schlagen, wo diese fehlen.<br> Dass das auf pers\u00f6nlichen Erlebnissen und pers\u00f6nlichem Wissen verschiedener einzelner<br> Menschen basiert und dennoch nicht als allgemein g\u00fcltig bezeichnet werden kann, ist den Autoren bekannt, die trotzdem diesen Versuch nach bestem Wissen und Gewissen unternehmen.<br> Das H\u00f6rbuch wird vom Autor selbst gelesen und produziert. Die jeweiligen Musiken und<br> Atmosph\u00e4ren der einzelnen Kapitel, hat es w\u00e4hrend seiner Reisen aufgenommen. <\/p>\n\n\n\n<figure class=\"wp-block-audio\"><audio controls src=\"https:\/\/verlag.wiethase.de\/wp-content\/uploads\/2019\/05\/032-Das_verneinende_JA.mp3\"><\/audio><\/figure>\n\n\n\n<figure class=\"wp-block-image\"><img loading=\"lazy\" decoding=\"async\" width=\"726\" height=\"1024\" src=\"https:\/\/verlag.wiethase.de\/wp-content\/uploads\/2019\/05\/Foreigner-Einleger-726x1024.jpg\" alt=\"\" class=\"wp-image-573\" srcset=\"https:\/\/verlag.wiethase.de\/wp-content\/uploads\/2019\/05\/Foreigner-Einleger-726x1024.jpg 726w, https:\/\/verlag.wiethase.de\/wp-content\/uploads\/2019\/05\/Foreigner-Einleger-213x300.jpg 213w, https:\/\/verlag.wiethase.de\/wp-content\/uploads\/2019\/05\/Foreigner-Einleger-768x1083.jpg 768w, https:\/\/verlag.wiethase.de\/wp-content\/uploads\/2019\/05\/Foreigner-Einleger.jpg 1539w\" sizes=\"auto, (max-width: 726px) 100vw, 726px\" \/><\/figure>\n\n\n\n<p>Das H\u00f6rbuch wird als MP 3-CD in einer DVD-H\u00fclle geliefert.  Die gesamte Laufzeit der 43 Kapitel betr\u00e4gt 4 Stunden und 5 Minuten<br>ISBN: 978393763247-6 f\u00fcr \u20ac 14,90<\/p>\n","protected":false},"excerpt":{"rendered":"<p>Was ist ein Foreigner? Bedeutet dieser Begriff schlicht Ausl\u00e4nder, oder steckt da mehr dahinter? Warum werden alte Menschen in Indien mehr geachtet als im Westen? Wie steht es um die Korruption in der indischen Gesellschaft? Warum sind die Lautsprecher bei &hellip; <a href=\"https:\/\/verlag.wiethase.de\/?page_id=571\">Weiterlesen <span class=\"meta-nav\">&rarr;<\/span><\/a><\/p>\n","protected":false},"author":1,"featured_media":0,"parent":561,"menu_order":0,"comment_status":"closed","ping_status":"closed","template":"","meta":{"_monsterinsights_skip_tracking":false,"_monsterinsights_sitenote_active":false,"_monsterinsights_sitenote_note":"","_monsterinsights_sitenote_category":0,"footnotes":""},"class_list":["post-571","page","type-page","status-publish","hentry"],"yoast_head":"<!-- This site is optimized with the Yoast SEO plugin v27.4 - https:\/\/yoast.com\/product\/yoast-seo-wordpress\/ -->\n<title>Indien f\u00fcr Foreigners (Ausl\u00e4nder) - WiethaseVerlag<\/title>\n<meta name=\"robots\" content=\"index, follow, max-snippet:-1, max-image-preview:large, max-video-preview:-1\" \/>\n<link rel=\"canonical\" href=\"https:\/\/verlag.wiethase.de\/?page_id=571\" \/>\n<meta property=\"og:locale\" content=\"de_DE\" \/>\n<meta property=\"og:type\" content=\"article\" \/>\n<meta property=\"og:title\" content=\"Indien f\u00fcr Foreigners (Ausl\u00e4nder) - WiethaseVerlag\" \/>\n<meta property=\"og:description\" content=\"Was ist ein Foreigner? Bedeutet dieser Begriff schlicht Ausl\u00e4nder, oder steckt da mehr dahinter? Warum werden alte Menschen in Indien mehr geachtet als im Westen? Wie steht es um die Korruption in der indischen Gesellschaft? Warum sind die Lautsprecher bei &hellip; Weiterlesen &rarr;\" \/>\n<meta property=\"og:url\" content=\"https:\/\/verlag.wiethase.de\/?page_id=571\" \/>\n<meta property=\"og:site_name\" content=\"WiethaseVerlag\" \/>\n<meta property=\"article:publisher\" content=\"https:\/\/www.facebook.com\/profile.php?id=100063974142366\" \/>\n<meta property=\"article:modified_time\" content=\"2019-05-23T18:53:00+00:00\" \/>\n<meta property=\"og:image\" content=\"https:\/\/verlag.wiethase.de\/wp-content\/uploads\/2019\/05\/Foreigner-cover-725x1024.jpg\" \/>\n<meta name=\"twitter:card\" content=\"summary_large_image\" \/>\n<meta name=\"twitter:label1\" content=\"Gesch\u00e4tzte Lesezeit\" \/>\n\t<meta name=\"twitter:data1\" content=\"1\u00a0Minute\" \/>\n<script type=\"application\/ld+json\" class=\"yoast-schema-graph\">{\"@context\":\"https:\\\/\\\/schema.org\",\"@graph\":[{\"@type\":\"WebPage\",\"@id\":\"https:\\\/\\\/verlag.wiethase.de\\\/?page_id=571\",\"url\":\"https:\\\/\\\/verlag.wiethase.de\\\/?page_id=571\",\"name\":\"Indien f\u00fcr Foreigners (Ausl\u00e4nder) - WiethaseVerlag\",\"isPartOf\":{\"@id\":\"https:\\\/\\\/verlag.wiethase.de\\\/#website\"},\"primaryImageOfPage\":{\"@id\":\"https:\\\/\\\/verlag.wiethase.de\\\/?page_id=571#primaryimage\"},\"image\":{\"@id\":\"https:\\\/\\\/verlag.wiethase.de\\\/?page_id=571#primaryimage\"},\"thumbnailUrl\":\"https:\\\/\\\/verlag.wiethase.de\\\/wp-content\\\/uploads\\\/2019\\\/05\\\/Foreigner-cover-725x1024.jpg\",\"datePublished\":\"2019-05-21T11:57:29+00:00\",\"dateModified\":\"2019-05-23T18:53:00+00:00\",\"breadcrumb\":{\"@id\":\"https:\\\/\\\/verlag.wiethase.de\\\/?page_id=571#breadcrumb\"},\"inLanguage\":\"de\",\"potentialAction\":[{\"@type\":\"ReadAction\",\"target\":[\"https:\\\/\\\/verlag.wiethase.de\\\/?page_id=571\"]}]},{\"@type\":\"ImageObject\",\"inLanguage\":\"de\",\"@id\":\"https:\\\/\\\/verlag.wiethase.de\\\/?page_id=571#primaryimage\",\"url\":\"https:\\\/\\\/verlag.wiethase.de\\\/wp-content\\\/uploads\\\/2019\\\/05\\\/Foreigner-cover.jpg\",\"contentUrl\":\"https:\\\/\\\/verlag.wiethase.de\\\/wp-content\\\/uploads\\\/2019\\\/05\\\/Foreigner-cover.jpg\",\"width\":1541,\"height\":2176},{\"@type\":\"BreadcrumbList\",\"@id\":\"https:\\\/\\\/verlag.wiethase.de\\\/?page_id=571#breadcrumb\",\"itemListElement\":[{\"@type\":\"ListItem\",\"position\":1,\"name\":\"Startseite\",\"item\":\"https:\\\/\\\/verlag.wiethase.de\\\/\"},{\"@type\":\"ListItem\",\"position\":2,\"name\":\"H\u00f6rb\u00fccher &#8211; Audiobooks\",\"item\":\"https:\\\/\\\/verlag.wiethase.de\\\/?page_id=561\"},{\"@type\":\"ListItem\",\"position\":3,\"name\":\"Indien f\u00fcr Foreigners (Ausl\u00e4nder)\"}]},{\"@type\":\"WebSite\",\"@id\":\"https:\\\/\\\/verlag.wiethase.de\\\/#website\",\"url\":\"https:\\\/\\\/verlag.wiethase.de\\\/\",\"name\":\"WiethaseVerlag\",\"description\":\"B\u00fccher - DVD - H\u00f6rb\u00fccher\",\"publisher\":{\"@id\":\"https:\\\/\\\/verlag.wiethase.de\\\/#organization\"},\"potentialAction\":[{\"@type\":\"SearchAction\",\"target\":{\"@type\":\"EntryPoint\",\"urlTemplate\":\"https:\\\/\\\/verlag.wiethase.de\\\/?s={search_term_string}\"},\"query-input\":{\"@type\":\"PropertyValueSpecification\",\"valueRequired\":true,\"valueName\":\"search_term_string\"}}],\"inLanguage\":\"de\"},{\"@type\":\"Organization\",\"@id\":\"https:\\\/\\\/verlag.wiethase.de\\\/#organization\",\"name\":\"Wiethase Verlag\",\"url\":\"https:\\\/\\\/verlag.wiethase.de\\\/\",\"logo\":{\"@type\":\"ImageObject\",\"inLanguage\":\"de\",\"@id\":\"https:\\\/\\\/verlag.wiethase.de\\\/#\\\/schema\\\/logo\\\/image\\\/\",\"url\":\"https:\\\/\\\/verlag.wiethase.de\\\/wp-content\\\/uploads\\\/2022\\\/07\\\/logo-verlag.jpg\",\"contentUrl\":\"https:\\\/\\\/verlag.wiethase.de\\\/wp-content\\\/uploads\\\/2022\\\/07\\\/logo-verlag.jpg\",\"width\":790,\"height\":514,\"caption\":\"Wiethase Verlag\"},\"image\":{\"@id\":\"https:\\\/\\\/verlag.wiethase.de\\\/#\\\/schema\\\/logo\\\/image\\\/\"},\"sameAs\":[\"https:\\\/\\\/www.facebook.com\\\/profile.php?id=100063974142366\"]}]}<\/script>\n<!-- \/ Yoast SEO plugin. -->","yoast_head_json":{"title":"Indien f\u00fcr Foreigners (Ausl\u00e4nder) - WiethaseVerlag","robots":{"index":"index","follow":"follow","max-snippet":"max-snippet:-1","max-image-preview":"max-image-preview:large","max-video-preview":"max-video-preview:-1"},"canonical":"https:\/\/verlag.wiethase.de\/?page_id=571","og_locale":"de_DE","og_type":"article","og_title":"Indien f\u00fcr Foreigners (Ausl\u00e4nder) - WiethaseVerlag","og_description":"Was ist ein Foreigner? Bedeutet dieser Begriff schlicht Ausl\u00e4nder, oder steckt da mehr dahinter? Warum werden alte Menschen in Indien mehr geachtet als im Westen? Wie steht es um die Korruption in der indischen Gesellschaft? Warum sind die Lautsprecher bei &hellip; Weiterlesen &rarr;","og_url":"https:\/\/verlag.wiethase.de\/?page_id=571","og_site_name":"WiethaseVerlag","article_publisher":"https:\/\/www.facebook.com\/profile.php?id=100063974142366","article_modified_time":"2019-05-23T18:53:00+00:00","og_image":[{"url":"https:\/\/verlag.wiethase.de\/wp-content\/uploads\/2019\/05\/Foreigner-cover-725x1024.jpg","type":"","width":"","height":""}],"twitter_card":"summary_large_image","twitter_misc":{"Gesch\u00e4tzte Lesezeit":"1\u00a0Minute"},"schema":{"@context":"https:\/\/schema.org","@graph":[{"@type":"WebPage","@id":"https:\/\/verlag.wiethase.de\/?page_id=571","url":"https:\/\/verlag.wiethase.de\/?page_id=571","name":"Indien f\u00fcr Foreigners (Ausl\u00e4nder) - WiethaseVerlag","isPartOf":{"@id":"https:\/\/verlag.wiethase.de\/#website"},"primaryImageOfPage":{"@id":"https:\/\/verlag.wiethase.de\/?page_id=571#primaryimage"},"image":{"@id":"https:\/\/verlag.wiethase.de\/?page_id=571#primaryimage"},"thumbnailUrl":"https:\/\/verlag.wiethase.de\/wp-content\/uploads\/2019\/05\/Foreigner-cover-725x1024.jpg","datePublished":"2019-05-21T11:57:29+00:00","dateModified":"2019-05-23T18:53:00+00:00","breadcrumb":{"@id":"https:\/\/verlag.wiethase.de\/?page_id=571#breadcrumb"},"inLanguage":"de","potentialAction":[{"@type":"ReadAction","target":["https:\/\/verlag.wiethase.de\/?page_id=571"]}]},{"@type":"ImageObject","inLanguage":"de","@id":"https:\/\/verlag.wiethase.de\/?page_id=571#primaryimage","url":"https:\/\/verlag.wiethase.de\/wp-content\/uploads\/2019\/05\/Foreigner-cover.jpg","contentUrl":"https:\/\/verlag.wiethase.de\/wp-content\/uploads\/2019\/05\/Foreigner-cover.jpg","width":1541,"height":2176},{"@type":"BreadcrumbList","@id":"https:\/\/verlag.wiethase.de\/?page_id=571#breadcrumb","itemListElement":[{"@type":"ListItem","position":1,"name":"Startseite","item":"https:\/\/verlag.wiethase.de\/"},{"@type":"ListItem","position":2,"name":"H\u00f6rb\u00fccher &#8211; Audiobooks","item":"https:\/\/verlag.wiethase.de\/?page_id=561"},{"@type":"ListItem","position":3,"name":"Indien f\u00fcr Foreigners (Ausl\u00e4nder)"}]},{"@type":"WebSite","@id":"https:\/\/verlag.wiethase.de\/#website","url":"https:\/\/verlag.wiethase.de\/","name":"WiethaseVerlag","description":"B\u00fccher - DVD - H\u00f6rb\u00fccher","publisher":{"@id":"https:\/\/verlag.wiethase.de\/#organization"},"potentialAction":[{"@type":"SearchAction","target":{"@type":"EntryPoint","urlTemplate":"https:\/\/verlag.wiethase.de\/?s={search_term_string}"},"query-input":{"@type":"PropertyValueSpecification","valueRequired":true,"valueName":"search_term_string"}}],"inLanguage":"de"},{"@type":"Organization","@id":"https:\/\/verlag.wiethase.de\/#organization","name":"Wiethase Verlag","url":"https:\/\/verlag.wiethase.de\/","logo":{"@type":"ImageObject","inLanguage":"de","@id":"https:\/\/verlag.wiethase.de\/#\/schema\/logo\/image\/","url":"https:\/\/verlag.wiethase.de\/wp-content\/uploads\/2022\/07\/logo-verlag.jpg","contentUrl":"https:\/\/verlag.wiethase.de\/wp-content\/uploads\/2022\/07\/logo-verlag.jpg","width":790,"height":514,"caption":"Wiethase Verlag"},"image":{"@id":"https:\/\/verlag.wiethase.de\/#\/schema\/logo\/image\/"},"sameAs":["https:\/\/www.facebook.com\/profile.php?id=100063974142366"]}]}},"_links":{"self":[{"href":"https:\/\/verlag.wiethase.de\/index.php?rest_route=\/wp\/v2\/pages\/571","targetHints":{"allow":["GET"]}}],"collection":[{"href":"https:\/\/verlag.wiethase.de\/index.php?rest_route=\/wp\/v2\/pages"}],"about":[{"href":"https:\/\/verlag.wiethase.de\/index.php?rest_route=\/wp\/v2\/types\/page"}],"author":[{"embeddable":true,"href":"https:\/\/verlag.wiethase.de\/index.php?rest_route=\/wp\/v2\/users\/1"}],"replies":[{"embeddable":true,"href":"https:\/\/verlag.wiethase.de\/index.php?rest_route=%2Fwp%2Fv2%2Fcomments&post=571"}],"version-history":[{"count":4,"href":"https:\/\/verlag.wiethase.de\/index.php?rest_route=\/wp\/v2\/pages\/571\/revisions"}],"predecessor-version":[{"id":582,"href":"https:\/\/verlag.wiethase.de\/index.php?rest_route=\/wp\/v2\/pages\/571\/revisions\/582"}],"up":[{"embeddable":true,"href":"https:\/\/verlag.wiethase.de\/index.php?rest_route=\/wp\/v2\/pages\/561"}],"wp:attachment":[{"href":"https:\/\/verlag.wiethase.de\/index.php?rest_route=%2Fwp%2Fv2%2Fmedia&parent=571"}],"curies":[{"name":"wp","href":"https:\/\/api.w.org\/{rel}","templated":true}]}}