{"id":558,"date":"2019-05-21T11:19:51","date_gmt":"2019-05-21T11:19:51","guid":{"rendered":"https:\/\/verlag.wiethase.de\/?page_id=558"},"modified":"2019-05-23T18:50:25","modified_gmt":"2019-05-23T18:50:25","slug":"panchatantra-perlen-indischer-lebensweisheit","status":"publish","type":"page","link":"https:\/\/verlag.wiethase.de\/?page_id=558","title":{"rendered":"Panchatantra &#8211; Perlen indischer Lebensweisheit"},"content":{"rendered":"\n<p>\nDas\nPancatantra diente im indo-persischen Kulturgebiet der Erziehung der\nPrinzen. Durch seine erz\u00e4hlerische Struktur regt es den Leser an,\nsich emotional zu beteiligen und einen unbewusst vorgegebenen\nWertekanon zu erkennen. \n<\/p>\n\n\n\n<figure class=\"wp-block-image\"><img loading=\"lazy\" decoding=\"async\" width=\"724\" height=\"1024\" src=\"https:\/\/verlag.wiethase.de\/wp-content\/uploads\/2019\/05\/Panchatantra-cover-724x1024.jpg\" alt=\"\" class=\"wp-image-556\" srcset=\"https:\/\/verlag.wiethase.de\/wp-content\/uploads\/2019\/05\/Panchatantra-cover-724x1024.jpg 724w, https:\/\/verlag.wiethase.de\/wp-content\/uploads\/2019\/05\/Panchatantra-cover-212x300.jpg 212w, https:\/\/verlag.wiethase.de\/wp-content\/uploads\/2019\/05\/Panchatantra-cover-768x1086.jpg 768w, https:\/\/verlag.wiethase.de\/wp-content\/uploads\/2019\/05\/Panchatantra-cover.jpg 1545w\" sizes=\"auto, (max-width: 724px) 100vw, 724px\" \/><\/figure>\n\n\n\n<figure class=\"wp-block-audio\"><audio controls src=\"https:\/\/verlag.wiethase.de\/wp-content\/uploads\/2019\/05\/44-Der-Bu\u0308\u00dfer-und-der-Falke.mp3\"><\/audio><\/figure>\n\n\n\n<p>Bereits zwischen dem zweiten Jahrhundert vor bis dem zweiten Jahrhundert nach Chr. entstand in Nordindien ein Werk, die Manusmriti (\u201eGesetze des Manu\u201c), das die Moral aus der Sicht der Brahmanen beschreibt und als Leitfaden f\u00fcr hinduistische Herrscher und Politiker, sowie Vorschriften zum Dharma (\u201erichtiges\u201c Verhalten) verfasst wurde. Im Gegensatz zu diesem, recht trockenen und an den Hinduismus gebundenen Werk, ist das Pancatantra ein religions\u00fcbergreifendes, beinahe weltliches moralisches Werk. Das erkl\u00e4rt auch seine intensive Verbreitung in allen Religionen und und sp\u00e4ter auch in islamischen Kulturkreisen, wobei Werke wie das Manusmriti und andere vedische Schriften rein indische Angelegenheiten blieben.<\/p>\n\n\n\n<figure class=\"wp-block-image\"><img loading=\"lazy\" decoding=\"async\" width=\"708\" height=\"1024\" src=\"https:\/\/verlag.wiethase.de\/wp-content\/uploads\/2019\/05\/Panchatantra-inhalt-708x1024.jpg\" alt=\"\" class=\"wp-image-557\" srcset=\"https:\/\/verlag.wiethase.de\/wp-content\/uploads\/2019\/05\/Panchatantra-inhalt-708x1024.jpg 708w, https:\/\/verlag.wiethase.de\/wp-content\/uploads\/2019\/05\/Panchatantra-inhalt-207x300.jpg 207w, https:\/\/verlag.wiethase.de\/wp-content\/uploads\/2019\/05\/Panchatantra-inhalt-768x1111.jpg 768w, https:\/\/verlag.wiethase.de\/wp-content\/uploads\/2019\/05\/Panchatantra-inhalt.jpg 1509w\" sizes=\"auto, (max-width: 708px) 100vw, 708px\" \/><\/figure>\n\n\n\n<p>Das H\u00f6rbuch ist gesprochen und produziert von Hendrik Wiethase<\/p>\n\n\n\n<p>Die MP 3 Dateien des H\u00f6rbuchs umfassen etwa 1,07 GB und sind deshalb in der H\u00fclle auf einer Mini-SD Karte mit Sd-Adapter vorhanden. So kann man das H\u00f6rbuch auch auf SD Kartenspielger\u00e4ten, dem Computer, Laptop, sowie (nach der \u00dcbertragung auf ein Tablet oder I-pad) einem Pad oder Tablet anh\u00f6ren. Das H\u00f6rbuch <strong>mit 66 Kapiteln<\/strong> hat eine <strong>Gesamtdauer<\/strong> von 591 Minuten <strong>(9 Stunden und 51 Minuten)<\/strong> <\/p>\n\n\n\n<p>ISBN: 978393763243-8 eine DVD H\u00fclle mit SD\/micro-SD-Karte f\u00fcr \u20ac 19,90<\/p>\n\n\n\n<p><\/p>\n","protected":false},"excerpt":{"rendered":"<p>Das Pancatantra diente im indo-persischen Kulturgebiet der Erziehung der Prinzen. Durch seine erz\u00e4hlerische Struktur regt es den Leser an, sich emotional zu beteiligen und einen unbewusst vorgegebenen Wertekanon zu erkennen. Bereits zwischen dem zweiten Jahrhundert vor bis dem zweiten Jahrhundert &hellip; <a href=\"https:\/\/verlag.wiethase.de\/?page_id=558\">Weiterlesen <span class=\"meta-nav\">&rarr;<\/span><\/a><\/p>\n","protected":false},"author":1,"featured_media":0,"parent":561,"menu_order":0,"comment_status":"closed","ping_status":"closed","template":"","meta":{"_monsterinsights_skip_tracking":false,"_monsterinsights_sitenote_active":false,"_monsterinsights_sitenote_note":"","_monsterinsights_sitenote_category":0,"footnotes":""},"class_list":["post-558","page","type-page","status-publish","hentry"],"yoast_head":"<!-- This site is optimized with the Yoast SEO plugin v27.4 - https:\/\/yoast.com\/product\/yoast-seo-wordpress\/ -->\n<title>Panchatantra - Perlen indischer Lebensweisheit - WiethaseVerlag<\/title>\n<meta name=\"robots\" content=\"index, follow, max-snippet:-1, max-image-preview:large, max-video-preview:-1\" \/>\n<link rel=\"canonical\" href=\"https:\/\/verlag.wiethase.de\/?page_id=558\" \/>\n<meta property=\"og:locale\" content=\"de_DE\" \/>\n<meta property=\"og:type\" content=\"article\" \/>\n<meta property=\"og:title\" content=\"Panchatantra - Perlen indischer Lebensweisheit - WiethaseVerlag\" \/>\n<meta property=\"og:description\" content=\"Das Pancatantra diente im indo-persischen Kulturgebiet der Erziehung der Prinzen. Durch seine erz\u00e4hlerische Struktur regt es den Leser an, sich emotional zu beteiligen und einen unbewusst vorgegebenen Wertekanon zu erkennen. Bereits zwischen dem zweiten Jahrhundert vor bis dem zweiten Jahrhundert &hellip; Weiterlesen &rarr;\" \/>\n<meta property=\"og:url\" content=\"https:\/\/verlag.wiethase.de\/?page_id=558\" \/>\n<meta property=\"og:site_name\" content=\"WiethaseVerlag\" \/>\n<meta property=\"article:publisher\" content=\"https:\/\/www.facebook.com\/profile.php?id=100063974142366\" \/>\n<meta property=\"article:modified_time\" content=\"2019-05-23T18:50:25+00:00\" \/>\n<meta property=\"og:image\" content=\"https:\/\/verlag.wiethase.de\/wp-content\/uploads\/2019\/05\/Panchatantra-cover-724x1024.jpg\" \/>\n<meta name=\"twitter:card\" content=\"summary_large_image\" \/>\n<meta name=\"twitter:label1\" content=\"Gesch\u00e4tzte Lesezeit\" \/>\n\t<meta name=\"twitter:data1\" content=\"1\u00a0Minute\" \/>\n<script type=\"application\/ld+json\" class=\"yoast-schema-graph\">{\"@context\":\"https:\\\/\\\/schema.org\",\"@graph\":[{\"@type\":\"WebPage\",\"@id\":\"https:\\\/\\\/verlag.wiethase.de\\\/?page_id=558\",\"url\":\"https:\\\/\\\/verlag.wiethase.de\\\/?page_id=558\",\"name\":\"Panchatantra - Perlen indischer Lebensweisheit - WiethaseVerlag\",\"isPartOf\":{\"@id\":\"https:\\\/\\\/verlag.wiethase.de\\\/#website\"},\"primaryImageOfPage\":{\"@id\":\"https:\\\/\\\/verlag.wiethase.de\\\/?page_id=558#primaryimage\"},\"image\":{\"@id\":\"https:\\\/\\\/verlag.wiethase.de\\\/?page_id=558#primaryimage\"},\"thumbnailUrl\":\"https:\\\/\\\/verlag.wiethase.de\\\/wp-content\\\/uploads\\\/2019\\\/05\\\/Panchatantra-cover-724x1024.jpg\",\"datePublished\":\"2019-05-21T11:19:51+00:00\",\"dateModified\":\"2019-05-23T18:50:25+00:00\",\"breadcrumb\":{\"@id\":\"https:\\\/\\\/verlag.wiethase.de\\\/?page_id=558#breadcrumb\"},\"inLanguage\":\"de\",\"potentialAction\":[{\"@type\":\"ReadAction\",\"target\":[\"https:\\\/\\\/verlag.wiethase.de\\\/?page_id=558\"]}]},{\"@type\":\"ImageObject\",\"inLanguage\":\"de\",\"@id\":\"https:\\\/\\\/verlag.wiethase.de\\\/?page_id=558#primaryimage\",\"url\":\"https:\\\/\\\/verlag.wiethase.de\\\/wp-content\\\/uploads\\\/2019\\\/05\\\/Panchatantra-cover.jpg\",\"contentUrl\":\"https:\\\/\\\/verlag.wiethase.de\\\/wp-content\\\/uploads\\\/2019\\\/05\\\/Panchatantra-cover.jpg\",\"width\":1545,\"height\":2184},{\"@type\":\"BreadcrumbList\",\"@id\":\"https:\\\/\\\/verlag.wiethase.de\\\/?page_id=558#breadcrumb\",\"itemListElement\":[{\"@type\":\"ListItem\",\"position\":1,\"name\":\"Startseite\",\"item\":\"https:\\\/\\\/verlag.wiethase.de\\\/\"},{\"@type\":\"ListItem\",\"position\":2,\"name\":\"H\u00f6rb\u00fccher &#8211; Audiobooks\",\"item\":\"https:\\\/\\\/verlag.wiethase.de\\\/?page_id=561\"},{\"@type\":\"ListItem\",\"position\":3,\"name\":\"Panchatantra &#8211; Perlen indischer Lebensweisheit\"}]},{\"@type\":\"WebSite\",\"@id\":\"https:\\\/\\\/verlag.wiethase.de\\\/#website\",\"url\":\"https:\\\/\\\/verlag.wiethase.de\\\/\",\"name\":\"WiethaseVerlag\",\"description\":\"B\u00fccher - DVD - H\u00f6rb\u00fccher\",\"publisher\":{\"@id\":\"https:\\\/\\\/verlag.wiethase.de\\\/#organization\"},\"potentialAction\":[{\"@type\":\"SearchAction\",\"target\":{\"@type\":\"EntryPoint\",\"urlTemplate\":\"https:\\\/\\\/verlag.wiethase.de\\\/?s={search_term_string}\"},\"query-input\":{\"@type\":\"PropertyValueSpecification\",\"valueRequired\":true,\"valueName\":\"search_term_string\"}}],\"inLanguage\":\"de\"},{\"@type\":\"Organization\",\"@id\":\"https:\\\/\\\/verlag.wiethase.de\\\/#organization\",\"name\":\"Wiethase Verlag\",\"url\":\"https:\\\/\\\/verlag.wiethase.de\\\/\",\"logo\":{\"@type\":\"ImageObject\",\"inLanguage\":\"de\",\"@id\":\"https:\\\/\\\/verlag.wiethase.de\\\/#\\\/schema\\\/logo\\\/image\\\/\",\"url\":\"https:\\\/\\\/verlag.wiethase.de\\\/wp-content\\\/uploads\\\/2022\\\/07\\\/logo-verlag.jpg\",\"contentUrl\":\"https:\\\/\\\/verlag.wiethase.de\\\/wp-content\\\/uploads\\\/2022\\\/07\\\/logo-verlag.jpg\",\"width\":790,\"height\":514,\"caption\":\"Wiethase Verlag\"},\"image\":{\"@id\":\"https:\\\/\\\/verlag.wiethase.de\\\/#\\\/schema\\\/logo\\\/image\\\/\"},\"sameAs\":[\"https:\\\/\\\/www.facebook.com\\\/profile.php?id=100063974142366\"]}]}<\/script>\n<!-- \/ Yoast SEO plugin. -->","yoast_head_json":{"title":"Panchatantra - Perlen indischer Lebensweisheit - WiethaseVerlag","robots":{"index":"index","follow":"follow","max-snippet":"max-snippet:-1","max-image-preview":"max-image-preview:large","max-video-preview":"max-video-preview:-1"},"canonical":"https:\/\/verlag.wiethase.de\/?page_id=558","og_locale":"de_DE","og_type":"article","og_title":"Panchatantra - Perlen indischer Lebensweisheit - WiethaseVerlag","og_description":"Das Pancatantra diente im indo-persischen Kulturgebiet der Erziehung der Prinzen. Durch seine erz\u00e4hlerische Struktur regt es den Leser an, sich emotional zu beteiligen und einen unbewusst vorgegebenen Wertekanon zu erkennen. Bereits zwischen dem zweiten Jahrhundert vor bis dem zweiten Jahrhundert &hellip; Weiterlesen &rarr;","og_url":"https:\/\/verlag.wiethase.de\/?page_id=558","og_site_name":"WiethaseVerlag","article_publisher":"https:\/\/www.facebook.com\/profile.php?id=100063974142366","article_modified_time":"2019-05-23T18:50:25+00:00","og_image":[{"url":"https:\/\/verlag.wiethase.de\/wp-content\/uploads\/2019\/05\/Panchatantra-cover-724x1024.jpg","type":"","width":"","height":""}],"twitter_card":"summary_large_image","twitter_misc":{"Gesch\u00e4tzte Lesezeit":"1\u00a0Minute"},"schema":{"@context":"https:\/\/schema.org","@graph":[{"@type":"WebPage","@id":"https:\/\/verlag.wiethase.de\/?page_id=558","url":"https:\/\/verlag.wiethase.de\/?page_id=558","name":"Panchatantra - Perlen indischer Lebensweisheit - WiethaseVerlag","isPartOf":{"@id":"https:\/\/verlag.wiethase.de\/#website"},"primaryImageOfPage":{"@id":"https:\/\/verlag.wiethase.de\/?page_id=558#primaryimage"},"image":{"@id":"https:\/\/verlag.wiethase.de\/?page_id=558#primaryimage"},"thumbnailUrl":"https:\/\/verlag.wiethase.de\/wp-content\/uploads\/2019\/05\/Panchatantra-cover-724x1024.jpg","datePublished":"2019-05-21T11:19:51+00:00","dateModified":"2019-05-23T18:50:25+00:00","breadcrumb":{"@id":"https:\/\/verlag.wiethase.de\/?page_id=558#breadcrumb"},"inLanguage":"de","potentialAction":[{"@type":"ReadAction","target":["https:\/\/verlag.wiethase.de\/?page_id=558"]}]},{"@type":"ImageObject","inLanguage":"de","@id":"https:\/\/verlag.wiethase.de\/?page_id=558#primaryimage","url":"https:\/\/verlag.wiethase.de\/wp-content\/uploads\/2019\/05\/Panchatantra-cover.jpg","contentUrl":"https:\/\/verlag.wiethase.de\/wp-content\/uploads\/2019\/05\/Panchatantra-cover.jpg","width":1545,"height":2184},{"@type":"BreadcrumbList","@id":"https:\/\/verlag.wiethase.de\/?page_id=558#breadcrumb","itemListElement":[{"@type":"ListItem","position":1,"name":"Startseite","item":"https:\/\/verlag.wiethase.de\/"},{"@type":"ListItem","position":2,"name":"H\u00f6rb\u00fccher &#8211; Audiobooks","item":"https:\/\/verlag.wiethase.de\/?page_id=561"},{"@type":"ListItem","position":3,"name":"Panchatantra &#8211; Perlen indischer Lebensweisheit"}]},{"@type":"WebSite","@id":"https:\/\/verlag.wiethase.de\/#website","url":"https:\/\/verlag.wiethase.de\/","name":"WiethaseVerlag","description":"B\u00fccher - DVD - H\u00f6rb\u00fccher","publisher":{"@id":"https:\/\/verlag.wiethase.de\/#organization"},"potentialAction":[{"@type":"SearchAction","target":{"@type":"EntryPoint","urlTemplate":"https:\/\/verlag.wiethase.de\/?s={search_term_string}"},"query-input":{"@type":"PropertyValueSpecification","valueRequired":true,"valueName":"search_term_string"}}],"inLanguage":"de"},{"@type":"Organization","@id":"https:\/\/verlag.wiethase.de\/#organization","name":"Wiethase Verlag","url":"https:\/\/verlag.wiethase.de\/","logo":{"@type":"ImageObject","inLanguage":"de","@id":"https:\/\/verlag.wiethase.de\/#\/schema\/logo\/image\/","url":"https:\/\/verlag.wiethase.de\/wp-content\/uploads\/2022\/07\/logo-verlag.jpg","contentUrl":"https:\/\/verlag.wiethase.de\/wp-content\/uploads\/2022\/07\/logo-verlag.jpg","width":790,"height":514,"caption":"Wiethase Verlag"},"image":{"@id":"https:\/\/verlag.wiethase.de\/#\/schema\/logo\/image\/"},"sameAs":["https:\/\/www.facebook.com\/profile.php?id=100063974142366"]}]}},"_links":{"self":[{"href":"https:\/\/verlag.wiethase.de\/index.php?rest_route=\/wp\/v2\/pages\/558","targetHints":{"allow":["GET"]}}],"collection":[{"href":"https:\/\/verlag.wiethase.de\/index.php?rest_route=\/wp\/v2\/pages"}],"about":[{"href":"https:\/\/verlag.wiethase.de\/index.php?rest_route=\/wp\/v2\/types\/page"}],"author":[{"embeddable":true,"href":"https:\/\/verlag.wiethase.de\/index.php?rest_route=\/wp\/v2\/users\/1"}],"replies":[{"embeddable":true,"href":"https:\/\/verlag.wiethase.de\/index.php?rest_route=%2Fwp%2Fv2%2Fcomments&post=558"}],"version-history":[{"count":4,"href":"https:\/\/verlag.wiethase.de\/index.php?rest_route=\/wp\/v2\/pages\/558\/revisions"}],"predecessor-version":[{"id":581,"href":"https:\/\/verlag.wiethase.de\/index.php?rest_route=\/wp\/v2\/pages\/558\/revisions\/581"}],"up":[{"embeddable":true,"href":"https:\/\/verlag.wiethase.de\/index.php?rest_route=\/wp\/v2\/pages\/561"}],"wp:attachment":[{"href":"https:\/\/verlag.wiethase.de\/index.php?rest_route=%2Fwp%2Fv2%2Fmedia&parent=558"}],"curies":[{"name":"wp","href":"https:\/\/api.w.org\/{rel}","templated":true}]}}