{"id":542,"date":"2019-05-07T10:50:28","date_gmt":"2019-05-07T10:50:28","guid":{"rendered":"https:\/\/verlag.wiethase.de\/?page_id=542"},"modified":"2022-02-19T22:20:31","modified_gmt":"2022-02-19T22:20:31","slug":"pfeile-und-bogen-des-indischen-subkontinents","status":"publish","type":"page","link":"https:\/\/verlag.wiethase.de\/?page_id=542","title":{"rendered":"Pfeile und Bogen des indischen Subkontinents"},"content":{"rendered":"\n<figure class=\"wp-block-image\"><img loading=\"lazy\" decoding=\"async\" width=\"724\" height=\"1024\" src=\"https:\/\/verlag.wiethase.de\/wp-content\/uploads\/2019\/05\/cover-Indischer-Subk-724x1024.jpg\" alt=\"\" class=\"wp-image-535\" srcset=\"https:\/\/verlag.wiethase.de\/wp-content\/uploads\/2019\/05\/cover-Indischer-Subk-724x1024.jpg 724w, https:\/\/verlag.wiethase.de\/wp-content\/uploads\/2019\/05\/cover-Indischer-Subk-212x300.jpg 212w, https:\/\/verlag.wiethase.de\/wp-content\/uploads\/2019\/05\/cover-Indischer-Subk-768x1086.jpg 768w\" sizes=\"auto, (max-width: 724px) 100vw, 724px\" \/><\/figure>\n\n\n\n<p>Vorwort <\/p>\n\n\n\n<p>\u201eIndien \u2013 Lockende Ferne\u201c betitelte der \u00f6sterreichische Reiseschriftsteller Max\nReisch den Bericht seiner 1933 unternommenen Motorradreise, die ihn von Wien\nnach Lahore, Delhi, Bombay und zur\u00fcck f\u00fchrte. Wie der junge Geographiestu-\ndent sind unz\u00e4hlige andere \u201eWestler\u201c vor und nach ihm der Faszination des rie-\nsigen Subkontinents am anderen Ende der Welt erlegen, wollten ihn wahlweise\nerforschen und verstehen oder erobern \u2013 weder das eine noch das andere ist jemals\nganz gelungen!\n<\/p>\n\n\n\n<p><em>Geheimnisvoll, r\u00e4tselhaft, widerspr\u00fcchlich, unergr\u00fcndlich <\/em>sind Adjektive, die\nimmer wieder verwendet werden, um Indien zu charakterisieren. In den vielen Tau-\nsend Jahren seiner Geschichte, von den ersten Hochkulturen bis heute, war Indien\nstets mehr als ein Land oder ein Staat: Ein gewaltiger, nahezu un\u00fcberschaubarer\nMischtiegel von V\u00f6lkern, Kulturen, Sprachen, Religionen und Br\u00e4uchen, die auf\nwestliche Besucher je nach Einstellung befremdlich, absto\u00dfend, faszinierend oder\nauch bedrohlich wirken mochten.\n<\/p>\n\n\n\n<p>So vielf\u00e4ltig wie seine Kulturen sind auch die Traditionen des Bogenschie\u00dfens auf\ndem indischen Subkontinent. Von den einfachen, aber effizienten Bambusbogen der\nStammesangeh\u00f6rigen in den Bergen oder im Dschungel bis zu den reich verzierten\nindo-persischen Kompositbogen des Mogulreichs, von Kugelbogen zur Vogeljagd\nbis zu Meisterwerken der Schmiedekunst aus damasziertem Stahl reicht die Palette\nder Bogenwaffen, die in der Region entwickelt und verwendet wurden. Pfeil und\nBogen spielten \u00fcber tausende von Jahren eine wichtige Rolle auf der Jagd und im\nKrieg, in Kunst und Dichtung, in Religion und Aberglaube.\n<\/p>\n\n\n\n<figure class=\"wp-block-image\"><img loading=\"lazy\" decoding=\"async\" width=\"719\" height=\"1024\" src=\"https:\/\/verlag.wiethase.de\/wp-content\/uploads\/2019\/05\/cover-back-Indischer-Subk-719x1024.jpg\" alt=\"\" class=\"wp-image-534\" srcset=\"https:\/\/verlag.wiethase.de\/wp-content\/uploads\/2019\/05\/cover-back-Indischer-Subk-719x1024.jpg 719w, https:\/\/verlag.wiethase.de\/wp-content\/uploads\/2019\/05\/cover-back-Indischer-Subk-211x300.jpg 211w, https:\/\/verlag.wiethase.de\/wp-content\/uploads\/2019\/05\/cover-back-Indischer-Subk-768x1094.jpg 768w\" sizes=\"auto, (max-width: 719px) 100vw, 719px\" \/><\/figure>\n\n\n\n<p>Doch in Europa, zumal in den deutschsprachigen L\u00e4ndern, ist das Bogenschie\u00dfen des indischen Subkontinents noch immer weitgehend unbekannt. W\u00e4hrend die Briten zur Zeit ihrer Kolonialherrschaft zahlreiche Bogen, Pfeile, K\u00f6cher und anderes Zubeh\u00f6r in ihre Heimat verschifften, die heute in Museen und Sammlungen bewundert werden k\u00f6nnen, sind solche Artefakte in den meisten anderen europ\u00e4ischen L\u00e4ndern eher selten zu finden. Deutschsprachige Literatur zum Thema ist ebenfalls Mangelware, doch auch anderswo sieht es nicht viel besser aus: Das Standardwerk \u201eIndian Archery\u201c von G.N. Pant erschien vor mehr als 40 Jahren und befasst sich mehr mit Pfeil und Bogen in Literatur und Kunst als in der Praxis. <\/p>\n\n\n\n<p>H\u00f6chste Zeit also, dass die vielf\u00e4ltigen Traditionen und Formen des Bogenschie-\n\u00dfens auf dem indischen Subkontinent einem breiteren Kreis interessierter Leser\nn\u00e4her gebracht werden. Der Autor und Bogensch\u00fctze Hendrik Wiethase hat die\nRegion viele Male bereist und erkundet, hat verschiedene Formen des Bogenschie-\n\u00dfens studiert und praktiziert und das Dhanurveda, das \u201eWissen vom Bogen\u201c, in\nEuropa bekannt gemacht. Er verf\u00fcgt selbst \u00fcber eine umfangreiche Sammlung indi-\nscher Bogen und Pfeile sowie \u00fcber zahlreiche Kontakte zu Bogensch\u00fctzen, Histori-\nkern, Ethnologen und anderen Experten auf diesem Gebiet.\n<\/p>\n\n\n\n<p>Wie kaum ein Anderer war er also dazu geeignet, das vorliegende Buch \u00fcber \u201eBogen\nund Pfeile des indischen Subkontinents\u201c zu verfassen, das sich in den kommenden\nJahren als das neue Standardwerk zum Thema erweisen d\u00fcrfte. Daf\u00fcr sei ihm im\nNamen aller interessierten Leserinnen und Leser herzlich gedankt!\n<\/p>\n\n\n\n<p>Jan H. Sachers<br> Historiker, Bogensch\u00fctze und deutscher Repr\u00e4sentant der \u201eSociety of Archer-Antiquaries\u201c <\/p>\n\n\n\n<figure class=\"wp-block-image\"><img loading=\"lazy\" decoding=\"async\" width=\"688\" height=\"1024\" src=\"https:\/\/verlag.wiethase.de\/wp-content\/uploads\/2019\/05\/Indischer-Subkontinent-117-688x1024.jpg\" alt=\"\" class=\"wp-image-537\" srcset=\"https:\/\/verlag.wiethase.de\/wp-content\/uploads\/2019\/05\/Indischer-Subkontinent-117-688x1024.jpg 688w, https:\/\/verlag.wiethase.de\/wp-content\/uploads\/2019\/05\/Indischer-Subkontinent-117-202x300.jpg 202w, https:\/\/verlag.wiethase.de\/wp-content\/uploads\/2019\/05\/Indischer-Subkontinent-117-768x1143.jpg 768w\" sizes=\"auto, (max-width: 688px) 100vw, 688px\" \/><\/figure>\n\n\n\n<p>Einleitung\n<\/p>\n\n\n\n<p>Dieses Buch kann nicht den Titel \u201eIndisches Bogenschie\u00dfen\u201c haben. Nicht des-\nhalb, weil es bereits das Buch von G.N. Pant von 1978 mit diesem Titel (Indian\nArchery) gibt, sondern weil dieser Titel dem Inhalt dieses Buches nicht wirklich\nentsprechen kann. Tats\u00e4chlich gibt es kein \u201eindisches Bogenschie\u00dfen\u201c au\u00dfer dem,\nwas ich in meinen B\u00fcchern \u201eDhanurveda\u201c und \u201eDhanurvidya &#8211; Klassisches indi-\nsches Bogenschie\u00dfen\u201c ausf\u00fchrlich beschrieben habe. Dennoch gab es den Bogen\nals Waffe und Jagdger\u00e4t bereits vor weit mehr als zehntausend Jahren, und es gibt\nnoch heute Volksgruppen auf dem indischen Subkontinent, die mit dem Bogen\njagen, wenngleich das von der indischen Regierung nicht gerne gesehen wird und\ngenau genommen allgemein verboten ist. Zudem gibt es eine, wenngleich kleine,\naber vielseitige Bogenszene in Indien, die auch olympisches Gold gewonnen hat\nund meistens nach olympischen\/internationalen Vorgaben trainiert und schie\u00dft..\n<\/p>\n\n\n\n<figure class=\"wp-block-image\"><img loading=\"lazy\" decoding=\"async\" width=\"702\" height=\"1024\" src=\"https:\/\/verlag.wiethase.de\/wp-content\/uploads\/2019\/05\/Indischer-Subkontinent-214-702x1024.jpg\" alt=\"\" class=\"wp-image-540\" srcset=\"https:\/\/verlag.wiethase.de\/wp-content\/uploads\/2019\/05\/Indischer-Subkontinent-214-702x1024.jpg 702w, https:\/\/verlag.wiethase.de\/wp-content\/uploads\/2019\/05\/Indischer-Subkontinent-214-206x300.jpg 206w, https:\/\/verlag.wiethase.de\/wp-content\/uploads\/2019\/05\/Indischer-Subkontinent-214-768x1120.jpg 768w\" sizes=\"auto, (max-width: 702px) 100vw, 702px\" \/><\/figure>\n\n\n\n<p>Wie viele Teile dieser Erde, hat auch der indische Subkontinent, insbesondere sein Norden, eine bewegte Geschichte. Dieses Buch soll also m\u00f6glichst alle Bogen, Pfeile und was dazu geh\u00f6rt, erfassen, die auf diesem Subkontinent entstanden sind, oder durch eindringende V\u00f6lker eingef\u00fchrt wurden und somit die vorhandenen \u201eindischen Bogen\u201c beeinflusst haben. Dazu geh\u00f6ren, politisch gesehen, auch die Andamanen und Nikobaren, wenngleich sie nicht Teil des indischen Subkontinents sind. Somit muss, um dem Leser einen \u00dcberblick zu erm\u00f6glichen, dieses Buch mit einem historischen Teil beginnen. Zudem werden die Bogenwaffen der eindringenden V\u00f6lker und ihre Techniken beschrieben, da diese gro\u00dfen Einfluss auf die Entwicklung dieser Waffe auf dem Subkontinent hatten. Zuletzt, aber nicht minder ausf\u00fchrlich, sollen die indigenen V\u00f6lker des indischen Subkontinents bearbeitet werden, so weit diese in Hinsicht auf den Bogen relevant sind. Dieses Gebiet scheint mir besonders wichtig und interessant zu sein, obwohl dar\u00fcber sehr wenig Literatur vorhanden ist, da diese Volksgruppen von den eindringenden V\u00f6lkern ent- weder vertrieben, benutzt oder als minderwertig betrachtet wurden. Eine indische Literatur \u00fcber dieses Feld gibt es nahezu nicht. Hier haben zum Gl\u00fcck Briten, Franzosen, Deutsche und andere Europ\u00e4er, dokumentierte Forschungen betrieben, und damit die Kultur der Eingeborenen vor der Vergessenheit bewahrt. <\/p>\n\n\n\n<figure class=\"wp-block-image\"><img loading=\"lazy\" decoding=\"async\" width=\"731\" height=\"1024\" src=\"https:\/\/verlag.wiethase.de\/wp-content\/uploads\/2019\/05\/Indischer-Subkontinent-verschoben-3-731x1024.jpg\" alt=\"\" class=\"wp-image-551\" srcset=\"https:\/\/verlag.wiethase.de\/wp-content\/uploads\/2019\/05\/Indischer-Subkontinent-verschoben-3-731x1024.jpg 731w, https:\/\/verlag.wiethase.de\/wp-content\/uploads\/2019\/05\/Indischer-Subkontinent-verschoben-3-214x300.jpg 214w, https:\/\/verlag.wiethase.de\/wp-content\/uploads\/2019\/05\/Indischer-Subkontinent-verschoben-3-768x1075.jpg 768w\" sizes=\"auto, (max-width: 731px) 100vw, 731px\" \/><\/figure>\n\n\n\n<p>Tatsache ist, dass in den etwa 15 B\u00fcchern, die von offizieller Seite Anfang des 20. Jahrhunderts \u00fcber die \u201eKasten und Eingeborenen Indiens\u201c verlegt wurden, lediglich ein einziges Foto eines eingeborenen Jungen mit Pfeil und Bogen existiert. Dem gegen\u00fcber stehen hunderte Fotografien, auf denen Eingeborene bei hinduistischen Veranstaltungen zu sehen sind. <\/p>\n\n\n\n<figure class=\"wp-block-image\"><img decoding=\"async\" src=\"https:\/\/verlag.wiethase.de\/wp-content\/uploads\/2019\/05\/Indischer-Subkontinent-105-703x1024.jpg\" alt=\"\" class=\"wp-image-539\"\/><\/figure>\n\n\n\n<p>Eigene Feldforschungen flie\u00dfen in dieses Buch ein, k\u00f6nnen aber nur das widerspiegeln, was seit 2003 in Indien noch vorhanden war.<br> Am 21. Februar 2019, als ich mitten in der Arbeit an diesem Buches steckte, erschien in den indischen Zeitungen ein Artikel, der \u00fcber eine Entscheidung des indischen Supreme Courts berichtet, die bis August dieses Jahres der indigenen Bev\u00f6lkerung verbietet, weiterhin in den Waldgebieten Indiens zu leben. Damit wird ein noch schnelleres Verschwinden des verbliebenen Kulturgutes des indigenen Bogenschie\u00dfens einher gehen. Die Folgen dieses Beschlusses sind noch nicht absehbar und sto\u00dfen auf gro\u00dfe Gegenwehr. <\/p>\n\n\n\n<p>Hendrik Wiethase im April 2019\n<\/p>\n\n\n\n<p>270 Seiten mit mehr als 460 meist farbigen Fotos, 70 Grafiken und 15 Karten im Hardcover<\/p>\n\n\n\n<p>ISBN 9783937632-33-9        f\u00fcr 67,00 \u20ac<\/p>\n\n\n\n<p><\/p>\n","protected":false},"excerpt":{"rendered":"<p>Vorwort \u201eIndien \u2013 Lockende Ferne\u201c betitelte der \u00f6sterreichische Reiseschriftsteller Max Reisch den Bericht seiner 1933 unternommenen Motorradreise, die ihn von Wien nach Lahore, Delhi, Bombay und zur\u00fcck f\u00fchrte. Wie der junge Geographiestu- dent sind unz\u00e4hlige andere \u201eWestler\u201c vor und nach &hellip; <a href=\"https:\/\/verlag.wiethase.de\/?page_id=542\">Weiterlesen <span class=\"meta-nav\">&rarr;<\/span><\/a><\/p>\n","protected":false},"author":1,"featured_media":0,"parent":383,"menu_order":0,"comment_status":"closed","ping_status":"closed","template":"","meta":{"_monsterinsights_skip_tracking":false,"_monsterinsights_sitenote_active":false,"_monsterinsights_sitenote_note":"","_monsterinsights_sitenote_category":0,"footnotes":""},"class_list":["post-542","page","type-page","status-publish","hentry"],"yoast_head":"<!-- This site is optimized with the Yoast SEO plugin v27.4 - https:\/\/yoast.com\/product\/yoast-seo-wordpress\/ -->\n<title>Pfeile und Bogen des indischen Subkontinents - WiethaseVerlag<\/title>\n<meta name=\"robots\" content=\"index, follow, max-snippet:-1, max-image-preview:large, max-video-preview:-1\" \/>\n<link rel=\"canonical\" href=\"https:\/\/verlag.wiethase.de\/?page_id=542\" \/>\n<meta property=\"og:locale\" content=\"de_DE\" \/>\n<meta property=\"og:type\" content=\"article\" \/>\n<meta property=\"og:title\" content=\"Pfeile und Bogen des indischen Subkontinents - WiethaseVerlag\" \/>\n<meta property=\"og:description\" content=\"Vorwort \u201eIndien \u2013 Lockende Ferne\u201c betitelte der \u00f6sterreichische Reiseschriftsteller Max Reisch den Bericht seiner 1933 unternommenen Motorradreise, die ihn von Wien nach Lahore, Delhi, Bombay und zur\u00fcck f\u00fchrte. Wie der junge Geographiestu- dent sind unz\u00e4hlige andere \u201eWestler\u201c vor und nach &hellip; Weiterlesen &rarr;\" \/>\n<meta property=\"og:url\" content=\"https:\/\/verlag.wiethase.de\/?page_id=542\" \/>\n<meta property=\"og:site_name\" content=\"WiethaseVerlag\" \/>\n<meta property=\"article:publisher\" content=\"https:\/\/www.facebook.com\/profile.php?id=100063974142366\" \/>\n<meta property=\"article:modified_time\" content=\"2022-02-19T22:20:31+00:00\" \/>\n<meta property=\"og:image\" content=\"https:\/\/verlag.wiethase.de\/wp-content\/uploads\/2019\/05\/cover-Indischer-Subk-724x1024.jpg\" \/>\n<meta name=\"twitter:card\" content=\"summary_large_image\" \/>\n<meta name=\"twitter:label1\" content=\"Gesch\u00e4tzte Lesezeit\" \/>\n\t<meta name=\"twitter:data1\" content=\"7\u00a0Minuten\" \/>\n<script type=\"application\/ld+json\" class=\"yoast-schema-graph\">{\"@context\":\"https:\\\/\\\/schema.org\",\"@graph\":[{\"@type\":\"WebPage\",\"@id\":\"https:\\\/\\\/verlag.wiethase.de\\\/?page_id=542\",\"url\":\"https:\\\/\\\/verlag.wiethase.de\\\/?page_id=542\",\"name\":\"Pfeile und Bogen des indischen Subkontinents - WiethaseVerlag\",\"isPartOf\":{\"@id\":\"https:\\\/\\\/verlag.wiethase.de\\\/#website\"},\"primaryImageOfPage\":{\"@id\":\"https:\\\/\\\/verlag.wiethase.de\\\/?page_id=542#primaryimage\"},\"image\":{\"@id\":\"https:\\\/\\\/verlag.wiethase.de\\\/?page_id=542#primaryimage\"},\"thumbnailUrl\":\"https:\\\/\\\/verlag.wiethase.de\\\/wp-content\\\/uploads\\\/2019\\\/05\\\/cover-Indischer-Subk-724x1024.jpg\",\"datePublished\":\"2019-05-07T10:50:28+00:00\",\"dateModified\":\"2022-02-19T22:20:31+00:00\",\"breadcrumb\":{\"@id\":\"https:\\\/\\\/verlag.wiethase.de\\\/?page_id=542#breadcrumb\"},\"inLanguage\":\"de\",\"potentialAction\":[{\"@type\":\"ReadAction\",\"target\":[\"https:\\\/\\\/verlag.wiethase.de\\\/?page_id=542\"]}]},{\"@type\":\"ImageObject\",\"inLanguage\":\"de\",\"@id\":\"https:\\\/\\\/verlag.wiethase.de\\\/?page_id=542#primaryimage\",\"url\":\"https:\\\/\\\/verlag.wiethase.de\\\/wp-content\\\/uploads\\\/2019\\\/05\\\/cover-Indischer-Subk.jpg\",\"contentUrl\":\"https:\\\/\\\/verlag.wiethase.de\\\/wp-content\\\/uploads\\\/2019\\\/05\\\/cover-Indischer-Subk.jpg\",\"width\":2678,\"height\":3787},{\"@type\":\"BreadcrumbList\",\"@id\":\"https:\\\/\\\/verlag.wiethase.de\\\/?page_id=542#breadcrumb\",\"itemListElement\":[{\"@type\":\"ListItem\",\"position\":1,\"name\":\"Startseite\",\"item\":\"https:\\\/\\\/verlag.wiethase.de\\\/\"},{\"@type\":\"ListItem\",\"position\":2,\"name\":\"Bogen-B\u00fccher + DVD\",\"item\":\"https:\\\/\\\/verlag.wiethase.de\\\/?page_id=383\"},{\"@type\":\"ListItem\",\"position\":3,\"name\":\"Pfeile und Bogen des indischen Subkontinents\"}]},{\"@type\":\"WebSite\",\"@id\":\"https:\\\/\\\/verlag.wiethase.de\\\/#website\",\"url\":\"https:\\\/\\\/verlag.wiethase.de\\\/\",\"name\":\"WiethaseVerlag\",\"description\":\"B\u00fccher - DVD - H\u00f6rb\u00fccher\",\"publisher\":{\"@id\":\"https:\\\/\\\/verlag.wiethase.de\\\/#organization\"},\"potentialAction\":[{\"@type\":\"SearchAction\",\"target\":{\"@type\":\"EntryPoint\",\"urlTemplate\":\"https:\\\/\\\/verlag.wiethase.de\\\/?s={search_term_string}\"},\"query-input\":{\"@type\":\"PropertyValueSpecification\",\"valueRequired\":true,\"valueName\":\"search_term_string\"}}],\"inLanguage\":\"de\"},{\"@type\":\"Organization\",\"@id\":\"https:\\\/\\\/verlag.wiethase.de\\\/#organization\",\"name\":\"Wiethase Verlag\",\"url\":\"https:\\\/\\\/verlag.wiethase.de\\\/\",\"logo\":{\"@type\":\"ImageObject\",\"inLanguage\":\"de\",\"@id\":\"https:\\\/\\\/verlag.wiethase.de\\\/#\\\/schema\\\/logo\\\/image\\\/\",\"url\":\"https:\\\/\\\/verlag.wiethase.de\\\/wp-content\\\/uploads\\\/2022\\\/07\\\/logo-verlag.jpg\",\"contentUrl\":\"https:\\\/\\\/verlag.wiethase.de\\\/wp-content\\\/uploads\\\/2022\\\/07\\\/logo-verlag.jpg\",\"width\":790,\"height\":514,\"caption\":\"Wiethase Verlag\"},\"image\":{\"@id\":\"https:\\\/\\\/verlag.wiethase.de\\\/#\\\/schema\\\/logo\\\/image\\\/\"},\"sameAs\":[\"https:\\\/\\\/www.facebook.com\\\/profile.php?id=100063974142366\"]}]}<\/script>\n<!-- \/ Yoast SEO plugin. -->","yoast_head_json":{"title":"Pfeile und Bogen des indischen Subkontinents - WiethaseVerlag","robots":{"index":"index","follow":"follow","max-snippet":"max-snippet:-1","max-image-preview":"max-image-preview:large","max-video-preview":"max-video-preview:-1"},"canonical":"https:\/\/verlag.wiethase.de\/?page_id=542","og_locale":"de_DE","og_type":"article","og_title":"Pfeile und Bogen des indischen Subkontinents - WiethaseVerlag","og_description":"Vorwort \u201eIndien \u2013 Lockende Ferne\u201c betitelte der \u00f6sterreichische Reiseschriftsteller Max Reisch den Bericht seiner 1933 unternommenen Motorradreise, die ihn von Wien nach Lahore, Delhi, Bombay und zur\u00fcck f\u00fchrte. Wie der junge Geographiestu- dent sind unz\u00e4hlige andere \u201eWestler\u201c vor und nach &hellip; Weiterlesen &rarr;","og_url":"https:\/\/verlag.wiethase.de\/?page_id=542","og_site_name":"WiethaseVerlag","article_publisher":"https:\/\/www.facebook.com\/profile.php?id=100063974142366","article_modified_time":"2022-02-19T22:20:31+00:00","og_image":[{"url":"https:\/\/verlag.wiethase.de\/wp-content\/uploads\/2019\/05\/cover-Indischer-Subk-724x1024.jpg","type":"","width":"","height":""}],"twitter_card":"summary_large_image","twitter_misc":{"Gesch\u00e4tzte Lesezeit":"7\u00a0Minuten"},"schema":{"@context":"https:\/\/schema.org","@graph":[{"@type":"WebPage","@id":"https:\/\/verlag.wiethase.de\/?page_id=542","url":"https:\/\/verlag.wiethase.de\/?page_id=542","name":"Pfeile und Bogen des indischen Subkontinents - WiethaseVerlag","isPartOf":{"@id":"https:\/\/verlag.wiethase.de\/#website"},"primaryImageOfPage":{"@id":"https:\/\/verlag.wiethase.de\/?page_id=542#primaryimage"},"image":{"@id":"https:\/\/verlag.wiethase.de\/?page_id=542#primaryimage"},"thumbnailUrl":"https:\/\/verlag.wiethase.de\/wp-content\/uploads\/2019\/05\/cover-Indischer-Subk-724x1024.jpg","datePublished":"2019-05-07T10:50:28+00:00","dateModified":"2022-02-19T22:20:31+00:00","breadcrumb":{"@id":"https:\/\/verlag.wiethase.de\/?page_id=542#breadcrumb"},"inLanguage":"de","potentialAction":[{"@type":"ReadAction","target":["https:\/\/verlag.wiethase.de\/?page_id=542"]}]},{"@type":"ImageObject","inLanguage":"de","@id":"https:\/\/verlag.wiethase.de\/?page_id=542#primaryimage","url":"https:\/\/verlag.wiethase.de\/wp-content\/uploads\/2019\/05\/cover-Indischer-Subk.jpg","contentUrl":"https:\/\/verlag.wiethase.de\/wp-content\/uploads\/2019\/05\/cover-Indischer-Subk.jpg","width":2678,"height":3787},{"@type":"BreadcrumbList","@id":"https:\/\/verlag.wiethase.de\/?page_id=542#breadcrumb","itemListElement":[{"@type":"ListItem","position":1,"name":"Startseite","item":"https:\/\/verlag.wiethase.de\/"},{"@type":"ListItem","position":2,"name":"Bogen-B\u00fccher + DVD","item":"https:\/\/verlag.wiethase.de\/?page_id=383"},{"@type":"ListItem","position":3,"name":"Pfeile und Bogen des indischen Subkontinents"}]},{"@type":"WebSite","@id":"https:\/\/verlag.wiethase.de\/#website","url":"https:\/\/verlag.wiethase.de\/","name":"WiethaseVerlag","description":"B\u00fccher - DVD - H\u00f6rb\u00fccher","publisher":{"@id":"https:\/\/verlag.wiethase.de\/#organization"},"potentialAction":[{"@type":"SearchAction","target":{"@type":"EntryPoint","urlTemplate":"https:\/\/verlag.wiethase.de\/?s={search_term_string}"},"query-input":{"@type":"PropertyValueSpecification","valueRequired":true,"valueName":"search_term_string"}}],"inLanguage":"de"},{"@type":"Organization","@id":"https:\/\/verlag.wiethase.de\/#organization","name":"Wiethase Verlag","url":"https:\/\/verlag.wiethase.de\/","logo":{"@type":"ImageObject","inLanguage":"de","@id":"https:\/\/verlag.wiethase.de\/#\/schema\/logo\/image\/","url":"https:\/\/verlag.wiethase.de\/wp-content\/uploads\/2022\/07\/logo-verlag.jpg","contentUrl":"https:\/\/verlag.wiethase.de\/wp-content\/uploads\/2022\/07\/logo-verlag.jpg","width":790,"height":514,"caption":"Wiethase Verlag"},"image":{"@id":"https:\/\/verlag.wiethase.de\/#\/schema\/logo\/image\/"},"sameAs":["https:\/\/www.facebook.com\/profile.php?id=100063974142366"]}]}},"_links":{"self":[{"href":"https:\/\/verlag.wiethase.de\/index.php?rest_route=\/wp\/v2\/pages\/542","targetHints":{"allow":["GET"]}}],"collection":[{"href":"https:\/\/verlag.wiethase.de\/index.php?rest_route=\/wp\/v2\/pages"}],"about":[{"href":"https:\/\/verlag.wiethase.de\/index.php?rest_route=\/wp\/v2\/types\/page"}],"author":[{"embeddable":true,"href":"https:\/\/verlag.wiethase.de\/index.php?rest_route=\/wp\/v2\/users\/1"}],"replies":[{"embeddable":true,"href":"https:\/\/verlag.wiethase.de\/index.php?rest_route=%2Fwp%2Fv2%2Fcomments&post=542"}],"version-history":[{"count":6,"href":"https:\/\/verlag.wiethase.de\/index.php?rest_route=\/wp\/v2\/pages\/542\/revisions"}],"predecessor-version":[{"id":850,"href":"https:\/\/verlag.wiethase.de\/index.php?rest_route=\/wp\/v2\/pages\/542\/revisions\/850"}],"up":[{"embeddable":true,"href":"https:\/\/verlag.wiethase.de\/index.php?rest_route=\/wp\/v2\/pages\/383"}],"wp:attachment":[{"href":"https:\/\/verlag.wiethase.de\/index.php?rest_route=%2Fwp%2Fv2%2Fmedia&parent=542"}],"curies":[{"name":"wp","href":"https:\/\/api.w.org\/{rel}","templated":true}]}}