{"id":513,"date":"2019-03-09T05:27:35","date_gmt":"2019-03-09T05:27:35","guid":{"rendered":"http:\/\/verlag.wiethase.de\/?page_id=513"},"modified":"2019-05-21T11:27:05","modified_gmt":"2019-05-21T11:27:05","slug":"panchatantra","status":"publish","type":"page","link":"https:\/\/verlag.wiethase.de\/?page_id=513","title":{"rendered":"Panchatantra"},"content":{"rendered":"\n<p>Das Panchatantra gilt als das wichtigste literarische Werk Indiens. Das Buch besteht aus f\u00fcnf Teilen, die allesamt wiederum aus ineinander verwobenen, moralischen Fabeln und Gleichnissen bestehen. <\/p>\n\n\n\n<figure class=\"wp-block-image\"><img loading=\"lazy\" decoding=\"async\" width=\"845\" height=\"781\" src=\"https:\/\/verlag.wiethase.de\/wp-content\/uploads\/2019\/03\/Panchatantra-94-845x781.jpg\" alt=\"\" class=\"wp-image-525\" srcset=\"https:\/\/verlag.wiethase.de\/wp-content\/uploads\/2019\/03\/Panchatantra-94-845x781.jpg 845w, https:\/\/verlag.wiethase.de\/wp-content\/uploads\/2019\/03\/Panchatantra-94-300x277.jpg 300w, https:\/\/verlag.wiethase.de\/wp-content\/uploads\/2019\/03\/Panchatantra-94-768x710.jpg 768w, https:\/\/verlag.wiethase.de\/wp-content\/uploads\/2019\/03\/Panchatantra-94-325x300.jpg 325w\" sizes=\"auto, (max-width: 845px) 100vw, 845px\" \/><\/figure>\n\n\n\n<p>Die \u00dcbersetzung von Dr. Ludwig Fritze ist an vielen Stellen Basis dieser Neufassung, insbesondere in Form der gereimten Zeilen. Die alten Schriften in Pali und Sanskrit waren allesamt in Doppelversen gefasst, was einerseits das Rezitieren vereinfachte, andererseits blieben sie dadurch besser in Erinnerung. Dieselbe Methode hatte auch Wilhelm Busch erfolgreich eingesetzt, indem er seine Geschichten in Reime setzte, die vielen Menschen bis ins hohe Alter im Ged\u00e4chtnis blieben. <\/p>\n\n\n\n<figure class=\"wp-block-image\"><img loading=\"lazy\" decoding=\"async\" width=\"845\" height=\"766\" src=\"https:\/\/verlag.wiethase.de\/wp-content\/uploads\/2019\/03\/Panchatantra-40-845x766.jpg\" alt=\"\" class=\"wp-image-523\" srcset=\"https:\/\/verlag.wiethase.de\/wp-content\/uploads\/2019\/03\/Panchatantra-40-845x766.jpg 845w, https:\/\/verlag.wiethase.de\/wp-content\/uploads\/2019\/03\/Panchatantra-40-300x272.jpg 300w, https:\/\/verlag.wiethase.de\/wp-content\/uploads\/2019\/03\/Panchatantra-40-768x696.jpg 768w, https:\/\/verlag.wiethase.de\/wp-content\/uploads\/2019\/03\/Panchatantra-40-331x300.jpg 331w\" sizes=\"auto, (max-width: 845px) 100vw, 845px\" \/><\/figure>\n\n\n\n<p>In dieser neu gestalteten Fassung sind einige wenige Verse absichtlich nicht integriert, weil sie, ist der Leser nicht bestens mit der Hinduistischen Mythologie vertraut, mehr verwirren als erkl\u00e4ren w\u00fcrden. Dennoch ist der Abstand zum Original nur gering, wobei das in vielen verschiedenen Variationen und Abschriften auch der Fall ist. <\/p>\n\n\n\n<figure class=\"wp-block-image\"><img loading=\"lazy\" decoding=\"async\" width=\"845\" height=\"793\" src=\"https:\/\/verlag.wiethase.de\/wp-content\/uploads\/2019\/03\/Panchatantra-Endversion-62-845x793.jpg\" alt=\"\" class=\"wp-image-526\" srcset=\"https:\/\/verlag.wiethase.de\/wp-content\/uploads\/2019\/03\/Panchatantra-Endversion-62-845x793.jpg 845w, https:\/\/verlag.wiethase.de\/wp-content\/uploads\/2019\/03\/Panchatantra-Endversion-62-300x281.jpg 300w, https:\/\/verlag.wiethase.de\/wp-content\/uploads\/2019\/03\/Panchatantra-Endversion-62-768x721.jpg 768w, https:\/\/verlag.wiethase.de\/wp-content\/uploads\/2019\/03\/Panchatantra-Endversion-62-320x300.jpg 320w\" sizes=\"auto, (max-width: 845px) 100vw, 845px\" \/><\/figure>\n\n\n\n<p>Die einf\u00fchlsamen Illustrationen von Undine Johanna Elise Hannemann geben dieser neuen Auflage des indischen Klassikers zus\u00e4tzlich eine ganz besondere Note. <\/p>\n\n\n\n<figure class=\"wp-block-image\"><img loading=\"lazy\" decoding=\"async\" width=\"845\" height=\"778\" src=\"https:\/\/verlag.wiethase.de\/wp-content\/uploads\/2019\/03\/Panchatantra-Endversion-bild-845x778.jpg\" alt=\"\" class=\"wp-image-527\" srcset=\"https:\/\/verlag.wiethase.de\/wp-content\/uploads\/2019\/03\/Panchatantra-Endversion-bild-845x778.jpg 845w, https:\/\/verlag.wiethase.de\/wp-content\/uploads\/2019\/03\/Panchatantra-Endversion-bild-300x276.jpg 300w, https:\/\/verlag.wiethase.de\/wp-content\/uploads\/2019\/03\/Panchatantra-Endversion-bild-768x707.jpg 768w, https:\/\/verlag.wiethase.de\/wp-content\/uploads\/2019\/03\/Panchatantra-Endversion-bild-326x300.jpg 326w\" sizes=\"auto, (max-width: 845px) 100vw, 845px\" \/><\/figure>\n\n\n\n<p>Am Ende des Buches vermittelt ein Glossar der verwendeten, vielen Lesern weniger bekannten Begriffe, eine bessere Einsicht in das historische hinduistische und somit indische Weltbild. <\/p>\n\n\n\n<p>ISBN: 978393763227-8  Im Format 21 x 21 cm, Hardcover mit 65 Illustrationen von Undine Hannemann f\u00fcr \u20ac 49,00<\/p>\n","protected":false},"excerpt":{"rendered":"<p>Das Panchatantra gilt als das wichtigste literarische Werk Indiens. Das Buch besteht aus f\u00fcnf Teilen, die allesamt wiederum aus ineinander verwobenen, moralischen Fabeln und Gleichnissen bestehen. Die \u00dcbersetzung von Dr. Ludwig Fritze ist an vielen Stellen Basis dieser Neufassung, insbesondere &hellip; <a href=\"https:\/\/verlag.wiethase.de\/?page_id=513\">Weiterlesen <span class=\"meta-nav\">&rarr;<\/span><\/a><\/p>\n","protected":false},"author":1,"featured_media":527,"parent":435,"menu_order":0,"comment_status":"closed","ping_status":"closed","template":"","meta":{"_monsterinsights_skip_tracking":false,"_monsterinsights_sitenote_active":false,"_monsterinsights_sitenote_note":"","_monsterinsights_sitenote_category":0,"footnotes":""},"class_list":["post-513","page","type-page","status-publish","has-post-thumbnail","hentry"],"yoast_head":"<!-- This site is optimized with the Yoast SEO plugin v27.4 - https:\/\/yoast.com\/product\/yoast-seo-wordpress\/ -->\n<title>Panchatantra - WiethaseVerlag<\/title>\n<meta name=\"robots\" content=\"index, follow, max-snippet:-1, max-image-preview:large, max-video-preview:-1\" \/>\n<link rel=\"canonical\" href=\"https:\/\/verlag.wiethase.de\/?page_id=513\" \/>\n<meta property=\"og:locale\" content=\"de_DE\" \/>\n<meta property=\"og:type\" content=\"article\" \/>\n<meta property=\"og:title\" content=\"Panchatantra - WiethaseVerlag\" \/>\n<meta property=\"og:description\" content=\"Das Panchatantra gilt als das wichtigste literarische Werk Indiens. Das Buch besteht aus f\u00fcnf Teilen, die allesamt wiederum aus ineinander verwobenen, moralischen Fabeln und Gleichnissen bestehen. Die \u00dcbersetzung von Dr. Ludwig Fritze ist an vielen Stellen Basis dieser Neufassung, insbesondere &hellip; Weiterlesen &rarr;\" \/>\n<meta property=\"og:url\" content=\"https:\/\/verlag.wiethase.de\/?page_id=513\" \/>\n<meta property=\"og:site_name\" content=\"WiethaseVerlag\" \/>\n<meta property=\"article:publisher\" content=\"https:\/\/www.facebook.com\/profile.php?id=100063974142366\" \/>\n<meta property=\"article:modified_time\" content=\"2019-05-21T11:27:05+00:00\" \/>\n<meta property=\"og:image\" content=\"https:\/\/verlag.wiethase.de\/wp-content\/uploads\/2019\/03\/Panchatantra-Endversion-bild.jpg\" \/>\n\t<meta property=\"og:image:width\" content=\"2277\" \/>\n\t<meta property=\"og:image:height\" content=\"2096\" \/>\n\t<meta property=\"og:image:type\" content=\"image\/jpeg\" \/>\n<meta name=\"twitter:card\" content=\"summary_large_image\" \/>\n<meta name=\"twitter:label1\" content=\"Gesch\u00e4tzte Lesezeit\" \/>\n\t<meta name=\"twitter:data1\" content=\"1\u00a0Minute\" \/>\n<script type=\"application\/ld+json\" class=\"yoast-schema-graph\">{\"@context\":\"https:\\\/\\\/schema.org\",\"@graph\":[{\"@type\":\"WebPage\",\"@id\":\"https:\\\/\\\/verlag.wiethase.de\\\/?page_id=513\",\"url\":\"https:\\\/\\\/verlag.wiethase.de\\\/?page_id=513\",\"name\":\"Panchatantra - WiethaseVerlag\",\"isPartOf\":{\"@id\":\"https:\\\/\\\/verlag.wiethase.de\\\/#website\"},\"primaryImageOfPage\":{\"@id\":\"https:\\\/\\\/verlag.wiethase.de\\\/?page_id=513#primaryimage\"},\"image\":{\"@id\":\"https:\\\/\\\/verlag.wiethase.de\\\/?page_id=513#primaryimage\"},\"thumbnailUrl\":\"https:\\\/\\\/verlag.wiethase.de\\\/wp-content\\\/uploads\\\/2019\\\/03\\\/Panchatantra-Endversion-bild.jpg\",\"datePublished\":\"2019-03-09T05:27:35+00:00\",\"dateModified\":\"2019-05-21T11:27:05+00:00\",\"breadcrumb\":{\"@id\":\"https:\\\/\\\/verlag.wiethase.de\\\/?page_id=513#breadcrumb\"},\"inLanguage\":\"de\",\"potentialAction\":[{\"@type\":\"ReadAction\",\"target\":[\"https:\\\/\\\/verlag.wiethase.de\\\/?page_id=513\"]}]},{\"@type\":\"ImageObject\",\"inLanguage\":\"de\",\"@id\":\"https:\\\/\\\/verlag.wiethase.de\\\/?page_id=513#primaryimage\",\"url\":\"https:\\\/\\\/verlag.wiethase.de\\\/wp-content\\\/uploads\\\/2019\\\/03\\\/Panchatantra-Endversion-bild.jpg\",\"contentUrl\":\"https:\\\/\\\/verlag.wiethase.de\\\/wp-content\\\/uploads\\\/2019\\\/03\\\/Panchatantra-Endversion-bild.jpg\",\"width\":2277,\"height\":2096},{\"@type\":\"BreadcrumbList\",\"@id\":\"https:\\\/\\\/verlag.wiethase.de\\\/?page_id=513#breadcrumb\",\"itemListElement\":[{\"@type\":\"ListItem\",\"position\":1,\"name\":\"Startseite\",\"item\":\"https:\\\/\\\/verlag.wiethase.de\\\/\"},{\"@type\":\"ListItem\",\"position\":2,\"name\":\"Indien\",\"item\":\"https:\\\/\\\/verlag.wiethase.de\\\/?page_id=435\"},{\"@type\":\"ListItem\",\"position\":3,\"name\":\"Panchatantra\"}]},{\"@type\":\"WebSite\",\"@id\":\"https:\\\/\\\/verlag.wiethase.de\\\/#website\",\"url\":\"https:\\\/\\\/verlag.wiethase.de\\\/\",\"name\":\"WiethaseVerlag\",\"description\":\"B\u00fccher - DVD - H\u00f6rb\u00fccher\",\"publisher\":{\"@id\":\"https:\\\/\\\/verlag.wiethase.de\\\/#organization\"},\"potentialAction\":[{\"@type\":\"SearchAction\",\"target\":{\"@type\":\"EntryPoint\",\"urlTemplate\":\"https:\\\/\\\/verlag.wiethase.de\\\/?s={search_term_string}\"},\"query-input\":{\"@type\":\"PropertyValueSpecification\",\"valueRequired\":true,\"valueName\":\"search_term_string\"}}],\"inLanguage\":\"de\"},{\"@type\":\"Organization\",\"@id\":\"https:\\\/\\\/verlag.wiethase.de\\\/#organization\",\"name\":\"Wiethase Verlag\",\"url\":\"https:\\\/\\\/verlag.wiethase.de\\\/\",\"logo\":{\"@type\":\"ImageObject\",\"inLanguage\":\"de\",\"@id\":\"https:\\\/\\\/verlag.wiethase.de\\\/#\\\/schema\\\/logo\\\/image\\\/\",\"url\":\"https:\\\/\\\/verlag.wiethase.de\\\/wp-content\\\/uploads\\\/2022\\\/07\\\/logo-verlag.jpg\",\"contentUrl\":\"https:\\\/\\\/verlag.wiethase.de\\\/wp-content\\\/uploads\\\/2022\\\/07\\\/logo-verlag.jpg\",\"width\":790,\"height\":514,\"caption\":\"Wiethase Verlag\"},\"image\":{\"@id\":\"https:\\\/\\\/verlag.wiethase.de\\\/#\\\/schema\\\/logo\\\/image\\\/\"},\"sameAs\":[\"https:\\\/\\\/www.facebook.com\\\/profile.php?id=100063974142366\"]}]}<\/script>\n<!-- \/ Yoast SEO plugin. -->","yoast_head_json":{"title":"Panchatantra - WiethaseVerlag","robots":{"index":"index","follow":"follow","max-snippet":"max-snippet:-1","max-image-preview":"max-image-preview:large","max-video-preview":"max-video-preview:-1"},"canonical":"https:\/\/verlag.wiethase.de\/?page_id=513","og_locale":"de_DE","og_type":"article","og_title":"Panchatantra - WiethaseVerlag","og_description":"Das Panchatantra gilt als das wichtigste literarische Werk Indiens. Das Buch besteht aus f\u00fcnf Teilen, die allesamt wiederum aus ineinander verwobenen, moralischen Fabeln und Gleichnissen bestehen. Die \u00dcbersetzung von Dr. Ludwig Fritze ist an vielen Stellen Basis dieser Neufassung, insbesondere &hellip; Weiterlesen &rarr;","og_url":"https:\/\/verlag.wiethase.de\/?page_id=513","og_site_name":"WiethaseVerlag","article_publisher":"https:\/\/www.facebook.com\/profile.php?id=100063974142366","article_modified_time":"2019-05-21T11:27:05+00:00","og_image":[{"width":2277,"height":2096,"url":"https:\/\/verlag.wiethase.de\/wp-content\/uploads\/2019\/03\/Panchatantra-Endversion-bild.jpg","type":"image\/jpeg"}],"twitter_card":"summary_large_image","twitter_misc":{"Gesch\u00e4tzte Lesezeit":"1\u00a0Minute"},"schema":{"@context":"https:\/\/schema.org","@graph":[{"@type":"WebPage","@id":"https:\/\/verlag.wiethase.de\/?page_id=513","url":"https:\/\/verlag.wiethase.de\/?page_id=513","name":"Panchatantra - WiethaseVerlag","isPartOf":{"@id":"https:\/\/verlag.wiethase.de\/#website"},"primaryImageOfPage":{"@id":"https:\/\/verlag.wiethase.de\/?page_id=513#primaryimage"},"image":{"@id":"https:\/\/verlag.wiethase.de\/?page_id=513#primaryimage"},"thumbnailUrl":"https:\/\/verlag.wiethase.de\/wp-content\/uploads\/2019\/03\/Panchatantra-Endversion-bild.jpg","datePublished":"2019-03-09T05:27:35+00:00","dateModified":"2019-05-21T11:27:05+00:00","breadcrumb":{"@id":"https:\/\/verlag.wiethase.de\/?page_id=513#breadcrumb"},"inLanguage":"de","potentialAction":[{"@type":"ReadAction","target":["https:\/\/verlag.wiethase.de\/?page_id=513"]}]},{"@type":"ImageObject","inLanguage":"de","@id":"https:\/\/verlag.wiethase.de\/?page_id=513#primaryimage","url":"https:\/\/verlag.wiethase.de\/wp-content\/uploads\/2019\/03\/Panchatantra-Endversion-bild.jpg","contentUrl":"https:\/\/verlag.wiethase.de\/wp-content\/uploads\/2019\/03\/Panchatantra-Endversion-bild.jpg","width":2277,"height":2096},{"@type":"BreadcrumbList","@id":"https:\/\/verlag.wiethase.de\/?page_id=513#breadcrumb","itemListElement":[{"@type":"ListItem","position":1,"name":"Startseite","item":"https:\/\/verlag.wiethase.de\/"},{"@type":"ListItem","position":2,"name":"Indien","item":"https:\/\/verlag.wiethase.de\/?page_id=435"},{"@type":"ListItem","position":3,"name":"Panchatantra"}]},{"@type":"WebSite","@id":"https:\/\/verlag.wiethase.de\/#website","url":"https:\/\/verlag.wiethase.de\/","name":"WiethaseVerlag","description":"B\u00fccher - DVD - H\u00f6rb\u00fccher","publisher":{"@id":"https:\/\/verlag.wiethase.de\/#organization"},"potentialAction":[{"@type":"SearchAction","target":{"@type":"EntryPoint","urlTemplate":"https:\/\/verlag.wiethase.de\/?s={search_term_string}"},"query-input":{"@type":"PropertyValueSpecification","valueRequired":true,"valueName":"search_term_string"}}],"inLanguage":"de"},{"@type":"Organization","@id":"https:\/\/verlag.wiethase.de\/#organization","name":"Wiethase Verlag","url":"https:\/\/verlag.wiethase.de\/","logo":{"@type":"ImageObject","inLanguage":"de","@id":"https:\/\/verlag.wiethase.de\/#\/schema\/logo\/image\/","url":"https:\/\/verlag.wiethase.de\/wp-content\/uploads\/2022\/07\/logo-verlag.jpg","contentUrl":"https:\/\/verlag.wiethase.de\/wp-content\/uploads\/2022\/07\/logo-verlag.jpg","width":790,"height":514,"caption":"Wiethase Verlag"},"image":{"@id":"https:\/\/verlag.wiethase.de\/#\/schema\/logo\/image\/"},"sameAs":["https:\/\/www.facebook.com\/profile.php?id=100063974142366"]}]}},"_links":{"self":[{"href":"https:\/\/verlag.wiethase.de\/index.php?rest_route=\/wp\/v2\/pages\/513","targetHints":{"allow":["GET"]}}],"collection":[{"href":"https:\/\/verlag.wiethase.de\/index.php?rest_route=\/wp\/v2\/pages"}],"about":[{"href":"https:\/\/verlag.wiethase.de\/index.php?rest_route=\/wp\/v2\/types\/page"}],"author":[{"embeddable":true,"href":"https:\/\/verlag.wiethase.de\/index.php?rest_route=\/wp\/v2\/users\/1"}],"replies":[{"embeddable":true,"href":"https:\/\/verlag.wiethase.de\/index.php?rest_route=%2Fwp%2Fv2%2Fcomments&post=513"}],"version-history":[{"count":5,"href":"https:\/\/verlag.wiethase.de\/index.php?rest_route=\/wp\/v2\/pages\/513\/revisions"}],"predecessor-version":[{"id":531,"href":"https:\/\/verlag.wiethase.de\/index.php?rest_route=\/wp\/v2\/pages\/513\/revisions\/531"}],"up":[{"embeddable":true,"href":"https:\/\/verlag.wiethase.de\/index.php?rest_route=\/wp\/v2\/pages\/435"}],"wp:featuredmedia":[{"embeddable":true,"href":"https:\/\/verlag.wiethase.de\/index.php?rest_route=\/wp\/v2\/media\/527"}],"wp:attachment":[{"href":"https:\/\/verlag.wiethase.de\/index.php?rest_route=%2Fwp%2Fv2%2Fmedia&parent=513"}],"curies":[{"name":"wp","href":"https:\/\/api.w.org\/{rel}","templated":true}]}}