{"id":505,"date":"2019-03-04T10:17:54","date_gmt":"2019-03-04T10:17:54","guid":{"rendered":"http:\/\/verlag.wiethase.de\/?page_id=505"},"modified":"2019-05-21T11:28:15","modified_gmt":"2019-05-21T11:28:15","slug":"die-rote-und-die-blaue-frau","status":"publish","type":"page","link":"https:\/\/verlag.wiethase.de\/?page_id=505","title":{"rendered":"Die rote und die blaue Frau"},"content":{"rendered":"\n<p>Die rote und die blaue Frau, geschrieben\nim lyrisch-philosophischen Stil, beschreibt\ndas Leben und Lieben der Autorin von\n1967 bis 2018.\n<\/p>\n\n\n\n<p>Gepr\u00e4gt durch die 1968er-Jahre verl\u00e4sst\nEva mit erst 17 Jahren das Elternhaus,\nzieht 1970 in die erste Wohngemeinschaft\nder Stadt und beginnt ihre Suche nach ei-\nnem selbstgestalteten Leben. Eigensinnig\nist sie in der Wahl ihrer M\u00e4nner und bleibt\n\u2013 Unfrei-Frei \u2013 an der Seite von Ivo, reist\nneugierig in ferne L\u00e4nder und verwirklicht\nsich in ihrer Arbeit.\n<\/p>\n\n\n\n<p>Immer konsequent ihren Ideen folgend.\n<\/p>\n\n\n\n<p><em>Die rote und die blaue Frau, lass sie tanzen, immer wieder \u2013 lass sie tanzen! <\/em><\/p>\n\n\n\n<p>ISBN: 9783937632445 im Hardcover 21 x 21 cm f\u00fcr 12,90 Euro<\/p>\n\n\n\n<figure class=\"wp-block-image\"><img loading=\"lazy\" decoding=\"async\" width=\"845\" height=\"868\" src=\"https:\/\/verlag.wiethase.de\/wp-content\/uploads\/2019\/03\/rote-Frau-1-845x868.jpeg\" alt=\"\" class=\"wp-image-508\" srcset=\"https:\/\/verlag.wiethase.de\/wp-content\/uploads\/2019\/03\/rote-Frau-1-845x868.jpeg 845w, https:\/\/verlag.wiethase.de\/wp-content\/uploads\/2019\/03\/rote-Frau-1-292x300.jpeg 292w, https:\/\/verlag.wiethase.de\/wp-content\/uploads\/2019\/03\/rote-Frau-1-768x789.jpeg 768w, https:\/\/verlag.wiethase.de\/wp-content\/uploads\/2019\/03\/rote-Frau-1.jpeg 1154w\" sizes=\"auto, (max-width: 845px) 100vw, 845px\" \/><\/figure>\n","protected":false},"excerpt":{"rendered":"<p>Die rote und die blaue Frau, geschrieben im lyrisch-philosophischen Stil, beschreibt das Leben und Lieben der Autorin von 1967 bis 2018. Gepr\u00e4gt durch die 1968er-Jahre verl\u00e4sst Eva mit erst 17 Jahren das Elternhaus, zieht 1970 in die erste Wohngemeinschaft der &hellip; <a href=\"https:\/\/verlag.wiethase.de\/?page_id=505\">Weiterlesen <span class=\"meta-nav\">&rarr;<\/span><\/a><\/p>\n","protected":false},"author":1,"featured_media":506,"parent":566,"menu_order":0,"comment_status":"closed","ping_status":"closed","template":"","meta":{"_monsterinsights_skip_tracking":false,"_monsterinsights_sitenote_active":false,"_monsterinsights_sitenote_note":"","_monsterinsights_sitenote_category":0,"footnotes":""},"class_list":["post-505","page","type-page","status-publish","has-post-thumbnail","hentry"],"yoast_head":"<!-- This site is optimized with the Yoast SEO plugin v27.4 - https:\/\/yoast.com\/product\/yoast-seo-wordpress\/ -->\n<title>Die rote und die blaue Frau - WiethaseVerlag<\/title>\n<meta name=\"robots\" content=\"index, follow, max-snippet:-1, max-image-preview:large, max-video-preview:-1\" \/>\n<link rel=\"canonical\" href=\"https:\/\/verlag.wiethase.de\/?page_id=505\" \/>\n<meta property=\"og:locale\" content=\"de_DE\" \/>\n<meta property=\"og:type\" content=\"article\" \/>\n<meta property=\"og:title\" content=\"Die rote und die blaue Frau - WiethaseVerlag\" \/>\n<meta property=\"og:description\" content=\"Die rote und die blaue Frau, geschrieben im lyrisch-philosophischen Stil, beschreibt das Leben und Lieben der Autorin von 1967 bis 2018. Gepr\u00e4gt durch die 1968er-Jahre verl\u00e4sst Eva mit erst 17 Jahren das Elternhaus, zieht 1970 in die erste Wohngemeinschaft der &hellip; Weiterlesen &rarr;\" \/>\n<meta property=\"og:url\" content=\"https:\/\/verlag.wiethase.de\/?page_id=505\" \/>\n<meta property=\"og:site_name\" content=\"WiethaseVerlag\" \/>\n<meta property=\"article:publisher\" content=\"https:\/\/www.facebook.com\/profile.php?id=100063974142366\" \/>\n<meta property=\"article:modified_time\" content=\"2019-05-21T11:28:15+00:00\" \/>\n<meta property=\"og:image\" content=\"https:\/\/verlag.wiethase.de\/wp-content\/uploads\/2019\/03\/rote-Frau.jpeg\" \/>\n\t<meta property=\"og:image:width\" content=\"1154\" \/>\n\t<meta property=\"og:image:height\" content=\"1186\" \/>\n\t<meta property=\"og:image:type\" content=\"image\/jpeg\" \/>\n<meta name=\"twitter:card\" content=\"summary_large_image\" \/>\n<meta name=\"twitter:label1\" content=\"Gesch\u00e4tzte Lesezeit\" \/>\n\t<meta name=\"twitter:data1\" content=\"1\u00a0Minute\" \/>\n<script type=\"application\/ld+json\" class=\"yoast-schema-graph\">{\"@context\":\"https:\\\/\\\/schema.org\",\"@graph\":[{\"@type\":\"WebPage\",\"@id\":\"https:\\\/\\\/verlag.wiethase.de\\\/?page_id=505\",\"url\":\"https:\\\/\\\/verlag.wiethase.de\\\/?page_id=505\",\"name\":\"Die rote und die blaue Frau - WiethaseVerlag\",\"isPartOf\":{\"@id\":\"https:\\\/\\\/verlag.wiethase.de\\\/#website\"},\"primaryImageOfPage\":{\"@id\":\"https:\\\/\\\/verlag.wiethase.de\\\/?page_id=505#primaryimage\"},\"image\":{\"@id\":\"https:\\\/\\\/verlag.wiethase.de\\\/?page_id=505#primaryimage\"},\"thumbnailUrl\":\"https:\\\/\\\/verlag.wiethase.de\\\/wp-content\\\/uploads\\\/2019\\\/03\\\/rote-Frau.jpeg\",\"datePublished\":\"2019-03-04T10:17:54+00:00\",\"dateModified\":\"2019-05-21T11:28:15+00:00\",\"breadcrumb\":{\"@id\":\"https:\\\/\\\/verlag.wiethase.de\\\/?page_id=505#breadcrumb\"},\"inLanguage\":\"de\",\"potentialAction\":[{\"@type\":\"ReadAction\",\"target\":[\"https:\\\/\\\/verlag.wiethase.de\\\/?page_id=505\"]}]},{\"@type\":\"ImageObject\",\"inLanguage\":\"de\",\"@id\":\"https:\\\/\\\/verlag.wiethase.de\\\/?page_id=505#primaryimage\",\"url\":\"https:\\\/\\\/verlag.wiethase.de\\\/wp-content\\\/uploads\\\/2019\\\/03\\\/rote-Frau.jpeg\",\"contentUrl\":\"https:\\\/\\\/verlag.wiethase.de\\\/wp-content\\\/uploads\\\/2019\\\/03\\\/rote-Frau.jpeg\",\"width\":1154,\"height\":1186},{\"@type\":\"BreadcrumbList\",\"@id\":\"https:\\\/\\\/verlag.wiethase.de\\\/?page_id=505#breadcrumb\",\"itemListElement\":[{\"@type\":\"ListItem\",\"position\":1,\"name\":\"Startseite\",\"item\":\"https:\\\/\\\/verlag.wiethase.de\\\/\"},{\"@type\":\"ListItem\",\"position\":2,\"name\":\"Lebenswege\",\"item\":\"https:\\\/\\\/verlag.wiethase.de\\\/?page_id=566\"},{\"@type\":\"ListItem\",\"position\":3,\"name\":\"Die rote und die blaue Frau\"}]},{\"@type\":\"WebSite\",\"@id\":\"https:\\\/\\\/verlag.wiethase.de\\\/#website\",\"url\":\"https:\\\/\\\/verlag.wiethase.de\\\/\",\"name\":\"WiethaseVerlag\",\"description\":\"B\u00fccher - DVD - H\u00f6rb\u00fccher\",\"publisher\":{\"@id\":\"https:\\\/\\\/verlag.wiethase.de\\\/#organization\"},\"potentialAction\":[{\"@type\":\"SearchAction\",\"target\":{\"@type\":\"EntryPoint\",\"urlTemplate\":\"https:\\\/\\\/verlag.wiethase.de\\\/?s={search_term_string}\"},\"query-input\":{\"@type\":\"PropertyValueSpecification\",\"valueRequired\":true,\"valueName\":\"search_term_string\"}}],\"inLanguage\":\"de\"},{\"@type\":\"Organization\",\"@id\":\"https:\\\/\\\/verlag.wiethase.de\\\/#organization\",\"name\":\"Wiethase Verlag\",\"url\":\"https:\\\/\\\/verlag.wiethase.de\\\/\",\"logo\":{\"@type\":\"ImageObject\",\"inLanguage\":\"de\",\"@id\":\"https:\\\/\\\/verlag.wiethase.de\\\/#\\\/schema\\\/logo\\\/image\\\/\",\"url\":\"https:\\\/\\\/verlag.wiethase.de\\\/wp-content\\\/uploads\\\/2022\\\/07\\\/logo-verlag.jpg\",\"contentUrl\":\"https:\\\/\\\/verlag.wiethase.de\\\/wp-content\\\/uploads\\\/2022\\\/07\\\/logo-verlag.jpg\",\"width\":790,\"height\":514,\"caption\":\"Wiethase Verlag\"},\"image\":{\"@id\":\"https:\\\/\\\/verlag.wiethase.de\\\/#\\\/schema\\\/logo\\\/image\\\/\"},\"sameAs\":[\"https:\\\/\\\/www.facebook.com\\\/profile.php?id=100063974142366\"]}]}<\/script>\n<!-- \/ Yoast SEO plugin. -->","yoast_head_json":{"title":"Die rote und die blaue Frau - WiethaseVerlag","robots":{"index":"index","follow":"follow","max-snippet":"max-snippet:-1","max-image-preview":"max-image-preview:large","max-video-preview":"max-video-preview:-1"},"canonical":"https:\/\/verlag.wiethase.de\/?page_id=505","og_locale":"de_DE","og_type":"article","og_title":"Die rote und die blaue Frau - WiethaseVerlag","og_description":"Die rote und die blaue Frau, geschrieben im lyrisch-philosophischen Stil, beschreibt das Leben und Lieben der Autorin von 1967 bis 2018. Gepr\u00e4gt durch die 1968er-Jahre verl\u00e4sst Eva mit erst 17 Jahren das Elternhaus, zieht 1970 in die erste Wohngemeinschaft der &hellip; Weiterlesen &rarr;","og_url":"https:\/\/verlag.wiethase.de\/?page_id=505","og_site_name":"WiethaseVerlag","article_publisher":"https:\/\/www.facebook.com\/profile.php?id=100063974142366","article_modified_time":"2019-05-21T11:28:15+00:00","og_image":[{"width":1154,"height":1186,"url":"https:\/\/verlag.wiethase.de\/wp-content\/uploads\/2019\/03\/rote-Frau.jpeg","type":"image\/jpeg"}],"twitter_card":"summary_large_image","twitter_misc":{"Gesch\u00e4tzte Lesezeit":"1\u00a0Minute"},"schema":{"@context":"https:\/\/schema.org","@graph":[{"@type":"WebPage","@id":"https:\/\/verlag.wiethase.de\/?page_id=505","url":"https:\/\/verlag.wiethase.de\/?page_id=505","name":"Die rote und die blaue Frau - WiethaseVerlag","isPartOf":{"@id":"https:\/\/verlag.wiethase.de\/#website"},"primaryImageOfPage":{"@id":"https:\/\/verlag.wiethase.de\/?page_id=505#primaryimage"},"image":{"@id":"https:\/\/verlag.wiethase.de\/?page_id=505#primaryimage"},"thumbnailUrl":"https:\/\/verlag.wiethase.de\/wp-content\/uploads\/2019\/03\/rote-Frau.jpeg","datePublished":"2019-03-04T10:17:54+00:00","dateModified":"2019-05-21T11:28:15+00:00","breadcrumb":{"@id":"https:\/\/verlag.wiethase.de\/?page_id=505#breadcrumb"},"inLanguage":"de","potentialAction":[{"@type":"ReadAction","target":["https:\/\/verlag.wiethase.de\/?page_id=505"]}]},{"@type":"ImageObject","inLanguage":"de","@id":"https:\/\/verlag.wiethase.de\/?page_id=505#primaryimage","url":"https:\/\/verlag.wiethase.de\/wp-content\/uploads\/2019\/03\/rote-Frau.jpeg","contentUrl":"https:\/\/verlag.wiethase.de\/wp-content\/uploads\/2019\/03\/rote-Frau.jpeg","width":1154,"height":1186},{"@type":"BreadcrumbList","@id":"https:\/\/verlag.wiethase.de\/?page_id=505#breadcrumb","itemListElement":[{"@type":"ListItem","position":1,"name":"Startseite","item":"https:\/\/verlag.wiethase.de\/"},{"@type":"ListItem","position":2,"name":"Lebenswege","item":"https:\/\/verlag.wiethase.de\/?page_id=566"},{"@type":"ListItem","position":3,"name":"Die rote und die blaue Frau"}]},{"@type":"WebSite","@id":"https:\/\/verlag.wiethase.de\/#website","url":"https:\/\/verlag.wiethase.de\/","name":"WiethaseVerlag","description":"B\u00fccher - DVD - H\u00f6rb\u00fccher","publisher":{"@id":"https:\/\/verlag.wiethase.de\/#organization"},"potentialAction":[{"@type":"SearchAction","target":{"@type":"EntryPoint","urlTemplate":"https:\/\/verlag.wiethase.de\/?s={search_term_string}"},"query-input":{"@type":"PropertyValueSpecification","valueRequired":true,"valueName":"search_term_string"}}],"inLanguage":"de"},{"@type":"Organization","@id":"https:\/\/verlag.wiethase.de\/#organization","name":"Wiethase Verlag","url":"https:\/\/verlag.wiethase.de\/","logo":{"@type":"ImageObject","inLanguage":"de","@id":"https:\/\/verlag.wiethase.de\/#\/schema\/logo\/image\/","url":"https:\/\/verlag.wiethase.de\/wp-content\/uploads\/2022\/07\/logo-verlag.jpg","contentUrl":"https:\/\/verlag.wiethase.de\/wp-content\/uploads\/2022\/07\/logo-verlag.jpg","width":790,"height":514,"caption":"Wiethase Verlag"},"image":{"@id":"https:\/\/verlag.wiethase.de\/#\/schema\/logo\/image\/"},"sameAs":["https:\/\/www.facebook.com\/profile.php?id=100063974142366"]}]}},"_links":{"self":[{"href":"https:\/\/verlag.wiethase.de\/index.php?rest_route=\/wp\/v2\/pages\/505","targetHints":{"allow":["GET"]}}],"collection":[{"href":"https:\/\/verlag.wiethase.de\/index.php?rest_route=\/wp\/v2\/pages"}],"about":[{"href":"https:\/\/verlag.wiethase.de\/index.php?rest_route=\/wp\/v2\/types\/page"}],"author":[{"embeddable":true,"href":"https:\/\/verlag.wiethase.de\/index.php?rest_route=\/wp\/v2\/users\/1"}],"replies":[{"embeddable":true,"href":"https:\/\/verlag.wiethase.de\/index.php?rest_route=%2Fwp%2Fv2%2Fcomments&post=505"}],"version-history":[{"count":4,"href":"https:\/\/verlag.wiethase.de\/index.php?rest_route=\/wp\/v2\/pages\/505\/revisions"}],"predecessor-version":[{"id":512,"href":"https:\/\/verlag.wiethase.de\/index.php?rest_route=\/wp\/v2\/pages\/505\/revisions\/512"}],"up":[{"embeddable":true,"href":"https:\/\/verlag.wiethase.de\/index.php?rest_route=\/wp\/v2\/pages\/566"}],"wp:featuredmedia":[{"embeddable":true,"href":"https:\/\/verlag.wiethase.de\/index.php?rest_route=\/wp\/v2\/media\/506"}],"wp:attachment":[{"href":"https:\/\/verlag.wiethase.de\/index.php?rest_route=%2Fwp%2Fv2%2Fmedia&parent=505"}],"curies":[{"name":"wp","href":"https:\/\/api.w.org\/{rel}","templated":true}]}}