{"id":496,"date":"2018-08-01T11:12:22","date_gmt":"2018-08-01T11:12:22","guid":{"rendered":"http:\/\/verlag.wiethase.de\/?page_id=496"},"modified":"2018-08-01T11:12:22","modified_gmt":"2018-08-01T11:12:22","slug":"e-hon","status":"publish","type":"page","link":"https:\/\/verlag.wiethase.de\/?page_id=496","title":{"rendered":"E-hon"},"content":{"rendered":"<p><a href=\"https:\/\/verlag.wiethase.de\/wp-content\/uploads\/2018\/08\/5D3_0025.jpg\"><img loading=\"lazy\" decoding=\"async\" class=\"alignnone size-thumbnail wp-image-497\" src=\"https:\/\/verlag.wiethase.de\/wp-content\/uploads\/2018\/08\/5D3_0025-150x150.jpg\" alt=\"\" width=\"150\" height=\"150\" \/><\/a><a href=\"https:\/\/verlag.wiethase.de\/wp-content\/uploads\/2018\/08\/5D3_0032.jpg\"><img loading=\"lazy\" decoding=\"async\" class=\"alignnone size-thumbnail wp-image-498\" src=\"https:\/\/verlag.wiethase.de\/wp-content\/uploads\/2018\/08\/5D3_0032-150x150.jpg\" alt=\"\" width=\"150\" height=\"150\" \/><\/a> <a href=\"https:\/\/verlag.wiethase.de\/wp-content\/uploads\/2018\/08\/5D3_0033.jpg\"><img loading=\"lazy\" decoding=\"async\" class=\"alignnone size-thumbnail wp-image-499\" src=\"https:\/\/verlag.wiethase.de\/wp-content\/uploads\/2018\/08\/5D3_0033-150x150.jpg\" alt=\"\" width=\"150\" height=\"150\" \/><\/a> <a href=\"https:\/\/verlag.wiethase.de\/wp-content\/uploads\/2018\/08\/5D3_0034.jpg\"><img loading=\"lazy\" decoding=\"async\" class=\"alignnone size-thumbnail wp-image-500\" src=\"https:\/\/verlag.wiethase.de\/wp-content\/uploads\/2018\/08\/5D3_0034-150x150.jpg\" alt=\"\" width=\"150\" height=\"150\" \/><\/a><\/p>\n<p class=\"p1\"><b>E-hon<\/b><\/p>\n<p class=\"p1\">von Yuu Ninomiya<\/p>\n<p class=\"p3\">Der japanische Buchk\u00fcnstler Yuu Ninomiya hat vier Jahre lang an diesem aufw\u00e4ndigen Buch gearbeitet.<\/p>\n<p class=\"p3\">Auf den ersten Blick ist es ein Bilderbuch, auf den zweiten Blick ein <b>Buch in 12 Sprachen,<\/b> auf den dritten Blick ist es eine Reise der Fantasie mit philosophischem Hintergrund und der Einladung, sich mit Hilfe dieses Werkes auf die Vielseitigkeit unserer Existenz einzulassen.<\/p>\n<p class=\"p3\">96 ganzseitige farbige Grafiken auf 96 Seiten, Hardcover (22 x 26 cm)<\/p>\n<p class=\"p3\">ISBN 3-937632-32-8 <span class=\"Apple-converted-space\">\u00a0 <\/span>f\u00fcr \u20ac 19,90<\/p>\n","protected":false},"excerpt":{"rendered":"<p>E-hon von Yuu Ninomiya Der japanische Buchk\u00fcnstler Yuu Ninomiya hat vier Jahre lang an diesem aufw\u00e4ndigen Buch gearbeitet. Auf den ersten Blick ist es ein Bilderbuch, auf den zweiten Blick ein Buch in 12 Sprachen, auf den dritten Blick ist &hellip; <a href=\"https:\/\/verlag.wiethase.de\/?page_id=496\">Weiterlesen <span class=\"meta-nav\">&rarr;<\/span><\/a><\/p>\n","protected":false},"author":1,"featured_media":0,"parent":487,"menu_order":0,"comment_status":"closed","ping_status":"closed","template":"","meta":{"_monsterinsights_skip_tracking":false,"_monsterinsights_sitenote_active":false,"_monsterinsights_sitenote_note":"","_monsterinsights_sitenote_category":0,"footnotes":""},"class_list":["post-496","page","type-page","status-publish","hentry"],"yoast_head":"<!-- This site is optimized with the Yoast SEO plugin v27.4 - https:\/\/yoast.com\/product\/yoast-seo-wordpress\/ -->\n<title>E-hon - WiethaseVerlag<\/title>\n<meta name=\"robots\" content=\"index, follow, max-snippet:-1, max-image-preview:large, max-video-preview:-1\" \/>\n<link rel=\"canonical\" href=\"https:\/\/verlag.wiethase.de\/?page_id=496\" \/>\n<meta property=\"og:locale\" content=\"de_DE\" \/>\n<meta property=\"og:type\" content=\"article\" \/>\n<meta property=\"og:title\" content=\"E-hon - WiethaseVerlag\" \/>\n<meta property=\"og:description\" content=\"E-hon von Yuu Ninomiya Der japanische Buchk\u00fcnstler Yuu Ninomiya hat vier Jahre lang an diesem aufw\u00e4ndigen Buch gearbeitet. Auf den ersten Blick ist es ein Bilderbuch, auf den zweiten Blick ein Buch in 12 Sprachen, auf den dritten Blick ist &hellip; Weiterlesen &rarr;\" \/>\n<meta property=\"og:url\" content=\"https:\/\/verlag.wiethase.de\/?page_id=496\" \/>\n<meta property=\"og:site_name\" content=\"WiethaseVerlag\" \/>\n<meta property=\"article:publisher\" content=\"https:\/\/www.facebook.com\/profile.php?id=100063974142366\" \/>\n<meta property=\"og:image\" content=\"https:\/\/verlag.wiethase.de\/wp-content\/uploads\/2018\/08\/5D3_0025-150x150.jpg\" \/>\n<meta name=\"twitter:card\" content=\"summary_large_image\" \/>\n<script type=\"application\/ld+json\" class=\"yoast-schema-graph\">{\"@context\":\"https:\\\/\\\/schema.org\",\"@graph\":[{\"@type\":\"WebPage\",\"@id\":\"https:\\\/\\\/verlag.wiethase.de\\\/?page_id=496\",\"url\":\"https:\\\/\\\/verlag.wiethase.de\\\/?page_id=496\",\"name\":\"E-hon - WiethaseVerlag\",\"isPartOf\":{\"@id\":\"https:\\\/\\\/verlag.wiethase.de\\\/#website\"},\"primaryImageOfPage\":{\"@id\":\"https:\\\/\\\/verlag.wiethase.de\\\/?page_id=496#primaryimage\"},\"image\":{\"@id\":\"https:\\\/\\\/verlag.wiethase.de\\\/?page_id=496#primaryimage\"},\"thumbnailUrl\":\"https:\\\/\\\/verlag.wiethase.de\\\/wp-content\\\/uploads\\\/2018\\\/08\\\/5D3_0025-150x150.jpg\",\"datePublished\":\"2018-08-01T11:12:22+00:00\",\"breadcrumb\":{\"@id\":\"https:\\\/\\\/verlag.wiethase.de\\\/?page_id=496#breadcrumb\"},\"inLanguage\":\"de\",\"potentialAction\":[{\"@type\":\"ReadAction\",\"target\":[\"https:\\\/\\\/verlag.wiethase.de\\\/?page_id=496\"]}]},{\"@type\":\"ImageObject\",\"inLanguage\":\"de\",\"@id\":\"https:\\\/\\\/verlag.wiethase.de\\\/?page_id=496#primaryimage\",\"url\":\"https:\\\/\\\/verlag.wiethase.de\\\/wp-content\\\/uploads\\\/2018\\\/08\\\/5D3_0025.jpg\",\"contentUrl\":\"https:\\\/\\\/verlag.wiethase.de\\\/wp-content\\\/uploads\\\/2018\\\/08\\\/5D3_0025.jpg\",\"width\":3143,\"height\":3813},{\"@type\":\"BreadcrumbList\",\"@id\":\"https:\\\/\\\/verlag.wiethase.de\\\/?page_id=496#breadcrumb\",\"itemListElement\":[{\"@type\":\"ListItem\",\"position\":1,\"name\":\"Startseite\",\"item\":\"https:\\\/\\\/verlag.wiethase.de\\\/\"},{\"@type\":\"ListItem\",\"position\":2,\"name\":\"Kunst\\\/Art\",\"item\":\"https:\\\/\\\/verlag.wiethase.de\\\/?page_id=487\"},{\"@type\":\"ListItem\",\"position\":3,\"name\":\"E-hon\"}]},{\"@type\":\"WebSite\",\"@id\":\"https:\\\/\\\/verlag.wiethase.de\\\/#website\",\"url\":\"https:\\\/\\\/verlag.wiethase.de\\\/\",\"name\":\"WiethaseVerlag\",\"description\":\"B\u00fccher - DVD - H\u00f6rb\u00fccher\",\"publisher\":{\"@id\":\"https:\\\/\\\/verlag.wiethase.de\\\/#organization\"},\"potentialAction\":[{\"@type\":\"SearchAction\",\"target\":{\"@type\":\"EntryPoint\",\"urlTemplate\":\"https:\\\/\\\/verlag.wiethase.de\\\/?s={search_term_string}\"},\"query-input\":{\"@type\":\"PropertyValueSpecification\",\"valueRequired\":true,\"valueName\":\"search_term_string\"}}],\"inLanguage\":\"de\"},{\"@type\":\"Organization\",\"@id\":\"https:\\\/\\\/verlag.wiethase.de\\\/#organization\",\"name\":\"Wiethase Verlag\",\"url\":\"https:\\\/\\\/verlag.wiethase.de\\\/\",\"logo\":{\"@type\":\"ImageObject\",\"inLanguage\":\"de\",\"@id\":\"https:\\\/\\\/verlag.wiethase.de\\\/#\\\/schema\\\/logo\\\/image\\\/\",\"url\":\"https:\\\/\\\/verlag.wiethase.de\\\/wp-content\\\/uploads\\\/2022\\\/07\\\/logo-verlag.jpg\",\"contentUrl\":\"https:\\\/\\\/verlag.wiethase.de\\\/wp-content\\\/uploads\\\/2022\\\/07\\\/logo-verlag.jpg\",\"width\":790,\"height\":514,\"caption\":\"Wiethase Verlag\"},\"image\":{\"@id\":\"https:\\\/\\\/verlag.wiethase.de\\\/#\\\/schema\\\/logo\\\/image\\\/\"},\"sameAs\":[\"https:\\\/\\\/www.facebook.com\\\/profile.php?id=100063974142366\"]}]}<\/script>\n<!-- \/ Yoast SEO plugin. -->","yoast_head_json":{"title":"E-hon - WiethaseVerlag","robots":{"index":"index","follow":"follow","max-snippet":"max-snippet:-1","max-image-preview":"max-image-preview:large","max-video-preview":"max-video-preview:-1"},"canonical":"https:\/\/verlag.wiethase.de\/?page_id=496","og_locale":"de_DE","og_type":"article","og_title":"E-hon - WiethaseVerlag","og_description":"E-hon von Yuu Ninomiya Der japanische Buchk\u00fcnstler Yuu Ninomiya hat vier Jahre lang an diesem aufw\u00e4ndigen Buch gearbeitet. Auf den ersten Blick ist es ein Bilderbuch, auf den zweiten Blick ein Buch in 12 Sprachen, auf den dritten Blick ist &hellip; Weiterlesen &rarr;","og_url":"https:\/\/verlag.wiethase.de\/?page_id=496","og_site_name":"WiethaseVerlag","article_publisher":"https:\/\/www.facebook.com\/profile.php?id=100063974142366","og_image":[{"url":"https:\/\/verlag.wiethase.de\/wp-content\/uploads\/2018\/08\/5D3_0025-150x150.jpg","type":"","width":"","height":""}],"twitter_card":"summary_large_image","schema":{"@context":"https:\/\/schema.org","@graph":[{"@type":"WebPage","@id":"https:\/\/verlag.wiethase.de\/?page_id=496","url":"https:\/\/verlag.wiethase.de\/?page_id=496","name":"E-hon - WiethaseVerlag","isPartOf":{"@id":"https:\/\/verlag.wiethase.de\/#website"},"primaryImageOfPage":{"@id":"https:\/\/verlag.wiethase.de\/?page_id=496#primaryimage"},"image":{"@id":"https:\/\/verlag.wiethase.de\/?page_id=496#primaryimage"},"thumbnailUrl":"https:\/\/verlag.wiethase.de\/wp-content\/uploads\/2018\/08\/5D3_0025-150x150.jpg","datePublished":"2018-08-01T11:12:22+00:00","breadcrumb":{"@id":"https:\/\/verlag.wiethase.de\/?page_id=496#breadcrumb"},"inLanguage":"de","potentialAction":[{"@type":"ReadAction","target":["https:\/\/verlag.wiethase.de\/?page_id=496"]}]},{"@type":"ImageObject","inLanguage":"de","@id":"https:\/\/verlag.wiethase.de\/?page_id=496#primaryimage","url":"https:\/\/verlag.wiethase.de\/wp-content\/uploads\/2018\/08\/5D3_0025.jpg","contentUrl":"https:\/\/verlag.wiethase.de\/wp-content\/uploads\/2018\/08\/5D3_0025.jpg","width":3143,"height":3813},{"@type":"BreadcrumbList","@id":"https:\/\/verlag.wiethase.de\/?page_id=496#breadcrumb","itemListElement":[{"@type":"ListItem","position":1,"name":"Startseite","item":"https:\/\/verlag.wiethase.de\/"},{"@type":"ListItem","position":2,"name":"Kunst\/Art","item":"https:\/\/verlag.wiethase.de\/?page_id=487"},{"@type":"ListItem","position":3,"name":"E-hon"}]},{"@type":"WebSite","@id":"https:\/\/verlag.wiethase.de\/#website","url":"https:\/\/verlag.wiethase.de\/","name":"WiethaseVerlag","description":"B\u00fccher - DVD - H\u00f6rb\u00fccher","publisher":{"@id":"https:\/\/verlag.wiethase.de\/#organization"},"potentialAction":[{"@type":"SearchAction","target":{"@type":"EntryPoint","urlTemplate":"https:\/\/verlag.wiethase.de\/?s={search_term_string}"},"query-input":{"@type":"PropertyValueSpecification","valueRequired":true,"valueName":"search_term_string"}}],"inLanguage":"de"},{"@type":"Organization","@id":"https:\/\/verlag.wiethase.de\/#organization","name":"Wiethase Verlag","url":"https:\/\/verlag.wiethase.de\/","logo":{"@type":"ImageObject","inLanguage":"de","@id":"https:\/\/verlag.wiethase.de\/#\/schema\/logo\/image\/","url":"https:\/\/verlag.wiethase.de\/wp-content\/uploads\/2022\/07\/logo-verlag.jpg","contentUrl":"https:\/\/verlag.wiethase.de\/wp-content\/uploads\/2022\/07\/logo-verlag.jpg","width":790,"height":514,"caption":"Wiethase Verlag"},"image":{"@id":"https:\/\/verlag.wiethase.de\/#\/schema\/logo\/image\/"},"sameAs":["https:\/\/www.facebook.com\/profile.php?id=100063974142366"]}]}},"_links":{"self":[{"href":"https:\/\/verlag.wiethase.de\/index.php?rest_route=\/wp\/v2\/pages\/496","targetHints":{"allow":["GET"]}}],"collection":[{"href":"https:\/\/verlag.wiethase.de\/index.php?rest_route=\/wp\/v2\/pages"}],"about":[{"href":"https:\/\/verlag.wiethase.de\/index.php?rest_route=\/wp\/v2\/types\/page"}],"author":[{"embeddable":true,"href":"https:\/\/verlag.wiethase.de\/index.php?rest_route=\/wp\/v2\/users\/1"}],"replies":[{"embeddable":true,"href":"https:\/\/verlag.wiethase.de\/index.php?rest_route=%2Fwp%2Fv2%2Fcomments&post=496"}],"version-history":[{"count":1,"href":"https:\/\/verlag.wiethase.de\/index.php?rest_route=\/wp\/v2\/pages\/496\/revisions"}],"predecessor-version":[{"id":501,"href":"https:\/\/verlag.wiethase.de\/index.php?rest_route=\/wp\/v2\/pages\/496\/revisions\/501"}],"up":[{"embeddable":true,"href":"https:\/\/verlag.wiethase.de\/index.php?rest_route=\/wp\/v2\/pages\/487"}],"wp:attachment":[{"href":"https:\/\/verlag.wiethase.de\/index.php?rest_route=%2Fwp%2Fv2%2Fmedia&parent=496"}],"curies":[{"name":"wp","href":"https:\/\/api.w.org\/{rel}","templated":true}]}}