{"id":490,"date":"2018-08-01T10:50:29","date_gmt":"2018-08-01T10:50:29","guid":{"rendered":"http:\/\/verlag.wiethase.de\/?page_id=490"},"modified":"2018-08-01T11:03:58","modified_gmt":"2018-08-01T11:03:58","slug":"was-das-truthuhn-tut-nun","status":"publish","type":"page","link":"https:\/\/verlag.wiethase.de\/?page_id=490","title":{"rendered":"Was das Truthuhn tut nun"},"content":{"rendered":"<p><a href=\"https:\/\/verlag.wiethase.de\/wp-content\/uploads\/2018\/08\/Truthuhn.jpg\"><img loading=\"lazy\" decoding=\"async\" class=\"alignnone size-thumbnail wp-image-491\" src=\"https:\/\/verlag.wiethase.de\/wp-content\/uploads\/2018\/08\/Truthuhn-150x150.jpg\" alt=\"\" width=\"150\" height=\"150\" \/><\/a><a href=\"https:\/\/verlag.wiethase.de\/wp-content\/uploads\/2018\/08\/5D3_0036.jpg\"><img loading=\"lazy\" decoding=\"async\" class=\"alignnone size-thumbnail wp-image-493\" src=\"https:\/\/verlag.wiethase.de\/wp-content\/uploads\/2018\/08\/5D3_0036-150x150.jpg\" alt=\"\" width=\"150\" height=\"150\" \/><\/a><a href=\"https:\/\/verlag.wiethase.de\/wp-content\/uploads\/2018\/08\/5D3_0037.jpg\"><img loading=\"lazy\" decoding=\"async\" class=\"alignnone size-thumbnail wp-image-494\" src=\"https:\/\/verlag.wiethase.de\/wp-content\/uploads\/2018\/08\/5D3_0037-150x150.jpg\" alt=\"\" width=\"150\" height=\"150\" \/><\/a><\/p>\n<p class=\"p1\"><b>Was das Truthuhn tut nun<\/b><\/p>\n<p class=\"p1\"><b>Age fac, gallina, propera!<\/b><\/p>\n<p class=\"p3\">Der Karikaturist Matt Monte hat in diesem feinen B\u00fcchlein Tiere beim Def\u00e4kieren portraitiert und damit einem allt\u00e4glichen Vorgang humorvoll seine Aufmerksamkeit gewidmet.<\/p>\n<p class=\"p3\">Feingereimte Zweizeiler, die ins Lateinische \u00fcbertragen wurden und ein Nachwort von Heinzgert Friese runden dieses Ereignis ab.<\/p>\n<p class=\"p3\">16 ganzseitige Grafiken auf 36 Seiten gebunden im Hardcover (19 x 23 cm)<\/p>\n<p class=\"p3\">ISBN 3-937632-30-1 Verkaufspreis: \u20ac 14,90<\/p>\n","protected":false},"excerpt":{"rendered":"<p>Was das Truthuhn tut nun Age fac, gallina, propera! Der Karikaturist Matt Monte hat in diesem feinen B\u00fcchlein Tiere beim Def\u00e4kieren portraitiert und damit einem allt\u00e4glichen Vorgang humorvoll seine Aufmerksamkeit gewidmet. Feingereimte Zweizeiler, die ins Lateinische \u00fcbertragen wurden und ein &hellip; <a href=\"https:\/\/verlag.wiethase.de\/?page_id=490\">Weiterlesen <span class=\"meta-nav\">&rarr;<\/span><\/a><\/p>\n","protected":false},"author":1,"featured_media":0,"parent":487,"menu_order":0,"comment_status":"closed","ping_status":"closed","template":"","meta":{"_monsterinsights_skip_tracking":false,"_monsterinsights_sitenote_active":false,"_monsterinsights_sitenote_note":"","_monsterinsights_sitenote_category":0,"footnotes":""},"class_list":["post-490","page","type-page","status-publish","hentry"],"yoast_head":"<!-- This site is optimized with the Yoast SEO plugin v27.4 - https:\/\/yoast.com\/product\/yoast-seo-wordpress\/ -->\n<title>Was das Truthuhn tut nun - WiethaseVerlag<\/title>\n<meta name=\"robots\" content=\"index, follow, max-snippet:-1, max-image-preview:large, max-video-preview:-1\" \/>\n<link rel=\"canonical\" href=\"https:\/\/verlag.wiethase.de\/?page_id=490\" \/>\n<meta property=\"og:locale\" content=\"de_DE\" \/>\n<meta property=\"og:type\" content=\"article\" \/>\n<meta property=\"og:title\" content=\"Was das Truthuhn tut nun - WiethaseVerlag\" \/>\n<meta property=\"og:description\" content=\"Was das Truthuhn tut nun Age fac, gallina, propera! Der Karikaturist Matt Monte hat in diesem feinen B\u00fcchlein Tiere beim Def\u00e4kieren portraitiert und damit einem allt\u00e4glichen Vorgang humorvoll seine Aufmerksamkeit gewidmet. Feingereimte Zweizeiler, die ins Lateinische \u00fcbertragen wurden und ein &hellip; Weiterlesen &rarr;\" \/>\n<meta property=\"og:url\" content=\"https:\/\/verlag.wiethase.de\/?page_id=490\" \/>\n<meta property=\"og:site_name\" content=\"WiethaseVerlag\" \/>\n<meta property=\"article:publisher\" content=\"https:\/\/www.facebook.com\/profile.php?id=100063974142366\" \/>\n<meta property=\"article:modified_time\" content=\"2018-08-01T11:03:58+00:00\" \/>\n<meta property=\"og:image\" content=\"https:\/\/verlag.wiethase.de\/wp-content\/uploads\/2018\/08\/Truthuhn-150x150.jpg\" \/>\n<meta name=\"twitter:card\" content=\"summary_large_image\" \/>\n<script type=\"application\/ld+json\" class=\"yoast-schema-graph\">{\"@context\":\"https:\\\/\\\/schema.org\",\"@graph\":[{\"@type\":\"WebPage\",\"@id\":\"https:\\\/\\\/verlag.wiethase.de\\\/?page_id=490\",\"url\":\"https:\\\/\\\/verlag.wiethase.de\\\/?page_id=490\",\"name\":\"Was das Truthuhn tut nun - WiethaseVerlag\",\"isPartOf\":{\"@id\":\"https:\\\/\\\/verlag.wiethase.de\\\/#website\"},\"primaryImageOfPage\":{\"@id\":\"https:\\\/\\\/verlag.wiethase.de\\\/?page_id=490#primaryimage\"},\"image\":{\"@id\":\"https:\\\/\\\/verlag.wiethase.de\\\/?page_id=490#primaryimage\"},\"thumbnailUrl\":\"https:\\\/\\\/verlag.wiethase.de\\\/wp-content\\\/uploads\\\/2018\\\/08\\\/Truthuhn-150x150.jpg\",\"datePublished\":\"2018-08-01T10:50:29+00:00\",\"dateModified\":\"2018-08-01T11:03:58+00:00\",\"breadcrumb\":{\"@id\":\"https:\\\/\\\/verlag.wiethase.de\\\/?page_id=490#breadcrumb\"},\"inLanguage\":\"de\",\"potentialAction\":[{\"@type\":\"ReadAction\",\"target\":[\"https:\\\/\\\/verlag.wiethase.de\\\/?page_id=490\"]}]},{\"@type\":\"ImageObject\",\"inLanguage\":\"de\",\"@id\":\"https:\\\/\\\/verlag.wiethase.de\\\/?page_id=490#primaryimage\",\"url\":\"https:\\\/\\\/verlag.wiethase.de\\\/wp-content\\\/uploads\\\/2018\\\/08\\\/Truthuhn.jpg\",\"contentUrl\":\"https:\\\/\\\/verlag.wiethase.de\\\/wp-content\\\/uploads\\\/2018\\\/08\\\/Truthuhn.jpg\",\"width\":2772,\"height\":3374},{\"@type\":\"BreadcrumbList\",\"@id\":\"https:\\\/\\\/verlag.wiethase.de\\\/?page_id=490#breadcrumb\",\"itemListElement\":[{\"@type\":\"ListItem\",\"position\":1,\"name\":\"Startseite\",\"item\":\"https:\\\/\\\/verlag.wiethase.de\\\/\"},{\"@type\":\"ListItem\",\"position\":2,\"name\":\"Kunst\\\/Art\",\"item\":\"https:\\\/\\\/verlag.wiethase.de\\\/?page_id=487\"},{\"@type\":\"ListItem\",\"position\":3,\"name\":\"Was das Truthuhn tut nun\"}]},{\"@type\":\"WebSite\",\"@id\":\"https:\\\/\\\/verlag.wiethase.de\\\/#website\",\"url\":\"https:\\\/\\\/verlag.wiethase.de\\\/\",\"name\":\"WiethaseVerlag\",\"description\":\"B\u00fccher - DVD - H\u00f6rb\u00fccher\",\"publisher\":{\"@id\":\"https:\\\/\\\/verlag.wiethase.de\\\/#organization\"},\"potentialAction\":[{\"@type\":\"SearchAction\",\"target\":{\"@type\":\"EntryPoint\",\"urlTemplate\":\"https:\\\/\\\/verlag.wiethase.de\\\/?s={search_term_string}\"},\"query-input\":{\"@type\":\"PropertyValueSpecification\",\"valueRequired\":true,\"valueName\":\"search_term_string\"}}],\"inLanguage\":\"de\"},{\"@type\":\"Organization\",\"@id\":\"https:\\\/\\\/verlag.wiethase.de\\\/#organization\",\"name\":\"Wiethase Verlag\",\"url\":\"https:\\\/\\\/verlag.wiethase.de\\\/\",\"logo\":{\"@type\":\"ImageObject\",\"inLanguage\":\"de\",\"@id\":\"https:\\\/\\\/verlag.wiethase.de\\\/#\\\/schema\\\/logo\\\/image\\\/\",\"url\":\"https:\\\/\\\/verlag.wiethase.de\\\/wp-content\\\/uploads\\\/2022\\\/07\\\/logo-verlag.jpg\",\"contentUrl\":\"https:\\\/\\\/verlag.wiethase.de\\\/wp-content\\\/uploads\\\/2022\\\/07\\\/logo-verlag.jpg\",\"width\":790,\"height\":514,\"caption\":\"Wiethase Verlag\"},\"image\":{\"@id\":\"https:\\\/\\\/verlag.wiethase.de\\\/#\\\/schema\\\/logo\\\/image\\\/\"},\"sameAs\":[\"https:\\\/\\\/www.facebook.com\\\/profile.php?id=100063974142366\"]}]}<\/script>\n<!-- \/ Yoast SEO plugin. -->","yoast_head_json":{"title":"Was das Truthuhn tut nun - WiethaseVerlag","robots":{"index":"index","follow":"follow","max-snippet":"max-snippet:-1","max-image-preview":"max-image-preview:large","max-video-preview":"max-video-preview:-1"},"canonical":"https:\/\/verlag.wiethase.de\/?page_id=490","og_locale":"de_DE","og_type":"article","og_title":"Was das Truthuhn tut nun - WiethaseVerlag","og_description":"Was das Truthuhn tut nun Age fac, gallina, propera! Der Karikaturist Matt Monte hat in diesem feinen B\u00fcchlein Tiere beim Def\u00e4kieren portraitiert und damit einem allt\u00e4glichen Vorgang humorvoll seine Aufmerksamkeit gewidmet. Feingereimte Zweizeiler, die ins Lateinische \u00fcbertragen wurden und ein &hellip; Weiterlesen &rarr;","og_url":"https:\/\/verlag.wiethase.de\/?page_id=490","og_site_name":"WiethaseVerlag","article_publisher":"https:\/\/www.facebook.com\/profile.php?id=100063974142366","article_modified_time":"2018-08-01T11:03:58+00:00","og_image":[{"url":"https:\/\/verlag.wiethase.de\/wp-content\/uploads\/2018\/08\/Truthuhn-150x150.jpg","type":"","width":"","height":""}],"twitter_card":"summary_large_image","schema":{"@context":"https:\/\/schema.org","@graph":[{"@type":"WebPage","@id":"https:\/\/verlag.wiethase.de\/?page_id=490","url":"https:\/\/verlag.wiethase.de\/?page_id=490","name":"Was das Truthuhn tut nun - WiethaseVerlag","isPartOf":{"@id":"https:\/\/verlag.wiethase.de\/#website"},"primaryImageOfPage":{"@id":"https:\/\/verlag.wiethase.de\/?page_id=490#primaryimage"},"image":{"@id":"https:\/\/verlag.wiethase.de\/?page_id=490#primaryimage"},"thumbnailUrl":"https:\/\/verlag.wiethase.de\/wp-content\/uploads\/2018\/08\/Truthuhn-150x150.jpg","datePublished":"2018-08-01T10:50:29+00:00","dateModified":"2018-08-01T11:03:58+00:00","breadcrumb":{"@id":"https:\/\/verlag.wiethase.de\/?page_id=490#breadcrumb"},"inLanguage":"de","potentialAction":[{"@type":"ReadAction","target":["https:\/\/verlag.wiethase.de\/?page_id=490"]}]},{"@type":"ImageObject","inLanguage":"de","@id":"https:\/\/verlag.wiethase.de\/?page_id=490#primaryimage","url":"https:\/\/verlag.wiethase.de\/wp-content\/uploads\/2018\/08\/Truthuhn.jpg","contentUrl":"https:\/\/verlag.wiethase.de\/wp-content\/uploads\/2018\/08\/Truthuhn.jpg","width":2772,"height":3374},{"@type":"BreadcrumbList","@id":"https:\/\/verlag.wiethase.de\/?page_id=490#breadcrumb","itemListElement":[{"@type":"ListItem","position":1,"name":"Startseite","item":"https:\/\/verlag.wiethase.de\/"},{"@type":"ListItem","position":2,"name":"Kunst\/Art","item":"https:\/\/verlag.wiethase.de\/?page_id=487"},{"@type":"ListItem","position":3,"name":"Was das Truthuhn tut nun"}]},{"@type":"WebSite","@id":"https:\/\/verlag.wiethase.de\/#website","url":"https:\/\/verlag.wiethase.de\/","name":"WiethaseVerlag","description":"B\u00fccher - DVD - H\u00f6rb\u00fccher","publisher":{"@id":"https:\/\/verlag.wiethase.de\/#organization"},"potentialAction":[{"@type":"SearchAction","target":{"@type":"EntryPoint","urlTemplate":"https:\/\/verlag.wiethase.de\/?s={search_term_string}"},"query-input":{"@type":"PropertyValueSpecification","valueRequired":true,"valueName":"search_term_string"}}],"inLanguage":"de"},{"@type":"Organization","@id":"https:\/\/verlag.wiethase.de\/#organization","name":"Wiethase Verlag","url":"https:\/\/verlag.wiethase.de\/","logo":{"@type":"ImageObject","inLanguage":"de","@id":"https:\/\/verlag.wiethase.de\/#\/schema\/logo\/image\/","url":"https:\/\/verlag.wiethase.de\/wp-content\/uploads\/2022\/07\/logo-verlag.jpg","contentUrl":"https:\/\/verlag.wiethase.de\/wp-content\/uploads\/2022\/07\/logo-verlag.jpg","width":790,"height":514,"caption":"Wiethase Verlag"},"image":{"@id":"https:\/\/verlag.wiethase.de\/#\/schema\/logo\/image\/"},"sameAs":["https:\/\/www.facebook.com\/profile.php?id=100063974142366"]}]}},"_links":{"self":[{"href":"https:\/\/verlag.wiethase.de\/index.php?rest_route=\/wp\/v2\/pages\/490","targetHints":{"allow":["GET"]}}],"collection":[{"href":"https:\/\/verlag.wiethase.de\/index.php?rest_route=\/wp\/v2\/pages"}],"about":[{"href":"https:\/\/verlag.wiethase.de\/index.php?rest_route=\/wp\/v2\/types\/page"}],"author":[{"embeddable":true,"href":"https:\/\/verlag.wiethase.de\/index.php?rest_route=\/wp\/v2\/users\/1"}],"replies":[{"embeddable":true,"href":"https:\/\/verlag.wiethase.de\/index.php?rest_route=%2Fwp%2Fv2%2Fcomments&post=490"}],"version-history":[{"count":2,"href":"https:\/\/verlag.wiethase.de\/index.php?rest_route=\/wp\/v2\/pages\/490\/revisions"}],"predecessor-version":[{"id":495,"href":"https:\/\/verlag.wiethase.de\/index.php?rest_route=\/wp\/v2\/pages\/490\/revisions\/495"}],"up":[{"embeddable":true,"href":"https:\/\/verlag.wiethase.de\/index.php?rest_route=\/wp\/v2\/pages\/487"}],"wp:attachment":[{"href":"https:\/\/verlag.wiethase.de\/index.php?rest_route=%2Fwp%2Fv2%2Fmedia&parent=490"}],"curies":[{"name":"wp","href":"https:\/\/api.w.org\/{rel}","templated":true}]}}