{"id":439,"date":"2018-05-11T14:15:16","date_gmt":"2018-05-11T14:15:16","guid":{"rendered":"http:\/\/verlag.wiethase.de\/?page_id=439"},"modified":"2018-05-11T14:18:44","modified_gmt":"2018-05-11T14:18:44","slug":"indien-fuer-foreigners","status":"publish","type":"page","link":"https:\/\/verlag.wiethase.de\/?page_id=439","title":{"rendered":"Indien f\u00fcr &#8222;Foreigners&#8220;"},"content":{"rendered":"<p class=\"p1\"><a href=\"https:\/\/verlag.wiethase.de\/wp-content\/uploads\/2018\/05\/cover-foreigners-Deutsch-front.jpg\"><img loading=\"lazy\" decoding=\"async\" class=\"alignnone size-thumbnail wp-image-440\" src=\"https:\/\/verlag.wiethase.de\/wp-content\/uploads\/2018\/05\/cover-foreigners-Deutsch-front-150x150.jpg\" alt=\"\" width=\"150\" height=\"150\" \/><\/a>Was ist ein Foreigner? Bedeutet dieser Begriff schlicht Ausl\u00e4nder, oder steckt da mehr dahinter?<\/p>\n<p class=\"p1\">Warum werden alte Menschen in Indien mehr geachtet als im Westen?<\/p>\n<p class=\"p1\">Wie steht es um die Korruption in der indischen Gesellschaft?<\/p>\n<p class=\"p1\"><a href=\"https:\/\/verlag.wiethase.de\/wp-content\/uploads\/2018\/05\/Indien-fu\u0308r-Foreigner-letzte-klein-verschoben.jpg\"><img loading=\"lazy\" decoding=\"async\" class=\"alignnone size-thumbnail wp-image-447\" src=\"https:\/\/verlag.wiethase.de\/wp-content\/uploads\/2018\/05\/Indien-fu\u0308r-Foreigner-letzte-klein-verschoben-150x150.jpg\" alt=\"\" width=\"150\" height=\"150\" \/><\/a>Warum sind die Lautsprecher bei Veranstaltungen jeder Art in Indien immer so unertr\u00e4glich laut aufgedreht?<\/p>\n<p class=\"p1\">Wie steht es u\u0308berhaupt und besonders 2017 mit der Kinderarbeit in Indien?<\/p>\n<p class=\"p1\"><a href=\"https:\/\/verlag.wiethase.de\/wp-content\/uploads\/2018\/05\/Indien-fu\u0308r-Foreigners-1.jpg\"><img loading=\"lazy\" decoding=\"async\" class=\"alignnone size-thumbnail wp-image-448\" src=\"https:\/\/verlag.wiethase.de\/wp-content\/uploads\/2018\/05\/Indien-fu\u0308r-Foreigners-1-150x150.jpg\" alt=\"\" width=\"150\" height=\"150\" \/><\/a>Diese und viele andere Fragen hat der seit 14 Jahren durch Indien reisende Autor Indern gestellt und deren Antworten in dieses kleine Buch gesetzt, um dort Bru\u0308cken der Verst\u00e4ndigung zu schlagen, wo diese fehlen.<\/p>\n<p class=\"p1\"><a href=\"https:\/\/verlag.wiethase.de\/wp-content\/uploads\/2018\/05\/Indien-fu\u0308r-Foreigners-3.jpg\"><img loading=\"lazy\" decoding=\"async\" class=\"alignnone size-thumbnail wp-image-449\" src=\"https:\/\/verlag.wiethase.de\/wp-content\/uploads\/2018\/05\/Indien-fu\u0308r-Foreigners-3-150x150.jpg\" alt=\"\" width=\"150\" height=\"150\" \/><\/a>Dass das auf pers\u00f6nlichen Erlebnissen und pers\u00f6nlichem Wissen verschiedener einzelnerMenschen basiert und dennoch nicht als allgemein gu\u0308ltig bezeichnet werden kann, ist den Autoren bekannt, die trotzdem diesen Versuch nach bestem Wissen und Gewissen unternehmen.<\/p>\n<p class=\"p1\"><a href=\"https:\/\/verlag.wiethase.de\/wp-content\/uploads\/2018\/05\/Indien-fu\u0308r-Foreigners-2.jpg\"><img loading=\"lazy\" decoding=\"async\" class=\"alignnone size-thumbnail wp-image-450\" src=\"https:\/\/verlag.wiethase.de\/wp-content\/uploads\/2018\/05\/Indien-fu\u0308r-Foreigners-2-150x150.jpg\" alt=\"\" width=\"150\" height=\"150\" \/><\/a>ISBN 9783937632 55-1<\/p>\n<p class=\"p1\">102 Seiten mit farbigen Abbildungen und Fadenheftung als Softcover im A5 Querformat f\u00fcr 19,90 \u20ac<\/p>\n<p>&nbsp;<\/p>\n","protected":false},"excerpt":{"rendered":"<p>Was ist ein Foreigner? Bedeutet dieser Begriff schlicht Ausl\u00e4nder, oder steckt da mehr dahinter? Warum werden alte Menschen in Indien mehr geachtet als im Westen? Wie steht es um die Korruption in der indischen Gesellschaft? Warum sind die Lautsprecher bei &hellip; <a href=\"https:\/\/verlag.wiethase.de\/?page_id=439\">Weiterlesen <span class=\"meta-nav\">&rarr;<\/span><\/a><\/p>\n","protected":false},"author":1,"featured_media":0,"parent":435,"menu_order":0,"comment_status":"closed","ping_status":"closed","template":"","meta":{"_monsterinsights_skip_tracking":false,"_monsterinsights_sitenote_active":false,"_monsterinsights_sitenote_note":"","_monsterinsights_sitenote_category":0,"footnotes":""},"class_list":["post-439","page","type-page","status-publish","hentry"],"yoast_head":"<!-- This site is optimized with the Yoast SEO plugin v27.4 - https:\/\/yoast.com\/product\/yoast-seo-wordpress\/ -->\n<title>Indien f\u00fcr &quot;Foreigners&quot; - WiethaseVerlag<\/title>\n<meta name=\"robots\" content=\"index, follow, max-snippet:-1, max-image-preview:large, max-video-preview:-1\" \/>\n<link rel=\"canonical\" href=\"https:\/\/verlag.wiethase.de\/?page_id=439\" \/>\n<meta property=\"og:locale\" content=\"de_DE\" \/>\n<meta property=\"og:type\" content=\"article\" \/>\n<meta property=\"og:title\" content=\"Indien f\u00fcr &quot;Foreigners&quot; - WiethaseVerlag\" \/>\n<meta property=\"og:description\" content=\"Was ist ein Foreigner? Bedeutet dieser Begriff schlicht Ausl\u00e4nder, oder steckt da mehr dahinter? Warum werden alte Menschen in Indien mehr geachtet als im Westen? Wie steht es um die Korruption in der indischen Gesellschaft? Warum sind die Lautsprecher bei &hellip; Weiterlesen &rarr;\" \/>\n<meta property=\"og:url\" content=\"https:\/\/verlag.wiethase.de\/?page_id=439\" \/>\n<meta property=\"og:site_name\" content=\"WiethaseVerlag\" \/>\n<meta property=\"article:publisher\" content=\"https:\/\/www.facebook.com\/profile.php?id=100063974142366\" \/>\n<meta property=\"article:modified_time\" content=\"2018-05-11T14:18:44+00:00\" \/>\n<meta property=\"og:image\" content=\"https:\/\/verlag.wiethase.de\/wp-content\/uploads\/2018\/05\/cover-foreigners-Deutsch-front-150x150.jpg\" \/>\n<meta name=\"twitter:card\" content=\"summary_large_image\" \/>\n<meta name=\"twitter:label1\" content=\"Gesch\u00e4tzte Lesezeit\" \/>\n\t<meta name=\"twitter:data1\" content=\"1\u00a0Minute\" \/>\n<script type=\"application\/ld+json\" class=\"yoast-schema-graph\">{\"@context\":\"https:\\\/\\\/schema.org\",\"@graph\":[{\"@type\":\"WebPage\",\"@id\":\"https:\\\/\\\/verlag.wiethase.de\\\/?page_id=439\",\"url\":\"https:\\\/\\\/verlag.wiethase.de\\\/?page_id=439\",\"name\":\"Indien f\u00fcr \\\"Foreigners\\\" - WiethaseVerlag\",\"isPartOf\":{\"@id\":\"https:\\\/\\\/verlag.wiethase.de\\\/#website\"},\"primaryImageOfPage\":{\"@id\":\"https:\\\/\\\/verlag.wiethase.de\\\/?page_id=439#primaryimage\"},\"image\":{\"@id\":\"https:\\\/\\\/verlag.wiethase.de\\\/?page_id=439#primaryimage\"},\"thumbnailUrl\":\"https:\\\/\\\/verlag.wiethase.de\\\/wp-content\\\/uploads\\\/2018\\\/05\\\/cover-foreigners-Deutsch-front-150x150.jpg\",\"datePublished\":\"2018-05-11T14:15:16+00:00\",\"dateModified\":\"2018-05-11T14:18:44+00:00\",\"breadcrumb\":{\"@id\":\"https:\\\/\\\/verlag.wiethase.de\\\/?page_id=439#breadcrumb\"},\"inLanguage\":\"de\",\"potentialAction\":[{\"@type\":\"ReadAction\",\"target\":[\"https:\\\/\\\/verlag.wiethase.de\\\/?page_id=439\"]}]},{\"@type\":\"ImageObject\",\"inLanguage\":\"de\",\"@id\":\"https:\\\/\\\/verlag.wiethase.de\\\/?page_id=439#primaryimage\",\"url\":\"https:\\\/\\\/verlag.wiethase.de\\\/wp-content\\\/uploads\\\/2018\\\/05\\\/cover-foreigners-Deutsch-front.jpg\",\"contentUrl\":\"https:\\\/\\\/verlag.wiethase.de\\\/wp-content\\\/uploads\\\/2018\\\/05\\\/cover-foreigners-Deutsch-front.jpg\",\"width\":2374,\"height\":1653},{\"@type\":\"BreadcrumbList\",\"@id\":\"https:\\\/\\\/verlag.wiethase.de\\\/?page_id=439#breadcrumb\",\"itemListElement\":[{\"@type\":\"ListItem\",\"position\":1,\"name\":\"Startseite\",\"item\":\"https:\\\/\\\/verlag.wiethase.de\\\/\"},{\"@type\":\"ListItem\",\"position\":2,\"name\":\"Indien\",\"item\":\"https:\\\/\\\/verlag.wiethase.de\\\/?page_id=435\"},{\"@type\":\"ListItem\",\"position\":3,\"name\":\"Indien f\u00fcr &#8222;Foreigners&#8220;\"}]},{\"@type\":\"WebSite\",\"@id\":\"https:\\\/\\\/verlag.wiethase.de\\\/#website\",\"url\":\"https:\\\/\\\/verlag.wiethase.de\\\/\",\"name\":\"WiethaseVerlag\",\"description\":\"B\u00fccher - DVD - H\u00f6rb\u00fccher\",\"publisher\":{\"@id\":\"https:\\\/\\\/verlag.wiethase.de\\\/#organization\"},\"potentialAction\":[{\"@type\":\"SearchAction\",\"target\":{\"@type\":\"EntryPoint\",\"urlTemplate\":\"https:\\\/\\\/verlag.wiethase.de\\\/?s={search_term_string}\"},\"query-input\":{\"@type\":\"PropertyValueSpecification\",\"valueRequired\":true,\"valueName\":\"search_term_string\"}}],\"inLanguage\":\"de\"},{\"@type\":\"Organization\",\"@id\":\"https:\\\/\\\/verlag.wiethase.de\\\/#organization\",\"name\":\"Wiethase Verlag\",\"url\":\"https:\\\/\\\/verlag.wiethase.de\\\/\",\"logo\":{\"@type\":\"ImageObject\",\"inLanguage\":\"de\",\"@id\":\"https:\\\/\\\/verlag.wiethase.de\\\/#\\\/schema\\\/logo\\\/image\\\/\",\"url\":\"https:\\\/\\\/verlag.wiethase.de\\\/wp-content\\\/uploads\\\/2022\\\/07\\\/logo-verlag.jpg\",\"contentUrl\":\"https:\\\/\\\/verlag.wiethase.de\\\/wp-content\\\/uploads\\\/2022\\\/07\\\/logo-verlag.jpg\",\"width\":790,\"height\":514,\"caption\":\"Wiethase Verlag\"},\"image\":{\"@id\":\"https:\\\/\\\/verlag.wiethase.de\\\/#\\\/schema\\\/logo\\\/image\\\/\"},\"sameAs\":[\"https:\\\/\\\/www.facebook.com\\\/profile.php?id=100063974142366\"]}]}<\/script>\n<!-- \/ Yoast SEO plugin. -->","yoast_head_json":{"title":"Indien f\u00fcr \"Foreigners\" - WiethaseVerlag","robots":{"index":"index","follow":"follow","max-snippet":"max-snippet:-1","max-image-preview":"max-image-preview:large","max-video-preview":"max-video-preview:-1"},"canonical":"https:\/\/verlag.wiethase.de\/?page_id=439","og_locale":"de_DE","og_type":"article","og_title":"Indien f\u00fcr \"Foreigners\" - WiethaseVerlag","og_description":"Was ist ein Foreigner? Bedeutet dieser Begriff schlicht Ausl\u00e4nder, oder steckt da mehr dahinter? Warum werden alte Menschen in Indien mehr geachtet als im Westen? Wie steht es um die Korruption in der indischen Gesellschaft? Warum sind die Lautsprecher bei &hellip; Weiterlesen &rarr;","og_url":"https:\/\/verlag.wiethase.de\/?page_id=439","og_site_name":"WiethaseVerlag","article_publisher":"https:\/\/www.facebook.com\/profile.php?id=100063974142366","article_modified_time":"2018-05-11T14:18:44+00:00","og_image":[{"url":"https:\/\/verlag.wiethase.de\/wp-content\/uploads\/2018\/05\/cover-foreigners-Deutsch-front-150x150.jpg","type":"","width":"","height":""}],"twitter_card":"summary_large_image","twitter_misc":{"Gesch\u00e4tzte Lesezeit":"1\u00a0Minute"},"schema":{"@context":"https:\/\/schema.org","@graph":[{"@type":"WebPage","@id":"https:\/\/verlag.wiethase.de\/?page_id=439","url":"https:\/\/verlag.wiethase.de\/?page_id=439","name":"Indien f\u00fcr \"Foreigners\" - WiethaseVerlag","isPartOf":{"@id":"https:\/\/verlag.wiethase.de\/#website"},"primaryImageOfPage":{"@id":"https:\/\/verlag.wiethase.de\/?page_id=439#primaryimage"},"image":{"@id":"https:\/\/verlag.wiethase.de\/?page_id=439#primaryimage"},"thumbnailUrl":"https:\/\/verlag.wiethase.de\/wp-content\/uploads\/2018\/05\/cover-foreigners-Deutsch-front-150x150.jpg","datePublished":"2018-05-11T14:15:16+00:00","dateModified":"2018-05-11T14:18:44+00:00","breadcrumb":{"@id":"https:\/\/verlag.wiethase.de\/?page_id=439#breadcrumb"},"inLanguage":"de","potentialAction":[{"@type":"ReadAction","target":["https:\/\/verlag.wiethase.de\/?page_id=439"]}]},{"@type":"ImageObject","inLanguage":"de","@id":"https:\/\/verlag.wiethase.de\/?page_id=439#primaryimage","url":"https:\/\/verlag.wiethase.de\/wp-content\/uploads\/2018\/05\/cover-foreigners-Deutsch-front.jpg","contentUrl":"https:\/\/verlag.wiethase.de\/wp-content\/uploads\/2018\/05\/cover-foreigners-Deutsch-front.jpg","width":2374,"height":1653},{"@type":"BreadcrumbList","@id":"https:\/\/verlag.wiethase.de\/?page_id=439#breadcrumb","itemListElement":[{"@type":"ListItem","position":1,"name":"Startseite","item":"https:\/\/verlag.wiethase.de\/"},{"@type":"ListItem","position":2,"name":"Indien","item":"https:\/\/verlag.wiethase.de\/?page_id=435"},{"@type":"ListItem","position":3,"name":"Indien f\u00fcr &#8222;Foreigners&#8220;"}]},{"@type":"WebSite","@id":"https:\/\/verlag.wiethase.de\/#website","url":"https:\/\/verlag.wiethase.de\/","name":"WiethaseVerlag","description":"B\u00fccher - DVD - H\u00f6rb\u00fccher","publisher":{"@id":"https:\/\/verlag.wiethase.de\/#organization"},"potentialAction":[{"@type":"SearchAction","target":{"@type":"EntryPoint","urlTemplate":"https:\/\/verlag.wiethase.de\/?s={search_term_string}"},"query-input":{"@type":"PropertyValueSpecification","valueRequired":true,"valueName":"search_term_string"}}],"inLanguage":"de"},{"@type":"Organization","@id":"https:\/\/verlag.wiethase.de\/#organization","name":"Wiethase Verlag","url":"https:\/\/verlag.wiethase.de\/","logo":{"@type":"ImageObject","inLanguage":"de","@id":"https:\/\/verlag.wiethase.de\/#\/schema\/logo\/image\/","url":"https:\/\/verlag.wiethase.de\/wp-content\/uploads\/2022\/07\/logo-verlag.jpg","contentUrl":"https:\/\/verlag.wiethase.de\/wp-content\/uploads\/2022\/07\/logo-verlag.jpg","width":790,"height":514,"caption":"Wiethase Verlag"},"image":{"@id":"https:\/\/verlag.wiethase.de\/#\/schema\/logo\/image\/"},"sameAs":["https:\/\/www.facebook.com\/profile.php?id=100063974142366"]}]}},"_links":{"self":[{"href":"https:\/\/verlag.wiethase.de\/index.php?rest_route=\/wp\/v2\/pages\/439","targetHints":{"allow":["GET"]}}],"collection":[{"href":"https:\/\/verlag.wiethase.de\/index.php?rest_route=\/wp\/v2\/pages"}],"about":[{"href":"https:\/\/verlag.wiethase.de\/index.php?rest_route=\/wp\/v2\/types\/page"}],"author":[{"embeddable":true,"href":"https:\/\/verlag.wiethase.de\/index.php?rest_route=\/wp\/v2\/users\/1"}],"replies":[{"embeddable":true,"href":"https:\/\/verlag.wiethase.de\/index.php?rest_route=%2Fwp%2Fv2%2Fcomments&post=439"}],"version-history":[{"count":3,"href":"https:\/\/verlag.wiethase.de\/index.php?rest_route=\/wp\/v2\/pages\/439\/revisions"}],"predecessor-version":[{"id":452,"href":"https:\/\/verlag.wiethase.de\/index.php?rest_route=\/wp\/v2\/pages\/439\/revisions\/452"}],"up":[{"embeddable":true,"href":"https:\/\/verlag.wiethase.de\/index.php?rest_route=\/wp\/v2\/pages\/435"}],"wp:attachment":[{"href":"https:\/\/verlag.wiethase.de\/index.php?rest_route=%2Fwp%2Fv2%2Fmedia&parent=439"}],"curies":[{"name":"wp","href":"https:\/\/api.w.org\/{rel}","templated":true}]}}