{"id":405,"date":"2017-10-13T09:33:17","date_gmt":"2017-10-13T09:33:17","guid":{"rendered":"http:\/\/verlag.wiethase.de\/?page_id=405"},"modified":"2022-02-19T22:26:08","modified_gmt":"2022-02-19T22:26:08","slug":"der-ayurveda-im-westen-band-2","status":"publish","type":"page","link":"https:\/\/verlag.wiethase.de\/?page_id=405","title":{"rendered":"Der Ayurveda im Westen &#8211; Band 2"},"content":{"rendered":"<p class=\"p1\">Mit unserem Band II kn\u00fcpfen wir an die traditionelle indische Medizin des Ayurveda an und unternehmen den gewagten Versuch, auch das Wissen \u00fcber die ayurvedische Ern\u00e4hrungsweise, insbesondere die Eigenschaften von tierischen Produkten wie Fleisch, Fisch, Ghee, Milch, u.a., aber auch von Metallen und Erden zu durchleuchten. Gerade bei den heutigen Zivilisationskrankheiten wie Bluthochdruck, Schlaganf\u00e4llen, Arthritis, aber auch \u00dcbergewicht, Magen-\/Darmbeschwerden oder Infektionskrankheiten kann der Ayurveda nachweislich eine wirksame Ma\u00dfnahme sein, zum Beispiel in Form von Lebensstil\u00e4nderung oder \u00c4nderung der Ern\u00e4hrungsgewohnheiten.<\/p>\n<p><a href=\"https:\/\/verlag.wiethase.de\/wp-content\/uploads\/2017\/10\/cover-ayurbuch-2klein.jpg\"><img loading=\"lazy\" decoding=\"async\" class=\"alignnone size-thumbnail wp-image-406\" src=\"https:\/\/verlag.wiethase.de\/wp-content\/uploads\/2017\/10\/cover-ayurbuch-2klein-150x150.jpg\" alt=\"\" width=\"150\" height=\"150\" \/><\/a><a href=\"https:\/\/verlag.wiethase.de\/wp-content\/uploads\/2017\/10\/inhalt-buch-2.jpeg\"><img loading=\"lazy\" decoding=\"async\" class=\"alignnone size-thumbnail wp-image-412\" src=\"https:\/\/verlag.wiethase.de\/wp-content\/uploads\/2017\/10\/inhalt-buch-2-150x150.jpeg\" alt=\"\" width=\"150\" height=\"150\" \/><\/a> <a href=\"https:\/\/verlag.wiethase.de\/wp-content\/uploads\/2017\/10\/cover-ayurbuch-2back.jpg\"><img loading=\"lazy\" decoding=\"async\" class=\"alignnone size-thumbnail wp-image-407\" src=\"https:\/\/verlag.wiethase.de\/wp-content\/uploads\/2017\/10\/cover-ayurbuch-2back-150x150.jpg\" alt=\"\" width=\"150\" height=\"150\" \/><\/a> <a href=\"https:\/\/verlag.wiethase.de\/wp-content\/uploads\/2017\/10\/Ayurvedabuch-Band-2-end-verschoben-4.jpg\"><img loading=\"lazy\" decoding=\"async\" class=\"alignnone size-thumbnail wp-image-408\" src=\"https:\/\/verlag.wiethase.de\/wp-content\/uploads\/2017\/10\/Ayurvedabuch-Band-2-end-verschoben-4-150x150.jpg\" alt=\"\" width=\"150\" height=\"150\" \/><\/a> <a href=\"https:\/\/verlag.wiethase.de\/wp-content\/uploads\/2017\/10\/Ayurvedabuch-Band-2-end-verschoben-1.jpg\"><img loading=\"lazy\" decoding=\"async\" class=\"alignnone size-thumbnail wp-image-409\" src=\"https:\/\/verlag.wiethase.de\/wp-content\/uploads\/2017\/10\/Ayurvedabuch-Band-2-end-verschoben-1-150x150.jpg\" alt=\"\" width=\"150\" height=\"150\" \/><\/a> <a href=\"https:\/\/verlag.wiethase.de\/wp-content\/uploads\/2017\/10\/Ayurvedabuch-Band-2-end-verschoben-3.jpg\"><img loading=\"lazy\" decoding=\"async\" class=\"alignnone size-thumbnail wp-image-410\" src=\"https:\/\/verlag.wiethase.de\/wp-content\/uploads\/2017\/10\/Ayurvedabuch-Band-2-end-verschoben-3-150x150.jpg\" alt=\"\" width=\"150\" height=\"150\" \/><\/a> <a href=\"https:\/\/verlag.wiethase.de\/wp-content\/uploads\/2017\/10\/Ayurvedabuch-Band-2-end-verschoben-5.jpg\"><img loading=\"lazy\" decoding=\"async\" class=\"alignnone size-thumbnail wp-image-411\" src=\"https:\/\/verlag.wiethase.de\/wp-content\/uploads\/2017\/10\/Ayurvedabuch-Band-2-end-verschoben-5-150x150.jpg\" alt=\"\" width=\"150\" height=\"150\" \/><\/a><\/p>\n<p>Das Buch kostet 89,00 \u20ac als Hardcover mit Fadenbindung und 384 Seiten . \u00d6sterreich: 91,50 Schweiz UVP 95,00<\/p>\n","protected":false},"excerpt":{"rendered":"<p>Mit unserem Band II kn\u00fcpfen wir an die traditionelle indische Medizin des Ayurveda an und unternehmen den gewagten Versuch, auch das Wissen \u00fcber die ayurvedische Ern\u00e4hrungsweise, insbesondere die Eigenschaften von tierischen Produkten wie Fleisch, Fisch, Ghee, Milch, u.a., aber auch &hellip; <a href=\"https:\/\/verlag.wiethase.de\/?page_id=405\">Weiterlesen <span class=\"meta-nav\">&rarr;<\/span><\/a><\/p>\n","protected":false},"author":1,"featured_media":0,"parent":390,"menu_order":0,"comment_status":"closed","ping_status":"closed","template":"","meta":{"_monsterinsights_skip_tracking":false,"_monsterinsights_sitenote_active":false,"_monsterinsights_sitenote_note":"","_monsterinsights_sitenote_category":0,"footnotes":""},"class_list":["post-405","page","type-page","status-publish","hentry"],"yoast_head":"<!-- This site is optimized with the Yoast SEO plugin v27.4 - https:\/\/yoast.com\/product\/yoast-seo-wordpress\/ -->\n<title>Der Ayurveda im Westen - Band 2 - WiethaseVerlag<\/title>\n<meta name=\"robots\" content=\"index, follow, max-snippet:-1, max-image-preview:large, max-video-preview:-1\" \/>\n<link rel=\"canonical\" href=\"https:\/\/verlag.wiethase.de\/?page_id=405\" \/>\n<meta property=\"og:locale\" content=\"de_DE\" \/>\n<meta property=\"og:type\" content=\"article\" \/>\n<meta property=\"og:title\" content=\"Der Ayurveda im Westen - Band 2 - WiethaseVerlag\" \/>\n<meta property=\"og:description\" content=\"Mit unserem Band II kn\u00fcpfen wir an die traditionelle indische Medizin des Ayurveda an und unternehmen den gewagten Versuch, auch das Wissen \u00fcber die ayurvedische Ern\u00e4hrungsweise, insbesondere die Eigenschaften von tierischen Produkten wie Fleisch, Fisch, Ghee, Milch, u.a., aber auch &hellip; Weiterlesen &rarr;\" \/>\n<meta property=\"og:url\" content=\"https:\/\/verlag.wiethase.de\/?page_id=405\" \/>\n<meta property=\"og:site_name\" content=\"WiethaseVerlag\" \/>\n<meta property=\"article:publisher\" content=\"https:\/\/www.facebook.com\/profile.php?id=100063974142366\" \/>\n<meta property=\"article:modified_time\" content=\"2022-02-19T22:26:08+00:00\" \/>\n<meta property=\"og:image\" content=\"https:\/\/verlag.wiethase.de\/wp-content\/uploads\/2017\/10\/cover-ayurbuch-2klein-150x150.jpg\" \/>\n<meta name=\"twitter:card\" content=\"summary_large_image\" \/>\n<meta name=\"twitter:label1\" content=\"Gesch\u00e4tzte Lesezeit\" \/>\n\t<meta name=\"twitter:data1\" content=\"2\u00a0Minuten\" \/>\n<script type=\"application\/ld+json\" class=\"yoast-schema-graph\">{\"@context\":\"https:\\\/\\\/schema.org\",\"@graph\":[{\"@type\":\"WebPage\",\"@id\":\"https:\\\/\\\/verlag.wiethase.de\\\/?page_id=405\",\"url\":\"https:\\\/\\\/verlag.wiethase.de\\\/?page_id=405\",\"name\":\"Der Ayurveda im Westen - Band 2 - WiethaseVerlag\",\"isPartOf\":{\"@id\":\"https:\\\/\\\/verlag.wiethase.de\\\/#website\"},\"primaryImageOfPage\":{\"@id\":\"https:\\\/\\\/verlag.wiethase.de\\\/?page_id=405#primaryimage\"},\"image\":{\"@id\":\"https:\\\/\\\/verlag.wiethase.de\\\/?page_id=405#primaryimage\"},\"thumbnailUrl\":\"https:\\\/\\\/verlag.wiethase.de\\\/wp-content\\\/uploads\\\/2017\\\/10\\\/cover-ayurbuch-2klein-150x150.jpg\",\"datePublished\":\"2017-10-13T09:33:17+00:00\",\"dateModified\":\"2022-02-19T22:26:08+00:00\",\"breadcrumb\":{\"@id\":\"https:\\\/\\\/verlag.wiethase.de\\\/?page_id=405#breadcrumb\"},\"inLanguage\":\"de\",\"potentialAction\":[{\"@type\":\"ReadAction\",\"target\":[\"https:\\\/\\\/verlag.wiethase.de\\\/?page_id=405\"]}]},{\"@type\":\"ImageObject\",\"inLanguage\":\"de\",\"@id\":\"https:\\\/\\\/verlag.wiethase.de\\\/?page_id=405#primaryimage\",\"url\":\"https:\\\/\\\/verlag.wiethase.de\\\/wp-content\\\/uploads\\\/2017\\\/10\\\/cover-ayurbuch-2klein.jpg\",\"contentUrl\":\"https:\\\/\\\/verlag.wiethase.de\\\/wp-content\\\/uploads\\\/2017\\\/10\\\/cover-ayurbuch-2klein.jpg\",\"width\":2485,\"height\":3593},{\"@type\":\"BreadcrumbList\",\"@id\":\"https:\\\/\\\/verlag.wiethase.de\\\/?page_id=405#breadcrumb\",\"itemListElement\":[{\"@type\":\"ListItem\",\"position\":1,\"name\":\"Startseite\",\"item\":\"https:\\\/\\\/verlag.wiethase.de\\\/\"},{\"@type\":\"ListItem\",\"position\":2,\"name\":\"Ayurveda Deutsch\",\"item\":\"https:\\\/\\\/verlag.wiethase.de\\\/?page_id=390\"},{\"@type\":\"ListItem\",\"position\":3,\"name\":\"Der Ayurveda im Westen &#8211; Band 2\"}]},{\"@type\":\"WebSite\",\"@id\":\"https:\\\/\\\/verlag.wiethase.de\\\/#website\",\"url\":\"https:\\\/\\\/verlag.wiethase.de\\\/\",\"name\":\"WiethaseVerlag\",\"description\":\"B\u00fccher - DVD - H\u00f6rb\u00fccher\",\"publisher\":{\"@id\":\"https:\\\/\\\/verlag.wiethase.de\\\/#organization\"},\"potentialAction\":[{\"@type\":\"SearchAction\",\"target\":{\"@type\":\"EntryPoint\",\"urlTemplate\":\"https:\\\/\\\/verlag.wiethase.de\\\/?s={search_term_string}\"},\"query-input\":{\"@type\":\"PropertyValueSpecification\",\"valueRequired\":true,\"valueName\":\"search_term_string\"}}],\"inLanguage\":\"de\"},{\"@type\":\"Organization\",\"@id\":\"https:\\\/\\\/verlag.wiethase.de\\\/#organization\",\"name\":\"Wiethase Verlag\",\"url\":\"https:\\\/\\\/verlag.wiethase.de\\\/\",\"logo\":{\"@type\":\"ImageObject\",\"inLanguage\":\"de\",\"@id\":\"https:\\\/\\\/verlag.wiethase.de\\\/#\\\/schema\\\/logo\\\/image\\\/\",\"url\":\"https:\\\/\\\/verlag.wiethase.de\\\/wp-content\\\/uploads\\\/2022\\\/07\\\/logo-verlag.jpg\",\"contentUrl\":\"https:\\\/\\\/verlag.wiethase.de\\\/wp-content\\\/uploads\\\/2022\\\/07\\\/logo-verlag.jpg\",\"width\":790,\"height\":514,\"caption\":\"Wiethase Verlag\"},\"image\":{\"@id\":\"https:\\\/\\\/verlag.wiethase.de\\\/#\\\/schema\\\/logo\\\/image\\\/\"},\"sameAs\":[\"https:\\\/\\\/www.facebook.com\\\/profile.php?id=100063974142366\"]}]}<\/script>\n<!-- \/ Yoast SEO plugin. -->","yoast_head_json":{"title":"Der Ayurveda im Westen - Band 2 - WiethaseVerlag","robots":{"index":"index","follow":"follow","max-snippet":"max-snippet:-1","max-image-preview":"max-image-preview:large","max-video-preview":"max-video-preview:-1"},"canonical":"https:\/\/verlag.wiethase.de\/?page_id=405","og_locale":"de_DE","og_type":"article","og_title":"Der Ayurveda im Westen - Band 2 - WiethaseVerlag","og_description":"Mit unserem Band II kn\u00fcpfen wir an die traditionelle indische Medizin des Ayurveda an und unternehmen den gewagten Versuch, auch das Wissen \u00fcber die ayurvedische Ern\u00e4hrungsweise, insbesondere die Eigenschaften von tierischen Produkten wie Fleisch, Fisch, Ghee, Milch, u.a., aber auch &hellip; Weiterlesen &rarr;","og_url":"https:\/\/verlag.wiethase.de\/?page_id=405","og_site_name":"WiethaseVerlag","article_publisher":"https:\/\/www.facebook.com\/profile.php?id=100063974142366","article_modified_time":"2022-02-19T22:26:08+00:00","og_image":[{"url":"https:\/\/verlag.wiethase.de\/wp-content\/uploads\/2017\/10\/cover-ayurbuch-2klein-150x150.jpg","type":"","width":"","height":""}],"twitter_card":"summary_large_image","twitter_misc":{"Gesch\u00e4tzte Lesezeit":"2\u00a0Minuten"},"schema":{"@context":"https:\/\/schema.org","@graph":[{"@type":"WebPage","@id":"https:\/\/verlag.wiethase.de\/?page_id=405","url":"https:\/\/verlag.wiethase.de\/?page_id=405","name":"Der Ayurveda im Westen - Band 2 - WiethaseVerlag","isPartOf":{"@id":"https:\/\/verlag.wiethase.de\/#website"},"primaryImageOfPage":{"@id":"https:\/\/verlag.wiethase.de\/?page_id=405#primaryimage"},"image":{"@id":"https:\/\/verlag.wiethase.de\/?page_id=405#primaryimage"},"thumbnailUrl":"https:\/\/verlag.wiethase.de\/wp-content\/uploads\/2017\/10\/cover-ayurbuch-2klein-150x150.jpg","datePublished":"2017-10-13T09:33:17+00:00","dateModified":"2022-02-19T22:26:08+00:00","breadcrumb":{"@id":"https:\/\/verlag.wiethase.de\/?page_id=405#breadcrumb"},"inLanguage":"de","potentialAction":[{"@type":"ReadAction","target":["https:\/\/verlag.wiethase.de\/?page_id=405"]}]},{"@type":"ImageObject","inLanguage":"de","@id":"https:\/\/verlag.wiethase.de\/?page_id=405#primaryimage","url":"https:\/\/verlag.wiethase.de\/wp-content\/uploads\/2017\/10\/cover-ayurbuch-2klein.jpg","contentUrl":"https:\/\/verlag.wiethase.de\/wp-content\/uploads\/2017\/10\/cover-ayurbuch-2klein.jpg","width":2485,"height":3593},{"@type":"BreadcrumbList","@id":"https:\/\/verlag.wiethase.de\/?page_id=405#breadcrumb","itemListElement":[{"@type":"ListItem","position":1,"name":"Startseite","item":"https:\/\/verlag.wiethase.de\/"},{"@type":"ListItem","position":2,"name":"Ayurveda Deutsch","item":"https:\/\/verlag.wiethase.de\/?page_id=390"},{"@type":"ListItem","position":3,"name":"Der Ayurveda im Westen &#8211; Band 2"}]},{"@type":"WebSite","@id":"https:\/\/verlag.wiethase.de\/#website","url":"https:\/\/verlag.wiethase.de\/","name":"WiethaseVerlag","description":"B\u00fccher - DVD - H\u00f6rb\u00fccher","publisher":{"@id":"https:\/\/verlag.wiethase.de\/#organization"},"potentialAction":[{"@type":"SearchAction","target":{"@type":"EntryPoint","urlTemplate":"https:\/\/verlag.wiethase.de\/?s={search_term_string}"},"query-input":{"@type":"PropertyValueSpecification","valueRequired":true,"valueName":"search_term_string"}}],"inLanguage":"de"},{"@type":"Organization","@id":"https:\/\/verlag.wiethase.de\/#organization","name":"Wiethase Verlag","url":"https:\/\/verlag.wiethase.de\/","logo":{"@type":"ImageObject","inLanguage":"de","@id":"https:\/\/verlag.wiethase.de\/#\/schema\/logo\/image\/","url":"https:\/\/verlag.wiethase.de\/wp-content\/uploads\/2022\/07\/logo-verlag.jpg","contentUrl":"https:\/\/verlag.wiethase.de\/wp-content\/uploads\/2022\/07\/logo-verlag.jpg","width":790,"height":514,"caption":"Wiethase Verlag"},"image":{"@id":"https:\/\/verlag.wiethase.de\/#\/schema\/logo\/image\/"},"sameAs":["https:\/\/www.facebook.com\/profile.php?id=100063974142366"]}]}},"_links":{"self":[{"href":"https:\/\/verlag.wiethase.de\/index.php?rest_route=\/wp\/v2\/pages\/405","targetHints":{"allow":["GET"]}}],"collection":[{"href":"https:\/\/verlag.wiethase.de\/index.php?rest_route=\/wp\/v2\/pages"}],"about":[{"href":"https:\/\/verlag.wiethase.de\/index.php?rest_route=\/wp\/v2\/types\/page"}],"author":[{"embeddable":true,"href":"https:\/\/verlag.wiethase.de\/index.php?rest_route=\/wp\/v2\/users\/1"}],"replies":[{"embeddable":true,"href":"https:\/\/verlag.wiethase.de\/index.php?rest_route=%2Fwp%2Fv2%2Fcomments&post=405"}],"version-history":[{"count":2,"href":"https:\/\/verlag.wiethase.de\/index.php?rest_route=\/wp\/v2\/pages\/405\/revisions"}],"predecessor-version":[{"id":854,"href":"https:\/\/verlag.wiethase.de\/index.php?rest_route=\/wp\/v2\/pages\/405\/revisions\/854"}],"up":[{"embeddable":true,"href":"https:\/\/verlag.wiethase.de\/index.php?rest_route=\/wp\/v2\/pages\/390"}],"wp:attachment":[{"href":"https:\/\/verlag.wiethase.de\/index.php?rest_route=%2Fwp%2Fv2%2Fmedia&parent=405"}],"curies":[{"name":"wp","href":"https:\/\/api.w.org\/{rel}","templated":true}]}}