{"id":351,"date":"2017-06-19T09:55:01","date_gmt":"2017-06-19T09:55:01","guid":{"rendered":"http:\/\/verlag.wiethase.de\/?page_id=351"},"modified":"2022-02-19T22:33:08","modified_gmt":"2022-02-19T22:33:08","slug":"world-of-arrows-arrows-of-the-world","status":"publish","type":"page","link":"https:\/\/verlag.wiethase.de\/?page_id=351","title":{"rendered":"World of Arrows &#8211; Arrows of the World"},"content":{"rendered":"<p class=\"p1\">A book about the arrows of the world first requires one thing: the order of the world.<\/p>\n<p class=\"p1\">What first appears simple when one begins to arrange according to continents but then is complicated, because movement of the cultures do not match the continents movements, especially concerning the Eurasian continent. On this largest continent on earth, so much has happened in the history of culture, that it is difficult to make a clear separation. Thus, the present work presents the world in turn both to the spread of the Homo sapiens, as well as the great cultures as they spread out. Mixtures can not be avoided.<\/p>\n<p class=\"p1\">The major chapters will be:<strong> Africa, Europe, Middle East and Ottoman Empire, Indian Subcontinent with Nepal, China and Mongolia, North Asia, Central Asia with Japan, Vietnam, Malay Archipelago, Oceania, North America with Alaska and lastly South America down to Tierra del Fuego.<\/strong><\/p>\n<p class=\"p1\">The divisions within the chapters are based on the fertility of the finds and sources, as well as other specific topics that result.<\/p>\n<p class=\"p1\">The arrow poisons, their analysis and use, are explained in each appropriate Chapter.<\/p>\n<p class=\"p1\">Lastly, a detailed directory is attached for the search for designations and terms.<\/p>\n<p class=\"p1\">Thus, the work can also be used to determine artifacts whose origin the owner was previously unknown or uncertain. The origin of the illustration shown, is right next to the respective illustration. All other illustrations are from Hendrik Wiethase. The Bibliography closes the work. If quotations from old sources are inserted, then generally the same spelling remains from the respective original text.<\/p>\n<p class=\"p1\">ISBN 9783937632 84-1 \u00a0402 pages in A4 with more than 770 photographs, 224 graphics, 46 panels and 29 maps, most of them in colour. Weight: 2 kg. Price: 85,00 Euro plus postage according to the country of the order. Payment in advance.<\/p>\n<p><a href=\"https:\/\/verlag.wiethase.de\/wp-content\/uploads\/2017\/06\/Arrows-of-the-world-front.jpg\"><img loading=\"lazy\" decoding=\"async\" class=\"alignnone size-thumbnail wp-image-352\" src=\"https:\/\/verlag.wiethase.de\/wp-content\/uploads\/2017\/06\/Arrows-of-the-world-front-150x150.jpg\" alt=\"\" width=\"150\" height=\"150\" srcset=\"https:\/\/verlag.wiethase.de\/wp-content\/uploads\/2017\/06\/Arrows-of-the-world-front-150x150.jpg 150w, https:\/\/verlag.wiethase.de\/wp-content\/uploads\/2017\/06\/Arrows-of-the-world-front-100x100.jpg 100w\" sizes=\"auto, (max-width: 150px) 100vw, 150px\" \/><\/a> <a href=\"https:\/\/verlag.wiethase.de\/wp-content\/uploads\/2017\/06\/Arrows-cover-back.jpg\"><img loading=\"lazy\" decoding=\"async\" class=\"alignnone size-thumbnail wp-image-361\" src=\"https:\/\/verlag.wiethase.de\/wp-content\/uploads\/2017\/06\/Arrows-cover-back-150x150.jpg\" alt=\"\" width=\"150\" height=\"150\" srcset=\"https:\/\/verlag.wiethase.de\/wp-content\/uploads\/2017\/06\/Arrows-cover-back-150x150.jpg 150w, https:\/\/verlag.wiethase.de\/wp-content\/uploads\/2017\/06\/Arrows-cover-back-100x100.jpg 100w\" sizes=\"auto, (max-width: 150px) 100vw, 150px\" \/><\/a><a href=\"https:\/\/verlag.wiethase.de\/wp-content\/uploads\/2017\/06\/Arrows-of-the-World-korrigierte-Endfassung-verschoben-1.jpg\"><img loading=\"lazy\" decoding=\"async\" class=\"alignnone size-thumbnail wp-image-353\" src=\"https:\/\/verlag.wiethase.de\/wp-content\/uploads\/2017\/06\/Arrows-of-the-World-korrigierte-Endfassung-verschoben-1-150x150.jpg\" alt=\"\" width=\"150\" height=\"150\" srcset=\"https:\/\/verlag.wiethase.de\/wp-content\/uploads\/2017\/06\/Arrows-of-the-World-korrigierte-Endfassung-verschoben-1-150x150.jpg 150w, https:\/\/verlag.wiethase.de\/wp-content\/uploads\/2017\/06\/Arrows-of-the-World-korrigierte-Endfassung-verschoben-1-100x100.jpg 100w\" sizes=\"auto, (max-width: 150px) 100vw, 150px\" \/><\/a> <a href=\"https:\/\/verlag.wiethase.de\/wp-content\/uploads\/2017\/06\/Arrows-of-the-World-korrigierte-Endfassung-verschoben-2.jpg\"><img loading=\"lazy\" decoding=\"async\" class=\"alignnone size-thumbnail wp-image-354\" src=\"https:\/\/verlag.wiethase.de\/wp-content\/uploads\/2017\/06\/Arrows-of-the-World-korrigierte-Endfassung-verschoben-2-150x150.jpg\" alt=\"\" width=\"150\" height=\"150\" srcset=\"https:\/\/verlag.wiethase.de\/wp-content\/uploads\/2017\/06\/Arrows-of-the-World-korrigierte-Endfassung-verschoben-2-150x150.jpg 150w, https:\/\/verlag.wiethase.de\/wp-content\/uploads\/2017\/06\/Arrows-of-the-World-korrigierte-Endfassung-verschoben-2-100x100.jpg 100w\" sizes=\"auto, (max-width: 150px) 100vw, 150px\" \/><\/a> <a href=\"https:\/\/verlag.wiethase.de\/wp-content\/uploads\/2017\/06\/Arrows-of-the-World-korrigierte-Endfassung-verschoben-3.jpg\"><img loading=\"lazy\" decoding=\"async\" class=\"alignnone size-thumbnail wp-image-355\" src=\"https:\/\/verlag.wiethase.de\/wp-content\/uploads\/2017\/06\/Arrows-of-the-World-korrigierte-Endfassung-verschoben-3-150x150.jpg\" alt=\"\" width=\"150\" height=\"150\" srcset=\"https:\/\/verlag.wiethase.de\/wp-content\/uploads\/2017\/06\/Arrows-of-the-World-korrigierte-Endfassung-verschoben-3-150x150.jpg 150w, https:\/\/verlag.wiethase.de\/wp-content\/uploads\/2017\/06\/Arrows-of-the-World-korrigierte-Endfassung-verschoben-3-100x100.jpg 100w\" sizes=\"auto, (max-width: 150px) 100vw, 150px\" \/><\/a> <a href=\"https:\/\/verlag.wiethase.de\/wp-content\/uploads\/2017\/06\/Arrows-of-the-World-korrigierte-Endfassung-verschoben-4.jpg\"><img loading=\"lazy\" decoding=\"async\" class=\"alignnone size-thumbnail wp-image-356\" src=\"https:\/\/verlag.wiethase.de\/wp-content\/uploads\/2017\/06\/Arrows-of-the-World-korrigierte-Endfassung-verschoben-4-150x150.jpg\" alt=\"\" width=\"150\" height=\"150\" srcset=\"https:\/\/verlag.wiethase.de\/wp-content\/uploads\/2017\/06\/Arrows-of-the-World-korrigierte-Endfassung-verschoben-4-150x150.jpg 150w, https:\/\/verlag.wiethase.de\/wp-content\/uploads\/2017\/06\/Arrows-of-the-World-korrigierte-Endfassung-verschoben-4-100x100.jpg 100w\" sizes=\"auto, (max-width: 150px) 100vw, 150px\" \/><\/a> <a href=\"https:\/\/verlag.wiethase.de\/wp-content\/uploads\/2017\/06\/Arrows-of-the-World-korrigierte-Endfassung-verschoben-5.jpg\"><img loading=\"lazy\" decoding=\"async\" class=\"alignnone size-thumbnail wp-image-357\" src=\"https:\/\/verlag.wiethase.de\/wp-content\/uploads\/2017\/06\/Arrows-of-the-World-korrigierte-Endfassung-verschoben-5-150x150.jpg\" alt=\"\" width=\"150\" height=\"150\" srcset=\"https:\/\/verlag.wiethase.de\/wp-content\/uploads\/2017\/06\/Arrows-of-the-World-korrigierte-Endfassung-verschoben-5-150x150.jpg 150w, https:\/\/verlag.wiethase.de\/wp-content\/uploads\/2017\/06\/Arrows-of-the-World-korrigierte-Endfassung-verschoben-5-100x100.jpg 100w\" sizes=\"auto, (max-width: 150px) 100vw, 150px\" \/><\/a> <a href=\"https:\/\/verlag.wiethase.de\/wp-content\/uploads\/2017\/06\/Arrows-of-the-World-korrigierte-Endfassung-verschoben-6.jpg\"><img loading=\"lazy\" decoding=\"async\" class=\"alignnone size-thumbnail wp-image-358\" src=\"https:\/\/verlag.wiethase.de\/wp-content\/uploads\/2017\/06\/Arrows-of-the-World-korrigierte-Endfassung-verschoben-6-150x150.jpg\" alt=\"\" width=\"150\" height=\"150\" srcset=\"https:\/\/verlag.wiethase.de\/wp-content\/uploads\/2017\/06\/Arrows-of-the-World-korrigierte-Endfassung-verschoben-6-150x150.jpg 150w, https:\/\/verlag.wiethase.de\/wp-content\/uploads\/2017\/06\/Arrows-of-the-World-korrigierte-Endfassung-verschoben-6-100x100.jpg 100w\" sizes=\"auto, (max-width: 150px) 100vw, 150px\" \/><\/a> <a href=\"https:\/\/verlag.wiethase.de\/wp-content\/uploads\/2017\/06\/Arrows-of-the-World-korrigierte-Endfassung-verschoben-7.jpg\"><img loading=\"lazy\" decoding=\"async\" class=\"alignnone size-thumbnail wp-image-359\" src=\"https:\/\/verlag.wiethase.de\/wp-content\/uploads\/2017\/06\/Arrows-of-the-World-korrigierte-Endfassung-verschoben-7-150x150.jpg\" alt=\"\" width=\"150\" height=\"150\" srcset=\"https:\/\/verlag.wiethase.de\/wp-content\/uploads\/2017\/06\/Arrows-of-the-World-korrigierte-Endfassung-verschoben-7-150x150.jpg 150w, https:\/\/verlag.wiethase.de\/wp-content\/uploads\/2017\/06\/Arrows-of-the-World-korrigierte-Endfassung-verschoben-7-100x100.jpg 100w\" sizes=\"auto, (max-width: 150px) 100vw, 150px\" \/><\/a> <a href=\"https:\/\/verlag.wiethase.de\/wp-content\/uploads\/2017\/06\/Arrows-of-the-World-korrigierte-Endfassung-verschoben-8.jpg\"><img loading=\"lazy\" decoding=\"async\" class=\"alignnone size-thumbnail wp-image-360\" src=\"https:\/\/verlag.wiethase.de\/wp-content\/uploads\/2017\/06\/Arrows-of-the-World-korrigierte-Endfassung-verschoben-8-150x150.jpg\" alt=\"\" width=\"150\" height=\"150\" srcset=\"https:\/\/verlag.wiethase.de\/wp-content\/uploads\/2017\/06\/Arrows-of-the-World-korrigierte-Endfassung-verschoben-8-150x150.jpg 150w, https:\/\/verlag.wiethase.de\/wp-content\/uploads\/2017\/06\/Arrows-of-the-World-korrigierte-Endfassung-verschoben-8-100x100.jpg 100w\" sizes=\"auto, (max-width: 150px) 100vw, 150px\" \/><\/a> <a href=\"https:\/\/verlag.wiethase.de\/wp-content\/uploads\/2017\/06\/Arrows-of-the-World-korrigierte-Endfassung-verschoben-11.jpg\"><img loading=\"lazy\" decoding=\"async\" class=\"alignnone size-thumbnail wp-image-362\" src=\"https:\/\/verlag.wiethase.de\/wp-content\/uploads\/2017\/06\/Arrows-of-the-World-korrigierte-Endfassung-verschoben-11-150x150.jpg\" alt=\"\" width=\"150\" height=\"150\" srcset=\"https:\/\/verlag.wiethase.de\/wp-content\/uploads\/2017\/06\/Arrows-of-the-World-korrigierte-Endfassung-verschoben-11-150x150.jpg 150w, https:\/\/verlag.wiethase.de\/wp-content\/uploads\/2017\/06\/Arrows-of-the-World-korrigierte-Endfassung-verschoben-11-100x100.jpg 100w\" sizes=\"auto, (max-width: 150px) 100vw, 150px\" \/><\/a> <a href=\"https:\/\/verlag.wiethase.de\/wp-content\/uploads\/2017\/06\/Arrows-of-the-World-korrigierte-Endfassung-verschoben.jpg\"><img loading=\"lazy\" decoding=\"async\" class=\"alignnone size-thumbnail wp-image-363\" src=\"https:\/\/verlag.wiethase.de\/wp-content\/uploads\/2017\/06\/Arrows-of-the-World-korrigierte-Endfassung-verschoben-150x150.jpg\" alt=\"\" width=\"150\" height=\"150\" srcset=\"https:\/\/verlag.wiethase.de\/wp-content\/uploads\/2017\/06\/Arrows-of-the-World-korrigierte-Endfassung-verschoben-150x150.jpg 150w, https:\/\/verlag.wiethase.de\/wp-content\/uploads\/2017\/06\/Arrows-of-the-World-korrigierte-Endfassung-verschoben-100x100.jpg 100w\" sizes=\"auto, (max-width: 150px) 100vw, 150px\" \/><\/a><\/p>\n","protected":false},"excerpt":{"rendered":"<p>A book about the arrows of the world first requires one thing: the order of the world. What first appears simple when one begins to arrange according to continents but then is complicated, because movement of the cultures do not &hellip; <a href=\"https:\/\/verlag.wiethase.de\/?page_id=351\">Weiterlesen <span class=\"meta-nav\">&rarr;<\/span><\/a><\/p>\n","protected":false},"author":1,"featured_media":0,"parent":388,"menu_order":0,"comment_status":"closed","ping_status":"closed","template":"","meta":{"_monsterinsights_skip_tracking":false,"_monsterinsights_sitenote_active":false,"_monsterinsights_sitenote_note":"","_monsterinsights_sitenote_category":0,"footnotes":""},"class_list":["post-351","page","type-page","status-publish","hentry"],"yoast_head":"<!-- This site is optimized with the Yoast SEO plugin v27.5 - https:\/\/yoast.com\/product\/yoast-seo-wordpress\/ -->\n<title>World of Arrows - Arrows of the World - WiethaseVerlag<\/title>\n<meta name=\"robots\" content=\"index, follow, max-snippet:-1, max-image-preview:large, max-video-preview:-1\" \/>\n<link rel=\"canonical\" href=\"https:\/\/verlag.wiethase.de\/?page_id=351\" \/>\n<meta property=\"og:locale\" content=\"de_DE\" \/>\n<meta property=\"og:type\" content=\"article\" \/>\n<meta property=\"og:title\" content=\"World of Arrows - Arrows of the World - WiethaseVerlag\" \/>\n<meta property=\"og:description\" content=\"A book about the arrows of the world first requires one thing: the order of the world. What first appears simple when one begins to arrange according to continents but then is complicated, because movement of the cultures do not &hellip; Weiterlesen &rarr;\" \/>\n<meta property=\"og:url\" content=\"https:\/\/verlag.wiethase.de\/?page_id=351\" \/>\n<meta property=\"og:site_name\" content=\"WiethaseVerlag\" \/>\n<meta property=\"article:publisher\" content=\"https:\/\/www.facebook.com\/profile.php?id=100063974142366\" \/>\n<meta property=\"article:modified_time\" content=\"2022-02-19T22:33:08+00:00\" \/>\n<meta property=\"og:image\" content=\"https:\/\/verlag.wiethase.de\/wp-content\/uploads\/2017\/06\/Arrows-of-the-world-front-150x150.jpg\" \/>\n<meta name=\"twitter:card\" content=\"summary_large_image\" \/>\n<meta name=\"twitter:label1\" content=\"Gesch\u00e4tzte Lesezeit\" \/>\n\t<meta name=\"twitter:data1\" content=\"5\u00a0Minuten\" \/>\n<script type=\"application\/ld+json\" class=\"yoast-schema-graph\">{\"@context\":\"https:\\\/\\\/schema.org\",\"@graph\":[{\"@type\":\"WebPage\",\"@id\":\"https:\\\/\\\/verlag.wiethase.de\\\/?page_id=351\",\"url\":\"https:\\\/\\\/verlag.wiethase.de\\\/?page_id=351\",\"name\":\"World of Arrows - Arrows of the World - WiethaseVerlag\",\"isPartOf\":{\"@id\":\"https:\\\/\\\/verlag.wiethase.de\\\/#website\"},\"primaryImageOfPage\":{\"@id\":\"https:\\\/\\\/verlag.wiethase.de\\\/?page_id=351#primaryimage\"},\"image\":{\"@id\":\"https:\\\/\\\/verlag.wiethase.de\\\/?page_id=351#primaryimage\"},\"thumbnailUrl\":\"https:\\\/\\\/verlag.wiethase.de\\\/wp-content\\\/uploads\\\/2017\\\/06\\\/Arrows-of-the-world-front-150x150.jpg\",\"datePublished\":\"2017-06-19T09:55:01+00:00\",\"dateModified\":\"2022-02-19T22:33:08+00:00\",\"breadcrumb\":{\"@id\":\"https:\\\/\\\/verlag.wiethase.de\\\/?page_id=351#breadcrumb\"},\"inLanguage\":\"de\",\"potentialAction\":[{\"@type\":\"ReadAction\",\"target\":[\"https:\\\/\\\/verlag.wiethase.de\\\/?page_id=351\"]}]},{\"@type\":\"ImageObject\",\"inLanguage\":\"de\",\"@id\":\"https:\\\/\\\/verlag.wiethase.de\\\/?page_id=351#primaryimage\",\"url\":\"https:\\\/\\\/verlag.wiethase.de\\\/wp-content\\\/uploads\\\/2017\\\/06\\\/Arrows-of-the-world-front-scaled.jpg\",\"contentUrl\":\"https:\\\/\\\/verlag.wiethase.de\\\/wp-content\\\/uploads\\\/2017\\\/06\\\/Arrows-of-the-world-front-scaled.jpg\",\"width\":1776,\"height\":2560},{\"@type\":\"BreadcrumbList\",\"@id\":\"https:\\\/\\\/verlag.wiethase.de\\\/?page_id=351#breadcrumb\",\"itemListElement\":[{\"@type\":\"ListItem\",\"position\":1,\"name\":\"Startseite\",\"item\":\"https:\\\/\\\/verlag.wiethase.de\\\/\"},{\"@type\":\"ListItem\",\"position\":2,\"name\":\"Archery books\",\"item\":\"https:\\\/\\\/verlag.wiethase.de\\\/?page_id=388\"},{\"@type\":\"ListItem\",\"position\":3,\"name\":\"World of Arrows &#8211; Arrows of the World\"}]},{\"@type\":\"WebSite\",\"@id\":\"https:\\\/\\\/verlag.wiethase.de\\\/#website\",\"url\":\"https:\\\/\\\/verlag.wiethase.de\\\/\",\"name\":\"WiethaseVerlag\",\"description\":\"B\u00fccher - DVD - H\u00f6rb\u00fccher\",\"publisher\":{\"@id\":\"https:\\\/\\\/verlag.wiethase.de\\\/#organization\"},\"potentialAction\":[{\"@type\":\"SearchAction\",\"target\":{\"@type\":\"EntryPoint\",\"urlTemplate\":\"https:\\\/\\\/verlag.wiethase.de\\\/?s={search_term_string}\"},\"query-input\":{\"@type\":\"PropertyValueSpecification\",\"valueRequired\":true,\"valueName\":\"search_term_string\"}}],\"inLanguage\":\"de\"},{\"@type\":\"Organization\",\"@id\":\"https:\\\/\\\/verlag.wiethase.de\\\/#organization\",\"name\":\"Wiethase Verlag\",\"url\":\"https:\\\/\\\/verlag.wiethase.de\\\/\",\"logo\":{\"@type\":\"ImageObject\",\"inLanguage\":\"de\",\"@id\":\"https:\\\/\\\/verlag.wiethase.de\\\/#\\\/schema\\\/logo\\\/image\\\/\",\"url\":\"https:\\\/\\\/verlag.wiethase.de\\\/wp-content\\\/uploads\\\/2022\\\/07\\\/logo-verlag.jpg\",\"contentUrl\":\"https:\\\/\\\/verlag.wiethase.de\\\/wp-content\\\/uploads\\\/2022\\\/07\\\/logo-verlag.jpg\",\"width\":790,\"height\":514,\"caption\":\"Wiethase Verlag\"},\"image\":{\"@id\":\"https:\\\/\\\/verlag.wiethase.de\\\/#\\\/schema\\\/logo\\\/image\\\/\"},\"sameAs\":[\"https:\\\/\\\/www.facebook.com\\\/profile.php?id=100063974142366\"]}]}<\/script>\n<!-- \/ Yoast SEO plugin. -->","yoast_head_json":{"title":"World of Arrows - Arrows of the World - WiethaseVerlag","robots":{"index":"index","follow":"follow","max-snippet":"max-snippet:-1","max-image-preview":"max-image-preview:large","max-video-preview":"max-video-preview:-1"},"canonical":"https:\/\/verlag.wiethase.de\/?page_id=351","og_locale":"de_DE","og_type":"article","og_title":"World of Arrows - Arrows of the World - WiethaseVerlag","og_description":"A book about the arrows of the world first requires one thing: the order of the world. What first appears simple when one begins to arrange according to continents but then is complicated, because movement of the cultures do not &hellip; Weiterlesen &rarr;","og_url":"https:\/\/verlag.wiethase.de\/?page_id=351","og_site_name":"WiethaseVerlag","article_publisher":"https:\/\/www.facebook.com\/profile.php?id=100063974142366","article_modified_time":"2022-02-19T22:33:08+00:00","og_image":[{"url":"https:\/\/verlag.wiethase.de\/wp-content\/uploads\/2017\/06\/Arrows-of-the-world-front-150x150.jpg","type":"","width":"","height":""}],"twitter_card":"summary_large_image","twitter_misc":{"Gesch\u00e4tzte Lesezeit":"5\u00a0Minuten"},"schema":{"@context":"https:\/\/schema.org","@graph":[{"@type":"WebPage","@id":"https:\/\/verlag.wiethase.de\/?page_id=351","url":"https:\/\/verlag.wiethase.de\/?page_id=351","name":"World of Arrows - Arrows of the World - WiethaseVerlag","isPartOf":{"@id":"https:\/\/verlag.wiethase.de\/#website"},"primaryImageOfPage":{"@id":"https:\/\/verlag.wiethase.de\/?page_id=351#primaryimage"},"image":{"@id":"https:\/\/verlag.wiethase.de\/?page_id=351#primaryimage"},"thumbnailUrl":"https:\/\/verlag.wiethase.de\/wp-content\/uploads\/2017\/06\/Arrows-of-the-world-front-150x150.jpg","datePublished":"2017-06-19T09:55:01+00:00","dateModified":"2022-02-19T22:33:08+00:00","breadcrumb":{"@id":"https:\/\/verlag.wiethase.de\/?page_id=351#breadcrumb"},"inLanguage":"de","potentialAction":[{"@type":"ReadAction","target":["https:\/\/verlag.wiethase.de\/?page_id=351"]}]},{"@type":"ImageObject","inLanguage":"de","@id":"https:\/\/verlag.wiethase.de\/?page_id=351#primaryimage","url":"https:\/\/verlag.wiethase.de\/wp-content\/uploads\/2017\/06\/Arrows-of-the-world-front-scaled.jpg","contentUrl":"https:\/\/verlag.wiethase.de\/wp-content\/uploads\/2017\/06\/Arrows-of-the-world-front-scaled.jpg","width":1776,"height":2560},{"@type":"BreadcrumbList","@id":"https:\/\/verlag.wiethase.de\/?page_id=351#breadcrumb","itemListElement":[{"@type":"ListItem","position":1,"name":"Startseite","item":"https:\/\/verlag.wiethase.de\/"},{"@type":"ListItem","position":2,"name":"Archery books","item":"https:\/\/verlag.wiethase.de\/?page_id=388"},{"@type":"ListItem","position":3,"name":"World of Arrows &#8211; Arrows of the World"}]},{"@type":"WebSite","@id":"https:\/\/verlag.wiethase.de\/#website","url":"https:\/\/verlag.wiethase.de\/","name":"WiethaseVerlag","description":"B\u00fccher - DVD - H\u00f6rb\u00fccher","publisher":{"@id":"https:\/\/verlag.wiethase.de\/#organization"},"potentialAction":[{"@type":"SearchAction","target":{"@type":"EntryPoint","urlTemplate":"https:\/\/verlag.wiethase.de\/?s={search_term_string}"},"query-input":{"@type":"PropertyValueSpecification","valueRequired":true,"valueName":"search_term_string"}}],"inLanguage":"de"},{"@type":"Organization","@id":"https:\/\/verlag.wiethase.de\/#organization","name":"Wiethase Verlag","url":"https:\/\/verlag.wiethase.de\/","logo":{"@type":"ImageObject","inLanguage":"de","@id":"https:\/\/verlag.wiethase.de\/#\/schema\/logo\/image\/","url":"https:\/\/verlag.wiethase.de\/wp-content\/uploads\/2022\/07\/logo-verlag.jpg","contentUrl":"https:\/\/verlag.wiethase.de\/wp-content\/uploads\/2022\/07\/logo-verlag.jpg","width":790,"height":514,"caption":"Wiethase Verlag"},"image":{"@id":"https:\/\/verlag.wiethase.de\/#\/schema\/logo\/image\/"},"sameAs":["https:\/\/www.facebook.com\/profile.php?id=100063974142366"]}]}},"jetpack_sharing_enabled":true,"_links":{"self":[{"href":"https:\/\/verlag.wiethase.de\/index.php?rest_route=\/wp\/v2\/pages\/351","targetHints":{"allow":["GET"]}}],"collection":[{"href":"https:\/\/verlag.wiethase.de\/index.php?rest_route=\/wp\/v2\/pages"}],"about":[{"href":"https:\/\/verlag.wiethase.de\/index.php?rest_route=\/wp\/v2\/types\/page"}],"author":[{"embeddable":true,"href":"https:\/\/verlag.wiethase.de\/index.php?rest_route=\/wp\/v2\/users\/1"}],"replies":[{"embeddable":true,"href":"https:\/\/verlag.wiethase.de\/index.php?rest_route=%2Fwp%2Fv2%2Fcomments&post=351"}],"version-history":[{"count":3,"href":"https:\/\/verlag.wiethase.de\/index.php?rest_route=\/wp\/v2\/pages\/351\/revisions"}],"predecessor-version":[{"id":860,"href":"https:\/\/verlag.wiethase.de\/index.php?rest_route=\/wp\/v2\/pages\/351\/revisions\/860"}],"up":[{"embeddable":true,"href":"https:\/\/verlag.wiethase.de\/index.php?rest_route=\/wp\/v2\/pages\/388"}],"wp:attachment":[{"href":"https:\/\/verlag.wiethase.de\/index.php?rest_route=%2Fwp%2Fv2%2Fmedia&parent=351"}],"curies":[{"name":"wp","href":"https:\/\/api.w.org\/{rel}","templated":true}]}}