{"id":344,"date":"2017-05-03T16:13:18","date_gmt":"2017-05-03T16:13:18","guid":{"rendered":"http:\/\/verlag.wiethase.de\/?page_id=344"},"modified":"2019-05-07T11:00:59","modified_gmt":"2019-05-07T11:00:59","slug":"astha-vativu-8-animals","status":"publish","type":"page","link":"https:\/\/verlag.wiethase.de\/?page_id=344","title":{"rendered":"Astha vativu &#8211; 8 animals"},"content":{"rendered":"<p class=\"p1\">The eight animal postures of Kalarippayatt<\/p>\n<p class=\"p2\">and their settings<\/p>\n<p><a href=\"https:\/\/verlag.wiethase.de\/wp-content\/uploads\/2017\/05\/8-animals-cover-buch-engl.jpg\"><img loading=\"lazy\" decoding=\"async\" class=\"alignnone size-thumbnail wp-image-345\" src=\"https:\/\/verlag.wiethase.de\/wp-content\/uploads\/2017\/05\/8-animals-cover-buch-engl-150x150.jpg\" alt=\"\" width=\"150\" height=\"150\" \/><\/a><\/p>\n<p class=\"p1\">In all the martial arts of the world animal forms surrendered, ahead of all in the South Indian Kalarippayatt, which is designated as the mother of the martial arts, as it is in China starting at the beginning of the first millennium, imported by a Buddhist monk, martial arts such as Kung fu, Tai Chi, Karate etc. developed.<\/p>\n<p class=\"p1\"><a href=\"https:\/\/verlag.wiethase.de\/wp-content\/uploads\/2017\/05\/8Tiere-32.jpg\"><img loading=\"lazy\" decoding=\"async\" class=\"alignnone size-thumbnail wp-image-341\" src=\"https:\/\/verlag.wiethase.de\/wp-content\/uploads\/2017\/05\/8Tiere-32-150x150.jpg\" alt=\"\" width=\"150\" height=\"150\" \/><\/a><\/p>\n<p class=\"p1\">The individual animal forms (vativus) are elephant, lion, cat, horse, wild boar, snake, cock, and fish. They are embedded in adavus, contiguous, flowing movements consisting of foot \/ footwork, arm \/ handwork and other bodywork.<\/p>\n<p class=\"p1\"><a href=\"https:\/\/verlag.wiethase.de\/wp-content\/uploads\/2017\/05\/8Tiere-31.jpg\"><img loading=\"lazy\" decoding=\"async\" class=\"alignnone size-thumbnail wp-image-340\" src=\"https:\/\/verlag.wiethase.de\/wp-content\/uploads\/2017\/05\/8Tiere-31-150x150.jpg\" alt=\"\" width=\"150\" height=\"150\" \/><\/a><\/p>\n<p class=\"p1\">The adavus are largely similar from school to school, but they can also differ greatly. The postures of the Kalarippayatt are thus not static forms, but flowing processes with forms as stations.<\/p>\n<p class=\"p1\">With the professional support of Radhika Gurukkal und Dr. Lal Krishnan.<\/p>\n<p class=\"p1\">The sample pages are from the German version.\u00a0Euro 19,90<\/p>\n","protected":false},"excerpt":{"rendered":"<p>The eight animal postures of Kalarippayatt and their settings In all the martial arts of the world animal forms surrendered, ahead of all in the South Indian Kalarippayatt, which is designated as the mother of the martial arts, as it &hellip; <a href=\"https:\/\/verlag.wiethase.de\/?page_id=344\">Weiterlesen <span class=\"meta-nav\">&rarr;<\/span><\/a><\/p>\n","protected":false},"author":1,"featured_media":0,"parent":396,"menu_order":0,"comment_status":"closed","ping_status":"closed","template":"","meta":{"_monsterinsights_skip_tracking":false,"_monsterinsights_sitenote_active":false,"_monsterinsights_sitenote_note":"","_monsterinsights_sitenote_category":0,"footnotes":""},"class_list":["post-344","page","type-page","status-publish","hentry"],"yoast_head":"<!-- This site is optimized with the Yoast SEO plugin v27.4 - https:\/\/yoast.com\/product\/yoast-seo-wordpress\/ -->\n<title>Astha vativu - 8 animals - WiethaseVerlag<\/title>\n<meta name=\"robots\" content=\"index, follow, max-snippet:-1, max-image-preview:large, max-video-preview:-1\" \/>\n<link rel=\"canonical\" href=\"https:\/\/verlag.wiethase.de\/?page_id=344\" \/>\n<meta property=\"og:locale\" content=\"de_DE\" \/>\n<meta property=\"og:type\" content=\"article\" \/>\n<meta property=\"og:title\" content=\"Astha vativu - 8 animals - WiethaseVerlag\" \/>\n<meta property=\"og:description\" content=\"The eight animal postures of Kalarippayatt and their settings In all the martial arts of the world animal forms surrendered, ahead of all in the South Indian Kalarippayatt, which is designated as the mother of the martial arts, as it &hellip; Weiterlesen &rarr;\" \/>\n<meta property=\"og:url\" content=\"https:\/\/verlag.wiethase.de\/?page_id=344\" \/>\n<meta property=\"og:site_name\" content=\"WiethaseVerlag\" \/>\n<meta property=\"article:publisher\" content=\"https:\/\/www.facebook.com\/profile.php?id=100063974142366\" \/>\n<meta property=\"article:modified_time\" content=\"2019-05-07T11:00:59+00:00\" \/>\n<meta property=\"og:image\" content=\"https:\/\/verlag.wiethase.de\/wp-content\/uploads\/2017\/05\/8-animals-cover-buch-engl-150x150.jpg\" \/>\n<meta name=\"twitter:card\" content=\"summary_large_image\" \/>\n<meta name=\"twitter:label1\" content=\"Gesch\u00e4tzte Lesezeit\" \/>\n\t<meta name=\"twitter:data1\" content=\"1\u00a0Minute\" \/>\n<script type=\"application\/ld+json\" class=\"yoast-schema-graph\">{\"@context\":\"https:\\\/\\\/schema.org\",\"@graph\":[{\"@type\":\"WebPage\",\"@id\":\"https:\\\/\\\/verlag.wiethase.de\\\/?page_id=344\",\"url\":\"https:\\\/\\\/verlag.wiethase.de\\\/?page_id=344\",\"name\":\"Astha vativu - 8 animals - WiethaseVerlag\",\"isPartOf\":{\"@id\":\"https:\\\/\\\/verlag.wiethase.de\\\/#website\"},\"primaryImageOfPage\":{\"@id\":\"https:\\\/\\\/verlag.wiethase.de\\\/?page_id=344#primaryimage\"},\"image\":{\"@id\":\"https:\\\/\\\/verlag.wiethase.de\\\/?page_id=344#primaryimage\"},\"thumbnailUrl\":\"https:\\\/\\\/verlag.wiethase.de\\\/wp-content\\\/uploads\\\/2017\\\/05\\\/8-animals-cover-buch-engl-150x150.jpg\",\"datePublished\":\"2017-05-03T16:13:18+00:00\",\"dateModified\":\"2019-05-07T11:00:59+00:00\",\"breadcrumb\":{\"@id\":\"https:\\\/\\\/verlag.wiethase.de\\\/?page_id=344#breadcrumb\"},\"inLanguage\":\"de\",\"potentialAction\":[{\"@type\":\"ReadAction\",\"target\":[\"https:\\\/\\\/verlag.wiethase.de\\\/?page_id=344\"]}]},{\"@type\":\"ImageObject\",\"inLanguage\":\"de\",\"@id\":\"https:\\\/\\\/verlag.wiethase.de\\\/?page_id=344#primaryimage\",\"url\":\"https:\\\/\\\/verlag.wiethase.de\\\/wp-content\\\/uploads\\\/2017\\\/05\\\/8-animals-cover-buch-engl.jpg\",\"contentUrl\":\"https:\\\/\\\/verlag.wiethase.de\\\/wp-content\\\/uploads\\\/2017\\\/05\\\/8-animals-cover-buch-engl.jpg\",\"width\":2450,\"height\":1725},{\"@type\":\"BreadcrumbList\",\"@id\":\"https:\\\/\\\/verlag.wiethase.de\\\/?page_id=344#breadcrumb\",\"itemListElement\":[{\"@type\":\"ListItem\",\"position\":1,\"name\":\"Startseite\",\"item\":\"https:\\\/\\\/verlag.wiethase.de\\\/\"},{\"@type\":\"ListItem\",\"position\":2,\"name\":\"Kalarippayatt English\",\"item\":\"https:\\\/\\\/verlag.wiethase.de\\\/?page_id=396\"},{\"@type\":\"ListItem\",\"position\":3,\"name\":\"Astha vativu &#8211; 8 animals\"}]},{\"@type\":\"WebSite\",\"@id\":\"https:\\\/\\\/verlag.wiethase.de\\\/#website\",\"url\":\"https:\\\/\\\/verlag.wiethase.de\\\/\",\"name\":\"WiethaseVerlag\",\"description\":\"B\u00fccher - DVD - H\u00f6rb\u00fccher\",\"publisher\":{\"@id\":\"https:\\\/\\\/verlag.wiethase.de\\\/#organization\"},\"potentialAction\":[{\"@type\":\"SearchAction\",\"target\":{\"@type\":\"EntryPoint\",\"urlTemplate\":\"https:\\\/\\\/verlag.wiethase.de\\\/?s={search_term_string}\"},\"query-input\":{\"@type\":\"PropertyValueSpecification\",\"valueRequired\":true,\"valueName\":\"search_term_string\"}}],\"inLanguage\":\"de\"},{\"@type\":\"Organization\",\"@id\":\"https:\\\/\\\/verlag.wiethase.de\\\/#organization\",\"name\":\"Wiethase Verlag\",\"url\":\"https:\\\/\\\/verlag.wiethase.de\\\/\",\"logo\":{\"@type\":\"ImageObject\",\"inLanguage\":\"de\",\"@id\":\"https:\\\/\\\/verlag.wiethase.de\\\/#\\\/schema\\\/logo\\\/image\\\/\",\"url\":\"https:\\\/\\\/verlag.wiethase.de\\\/wp-content\\\/uploads\\\/2022\\\/07\\\/logo-verlag.jpg\",\"contentUrl\":\"https:\\\/\\\/verlag.wiethase.de\\\/wp-content\\\/uploads\\\/2022\\\/07\\\/logo-verlag.jpg\",\"width\":790,\"height\":514,\"caption\":\"Wiethase Verlag\"},\"image\":{\"@id\":\"https:\\\/\\\/verlag.wiethase.de\\\/#\\\/schema\\\/logo\\\/image\\\/\"},\"sameAs\":[\"https:\\\/\\\/www.facebook.com\\\/profile.php?id=100063974142366\"]}]}<\/script>\n<!-- \/ Yoast SEO plugin. -->","yoast_head_json":{"title":"Astha vativu - 8 animals - WiethaseVerlag","robots":{"index":"index","follow":"follow","max-snippet":"max-snippet:-1","max-image-preview":"max-image-preview:large","max-video-preview":"max-video-preview:-1"},"canonical":"https:\/\/verlag.wiethase.de\/?page_id=344","og_locale":"de_DE","og_type":"article","og_title":"Astha vativu - 8 animals - WiethaseVerlag","og_description":"The eight animal postures of Kalarippayatt and their settings In all the martial arts of the world animal forms surrendered, ahead of all in the South Indian Kalarippayatt, which is designated as the mother of the martial arts, as it &hellip; Weiterlesen &rarr;","og_url":"https:\/\/verlag.wiethase.de\/?page_id=344","og_site_name":"WiethaseVerlag","article_publisher":"https:\/\/www.facebook.com\/profile.php?id=100063974142366","article_modified_time":"2019-05-07T11:00:59+00:00","og_image":[{"url":"https:\/\/verlag.wiethase.de\/wp-content\/uploads\/2017\/05\/8-animals-cover-buch-engl-150x150.jpg","type":"","width":"","height":""}],"twitter_card":"summary_large_image","twitter_misc":{"Gesch\u00e4tzte Lesezeit":"1\u00a0Minute"},"schema":{"@context":"https:\/\/schema.org","@graph":[{"@type":"WebPage","@id":"https:\/\/verlag.wiethase.de\/?page_id=344","url":"https:\/\/verlag.wiethase.de\/?page_id=344","name":"Astha vativu - 8 animals - WiethaseVerlag","isPartOf":{"@id":"https:\/\/verlag.wiethase.de\/#website"},"primaryImageOfPage":{"@id":"https:\/\/verlag.wiethase.de\/?page_id=344#primaryimage"},"image":{"@id":"https:\/\/verlag.wiethase.de\/?page_id=344#primaryimage"},"thumbnailUrl":"https:\/\/verlag.wiethase.de\/wp-content\/uploads\/2017\/05\/8-animals-cover-buch-engl-150x150.jpg","datePublished":"2017-05-03T16:13:18+00:00","dateModified":"2019-05-07T11:00:59+00:00","breadcrumb":{"@id":"https:\/\/verlag.wiethase.de\/?page_id=344#breadcrumb"},"inLanguage":"de","potentialAction":[{"@type":"ReadAction","target":["https:\/\/verlag.wiethase.de\/?page_id=344"]}]},{"@type":"ImageObject","inLanguage":"de","@id":"https:\/\/verlag.wiethase.de\/?page_id=344#primaryimage","url":"https:\/\/verlag.wiethase.de\/wp-content\/uploads\/2017\/05\/8-animals-cover-buch-engl.jpg","contentUrl":"https:\/\/verlag.wiethase.de\/wp-content\/uploads\/2017\/05\/8-animals-cover-buch-engl.jpg","width":2450,"height":1725},{"@type":"BreadcrumbList","@id":"https:\/\/verlag.wiethase.de\/?page_id=344#breadcrumb","itemListElement":[{"@type":"ListItem","position":1,"name":"Startseite","item":"https:\/\/verlag.wiethase.de\/"},{"@type":"ListItem","position":2,"name":"Kalarippayatt English","item":"https:\/\/verlag.wiethase.de\/?page_id=396"},{"@type":"ListItem","position":3,"name":"Astha vativu &#8211; 8 animals"}]},{"@type":"WebSite","@id":"https:\/\/verlag.wiethase.de\/#website","url":"https:\/\/verlag.wiethase.de\/","name":"WiethaseVerlag","description":"B\u00fccher - DVD - H\u00f6rb\u00fccher","publisher":{"@id":"https:\/\/verlag.wiethase.de\/#organization"},"potentialAction":[{"@type":"SearchAction","target":{"@type":"EntryPoint","urlTemplate":"https:\/\/verlag.wiethase.de\/?s={search_term_string}"},"query-input":{"@type":"PropertyValueSpecification","valueRequired":true,"valueName":"search_term_string"}}],"inLanguage":"de"},{"@type":"Organization","@id":"https:\/\/verlag.wiethase.de\/#organization","name":"Wiethase Verlag","url":"https:\/\/verlag.wiethase.de\/","logo":{"@type":"ImageObject","inLanguage":"de","@id":"https:\/\/verlag.wiethase.de\/#\/schema\/logo\/image\/","url":"https:\/\/verlag.wiethase.de\/wp-content\/uploads\/2022\/07\/logo-verlag.jpg","contentUrl":"https:\/\/verlag.wiethase.de\/wp-content\/uploads\/2022\/07\/logo-verlag.jpg","width":790,"height":514,"caption":"Wiethase Verlag"},"image":{"@id":"https:\/\/verlag.wiethase.de\/#\/schema\/logo\/image\/"},"sameAs":["https:\/\/www.facebook.com\/profile.php?id=100063974142366"]}]}},"_links":{"self":[{"href":"https:\/\/verlag.wiethase.de\/index.php?rest_route=\/wp\/v2\/pages\/344","targetHints":{"allow":["GET"]}}],"collection":[{"href":"https:\/\/verlag.wiethase.de\/index.php?rest_route=\/wp\/v2\/pages"}],"about":[{"href":"https:\/\/verlag.wiethase.de\/index.php?rest_route=\/wp\/v2\/types\/page"}],"author":[{"embeddable":true,"href":"https:\/\/verlag.wiethase.de\/index.php?rest_route=\/wp\/v2\/users\/1"}],"replies":[{"embeddable":true,"href":"https:\/\/verlag.wiethase.de\/index.php?rest_route=%2Fwp%2Fv2%2Fcomments&post=344"}],"version-history":[{"count":4,"href":"https:\/\/verlag.wiethase.de\/index.php?rest_route=\/wp\/v2\/pages\/344\/revisions"}],"predecessor-version":[{"id":549,"href":"https:\/\/verlag.wiethase.de\/index.php?rest_route=\/wp\/v2\/pages\/344\/revisions\/549"}],"up":[{"embeddable":true,"href":"https:\/\/verlag.wiethase.de\/index.php?rest_route=\/wp\/v2\/pages\/396"}],"wp:attachment":[{"href":"https:\/\/verlag.wiethase.de\/index.php?rest_route=%2Fwp%2Fv2%2Fmedia&parent=344"}],"curies":[{"name":"wp","href":"https:\/\/api.w.org\/{rel}","templated":true}]}}