{"id":32,"date":"2014-06-30T10:12:04","date_gmt":"2014-06-30T10:12:04","guid":{"rendered":"http:\/\/verlag.wiethase.de\/?page_id=32"},"modified":"2020-11-26T13:05:36","modified_gmt":"2020-11-26T13:05:36","slug":"dhanurvidya","status":"publish","type":"page","link":"https:\/\/verlag.wiethase.de\/?page_id=32","title":{"rendered":"Dhanurvidya Deutsch"},"content":{"rendered":"<p><a href=\"https:\/\/verlag.wiethase.de\/wp-content\/uploads\/2014\/06\/dhanurvidya-deutsch.jpg\"><img loading=\"lazy\" decoding=\"async\" class=\"alignnone size-thumbnail wp-image-33\" src=\"https:\/\/verlag.wiethase.de\/wp-content\/uploads\/2014\/06\/dhanurvidya-deutsch-150x150.jpg\" alt=\"umschlagdeutsch\" width=\"150\" height=\"150\" \/><\/a><\/p>\n<p class=\"p1\">ISBN: 978-3937632490 Euro 33.&#8211; 80 gebundene Seiten auf Kunstdruck-Papier, mit 120 Farbfotos. Format 28 x 21 cm Hardcover. (Preis f\u00fcr \u00d6sterreich: \u20ac 33,50)<\/p>\n<p class=\"p1\">Das Buch zeigt und erkl\u00e4rt ausfu\u0308hrlich\u00a0diese durch Hendrik Wiethase\u00a0wiederentdeckte und von ihm als\u00a0bisher einzigen Dhanurganaka der\u00a0Neuzeit gelehrte Kunst des Bogenschie\u00dfens,\u00a0das auf dem Upa-Vedischen\u00a0Text \u201eDhanurveda\u201c basiert.\u00a0Englische Version u\u0308ber den Verlag.<\/p>\n","protected":false},"excerpt":{"rendered":"<p>ISBN: 978-3937632490 Euro 33.&#8211; 80 gebundene Seiten auf Kunstdruck-Papier, mit 120 Farbfotos. Format 28 x 21 cm Hardcover. (Preis f\u00fcr \u00d6sterreich: \u20ac 33,50) Das Buch zeigt und erkl\u00e4rt ausfu\u0308hrlich\u00a0diese durch Hendrik Wiethase\u00a0wiederentdeckte und von ihm als\u00a0bisher einzigen Dhanurganaka der\u00a0Neuzeit gelehrte &hellip; <a href=\"https:\/\/verlag.wiethase.de\/?page_id=32\">Weiterlesen <span class=\"meta-nav\">&rarr;<\/span><\/a><\/p>\n","protected":false},"author":1,"featured_media":131,"parent":383,"menu_order":0,"comment_status":"open","ping_status":"closed","template":"showcase.php","meta":{"_monsterinsights_skip_tracking":false,"_monsterinsights_sitenote_active":false,"_monsterinsights_sitenote_note":"","_monsterinsights_sitenote_category":0,"footnotes":""},"class_list":["post-32","page","type-page","status-publish","has-post-thumbnail","hentry"],"yoast_head":"<!-- This site is optimized with the Yoast SEO plugin v27.4 - https:\/\/yoast.com\/product\/yoast-seo-wordpress\/ -->\n<title>Dhanurvidya Deutsch - WiethaseVerlag<\/title>\n<meta name=\"robots\" content=\"index, follow, max-snippet:-1, max-image-preview:large, max-video-preview:-1\" \/>\n<link rel=\"canonical\" href=\"https:\/\/verlag.wiethase.de\/?page_id=32\" \/>\n<meta property=\"og:locale\" content=\"de_DE\" \/>\n<meta property=\"og:type\" content=\"article\" \/>\n<meta property=\"og:title\" content=\"Dhanurvidya Deutsch - WiethaseVerlag\" \/>\n<meta property=\"og:description\" content=\"ISBN: 978-3937632490 Euro 33.&#8211; 80 gebundene Seiten auf Kunstdruck-Papier, mit 120 Farbfotos. Format 28 x 21 cm Hardcover. (Preis f\u00fcr \u00d6sterreich: \u20ac 33,50) Das Buch zeigt und erkl\u00e4rt ausfu\u0308hrlich\u00a0diese durch Hendrik Wiethase\u00a0wiederentdeckte und von ihm als\u00a0bisher einzigen Dhanurganaka der\u00a0Neuzeit gelehrte &hellip; Weiterlesen &rarr;\" \/>\n<meta property=\"og:url\" content=\"https:\/\/verlag.wiethase.de\/?page_id=32\" \/>\n<meta property=\"og:site_name\" content=\"WiethaseVerlag\" \/>\n<meta property=\"article:publisher\" content=\"https:\/\/www.facebook.com\/profile.php?id=100063974142366\" \/>\n<meta property=\"article:modified_time\" content=\"2020-11-26T13:05:36+00:00\" \/>\n<meta property=\"og:image\" content=\"https:\/\/verlag.wiethase.de\/wp-content\/uploads\/2014\/06\/2222.jpg\" \/>\n\t<meta property=\"og:image:width\" content=\"2646\" \/>\n\t<meta property=\"og:image:height\" content=\"767\" \/>\n\t<meta property=\"og:image:type\" content=\"image\/jpeg\" \/>\n<meta name=\"twitter:card\" content=\"summary_large_image\" \/>\n<script type=\"application\/ld+json\" class=\"yoast-schema-graph\">{\"@context\":\"https:\\\/\\\/schema.org\",\"@graph\":[{\"@type\":\"WebPage\",\"@id\":\"https:\\\/\\\/verlag.wiethase.de\\\/?page_id=32\",\"url\":\"https:\\\/\\\/verlag.wiethase.de\\\/?page_id=32\",\"name\":\"Dhanurvidya Deutsch - WiethaseVerlag\",\"isPartOf\":{\"@id\":\"https:\\\/\\\/verlag.wiethase.de\\\/#website\"},\"primaryImageOfPage\":{\"@id\":\"https:\\\/\\\/verlag.wiethase.de\\\/?page_id=32#primaryimage\"},\"image\":{\"@id\":\"https:\\\/\\\/verlag.wiethase.de\\\/?page_id=32#primaryimage\"},\"thumbnailUrl\":\"https:\\\/\\\/verlag.wiethase.de\\\/wp-content\\\/uploads\\\/2014\\\/06\\\/2222.jpg\",\"datePublished\":\"2014-06-30T10:12:04+00:00\",\"dateModified\":\"2020-11-26T13:05:36+00:00\",\"breadcrumb\":{\"@id\":\"https:\\\/\\\/verlag.wiethase.de\\\/?page_id=32#breadcrumb\"},\"inLanguage\":\"de\",\"potentialAction\":[{\"@type\":\"ReadAction\",\"target\":[\"https:\\\/\\\/verlag.wiethase.de\\\/?page_id=32\"]}]},{\"@type\":\"ImageObject\",\"inLanguage\":\"de\",\"@id\":\"https:\\\/\\\/verlag.wiethase.de\\\/?page_id=32#primaryimage\",\"url\":\"https:\\\/\\\/verlag.wiethase.de\\\/wp-content\\\/uploads\\\/2014\\\/06\\\/2222.jpg\",\"contentUrl\":\"https:\\\/\\\/verlag.wiethase.de\\\/wp-content\\\/uploads\\\/2014\\\/06\\\/2222.jpg\",\"width\":2646,\"height\":767},{\"@type\":\"BreadcrumbList\",\"@id\":\"https:\\\/\\\/verlag.wiethase.de\\\/?page_id=32#breadcrumb\",\"itemListElement\":[{\"@type\":\"ListItem\",\"position\":1,\"name\":\"Startseite\",\"item\":\"https:\\\/\\\/verlag.wiethase.de\\\/\"},{\"@type\":\"ListItem\",\"position\":2,\"name\":\"Bogen-B\u00fccher + DVD\",\"item\":\"https:\\\/\\\/verlag.wiethase.de\\\/?page_id=383\"},{\"@type\":\"ListItem\",\"position\":3,\"name\":\"Dhanurvidya Deutsch\"}]},{\"@type\":\"WebSite\",\"@id\":\"https:\\\/\\\/verlag.wiethase.de\\\/#website\",\"url\":\"https:\\\/\\\/verlag.wiethase.de\\\/\",\"name\":\"WiethaseVerlag\",\"description\":\"B\u00fccher - DVD - H\u00f6rb\u00fccher\",\"publisher\":{\"@id\":\"https:\\\/\\\/verlag.wiethase.de\\\/#organization\"},\"potentialAction\":[{\"@type\":\"SearchAction\",\"target\":{\"@type\":\"EntryPoint\",\"urlTemplate\":\"https:\\\/\\\/verlag.wiethase.de\\\/?s={search_term_string}\"},\"query-input\":{\"@type\":\"PropertyValueSpecification\",\"valueRequired\":true,\"valueName\":\"search_term_string\"}}],\"inLanguage\":\"de\"},{\"@type\":\"Organization\",\"@id\":\"https:\\\/\\\/verlag.wiethase.de\\\/#organization\",\"name\":\"Wiethase Verlag\",\"url\":\"https:\\\/\\\/verlag.wiethase.de\\\/\",\"logo\":{\"@type\":\"ImageObject\",\"inLanguage\":\"de\",\"@id\":\"https:\\\/\\\/verlag.wiethase.de\\\/#\\\/schema\\\/logo\\\/image\\\/\",\"url\":\"https:\\\/\\\/verlag.wiethase.de\\\/wp-content\\\/uploads\\\/2022\\\/07\\\/logo-verlag.jpg\",\"contentUrl\":\"https:\\\/\\\/verlag.wiethase.de\\\/wp-content\\\/uploads\\\/2022\\\/07\\\/logo-verlag.jpg\",\"width\":790,\"height\":514,\"caption\":\"Wiethase Verlag\"},\"image\":{\"@id\":\"https:\\\/\\\/verlag.wiethase.de\\\/#\\\/schema\\\/logo\\\/image\\\/\"},\"sameAs\":[\"https:\\\/\\\/www.facebook.com\\\/profile.php?id=100063974142366\"]}]}<\/script>\n<!-- \/ Yoast SEO plugin. -->","yoast_head_json":{"title":"Dhanurvidya Deutsch - WiethaseVerlag","robots":{"index":"index","follow":"follow","max-snippet":"max-snippet:-1","max-image-preview":"max-image-preview:large","max-video-preview":"max-video-preview:-1"},"canonical":"https:\/\/verlag.wiethase.de\/?page_id=32","og_locale":"de_DE","og_type":"article","og_title":"Dhanurvidya Deutsch - WiethaseVerlag","og_description":"ISBN: 978-3937632490 Euro 33.&#8211; 80 gebundene Seiten auf Kunstdruck-Papier, mit 120 Farbfotos. Format 28 x 21 cm Hardcover. (Preis f\u00fcr \u00d6sterreich: \u20ac 33,50) Das Buch zeigt und erkl\u00e4rt ausfu\u0308hrlich\u00a0diese durch Hendrik Wiethase\u00a0wiederentdeckte und von ihm als\u00a0bisher einzigen Dhanurganaka der\u00a0Neuzeit gelehrte &hellip; Weiterlesen &rarr;","og_url":"https:\/\/verlag.wiethase.de\/?page_id=32","og_site_name":"WiethaseVerlag","article_publisher":"https:\/\/www.facebook.com\/profile.php?id=100063974142366","article_modified_time":"2020-11-26T13:05:36+00:00","og_image":[{"width":2646,"height":767,"url":"https:\/\/verlag.wiethase.de\/wp-content\/uploads\/2014\/06\/2222.jpg","type":"image\/jpeg"}],"twitter_card":"summary_large_image","schema":{"@context":"https:\/\/schema.org","@graph":[{"@type":"WebPage","@id":"https:\/\/verlag.wiethase.de\/?page_id=32","url":"https:\/\/verlag.wiethase.de\/?page_id=32","name":"Dhanurvidya Deutsch - WiethaseVerlag","isPartOf":{"@id":"https:\/\/verlag.wiethase.de\/#website"},"primaryImageOfPage":{"@id":"https:\/\/verlag.wiethase.de\/?page_id=32#primaryimage"},"image":{"@id":"https:\/\/verlag.wiethase.de\/?page_id=32#primaryimage"},"thumbnailUrl":"https:\/\/verlag.wiethase.de\/wp-content\/uploads\/2014\/06\/2222.jpg","datePublished":"2014-06-30T10:12:04+00:00","dateModified":"2020-11-26T13:05:36+00:00","breadcrumb":{"@id":"https:\/\/verlag.wiethase.de\/?page_id=32#breadcrumb"},"inLanguage":"de","potentialAction":[{"@type":"ReadAction","target":["https:\/\/verlag.wiethase.de\/?page_id=32"]}]},{"@type":"ImageObject","inLanguage":"de","@id":"https:\/\/verlag.wiethase.de\/?page_id=32#primaryimage","url":"https:\/\/verlag.wiethase.de\/wp-content\/uploads\/2014\/06\/2222.jpg","contentUrl":"https:\/\/verlag.wiethase.de\/wp-content\/uploads\/2014\/06\/2222.jpg","width":2646,"height":767},{"@type":"BreadcrumbList","@id":"https:\/\/verlag.wiethase.de\/?page_id=32#breadcrumb","itemListElement":[{"@type":"ListItem","position":1,"name":"Startseite","item":"https:\/\/verlag.wiethase.de\/"},{"@type":"ListItem","position":2,"name":"Bogen-B\u00fccher + DVD","item":"https:\/\/verlag.wiethase.de\/?page_id=383"},{"@type":"ListItem","position":3,"name":"Dhanurvidya Deutsch"}]},{"@type":"WebSite","@id":"https:\/\/verlag.wiethase.de\/#website","url":"https:\/\/verlag.wiethase.de\/","name":"WiethaseVerlag","description":"B\u00fccher - DVD - H\u00f6rb\u00fccher","publisher":{"@id":"https:\/\/verlag.wiethase.de\/#organization"},"potentialAction":[{"@type":"SearchAction","target":{"@type":"EntryPoint","urlTemplate":"https:\/\/verlag.wiethase.de\/?s={search_term_string}"},"query-input":{"@type":"PropertyValueSpecification","valueRequired":true,"valueName":"search_term_string"}}],"inLanguage":"de"},{"@type":"Organization","@id":"https:\/\/verlag.wiethase.de\/#organization","name":"Wiethase Verlag","url":"https:\/\/verlag.wiethase.de\/","logo":{"@type":"ImageObject","inLanguage":"de","@id":"https:\/\/verlag.wiethase.de\/#\/schema\/logo\/image\/","url":"https:\/\/verlag.wiethase.de\/wp-content\/uploads\/2022\/07\/logo-verlag.jpg","contentUrl":"https:\/\/verlag.wiethase.de\/wp-content\/uploads\/2022\/07\/logo-verlag.jpg","width":790,"height":514,"caption":"Wiethase Verlag"},"image":{"@id":"https:\/\/verlag.wiethase.de\/#\/schema\/logo\/image\/"},"sameAs":["https:\/\/www.facebook.com\/profile.php?id=100063974142366"]}]}},"_links":{"self":[{"href":"https:\/\/verlag.wiethase.de\/index.php?rest_route=\/wp\/v2\/pages\/32","targetHints":{"allow":["GET"]}}],"collection":[{"href":"https:\/\/verlag.wiethase.de\/index.php?rest_route=\/wp\/v2\/pages"}],"about":[{"href":"https:\/\/verlag.wiethase.de\/index.php?rest_route=\/wp\/v2\/types\/page"}],"author":[{"embeddable":true,"href":"https:\/\/verlag.wiethase.de\/index.php?rest_route=\/wp\/v2\/users\/1"}],"replies":[{"embeddable":true,"href":"https:\/\/verlag.wiethase.de\/index.php?rest_route=%2Fwp%2Fv2%2Fcomments&post=32"}],"version-history":[{"count":3,"href":"https:\/\/verlag.wiethase.de\/index.php?rest_route=\/wp\/v2\/pages\/32\/revisions"}],"predecessor-version":[{"id":753,"href":"https:\/\/verlag.wiethase.de\/index.php?rest_route=\/wp\/v2\/pages\/32\/revisions\/753"}],"up":[{"embeddable":true,"href":"https:\/\/verlag.wiethase.de\/index.php?rest_route=\/wp\/v2\/pages\/383"}],"wp:featuredmedia":[{"embeddable":true,"href":"https:\/\/verlag.wiethase.de\/index.php?rest_route=\/wp\/v2\/media\/131"}],"wp:attachment":[{"href":"https:\/\/verlag.wiethase.de\/index.php?rest_route=%2Fwp%2Fv2%2Fmedia&parent=32"}],"curies":[{"name":"wp","href":"https:\/\/api.w.org\/{rel}","templated":true}]}}