{"id":305,"date":"2016-10-11T09:28:42","date_gmt":"2016-10-11T09:28:42","guid":{"rendered":"http:\/\/verlag.wiethase.de\/?page_id=305"},"modified":"2017-06-21T10:58:36","modified_gmt":"2017-06-21T10:58:36","slug":"the-ayurvedic-healing-plants","status":"publish","type":"page","link":"https:\/\/verlag.wiethase.de\/?page_id=305","title":{"rendered":"The Ayurvedic Healing Plants"},"content":{"rendered":"<p>The content of the two Books &#8220;Recognise the Ayurvedic Healing Plants&#8221; is now available in a comfortable iBook:<\/p>\n<p><a href=\"https:\/\/verlag.wiethase.de\/wp-content\/uploads\/2016\/10\/Cover-vorne-IBook.jpg\"><img loading=\"lazy\" decoding=\"async\" class=\"alignnone size-thumbnail wp-image-308\" src=\"https:\/\/verlag.wiethase.de\/wp-content\/uploads\/2016\/10\/Cover-vorne-IBook-150x150.jpg\" alt=\"cover-vorne-ibook\" width=\"150\" height=\"150\" srcset=\"https:\/\/verlag.wiethase.de\/wp-content\/uploads\/2016\/10\/Cover-vorne-IBook-150x150.jpg 150w, https:\/\/verlag.wiethase.de\/wp-content\/uploads\/2016\/10\/Cover-vorne-IBook-100x100.jpg 100w\" sizes=\"auto, (max-width: 150px) 100vw, 150px\" \/><\/a><\/p>\n<p>https:\/\/itunes.apple.com\/us\/book\/the-ayurvedic-healing-plants\/id1163767646?ls=1&#038;mt=13<\/p>\n<p>Here you can just type in one of he Latin, English, Sanskrit, Malayalam, Hindi, or Tamil names to find the plant, you are looking for. Or you search by colour of the flowers in the chapters &#8220;Grasses&#8221;, &#8220;Trees&#8221;, &#8220;Herbs&#8221; or &#8220;Shrubs&#8221;<\/p>\n<p>With usage, properties, habitats, growth form, poisonousness, indications, active substances, parts of the body to be used at and other useful medicinal and biological properties.<\/p>\n","protected":false},"excerpt":{"rendered":"<p>The content of the two Books &#8220;Recognise the Ayurvedic Healing Plants&#8221; is now available in a comfortable iBook: https:\/\/itunes.apple.com\/us\/book\/the-ayurvedic-healing-plants\/id1163767646?ls=1&#038;mt=13 Here you can just type in one of he Latin, English, Sanskrit, Malayalam, Hindi, or Tamil names to find the plant, &hellip; <a href=\"https:\/\/verlag.wiethase.de\/?page_id=305\">Weiterlesen <span class=\"meta-nav\">&rarr;<\/span><\/a><\/p>\n","protected":false},"author":1,"featured_media":0,"parent":392,"menu_order":0,"comment_status":"closed","ping_status":"closed","template":"","meta":{"_monsterinsights_skip_tracking":false,"_monsterinsights_sitenote_active":false,"_monsterinsights_sitenote_note":"","_monsterinsights_sitenote_category":0,"footnotes":""},"class_list":["post-305","page","type-page","status-publish","hentry"],"yoast_head":"<!-- This site is optimized with the Yoast SEO plugin v27.5 - https:\/\/yoast.com\/product\/yoast-seo-wordpress\/ -->\n<title>The Ayurvedic Healing Plants - WiethaseVerlag<\/title>\n<meta name=\"robots\" content=\"index, follow, max-snippet:-1, max-image-preview:large, max-video-preview:-1\" \/>\n<link rel=\"canonical\" href=\"https:\/\/verlag.wiethase.de\/?page_id=305\" \/>\n<meta property=\"og:locale\" content=\"de_DE\" \/>\n<meta property=\"og:type\" content=\"article\" \/>\n<meta property=\"og:title\" content=\"The Ayurvedic Healing Plants - WiethaseVerlag\" \/>\n<meta property=\"og:description\" content=\"The content of the two Books &#8220;Recognise the Ayurvedic Healing Plants&#8221; is now available in a comfortable iBook: https:\/\/itunes.apple.com\/us\/book\/the-ayurvedic-healing-plants\/id1163767646?ls=1&#038;mt=13 Here you can just type in one of he Latin, English, Sanskrit, Malayalam, Hindi, or Tamil names to find the plant, &hellip; Weiterlesen &rarr;\" \/>\n<meta property=\"og:url\" content=\"https:\/\/verlag.wiethase.de\/?page_id=305\" \/>\n<meta property=\"og:site_name\" content=\"WiethaseVerlag\" \/>\n<meta property=\"article:publisher\" content=\"https:\/\/www.facebook.com\/profile.php?id=100063974142366\" \/>\n<meta property=\"article:modified_time\" content=\"2017-06-21T10:58:36+00:00\" \/>\n<meta property=\"og:image\" content=\"https:\/\/verlag.wiethase.de\/wp-content\/uploads\/2016\/10\/Cover-vorne-IBook-150x150.jpg\" \/>\n<meta name=\"twitter:card\" content=\"summary_large_image\" \/>\n<script type=\"application\/ld+json\" class=\"yoast-schema-graph\">{\"@context\":\"https:\\\/\\\/schema.org\",\"@graph\":[{\"@type\":\"WebPage\",\"@id\":\"https:\\\/\\\/verlag.wiethase.de\\\/?page_id=305\",\"url\":\"https:\\\/\\\/verlag.wiethase.de\\\/?page_id=305\",\"name\":\"The Ayurvedic Healing Plants - WiethaseVerlag\",\"isPartOf\":{\"@id\":\"https:\\\/\\\/verlag.wiethase.de\\\/#website\"},\"primaryImageOfPage\":{\"@id\":\"https:\\\/\\\/verlag.wiethase.de\\\/?page_id=305#primaryimage\"},\"image\":{\"@id\":\"https:\\\/\\\/verlag.wiethase.de\\\/?page_id=305#primaryimage\"},\"thumbnailUrl\":\"https:\\\/\\\/verlag.wiethase.de\\\/wp-content\\\/uploads\\\/2016\\\/10\\\/Cover-vorne-IBook-150x150.jpg\",\"datePublished\":\"2016-10-11T09:28:42+00:00\",\"dateModified\":\"2017-06-21T10:58:36+00:00\",\"breadcrumb\":{\"@id\":\"https:\\\/\\\/verlag.wiethase.de\\\/?page_id=305#breadcrumb\"},\"inLanguage\":\"de\",\"potentialAction\":[{\"@type\":\"ReadAction\",\"target\":[\"https:\\\/\\\/verlag.wiethase.de\\\/?page_id=305\"]}]},{\"@type\":\"ImageObject\",\"inLanguage\":\"de\",\"@id\":\"https:\\\/\\\/verlag.wiethase.de\\\/?page_id=305#primaryimage\",\"url\":\"https:\\\/\\\/verlag.wiethase.de\\\/wp-content\\\/uploads\\\/2016\\\/10\\\/Cover-vorne-IBook.jpg\",\"contentUrl\":\"https:\\\/\\\/verlag.wiethase.de\\\/wp-content\\\/uploads\\\/2016\\\/10\\\/Cover-vorne-IBook.jpg\",\"width\":1236,\"height\":1772},{\"@type\":\"BreadcrumbList\",\"@id\":\"https:\\\/\\\/verlag.wiethase.de\\\/?page_id=305#breadcrumb\",\"itemListElement\":[{\"@type\":\"ListItem\",\"position\":1,\"name\":\"Startseite\",\"item\":\"https:\\\/\\\/verlag.wiethase.de\\\/\"},{\"@type\":\"ListItem\",\"position\":2,\"name\":\"Ayurveda English\",\"item\":\"https:\\\/\\\/verlag.wiethase.de\\\/?page_id=392\"},{\"@type\":\"ListItem\",\"position\":3,\"name\":\"The Ayurvedic Healing Plants\"}]},{\"@type\":\"WebSite\",\"@id\":\"https:\\\/\\\/verlag.wiethase.de\\\/#website\",\"url\":\"https:\\\/\\\/verlag.wiethase.de\\\/\",\"name\":\"WiethaseVerlag\",\"description\":\"B\u00fccher - DVD - H\u00f6rb\u00fccher\",\"publisher\":{\"@id\":\"https:\\\/\\\/verlag.wiethase.de\\\/#organization\"},\"potentialAction\":[{\"@type\":\"SearchAction\",\"target\":{\"@type\":\"EntryPoint\",\"urlTemplate\":\"https:\\\/\\\/verlag.wiethase.de\\\/?s={search_term_string}\"},\"query-input\":{\"@type\":\"PropertyValueSpecification\",\"valueRequired\":true,\"valueName\":\"search_term_string\"}}],\"inLanguage\":\"de\"},{\"@type\":\"Organization\",\"@id\":\"https:\\\/\\\/verlag.wiethase.de\\\/#organization\",\"name\":\"Wiethase Verlag\",\"url\":\"https:\\\/\\\/verlag.wiethase.de\\\/\",\"logo\":{\"@type\":\"ImageObject\",\"inLanguage\":\"de\",\"@id\":\"https:\\\/\\\/verlag.wiethase.de\\\/#\\\/schema\\\/logo\\\/image\\\/\",\"url\":\"https:\\\/\\\/verlag.wiethase.de\\\/wp-content\\\/uploads\\\/2022\\\/07\\\/logo-verlag.jpg\",\"contentUrl\":\"https:\\\/\\\/verlag.wiethase.de\\\/wp-content\\\/uploads\\\/2022\\\/07\\\/logo-verlag.jpg\",\"width\":790,\"height\":514,\"caption\":\"Wiethase Verlag\"},\"image\":{\"@id\":\"https:\\\/\\\/verlag.wiethase.de\\\/#\\\/schema\\\/logo\\\/image\\\/\"},\"sameAs\":[\"https:\\\/\\\/www.facebook.com\\\/profile.php?id=100063974142366\"]}]}<\/script>\n<!-- \/ Yoast SEO plugin. -->","yoast_head_json":{"title":"The Ayurvedic Healing Plants - WiethaseVerlag","robots":{"index":"index","follow":"follow","max-snippet":"max-snippet:-1","max-image-preview":"max-image-preview:large","max-video-preview":"max-video-preview:-1"},"canonical":"https:\/\/verlag.wiethase.de\/?page_id=305","og_locale":"de_DE","og_type":"article","og_title":"The Ayurvedic Healing Plants - WiethaseVerlag","og_description":"The content of the two Books &#8220;Recognise the Ayurvedic Healing Plants&#8221; is now available in a comfortable iBook: https:\/\/itunes.apple.com\/us\/book\/the-ayurvedic-healing-plants\/id1163767646?ls=1&#038;mt=13 Here you can just type in one of he Latin, English, Sanskrit, Malayalam, Hindi, or Tamil names to find the plant, &hellip; Weiterlesen &rarr;","og_url":"https:\/\/verlag.wiethase.de\/?page_id=305","og_site_name":"WiethaseVerlag","article_publisher":"https:\/\/www.facebook.com\/profile.php?id=100063974142366","article_modified_time":"2017-06-21T10:58:36+00:00","og_image":[{"url":"https:\/\/verlag.wiethase.de\/wp-content\/uploads\/2016\/10\/Cover-vorne-IBook-150x150.jpg","type":"","width":"","height":""}],"twitter_card":"summary_large_image","schema":{"@context":"https:\/\/schema.org","@graph":[{"@type":"WebPage","@id":"https:\/\/verlag.wiethase.de\/?page_id=305","url":"https:\/\/verlag.wiethase.de\/?page_id=305","name":"The Ayurvedic Healing Plants - WiethaseVerlag","isPartOf":{"@id":"https:\/\/verlag.wiethase.de\/#website"},"primaryImageOfPage":{"@id":"https:\/\/verlag.wiethase.de\/?page_id=305#primaryimage"},"image":{"@id":"https:\/\/verlag.wiethase.de\/?page_id=305#primaryimage"},"thumbnailUrl":"https:\/\/verlag.wiethase.de\/wp-content\/uploads\/2016\/10\/Cover-vorne-IBook-150x150.jpg","datePublished":"2016-10-11T09:28:42+00:00","dateModified":"2017-06-21T10:58:36+00:00","breadcrumb":{"@id":"https:\/\/verlag.wiethase.de\/?page_id=305#breadcrumb"},"inLanguage":"de","potentialAction":[{"@type":"ReadAction","target":["https:\/\/verlag.wiethase.de\/?page_id=305"]}]},{"@type":"ImageObject","inLanguage":"de","@id":"https:\/\/verlag.wiethase.de\/?page_id=305#primaryimage","url":"https:\/\/verlag.wiethase.de\/wp-content\/uploads\/2016\/10\/Cover-vorne-IBook.jpg","contentUrl":"https:\/\/verlag.wiethase.de\/wp-content\/uploads\/2016\/10\/Cover-vorne-IBook.jpg","width":1236,"height":1772},{"@type":"BreadcrumbList","@id":"https:\/\/verlag.wiethase.de\/?page_id=305#breadcrumb","itemListElement":[{"@type":"ListItem","position":1,"name":"Startseite","item":"https:\/\/verlag.wiethase.de\/"},{"@type":"ListItem","position":2,"name":"Ayurveda English","item":"https:\/\/verlag.wiethase.de\/?page_id=392"},{"@type":"ListItem","position":3,"name":"The Ayurvedic Healing Plants"}]},{"@type":"WebSite","@id":"https:\/\/verlag.wiethase.de\/#website","url":"https:\/\/verlag.wiethase.de\/","name":"WiethaseVerlag","description":"B\u00fccher - DVD - H\u00f6rb\u00fccher","publisher":{"@id":"https:\/\/verlag.wiethase.de\/#organization"},"potentialAction":[{"@type":"SearchAction","target":{"@type":"EntryPoint","urlTemplate":"https:\/\/verlag.wiethase.de\/?s={search_term_string}"},"query-input":{"@type":"PropertyValueSpecification","valueRequired":true,"valueName":"search_term_string"}}],"inLanguage":"de"},{"@type":"Organization","@id":"https:\/\/verlag.wiethase.de\/#organization","name":"Wiethase Verlag","url":"https:\/\/verlag.wiethase.de\/","logo":{"@type":"ImageObject","inLanguage":"de","@id":"https:\/\/verlag.wiethase.de\/#\/schema\/logo\/image\/","url":"https:\/\/verlag.wiethase.de\/wp-content\/uploads\/2022\/07\/logo-verlag.jpg","contentUrl":"https:\/\/verlag.wiethase.de\/wp-content\/uploads\/2022\/07\/logo-verlag.jpg","width":790,"height":514,"caption":"Wiethase Verlag"},"image":{"@id":"https:\/\/verlag.wiethase.de\/#\/schema\/logo\/image\/"},"sameAs":["https:\/\/www.facebook.com\/profile.php?id=100063974142366"]}]}},"jetpack_sharing_enabled":true,"_links":{"self":[{"href":"https:\/\/verlag.wiethase.de\/index.php?rest_route=\/wp\/v2\/pages\/305","targetHints":{"allow":["GET"]}}],"collection":[{"href":"https:\/\/verlag.wiethase.de\/index.php?rest_route=\/wp\/v2\/pages"}],"about":[{"href":"https:\/\/verlag.wiethase.de\/index.php?rest_route=\/wp\/v2\/types\/page"}],"author":[{"embeddable":true,"href":"https:\/\/verlag.wiethase.de\/index.php?rest_route=\/wp\/v2\/users\/1"}],"replies":[{"embeddable":true,"href":"https:\/\/verlag.wiethase.de\/index.php?rest_route=%2Fwp%2Fv2%2Fcomments&post=305"}],"version-history":[{"count":3,"href":"https:\/\/verlag.wiethase.de\/index.php?rest_route=\/wp\/v2\/pages\/305\/revisions"}],"predecessor-version":[{"id":309,"href":"https:\/\/verlag.wiethase.de\/index.php?rest_route=\/wp\/v2\/pages\/305\/revisions\/309"}],"up":[{"embeddable":true,"href":"https:\/\/verlag.wiethase.de\/index.php?rest_route=\/wp\/v2\/pages\/392"}],"wp:attachment":[{"href":"https:\/\/verlag.wiethase.de\/index.php?rest_route=%2Fwp%2Fv2%2Fmedia&parent=305"}],"curies":[{"name":"wp","href":"https:\/\/api.w.org\/{rel}","templated":true}]}}