{"id":253,"date":"2016-03-28T18:49:01","date_gmt":"2016-03-28T18:49:01","guid":{"rendered":"http:\/\/verlag.wiethase.de\/?page_id=253"},"modified":"2019-05-21T11:25:04","modified_gmt":"2019-05-21T11:25:04","slug":"reginald-the-centurion-bear","status":"publish","type":"page","link":"https:\/\/verlag.wiethase.de\/?page_id=253","title":{"rendered":"Reginald the Centurion Bear"},"content":{"rendered":"<ul>\n<li class=\"adbl-author-row\"><span class=\"adbl-label\">Authors:<\/span>&nbsp;<span class=\"adbl-prod-author\"><a id=\"AuthorSearchLink\" class=\"adbl-link\" href=\"http:\/\/www.audible.de\/search\/ref=a_pd_Romane_c2_1_auth?searchAuthor=Dorothea+Bartels\">Dorothea Bartels<\/a>,&nbsp;<a id=\"AuthorSearchLink\" class=\"adbl-link\" href=\"http:\/\/www.audible.de\/search\/ref=a_pd_Romane_c2_2_auth?searchAuthor=Hendrik+Wiethase\">Hendrik Wiethase<\/a><\/span><\/li>\n<li class=\"adbl-narrator-row\"><span class=\"adbl-label\">Narration:<\/span>&nbsp;<span class=\"adbl-prod-author\"><a class=\"adbl-link\" href=\"http:\/\/www.audible.de\/search\/ref=a_pd_Romane_c2_1_narr?searchNarrator=Hendrik+Wiethase\">Hendrik Wiethase<\/a><\/span><\/li>\n<li><span class=\"adbl-label\">Duration:<\/span>&nbsp;<span class=\"adbl-run-time\">03 hours and&nbsp;41 minutes<\/span><\/li>\n<li><strong>available as audio book via&nbsp;audible.de<\/strong><\/li>\n<li>Audio book&nbsp;with 4 CDs<\/li>\n<li><a href=\"https:\/\/verlag.wiethase.de\/wp-content\/uploads\/2014\/07\/51ankX9MjIL._SL300_.jpg\" rel=\"attachment wp-att-97\"><img loading=\"lazy\" decoding=\"async\" class=\"alignnone size-full wp-image-97\" src=\"https:\/\/verlag.wiethase.de\/wp-content\/uploads\/2014\/07\/51ankX9MjIL._SL300_.jpg\" alt=\"51ankX9MjIL._SL300_\" width=\"300\" height=\"300\" srcset=\"https:\/\/verlag.wiethase.de\/wp-content\/uploads\/2014\/07\/51ankX9MjIL._SL300_.jpg 300w, https:\/\/verlag.wiethase.de\/wp-content\/uploads\/2014\/07\/51ankX9MjIL._SL300_-150x150.jpg 150w\" sizes=\"auto, (max-width: 300px) 100vw, 300px\" \/><\/a><\/li>\n<\/ul>\n<p>Reginald, the Centurion Bear was brought into this world in 1905 by M. Steiff in Giengen, Germany. Thomas Fairyblossom, a young artist buys him as a birthday present for his niece Violet who lives in Bombay, India. The yourney brings Reginald to towns such as Salzburg, Vienna, Prague and Triest all the way to Bombay. Later Violet takes him back to London with her, where after her death he passed to Richard, the son of the chauffeur. Richard takes Reginald with him to a Catholic Convent in Bommont in Provence. Reginald travels by the side of an other young man all the way to America and there he becomes the lucky mascot of the opera singer Gino Valetti. Following Gino&#8217;s tragic death Reginald goes on to have many more adventures in Egypt and manages to end up back in London towards the end of the Second World War. Having survived a bomb attack he then spends many years with Detective superintendent S\u00f6derstr\u00f6m. After he dies Reginald sits in attic of S\u00f6derstr\u00f6ms Villa in Berlin, simply waiting to be found. Reginald\u00b4s best friend is Shari, a, ancient Spirit of the air, with whom he shares many an adventure. Dorothea Bartels bought Reginald complete with a suitcase full of old photographs.<\/p>\n","protected":false},"excerpt":{"rendered":"<p>Authors:&nbsp;Dorothea Bartels,&nbsp;Hendrik Wiethase Narration:&nbsp;Hendrik Wiethase Duration:&nbsp;03 hours and&nbsp;41 minutes available as audio book via&nbsp;audible.de Audio book&nbsp;with 4 CDs Reginald, the Centurion Bear was brought into this world in 1905 by M. Steiff in Giengen, Germany. Thomas Fairyblossom, a young artist &hellip; <a href=\"https:\/\/verlag.wiethase.de\/?page_id=253\">Weiterlesen <span class=\"meta-nav\">&rarr;<\/span><\/a><\/p>\n","protected":false},"author":1,"featured_media":0,"parent":561,"menu_order":0,"comment_status":"closed","ping_status":"closed","template":"","meta":{"_monsterinsights_skip_tracking":false,"_monsterinsights_sitenote_active":false,"_monsterinsights_sitenote_note":"","_monsterinsights_sitenote_category":0,"footnotes":""},"class_list":["post-253","page","type-page","status-publish","hentry"],"yoast_head":"<!-- This site is optimized with the Yoast SEO plugin v27.4 - https:\/\/yoast.com\/product\/yoast-seo-wordpress\/ -->\n<title>Reginald the Centurion Bear - WiethaseVerlag<\/title>\n<meta name=\"robots\" content=\"index, follow, max-snippet:-1, max-image-preview:large, max-video-preview:-1\" \/>\n<link rel=\"canonical\" href=\"https:\/\/verlag.wiethase.de\/?page_id=253\" \/>\n<meta property=\"og:locale\" content=\"de_DE\" \/>\n<meta property=\"og:type\" content=\"article\" \/>\n<meta property=\"og:title\" content=\"Reginald the Centurion Bear - WiethaseVerlag\" \/>\n<meta property=\"og:description\" content=\"Authors:&nbsp;Dorothea Bartels,&nbsp;Hendrik Wiethase Narration:&nbsp;Hendrik Wiethase Duration:&nbsp;03 hours and&nbsp;41 minutes available as audio book via&nbsp;audible.de Audio book&nbsp;with 4 CDs Reginald, the Centurion Bear was brought into this world in 1905 by M. Steiff in Giengen, Germany. Thomas Fairyblossom, a young artist &hellip; Weiterlesen &rarr;\" \/>\n<meta property=\"og:url\" content=\"https:\/\/verlag.wiethase.de\/?page_id=253\" \/>\n<meta property=\"og:site_name\" content=\"WiethaseVerlag\" \/>\n<meta property=\"article:publisher\" content=\"https:\/\/www.facebook.com\/profile.php?id=100063974142366\" \/>\n<meta property=\"article:modified_time\" content=\"2019-05-21T11:25:04+00:00\" \/>\n<meta property=\"og:image\" content=\"https:\/\/verlag.wiethase.de\/wp-content\/uploads\/2014\/07\/51ankX9MjIL._SL300_.jpg\" \/>\n<meta name=\"twitter:card\" content=\"summary_large_image\" \/>\n<meta name=\"twitter:label1\" content=\"Gesch\u00e4tzte Lesezeit\" \/>\n\t<meta name=\"twitter:data1\" content=\"1\u00a0Minute\" \/>\n<script type=\"application\/ld+json\" class=\"yoast-schema-graph\">{\"@context\":\"https:\\\/\\\/schema.org\",\"@graph\":[{\"@type\":\"WebPage\",\"@id\":\"https:\\\/\\\/verlag.wiethase.de\\\/?page_id=253\",\"url\":\"https:\\\/\\\/verlag.wiethase.de\\\/?page_id=253\",\"name\":\"Reginald the Centurion Bear - WiethaseVerlag\",\"isPartOf\":{\"@id\":\"https:\\\/\\\/verlag.wiethase.de\\\/#website\"},\"primaryImageOfPage\":{\"@id\":\"https:\\\/\\\/verlag.wiethase.de\\\/?page_id=253#primaryimage\"},\"image\":{\"@id\":\"https:\\\/\\\/verlag.wiethase.de\\\/?page_id=253#primaryimage\"},\"thumbnailUrl\":\"https:\\\/\\\/verlag.wiethase.de\\\/wp-content\\\/uploads\\\/2014\\\/07\\\/51ankX9MjIL._SL300_.jpg\",\"datePublished\":\"2016-03-28T18:49:01+00:00\",\"dateModified\":\"2019-05-21T11:25:04+00:00\",\"breadcrumb\":{\"@id\":\"https:\\\/\\\/verlag.wiethase.de\\\/?page_id=253#breadcrumb\"},\"inLanguage\":\"de\",\"potentialAction\":[{\"@type\":\"ReadAction\",\"target\":[\"https:\\\/\\\/verlag.wiethase.de\\\/?page_id=253\"]}]},{\"@type\":\"ImageObject\",\"inLanguage\":\"de\",\"@id\":\"https:\\\/\\\/verlag.wiethase.de\\\/?page_id=253#primaryimage\",\"url\":\"https:\\\/\\\/verlag.wiethase.de\\\/wp-content\\\/uploads\\\/2014\\\/07\\\/51ankX9MjIL._SL300_.jpg\",\"contentUrl\":\"https:\\\/\\\/verlag.wiethase.de\\\/wp-content\\\/uploads\\\/2014\\\/07\\\/51ankX9MjIL._SL300_.jpg\",\"width\":300,\"height\":300},{\"@type\":\"BreadcrumbList\",\"@id\":\"https:\\\/\\\/verlag.wiethase.de\\\/?page_id=253#breadcrumb\",\"itemListElement\":[{\"@type\":\"ListItem\",\"position\":1,\"name\":\"Startseite\",\"item\":\"https:\\\/\\\/verlag.wiethase.de\\\/\"},{\"@type\":\"ListItem\",\"position\":2,\"name\":\"H\u00f6rb\u00fccher &#8211; Audiobooks\",\"item\":\"https:\\\/\\\/verlag.wiethase.de\\\/?page_id=561\"},{\"@type\":\"ListItem\",\"position\":3,\"name\":\"Reginald the Centurion Bear\"}]},{\"@type\":\"WebSite\",\"@id\":\"https:\\\/\\\/verlag.wiethase.de\\\/#website\",\"url\":\"https:\\\/\\\/verlag.wiethase.de\\\/\",\"name\":\"WiethaseVerlag\",\"description\":\"B\u00fccher - DVD - H\u00f6rb\u00fccher\",\"publisher\":{\"@id\":\"https:\\\/\\\/verlag.wiethase.de\\\/#organization\"},\"potentialAction\":[{\"@type\":\"SearchAction\",\"target\":{\"@type\":\"EntryPoint\",\"urlTemplate\":\"https:\\\/\\\/verlag.wiethase.de\\\/?s={search_term_string}\"},\"query-input\":{\"@type\":\"PropertyValueSpecification\",\"valueRequired\":true,\"valueName\":\"search_term_string\"}}],\"inLanguage\":\"de\"},{\"@type\":\"Organization\",\"@id\":\"https:\\\/\\\/verlag.wiethase.de\\\/#organization\",\"name\":\"Wiethase Verlag\",\"url\":\"https:\\\/\\\/verlag.wiethase.de\\\/\",\"logo\":{\"@type\":\"ImageObject\",\"inLanguage\":\"de\",\"@id\":\"https:\\\/\\\/verlag.wiethase.de\\\/#\\\/schema\\\/logo\\\/image\\\/\",\"url\":\"https:\\\/\\\/verlag.wiethase.de\\\/wp-content\\\/uploads\\\/2022\\\/07\\\/logo-verlag.jpg\",\"contentUrl\":\"https:\\\/\\\/verlag.wiethase.de\\\/wp-content\\\/uploads\\\/2022\\\/07\\\/logo-verlag.jpg\",\"width\":790,\"height\":514,\"caption\":\"Wiethase Verlag\"},\"image\":{\"@id\":\"https:\\\/\\\/verlag.wiethase.de\\\/#\\\/schema\\\/logo\\\/image\\\/\"},\"sameAs\":[\"https:\\\/\\\/www.facebook.com\\\/profile.php?id=100063974142366\"]}]}<\/script>\n<!-- \/ Yoast SEO plugin. -->","yoast_head_json":{"title":"Reginald the Centurion Bear - WiethaseVerlag","robots":{"index":"index","follow":"follow","max-snippet":"max-snippet:-1","max-image-preview":"max-image-preview:large","max-video-preview":"max-video-preview:-1"},"canonical":"https:\/\/verlag.wiethase.de\/?page_id=253","og_locale":"de_DE","og_type":"article","og_title":"Reginald the Centurion Bear - WiethaseVerlag","og_description":"Authors:&nbsp;Dorothea Bartels,&nbsp;Hendrik Wiethase Narration:&nbsp;Hendrik Wiethase Duration:&nbsp;03 hours and&nbsp;41 minutes available as audio book via&nbsp;audible.de Audio book&nbsp;with 4 CDs Reginald, the Centurion Bear was brought into this world in 1905 by M. Steiff in Giengen, Germany. Thomas Fairyblossom, a young artist &hellip; Weiterlesen &rarr;","og_url":"https:\/\/verlag.wiethase.de\/?page_id=253","og_site_name":"WiethaseVerlag","article_publisher":"https:\/\/www.facebook.com\/profile.php?id=100063974142366","article_modified_time":"2019-05-21T11:25:04+00:00","og_image":[{"url":"https:\/\/verlag.wiethase.de\/wp-content\/uploads\/2014\/07\/51ankX9MjIL._SL300_.jpg","type":"","width":"","height":""}],"twitter_card":"summary_large_image","twitter_misc":{"Gesch\u00e4tzte Lesezeit":"1\u00a0Minute"},"schema":{"@context":"https:\/\/schema.org","@graph":[{"@type":"WebPage","@id":"https:\/\/verlag.wiethase.de\/?page_id=253","url":"https:\/\/verlag.wiethase.de\/?page_id=253","name":"Reginald the Centurion Bear - WiethaseVerlag","isPartOf":{"@id":"https:\/\/verlag.wiethase.de\/#website"},"primaryImageOfPage":{"@id":"https:\/\/verlag.wiethase.de\/?page_id=253#primaryimage"},"image":{"@id":"https:\/\/verlag.wiethase.de\/?page_id=253#primaryimage"},"thumbnailUrl":"https:\/\/verlag.wiethase.de\/wp-content\/uploads\/2014\/07\/51ankX9MjIL._SL300_.jpg","datePublished":"2016-03-28T18:49:01+00:00","dateModified":"2019-05-21T11:25:04+00:00","breadcrumb":{"@id":"https:\/\/verlag.wiethase.de\/?page_id=253#breadcrumb"},"inLanguage":"de","potentialAction":[{"@type":"ReadAction","target":["https:\/\/verlag.wiethase.de\/?page_id=253"]}]},{"@type":"ImageObject","inLanguage":"de","@id":"https:\/\/verlag.wiethase.de\/?page_id=253#primaryimage","url":"https:\/\/verlag.wiethase.de\/wp-content\/uploads\/2014\/07\/51ankX9MjIL._SL300_.jpg","contentUrl":"https:\/\/verlag.wiethase.de\/wp-content\/uploads\/2014\/07\/51ankX9MjIL._SL300_.jpg","width":300,"height":300},{"@type":"BreadcrumbList","@id":"https:\/\/verlag.wiethase.de\/?page_id=253#breadcrumb","itemListElement":[{"@type":"ListItem","position":1,"name":"Startseite","item":"https:\/\/verlag.wiethase.de\/"},{"@type":"ListItem","position":2,"name":"H\u00f6rb\u00fccher &#8211; Audiobooks","item":"https:\/\/verlag.wiethase.de\/?page_id=561"},{"@type":"ListItem","position":3,"name":"Reginald the Centurion Bear"}]},{"@type":"WebSite","@id":"https:\/\/verlag.wiethase.de\/#website","url":"https:\/\/verlag.wiethase.de\/","name":"WiethaseVerlag","description":"B\u00fccher - DVD - H\u00f6rb\u00fccher","publisher":{"@id":"https:\/\/verlag.wiethase.de\/#organization"},"potentialAction":[{"@type":"SearchAction","target":{"@type":"EntryPoint","urlTemplate":"https:\/\/verlag.wiethase.de\/?s={search_term_string}"},"query-input":{"@type":"PropertyValueSpecification","valueRequired":true,"valueName":"search_term_string"}}],"inLanguage":"de"},{"@type":"Organization","@id":"https:\/\/verlag.wiethase.de\/#organization","name":"Wiethase Verlag","url":"https:\/\/verlag.wiethase.de\/","logo":{"@type":"ImageObject","inLanguage":"de","@id":"https:\/\/verlag.wiethase.de\/#\/schema\/logo\/image\/","url":"https:\/\/verlag.wiethase.de\/wp-content\/uploads\/2022\/07\/logo-verlag.jpg","contentUrl":"https:\/\/verlag.wiethase.de\/wp-content\/uploads\/2022\/07\/logo-verlag.jpg","width":790,"height":514,"caption":"Wiethase Verlag"},"image":{"@id":"https:\/\/verlag.wiethase.de\/#\/schema\/logo\/image\/"},"sameAs":["https:\/\/www.facebook.com\/profile.php?id=100063974142366"]}]}},"_links":{"self":[{"href":"https:\/\/verlag.wiethase.de\/index.php?rest_route=\/wp\/v2\/pages\/253","targetHints":{"allow":["GET"]}}],"collection":[{"href":"https:\/\/verlag.wiethase.de\/index.php?rest_route=\/wp\/v2\/pages"}],"about":[{"href":"https:\/\/verlag.wiethase.de\/index.php?rest_route=\/wp\/v2\/types\/page"}],"author":[{"embeddable":true,"href":"https:\/\/verlag.wiethase.de\/index.php?rest_route=\/wp\/v2\/users\/1"}],"replies":[{"embeddable":true,"href":"https:\/\/verlag.wiethase.de\/index.php?rest_route=%2Fwp%2Fv2%2Fcomments&post=253"}],"version-history":[{"count":2,"href":"https:\/\/verlag.wiethase.de\/index.php?rest_route=\/wp\/v2\/pages\/253\/revisions"}],"predecessor-version":[{"id":563,"href":"https:\/\/verlag.wiethase.de\/index.php?rest_route=\/wp\/v2\/pages\/253\/revisions\/563"}],"up":[{"embeddable":true,"href":"https:\/\/verlag.wiethase.de\/index.php?rest_route=\/wp\/v2\/pages\/561"}],"wp:attachment":[{"href":"https:\/\/verlag.wiethase.de\/index.php?rest_route=%2Fwp%2Fv2%2Fmedia&parent=253"}],"curies":[{"name":"wp","href":"https:\/\/api.w.org\/{rel}","templated":true}]}}