{"id":2,"date":"2026-05-01T22:11:00","date_gmt":"2026-05-01T22:11:00","guid":{"rendered":"http:\/\/verlag.wiethase.de\/?page_id=2"},"modified":"2026-04-30T22:12:16","modified_gmt":"2026-04-30T22:12:16","slug":"sample-page","status":"publish","type":"page","link":"https:\/\/verlag.wiethase.de\/","title":{"rendered":""},"content":{"rendered":"<p>Der Wiethase Verlag produziert und verlegt seit 2000 B\u00fccher, DVD\u00b4s und H\u00f6rb\u00fccher<\/p>\n<p>Sie finden die B\u00fccher in den entsprechenden Sparten<\/p>\n<p>Unterhalb eines jeden Buches finden Sie die M\u00f6glichkeit das Buch in den Warenkorb zu legen und zu kaufen (mit PayPal oder Bank\u00fcberweisung bezahlen). Als &#8220;<strong>Dankesch\u00f6n<\/strong>&#8221; f\u00fcr Ihre Direktbestellung bezahlen Sie nur symbolische 1 Euro Porto.<\/p>\n<p>Wiethase Verlag produces and publishes books, DVD and audio books since 2000<\/p>\n<p>You will find the books collected in themes.<\/p>\n<p>You can order via <a href=\"mailto:info@wiethase.de\">email <\/a> (info@wiethase.de) after advanced payment. (We will send you a bill)<\/p>\n\n\n<p><\/p>\n","protected":false},"excerpt":{"rendered":"<p>Der Wiethase Verlag produziert und verlegt seit 2000 B\u00fccher, DVD\u00b4s und H\u00f6rb\u00fccher Sie finden die B\u00fccher in den entsprechenden Sparten Unterhalb eines jeden Buches finden Sie die M\u00f6glichkeit das Buch in den Warenkorb zu legen und zu kaufen (mit PayPal &hellip; <a href=\"https:\/\/verlag.wiethase.de\/\">Weiterlesen <span class=\"meta-nav\">&rarr;<\/span><\/a><\/p>\n","protected":false},"author":1,"featured_media":0,"parent":0,"menu_order":0,"comment_status":"open","ping_status":"open","template":"showcase.php","meta":{"_monsterinsights_skip_tracking":false,"_monsterinsights_sitenote_active":false,"_monsterinsights_sitenote_note":"","_monsterinsights_sitenote_category":0,"footnotes":""},"class_list":["post-2","page","type-page","status-publish","hentry"],"yoast_head":"<!-- This site is optimized with the Yoast SEO plugin v27.5 - https:\/\/yoast.com\/product\/yoast-seo-wordpress\/ -->\n<title>- WiethaseVerlag<\/title>\n<meta name=\"description\" content=\"Der Wiethase Verlag produziert und verlegt seit 2000 B\u00fccher, DVD\u00b4s und H\u00f6rb\u00fccher mit den Schwerpunkten Bogenschie\u00dfen, Ayurveda, Gesundheit und Indien. Sie finden die B\u00fccher in den entsprechenden Sparten. Sie bei jeder Buchhandlung und bei Amazon sowie auch gerne per email (info@wiethase.de) direkt beim Verlag und nach Vorauskasse (Voraus-Rechnung) kaufen.\" \/>\n<meta name=\"robots\" content=\"index, follow, max-snippet:-1, max-image-preview:large, max-video-preview:-1\" \/>\n<link rel=\"canonical\" href=\"https:\/\/verlag.wiethase.de\/\" \/>\n<meta property=\"og:locale\" content=\"de_DE\" \/>\n<meta property=\"og:type\" content=\"article\" \/>\n<meta property=\"og:title\" content=\"- WiethaseVerlag\" \/>\n<meta property=\"og:description\" content=\"Der Wiethase Verlag produziert und verlegt seit 2000 B\u00fccher, DVD\u00b4s und H\u00f6rb\u00fccher mit den Schwerpunkten Bogenschie\u00dfen, Ayurveda, Gesundheit und Indien. Sie finden die B\u00fccher in den entsprechenden Sparten. Sie bei jeder Buchhandlung und bei Amazon sowie auch gerne per email (info@wiethase.de) direkt beim Verlag und nach Vorauskasse (Voraus-Rechnung) kaufen.\" \/>\n<meta property=\"og:url\" content=\"https:\/\/verlag.wiethase.de\/\" \/>\n<meta property=\"og:site_name\" content=\"WiethaseVerlag\" \/>\n<meta property=\"article:publisher\" content=\"https:\/\/www.facebook.com\/profile.php?id=100063974142366\" \/>\n<meta name=\"twitter:card\" content=\"summary_large_image\" \/>\n<meta name=\"twitter:label1\" content=\"Gesch\u00e4tzte Lesezeit\" \/>\n\t<meta name=\"twitter:data1\" content=\"1\u00a0Minute\" \/>\n<script type=\"application\/ld+json\" class=\"yoast-schema-graph\">{\"@context\":\"https:\\\/\\\/schema.org\",\"@graph\":[{\"@type\":\"WebPage\",\"@id\":\"https:\\\/\\\/verlag.wiethase.de\\\/\",\"url\":\"https:\\\/\\\/verlag.wiethase.de\\\/\",\"name\":\"- WiethaseVerlag\",\"isPartOf\":{\"@id\":\"https:\\\/\\\/verlag.wiethase.de\\\/#website\"},\"datePublished\":\"2026-05-01T22:11:00+00:00\",\"description\":\"Der Wiethase Verlag produziert und verlegt seit 2000 B\u00fccher, DVD\u00b4s und H\u00f6rb\u00fccher mit den Schwerpunkten Bogenschie\u00dfen, Ayurveda, Gesundheit und Indien. Sie finden die B\u00fccher in den entsprechenden Sparten. Sie bei jeder Buchhandlung und bei Amazon sowie auch gerne per email (info@wiethase.de) direkt beim Verlag und nach Vorauskasse (Voraus-Rechnung) kaufen.\",\"inLanguage\":\"de\",\"potentialAction\":[{\"@type\":\"ReadAction\",\"target\":[\"https:\\\/\\\/verlag.wiethase.de\\\/\"]}]},{\"@type\":\"WebSite\",\"@id\":\"https:\\\/\\\/verlag.wiethase.de\\\/#website\",\"url\":\"https:\\\/\\\/verlag.wiethase.de\\\/\",\"name\":\"WiethaseVerlag\",\"description\":\"B\u00fccher - DVD - H\u00f6rb\u00fccher\",\"publisher\":{\"@id\":\"https:\\\/\\\/verlag.wiethase.de\\\/#organization\"},\"potentialAction\":[{\"@type\":\"SearchAction\",\"target\":{\"@type\":\"EntryPoint\",\"urlTemplate\":\"https:\\\/\\\/verlag.wiethase.de\\\/?s={search_term_string}\"},\"query-input\":{\"@type\":\"PropertyValueSpecification\",\"valueRequired\":true,\"valueName\":\"search_term_string\"}}],\"inLanguage\":\"de\"},{\"@type\":\"Organization\",\"@id\":\"https:\\\/\\\/verlag.wiethase.de\\\/#organization\",\"name\":\"Wiethase Verlag\",\"url\":\"https:\\\/\\\/verlag.wiethase.de\\\/\",\"logo\":{\"@type\":\"ImageObject\",\"inLanguage\":\"de\",\"@id\":\"https:\\\/\\\/verlag.wiethase.de\\\/#\\\/schema\\\/logo\\\/image\\\/\",\"url\":\"https:\\\/\\\/verlag.wiethase.de\\\/wp-content\\\/uploads\\\/2022\\\/07\\\/logo-verlag.jpg\",\"contentUrl\":\"https:\\\/\\\/verlag.wiethase.de\\\/wp-content\\\/uploads\\\/2022\\\/07\\\/logo-verlag.jpg\",\"width\":790,\"height\":514,\"caption\":\"Wiethase Verlag\"},\"image\":{\"@id\":\"https:\\\/\\\/verlag.wiethase.de\\\/#\\\/schema\\\/logo\\\/image\\\/\"},\"sameAs\":[\"https:\\\/\\\/www.facebook.com\\\/profile.php?id=100063974142366\"]}]}<\/script>\n<!-- \/ Yoast SEO plugin. -->","yoast_head_json":{"title":"- WiethaseVerlag","description":"Der Wiethase Verlag produziert und verlegt seit 2000 B\u00fccher, DVD\u00b4s und H\u00f6rb\u00fccher mit den Schwerpunkten Bogenschie\u00dfen, Ayurveda, Gesundheit und Indien. Sie finden die B\u00fccher in den entsprechenden Sparten. Sie bei jeder Buchhandlung und bei Amazon sowie auch gerne per email (info@wiethase.de) direkt beim Verlag und nach Vorauskasse (Voraus-Rechnung) kaufen.","robots":{"index":"index","follow":"follow","max-snippet":"max-snippet:-1","max-image-preview":"max-image-preview:large","max-video-preview":"max-video-preview:-1"},"canonical":"https:\/\/verlag.wiethase.de\/","og_locale":"de_DE","og_type":"article","og_title":"- WiethaseVerlag","og_description":"Der Wiethase Verlag produziert und verlegt seit 2000 B\u00fccher, DVD\u00b4s und H\u00f6rb\u00fccher mit den Schwerpunkten Bogenschie\u00dfen, Ayurveda, Gesundheit und Indien. Sie finden die B\u00fccher in den entsprechenden Sparten. Sie bei jeder Buchhandlung und bei Amazon sowie auch gerne per email (info@wiethase.de) direkt beim Verlag und nach Vorauskasse (Voraus-Rechnung) kaufen.","og_url":"https:\/\/verlag.wiethase.de\/","og_site_name":"WiethaseVerlag","article_publisher":"https:\/\/www.facebook.com\/profile.php?id=100063974142366","twitter_card":"summary_large_image","twitter_misc":{"Gesch\u00e4tzte Lesezeit":"1\u00a0Minute"},"schema":{"@context":"https:\/\/schema.org","@graph":[{"@type":"WebPage","@id":"https:\/\/verlag.wiethase.de\/","url":"https:\/\/verlag.wiethase.de\/","name":"- WiethaseVerlag","isPartOf":{"@id":"https:\/\/verlag.wiethase.de\/#website"},"datePublished":"2026-05-01T22:11:00+00:00","description":"Der Wiethase Verlag produziert und verlegt seit 2000 B\u00fccher, DVD\u00b4s und H\u00f6rb\u00fccher mit den Schwerpunkten Bogenschie\u00dfen, Ayurveda, Gesundheit und Indien. Sie finden die B\u00fccher in den entsprechenden Sparten. Sie bei jeder Buchhandlung und bei Amazon sowie auch gerne per email (info@wiethase.de) direkt beim Verlag und nach Vorauskasse (Voraus-Rechnung) kaufen.","inLanguage":"de","potentialAction":[{"@type":"ReadAction","target":["https:\/\/verlag.wiethase.de\/"]}]},{"@type":"WebSite","@id":"https:\/\/verlag.wiethase.de\/#website","url":"https:\/\/verlag.wiethase.de\/","name":"WiethaseVerlag","description":"B\u00fccher - DVD - H\u00f6rb\u00fccher","publisher":{"@id":"https:\/\/verlag.wiethase.de\/#organization"},"potentialAction":[{"@type":"SearchAction","target":{"@type":"EntryPoint","urlTemplate":"https:\/\/verlag.wiethase.de\/?s={search_term_string}"},"query-input":{"@type":"PropertyValueSpecification","valueRequired":true,"valueName":"search_term_string"}}],"inLanguage":"de"},{"@type":"Organization","@id":"https:\/\/verlag.wiethase.de\/#organization","name":"Wiethase Verlag","url":"https:\/\/verlag.wiethase.de\/","logo":{"@type":"ImageObject","inLanguage":"de","@id":"https:\/\/verlag.wiethase.de\/#\/schema\/logo\/image\/","url":"https:\/\/verlag.wiethase.de\/wp-content\/uploads\/2022\/07\/logo-verlag.jpg","contentUrl":"https:\/\/verlag.wiethase.de\/wp-content\/uploads\/2022\/07\/logo-verlag.jpg","width":790,"height":514,"caption":"Wiethase Verlag"},"image":{"@id":"https:\/\/verlag.wiethase.de\/#\/schema\/logo\/image\/"},"sameAs":["https:\/\/www.facebook.com\/profile.php?id=100063974142366"]}]}},"jetpack_sharing_enabled":true,"_links":{"self":[{"href":"https:\/\/verlag.wiethase.de\/index.php?rest_route=\/wp\/v2\/pages\/2","targetHints":{"allow":["GET"]}}],"collection":[{"href":"https:\/\/verlag.wiethase.de\/index.php?rest_route=\/wp\/v2\/pages"}],"about":[{"href":"https:\/\/verlag.wiethase.de\/index.php?rest_route=\/wp\/v2\/types\/page"}],"author":[{"embeddable":true,"href":"https:\/\/verlag.wiethase.de\/index.php?rest_route=\/wp\/v2\/users\/1"}],"replies":[{"embeddable":true,"href":"https:\/\/verlag.wiethase.de\/index.php?rest_route=%2Fwp%2Fv2%2Fcomments&post=2"}],"version-history":[{"count":23,"href":"https:\/\/verlag.wiethase.de\/index.php?rest_route=\/wp\/v2\/pages\/2\/revisions"}],"predecessor-version":[{"id":1405,"href":"https:\/\/verlag.wiethase.de\/index.php?rest_route=\/wp\/v2\/pages\/2\/revisions\/1405"}],"wp:attachment":[{"href":"https:\/\/verlag.wiethase.de\/index.php?rest_route=%2Fwp%2Fv2%2Fmedia&parent=2"}],"curies":[{"name":"wp","href":"https:\/\/api.w.org\/{rel}","templated":true}]}}