{"id":178,"date":"2016-03-22T18:51:56","date_gmt":"2016-03-22T18:51:56","guid":{"rendered":"http:\/\/verlag.wiethase.de\/?page_id=178"},"modified":"2017-06-21T10:53:10","modified_gmt":"2017-06-21T10:53:10","slug":"dhanurvidya-english","status":"publish","type":"page","link":"https:\/\/verlag.wiethase.de\/?page_id=178","title":{"rendered":"Dhanurvidya English"},"content":{"rendered":"<p class=\"p1\">Dhanurvidya<\/p>\n<p class=\"p3\">Based on the ancient Vedic \u201eDhanurveda\u201c, an Upaveda, this book explains the history, equipment and training of Classical Indian Archery, as it is taught by Dhanurganaka H.O.N. Wiethase. Plenty of pictures make this book a treatise for archers. With 120 pictures in colour.<\/p>\n<p class=\"p3\"><a href=\"https:\/\/verlag.wiethase.de\/wp-content\/uploads\/2016\/03\/Dhanurvidya-cover.jpg\" rel=\"attachment wp-att-179\"><img loading=\"lazy\" decoding=\"async\" class=\"alignnone size-thumbnail wp-image-179\" src=\"https:\/\/verlag.wiethase.de\/wp-content\/uploads\/2016\/03\/Dhanurvidya-cover-150x150.jpg\" alt=\"Dhanurvidya-cover\" width=\"150\" height=\"150\" \/><\/a><a href=\"https:\/\/verlag.wiethase.de\/wp-content\/uploads\/2016\/03\/dhanurvidya_08.jpg\" rel=\"attachment wp-att-181\"><img loading=\"lazy\" decoding=\"async\" class=\"alignnone size-thumbnail wp-image-181\" src=\"https:\/\/verlag.wiethase.de\/wp-content\/uploads\/2016\/03\/dhanurvidya_08-150x150.jpg\" alt=\"dhanurvidya_08\" width=\"150\" height=\"150\" \/><\/a><a href=\"https:\/\/verlag.wiethase.de\/wp-content\/uploads\/2016\/03\/dhanurvidya_71.jpg\" rel=\"attachment wp-att-182\"><img loading=\"lazy\" decoding=\"async\" class=\"alignnone size-thumbnail wp-image-182\" src=\"https:\/\/verlag.wiethase.de\/wp-content\/uploads\/2016\/03\/dhanurvidya_71-150x150.jpg\" alt=\"dhanurvidya_71\" width=\"150\" height=\"150\" \/><\/a><\/p>\n<p class=\"p3\">80 pages, soft cover in A4<\/p>\n<p class=\"p3\">ISBN978-3937632483 23,00\u20ac in Germany, availalbe via <a href=\"https:\/\/www.amazon.de\/Dhanurvidya-Classical-Archery-Hendrik-Wiethase\/dp\/3937632484\/ref=sr_1_4?ie=UTF8&amp;qid=1468740663&amp;sr=8-4&amp;keywords=dhanurvidya\">Amazon<\/a> and directly from the publisher.<\/p>\n","protected":false},"excerpt":{"rendered":"<p>Dhanurvidya Based on the ancient Vedic \u201eDhanurveda\u201c, an Upaveda, this book explains the history, equipment and training of Classical Indian Archery, as it is taught by Dhanurganaka H.O.N. Wiethase. Plenty of pictures make this book a treatise for archers. With &hellip; <a href=\"https:\/\/verlag.wiethase.de\/?page_id=178\">Weiterlesen <span class=\"meta-nav\">&rarr;<\/span><\/a><\/p>\n","protected":false},"author":1,"featured_media":0,"parent":388,"menu_order":0,"comment_status":"closed","ping_status":"closed","template":"","meta":{"_monsterinsights_skip_tracking":false,"_monsterinsights_sitenote_active":false,"_monsterinsights_sitenote_note":"","_monsterinsights_sitenote_category":0,"footnotes":""},"class_list":["post-178","page","type-page","status-publish","hentry"],"yoast_head":"<!-- This site is optimized with the Yoast SEO plugin v27.4 - https:\/\/yoast.com\/product\/yoast-seo-wordpress\/ -->\n<title>Dhanurvidya English - WiethaseVerlag<\/title>\n<meta name=\"robots\" content=\"index, follow, max-snippet:-1, max-image-preview:large, max-video-preview:-1\" \/>\n<link rel=\"canonical\" href=\"https:\/\/verlag.wiethase.de\/?page_id=178\" \/>\n<meta property=\"og:locale\" content=\"de_DE\" \/>\n<meta property=\"og:type\" content=\"article\" \/>\n<meta property=\"og:title\" content=\"Dhanurvidya English - WiethaseVerlag\" \/>\n<meta property=\"og:description\" content=\"Dhanurvidya Based on the ancient Vedic \u201eDhanurveda\u201c, an Upaveda, this book explains the history, equipment and training of Classical Indian Archery, as it is taught by Dhanurganaka H.O.N. Wiethase. Plenty of pictures make this book a treatise for archers. With &hellip; Weiterlesen &rarr;\" \/>\n<meta property=\"og:url\" content=\"https:\/\/verlag.wiethase.de\/?page_id=178\" \/>\n<meta property=\"og:site_name\" content=\"WiethaseVerlag\" \/>\n<meta property=\"article:publisher\" content=\"https:\/\/www.facebook.com\/profile.php?id=100063974142366\" \/>\n<meta property=\"article:modified_time\" content=\"2017-06-21T10:53:10+00:00\" \/>\n<meta property=\"og:image\" content=\"https:\/\/verlag.wiethase.de\/wp-content\/uploads\/2016\/03\/Dhanurvidya-cover-150x150.jpg\" \/>\n<meta name=\"twitter:card\" content=\"summary_large_image\" \/>\n<script type=\"application\/ld+json\" class=\"yoast-schema-graph\">{\"@context\":\"https:\\\/\\\/schema.org\",\"@graph\":[{\"@type\":\"WebPage\",\"@id\":\"https:\\\/\\\/verlag.wiethase.de\\\/?page_id=178\",\"url\":\"https:\\\/\\\/verlag.wiethase.de\\\/?page_id=178\",\"name\":\"Dhanurvidya English - WiethaseVerlag\",\"isPartOf\":{\"@id\":\"https:\\\/\\\/verlag.wiethase.de\\\/#website\"},\"primaryImageOfPage\":{\"@id\":\"https:\\\/\\\/verlag.wiethase.de\\\/?page_id=178#primaryimage\"},\"image\":{\"@id\":\"https:\\\/\\\/verlag.wiethase.de\\\/?page_id=178#primaryimage\"},\"thumbnailUrl\":\"https:\\\/\\\/verlag.wiethase.de\\\/wp-content\\\/uploads\\\/2016\\\/03\\\/Dhanurvidya-cover-150x150.jpg\",\"datePublished\":\"2016-03-22T18:51:56+00:00\",\"dateModified\":\"2017-06-21T10:53:10+00:00\",\"breadcrumb\":{\"@id\":\"https:\\\/\\\/verlag.wiethase.de\\\/?page_id=178#breadcrumb\"},\"inLanguage\":\"de\",\"potentialAction\":[{\"@type\":\"ReadAction\",\"target\":[\"https:\\\/\\\/verlag.wiethase.de\\\/?page_id=178\"]}]},{\"@type\":\"ImageObject\",\"inLanguage\":\"de\",\"@id\":\"https:\\\/\\\/verlag.wiethase.de\\\/?page_id=178#primaryimage\",\"url\":\"https:\\\/\\\/verlag.wiethase.de\\\/wp-content\\\/uploads\\\/2016\\\/03\\\/Dhanurvidya-cover.jpg\",\"contentUrl\":\"https:\\\/\\\/verlag.wiethase.de\\\/wp-content\\\/uploads\\\/2016\\\/03\\\/Dhanurvidya-cover.jpg\",\"width\":2550,\"height\":3579},{\"@type\":\"BreadcrumbList\",\"@id\":\"https:\\\/\\\/verlag.wiethase.de\\\/?page_id=178#breadcrumb\",\"itemListElement\":[{\"@type\":\"ListItem\",\"position\":1,\"name\":\"Startseite\",\"item\":\"https:\\\/\\\/verlag.wiethase.de\\\/\"},{\"@type\":\"ListItem\",\"position\":2,\"name\":\"Archery books\",\"item\":\"https:\\\/\\\/verlag.wiethase.de\\\/?page_id=388\"},{\"@type\":\"ListItem\",\"position\":3,\"name\":\"Dhanurvidya English\"}]},{\"@type\":\"WebSite\",\"@id\":\"https:\\\/\\\/verlag.wiethase.de\\\/#website\",\"url\":\"https:\\\/\\\/verlag.wiethase.de\\\/\",\"name\":\"WiethaseVerlag\",\"description\":\"B\u00fccher - DVD - H\u00f6rb\u00fccher\",\"publisher\":{\"@id\":\"https:\\\/\\\/verlag.wiethase.de\\\/#organization\"},\"potentialAction\":[{\"@type\":\"SearchAction\",\"target\":{\"@type\":\"EntryPoint\",\"urlTemplate\":\"https:\\\/\\\/verlag.wiethase.de\\\/?s={search_term_string}\"},\"query-input\":{\"@type\":\"PropertyValueSpecification\",\"valueRequired\":true,\"valueName\":\"search_term_string\"}}],\"inLanguage\":\"de\"},{\"@type\":\"Organization\",\"@id\":\"https:\\\/\\\/verlag.wiethase.de\\\/#organization\",\"name\":\"Wiethase Verlag\",\"url\":\"https:\\\/\\\/verlag.wiethase.de\\\/\",\"logo\":{\"@type\":\"ImageObject\",\"inLanguage\":\"de\",\"@id\":\"https:\\\/\\\/verlag.wiethase.de\\\/#\\\/schema\\\/logo\\\/image\\\/\",\"url\":\"https:\\\/\\\/verlag.wiethase.de\\\/wp-content\\\/uploads\\\/2022\\\/07\\\/logo-verlag.jpg\",\"contentUrl\":\"https:\\\/\\\/verlag.wiethase.de\\\/wp-content\\\/uploads\\\/2022\\\/07\\\/logo-verlag.jpg\",\"width\":790,\"height\":514,\"caption\":\"Wiethase Verlag\"},\"image\":{\"@id\":\"https:\\\/\\\/verlag.wiethase.de\\\/#\\\/schema\\\/logo\\\/image\\\/\"},\"sameAs\":[\"https:\\\/\\\/www.facebook.com\\\/profile.php?id=100063974142366\"]}]}<\/script>\n<!-- \/ Yoast SEO plugin. -->","yoast_head_json":{"title":"Dhanurvidya English - WiethaseVerlag","robots":{"index":"index","follow":"follow","max-snippet":"max-snippet:-1","max-image-preview":"max-image-preview:large","max-video-preview":"max-video-preview:-1"},"canonical":"https:\/\/verlag.wiethase.de\/?page_id=178","og_locale":"de_DE","og_type":"article","og_title":"Dhanurvidya English - WiethaseVerlag","og_description":"Dhanurvidya Based on the ancient Vedic \u201eDhanurveda\u201c, an Upaveda, this book explains the history, equipment and training of Classical Indian Archery, as it is taught by Dhanurganaka H.O.N. Wiethase. Plenty of pictures make this book a treatise for archers. With &hellip; Weiterlesen &rarr;","og_url":"https:\/\/verlag.wiethase.de\/?page_id=178","og_site_name":"WiethaseVerlag","article_publisher":"https:\/\/www.facebook.com\/profile.php?id=100063974142366","article_modified_time":"2017-06-21T10:53:10+00:00","og_image":[{"url":"https:\/\/verlag.wiethase.de\/wp-content\/uploads\/2016\/03\/Dhanurvidya-cover-150x150.jpg","type":"","width":"","height":""}],"twitter_card":"summary_large_image","schema":{"@context":"https:\/\/schema.org","@graph":[{"@type":"WebPage","@id":"https:\/\/verlag.wiethase.de\/?page_id=178","url":"https:\/\/verlag.wiethase.de\/?page_id=178","name":"Dhanurvidya English - WiethaseVerlag","isPartOf":{"@id":"https:\/\/verlag.wiethase.de\/#website"},"primaryImageOfPage":{"@id":"https:\/\/verlag.wiethase.de\/?page_id=178#primaryimage"},"image":{"@id":"https:\/\/verlag.wiethase.de\/?page_id=178#primaryimage"},"thumbnailUrl":"https:\/\/verlag.wiethase.de\/wp-content\/uploads\/2016\/03\/Dhanurvidya-cover-150x150.jpg","datePublished":"2016-03-22T18:51:56+00:00","dateModified":"2017-06-21T10:53:10+00:00","breadcrumb":{"@id":"https:\/\/verlag.wiethase.de\/?page_id=178#breadcrumb"},"inLanguage":"de","potentialAction":[{"@type":"ReadAction","target":["https:\/\/verlag.wiethase.de\/?page_id=178"]}]},{"@type":"ImageObject","inLanguage":"de","@id":"https:\/\/verlag.wiethase.de\/?page_id=178#primaryimage","url":"https:\/\/verlag.wiethase.de\/wp-content\/uploads\/2016\/03\/Dhanurvidya-cover.jpg","contentUrl":"https:\/\/verlag.wiethase.de\/wp-content\/uploads\/2016\/03\/Dhanurvidya-cover.jpg","width":2550,"height":3579},{"@type":"BreadcrumbList","@id":"https:\/\/verlag.wiethase.de\/?page_id=178#breadcrumb","itemListElement":[{"@type":"ListItem","position":1,"name":"Startseite","item":"https:\/\/verlag.wiethase.de\/"},{"@type":"ListItem","position":2,"name":"Archery books","item":"https:\/\/verlag.wiethase.de\/?page_id=388"},{"@type":"ListItem","position":3,"name":"Dhanurvidya English"}]},{"@type":"WebSite","@id":"https:\/\/verlag.wiethase.de\/#website","url":"https:\/\/verlag.wiethase.de\/","name":"WiethaseVerlag","description":"B\u00fccher - DVD - H\u00f6rb\u00fccher","publisher":{"@id":"https:\/\/verlag.wiethase.de\/#organization"},"potentialAction":[{"@type":"SearchAction","target":{"@type":"EntryPoint","urlTemplate":"https:\/\/verlag.wiethase.de\/?s={search_term_string}"},"query-input":{"@type":"PropertyValueSpecification","valueRequired":true,"valueName":"search_term_string"}}],"inLanguage":"de"},{"@type":"Organization","@id":"https:\/\/verlag.wiethase.de\/#organization","name":"Wiethase Verlag","url":"https:\/\/verlag.wiethase.de\/","logo":{"@type":"ImageObject","inLanguage":"de","@id":"https:\/\/verlag.wiethase.de\/#\/schema\/logo\/image\/","url":"https:\/\/verlag.wiethase.de\/wp-content\/uploads\/2022\/07\/logo-verlag.jpg","contentUrl":"https:\/\/verlag.wiethase.de\/wp-content\/uploads\/2022\/07\/logo-verlag.jpg","width":790,"height":514,"caption":"Wiethase Verlag"},"image":{"@id":"https:\/\/verlag.wiethase.de\/#\/schema\/logo\/image\/"},"sameAs":["https:\/\/www.facebook.com\/profile.php?id=100063974142366"]}]}},"_links":{"self":[{"href":"https:\/\/verlag.wiethase.de\/index.php?rest_route=\/wp\/v2\/pages\/178","targetHints":{"allow":["GET"]}}],"collection":[{"href":"https:\/\/verlag.wiethase.de\/index.php?rest_route=\/wp\/v2\/pages"}],"about":[{"href":"https:\/\/verlag.wiethase.de\/index.php?rest_route=\/wp\/v2\/types\/page"}],"author":[{"embeddable":true,"href":"https:\/\/verlag.wiethase.de\/index.php?rest_route=\/wp\/v2\/users\/1"}],"replies":[{"embeddable":true,"href":"https:\/\/verlag.wiethase.de\/index.php?rest_route=%2Fwp%2Fv2%2Fcomments&post=178"}],"version-history":[{"count":4,"href":"https:\/\/verlag.wiethase.de\/index.php?rest_route=\/wp\/v2\/pages\/178\/revisions"}],"predecessor-version":[{"id":291,"href":"https:\/\/verlag.wiethase.de\/index.php?rest_route=\/wp\/v2\/pages\/178\/revisions\/291"}],"up":[{"embeddable":true,"href":"https:\/\/verlag.wiethase.de\/index.php?rest_route=\/wp\/v2\/pages\/388"}],"wp:attachment":[{"href":"https:\/\/verlag.wiethase.de\/index.php?rest_route=%2Fwp%2Fv2%2Fmedia&parent=178"}],"curies":[{"name":"wp","href":"https:\/\/api.w.org\/{rel}","templated":true}]}}