{"id":143,"date":"2015-03-08T13:38:42","date_gmt":"2015-03-08T13:38:42","guid":{"rendered":"http:\/\/verlag.wiethase.de\/?page_id=143"},"modified":"2018-05-11T13:38:58","modified_gmt":"2018-05-11T13:38:58","slug":"indiens-lebende-heilige","status":"publish","type":"page","link":"https:\/\/verlag.wiethase.de\/?page_id=143","title":{"rendered":"Indiens lebende Heilige"},"content":{"rendered":"<p class=\"p2\">Jeder, der einmal in Indien war, hat sie gesehen: die Rinder m\u00e4nnlichen und weiblichen Geschlechts, die \u00fcberall auf dem Land und in den St\u00e4dten anzutreffen sind. Sie sind Teil des t\u00e4glichen Lebens.<\/p>\n<p class=\"p2\"><a href=\"https:\/\/www.amazon.de\/Indiens-lebende-Heilige-Spuren-Indischen\/dp\/3937632778\/ref=sr_1_1?s=lighting&amp;ie=UTF8&amp;qid=1468741954&amp;sr=8-1&amp;keywords=9783937632773\">Kaufen bei Amazon<\/a><\/p>\n<p class=\"p2\"><a href=\"https:\/\/verlag.wiethase.de\/wp-content\/uploads\/2015\/03\/9783937632773.jpg\"><img loading=\"lazy\" decoding=\"async\" class=\"alignnone size-medium wp-image-144\" src=\"https:\/\/verlag.wiethase.de\/wp-content\/uploads\/2015\/03\/9783937632773-207x300.jpg\" alt=\"9783937632773\" width=\"207\" height=\"300\" srcset=\"https:\/\/verlag.wiethase.de\/wp-content\/uploads\/2015\/03\/9783937632773-207x300.jpg 207w, https:\/\/verlag.wiethase.de\/wp-content\/uploads\/2015\/03\/9783937632773-707x1024.jpg 707w, https:\/\/verlag.wiethase.de\/wp-content\/uploads\/2015\/03\/9783937632773.jpg 1761w\" sizes=\"auto, (max-width: 207px) 100vw, 207px\" \/><\/a><\/p>\n<p class=\"p2\">Aber was wissen wir \u00fcber diese omnipr\u00e4senten Wesen? Dieses Buch versucht aufzukl\u00e4ren, indem es neben den Geschichtlichen Hintergr\u00fcnden die Situation im modernen Indien beleuchtet. Ein Buch mit durchaus kontroversen Aspekten.<\/p>\n<p class=\"p2\"><a href=\"https:\/\/verlag.wiethase.de\/wp-content\/uploads\/2015\/03\/kuhback.jpg\"><img loading=\"lazy\" decoding=\"async\" class=\"alignnone size-thumbnail wp-image-152\" src=\"https:\/\/verlag.wiethase.de\/wp-content\/uploads\/2015\/03\/kuhback-150x150.jpg\" alt=\"kuhback\" width=\"150\" height=\"150\" \/><\/a> <a href=\"https:\/\/verlag.wiethase.de\/wp-content\/uploads\/2015\/03\/seite-47.jpg\"><img loading=\"lazy\" decoding=\"async\" class=\"alignnone size-thumbnail wp-image-154\" src=\"https:\/\/verlag.wiethase.de\/wp-content\/uploads\/2015\/03\/seite-47-150x150.jpg\" alt=\"Microsoft Word - Document2\" width=\"150\" height=\"150\" \/><\/a><a href=\"https:\/\/verlag.wiethase.de\/wp-content\/uploads\/2015\/03\/seite-46-1.jpg\"><img loading=\"lazy\" decoding=\"async\" class=\"alignnone size-thumbnail wp-image-153\" src=\"https:\/\/verlag.wiethase.de\/wp-content\/uploads\/2015\/03\/seite-46-1-150x150.jpg\" alt=\"Microsoft Word - Document1\" width=\"150\" height=\"150\" \/><\/a><\/p>\n<p class=\"p3\">Mit mehr als hundert farbigen Fotos des Autors.<\/p>\n<p class=\"p3\">ISBN\u00a09783937632773 \u00a0f\u00fcr 14.90 Euro ab April im Handel und bei Amazon<\/p>\n","protected":false},"excerpt":{"rendered":"<p>Jeder, der einmal in Indien war, hat sie gesehen: die Rinder m\u00e4nnlichen und weiblichen Geschlechts, die \u00fcberall auf dem Land und in den St\u00e4dten anzutreffen sind. Sie sind Teil des t\u00e4glichen Lebens. Kaufen bei Amazon Aber was wissen wir \u00fcber &hellip; <a href=\"https:\/\/verlag.wiethase.de\/?page_id=143\">Weiterlesen <span class=\"meta-nav\">&rarr;<\/span><\/a><\/p>\n","protected":false},"author":1,"featured_media":0,"parent":435,"menu_order":0,"comment_status":"open","ping_status":"open","template":"showcase.php","meta":{"_monsterinsights_skip_tracking":false,"_monsterinsights_sitenote_active":false,"_monsterinsights_sitenote_note":"","_monsterinsights_sitenote_category":0,"footnotes":""},"class_list":["post-143","page","type-page","status-publish","hentry"],"yoast_head":"<!-- This site is optimized with the Yoast SEO plugin v27.4 - https:\/\/yoast.com\/product\/yoast-seo-wordpress\/ -->\n<title>Indiens lebende Heilige - WiethaseVerlag<\/title>\n<meta name=\"robots\" content=\"index, follow, max-snippet:-1, max-image-preview:large, max-video-preview:-1\" \/>\n<link rel=\"canonical\" href=\"https:\/\/verlag.wiethase.de\/?page_id=143\" \/>\n<meta property=\"og:locale\" content=\"de_DE\" \/>\n<meta property=\"og:type\" content=\"article\" \/>\n<meta property=\"og:title\" content=\"Indiens lebende Heilige - WiethaseVerlag\" \/>\n<meta property=\"og:description\" content=\"Jeder, der einmal in Indien war, hat sie gesehen: die Rinder m\u00e4nnlichen und weiblichen Geschlechts, die \u00fcberall auf dem Land und in den St\u00e4dten anzutreffen sind. Sie sind Teil des t\u00e4glichen Lebens. Kaufen bei Amazon Aber was wissen wir \u00fcber &hellip; Weiterlesen &rarr;\" \/>\n<meta property=\"og:url\" content=\"https:\/\/verlag.wiethase.de\/?page_id=143\" \/>\n<meta property=\"og:site_name\" content=\"WiethaseVerlag\" \/>\n<meta property=\"article:publisher\" content=\"https:\/\/www.facebook.com\/profile.php?id=100063974142366\" \/>\n<meta property=\"article:modified_time\" content=\"2018-05-11T13:38:58+00:00\" \/>\n<meta property=\"og:image\" content=\"https:\/\/verlag.wiethase.de\/wp-content\/uploads\/2015\/03\/9783937632773-207x300.jpg\" \/>\n<meta name=\"twitter:card\" content=\"summary_large_image\" \/>\n<script type=\"application\/ld+json\" class=\"yoast-schema-graph\">{\"@context\":\"https:\\\/\\\/schema.org\",\"@graph\":[{\"@type\":\"WebPage\",\"@id\":\"https:\\\/\\\/verlag.wiethase.de\\\/?page_id=143\",\"url\":\"https:\\\/\\\/verlag.wiethase.de\\\/?page_id=143\",\"name\":\"Indiens lebende Heilige - WiethaseVerlag\",\"isPartOf\":{\"@id\":\"https:\\\/\\\/verlag.wiethase.de\\\/#website\"},\"primaryImageOfPage\":{\"@id\":\"https:\\\/\\\/verlag.wiethase.de\\\/?page_id=143#primaryimage\"},\"image\":{\"@id\":\"https:\\\/\\\/verlag.wiethase.de\\\/?page_id=143#primaryimage\"},\"thumbnailUrl\":\"https:\\\/\\\/verlag.wiethase.de\\\/wp-content\\\/uploads\\\/2015\\\/03\\\/9783937632773-207x300.jpg\",\"datePublished\":\"2015-03-08T13:38:42+00:00\",\"dateModified\":\"2018-05-11T13:38:58+00:00\",\"breadcrumb\":{\"@id\":\"https:\\\/\\\/verlag.wiethase.de\\\/?page_id=143#breadcrumb\"},\"inLanguage\":\"de\",\"potentialAction\":[{\"@type\":\"ReadAction\",\"target\":[\"https:\\\/\\\/verlag.wiethase.de\\\/?page_id=143\"]}]},{\"@type\":\"ImageObject\",\"inLanguage\":\"de\",\"@id\":\"https:\\\/\\\/verlag.wiethase.de\\\/?page_id=143#primaryimage\",\"url\":\"https:\\\/\\\/verlag.wiethase.de\\\/wp-content\\\/uploads\\\/2015\\\/03\\\/9783937632773.jpg\",\"contentUrl\":\"https:\\\/\\\/verlag.wiethase.de\\\/wp-content\\\/uploads\\\/2015\\\/03\\\/9783937632773.jpg\",\"width\":1761,\"height\":2551},{\"@type\":\"BreadcrumbList\",\"@id\":\"https:\\\/\\\/verlag.wiethase.de\\\/?page_id=143#breadcrumb\",\"itemListElement\":[{\"@type\":\"ListItem\",\"position\":1,\"name\":\"Startseite\",\"item\":\"https:\\\/\\\/verlag.wiethase.de\\\/\"},{\"@type\":\"ListItem\",\"position\":2,\"name\":\"Indien\",\"item\":\"https:\\\/\\\/verlag.wiethase.de\\\/?page_id=435\"},{\"@type\":\"ListItem\",\"position\":3,\"name\":\"Indiens lebende Heilige\"}]},{\"@type\":\"WebSite\",\"@id\":\"https:\\\/\\\/verlag.wiethase.de\\\/#website\",\"url\":\"https:\\\/\\\/verlag.wiethase.de\\\/\",\"name\":\"WiethaseVerlag\",\"description\":\"B\u00fccher - DVD - H\u00f6rb\u00fccher\",\"publisher\":{\"@id\":\"https:\\\/\\\/verlag.wiethase.de\\\/#organization\"},\"potentialAction\":[{\"@type\":\"SearchAction\",\"target\":{\"@type\":\"EntryPoint\",\"urlTemplate\":\"https:\\\/\\\/verlag.wiethase.de\\\/?s={search_term_string}\"},\"query-input\":{\"@type\":\"PropertyValueSpecification\",\"valueRequired\":true,\"valueName\":\"search_term_string\"}}],\"inLanguage\":\"de\"},{\"@type\":\"Organization\",\"@id\":\"https:\\\/\\\/verlag.wiethase.de\\\/#organization\",\"name\":\"Wiethase Verlag\",\"url\":\"https:\\\/\\\/verlag.wiethase.de\\\/\",\"logo\":{\"@type\":\"ImageObject\",\"inLanguage\":\"de\",\"@id\":\"https:\\\/\\\/verlag.wiethase.de\\\/#\\\/schema\\\/logo\\\/image\\\/\",\"url\":\"https:\\\/\\\/verlag.wiethase.de\\\/wp-content\\\/uploads\\\/2022\\\/07\\\/logo-verlag.jpg\",\"contentUrl\":\"https:\\\/\\\/verlag.wiethase.de\\\/wp-content\\\/uploads\\\/2022\\\/07\\\/logo-verlag.jpg\",\"width\":790,\"height\":514,\"caption\":\"Wiethase Verlag\"},\"image\":{\"@id\":\"https:\\\/\\\/verlag.wiethase.de\\\/#\\\/schema\\\/logo\\\/image\\\/\"},\"sameAs\":[\"https:\\\/\\\/www.facebook.com\\\/profile.php?id=100063974142366\"]}]}<\/script>\n<!-- \/ Yoast SEO plugin. -->","yoast_head_json":{"title":"Indiens lebende Heilige - WiethaseVerlag","robots":{"index":"index","follow":"follow","max-snippet":"max-snippet:-1","max-image-preview":"max-image-preview:large","max-video-preview":"max-video-preview:-1"},"canonical":"https:\/\/verlag.wiethase.de\/?page_id=143","og_locale":"de_DE","og_type":"article","og_title":"Indiens lebende Heilige - WiethaseVerlag","og_description":"Jeder, der einmal in Indien war, hat sie gesehen: die Rinder m\u00e4nnlichen und weiblichen Geschlechts, die \u00fcberall auf dem Land und in den St\u00e4dten anzutreffen sind. Sie sind Teil des t\u00e4glichen Lebens. Kaufen bei Amazon Aber was wissen wir \u00fcber &hellip; Weiterlesen &rarr;","og_url":"https:\/\/verlag.wiethase.de\/?page_id=143","og_site_name":"WiethaseVerlag","article_publisher":"https:\/\/www.facebook.com\/profile.php?id=100063974142366","article_modified_time":"2018-05-11T13:38:58+00:00","og_image":[{"url":"https:\/\/verlag.wiethase.de\/wp-content\/uploads\/2015\/03\/9783937632773-207x300.jpg","type":"","width":"","height":""}],"twitter_card":"summary_large_image","schema":{"@context":"https:\/\/schema.org","@graph":[{"@type":"WebPage","@id":"https:\/\/verlag.wiethase.de\/?page_id=143","url":"https:\/\/verlag.wiethase.de\/?page_id=143","name":"Indiens lebende Heilige - WiethaseVerlag","isPartOf":{"@id":"https:\/\/verlag.wiethase.de\/#website"},"primaryImageOfPage":{"@id":"https:\/\/verlag.wiethase.de\/?page_id=143#primaryimage"},"image":{"@id":"https:\/\/verlag.wiethase.de\/?page_id=143#primaryimage"},"thumbnailUrl":"https:\/\/verlag.wiethase.de\/wp-content\/uploads\/2015\/03\/9783937632773-207x300.jpg","datePublished":"2015-03-08T13:38:42+00:00","dateModified":"2018-05-11T13:38:58+00:00","breadcrumb":{"@id":"https:\/\/verlag.wiethase.de\/?page_id=143#breadcrumb"},"inLanguage":"de","potentialAction":[{"@type":"ReadAction","target":["https:\/\/verlag.wiethase.de\/?page_id=143"]}]},{"@type":"ImageObject","inLanguage":"de","@id":"https:\/\/verlag.wiethase.de\/?page_id=143#primaryimage","url":"https:\/\/verlag.wiethase.de\/wp-content\/uploads\/2015\/03\/9783937632773.jpg","contentUrl":"https:\/\/verlag.wiethase.de\/wp-content\/uploads\/2015\/03\/9783937632773.jpg","width":1761,"height":2551},{"@type":"BreadcrumbList","@id":"https:\/\/verlag.wiethase.de\/?page_id=143#breadcrumb","itemListElement":[{"@type":"ListItem","position":1,"name":"Startseite","item":"https:\/\/verlag.wiethase.de\/"},{"@type":"ListItem","position":2,"name":"Indien","item":"https:\/\/verlag.wiethase.de\/?page_id=435"},{"@type":"ListItem","position":3,"name":"Indiens lebende Heilige"}]},{"@type":"WebSite","@id":"https:\/\/verlag.wiethase.de\/#website","url":"https:\/\/verlag.wiethase.de\/","name":"WiethaseVerlag","description":"B\u00fccher - DVD - H\u00f6rb\u00fccher","publisher":{"@id":"https:\/\/verlag.wiethase.de\/#organization"},"potentialAction":[{"@type":"SearchAction","target":{"@type":"EntryPoint","urlTemplate":"https:\/\/verlag.wiethase.de\/?s={search_term_string}"},"query-input":{"@type":"PropertyValueSpecification","valueRequired":true,"valueName":"search_term_string"}}],"inLanguage":"de"},{"@type":"Organization","@id":"https:\/\/verlag.wiethase.de\/#organization","name":"Wiethase Verlag","url":"https:\/\/verlag.wiethase.de\/","logo":{"@type":"ImageObject","inLanguage":"de","@id":"https:\/\/verlag.wiethase.de\/#\/schema\/logo\/image\/","url":"https:\/\/verlag.wiethase.de\/wp-content\/uploads\/2022\/07\/logo-verlag.jpg","contentUrl":"https:\/\/verlag.wiethase.de\/wp-content\/uploads\/2022\/07\/logo-verlag.jpg","width":790,"height":514,"caption":"Wiethase Verlag"},"image":{"@id":"https:\/\/verlag.wiethase.de\/#\/schema\/logo\/image\/"},"sameAs":["https:\/\/www.facebook.com\/profile.php?id=100063974142366"]}]}},"_links":{"self":[{"href":"https:\/\/verlag.wiethase.de\/index.php?rest_route=\/wp\/v2\/pages\/143","targetHints":{"allow":["GET"]}}],"collection":[{"href":"https:\/\/verlag.wiethase.de\/index.php?rest_route=\/wp\/v2\/pages"}],"about":[{"href":"https:\/\/verlag.wiethase.de\/index.php?rest_route=\/wp\/v2\/types\/page"}],"author":[{"embeddable":true,"href":"https:\/\/verlag.wiethase.de\/index.php?rest_route=\/wp\/v2\/users\/1"}],"replies":[{"embeddable":true,"href":"https:\/\/verlag.wiethase.de\/index.php?rest_route=%2Fwp%2Fv2%2Fcomments&post=143"}],"version-history":[{"count":5,"href":"https:\/\/verlag.wiethase.de\/index.php?rest_route=\/wp\/v2\/pages\/143\/revisions"}],"predecessor-version":[{"id":292,"href":"https:\/\/verlag.wiethase.de\/index.php?rest_route=\/wp\/v2\/pages\/143\/revisions\/292"}],"up":[{"embeddable":true,"href":"https:\/\/verlag.wiethase.de\/index.php?rest_route=\/wp\/v2\/pages\/435"}],"wp:attachment":[{"href":"https:\/\/verlag.wiethase.de\/index.php?rest_route=%2Fwp%2Fv2%2Fmedia&parent=143"}],"curies":[{"name":"wp","href":"https:\/\/api.w.org\/{rel}","templated":true}]}}