{"id":1340,"date":"2026-04-30T20:03:54","date_gmt":"2026-04-30T20:03:54","guid":{"rendered":"https:\/\/verlag.wiethase.de\/?page_id=1340"},"modified":"2026-04-30T21:32:27","modified_gmt":"2026-04-30T21:32:27","slug":"das-kamasutra-im-westen-zwei-baende","status":"publish","type":"page","link":"https:\/\/verlag.wiethase.de\/?page_id=1340","title":{"rendered":"Das Kamasutra im Westen &#8211; zwei B\u00e4nde"},"content":{"rendered":"\n<p><br><strong>Eine transkulturelle Erotologie<\/strong> &#8211; <br><strong>Gedruckt in einer limitierten\/einmaligen Auflage von 50 Exemplaren<\/strong><\/p>\n\n\n\n<p>von Hendrik Wiethase<\/p>\n\n\n\n<p><strong><p class=\"product woocommerce add_to_cart_inline \" style=\"border:4px solid #ccc; padding: 12px;\"><span class=\"woocommerce-Price-amount amount\"><bdi>99,00&nbsp;<span class=\"woocommerce-Price-currencySymbol\">&euro;<\/span><\/bdi><\/span><a href=\"\/index.php?rest_route=%2Fwp%2Fv2%2Fpages%2F1340&#038;add-to-cart=1357\" aria-describedby=\"woocommerce_loop_add_to_cart_link_describedby_1357\" data-quantity=\"1\" class=\"button product_type_simple add_to_cart_button ajax_add_to_cart\" data-product_id=\"1357\" data-product_sku=\"\" aria-label=\"In den Warenkorb legen: \u201eDas Kamasutra im Westen - zwei B\u00e4nde\u201c\" rel=\"nofollow\" data-success_message=\"\u201eDas Kamasutra im Westen - zwei B\u00e4nde\u201c wurde deinem Warenkorb hinzugef\u00fcgt\" role=\"button\">In den Warenkorb<\/a>\t<span id=\"woocommerce_loop_add_to_cart_link_describedby_1357\" class=\"screen-reader-text\">\n\t\t\t<\/span>\n<\/p><\/strong><\/p>\n\n\n\n<p>Gelehrsamkeit und animalisches Erbe: Eine Anatomie der Lust<\/p>\n\n\n\n<p>Dieses Werk dokumentiert die systematische Bestandsaufnahme einer fiktiven geladenen Diskursgemeinschaft, die das Spannungsfeld zwischen archaischem Erbe und hochkultivierter Typisierung auslotet. Es ist eine radikale Untersuchung der menschlichen Leidenschaften, die sich jeder zusammenfassenden Vereinfachung entzieht.<\/p>\n\n\n\n<p>Im Zentrum steht die wortgenaue Bearbeitung historischer Texte und Rezepturen von V\u0101tsy\u0101yana, basierend auf der \u00dcbersetzung von Richard Schmidt (1903). Die mathematische Distanz zu Details wie den zahlreichen Charakteren und der anatomischen Pr\u00e4zision der Liebesstellungen wird hierbei der ungesch\u00f6nten sozialen Realit\u00e4t machtvoller \u00dcbergriffe und archaischer Herrschaftsformen \u00fcber die Jahrtausende hinweg gegen\u00fcbergestellt.<\/p>\n\n\n\n<p>Die abstrakte Gelehrsamkeit der Quellen ist unmittelbar mit der visuellen Evidenz des begleitenden Bildbandes verkn\u00fcpft. Diese Struktur l\u00e4dt zur permanenten Konfrontation zwischen der Theorie der Lust und ihrer darstellerischen Konsequenz ein.<\/p>\n\n\n\n<p>Das <em>K\u0101mas\u016btra im Westen<\/em> ist eine Expedition in die Grenzgebiete des Menschlichen. Wo die pr\u00e4zise Sprache der Gelehrsamkeit auf die ungez\u00e4hmte Wucht des animalischen Erbes trifft, entsteht ein Spannungsfeld von seltener Intensit\u00e4t. Ein unverzichtbares Kompendium f\u00fcr jene, die bereit sind, der Wahrheit hinter den Masken der Zivilisation ungesch\u00fctzt zu begegnen.<\/p>\n\n\n\n<p>Am Ende des Buches sind viele westliche Alternativen zu den zuvor genannten indischen Heilmitteln aufgef\u00fchrt.<\/p>\n\n\n\n<p><strong>Erster Band: <\/strong>Textband mit 428 Seiten auf Naturpapier im Hardcover, Format 21&#215;21 cm, Fadenbindung,  <\/p>\n\n\n\n<p><strong>Zweiter Band:<\/strong> Bildband mit 236 Seiten auf Kunstdruckpapier im Hardcover, Format 21&#215;21 cm, Fadenbindung,  <\/p>\n\n\n\n<p><\/p>\n\n\n\n<p>ISBN 978-3-948396-48-0 (beide B\u00fccher) nummerierte Exemplare (1 &#8211; 50) zusammen 99,00 \u20ac<\/p>\n\n\n\n<figure class=\"wp-block-gallery has-nested-images columns-default is-cropped wp-block-gallery-1 is-layout-flex wp-block-gallery-is-layout-flex\">\n<figure class=\"wp-block-image size-large\"><a href=\"https:\/\/verlag.wiethase.de\/wp-content\/uploads\/2026\/04\/Kamasutra-Umschlag-Bildband-zen-1-scaled.jpg\"><img loading=\"lazy\" decoding=\"async\" width=\"845\" height=\"870\" data-id=\"1362\" src=\"https:\/\/verlag.wiethase.de\/wp-content\/uploads\/2026\/04\/Kamasutra-Umschlag-Bildband-zen-1-845x870.jpg\" alt=\"\" class=\"wp-image-1362\" srcset=\"https:\/\/verlag.wiethase.de\/wp-content\/uploads\/2026\/04\/Kamasutra-Umschlag-Bildband-zen-1-845x870.jpg 845w, https:\/\/verlag.wiethase.de\/wp-content\/uploads\/2026\/04\/Kamasutra-Umschlag-Bildband-zen-1-291x300.jpg 291w, https:\/\/verlag.wiethase.de\/wp-content\/uploads\/2026\/04\/Kamasutra-Umschlag-Bildband-zen-1-768x791.jpg 768w, https:\/\/verlag.wiethase.de\/wp-content\/uploads\/2026\/04\/Kamasutra-Umschlag-Bildband-zen-1-1492x1536.jpg 1492w, https:\/\/verlag.wiethase.de\/wp-content\/uploads\/2026\/04\/Kamasutra-Umschlag-Bildband-zen-1-1989x2048.jpg 1989w, https:\/\/verlag.wiethase.de\/wp-content\/uploads\/2026\/04\/Kamasutra-Umschlag-Bildband-zen-1-1320x1359.jpg 1320w, https:\/\/verlag.wiethase.de\/wp-content\/uploads\/2026\/04\/Kamasutra-Umschlag-Bildband-zen-1-300x309.jpg 300w\" sizes=\"auto, (max-width: 845px) 100vw, 845px\" \/><\/a><\/figure>\n\n\n\n<figure class=\"wp-block-image size-large\"><a href=\"https:\/\/verlag.wiethase.de\/wp-content\/uploads\/2026\/04\/Kamasutra-Umschlag-Textband-zen-1-scaled.jpg\"><img loading=\"lazy\" decoding=\"async\" width=\"845\" height=\"835\" data-id=\"1361\" src=\"https:\/\/verlag.wiethase.de\/wp-content\/uploads\/2026\/04\/Kamasutra-Umschlag-Textband-zen-1-845x835.jpg\" alt=\"\" class=\"wp-image-1361\" srcset=\"https:\/\/verlag.wiethase.de\/wp-content\/uploads\/2026\/04\/Kamasutra-Umschlag-Textband-zen-1-845x835.jpg 845w, https:\/\/verlag.wiethase.de\/wp-content\/uploads\/2026\/04\/Kamasutra-Umschlag-Textband-zen-1-300x296.jpg 300w, https:\/\/verlag.wiethase.de\/wp-content\/uploads\/2026\/04\/Kamasutra-Umschlag-Textband-zen-1-768x759.jpg 768w, https:\/\/verlag.wiethase.de\/wp-content\/uploads\/2026\/04\/Kamasutra-Umschlag-Textband-zen-1-1536x1518.jpg 1536w, https:\/\/verlag.wiethase.de\/wp-content\/uploads\/2026\/04\/Kamasutra-Umschlag-Textband-zen-1-2048x2023.jpg 2048w, https:\/\/verlag.wiethase.de\/wp-content\/uploads\/2026\/04\/Kamasutra-Umschlag-Textband-zen-1-304x300.jpg 304w, https:\/\/verlag.wiethase.de\/wp-content\/uploads\/2026\/04\/Kamasutra-Umschlag-Textband-zen-1-1320x1304.jpg 1320w, https:\/\/verlag.wiethase.de\/wp-content\/uploads\/2026\/04\/Kamasutra-Umschlag-Textband-zen-1-100x100.jpg 100w\" sizes=\"auto, (max-width: 845px) 100vw, 845px\" \/><\/a><\/figure>\n<\/figure>\n\n\n\n<figure class=\"wp-block-gallery has-nested-images columns-default is-cropped wp-block-gallery-2 is-layout-flex wp-block-gallery-is-layout-flex\">\n<figure class=\"wp-block-image size-large\"><a href=\"https:\/\/verlag.wiethase.de\/wp-content\/uploads\/2026\/04\/Kama-5-1.jpg\"><img loading=\"lazy\" decoding=\"async\" width=\"845\" height=\"845\" data-id=\"1364\" src=\"https:\/\/verlag.wiethase.de\/wp-content\/uploads\/2026\/04\/Kama-5-1-845x845.jpg\" alt=\"\" class=\"wp-image-1364\" srcset=\"https:\/\/verlag.wiethase.de\/wp-content\/uploads\/2026\/04\/Kama-5-1-845x845.jpg 845w, https:\/\/verlag.wiethase.de\/wp-content\/uploads\/2026\/04\/Kama-5-1-300x300.jpg 300w, https:\/\/verlag.wiethase.de\/wp-content\/uploads\/2026\/04\/Kama-5-1-150x150.jpg 150w, https:\/\/verlag.wiethase.de\/wp-content\/uploads\/2026\/04\/Kama-5-1-768x768.jpg 768w, https:\/\/verlag.wiethase.de\/wp-content\/uploads\/2026\/04\/Kama-5-1-1536x1536.jpg 1536w, https:\/\/verlag.wiethase.de\/wp-content\/uploads\/2026\/04\/Kama-5-1-2048x2048.jpg 2048w, https:\/\/verlag.wiethase.de\/wp-content\/uploads\/2026\/04\/Kama-5-1-1320x1320.jpg 1320w, https:\/\/verlag.wiethase.de\/wp-content\/uploads\/2026\/04\/Kama-5-1-100x100.jpg 100w\" sizes=\"auto, (max-width: 845px) 100vw, 845px\" \/><\/a><\/figure>\n\n\n\n<figure class=\"wp-block-image size-large\"><a href=\"https:\/\/verlag.wiethase.de\/wp-content\/uploads\/2026\/04\/Kama-6-1.jpg\"><img loading=\"lazy\" decoding=\"async\" width=\"845\" height=\"845\" data-id=\"1367\" src=\"https:\/\/verlag.wiethase.de\/wp-content\/uploads\/2026\/04\/Kama-6-1-845x845.jpg\" alt=\"\" class=\"wp-image-1367\" srcset=\"https:\/\/verlag.wiethase.de\/wp-content\/uploads\/2026\/04\/Kama-6-1-845x845.jpg 845w, https:\/\/verlag.wiethase.de\/wp-content\/uploads\/2026\/04\/Kama-6-1-300x300.jpg 300w, https:\/\/verlag.wiethase.de\/wp-content\/uploads\/2026\/04\/Kama-6-1-150x150.jpg 150w, https:\/\/verlag.wiethase.de\/wp-content\/uploads\/2026\/04\/Kama-6-1-768x768.jpg 768w, https:\/\/verlag.wiethase.de\/wp-content\/uploads\/2026\/04\/Kama-6-1-1536x1536.jpg 1536w, https:\/\/verlag.wiethase.de\/wp-content\/uploads\/2026\/04\/Kama-6-1-2048x2048.jpg 2048w, https:\/\/verlag.wiethase.de\/wp-content\/uploads\/2026\/04\/Kama-6-1-1320x1320.jpg 1320w, https:\/\/verlag.wiethase.de\/wp-content\/uploads\/2026\/04\/Kama-6-1-100x100.jpg 100w\" sizes=\"auto, (max-width: 845px) 100vw, 845px\" \/><\/a><\/figure>\n\n\n\n<figure class=\"wp-block-image size-large\"><a href=\"https:\/\/verlag.wiethase.de\/wp-content\/uploads\/2026\/04\/Kama-1-1.jpg\"><img loading=\"lazy\" decoding=\"async\" width=\"845\" height=\"845\" data-id=\"1366\" src=\"https:\/\/verlag.wiethase.de\/wp-content\/uploads\/2026\/04\/Kama-1-1-845x845.jpg\" alt=\"\" class=\"wp-image-1366\" srcset=\"https:\/\/verlag.wiethase.de\/wp-content\/uploads\/2026\/04\/Kama-1-1-845x845.jpg 845w, https:\/\/verlag.wiethase.de\/wp-content\/uploads\/2026\/04\/Kama-1-1-300x300.jpg 300w, https:\/\/verlag.wiethase.de\/wp-content\/uploads\/2026\/04\/Kama-1-1-150x150.jpg 150w, https:\/\/verlag.wiethase.de\/wp-content\/uploads\/2026\/04\/Kama-1-1-768x768.jpg 768w, https:\/\/verlag.wiethase.de\/wp-content\/uploads\/2026\/04\/Kama-1-1-1536x1536.jpg 1536w, https:\/\/verlag.wiethase.de\/wp-content\/uploads\/2026\/04\/Kama-1-1-2048x2048.jpg 2048w, https:\/\/verlag.wiethase.de\/wp-content\/uploads\/2026\/04\/Kama-1-1-1320x1320.jpg 1320w, https:\/\/verlag.wiethase.de\/wp-content\/uploads\/2026\/04\/Kama-1-1-100x100.jpg 100w\" sizes=\"auto, (max-width: 845px) 100vw, 845px\" \/><\/a><\/figure>\n\n\n\n<figure class=\"wp-block-image size-large\"><a href=\"https:\/\/verlag.wiethase.de\/wp-content\/uploads\/2026\/04\/Kama-2-1.jpg\"><img loading=\"lazy\" decoding=\"async\" width=\"845\" height=\"845\" data-id=\"1365\" src=\"https:\/\/verlag.wiethase.de\/wp-content\/uploads\/2026\/04\/Kama-2-1-845x845.jpg\" alt=\"\" class=\"wp-image-1365\" srcset=\"https:\/\/verlag.wiethase.de\/wp-content\/uploads\/2026\/04\/Kama-2-1-845x845.jpg 845w, https:\/\/verlag.wiethase.de\/wp-content\/uploads\/2026\/04\/Kama-2-1-300x300.jpg 300w, https:\/\/verlag.wiethase.de\/wp-content\/uploads\/2026\/04\/Kama-2-1-150x150.jpg 150w, https:\/\/verlag.wiethase.de\/wp-content\/uploads\/2026\/04\/Kama-2-1-768x768.jpg 768w, https:\/\/verlag.wiethase.de\/wp-content\/uploads\/2026\/04\/Kama-2-1-1536x1536.jpg 1536w, https:\/\/verlag.wiethase.de\/wp-content\/uploads\/2026\/04\/Kama-2-1-2048x2048.jpg 2048w, https:\/\/verlag.wiethase.de\/wp-content\/uploads\/2026\/04\/Kama-2-1-1320x1320.jpg 1320w, https:\/\/verlag.wiethase.de\/wp-content\/uploads\/2026\/04\/Kama-2-1-100x100.jpg 100w\" sizes=\"auto, (max-width: 845px) 100vw, 845px\" \/><\/a><\/figure>\n\n\n\n<figure class=\"wp-block-image size-large\"><a href=\"https:\/\/verlag.wiethase.de\/wp-content\/uploads\/2026\/04\/Kama-3-1.jpg\"><img loading=\"lazy\" decoding=\"async\" width=\"845\" height=\"845\" data-id=\"1368\" src=\"https:\/\/verlag.wiethase.de\/wp-content\/uploads\/2026\/04\/Kama-3-1-845x845.jpg\" alt=\"\" class=\"wp-image-1368\" srcset=\"https:\/\/verlag.wiethase.de\/wp-content\/uploads\/2026\/04\/Kama-3-1-845x845.jpg 845w, https:\/\/verlag.wiethase.de\/wp-content\/uploads\/2026\/04\/Kama-3-1-300x300.jpg 300w, https:\/\/verlag.wiethase.de\/wp-content\/uploads\/2026\/04\/Kama-3-1-150x150.jpg 150w, https:\/\/verlag.wiethase.de\/wp-content\/uploads\/2026\/04\/Kama-3-1-768x768.jpg 768w, https:\/\/verlag.wiethase.de\/wp-content\/uploads\/2026\/04\/Kama-3-1-1536x1536.jpg 1536w, https:\/\/verlag.wiethase.de\/wp-content\/uploads\/2026\/04\/Kama-3-1-2048x2048.jpg 2048w, https:\/\/verlag.wiethase.de\/wp-content\/uploads\/2026\/04\/Kama-3-1-1320x1320.jpg 1320w, https:\/\/verlag.wiethase.de\/wp-content\/uploads\/2026\/04\/Kama-3-1-100x100.jpg 100w\" sizes=\"auto, (max-width: 845px) 100vw, 845px\" \/><\/a><\/figure>\n<\/figure>\n\n\n\n<p><\/p>\n","protected":false},"excerpt":{"rendered":"<p>Eine transkulturelle Erotologie &#8211; Gedruckt in einer limitierten\/einmaligen Auflage von 50 Exemplaren von Hendrik Wiethase Gelehrsamkeit und animalisches Erbe: Eine Anatomie der Lust Dieses Werk dokumentiert die systematische Bestandsaufnahme einer fiktiven geladenen Diskursgemeinschaft, die das Spannungsfeld zwischen archaischem Erbe und &hellip; <a href=\"https:\/\/verlag.wiethase.de\/?page_id=1340\">Weiterlesen <span class=\"meta-nav\">&rarr;<\/span><\/a><\/p>\n","protected":false},"author":1,"featured_media":0,"parent":435,"menu_order":0,"comment_status":"closed","ping_status":"closed","template":"","meta":{"_monsterinsights_skip_tracking":false,"_monsterinsights_sitenote_active":false,"_monsterinsights_sitenote_note":"","_monsterinsights_sitenote_category":0,"footnotes":""},"class_list":["post-1340","page","type-page","status-publish","hentry"],"yoast_head":"<!-- This site is optimized with the Yoast SEO plugin v27.5 - https:\/\/yoast.com\/product\/yoast-seo-wordpress\/ -->\n<title>Das Kamasutra im Westen - zwei B\u00e4nde - WiethaseVerlag<\/title>\n<meta name=\"robots\" content=\"index, follow, max-snippet:-1, max-image-preview:large, max-video-preview:-1\" \/>\n<link rel=\"canonical\" href=\"https:\/\/verlag.wiethase.de\/?page_id=1340\" \/>\n<meta property=\"og:locale\" content=\"de_DE\" \/>\n<meta property=\"og:type\" content=\"article\" \/>\n<meta property=\"og:title\" content=\"Das Kamasutra im Westen - zwei B\u00e4nde - WiethaseVerlag\" \/>\n<meta property=\"og:description\" content=\"Eine transkulturelle Erotologie &#8211; Gedruckt in einer limitierten\/einmaligen Auflage von 50 Exemplaren von Hendrik Wiethase Gelehrsamkeit und animalisches Erbe: Eine Anatomie der Lust Dieses Werk dokumentiert die systematische Bestandsaufnahme einer fiktiven geladenen Diskursgemeinschaft, die das Spannungsfeld zwischen archaischem Erbe und &hellip; Weiterlesen &rarr;\" \/>\n<meta property=\"og:url\" content=\"https:\/\/verlag.wiethase.de\/?page_id=1340\" \/>\n<meta property=\"og:site_name\" content=\"WiethaseVerlag\" \/>\n<meta property=\"article:publisher\" content=\"https:\/\/www.facebook.com\/profile.php?id=100063974142366\" \/>\n<meta property=\"article:modified_time\" content=\"2026-04-30T21:32:27+00:00\" \/>\n<meta property=\"og:image\" content=\"https:\/\/verlag.wiethase.de\/wp-content\/uploads\/2026\/04\/Kamasutra-Umschlag-Bildband-zen-1-scaled.jpg\" \/>\n\t<meta property=\"og:image:width\" content=\"2486\" \/>\n\t<meta property=\"og:image:height\" content=\"2560\" \/>\n\t<meta property=\"og:image:type\" content=\"image\/jpeg\" \/>\n<meta name=\"twitter:card\" content=\"summary_large_image\" \/>\n<meta name=\"twitter:label1\" content=\"Gesch\u00e4tzte Lesezeit\" \/>\n\t<meta name=\"twitter:data1\" content=\"3\u00a0Minuten\" \/>\n<script type=\"application\/ld+json\" class=\"yoast-schema-graph\">{\"@context\":\"https:\\\/\\\/schema.org\",\"@graph\":[{\"@type\":\"WebPage\",\"@id\":\"https:\\\/\\\/verlag.wiethase.de\\\/?page_id=1340\",\"url\":\"https:\\\/\\\/verlag.wiethase.de\\\/?page_id=1340\",\"name\":\"Das Kamasutra im Westen - zwei B\u00e4nde - WiethaseVerlag\",\"isPartOf\":{\"@id\":\"https:\\\/\\\/verlag.wiethase.de\\\/#website\"},\"primaryImageOfPage\":{\"@id\":\"https:\\\/\\\/verlag.wiethase.de\\\/?page_id=1340#primaryimage\"},\"image\":{\"@id\":\"https:\\\/\\\/verlag.wiethase.de\\\/?page_id=1340#primaryimage\"},\"thumbnailUrl\":\"https:\\\/\\\/verlag.wiethase.de\\\/wp-content\\\/uploads\\\/2026\\\/04\\\/Kamasutra-Umschlag-Bildband-zen-1-845x870.jpg\",\"datePublished\":\"2026-04-30T20:03:54+00:00\",\"dateModified\":\"2026-04-30T21:32:27+00:00\",\"breadcrumb\":{\"@id\":\"https:\\\/\\\/verlag.wiethase.de\\\/?page_id=1340#breadcrumb\"},\"inLanguage\":\"de\",\"potentialAction\":[{\"@type\":\"ReadAction\",\"target\":[\"https:\\\/\\\/verlag.wiethase.de\\\/?page_id=1340\"]}]},{\"@type\":\"ImageObject\",\"inLanguage\":\"de\",\"@id\":\"https:\\\/\\\/verlag.wiethase.de\\\/?page_id=1340#primaryimage\",\"url\":\"https:\\\/\\\/verlag.wiethase.de\\\/wp-content\\\/uploads\\\/2026\\\/04\\\/Kamasutra-Umschlag-Bildband-zen-1-scaled.jpg\",\"contentUrl\":\"https:\\\/\\\/verlag.wiethase.de\\\/wp-content\\\/uploads\\\/2026\\\/04\\\/Kamasutra-Umschlag-Bildband-zen-1-scaled.jpg\",\"width\":2486,\"height\":2560},{\"@type\":\"BreadcrumbList\",\"@id\":\"https:\\\/\\\/verlag.wiethase.de\\\/?page_id=1340#breadcrumb\",\"itemListElement\":[{\"@type\":\"ListItem\",\"position\":1,\"name\":\"Startseite\",\"item\":\"https:\\\/\\\/verlag.wiethase.de\\\/\"},{\"@type\":\"ListItem\",\"position\":2,\"name\":\"Indien\",\"item\":\"https:\\\/\\\/verlag.wiethase.de\\\/?page_id=435\"},{\"@type\":\"ListItem\",\"position\":3,\"name\":\"Das Kamasutra im Westen &#8211; zwei B\u00e4nde\"}]},{\"@type\":\"WebSite\",\"@id\":\"https:\\\/\\\/verlag.wiethase.de\\\/#website\",\"url\":\"https:\\\/\\\/verlag.wiethase.de\\\/\",\"name\":\"WiethaseVerlag\",\"description\":\"B\u00fccher - DVD - H\u00f6rb\u00fccher\",\"publisher\":{\"@id\":\"https:\\\/\\\/verlag.wiethase.de\\\/#organization\"},\"potentialAction\":[{\"@type\":\"SearchAction\",\"target\":{\"@type\":\"EntryPoint\",\"urlTemplate\":\"https:\\\/\\\/verlag.wiethase.de\\\/?s={search_term_string}\"},\"query-input\":{\"@type\":\"PropertyValueSpecification\",\"valueRequired\":true,\"valueName\":\"search_term_string\"}}],\"inLanguage\":\"de\"},{\"@type\":\"Organization\",\"@id\":\"https:\\\/\\\/verlag.wiethase.de\\\/#organization\",\"name\":\"Wiethase Verlag\",\"url\":\"https:\\\/\\\/verlag.wiethase.de\\\/\",\"logo\":{\"@type\":\"ImageObject\",\"inLanguage\":\"de\",\"@id\":\"https:\\\/\\\/verlag.wiethase.de\\\/#\\\/schema\\\/logo\\\/image\\\/\",\"url\":\"https:\\\/\\\/verlag.wiethase.de\\\/wp-content\\\/uploads\\\/2022\\\/07\\\/logo-verlag.jpg\",\"contentUrl\":\"https:\\\/\\\/verlag.wiethase.de\\\/wp-content\\\/uploads\\\/2022\\\/07\\\/logo-verlag.jpg\",\"width\":790,\"height\":514,\"caption\":\"Wiethase Verlag\"},\"image\":{\"@id\":\"https:\\\/\\\/verlag.wiethase.de\\\/#\\\/schema\\\/logo\\\/image\\\/\"},\"sameAs\":[\"https:\\\/\\\/www.facebook.com\\\/profile.php?id=100063974142366\"]}]}<\/script>\n<!-- \/ Yoast SEO plugin. -->","yoast_head_json":{"title":"Das Kamasutra im Westen - zwei B\u00e4nde - WiethaseVerlag","robots":{"index":"index","follow":"follow","max-snippet":"max-snippet:-1","max-image-preview":"max-image-preview:large","max-video-preview":"max-video-preview:-1"},"canonical":"https:\/\/verlag.wiethase.de\/?page_id=1340","og_locale":"de_DE","og_type":"article","og_title":"Das Kamasutra im Westen - zwei B\u00e4nde - WiethaseVerlag","og_description":"Eine transkulturelle Erotologie &#8211; Gedruckt in einer limitierten\/einmaligen Auflage von 50 Exemplaren von Hendrik Wiethase Gelehrsamkeit und animalisches Erbe: Eine Anatomie der Lust Dieses Werk dokumentiert die systematische Bestandsaufnahme einer fiktiven geladenen Diskursgemeinschaft, die das Spannungsfeld zwischen archaischem Erbe und &hellip; Weiterlesen &rarr;","og_url":"https:\/\/verlag.wiethase.de\/?page_id=1340","og_site_name":"WiethaseVerlag","article_publisher":"https:\/\/www.facebook.com\/profile.php?id=100063974142366","article_modified_time":"2026-04-30T21:32:27+00:00","og_image":[{"width":2486,"height":2560,"url":"https:\/\/verlag.wiethase.de\/wp-content\/uploads\/2026\/04\/Kamasutra-Umschlag-Bildband-zen-1-scaled.jpg","type":"image\/jpeg"}],"twitter_card":"summary_large_image","twitter_misc":{"Gesch\u00e4tzte Lesezeit":"3\u00a0Minuten"},"schema":{"@context":"https:\/\/schema.org","@graph":[{"@type":"WebPage","@id":"https:\/\/verlag.wiethase.de\/?page_id=1340","url":"https:\/\/verlag.wiethase.de\/?page_id=1340","name":"Das Kamasutra im Westen - zwei B\u00e4nde - WiethaseVerlag","isPartOf":{"@id":"https:\/\/verlag.wiethase.de\/#website"},"primaryImageOfPage":{"@id":"https:\/\/verlag.wiethase.de\/?page_id=1340#primaryimage"},"image":{"@id":"https:\/\/verlag.wiethase.de\/?page_id=1340#primaryimage"},"thumbnailUrl":"https:\/\/verlag.wiethase.de\/wp-content\/uploads\/2026\/04\/Kamasutra-Umschlag-Bildband-zen-1-845x870.jpg","datePublished":"2026-04-30T20:03:54+00:00","dateModified":"2026-04-30T21:32:27+00:00","breadcrumb":{"@id":"https:\/\/verlag.wiethase.de\/?page_id=1340#breadcrumb"},"inLanguage":"de","potentialAction":[{"@type":"ReadAction","target":["https:\/\/verlag.wiethase.de\/?page_id=1340"]}]},{"@type":"ImageObject","inLanguage":"de","@id":"https:\/\/verlag.wiethase.de\/?page_id=1340#primaryimage","url":"https:\/\/verlag.wiethase.de\/wp-content\/uploads\/2026\/04\/Kamasutra-Umschlag-Bildband-zen-1-scaled.jpg","contentUrl":"https:\/\/verlag.wiethase.de\/wp-content\/uploads\/2026\/04\/Kamasutra-Umschlag-Bildband-zen-1-scaled.jpg","width":2486,"height":2560},{"@type":"BreadcrumbList","@id":"https:\/\/verlag.wiethase.de\/?page_id=1340#breadcrumb","itemListElement":[{"@type":"ListItem","position":1,"name":"Startseite","item":"https:\/\/verlag.wiethase.de\/"},{"@type":"ListItem","position":2,"name":"Indien","item":"https:\/\/verlag.wiethase.de\/?page_id=435"},{"@type":"ListItem","position":3,"name":"Das Kamasutra im Westen &#8211; zwei B\u00e4nde"}]},{"@type":"WebSite","@id":"https:\/\/verlag.wiethase.de\/#website","url":"https:\/\/verlag.wiethase.de\/","name":"WiethaseVerlag","description":"B\u00fccher - DVD - H\u00f6rb\u00fccher","publisher":{"@id":"https:\/\/verlag.wiethase.de\/#organization"},"potentialAction":[{"@type":"SearchAction","target":{"@type":"EntryPoint","urlTemplate":"https:\/\/verlag.wiethase.de\/?s={search_term_string}"},"query-input":{"@type":"PropertyValueSpecification","valueRequired":true,"valueName":"search_term_string"}}],"inLanguage":"de"},{"@type":"Organization","@id":"https:\/\/verlag.wiethase.de\/#organization","name":"Wiethase Verlag","url":"https:\/\/verlag.wiethase.de\/","logo":{"@type":"ImageObject","inLanguage":"de","@id":"https:\/\/verlag.wiethase.de\/#\/schema\/logo\/image\/","url":"https:\/\/verlag.wiethase.de\/wp-content\/uploads\/2022\/07\/logo-verlag.jpg","contentUrl":"https:\/\/verlag.wiethase.de\/wp-content\/uploads\/2022\/07\/logo-verlag.jpg","width":790,"height":514,"caption":"Wiethase Verlag"},"image":{"@id":"https:\/\/verlag.wiethase.de\/#\/schema\/logo\/image\/"},"sameAs":["https:\/\/www.facebook.com\/profile.php?id=100063974142366"]}]}},"jetpack_sharing_enabled":true,"_links":{"self":[{"href":"https:\/\/verlag.wiethase.de\/index.php?rest_route=\/wp\/v2\/pages\/1340","targetHints":{"allow":["GET"]}}],"collection":[{"href":"https:\/\/verlag.wiethase.de\/index.php?rest_route=\/wp\/v2\/pages"}],"about":[{"href":"https:\/\/verlag.wiethase.de\/index.php?rest_route=\/wp\/v2\/types\/page"}],"author":[{"embeddable":true,"href":"https:\/\/verlag.wiethase.de\/index.php?rest_route=\/wp\/v2\/users\/1"}],"replies":[{"embeddable":true,"href":"https:\/\/verlag.wiethase.de\/index.php?rest_route=%2Fwp%2Fv2%2Fcomments&post=1340"}],"version-history":[{"count":11,"href":"https:\/\/verlag.wiethase.de\/index.php?rest_route=\/wp\/v2\/pages\/1340\/revisions"}],"predecessor-version":[{"id":1392,"href":"https:\/\/verlag.wiethase.de\/index.php?rest_route=\/wp\/v2\/pages\/1340\/revisions\/1392"}],"up":[{"embeddable":true,"href":"https:\/\/verlag.wiethase.de\/index.php?rest_route=\/wp\/v2\/pages\/435"}],"wp:attachment":[{"href":"https:\/\/verlag.wiethase.de\/index.php?rest_route=%2Fwp%2Fv2%2Fmedia&parent=1340"}],"curies":[{"name":"wp","href":"https:\/\/api.w.org\/{rel}","templated":true}]}}