{"id":1336,"date":"2026-04-30T19:30:32","date_gmt":"2026-04-30T19:30:32","guid":{"rendered":"https:\/\/verlag.wiethase.de\/?page_id=1336"},"modified":"2026-04-30T19:34:11","modified_gmt":"2026-04-30T19:34:11","slug":"meinklang-fluss-ohne-ufer","status":"publish","type":"page","link":"https:\/\/verlag.wiethase.de\/?page_id=1336","title":{"rendered":"Meinklang &#8211; Fluss ohne Ufer"},"content":{"rendered":"\n<p>Ein Lebensr\u00fcckblick<\/p>\n\n\n\n<p>Dieses Buch ist kein Wegweiser.<\/p>\n\n\n\n<p>Es ist auch kein Bericht und kein Versuch, etwas festzuhalten.<\/p>\n\n\n\n<p>Die Texte, die hier versammelt sind, entstanden nicht nach einem Plan. Sie folgten keiner Ord-nung, keinem Ziel und keiner Idee von Vollst\u00e4n-digkeit. Sie sind da, weil sie geschehen sind.<\/p>\n\n\n\n<p>Manche wurden in Bewegung geschrieben, manche im Stillstand. Manche aus Freude, manche aus Staunen, manche aus einem Moment heraus, der sich nicht erkl\u00e4ren lie\u00df. Manche entstanden in Erinnerung an etwas, das bis heute Einfluss auf mich hat.<\/p>\n\n\n\n<p>Keiner dieser Texte will mehr sein als das, was er ist: ein Augenblick, der Worte fand.<\/p>\n\n\n\n<p>Es ist nicht notwendig, dieses Buch von Anfang bis Ende zu lesen. Es ist auch nicht notwendig, es zu verstehen. Man kann es aufschlagen, schlie-Ben, wieder \u00f6ffnen. Man kann darin verweilen oder weitergehen.<\/p>\n\n\n\n<p>Wenn etwas davon den Leser ber\u00fchrt, gen\u00fcgt das.<\/p>\n\n\n\n<p>Wenn nichts davon bleibt, ist auch das gut.<\/p>\n\n\n\n<p>Dieses Buch verlangt nichts.<\/p>\n\n\n\n<p>Es ist nur.<\/p>\n\n\n\n<figure class=\"wp-block-image size-large\"><a href=\"https:\/\/verlag.wiethase.de\/wp-content\/uploads\/2026\/04\/Meinklang-Cover--scaled.jpg\"><img loading=\"lazy\" decoding=\"async\" width=\"845\" height=\"877\" src=\"https:\/\/verlag.wiethase.de\/wp-content\/uploads\/2026\/04\/Meinklang-Cover--845x877.jpg\" alt=\"\" class=\"wp-image-1337\" srcset=\"https:\/\/verlag.wiethase.de\/wp-content\/uploads\/2026\/04\/Meinklang-Cover--845x877.jpg 845w, https:\/\/verlag.wiethase.de\/wp-content\/uploads\/2026\/04\/Meinklang-Cover--289x300.jpg 289w, https:\/\/verlag.wiethase.de\/wp-content\/uploads\/2026\/04\/Meinklang-Cover--768x797.jpg 768w, https:\/\/verlag.wiethase.de\/wp-content\/uploads\/2026\/04\/Meinklang-Cover--1480x1536.jpg 1480w, https:\/\/verlag.wiethase.de\/wp-content\/uploads\/2026\/04\/Meinklang-Cover--1973x2048.jpg 1973w, https:\/\/verlag.wiethase.de\/wp-content\/uploads\/2026\/04\/Meinklang-Cover--1320x1370.jpg 1320w, https:\/\/verlag.wiethase.de\/wp-content\/uploads\/2026\/04\/Meinklang-Cover--300x311.jpg 300w\" sizes=\"auto, (max-width: 845px) 100vw, 845px\" \/><\/a><\/figure>\n\n\n\n<p>228 Seiten auf Naturpapier mit Hardcover und Fadenbindung im Format 21&#215;21 cm.<br>ISBN 978-3-948396-47-3  f\u00fcr  25,00<\/p>\n","protected":false},"excerpt":{"rendered":"<p>Ein Lebensr\u00fcckblick Dieses Buch ist kein Wegweiser. Es ist auch kein Bericht und kein Versuch, etwas festzuhalten. Die Texte, die hier versammelt sind, entstanden nicht nach einem Plan. Sie folgten keiner Ord-nung, keinem Ziel und keiner Idee von Vollst\u00e4n-digkeit. Sie &hellip; <a href=\"https:\/\/verlag.wiethase.de\/?page_id=1336\">Weiterlesen <span class=\"meta-nav\">&rarr;<\/span><\/a><\/p>\n","protected":false},"author":1,"featured_media":0,"parent":566,"menu_order":0,"comment_status":"closed","ping_status":"closed","template":"","meta":{"_monsterinsights_skip_tracking":false,"_monsterinsights_sitenote_active":false,"_monsterinsights_sitenote_note":"","_monsterinsights_sitenote_category":0,"footnotes":""},"class_list":["post-1336","page","type-page","status-publish","hentry"],"yoast_head":"<!-- This site is optimized with the Yoast SEO plugin v27.5 - https:\/\/yoast.com\/product\/yoast-seo-wordpress\/ -->\n<title>Meinklang - Fluss ohne Ufer - WiethaseVerlag<\/title>\n<meta name=\"robots\" content=\"index, follow, max-snippet:-1, max-image-preview:large, max-video-preview:-1\" \/>\n<link rel=\"canonical\" href=\"https:\/\/verlag.wiethase.de\/?page_id=1336\" \/>\n<meta property=\"og:locale\" content=\"de_DE\" \/>\n<meta property=\"og:type\" content=\"article\" \/>\n<meta property=\"og:title\" content=\"Meinklang - Fluss ohne Ufer - WiethaseVerlag\" \/>\n<meta property=\"og:description\" content=\"Ein Lebensr\u00fcckblick Dieses Buch ist kein Wegweiser. Es ist auch kein Bericht und kein Versuch, etwas festzuhalten. Die Texte, die hier versammelt sind, entstanden nicht nach einem Plan. Sie folgten keiner Ord-nung, keinem Ziel und keiner Idee von Vollst\u00e4n-digkeit. Sie &hellip; Weiterlesen &rarr;\" \/>\n<meta property=\"og:url\" content=\"https:\/\/verlag.wiethase.de\/?page_id=1336\" \/>\n<meta property=\"og:site_name\" content=\"WiethaseVerlag\" \/>\n<meta property=\"article:publisher\" content=\"https:\/\/www.facebook.com\/profile.php?id=100063974142366\" \/>\n<meta property=\"article:modified_time\" content=\"2026-04-30T19:34:11+00:00\" \/>\n<meta property=\"og:image\" content=\"https:\/\/verlag.wiethase.de\/wp-content\/uploads\/2026\/04\/Meinklang-Cover--scaled.jpg\" \/>\n\t<meta property=\"og:image:width\" content=\"2466\" \/>\n\t<meta property=\"og:image:height\" content=\"2560\" \/>\n\t<meta property=\"og:image:type\" content=\"image\/jpeg\" \/>\n<meta name=\"twitter:card\" content=\"summary_large_image\" \/>\n<meta name=\"twitter:label1\" content=\"Gesch\u00e4tzte Lesezeit\" \/>\n\t<meta name=\"twitter:data1\" content=\"2\u00a0Minuten\" \/>\n<script type=\"application\/ld+json\" class=\"yoast-schema-graph\">{\"@context\":\"https:\\\/\\\/schema.org\",\"@graph\":[{\"@type\":\"WebPage\",\"@id\":\"https:\\\/\\\/verlag.wiethase.de\\\/?page_id=1336\",\"url\":\"https:\\\/\\\/verlag.wiethase.de\\\/?page_id=1336\",\"name\":\"Meinklang - Fluss ohne Ufer - WiethaseVerlag\",\"isPartOf\":{\"@id\":\"https:\\\/\\\/verlag.wiethase.de\\\/#website\"},\"primaryImageOfPage\":{\"@id\":\"https:\\\/\\\/verlag.wiethase.de\\\/?page_id=1336#primaryimage\"},\"image\":{\"@id\":\"https:\\\/\\\/verlag.wiethase.de\\\/?page_id=1336#primaryimage\"},\"thumbnailUrl\":\"https:\\\/\\\/verlag.wiethase.de\\\/wp-content\\\/uploads\\\/2026\\\/04\\\/Meinklang-Cover--845x877.jpg\",\"datePublished\":\"2026-04-30T19:30:32+00:00\",\"dateModified\":\"2026-04-30T19:34:11+00:00\",\"breadcrumb\":{\"@id\":\"https:\\\/\\\/verlag.wiethase.de\\\/?page_id=1336#breadcrumb\"},\"inLanguage\":\"de\",\"potentialAction\":[{\"@type\":\"ReadAction\",\"target\":[\"https:\\\/\\\/verlag.wiethase.de\\\/?page_id=1336\"]}]},{\"@type\":\"ImageObject\",\"inLanguage\":\"de\",\"@id\":\"https:\\\/\\\/verlag.wiethase.de\\\/?page_id=1336#primaryimage\",\"url\":\"https:\\\/\\\/verlag.wiethase.de\\\/wp-content\\\/uploads\\\/2026\\\/04\\\/Meinklang-Cover--scaled.jpg\",\"contentUrl\":\"https:\\\/\\\/verlag.wiethase.de\\\/wp-content\\\/uploads\\\/2026\\\/04\\\/Meinklang-Cover--scaled.jpg\",\"width\":2466,\"height\":2560},{\"@type\":\"BreadcrumbList\",\"@id\":\"https:\\\/\\\/verlag.wiethase.de\\\/?page_id=1336#breadcrumb\",\"itemListElement\":[{\"@type\":\"ListItem\",\"position\":1,\"name\":\"Startseite\",\"item\":\"https:\\\/\\\/verlag.wiethase.de\\\/\"},{\"@type\":\"ListItem\",\"position\":2,\"name\":\"Lebenswege\",\"item\":\"https:\\\/\\\/verlag.wiethase.de\\\/?page_id=566\"},{\"@type\":\"ListItem\",\"position\":3,\"name\":\"Meinklang &#8211; Fluss ohne Ufer\"}]},{\"@type\":\"WebSite\",\"@id\":\"https:\\\/\\\/verlag.wiethase.de\\\/#website\",\"url\":\"https:\\\/\\\/verlag.wiethase.de\\\/\",\"name\":\"WiethaseVerlag\",\"description\":\"B\u00fccher - DVD - H\u00f6rb\u00fccher\",\"publisher\":{\"@id\":\"https:\\\/\\\/verlag.wiethase.de\\\/#organization\"},\"potentialAction\":[{\"@type\":\"SearchAction\",\"target\":{\"@type\":\"EntryPoint\",\"urlTemplate\":\"https:\\\/\\\/verlag.wiethase.de\\\/?s={search_term_string}\"},\"query-input\":{\"@type\":\"PropertyValueSpecification\",\"valueRequired\":true,\"valueName\":\"search_term_string\"}}],\"inLanguage\":\"de\"},{\"@type\":\"Organization\",\"@id\":\"https:\\\/\\\/verlag.wiethase.de\\\/#organization\",\"name\":\"Wiethase Verlag\",\"url\":\"https:\\\/\\\/verlag.wiethase.de\\\/\",\"logo\":{\"@type\":\"ImageObject\",\"inLanguage\":\"de\",\"@id\":\"https:\\\/\\\/verlag.wiethase.de\\\/#\\\/schema\\\/logo\\\/image\\\/\",\"url\":\"https:\\\/\\\/verlag.wiethase.de\\\/wp-content\\\/uploads\\\/2022\\\/07\\\/logo-verlag.jpg\",\"contentUrl\":\"https:\\\/\\\/verlag.wiethase.de\\\/wp-content\\\/uploads\\\/2022\\\/07\\\/logo-verlag.jpg\",\"width\":790,\"height\":514,\"caption\":\"Wiethase Verlag\"},\"image\":{\"@id\":\"https:\\\/\\\/verlag.wiethase.de\\\/#\\\/schema\\\/logo\\\/image\\\/\"},\"sameAs\":[\"https:\\\/\\\/www.facebook.com\\\/profile.php?id=100063974142366\"]}]}<\/script>\n<!-- \/ Yoast SEO plugin. -->","yoast_head_json":{"title":"Meinklang - Fluss ohne Ufer - WiethaseVerlag","robots":{"index":"index","follow":"follow","max-snippet":"max-snippet:-1","max-image-preview":"max-image-preview:large","max-video-preview":"max-video-preview:-1"},"canonical":"https:\/\/verlag.wiethase.de\/?page_id=1336","og_locale":"de_DE","og_type":"article","og_title":"Meinklang - Fluss ohne Ufer - WiethaseVerlag","og_description":"Ein Lebensr\u00fcckblick Dieses Buch ist kein Wegweiser. Es ist auch kein Bericht und kein Versuch, etwas festzuhalten. Die Texte, die hier versammelt sind, entstanden nicht nach einem Plan. Sie folgten keiner Ord-nung, keinem Ziel und keiner Idee von Vollst\u00e4n-digkeit. Sie &hellip; Weiterlesen &rarr;","og_url":"https:\/\/verlag.wiethase.de\/?page_id=1336","og_site_name":"WiethaseVerlag","article_publisher":"https:\/\/www.facebook.com\/profile.php?id=100063974142366","article_modified_time":"2026-04-30T19:34:11+00:00","og_image":[{"width":2466,"height":2560,"url":"https:\/\/verlag.wiethase.de\/wp-content\/uploads\/2026\/04\/Meinklang-Cover--scaled.jpg","type":"image\/jpeg"}],"twitter_card":"summary_large_image","twitter_misc":{"Gesch\u00e4tzte Lesezeit":"2\u00a0Minuten"},"schema":{"@context":"https:\/\/schema.org","@graph":[{"@type":"WebPage","@id":"https:\/\/verlag.wiethase.de\/?page_id=1336","url":"https:\/\/verlag.wiethase.de\/?page_id=1336","name":"Meinklang - Fluss ohne Ufer - WiethaseVerlag","isPartOf":{"@id":"https:\/\/verlag.wiethase.de\/#website"},"primaryImageOfPage":{"@id":"https:\/\/verlag.wiethase.de\/?page_id=1336#primaryimage"},"image":{"@id":"https:\/\/verlag.wiethase.de\/?page_id=1336#primaryimage"},"thumbnailUrl":"https:\/\/verlag.wiethase.de\/wp-content\/uploads\/2026\/04\/Meinklang-Cover--845x877.jpg","datePublished":"2026-04-30T19:30:32+00:00","dateModified":"2026-04-30T19:34:11+00:00","breadcrumb":{"@id":"https:\/\/verlag.wiethase.de\/?page_id=1336#breadcrumb"},"inLanguage":"de","potentialAction":[{"@type":"ReadAction","target":["https:\/\/verlag.wiethase.de\/?page_id=1336"]}]},{"@type":"ImageObject","inLanguage":"de","@id":"https:\/\/verlag.wiethase.de\/?page_id=1336#primaryimage","url":"https:\/\/verlag.wiethase.de\/wp-content\/uploads\/2026\/04\/Meinklang-Cover--scaled.jpg","contentUrl":"https:\/\/verlag.wiethase.de\/wp-content\/uploads\/2026\/04\/Meinklang-Cover--scaled.jpg","width":2466,"height":2560},{"@type":"BreadcrumbList","@id":"https:\/\/verlag.wiethase.de\/?page_id=1336#breadcrumb","itemListElement":[{"@type":"ListItem","position":1,"name":"Startseite","item":"https:\/\/verlag.wiethase.de\/"},{"@type":"ListItem","position":2,"name":"Lebenswege","item":"https:\/\/verlag.wiethase.de\/?page_id=566"},{"@type":"ListItem","position":3,"name":"Meinklang &#8211; Fluss ohne Ufer"}]},{"@type":"WebSite","@id":"https:\/\/verlag.wiethase.de\/#website","url":"https:\/\/verlag.wiethase.de\/","name":"WiethaseVerlag","description":"B\u00fccher - DVD - H\u00f6rb\u00fccher","publisher":{"@id":"https:\/\/verlag.wiethase.de\/#organization"},"potentialAction":[{"@type":"SearchAction","target":{"@type":"EntryPoint","urlTemplate":"https:\/\/verlag.wiethase.de\/?s={search_term_string}"},"query-input":{"@type":"PropertyValueSpecification","valueRequired":true,"valueName":"search_term_string"}}],"inLanguage":"de"},{"@type":"Organization","@id":"https:\/\/verlag.wiethase.de\/#organization","name":"Wiethase Verlag","url":"https:\/\/verlag.wiethase.de\/","logo":{"@type":"ImageObject","inLanguage":"de","@id":"https:\/\/verlag.wiethase.de\/#\/schema\/logo\/image\/","url":"https:\/\/verlag.wiethase.de\/wp-content\/uploads\/2022\/07\/logo-verlag.jpg","contentUrl":"https:\/\/verlag.wiethase.de\/wp-content\/uploads\/2022\/07\/logo-verlag.jpg","width":790,"height":514,"caption":"Wiethase Verlag"},"image":{"@id":"https:\/\/verlag.wiethase.de\/#\/schema\/logo\/image\/"},"sameAs":["https:\/\/www.facebook.com\/profile.php?id=100063974142366"]}]}},"jetpack_sharing_enabled":true,"_links":{"self":[{"href":"https:\/\/verlag.wiethase.de\/index.php?rest_route=\/wp\/v2\/pages\/1336","targetHints":{"allow":["GET"]}}],"collection":[{"href":"https:\/\/verlag.wiethase.de\/index.php?rest_route=\/wp\/v2\/pages"}],"about":[{"href":"https:\/\/verlag.wiethase.de\/index.php?rest_route=\/wp\/v2\/types\/page"}],"author":[{"embeddable":true,"href":"https:\/\/verlag.wiethase.de\/index.php?rest_route=\/wp\/v2\/users\/1"}],"replies":[{"embeddable":true,"href":"https:\/\/verlag.wiethase.de\/index.php?rest_route=%2Fwp%2Fv2%2Fcomments&post=1336"}],"version-history":[{"count":1,"href":"https:\/\/verlag.wiethase.de\/index.php?rest_route=\/wp\/v2\/pages\/1336\/revisions"}],"predecessor-version":[{"id":1338,"href":"https:\/\/verlag.wiethase.de\/index.php?rest_route=\/wp\/v2\/pages\/1336\/revisions\/1338"}],"up":[{"embeddable":true,"href":"https:\/\/verlag.wiethase.de\/index.php?rest_route=\/wp\/v2\/pages\/566"}],"wp:attachment":[{"href":"https:\/\/verlag.wiethase.de\/index.php?rest_route=%2Fwp%2Fv2%2Fmedia&parent=1336"}],"curies":[{"name":"wp","href":"https:\/\/api.w.org\/{rel}","templated":true}]}}