{"id":133,"date":"2014-09-16T10:18:57","date_gmt":"2014-09-16T10:18:57","guid":{"rendered":"http:\/\/verlag.wiethase.de\/?page_id=133"},"modified":"2017-06-21T10:45:29","modified_gmt":"2017-06-21T10:45:29","slug":"pfeile-und-bogen-zentralbrasiliens","status":"publish","type":"page","link":"https:\/\/verlag.wiethase.de\/?page_id=133","title":{"rendered":"Pfeile und Bogen Zentralbrasiliens"},"content":{"rendered":"<p class=\"p1\">Die in diesem Buch verwendeten Arbeiten sind zum Einen die Doktorarbeit von Herrmann Meyer (1871\u20131932) von 1895 und zum Anderen Auszu\u0308ge aus dem Buch von Karl von den Steinen (1855 &#8211; 1929) \u201eUnter den Naturv\u00f6lkern Centralbrasiliens\u201c von 1894. Es ist anzunehmen, dass Meyer durch das Buch Von den Steinen\u00b4s inspiriert war, diese Arbeit zu schreiben, bezieht er sich doch oft darauf. Eben deshalb und weil Von den Steinen\u00b4s Beschreibungen in der Originalfassung gelesen werden sollten, habe ich Auszu\u0308ge mitsamt den dazu gezeigten Abbildungen an das Ende dieses Buches gesetzt. Dieses Werk wird fu\u0308r jeden Sammler helfen, seine Stu\u0308cke, die er oft aus Sammlungen anderer bekommen hat und deren Provenienz oft unsicher sind, besser einzuordnen. Des weiteren taugen die genauen Zeichnungen und Materialangaben jenen als gute Vorlage, die daran interessiert sind das eine oder andere Stu\u0308ck selbst anzufertigen. Der Einfachheit halber habe ich an den Stellen, an denen H. Meyer Verweise auf die am Ende gezeigten Figuren der Tafeln vermerkt hat, die entsprechenden Grafiken eingefu\u0308gt. Die Gr\u00f6\u00dfenverh\u00e4ltnisse sind den Angaben auf den Tafeln zu entnehmen.<\/p>\n<p class=\"p1\"><a href=\"https:\/\/www.amazon.de\/Pfeile-Bogen-Zentralbrasiliens-Hendrik-Wiethase\/dp\/393763276X\/ref=sr_1_1?ie=UTF8&amp;qid=1468742404&amp;sr=8-1&amp;keywords=Pfeile+und+Bogen+Zentralbrasiliens\">Kaufen bei Amazon<\/a><\/p>\n<p class=\"p1\"><a href=\"https:\/\/verlag.wiethase.de\/wp-content\/uploads\/2014\/09\/brasil-cover-vorne.jpg\"><img loading=\"lazy\" decoding=\"async\" class=\"alignnone size-full wp-image-136\" src=\"https:\/\/verlag.wiethase.de\/wp-content\/uploads\/2014\/09\/brasil-cover-vorne.jpg\" alt=\"brasil-cover vorne\" width=\"2369\" height=\"3457\" \/><\/a> <a href=\"https:\/\/verlag.wiethase.de\/wp-content\/uploads\/2014\/09\/Brasilienbuch-deutsch_Seite_10.jpg\"><img loading=\"lazy\" decoding=\"async\" class=\"alignnone size-thumbnail wp-image-137\" src=\"https:\/\/verlag.wiethase.de\/wp-content\/uploads\/2014\/09\/Brasilienbuch-deutsch_Seite_10-150x150.jpg\" alt=\"Brasilienbuch-deutsch_Seite_10\" width=\"150\" height=\"150\" \/><\/a> <a href=\"https:\/\/verlag.wiethase.de\/wp-content\/uploads\/2014\/09\/brasil-cover-hinten.jpg\"><img loading=\"lazy\" decoding=\"async\" class=\"alignnone size-full wp-image-135\" src=\"https:\/\/verlag.wiethase.de\/wp-content\/uploads\/2014\/09\/brasil-cover-hinten.jpg\" alt=\"brasil-cover hinten\" width=\"2369\" height=\"3457\" \/><\/a><\/p>\n","protected":false},"excerpt":{"rendered":"<p>Die in diesem Buch verwendeten Arbeiten sind zum Einen die Doktorarbeit von Herrmann Meyer (1871\u20131932) von 1895 und zum Anderen Auszu\u0308ge aus dem Buch von Karl von den Steinen (1855 &#8211; 1929) \u201eUnter den Naturv\u00f6lkern Centralbrasiliens\u201c von 1894. Es ist &hellip; <a href=\"https:\/\/verlag.wiethase.de\/?page_id=133\">Weiterlesen <span class=\"meta-nav\">&rarr;<\/span><\/a><\/p>\n","protected":false},"author":1,"featured_media":135,"parent":383,"menu_order":0,"comment_status":"open","ping_status":"closed","template":"showcase.php","meta":{"_monsterinsights_skip_tracking":false,"_monsterinsights_sitenote_active":false,"_monsterinsights_sitenote_note":"","_monsterinsights_sitenote_category":0,"footnotes":""},"class_list":["post-133","page","type-page","status-publish","has-post-thumbnail","hentry"],"yoast_head":"<!-- This site is optimized with the Yoast SEO plugin v27.4 - https:\/\/yoast.com\/product\/yoast-seo-wordpress\/ -->\n<title>Pfeile und Bogen Zentralbrasiliens - WiethaseVerlag<\/title>\n<meta name=\"robots\" content=\"index, follow, max-snippet:-1, max-image-preview:large, max-video-preview:-1\" \/>\n<link rel=\"canonical\" href=\"https:\/\/verlag.wiethase.de\/?page_id=133\" \/>\n<meta property=\"og:locale\" content=\"de_DE\" \/>\n<meta property=\"og:type\" content=\"article\" \/>\n<meta property=\"og:title\" content=\"Pfeile und Bogen Zentralbrasiliens - WiethaseVerlag\" \/>\n<meta property=\"og:description\" content=\"Die in diesem Buch verwendeten Arbeiten sind zum Einen die Doktorarbeit von Herrmann Meyer (1871\u20131932) von 1895 und zum Anderen Auszu\u0308ge aus dem Buch von Karl von den Steinen (1855 &#8211; 1929) \u201eUnter den Naturv\u00f6lkern Centralbrasiliens\u201c von 1894. Es ist &hellip; Weiterlesen &rarr;\" \/>\n<meta property=\"og:url\" content=\"https:\/\/verlag.wiethase.de\/?page_id=133\" \/>\n<meta property=\"og:site_name\" content=\"WiethaseVerlag\" \/>\n<meta property=\"article:publisher\" content=\"https:\/\/www.facebook.com\/profile.php?id=100063974142366\" \/>\n<meta property=\"article:modified_time\" content=\"2017-06-21T10:45:29+00:00\" \/>\n<meta property=\"og:image\" content=\"https:\/\/verlag.wiethase.de\/wp-content\/uploads\/2014\/09\/brasil-cover-hinten.jpg\" \/>\n\t<meta property=\"og:image:width\" content=\"2369\" \/>\n\t<meta property=\"og:image:height\" content=\"3457\" \/>\n\t<meta property=\"og:image:type\" content=\"image\/jpeg\" \/>\n<meta name=\"twitter:card\" content=\"summary_large_image\" \/>\n<meta name=\"twitter:label1\" content=\"Gesch\u00e4tzte Lesezeit\" \/>\n\t<meta name=\"twitter:data1\" content=\"1\u00a0Minute\" \/>\n<script type=\"application\/ld+json\" class=\"yoast-schema-graph\">{\"@context\":\"https:\\\/\\\/schema.org\",\"@graph\":[{\"@type\":\"WebPage\",\"@id\":\"https:\\\/\\\/verlag.wiethase.de\\\/?page_id=133\",\"url\":\"https:\\\/\\\/verlag.wiethase.de\\\/?page_id=133\",\"name\":\"Pfeile und Bogen Zentralbrasiliens - WiethaseVerlag\",\"isPartOf\":{\"@id\":\"https:\\\/\\\/verlag.wiethase.de\\\/#website\"},\"primaryImageOfPage\":{\"@id\":\"https:\\\/\\\/verlag.wiethase.de\\\/?page_id=133#primaryimage\"},\"image\":{\"@id\":\"https:\\\/\\\/verlag.wiethase.de\\\/?page_id=133#primaryimage\"},\"thumbnailUrl\":\"https:\\\/\\\/verlag.wiethase.de\\\/wp-content\\\/uploads\\\/2014\\\/09\\\/brasil-cover-hinten.jpg\",\"datePublished\":\"2014-09-16T10:18:57+00:00\",\"dateModified\":\"2017-06-21T10:45:29+00:00\",\"breadcrumb\":{\"@id\":\"https:\\\/\\\/verlag.wiethase.de\\\/?page_id=133#breadcrumb\"},\"inLanguage\":\"de\",\"potentialAction\":[{\"@type\":\"ReadAction\",\"target\":[\"https:\\\/\\\/verlag.wiethase.de\\\/?page_id=133\"]}]},{\"@type\":\"ImageObject\",\"inLanguage\":\"de\",\"@id\":\"https:\\\/\\\/verlag.wiethase.de\\\/?page_id=133#primaryimage\",\"url\":\"https:\\\/\\\/verlag.wiethase.de\\\/wp-content\\\/uploads\\\/2014\\\/09\\\/brasil-cover-hinten.jpg\",\"contentUrl\":\"https:\\\/\\\/verlag.wiethase.de\\\/wp-content\\\/uploads\\\/2014\\\/09\\\/brasil-cover-hinten.jpg\",\"width\":2369,\"height\":3457},{\"@type\":\"BreadcrumbList\",\"@id\":\"https:\\\/\\\/verlag.wiethase.de\\\/?page_id=133#breadcrumb\",\"itemListElement\":[{\"@type\":\"ListItem\",\"position\":1,\"name\":\"Startseite\",\"item\":\"https:\\\/\\\/verlag.wiethase.de\\\/\"},{\"@type\":\"ListItem\",\"position\":2,\"name\":\"Bogen-B\u00fccher + DVD\",\"item\":\"https:\\\/\\\/verlag.wiethase.de\\\/?page_id=383\"},{\"@type\":\"ListItem\",\"position\":3,\"name\":\"Pfeile und Bogen Zentralbrasiliens\"}]},{\"@type\":\"WebSite\",\"@id\":\"https:\\\/\\\/verlag.wiethase.de\\\/#website\",\"url\":\"https:\\\/\\\/verlag.wiethase.de\\\/\",\"name\":\"WiethaseVerlag\",\"description\":\"B\u00fccher - DVD - H\u00f6rb\u00fccher\",\"publisher\":{\"@id\":\"https:\\\/\\\/verlag.wiethase.de\\\/#organization\"},\"potentialAction\":[{\"@type\":\"SearchAction\",\"target\":{\"@type\":\"EntryPoint\",\"urlTemplate\":\"https:\\\/\\\/verlag.wiethase.de\\\/?s={search_term_string}\"},\"query-input\":{\"@type\":\"PropertyValueSpecification\",\"valueRequired\":true,\"valueName\":\"search_term_string\"}}],\"inLanguage\":\"de\"},{\"@type\":\"Organization\",\"@id\":\"https:\\\/\\\/verlag.wiethase.de\\\/#organization\",\"name\":\"Wiethase Verlag\",\"url\":\"https:\\\/\\\/verlag.wiethase.de\\\/\",\"logo\":{\"@type\":\"ImageObject\",\"inLanguage\":\"de\",\"@id\":\"https:\\\/\\\/verlag.wiethase.de\\\/#\\\/schema\\\/logo\\\/image\\\/\",\"url\":\"https:\\\/\\\/verlag.wiethase.de\\\/wp-content\\\/uploads\\\/2022\\\/07\\\/logo-verlag.jpg\",\"contentUrl\":\"https:\\\/\\\/verlag.wiethase.de\\\/wp-content\\\/uploads\\\/2022\\\/07\\\/logo-verlag.jpg\",\"width\":790,\"height\":514,\"caption\":\"Wiethase Verlag\"},\"image\":{\"@id\":\"https:\\\/\\\/verlag.wiethase.de\\\/#\\\/schema\\\/logo\\\/image\\\/\"},\"sameAs\":[\"https:\\\/\\\/www.facebook.com\\\/profile.php?id=100063974142366\"]}]}<\/script>\n<!-- \/ Yoast SEO plugin. -->","yoast_head_json":{"title":"Pfeile und Bogen Zentralbrasiliens - WiethaseVerlag","robots":{"index":"index","follow":"follow","max-snippet":"max-snippet:-1","max-image-preview":"max-image-preview:large","max-video-preview":"max-video-preview:-1"},"canonical":"https:\/\/verlag.wiethase.de\/?page_id=133","og_locale":"de_DE","og_type":"article","og_title":"Pfeile und Bogen Zentralbrasiliens - WiethaseVerlag","og_description":"Die in diesem Buch verwendeten Arbeiten sind zum Einen die Doktorarbeit von Herrmann Meyer (1871\u20131932) von 1895 und zum Anderen Auszu\u0308ge aus dem Buch von Karl von den Steinen (1855 &#8211; 1929) \u201eUnter den Naturv\u00f6lkern Centralbrasiliens\u201c von 1894. Es ist &hellip; Weiterlesen &rarr;","og_url":"https:\/\/verlag.wiethase.de\/?page_id=133","og_site_name":"WiethaseVerlag","article_publisher":"https:\/\/www.facebook.com\/profile.php?id=100063974142366","article_modified_time":"2017-06-21T10:45:29+00:00","og_image":[{"width":2369,"height":3457,"url":"https:\/\/verlag.wiethase.de\/wp-content\/uploads\/2014\/09\/brasil-cover-hinten.jpg","type":"image\/jpeg"}],"twitter_card":"summary_large_image","twitter_misc":{"Gesch\u00e4tzte Lesezeit":"1\u00a0Minute"},"schema":{"@context":"https:\/\/schema.org","@graph":[{"@type":"WebPage","@id":"https:\/\/verlag.wiethase.de\/?page_id=133","url":"https:\/\/verlag.wiethase.de\/?page_id=133","name":"Pfeile und Bogen Zentralbrasiliens - WiethaseVerlag","isPartOf":{"@id":"https:\/\/verlag.wiethase.de\/#website"},"primaryImageOfPage":{"@id":"https:\/\/verlag.wiethase.de\/?page_id=133#primaryimage"},"image":{"@id":"https:\/\/verlag.wiethase.de\/?page_id=133#primaryimage"},"thumbnailUrl":"https:\/\/verlag.wiethase.de\/wp-content\/uploads\/2014\/09\/brasil-cover-hinten.jpg","datePublished":"2014-09-16T10:18:57+00:00","dateModified":"2017-06-21T10:45:29+00:00","breadcrumb":{"@id":"https:\/\/verlag.wiethase.de\/?page_id=133#breadcrumb"},"inLanguage":"de","potentialAction":[{"@type":"ReadAction","target":["https:\/\/verlag.wiethase.de\/?page_id=133"]}]},{"@type":"ImageObject","inLanguage":"de","@id":"https:\/\/verlag.wiethase.de\/?page_id=133#primaryimage","url":"https:\/\/verlag.wiethase.de\/wp-content\/uploads\/2014\/09\/brasil-cover-hinten.jpg","contentUrl":"https:\/\/verlag.wiethase.de\/wp-content\/uploads\/2014\/09\/brasil-cover-hinten.jpg","width":2369,"height":3457},{"@type":"BreadcrumbList","@id":"https:\/\/verlag.wiethase.de\/?page_id=133#breadcrumb","itemListElement":[{"@type":"ListItem","position":1,"name":"Startseite","item":"https:\/\/verlag.wiethase.de\/"},{"@type":"ListItem","position":2,"name":"Bogen-B\u00fccher + DVD","item":"https:\/\/verlag.wiethase.de\/?page_id=383"},{"@type":"ListItem","position":3,"name":"Pfeile und Bogen Zentralbrasiliens"}]},{"@type":"WebSite","@id":"https:\/\/verlag.wiethase.de\/#website","url":"https:\/\/verlag.wiethase.de\/","name":"WiethaseVerlag","description":"B\u00fccher - DVD - H\u00f6rb\u00fccher","publisher":{"@id":"https:\/\/verlag.wiethase.de\/#organization"},"potentialAction":[{"@type":"SearchAction","target":{"@type":"EntryPoint","urlTemplate":"https:\/\/verlag.wiethase.de\/?s={search_term_string}"},"query-input":{"@type":"PropertyValueSpecification","valueRequired":true,"valueName":"search_term_string"}}],"inLanguage":"de"},{"@type":"Organization","@id":"https:\/\/verlag.wiethase.de\/#organization","name":"Wiethase Verlag","url":"https:\/\/verlag.wiethase.de\/","logo":{"@type":"ImageObject","inLanguage":"de","@id":"https:\/\/verlag.wiethase.de\/#\/schema\/logo\/image\/","url":"https:\/\/verlag.wiethase.de\/wp-content\/uploads\/2022\/07\/logo-verlag.jpg","contentUrl":"https:\/\/verlag.wiethase.de\/wp-content\/uploads\/2022\/07\/logo-verlag.jpg","width":790,"height":514,"caption":"Wiethase Verlag"},"image":{"@id":"https:\/\/verlag.wiethase.de\/#\/schema\/logo\/image\/"},"sameAs":["https:\/\/www.facebook.com\/profile.php?id=100063974142366"]}]}},"_links":{"self":[{"href":"https:\/\/verlag.wiethase.de\/index.php?rest_route=\/wp\/v2\/pages\/133","targetHints":{"allow":["GET"]}}],"collection":[{"href":"https:\/\/verlag.wiethase.de\/index.php?rest_route=\/wp\/v2\/pages"}],"about":[{"href":"https:\/\/verlag.wiethase.de\/index.php?rest_route=\/wp\/v2\/types\/page"}],"author":[{"embeddable":true,"href":"https:\/\/verlag.wiethase.de\/index.php?rest_route=\/wp\/v2\/users\/1"}],"replies":[{"embeddable":true,"href":"https:\/\/verlag.wiethase.de\/index.php?rest_route=%2Fwp%2Fv2%2Fcomments&post=133"}],"version-history":[{"count":5,"href":"https:\/\/verlag.wiethase.de\/index.php?rest_route=\/wp\/v2\/pages\/133\/revisions"}],"predecessor-version":[{"id":296,"href":"https:\/\/verlag.wiethase.de\/index.php?rest_route=\/wp\/v2\/pages\/133\/revisions\/296"}],"up":[{"embeddable":true,"href":"https:\/\/verlag.wiethase.de\/index.php?rest_route=\/wp\/v2\/pages\/383"}],"wp:featuredmedia":[{"embeddable":true,"href":"https:\/\/verlag.wiethase.de\/index.php?rest_route=\/wp\/v2\/media\/135"}],"wp:attachment":[{"href":"https:\/\/verlag.wiethase.de\/index.php?rest_route=%2Fwp%2Fv2%2Fmedia&parent=133"}],"curies":[{"name":"wp","href":"https:\/\/api.w.org\/{rel}","templated":true}]}}