{"id":1144,"date":"2025-12-08T16:30:24","date_gmt":"2025-12-08T16:30:24","guid":{"rendered":"https:\/\/verlag.wiethase.de\/?page_id=1144"},"modified":"2025-12-08T17:04:20","modified_gmt":"2025-12-08T17:04:20","slug":"archery-of-mongolia","status":"publish","type":"page","link":"https:\/\/verlag.wiethase.de\/?page_id=1144","title":{"rendered":"Archery of Mongolia"},"content":{"rendered":"\n<figure class=\"wp-block-image size-large\"><a href=\"https:\/\/verlag.wiethase.de\/wp-content\/uploads\/2025\/12\/Mongolei-Cover-englisch-scaled.jpg\"><img loading=\"lazy\" decoding=\"async\" width=\"710\" height=\"1024\" src=\"https:\/\/verlag.wiethase.de\/wp-content\/uploads\/2025\/12\/Mongolei-Cover-englisch-710x1024.jpg\" alt=\"\" class=\"wp-image-1145\" srcset=\"https:\/\/verlag.wiethase.de\/wp-content\/uploads\/2025\/12\/Mongolei-Cover-englisch-710x1024.jpg 710w, https:\/\/verlag.wiethase.de\/wp-content\/uploads\/2025\/12\/Mongolei-Cover-englisch-scaled-300x432.jpg 300w, https:\/\/verlag.wiethase.de\/wp-content\/uploads\/2025\/12\/Mongolei-Cover-englisch-208x300.jpg 208w, https:\/\/verlag.wiethase.de\/wp-content\/uploads\/2025\/12\/Mongolei-Cover-englisch-768x1107.jpg 768w, https:\/\/verlag.wiethase.de\/wp-content\/uploads\/2025\/12\/Mongolei-Cover-englisch-1066x1536.jpg 1066w, https:\/\/verlag.wiethase.de\/wp-content\/uploads\/2025\/12\/Mongolei-Cover-englisch-1421x2048.jpg 1421w, https:\/\/verlag.wiethase.de\/wp-content\/uploads\/2025\/12\/Mongolei-Cover-englisch-scaled.jpg 1776w\" sizes=\"auto, (max-width: 710px) 100vw, 710px\" \/><\/a><\/figure>\n\n\n\n<p>The region that today comprises Outer Mongolia and Inner Mongolia (now within China) has been home to nomadic peoples for thousands of years. This is due partly to its vast, unbroken grazing lands, and partly to the brief summers (June to September) and the short, harsh winters (November to April). Since nomadic communities rely entirely on their herds &#8211; horses, sheep,<\/p>\n\n\n\n<p>goats, and cattle\/yaks &#8211; they can maintain them only by moving to the summer pastures each spring, where they produce their stores of meat and milk, as well as the hay needed for the animals in winter. During the winter months, the livestock are kept almost entirely in sheltered enclosures. Across what is now Mongolia, a variety of peoples have always lived side by side, influencing one another in many ways. For this reason, it is difficult to define \u201cthe Mongolian bow\u201d or \u201cMongolian arrows\u201d in any strict sense. Even under the rule of Chinggis Khan, warriors of different  ethnic backgrounds fought both alongside and against one another &#8211; and they brought their own weapons with them.<\/p>\n\n\n\n<p>The present book therefore covers the arrows, bows, and quivers of the various peoples who have lived in the Mongolian region for millennia, commonly named Mongolian.<\/p>\n\n\n\n<p><\/p>\n\n\n\n<figure class=\"wp-block-image size-large\"><a href=\"https:\/\/verlag.wiethase.de\/wp-content\/uploads\/2025\/12\/e-2-scaled.jpg\"><img loading=\"lazy\" decoding=\"async\" width=\"730\" height=\"1024\" src=\"https:\/\/verlag.wiethase.de\/wp-content\/uploads\/2025\/12\/e-2-730x1024.jpg\" alt=\"\" class=\"wp-image-1154\" srcset=\"https:\/\/verlag.wiethase.de\/wp-content\/uploads\/2025\/12\/e-2-730x1024.jpg 730w, https:\/\/verlag.wiethase.de\/wp-content\/uploads\/2025\/12\/e-2-scaled-300x421.jpg 300w, https:\/\/verlag.wiethase.de\/wp-content\/uploads\/2025\/12\/e-2-214x300.jpg 214w, https:\/\/verlag.wiethase.de\/wp-content\/uploads\/2025\/12\/e-2-768x1077.jpg 768w, https:\/\/verlag.wiethase.de\/wp-content\/uploads\/2025\/12\/e-2-1095x1536.jpg 1095w, https:\/\/verlag.wiethase.de\/wp-content\/uploads\/2025\/12\/e-2-1460x2048.jpg 1460w, https:\/\/verlag.wiethase.de\/wp-content\/uploads\/2025\/12\/e-2-scaled.jpg 1825w\" sizes=\"auto, (max-width: 730px) 100vw, 730px\" \/><\/a><\/figure>\n\n\n\n<figure class=\"wp-block-image size-large\"><a href=\"https:\/\/verlag.wiethase.de\/wp-content\/uploads\/2025\/12\/e-3-scaled.jpg\"><img loading=\"lazy\" decoding=\"async\" width=\"730\" height=\"1024\" src=\"https:\/\/verlag.wiethase.de\/wp-content\/uploads\/2025\/12\/e-3-730x1024.jpg\" alt=\"\" class=\"wp-image-1151\" srcset=\"https:\/\/verlag.wiethase.de\/wp-content\/uploads\/2025\/12\/e-3-730x1024.jpg 730w, https:\/\/verlag.wiethase.de\/wp-content\/uploads\/2025\/12\/e-3-scaled-300x421.jpg 300w, https:\/\/verlag.wiethase.de\/wp-content\/uploads\/2025\/12\/e-3-214x300.jpg 214w, https:\/\/verlag.wiethase.de\/wp-content\/uploads\/2025\/12\/e-3-768x1077.jpg 768w, https:\/\/verlag.wiethase.de\/wp-content\/uploads\/2025\/12\/e-3-1095x1536.jpg 1095w, https:\/\/verlag.wiethase.de\/wp-content\/uploads\/2025\/12\/e-3-1460x2048.jpg 1460w, https:\/\/verlag.wiethase.de\/wp-content\/uploads\/2025\/12\/e-3-scaled.jpg 1825w\" sizes=\"auto, (max-width: 730px) 100vw, 730px\" \/><\/a><\/figure>\n\n\n\n<figure class=\"wp-block-image size-large\"><a href=\"https:\/\/verlag.wiethase.de\/wp-content\/uploads\/2025\/12\/e-1-2-scaled.jpg\"><img loading=\"lazy\" decoding=\"async\" width=\"730\" height=\"1024\" src=\"https:\/\/verlag.wiethase.de\/wp-content\/uploads\/2025\/12\/e-1-2-730x1024.jpg\" alt=\"\" class=\"wp-image-1153\" srcset=\"https:\/\/verlag.wiethase.de\/wp-content\/uploads\/2025\/12\/e-1-2-730x1024.jpg 730w, https:\/\/verlag.wiethase.de\/wp-content\/uploads\/2025\/12\/e-1-2-scaled-300x421.jpg 300w, https:\/\/verlag.wiethase.de\/wp-content\/uploads\/2025\/12\/e-1-2-214x300.jpg 214w, https:\/\/verlag.wiethase.de\/wp-content\/uploads\/2025\/12\/e-1-2-768x1077.jpg 768w, https:\/\/verlag.wiethase.de\/wp-content\/uploads\/2025\/12\/e-1-2-1095x1536.jpg 1095w, https:\/\/verlag.wiethase.de\/wp-content\/uploads\/2025\/12\/e-1-2-1460x2048.jpg 1460w, https:\/\/verlag.wiethase.de\/wp-content\/uploads\/2025\/12\/e-1-2-scaled.jpg 1825w\" sizes=\"auto, (max-width: 730px) 100vw, 730px\" \/><\/a><\/figure>\n\n\n\n<p>ISBN 978-3-948396-43-5        Price: 45.- \u20ac <\/p>\n\n\n\n<p>144 Pages in A4, app. 800 g, hardcover with more than 470 fotos, graphics and tables&#8230;<\/p>\n\n\n\n<p>For shipping costs please contact via email: info@wiethase.de<\/p>\n\n\n\n<p><\/p>\n","protected":false},"excerpt":{"rendered":"<p>The region that today comprises Outer Mongolia and Inner Mongolia (now within China) has been home to nomadic peoples for thousands of years. This is due partly to its vast, unbroken grazing lands, and partly to the brief summers (June &hellip; <a href=\"https:\/\/verlag.wiethase.de\/?page_id=1144\">Weiterlesen <span class=\"meta-nav\">&rarr;<\/span><\/a><\/p>\n","protected":false},"author":1,"featured_media":0,"parent":388,"menu_order":0,"comment_status":"closed","ping_status":"closed","template":"","meta":{"_monsterinsights_skip_tracking":false,"_monsterinsights_sitenote_active":false,"_monsterinsights_sitenote_note":"","_monsterinsights_sitenote_category":0,"footnotes":""},"class_list":["post-1144","page","type-page","status-publish","hentry"],"yoast_head":"<!-- This site is optimized with the Yoast SEO plugin v27.5 - https:\/\/yoast.com\/product\/yoast-seo-wordpress\/ -->\n<title>Archery of Mongolia - WiethaseVerlag<\/title>\n<meta name=\"robots\" content=\"index, follow, max-snippet:-1, max-image-preview:large, max-video-preview:-1\" \/>\n<link rel=\"canonical\" href=\"https:\/\/verlag.wiethase.de\/?page_id=1144\" \/>\n<meta property=\"og:locale\" content=\"de_DE\" \/>\n<meta property=\"og:type\" content=\"article\" \/>\n<meta property=\"og:title\" content=\"Archery of Mongolia - WiethaseVerlag\" \/>\n<meta property=\"og:description\" content=\"The region that today comprises Outer Mongolia and Inner Mongolia (now within China) has been home to nomadic peoples for thousands of years. This is due partly to its vast, unbroken grazing lands, and partly to the brief summers (June &hellip; Weiterlesen &rarr;\" \/>\n<meta property=\"og:url\" content=\"https:\/\/verlag.wiethase.de\/?page_id=1144\" \/>\n<meta property=\"og:site_name\" content=\"WiethaseVerlag\" \/>\n<meta property=\"article:publisher\" content=\"https:\/\/www.facebook.com\/profile.php?id=100063974142366\" \/>\n<meta property=\"article:modified_time\" content=\"2025-12-08T17:04:20+00:00\" \/>\n<meta property=\"og:image\" content=\"https:\/\/verlag.wiethase.de\/wp-content\/uploads\/2025\/12\/Mongolei-Cover-englisch-scaled.jpg\" \/>\n\t<meta property=\"og:image:width\" content=\"1776\" \/>\n\t<meta property=\"og:image:height\" content=\"2560\" \/>\n\t<meta property=\"og:image:type\" content=\"image\/jpeg\" \/>\n<meta name=\"twitter:card\" content=\"summary_large_image\" \/>\n<meta name=\"twitter:label1\" content=\"Gesch\u00e4tzte Lesezeit\" \/>\n\t<meta name=\"twitter:data1\" content=\"3\u00a0Minuten\" \/>\n<script type=\"application\/ld+json\" class=\"yoast-schema-graph\">{\"@context\":\"https:\\\/\\\/schema.org\",\"@graph\":[{\"@type\":\"WebPage\",\"@id\":\"https:\\\/\\\/verlag.wiethase.de\\\/?page_id=1144\",\"url\":\"https:\\\/\\\/verlag.wiethase.de\\\/?page_id=1144\",\"name\":\"Archery of Mongolia - WiethaseVerlag\",\"isPartOf\":{\"@id\":\"https:\\\/\\\/verlag.wiethase.de\\\/#website\"},\"primaryImageOfPage\":{\"@id\":\"https:\\\/\\\/verlag.wiethase.de\\\/?page_id=1144#primaryimage\"},\"image\":{\"@id\":\"https:\\\/\\\/verlag.wiethase.de\\\/?page_id=1144#primaryimage\"},\"thumbnailUrl\":\"https:\\\/\\\/verlag.wiethase.de\\\/wp-content\\\/uploads\\\/2025\\\/12\\\/Mongolei-Cover-englisch-710x1024.jpg\",\"datePublished\":\"2025-12-08T16:30:24+00:00\",\"dateModified\":\"2025-12-08T17:04:20+00:00\",\"breadcrumb\":{\"@id\":\"https:\\\/\\\/verlag.wiethase.de\\\/?page_id=1144#breadcrumb\"},\"inLanguage\":\"de\",\"potentialAction\":[{\"@type\":\"ReadAction\",\"target\":[\"https:\\\/\\\/verlag.wiethase.de\\\/?page_id=1144\"]}]},{\"@type\":\"ImageObject\",\"inLanguage\":\"de\",\"@id\":\"https:\\\/\\\/verlag.wiethase.de\\\/?page_id=1144#primaryimage\",\"url\":\"https:\\\/\\\/verlag.wiethase.de\\\/wp-content\\\/uploads\\\/2025\\\/12\\\/Mongolei-Cover-englisch-scaled.jpg\",\"contentUrl\":\"https:\\\/\\\/verlag.wiethase.de\\\/wp-content\\\/uploads\\\/2025\\\/12\\\/Mongolei-Cover-englisch-scaled.jpg\",\"width\":1776,\"height\":2560},{\"@type\":\"BreadcrumbList\",\"@id\":\"https:\\\/\\\/verlag.wiethase.de\\\/?page_id=1144#breadcrumb\",\"itemListElement\":[{\"@type\":\"ListItem\",\"position\":1,\"name\":\"Startseite\",\"item\":\"https:\\\/\\\/verlag.wiethase.de\\\/\"},{\"@type\":\"ListItem\",\"position\":2,\"name\":\"Archery books\",\"item\":\"https:\\\/\\\/verlag.wiethase.de\\\/?page_id=388\"},{\"@type\":\"ListItem\",\"position\":3,\"name\":\"Archery of Mongolia\"}]},{\"@type\":\"WebSite\",\"@id\":\"https:\\\/\\\/verlag.wiethase.de\\\/#website\",\"url\":\"https:\\\/\\\/verlag.wiethase.de\\\/\",\"name\":\"WiethaseVerlag\",\"description\":\"B\u00fccher - DVD - H\u00f6rb\u00fccher\",\"publisher\":{\"@id\":\"https:\\\/\\\/verlag.wiethase.de\\\/#organization\"},\"potentialAction\":[{\"@type\":\"SearchAction\",\"target\":{\"@type\":\"EntryPoint\",\"urlTemplate\":\"https:\\\/\\\/verlag.wiethase.de\\\/?s={search_term_string}\"},\"query-input\":{\"@type\":\"PropertyValueSpecification\",\"valueRequired\":true,\"valueName\":\"search_term_string\"}}],\"inLanguage\":\"de\"},{\"@type\":\"Organization\",\"@id\":\"https:\\\/\\\/verlag.wiethase.de\\\/#organization\",\"name\":\"Wiethase Verlag\",\"url\":\"https:\\\/\\\/verlag.wiethase.de\\\/\",\"logo\":{\"@type\":\"ImageObject\",\"inLanguage\":\"de\",\"@id\":\"https:\\\/\\\/verlag.wiethase.de\\\/#\\\/schema\\\/logo\\\/image\\\/\",\"url\":\"https:\\\/\\\/verlag.wiethase.de\\\/wp-content\\\/uploads\\\/2022\\\/07\\\/logo-verlag.jpg\",\"contentUrl\":\"https:\\\/\\\/verlag.wiethase.de\\\/wp-content\\\/uploads\\\/2022\\\/07\\\/logo-verlag.jpg\",\"width\":790,\"height\":514,\"caption\":\"Wiethase Verlag\"},\"image\":{\"@id\":\"https:\\\/\\\/verlag.wiethase.de\\\/#\\\/schema\\\/logo\\\/image\\\/\"},\"sameAs\":[\"https:\\\/\\\/www.facebook.com\\\/profile.php?id=100063974142366\"]}]}<\/script>\n<!-- \/ Yoast SEO plugin. -->","yoast_head_json":{"title":"Archery of Mongolia - WiethaseVerlag","robots":{"index":"index","follow":"follow","max-snippet":"max-snippet:-1","max-image-preview":"max-image-preview:large","max-video-preview":"max-video-preview:-1"},"canonical":"https:\/\/verlag.wiethase.de\/?page_id=1144","og_locale":"de_DE","og_type":"article","og_title":"Archery of Mongolia - WiethaseVerlag","og_description":"The region that today comprises Outer Mongolia and Inner Mongolia (now within China) has been home to nomadic peoples for thousands of years. This is due partly to its vast, unbroken grazing lands, and partly to the brief summers (June &hellip; Weiterlesen &rarr;","og_url":"https:\/\/verlag.wiethase.de\/?page_id=1144","og_site_name":"WiethaseVerlag","article_publisher":"https:\/\/www.facebook.com\/profile.php?id=100063974142366","article_modified_time":"2025-12-08T17:04:20+00:00","og_image":[{"width":1776,"height":2560,"url":"https:\/\/verlag.wiethase.de\/wp-content\/uploads\/2025\/12\/Mongolei-Cover-englisch-scaled.jpg","type":"image\/jpeg"}],"twitter_card":"summary_large_image","twitter_misc":{"Gesch\u00e4tzte Lesezeit":"3\u00a0Minuten"},"schema":{"@context":"https:\/\/schema.org","@graph":[{"@type":"WebPage","@id":"https:\/\/verlag.wiethase.de\/?page_id=1144","url":"https:\/\/verlag.wiethase.de\/?page_id=1144","name":"Archery of Mongolia - WiethaseVerlag","isPartOf":{"@id":"https:\/\/verlag.wiethase.de\/#website"},"primaryImageOfPage":{"@id":"https:\/\/verlag.wiethase.de\/?page_id=1144#primaryimage"},"image":{"@id":"https:\/\/verlag.wiethase.de\/?page_id=1144#primaryimage"},"thumbnailUrl":"https:\/\/verlag.wiethase.de\/wp-content\/uploads\/2025\/12\/Mongolei-Cover-englisch-710x1024.jpg","datePublished":"2025-12-08T16:30:24+00:00","dateModified":"2025-12-08T17:04:20+00:00","breadcrumb":{"@id":"https:\/\/verlag.wiethase.de\/?page_id=1144#breadcrumb"},"inLanguage":"de","potentialAction":[{"@type":"ReadAction","target":["https:\/\/verlag.wiethase.de\/?page_id=1144"]}]},{"@type":"ImageObject","inLanguage":"de","@id":"https:\/\/verlag.wiethase.de\/?page_id=1144#primaryimage","url":"https:\/\/verlag.wiethase.de\/wp-content\/uploads\/2025\/12\/Mongolei-Cover-englisch-scaled.jpg","contentUrl":"https:\/\/verlag.wiethase.de\/wp-content\/uploads\/2025\/12\/Mongolei-Cover-englisch-scaled.jpg","width":1776,"height":2560},{"@type":"BreadcrumbList","@id":"https:\/\/verlag.wiethase.de\/?page_id=1144#breadcrumb","itemListElement":[{"@type":"ListItem","position":1,"name":"Startseite","item":"https:\/\/verlag.wiethase.de\/"},{"@type":"ListItem","position":2,"name":"Archery books","item":"https:\/\/verlag.wiethase.de\/?page_id=388"},{"@type":"ListItem","position":3,"name":"Archery of Mongolia"}]},{"@type":"WebSite","@id":"https:\/\/verlag.wiethase.de\/#website","url":"https:\/\/verlag.wiethase.de\/","name":"WiethaseVerlag","description":"B\u00fccher - DVD - H\u00f6rb\u00fccher","publisher":{"@id":"https:\/\/verlag.wiethase.de\/#organization"},"potentialAction":[{"@type":"SearchAction","target":{"@type":"EntryPoint","urlTemplate":"https:\/\/verlag.wiethase.de\/?s={search_term_string}"},"query-input":{"@type":"PropertyValueSpecification","valueRequired":true,"valueName":"search_term_string"}}],"inLanguage":"de"},{"@type":"Organization","@id":"https:\/\/verlag.wiethase.de\/#organization","name":"Wiethase Verlag","url":"https:\/\/verlag.wiethase.de\/","logo":{"@type":"ImageObject","inLanguage":"de","@id":"https:\/\/verlag.wiethase.de\/#\/schema\/logo\/image\/","url":"https:\/\/verlag.wiethase.de\/wp-content\/uploads\/2022\/07\/logo-verlag.jpg","contentUrl":"https:\/\/verlag.wiethase.de\/wp-content\/uploads\/2022\/07\/logo-verlag.jpg","width":790,"height":514,"caption":"Wiethase Verlag"},"image":{"@id":"https:\/\/verlag.wiethase.de\/#\/schema\/logo\/image\/"},"sameAs":["https:\/\/www.facebook.com\/profile.php?id=100063974142366"]}]}},"jetpack_sharing_enabled":true,"_links":{"self":[{"href":"https:\/\/verlag.wiethase.de\/index.php?rest_route=\/wp\/v2\/pages\/1144","targetHints":{"allow":["GET"]}}],"collection":[{"href":"https:\/\/verlag.wiethase.de\/index.php?rest_route=\/wp\/v2\/pages"}],"about":[{"href":"https:\/\/verlag.wiethase.de\/index.php?rest_route=\/wp\/v2\/types\/page"}],"author":[{"embeddable":true,"href":"https:\/\/verlag.wiethase.de\/index.php?rest_route=\/wp\/v2\/users\/1"}],"replies":[{"embeddable":true,"href":"https:\/\/verlag.wiethase.de\/index.php?rest_route=%2Fwp%2Fv2%2Fcomments&post=1144"}],"version-history":[{"count":2,"href":"https:\/\/verlag.wiethase.de\/index.php?rest_route=\/wp\/v2\/pages\/1144\/revisions"}],"predecessor-version":[{"id":1155,"href":"https:\/\/verlag.wiethase.de\/index.php?rest_route=\/wp\/v2\/pages\/1144\/revisions\/1155"}],"up":[{"embeddable":true,"href":"https:\/\/verlag.wiethase.de\/index.php?rest_route=\/wp\/v2\/pages\/388"}],"wp:attachment":[{"href":"https:\/\/verlag.wiethase.de\/index.php?rest_route=%2Fwp%2Fv2%2Fmedia&parent=1144"}],"curies":[{"name":"wp","href":"https:\/\/api.w.org\/{rel}","templated":true}]}}