{"id":1138,"date":"2025-12-08T16:21:33","date_gmt":"2025-12-08T16:21:33","guid":{"rendered":"https:\/\/verlag.wiethase.de\/?page_id=1138"},"modified":"2026-04-29T18:27:44","modified_gmt":"2026-04-29T18:27:44","slug":"bogenschiessen-in-der-mongolei","status":"publish","type":"page","link":"https:\/\/verlag.wiethase.de\/?page_id=1138","title":{"rendered":"Bogenschie\u00dfen in der Mongolei"},"content":{"rendered":"\n<figure class=\"wp-block-image size-large\"><a href=\"https:\/\/verlag.wiethase.de\/wp-content\/uploads\/2025\/12\/Umschlag-Mongolei-deutsch-scaled.jpg\"><img loading=\"lazy\" decoding=\"async\" width=\"708\" height=\"1024\" src=\"https:\/\/verlag.wiethase.de\/wp-content\/uploads\/2025\/12\/Umschlag-Mongolei-deutsch-708x1024.jpg\" alt=\"\" class=\"wp-image-1139\" srcset=\"https:\/\/verlag.wiethase.de\/wp-content\/uploads\/2025\/12\/Umschlag-Mongolei-deutsch-708x1024.jpg 708w, https:\/\/verlag.wiethase.de\/wp-content\/uploads\/2025\/12\/Umschlag-Mongolei-deutsch-scaled-300x434.jpg 300w, https:\/\/verlag.wiethase.de\/wp-content\/uploads\/2025\/12\/Umschlag-Mongolei-deutsch-207x300.jpg 207w, https:\/\/verlag.wiethase.de\/wp-content\/uploads\/2025\/12\/Umschlag-Mongolei-deutsch-768x1111.jpg 768w, https:\/\/verlag.wiethase.de\/wp-content\/uploads\/2025\/12\/Umschlag-Mongolei-deutsch-1061x1536.jpg 1061w, https:\/\/verlag.wiethase.de\/wp-content\/uploads\/2025\/12\/Umschlag-Mongolei-deutsch-1415x2048.jpg 1415w, https:\/\/verlag.wiethase.de\/wp-content\/uploads\/2025\/12\/Umschlag-Mongolei-deutsch-scaled.jpg 1769w\" sizes=\"auto, (max-width: 708px) 100vw, 708px\" \/><\/a><\/figure>\n\n\n\n<p>Das Bogenschie\u00dfen im heutigen Staat Mongolei wird als Sport praktiziert, der, anders als die meisten traditionellen Bogensportarten der Welt, das visierende Schie\u00dfen weitgehend perfektioniert hat. Dennoch sind Bogen, Pfeile, Ziele und Bekleidung sehr traditionell, was die Materialien betrifft. Auch werden bei den Turnieren traditionelle Rituale und Zurufe verwendet.&nbsp;<\/p>\n\n\n\n<p>Das Buch erkl\u00e4rt ausf\u00fchrlich die bewegte Geschichte der Bogenwaffe der Mongolei, sowie die Regeln der wichtigsten drei Arten des mongolischen Bogensports, der neben dem Ringen und der Reiterei zu den drei Sportarten des nationalen Naadam-Festes, der \u201eDrei m\u00e4nnlichen Spiele\u201c geh\u00f6rt. In diesem Sport sind heute auch viele Frauen vertreten.<\/p>\n\n\n\n<figure class=\"wp-block-image size-large\"><a href=\"https:\/\/verlag.wiethase.de\/wp-content\/uploads\/2025\/12\/d-1-scaled.jpg\"><img loading=\"lazy\" decoding=\"async\" width=\"730\" height=\"1024\" src=\"https:\/\/verlag.wiethase.de\/wp-content\/uploads\/2025\/12\/d-1-730x1024.jpg\" alt=\"\" class=\"wp-image-1140\" srcset=\"https:\/\/verlag.wiethase.de\/wp-content\/uploads\/2025\/12\/d-1-730x1024.jpg 730w, https:\/\/verlag.wiethase.de\/wp-content\/uploads\/2025\/12\/d-1-scaled-300x421.jpg 300w, https:\/\/verlag.wiethase.de\/wp-content\/uploads\/2025\/12\/d-1-214x300.jpg 214w, https:\/\/verlag.wiethase.de\/wp-content\/uploads\/2025\/12\/d-1-768x1077.jpg 768w, https:\/\/verlag.wiethase.de\/wp-content\/uploads\/2025\/12\/d-1-1095x1536.jpg 1095w, https:\/\/verlag.wiethase.de\/wp-content\/uploads\/2025\/12\/d-1-1460x2048.jpg 1460w, https:\/\/verlag.wiethase.de\/wp-content\/uploads\/2025\/12\/d-1-scaled.jpg 1825w\" sizes=\"auto, (max-width: 730px) 100vw, 730px\" \/><\/a><\/figure>\n\n\n\n<figure class=\"wp-block-image size-large\"><a href=\"https:\/\/verlag.wiethase.de\/wp-content\/uploads\/2025\/12\/d-2-scaled.jpg\"><img loading=\"lazy\" decoding=\"async\" width=\"730\" height=\"1024\" src=\"https:\/\/verlag.wiethase.de\/wp-content\/uploads\/2025\/12\/d-2-730x1024.jpg\" alt=\"\" class=\"wp-image-1141\" srcset=\"https:\/\/verlag.wiethase.de\/wp-content\/uploads\/2025\/12\/d-2-730x1024.jpg 730w, https:\/\/verlag.wiethase.de\/wp-content\/uploads\/2025\/12\/d-2-scaled-300x421.jpg 300w, https:\/\/verlag.wiethase.de\/wp-content\/uploads\/2025\/12\/d-2-214x300.jpg 214w, https:\/\/verlag.wiethase.de\/wp-content\/uploads\/2025\/12\/d-2-768x1077.jpg 768w, https:\/\/verlag.wiethase.de\/wp-content\/uploads\/2025\/12\/d-2-1095x1536.jpg 1095w, https:\/\/verlag.wiethase.de\/wp-content\/uploads\/2025\/12\/d-2-1460x2048.jpg 1460w, https:\/\/verlag.wiethase.de\/wp-content\/uploads\/2025\/12\/d-2-scaled.jpg 1825w\" sizes=\"auto, (max-width: 730px) 100vw, 730px\" \/><\/a><\/figure>\n\n\n\n<figure class=\"wp-block-image size-large\"><a href=\"https:\/\/verlag.wiethase.de\/wp-content\/uploads\/2025\/12\/d-3-scaled.jpg\"><img loading=\"lazy\" decoding=\"async\" width=\"730\" height=\"1024\" src=\"https:\/\/verlag.wiethase.de\/wp-content\/uploads\/2025\/12\/d-3-730x1024.jpg\" alt=\"\" class=\"wp-image-1142\" srcset=\"https:\/\/verlag.wiethase.de\/wp-content\/uploads\/2025\/12\/d-3-730x1024.jpg 730w, https:\/\/verlag.wiethase.de\/wp-content\/uploads\/2025\/12\/d-3-scaled-300x421.jpg 300w, https:\/\/verlag.wiethase.de\/wp-content\/uploads\/2025\/12\/d-3-214x300.jpg 214w, https:\/\/verlag.wiethase.de\/wp-content\/uploads\/2025\/12\/d-3-768x1077.jpg 768w, https:\/\/verlag.wiethase.de\/wp-content\/uploads\/2025\/12\/d-3-1095x1536.jpg 1095w, https:\/\/verlag.wiethase.de\/wp-content\/uploads\/2025\/12\/d-3-1460x2048.jpg 1460w, https:\/\/verlag.wiethase.de\/wp-content\/uploads\/2025\/12\/d-3-scaled.jpg 1825w\" sizes=\"auto, (max-width: 730px) 100vw, 730px\" \/><\/a><\/figure>\n\n\n\n<p>Mit 470 Abbildungen, Format A 4, Fadenheftung auf Kunstdruckpapier, 144 Seiten, ca 800 g, Preis: 45.- \u20ac, \u00d6sterreich: 46.-  und Schweiz: 47.- \u20ac<\/p>\n\n\n\n<p> ISBN 978-3-948396-42-8<\/p>\n\n\n\n<p><br><strong><p class=\"product woocommerce add_to_cart_inline \" style=\"border:4px solid #ccc; padding: 12px;\"><span class=\"woocommerce-Price-amount amount\"><bdi>45,00&nbsp;<span class=\"woocommerce-Price-currencySymbol\">&euro;<\/span><\/bdi><\/span><a href=\"\/index.php?rest_route=%2Fwp%2Fv2%2Fpages%2F1138&#038;add-to-cart=1203\" aria-describedby=\"woocommerce_loop_add_to_cart_link_describedby_1203\" data-quantity=\"1\" class=\"button product_type_simple add_to_cart_button ajax_add_to_cart\" data-product_id=\"1203\" data-product_sku=\"\" aria-label=\"In den Warenkorb legen: \u201eBogenschie\u00dfen in der Mongolei\u201c\" rel=\"nofollow\" data-success_message=\"\u201eBogenschie\u00dfen in der Mongolei\u201c wurde deinem Warenkorb hinzugef\u00fcgt\" role=\"button\">In den Warenkorb<\/a>\t<span id=\"woocommerce_loop_add_to_cart_link_describedby_1203\" class=\"screen-reader-text\">\n\t\t\t<\/span>\n<\/p><\/strong><\/p>\n\n\n\n<p><\/p>\n","protected":false},"excerpt":{"rendered":"<p>Das Bogenschie\u00dfen im heutigen Staat Mongolei wird als Sport praktiziert, der, anders als die meisten traditionellen Bogensportarten der Welt, das visierende Schie\u00dfen weitgehend perfektioniert hat. Dennoch sind Bogen, Pfeile, Ziele und Bekleidung sehr traditionell, was die Materialien betrifft. Auch werden &hellip; <a href=\"https:\/\/verlag.wiethase.de\/?page_id=1138\">Weiterlesen <span class=\"meta-nav\">&rarr;<\/span><\/a><\/p>\n","protected":false},"author":1,"featured_media":0,"parent":383,"menu_order":0,"comment_status":"closed","ping_status":"closed","template":"","meta":{"_monsterinsights_skip_tracking":false,"_monsterinsights_sitenote_active":false,"_monsterinsights_sitenote_note":"","_monsterinsights_sitenote_category":0,"footnotes":""},"class_list":["post-1138","page","type-page","status-publish","hentry"],"yoast_head":"<!-- This site is optimized with the Yoast SEO plugin v27.5 - https:\/\/yoast.com\/product\/yoast-seo-wordpress\/ -->\n<title>Bogenschie\u00dfen in der Mongolei - WiethaseVerlag % %<\/title>\n<meta name=\"robots\" content=\"index, follow, max-snippet:-1, max-image-preview:large, max-video-preview:-1\" \/>\n<link rel=\"canonical\" href=\"https:\/\/verlag.wiethase.de\/?page_id=1138\" \/>\n<meta property=\"og:locale\" content=\"de_DE\" \/>\n<meta property=\"og:type\" content=\"article\" \/>\n<meta property=\"og:title\" content=\"Bogenschie\u00dfen in der Mongolei - WiethaseVerlag % %\" \/>\n<meta property=\"og:description\" content=\"Das Bogenschie\u00dfen im heutigen Staat Mongolei wird als Sport praktiziert, der, anders als die meisten traditionellen Bogensportarten der Welt, das visierende Schie\u00dfen weitgehend perfektioniert hat. Dennoch sind Bogen, Pfeile, Ziele und Bekleidung sehr traditionell, was die Materialien betrifft. Auch werden &hellip; Weiterlesen &rarr;\" \/>\n<meta property=\"og:url\" content=\"https:\/\/verlag.wiethase.de\/?page_id=1138\" \/>\n<meta property=\"og:site_name\" content=\"WiethaseVerlag\" \/>\n<meta property=\"article:publisher\" content=\"https:\/\/www.facebook.com\/profile.php?id=100063974142366\" \/>\n<meta property=\"article:modified_time\" content=\"2026-04-29T18:27:44+00:00\" \/>\n<meta property=\"og:image\" content=\"https:\/\/verlag.wiethase.de\/wp-content\/uploads\/2025\/12\/Umschlag-Mongolei-deutsch-scaled.jpg\" \/>\n\t<meta property=\"og:image:width\" content=\"1769\" \/>\n\t<meta property=\"og:image:height\" content=\"2560\" \/>\n\t<meta property=\"og:image:type\" content=\"image\/jpeg\" \/>\n<meta name=\"twitter:card\" content=\"summary_large_image\" \/>\n<meta name=\"twitter:label1\" content=\"Gesch\u00e4tzte Lesezeit\" \/>\n\t<meta name=\"twitter:data1\" content=\"2\u00a0Minuten\" \/>\n<script type=\"application\/ld+json\" class=\"yoast-schema-graph\">{\"@context\":\"https:\\\/\\\/schema.org\",\"@graph\":[{\"@type\":\"WebPage\",\"@id\":\"https:\\\/\\\/verlag.wiethase.de\\\/?page_id=1138\",\"url\":\"https:\\\/\\\/verlag.wiethase.de\\\/?page_id=1138\",\"name\":\"Bogenschie\u00dfen in der Mongolei - WiethaseVerlag % %\",\"isPartOf\":{\"@id\":\"https:\\\/\\\/verlag.wiethase.de\\\/#website\"},\"primaryImageOfPage\":{\"@id\":\"https:\\\/\\\/verlag.wiethase.de\\\/?page_id=1138#primaryimage\"},\"image\":{\"@id\":\"https:\\\/\\\/verlag.wiethase.de\\\/?page_id=1138#primaryimage\"},\"thumbnailUrl\":\"https:\\\/\\\/verlag.wiethase.de\\\/wp-content\\\/uploads\\\/2025\\\/12\\\/Umschlag-Mongolei-deutsch-708x1024.jpg\",\"datePublished\":\"2025-12-08T16:21:33+00:00\",\"dateModified\":\"2026-04-29T18:27:44+00:00\",\"breadcrumb\":{\"@id\":\"https:\\\/\\\/verlag.wiethase.de\\\/?page_id=1138#breadcrumb\"},\"inLanguage\":\"de\",\"potentialAction\":[{\"@type\":\"ReadAction\",\"target\":[\"https:\\\/\\\/verlag.wiethase.de\\\/?page_id=1138\"]}]},{\"@type\":\"ImageObject\",\"inLanguage\":\"de\",\"@id\":\"https:\\\/\\\/verlag.wiethase.de\\\/?page_id=1138#primaryimage\",\"url\":\"https:\\\/\\\/verlag.wiethase.de\\\/wp-content\\\/uploads\\\/2025\\\/12\\\/Umschlag-Mongolei-deutsch-scaled.jpg\",\"contentUrl\":\"https:\\\/\\\/verlag.wiethase.de\\\/wp-content\\\/uploads\\\/2025\\\/12\\\/Umschlag-Mongolei-deutsch-scaled.jpg\",\"width\":1769,\"height\":2560},{\"@type\":\"BreadcrumbList\",\"@id\":\"https:\\\/\\\/verlag.wiethase.de\\\/?page_id=1138#breadcrumb\",\"itemListElement\":[{\"@type\":\"ListItem\",\"position\":1,\"name\":\"Startseite\",\"item\":\"https:\\\/\\\/verlag.wiethase.de\\\/\"},{\"@type\":\"ListItem\",\"position\":2,\"name\":\"Bogen-B\u00fccher + DVD\",\"item\":\"https:\\\/\\\/verlag.wiethase.de\\\/?page_id=383\"},{\"@type\":\"ListItem\",\"position\":3,\"name\":\"Bogenschie\u00dfen in der Mongolei\"}]},{\"@type\":\"WebSite\",\"@id\":\"https:\\\/\\\/verlag.wiethase.de\\\/#website\",\"url\":\"https:\\\/\\\/verlag.wiethase.de\\\/\",\"name\":\"WiethaseVerlag\",\"description\":\"B\u00fccher - DVD - H\u00f6rb\u00fccher\",\"publisher\":{\"@id\":\"https:\\\/\\\/verlag.wiethase.de\\\/#organization\"},\"potentialAction\":[{\"@type\":\"SearchAction\",\"target\":{\"@type\":\"EntryPoint\",\"urlTemplate\":\"https:\\\/\\\/verlag.wiethase.de\\\/?s={search_term_string}\"},\"query-input\":{\"@type\":\"PropertyValueSpecification\",\"valueRequired\":true,\"valueName\":\"search_term_string\"}}],\"inLanguage\":\"de\"},{\"@type\":\"Organization\",\"@id\":\"https:\\\/\\\/verlag.wiethase.de\\\/#organization\",\"name\":\"Wiethase Verlag\",\"url\":\"https:\\\/\\\/verlag.wiethase.de\\\/\",\"logo\":{\"@type\":\"ImageObject\",\"inLanguage\":\"de\",\"@id\":\"https:\\\/\\\/verlag.wiethase.de\\\/#\\\/schema\\\/logo\\\/image\\\/\",\"url\":\"https:\\\/\\\/verlag.wiethase.de\\\/wp-content\\\/uploads\\\/2022\\\/07\\\/logo-verlag.jpg\",\"contentUrl\":\"https:\\\/\\\/verlag.wiethase.de\\\/wp-content\\\/uploads\\\/2022\\\/07\\\/logo-verlag.jpg\",\"width\":790,\"height\":514,\"caption\":\"Wiethase Verlag\"},\"image\":{\"@id\":\"https:\\\/\\\/verlag.wiethase.de\\\/#\\\/schema\\\/logo\\\/image\\\/\"},\"sameAs\":[\"https:\\\/\\\/www.facebook.com\\\/profile.php?id=100063974142366\"]}]}<\/script>\n<!-- \/ Yoast SEO plugin. -->","yoast_head_json":{"title":"Bogenschie\u00dfen in der Mongolei - WiethaseVerlag % %","robots":{"index":"index","follow":"follow","max-snippet":"max-snippet:-1","max-image-preview":"max-image-preview:large","max-video-preview":"max-video-preview:-1"},"canonical":"https:\/\/verlag.wiethase.de\/?page_id=1138","og_locale":"de_DE","og_type":"article","og_title":"Bogenschie\u00dfen in der Mongolei - WiethaseVerlag % %","og_description":"Das Bogenschie\u00dfen im heutigen Staat Mongolei wird als Sport praktiziert, der, anders als die meisten traditionellen Bogensportarten der Welt, das visierende Schie\u00dfen weitgehend perfektioniert hat. Dennoch sind Bogen, Pfeile, Ziele und Bekleidung sehr traditionell, was die Materialien betrifft. Auch werden &hellip; Weiterlesen &rarr;","og_url":"https:\/\/verlag.wiethase.de\/?page_id=1138","og_site_name":"WiethaseVerlag","article_publisher":"https:\/\/www.facebook.com\/profile.php?id=100063974142366","article_modified_time":"2026-04-29T18:27:44+00:00","og_image":[{"width":1769,"height":2560,"url":"https:\/\/verlag.wiethase.de\/wp-content\/uploads\/2025\/12\/Umschlag-Mongolei-deutsch-scaled.jpg","type":"image\/jpeg"}],"twitter_card":"summary_large_image","twitter_misc":{"Gesch\u00e4tzte Lesezeit":"2\u00a0Minuten"},"schema":{"@context":"https:\/\/schema.org","@graph":[{"@type":"WebPage","@id":"https:\/\/verlag.wiethase.de\/?page_id=1138","url":"https:\/\/verlag.wiethase.de\/?page_id=1138","name":"Bogenschie\u00dfen in der Mongolei - WiethaseVerlag % %","isPartOf":{"@id":"https:\/\/verlag.wiethase.de\/#website"},"primaryImageOfPage":{"@id":"https:\/\/verlag.wiethase.de\/?page_id=1138#primaryimage"},"image":{"@id":"https:\/\/verlag.wiethase.de\/?page_id=1138#primaryimage"},"thumbnailUrl":"https:\/\/verlag.wiethase.de\/wp-content\/uploads\/2025\/12\/Umschlag-Mongolei-deutsch-708x1024.jpg","datePublished":"2025-12-08T16:21:33+00:00","dateModified":"2026-04-29T18:27:44+00:00","breadcrumb":{"@id":"https:\/\/verlag.wiethase.de\/?page_id=1138#breadcrumb"},"inLanguage":"de","potentialAction":[{"@type":"ReadAction","target":["https:\/\/verlag.wiethase.de\/?page_id=1138"]}]},{"@type":"ImageObject","inLanguage":"de","@id":"https:\/\/verlag.wiethase.de\/?page_id=1138#primaryimage","url":"https:\/\/verlag.wiethase.de\/wp-content\/uploads\/2025\/12\/Umschlag-Mongolei-deutsch-scaled.jpg","contentUrl":"https:\/\/verlag.wiethase.de\/wp-content\/uploads\/2025\/12\/Umschlag-Mongolei-deutsch-scaled.jpg","width":1769,"height":2560},{"@type":"BreadcrumbList","@id":"https:\/\/verlag.wiethase.de\/?page_id=1138#breadcrumb","itemListElement":[{"@type":"ListItem","position":1,"name":"Startseite","item":"https:\/\/verlag.wiethase.de\/"},{"@type":"ListItem","position":2,"name":"Bogen-B\u00fccher + DVD","item":"https:\/\/verlag.wiethase.de\/?page_id=383"},{"@type":"ListItem","position":3,"name":"Bogenschie\u00dfen in der Mongolei"}]},{"@type":"WebSite","@id":"https:\/\/verlag.wiethase.de\/#website","url":"https:\/\/verlag.wiethase.de\/","name":"WiethaseVerlag","description":"B\u00fccher - DVD - H\u00f6rb\u00fccher","publisher":{"@id":"https:\/\/verlag.wiethase.de\/#organization"},"potentialAction":[{"@type":"SearchAction","target":{"@type":"EntryPoint","urlTemplate":"https:\/\/verlag.wiethase.de\/?s={search_term_string}"},"query-input":{"@type":"PropertyValueSpecification","valueRequired":true,"valueName":"search_term_string"}}],"inLanguage":"de"},{"@type":"Organization","@id":"https:\/\/verlag.wiethase.de\/#organization","name":"Wiethase Verlag","url":"https:\/\/verlag.wiethase.de\/","logo":{"@type":"ImageObject","inLanguage":"de","@id":"https:\/\/verlag.wiethase.de\/#\/schema\/logo\/image\/","url":"https:\/\/verlag.wiethase.de\/wp-content\/uploads\/2022\/07\/logo-verlag.jpg","contentUrl":"https:\/\/verlag.wiethase.de\/wp-content\/uploads\/2022\/07\/logo-verlag.jpg","width":790,"height":514,"caption":"Wiethase Verlag"},"image":{"@id":"https:\/\/verlag.wiethase.de\/#\/schema\/logo\/image\/"},"sameAs":["https:\/\/www.facebook.com\/profile.php?id=100063974142366"]}]}},"jetpack_sharing_enabled":true,"_links":{"self":[{"href":"https:\/\/verlag.wiethase.de\/index.php?rest_route=\/wp\/v2\/pages\/1138","targetHints":{"allow":["GET"]}}],"collection":[{"href":"https:\/\/verlag.wiethase.de\/index.php?rest_route=\/wp\/v2\/pages"}],"about":[{"href":"https:\/\/verlag.wiethase.de\/index.php?rest_route=\/wp\/v2\/types\/page"}],"author":[{"embeddable":true,"href":"https:\/\/verlag.wiethase.de\/index.php?rest_route=\/wp\/v2\/users\/1"}],"replies":[{"embeddable":true,"href":"https:\/\/verlag.wiethase.de\/index.php?rest_route=%2Fwp%2Fv2%2Fcomments&post=1138"}],"version-history":[{"count":2,"href":"https:\/\/verlag.wiethase.de\/index.php?rest_route=\/wp\/v2\/pages\/1138\/revisions"}],"predecessor-version":[{"id":1212,"href":"https:\/\/verlag.wiethase.de\/index.php?rest_route=\/wp\/v2\/pages\/1138\/revisions\/1212"}],"up":[{"embeddable":true,"href":"https:\/\/verlag.wiethase.de\/index.php?rest_route=\/wp\/v2\/pages\/383"}],"wp:attachment":[{"href":"https:\/\/verlag.wiethase.de\/index.php?rest_route=%2Fwp%2Fv2%2Fmedia&parent=1138"}],"curies":[{"name":"wp","href":"https:\/\/api.w.org\/{rel}","templated":true}]}}