{"id":1080,"date":"2025-10-12T19:52:50","date_gmt":"2025-10-12T19:52:50","guid":{"rendered":"https:\/\/verlag.wiethase.de\/?page_id=1080"},"modified":"2025-10-12T20:16:49","modified_gmt":"2025-10-12T20:16:49","slug":"enzyklopaedie-der-pfeilspitzen-der-welt-band-1-von-2","status":"publish","type":"page","link":"https:\/\/verlag.wiethase.de\/?page_id=1080","title":{"rendered":"Enzyklop\u00e4die der Pfeilspitzen der Welt Band 1 von 2"},"content":{"rendered":"\n<figure class=\"wp-block-image size-large\"><a href=\"https:\/\/verlag.wiethase.de\/wp-content\/uploads\/2025\/10\/Enzyklopaedie-Buch-1-Cover-vorne-scaled.jpg\"><img loading=\"lazy\" decoding=\"async\" width=\"712\" height=\"1024\" src=\"https:\/\/verlag.wiethase.de\/wp-content\/uploads\/2025\/10\/Enzyklopaedie-Buch-1-Cover-vorne-712x1024.jpg\" alt=\"\" class=\"wp-image-1081\" srcset=\"https:\/\/verlag.wiethase.de\/wp-content\/uploads\/2025\/10\/Enzyklopaedie-Buch-1-Cover-vorne-712x1024.jpg 712w, https:\/\/verlag.wiethase.de\/wp-content\/uploads\/2025\/10\/Enzyklopaedie-Buch-1-Cover-vorne-209x300.jpg 209w, https:\/\/verlag.wiethase.de\/wp-content\/uploads\/2025\/10\/Enzyklopaedie-Buch-1-Cover-vorne-768x1104.jpg 768w, https:\/\/verlag.wiethase.de\/wp-content\/uploads\/2025\/10\/Enzyklopaedie-Buch-1-Cover-vorne-1069x1536.jpg 1069w, https:\/\/verlag.wiethase.de\/wp-content\/uploads\/2025\/10\/Enzyklopaedie-Buch-1-Cover-vorne-1425x2048.jpg 1425w, https:\/\/verlag.wiethase.de\/wp-content\/uploads\/2025\/10\/Enzyklopaedie-Buch-1-Cover-vorne-scaled.jpg 1781w\" sizes=\"auto, (max-width: 712px) 100vw, 712px\" \/><\/a><\/figure>\n\n\n\n<p>Das vorliegende Werk setzt sich mit den Pfeilspitzen der Welt auseinander. Dabei ist es unerl\u00e4sslich, manchmal auch die Vor-sch\u00e4fte und Sch\u00e4fte zu behandeln, auf welche die Spitzen befestigt wurden. Immerhin l\u00e4sst oft nur der gesamte Pfeil auf die genaue Herkunft einer einzelnen Spitze schlie\u00dfen. Andererseits kann eine einzelne Pfeilspitze anhand des vorliegenden Werkes meistens aufgrund der gezeigten Pfeile und deren Charakteristika die F\u00e4hrte zu einer genaueren Provenienz legen.<\/p>\n\n\n\n<figure class=\"wp-block-gallery has-nested-images columns-default is-cropped wp-block-gallery-1 is-layout-flex wp-block-gallery-is-layout-flex\">\n<figure class=\"wp-block-image size-large\"><a href=\"https:\/\/verlag.wiethase.de\/wp-content\/uploads\/2025\/10\/Enzyklopaedie-der-Pfeilspitzen-Buch-1-Deutsch-verschoben-4-scaled.jpg\"><img loading=\"lazy\" decoding=\"async\" width=\"730\" height=\"1024\" data-id=\"1100\" src=\"https:\/\/verlag.wiethase.de\/wp-content\/uploads\/2025\/10\/Enzyklopaedie-der-Pfeilspitzen-Buch-1-Deutsch-verschoben-4-730x1024.jpg\" alt=\"\" class=\"wp-image-1100\" srcset=\"https:\/\/verlag.wiethase.de\/wp-content\/uploads\/2025\/10\/Enzyklopaedie-der-Pfeilspitzen-Buch-1-Deutsch-verschoben-4-730x1024.jpg 730w, https:\/\/verlag.wiethase.de\/wp-content\/uploads\/2025\/10\/Enzyklopaedie-der-Pfeilspitzen-Buch-1-Deutsch-verschoben-4-214x300.jpg 214w, https:\/\/verlag.wiethase.de\/wp-content\/uploads\/2025\/10\/Enzyklopaedie-der-Pfeilspitzen-Buch-1-Deutsch-verschoben-4-768x1077.jpg 768w, https:\/\/verlag.wiethase.de\/wp-content\/uploads\/2025\/10\/Enzyklopaedie-der-Pfeilspitzen-Buch-1-Deutsch-verschoben-4-1095x1536.jpg 1095w, https:\/\/verlag.wiethase.de\/wp-content\/uploads\/2025\/10\/Enzyklopaedie-der-Pfeilspitzen-Buch-1-Deutsch-verschoben-4-1460x2048.jpg 1460w, https:\/\/verlag.wiethase.de\/wp-content\/uploads\/2025\/10\/Enzyklopaedie-der-Pfeilspitzen-Buch-1-Deutsch-verschoben-4-scaled.jpg 1825w\" sizes=\"auto, (max-width: 730px) 100vw, 730px\" \/><\/a><\/figure>\n\n\n\n<figure class=\"wp-block-image size-large\"><a href=\"https:\/\/verlag.wiethase.de\/wp-content\/uploads\/2025\/10\/Enzyklopaedie-der-Pfeilspitzen-Buch-1-Deutsch-verschoben-5-scaled.jpg\"><img loading=\"lazy\" decoding=\"async\" width=\"730\" height=\"1024\" data-id=\"1097\" src=\"https:\/\/verlag.wiethase.de\/wp-content\/uploads\/2025\/10\/Enzyklopaedie-der-Pfeilspitzen-Buch-1-Deutsch-verschoben-5-730x1024.jpg\" alt=\"\" class=\"wp-image-1097\" srcset=\"https:\/\/verlag.wiethase.de\/wp-content\/uploads\/2025\/10\/Enzyklopaedie-der-Pfeilspitzen-Buch-1-Deutsch-verschoben-5-730x1024.jpg 730w, https:\/\/verlag.wiethase.de\/wp-content\/uploads\/2025\/10\/Enzyklopaedie-der-Pfeilspitzen-Buch-1-Deutsch-verschoben-5-214x300.jpg 214w, https:\/\/verlag.wiethase.de\/wp-content\/uploads\/2025\/10\/Enzyklopaedie-der-Pfeilspitzen-Buch-1-Deutsch-verschoben-5-768x1077.jpg 768w, https:\/\/verlag.wiethase.de\/wp-content\/uploads\/2025\/10\/Enzyklopaedie-der-Pfeilspitzen-Buch-1-Deutsch-verschoben-5-1095x1536.jpg 1095w, https:\/\/verlag.wiethase.de\/wp-content\/uploads\/2025\/10\/Enzyklopaedie-der-Pfeilspitzen-Buch-1-Deutsch-verschoben-5-1460x2048.jpg 1460w, https:\/\/verlag.wiethase.de\/wp-content\/uploads\/2025\/10\/Enzyklopaedie-der-Pfeilspitzen-Buch-1-Deutsch-verschoben-5-scaled.jpg 1825w\" sizes=\"auto, (max-width: 730px) 100vw, 730px\" \/><\/a><\/figure>\n\n\n\n<figure class=\"wp-block-image size-large\"><a href=\"https:\/\/verlag.wiethase.de\/wp-content\/uploads\/2025\/10\/Enzyklopaedie-der-Pfeilspitzen-Buch-1-Deutsch-verschoben-6-scaled.jpg\"><img loading=\"lazy\" decoding=\"async\" width=\"730\" height=\"1024\" data-id=\"1098\" src=\"https:\/\/verlag.wiethase.de\/wp-content\/uploads\/2025\/10\/Enzyklopaedie-der-Pfeilspitzen-Buch-1-Deutsch-verschoben-6-730x1024.jpg\" alt=\"\" class=\"wp-image-1098\" srcset=\"https:\/\/verlag.wiethase.de\/wp-content\/uploads\/2025\/10\/Enzyklopaedie-der-Pfeilspitzen-Buch-1-Deutsch-verschoben-6-730x1024.jpg 730w, https:\/\/verlag.wiethase.de\/wp-content\/uploads\/2025\/10\/Enzyklopaedie-der-Pfeilspitzen-Buch-1-Deutsch-verschoben-6-214x300.jpg 214w, https:\/\/verlag.wiethase.de\/wp-content\/uploads\/2025\/10\/Enzyklopaedie-der-Pfeilspitzen-Buch-1-Deutsch-verschoben-6-768x1077.jpg 768w, https:\/\/verlag.wiethase.de\/wp-content\/uploads\/2025\/10\/Enzyklopaedie-der-Pfeilspitzen-Buch-1-Deutsch-verschoben-6-1095x1536.jpg 1095w, https:\/\/verlag.wiethase.de\/wp-content\/uploads\/2025\/10\/Enzyklopaedie-der-Pfeilspitzen-Buch-1-Deutsch-verschoben-6-1460x2048.jpg 1460w, https:\/\/verlag.wiethase.de\/wp-content\/uploads\/2025\/10\/Enzyklopaedie-der-Pfeilspitzen-Buch-1-Deutsch-verschoben-6-scaled.jpg 1825w\" sizes=\"auto, (max-width: 730px) 100vw, 730px\" \/><\/a><\/figure>\n\n\n\n<figure class=\"wp-block-image size-large\"><a href=\"https:\/\/verlag.wiethase.de\/wp-content\/uploads\/2025\/10\/Enzyklopaedie-der-Pfeilspitzen-Buch-1-Deutsch-verschoben-8-scaled.jpg\"><img loading=\"lazy\" decoding=\"async\" width=\"730\" height=\"1024\" data-id=\"1101\" src=\"https:\/\/verlag.wiethase.de\/wp-content\/uploads\/2025\/10\/Enzyklopaedie-der-Pfeilspitzen-Buch-1-Deutsch-verschoben-8-730x1024.jpg\" alt=\"\" class=\"wp-image-1101\" srcset=\"https:\/\/verlag.wiethase.de\/wp-content\/uploads\/2025\/10\/Enzyklopaedie-der-Pfeilspitzen-Buch-1-Deutsch-verschoben-8-730x1024.jpg 730w, https:\/\/verlag.wiethase.de\/wp-content\/uploads\/2025\/10\/Enzyklopaedie-der-Pfeilspitzen-Buch-1-Deutsch-verschoben-8-214x300.jpg 214w, https:\/\/verlag.wiethase.de\/wp-content\/uploads\/2025\/10\/Enzyklopaedie-der-Pfeilspitzen-Buch-1-Deutsch-verschoben-8-768x1077.jpg 768w, https:\/\/verlag.wiethase.de\/wp-content\/uploads\/2025\/10\/Enzyklopaedie-der-Pfeilspitzen-Buch-1-Deutsch-verschoben-8-1095x1536.jpg 1095w, https:\/\/verlag.wiethase.de\/wp-content\/uploads\/2025\/10\/Enzyklopaedie-der-Pfeilspitzen-Buch-1-Deutsch-verschoben-8-1460x2048.jpg 1460w, https:\/\/verlag.wiethase.de\/wp-content\/uploads\/2025\/10\/Enzyklopaedie-der-Pfeilspitzen-Buch-1-Deutsch-verschoben-8-scaled.jpg 1825w\" sizes=\"auto, (max-width: 730px) 100vw, 730px\" \/><\/a><\/figure>\n\n\n\n<figure class=\"wp-block-image size-large\"><a href=\"https:\/\/verlag.wiethase.de\/wp-content\/uploads\/2025\/10\/Enzyklopaedie-der-Pfeilspitzen-Buch-1-Deutsch-verschoben-13-scaled.jpg\"><img loading=\"lazy\" decoding=\"async\" width=\"730\" height=\"1024\" data-id=\"1096\" src=\"https:\/\/verlag.wiethase.de\/wp-content\/uploads\/2025\/10\/Enzyklopaedie-der-Pfeilspitzen-Buch-1-Deutsch-verschoben-13-730x1024.jpg\" alt=\"\" class=\"wp-image-1096\" srcset=\"https:\/\/verlag.wiethase.de\/wp-content\/uploads\/2025\/10\/Enzyklopaedie-der-Pfeilspitzen-Buch-1-Deutsch-verschoben-13-730x1024.jpg 730w, https:\/\/verlag.wiethase.de\/wp-content\/uploads\/2025\/10\/Enzyklopaedie-der-Pfeilspitzen-Buch-1-Deutsch-verschoben-13-214x300.jpg 214w, https:\/\/verlag.wiethase.de\/wp-content\/uploads\/2025\/10\/Enzyklopaedie-der-Pfeilspitzen-Buch-1-Deutsch-verschoben-13-768x1077.jpg 768w, https:\/\/verlag.wiethase.de\/wp-content\/uploads\/2025\/10\/Enzyklopaedie-der-Pfeilspitzen-Buch-1-Deutsch-verschoben-13-1095x1536.jpg 1095w, https:\/\/verlag.wiethase.de\/wp-content\/uploads\/2025\/10\/Enzyklopaedie-der-Pfeilspitzen-Buch-1-Deutsch-verschoben-13-1460x2048.jpg 1460w, https:\/\/verlag.wiethase.de\/wp-content\/uploads\/2025\/10\/Enzyklopaedie-der-Pfeilspitzen-Buch-1-Deutsch-verschoben-13-scaled.jpg 1825w\" sizes=\"auto, (max-width: 730px) 100vw, 730px\" \/><\/a><\/figure>\n\n\n\n<figure class=\"wp-block-image size-large\"><a href=\"https:\/\/verlag.wiethase.de\/wp-content\/uploads\/2025\/10\/Enzyklopaedie-der-Pfeilspitzen-Buch-1-Deutsch-verschoben-scaled.jpg\"><img loading=\"lazy\" decoding=\"async\" width=\"730\" height=\"1024\" data-id=\"1099\" src=\"https:\/\/verlag.wiethase.de\/wp-content\/uploads\/2025\/10\/Enzyklopaedie-der-Pfeilspitzen-Buch-1-Deutsch-verschoben-730x1024.jpg\" alt=\"\" class=\"wp-image-1099\" srcset=\"https:\/\/verlag.wiethase.de\/wp-content\/uploads\/2025\/10\/Enzyklopaedie-der-Pfeilspitzen-Buch-1-Deutsch-verschoben-730x1024.jpg 730w, https:\/\/verlag.wiethase.de\/wp-content\/uploads\/2025\/10\/Enzyklopaedie-der-Pfeilspitzen-Buch-1-Deutsch-verschoben-214x300.jpg 214w, https:\/\/verlag.wiethase.de\/wp-content\/uploads\/2025\/10\/Enzyklopaedie-der-Pfeilspitzen-Buch-1-Deutsch-verschoben-768x1077.jpg 768w, https:\/\/verlag.wiethase.de\/wp-content\/uploads\/2025\/10\/Enzyklopaedie-der-Pfeilspitzen-Buch-1-Deutsch-verschoben-1095x1536.jpg 1095w, https:\/\/verlag.wiethase.de\/wp-content\/uploads\/2025\/10\/Enzyklopaedie-der-Pfeilspitzen-Buch-1-Deutsch-verschoben-1460x2048.jpg 1460w, https:\/\/verlag.wiethase.de\/wp-content\/uploads\/2025\/10\/Enzyklopaedie-der-Pfeilspitzen-Buch-1-Deutsch-verschoben-scaled.jpg 1825w\" sizes=\"auto, (max-width: 730px) 100vw, 730px\" \/><\/a><\/figure>\n<\/figure>\n\n\n\n<p>Die grobe Gliederung teilt die Pfeilspitzen in ihre Materialien auf, da diese meistens am augenf\u00e4lligsten und daher am einfachsten zu bestimmen sind. Zu jedem Material ist eine Einleitung ver-fasst, die seine Verwendung f\u00fcr Pfeilspitzen im Allgemeinen und im Speziellen erl\u00e4utert. Danach werden die Spitzen der verschiedenen Erdteile und deren Zonen und Ethnien bearbeitet. Spitzen, die in derselben Form und demselben Material auch anderorts zu finden sind, sind mit den entsprechenden Hinweisen und Querverweisen versehen.<\/p>\n\n\n\n<p>Buch 1 umfasst die Spitzen aus Stein, Glas und Holz. Buch 2 umfasst die Spitzen aus Knochen, Horn und Elfenbein, Spitzen aus Schn\u00e4beln und anderen nat\u00fcrlichen Materialien, sowie Spitzen aus Metallen (Kupter, Bronze, Eisen, Zinn, Messing).<\/p>\n\n\n\n<p>Dieses Buch hat auf 456 Seiten mehr als 2300 farbige Fotos, 100 Tafeln, 12 Karten und 500 Grafiken.<\/p>\n\n\n\n<p><br>ISBN 978-3-948396-38-1 Preis in Deutschland: \u20ac 89,00 \u00d6sterreich: \u20ac 91,00, Schweiz: \u20ac 93,00<\/p>\n","protected":false},"excerpt":{"rendered":"<p>Das vorliegende Werk setzt sich mit den Pfeilspitzen der Welt auseinander. Dabei ist es unerl\u00e4sslich, manchmal auch die Vor-sch\u00e4fte und Sch\u00e4fte zu behandeln, auf welche die Spitzen befestigt wurden. Immerhin l\u00e4sst oft nur der gesamte Pfeil auf die genaue Herkunft &hellip; <a href=\"https:\/\/verlag.wiethase.de\/?page_id=1080\">Weiterlesen <span class=\"meta-nav\">&rarr;<\/span><\/a><\/p>\n","protected":false},"author":1,"featured_media":1081,"parent":383,"menu_order":0,"comment_status":"closed","ping_status":"closed","template":"","meta":{"_monsterinsights_skip_tracking":false,"_monsterinsights_sitenote_active":false,"_monsterinsights_sitenote_note":"","_monsterinsights_sitenote_category":0,"footnotes":""},"class_list":["post-1080","page","type-page","status-publish","has-post-thumbnail","hentry"],"yoast_head":"<!-- This site is optimized with the Yoast SEO plugin v27.4 - https:\/\/yoast.com\/product\/yoast-seo-wordpress\/ -->\n<title>Enzyklop\u00e4die der Pfeilspitzen der Welt Band 1 von 2 - WiethaseVerlag<\/title>\n<meta name=\"robots\" content=\"index, follow, max-snippet:-1, max-image-preview:large, max-video-preview:-1\" \/>\n<link rel=\"canonical\" href=\"https:\/\/verlag.wiethase.de\/?page_id=1080\" \/>\n<meta property=\"og:locale\" content=\"de_DE\" \/>\n<meta property=\"og:type\" content=\"article\" \/>\n<meta property=\"og:title\" content=\"Enzyklop\u00e4die der Pfeilspitzen der Welt Band 1 von 2 - WiethaseVerlag\" \/>\n<meta property=\"og:description\" content=\"Das vorliegende Werk setzt sich mit den Pfeilspitzen der Welt auseinander. Dabei ist es unerl\u00e4sslich, manchmal auch die Vor-sch\u00e4fte und Sch\u00e4fte zu behandeln, auf welche die Spitzen befestigt wurden. Immerhin l\u00e4sst oft nur der gesamte Pfeil auf die genaue Herkunft &hellip; Weiterlesen &rarr;\" \/>\n<meta property=\"og:url\" content=\"https:\/\/verlag.wiethase.de\/?page_id=1080\" \/>\n<meta property=\"og:site_name\" content=\"WiethaseVerlag\" \/>\n<meta property=\"article:publisher\" content=\"https:\/\/www.facebook.com\/profile.php?id=100063974142366\" \/>\n<meta property=\"article:modified_time\" content=\"2025-10-12T20:16:49+00:00\" \/>\n<meta property=\"og:image\" content=\"https:\/\/verlag.wiethase.de\/wp-content\/uploads\/2025\/10\/Enzyklopaedie-Buch-1-Cover-vorne-scaled.jpg\" \/>\n\t<meta property=\"og:image:width\" content=\"1781\" \/>\n\t<meta property=\"og:image:height\" content=\"2560\" \/>\n\t<meta property=\"og:image:type\" content=\"image\/jpeg\" \/>\n<meta name=\"twitter:card\" content=\"summary_large_image\" \/>\n<meta name=\"twitter:label1\" content=\"Gesch\u00e4tzte Lesezeit\" \/>\n\t<meta name=\"twitter:data1\" content=\"3\u00a0Minuten\" \/>\n<script type=\"application\/ld+json\" class=\"yoast-schema-graph\">{\"@context\":\"https:\\\/\\\/schema.org\",\"@graph\":[{\"@type\":\"WebPage\",\"@id\":\"https:\\\/\\\/verlag.wiethase.de\\\/?page_id=1080\",\"url\":\"https:\\\/\\\/verlag.wiethase.de\\\/?page_id=1080\",\"name\":\"Enzyklop\u00e4die der Pfeilspitzen der Welt Band 1 von 2 - WiethaseVerlag\",\"isPartOf\":{\"@id\":\"https:\\\/\\\/verlag.wiethase.de\\\/#website\"},\"primaryImageOfPage\":{\"@id\":\"https:\\\/\\\/verlag.wiethase.de\\\/?page_id=1080#primaryimage\"},\"image\":{\"@id\":\"https:\\\/\\\/verlag.wiethase.de\\\/?page_id=1080#primaryimage\"},\"thumbnailUrl\":\"https:\\\/\\\/verlag.wiethase.de\\\/wp-content\\\/uploads\\\/2025\\\/10\\\/Enzyklopaedie-Buch-1-Cover-vorne-scaled.jpg\",\"datePublished\":\"2025-10-12T19:52:50+00:00\",\"dateModified\":\"2025-10-12T20:16:49+00:00\",\"breadcrumb\":{\"@id\":\"https:\\\/\\\/verlag.wiethase.de\\\/?page_id=1080#breadcrumb\"},\"inLanguage\":\"de\",\"potentialAction\":[{\"@type\":\"ReadAction\",\"target\":[\"https:\\\/\\\/verlag.wiethase.de\\\/?page_id=1080\"]}]},{\"@type\":\"ImageObject\",\"inLanguage\":\"de\",\"@id\":\"https:\\\/\\\/verlag.wiethase.de\\\/?page_id=1080#primaryimage\",\"url\":\"https:\\\/\\\/verlag.wiethase.de\\\/wp-content\\\/uploads\\\/2025\\\/10\\\/Enzyklopaedie-Buch-1-Cover-vorne-scaled.jpg\",\"contentUrl\":\"https:\\\/\\\/verlag.wiethase.de\\\/wp-content\\\/uploads\\\/2025\\\/10\\\/Enzyklopaedie-Buch-1-Cover-vorne-scaled.jpg\",\"width\":1781,\"height\":2560},{\"@type\":\"BreadcrumbList\",\"@id\":\"https:\\\/\\\/verlag.wiethase.de\\\/?page_id=1080#breadcrumb\",\"itemListElement\":[{\"@type\":\"ListItem\",\"position\":1,\"name\":\"Startseite\",\"item\":\"https:\\\/\\\/verlag.wiethase.de\\\/\"},{\"@type\":\"ListItem\",\"position\":2,\"name\":\"Bogen-B\u00fccher + DVD\",\"item\":\"https:\\\/\\\/verlag.wiethase.de\\\/?page_id=383\"},{\"@type\":\"ListItem\",\"position\":3,\"name\":\"Enzyklop\u00e4die der Pfeilspitzen der Welt Band 1 von 2\"}]},{\"@type\":\"WebSite\",\"@id\":\"https:\\\/\\\/verlag.wiethase.de\\\/#website\",\"url\":\"https:\\\/\\\/verlag.wiethase.de\\\/\",\"name\":\"WiethaseVerlag\",\"description\":\"B\u00fccher - DVD - H\u00f6rb\u00fccher\",\"publisher\":{\"@id\":\"https:\\\/\\\/verlag.wiethase.de\\\/#organization\"},\"potentialAction\":[{\"@type\":\"SearchAction\",\"target\":{\"@type\":\"EntryPoint\",\"urlTemplate\":\"https:\\\/\\\/verlag.wiethase.de\\\/?s={search_term_string}\"},\"query-input\":{\"@type\":\"PropertyValueSpecification\",\"valueRequired\":true,\"valueName\":\"search_term_string\"}}],\"inLanguage\":\"de\"},{\"@type\":\"Organization\",\"@id\":\"https:\\\/\\\/verlag.wiethase.de\\\/#organization\",\"name\":\"Wiethase Verlag\",\"url\":\"https:\\\/\\\/verlag.wiethase.de\\\/\",\"logo\":{\"@type\":\"ImageObject\",\"inLanguage\":\"de\",\"@id\":\"https:\\\/\\\/verlag.wiethase.de\\\/#\\\/schema\\\/logo\\\/image\\\/\",\"url\":\"https:\\\/\\\/verlag.wiethase.de\\\/wp-content\\\/uploads\\\/2022\\\/07\\\/logo-verlag.jpg\",\"contentUrl\":\"https:\\\/\\\/verlag.wiethase.de\\\/wp-content\\\/uploads\\\/2022\\\/07\\\/logo-verlag.jpg\",\"width\":790,\"height\":514,\"caption\":\"Wiethase Verlag\"},\"image\":{\"@id\":\"https:\\\/\\\/verlag.wiethase.de\\\/#\\\/schema\\\/logo\\\/image\\\/\"},\"sameAs\":[\"https:\\\/\\\/www.facebook.com\\\/profile.php?id=100063974142366\"]}]}<\/script>\n<!-- \/ Yoast SEO plugin. -->","yoast_head_json":{"title":"Enzyklop\u00e4die der Pfeilspitzen der Welt Band 1 von 2 - WiethaseVerlag","robots":{"index":"index","follow":"follow","max-snippet":"max-snippet:-1","max-image-preview":"max-image-preview:large","max-video-preview":"max-video-preview:-1"},"canonical":"https:\/\/verlag.wiethase.de\/?page_id=1080","og_locale":"de_DE","og_type":"article","og_title":"Enzyklop\u00e4die der Pfeilspitzen der Welt Band 1 von 2 - WiethaseVerlag","og_description":"Das vorliegende Werk setzt sich mit den Pfeilspitzen der Welt auseinander. Dabei ist es unerl\u00e4sslich, manchmal auch die Vor-sch\u00e4fte und Sch\u00e4fte zu behandeln, auf welche die Spitzen befestigt wurden. Immerhin l\u00e4sst oft nur der gesamte Pfeil auf die genaue Herkunft &hellip; Weiterlesen &rarr;","og_url":"https:\/\/verlag.wiethase.de\/?page_id=1080","og_site_name":"WiethaseVerlag","article_publisher":"https:\/\/www.facebook.com\/profile.php?id=100063974142366","article_modified_time":"2025-10-12T20:16:49+00:00","og_image":[{"width":1781,"height":2560,"url":"https:\/\/verlag.wiethase.de\/wp-content\/uploads\/2025\/10\/Enzyklopaedie-Buch-1-Cover-vorne-scaled.jpg","type":"image\/jpeg"}],"twitter_card":"summary_large_image","twitter_misc":{"Gesch\u00e4tzte Lesezeit":"3\u00a0Minuten"},"schema":{"@context":"https:\/\/schema.org","@graph":[{"@type":"WebPage","@id":"https:\/\/verlag.wiethase.de\/?page_id=1080","url":"https:\/\/verlag.wiethase.de\/?page_id=1080","name":"Enzyklop\u00e4die der Pfeilspitzen der Welt Band 1 von 2 - WiethaseVerlag","isPartOf":{"@id":"https:\/\/verlag.wiethase.de\/#website"},"primaryImageOfPage":{"@id":"https:\/\/verlag.wiethase.de\/?page_id=1080#primaryimage"},"image":{"@id":"https:\/\/verlag.wiethase.de\/?page_id=1080#primaryimage"},"thumbnailUrl":"https:\/\/verlag.wiethase.de\/wp-content\/uploads\/2025\/10\/Enzyklopaedie-Buch-1-Cover-vorne-scaled.jpg","datePublished":"2025-10-12T19:52:50+00:00","dateModified":"2025-10-12T20:16:49+00:00","breadcrumb":{"@id":"https:\/\/verlag.wiethase.de\/?page_id=1080#breadcrumb"},"inLanguage":"de","potentialAction":[{"@type":"ReadAction","target":["https:\/\/verlag.wiethase.de\/?page_id=1080"]}]},{"@type":"ImageObject","inLanguage":"de","@id":"https:\/\/verlag.wiethase.de\/?page_id=1080#primaryimage","url":"https:\/\/verlag.wiethase.de\/wp-content\/uploads\/2025\/10\/Enzyklopaedie-Buch-1-Cover-vorne-scaled.jpg","contentUrl":"https:\/\/verlag.wiethase.de\/wp-content\/uploads\/2025\/10\/Enzyklopaedie-Buch-1-Cover-vorne-scaled.jpg","width":1781,"height":2560},{"@type":"BreadcrumbList","@id":"https:\/\/verlag.wiethase.de\/?page_id=1080#breadcrumb","itemListElement":[{"@type":"ListItem","position":1,"name":"Startseite","item":"https:\/\/verlag.wiethase.de\/"},{"@type":"ListItem","position":2,"name":"Bogen-B\u00fccher + DVD","item":"https:\/\/verlag.wiethase.de\/?page_id=383"},{"@type":"ListItem","position":3,"name":"Enzyklop\u00e4die der Pfeilspitzen der Welt Band 1 von 2"}]},{"@type":"WebSite","@id":"https:\/\/verlag.wiethase.de\/#website","url":"https:\/\/verlag.wiethase.de\/","name":"WiethaseVerlag","description":"B\u00fccher - DVD - H\u00f6rb\u00fccher","publisher":{"@id":"https:\/\/verlag.wiethase.de\/#organization"},"potentialAction":[{"@type":"SearchAction","target":{"@type":"EntryPoint","urlTemplate":"https:\/\/verlag.wiethase.de\/?s={search_term_string}"},"query-input":{"@type":"PropertyValueSpecification","valueRequired":true,"valueName":"search_term_string"}}],"inLanguage":"de"},{"@type":"Organization","@id":"https:\/\/verlag.wiethase.de\/#organization","name":"Wiethase Verlag","url":"https:\/\/verlag.wiethase.de\/","logo":{"@type":"ImageObject","inLanguage":"de","@id":"https:\/\/verlag.wiethase.de\/#\/schema\/logo\/image\/","url":"https:\/\/verlag.wiethase.de\/wp-content\/uploads\/2022\/07\/logo-verlag.jpg","contentUrl":"https:\/\/verlag.wiethase.de\/wp-content\/uploads\/2022\/07\/logo-verlag.jpg","width":790,"height":514,"caption":"Wiethase Verlag"},"image":{"@id":"https:\/\/verlag.wiethase.de\/#\/schema\/logo\/image\/"},"sameAs":["https:\/\/www.facebook.com\/profile.php?id=100063974142366"]}]}},"_links":{"self":[{"href":"https:\/\/verlag.wiethase.de\/index.php?rest_route=\/wp\/v2\/pages\/1080","targetHints":{"allow":["GET"]}}],"collection":[{"href":"https:\/\/verlag.wiethase.de\/index.php?rest_route=\/wp\/v2\/pages"}],"about":[{"href":"https:\/\/verlag.wiethase.de\/index.php?rest_route=\/wp\/v2\/types\/page"}],"author":[{"embeddable":true,"href":"https:\/\/verlag.wiethase.de\/index.php?rest_route=\/wp\/v2\/users\/1"}],"replies":[{"embeddable":true,"href":"https:\/\/verlag.wiethase.de\/index.php?rest_route=%2Fwp%2Fv2%2Fcomments&post=1080"}],"version-history":[{"count":2,"href":"https:\/\/verlag.wiethase.de\/index.php?rest_route=\/wp\/v2\/pages\/1080\/revisions"}],"predecessor-version":[{"id":1102,"href":"https:\/\/verlag.wiethase.de\/index.php?rest_route=\/wp\/v2\/pages\/1080\/revisions\/1102"}],"up":[{"embeddable":true,"href":"https:\/\/verlag.wiethase.de\/index.php?rest_route=\/wp\/v2\/pages\/383"}],"wp:featuredmedia":[{"embeddable":true,"href":"https:\/\/verlag.wiethase.de\/index.php?rest_route=\/wp\/v2\/media\/1081"}],"wp:attachment":[{"href":"https:\/\/verlag.wiethase.de\/index.php?rest_route=%2Fwp%2Fv2%2Fmedia&parent=1080"}],"curies":[{"name":"wp","href":"https:\/\/api.w.org\/{rel}","templated":true}]}}