{"id":107,"date":"2014-09-07T06:58:55","date_gmt":"2014-09-07T06:58:55","guid":{"rendered":"http:\/\/verlag.wiethase.de\/?page_id=107"},"modified":"2017-06-21T10:44:09","modified_gmt":"2017-06-21T10:44:09","slug":"der-nordasiatische-pfeil","status":"publish","type":"page","link":"https:\/\/verlag.wiethase.de\/?page_id=107","title":{"rendered":"Der Nordasiatische Pfeil"},"content":{"rendered":"<p class=\"p1\">Mit acht Tafeln und einer Karte im Format A4, 52 Seiten, Softcover, 19,90 \u20ac \u00a0ISBN 978-3-937632-73-5<\/p>\n<p class=\"p1\"><a href=\"https:\/\/www.amazon.de\/NORDASIATISCHE-PFEIL-Kenntnis-Antropogeographie-asiatischen\/dp\/3937632735\/ref=sr_1_1?ie=UTF8&amp;qid=1468742507&amp;sr=8-1&amp;keywords=Der+nordasiatische+Pfeil\">Kaufen bei Amazon<\/a><\/p>\n<p class=\"p1\">INHALT<\/p>\n<p class=\"p2\">Vorwort des Verlegers: 3<\/p>\n<p class=\"p2\">Vorwort: 3<\/p>\n<p class=\"p2\">Der nordasiatische Pfeil. Einleitung: 4<\/p>\n<p class=\"p2\">Der allgemeine Charakter des nordasiatischen Pfeils: 9<\/p>\n<p class=\"p2\">Material des arktischen Pfeiles: 10<\/p>\n<p class=\"p2\">Gewicht und Gr\u00f6\u00dfe des nordasiatischen Pfeiles: 12<\/p>\n<p class=\"p2\">Die Kerbe: 13<\/p>\n<p class=\"p2\">Befestigungsart der Spitze: 14<\/p>\n<p class=\"p2\">Verzierung: 15<\/p>\n<p class=\"p2\">Das Gift: 16<\/p>\n<p class=\"p2\">Formen der Spitze: 17<\/p>\n<p class=\"p2\">Lage der Schneidefl\u00e4che der Spitze zur Sehne des Bogens: 18<\/p>\n<p class=\"p2\">Fiederung: 18<\/p>\n<p class=\"p2\">Ku\u0308stenform: 22<\/p>\n<p class=\"p2\">Aino-Typus: 24<\/p>\n<p class=\"p2\">Form des Beringmeers: 27<\/p>\n<p class=\"p2\">Sibirische Pfeilform: 28<\/p>\n<p class=\"p2\">Su\u0308dsibirische oder Kirgisen-Pfeilform: 32<\/p>\n<p class=\"p2\">Schluss: 32<\/p>\n<p class=\"p2\">Literaturverzeichnis: 34<\/p>\n<p class=\"p2\">Tafelerkl\u00e4rung: 36<\/p>\n<p class=\"p2\"><a href=\"https:\/\/verlag.wiethase.de\/wp-content\/uploads\/2014\/09\/dlerpfeile-Deutsch-cover-back.jpg\"><img loading=\"lazy\" decoding=\"async\" class=\"alignnone size-thumbnail wp-image-109\" src=\"https:\/\/verlag.wiethase.de\/wp-content\/uploads\/2014\/09\/dlerpfeile-Deutsch-cover-back-150x150.jpg\" alt=\"dlerpfeile Deutsch-cover-back\" width=\"150\" height=\"150\" \/><\/a> <a href=\"https:\/\/verlag.wiethase.de\/wp-content\/uploads\/2014\/09\/dlerpfeile-Deutsch-cover-front.jpg\"><img loading=\"lazy\" decoding=\"async\" class=\"alignnone size-thumbnail wp-image-110\" src=\"https:\/\/verlag.wiethase.de\/wp-content\/uploads\/2014\/09\/dlerpfeile-Deutsch-cover-front-150x150.jpg\" alt=\"dlerpfeile Deutsch-cover-front\" width=\"150\" height=\"150\" \/><\/a><a href=\"https:\/\/verlag.wiethase.de\/wp-content\/uploads\/2014\/09\/Der-Nordasiatische-Pfeil-19.jpg\"><img loading=\"lazy\" decoding=\"async\" class=\"alignnone size-thumbnail wp-image-111\" src=\"https:\/\/verlag.wiethase.de\/wp-content\/uploads\/2014\/09\/Der-Nordasiatische-Pfeil-19-150x150.jpg\" alt=\"Der Nordasiatische Pfeil-19\" width=\"150\" height=\"150\" \/><\/a><\/p>\n<p class=\"p1\">\n","protected":false},"excerpt":{"rendered":"<p>Mit acht Tafeln und einer Karte im Format A4, 52 Seiten, Softcover, 19,90 \u20ac \u00a0ISBN 978-3-937632-73-5 Kaufen bei Amazon INHALT Vorwort des Verlegers: 3 Vorwort: 3 Der nordasiatische Pfeil. Einleitung: 4 Der allgemeine Charakter des nordasiatischen Pfeils: 9 Material des &hellip; <a href=\"https:\/\/verlag.wiethase.de\/?page_id=107\">Weiterlesen <span class=\"meta-nav\">&rarr;<\/span><\/a><\/p>\n","protected":false},"author":1,"featured_media":125,"parent":383,"menu_order":0,"comment_status":"open","ping_status":"open","template":"showcase.php","meta":{"_monsterinsights_skip_tracking":false,"_monsterinsights_sitenote_active":false,"_monsterinsights_sitenote_note":"","_monsterinsights_sitenote_category":0,"footnotes":""},"class_list":["post-107","page","type-page","status-publish","has-post-thumbnail","hentry"],"yoast_head":"<!-- This site is optimized with the Yoast SEO plugin v27.4 - https:\/\/yoast.com\/product\/yoast-seo-wordpress\/ -->\n<title>Der Nordasiatische Pfeil - WiethaseVerlag<\/title>\n<meta name=\"robots\" content=\"index, follow, max-snippet:-1, max-image-preview:large, max-video-preview:-1\" \/>\n<link rel=\"canonical\" href=\"https:\/\/verlag.wiethase.de\/?page_id=107\" \/>\n<meta property=\"og:locale\" content=\"de_DE\" \/>\n<meta property=\"og:type\" content=\"article\" \/>\n<meta property=\"og:title\" content=\"Der Nordasiatische Pfeil - WiethaseVerlag\" \/>\n<meta property=\"og:description\" content=\"Mit acht Tafeln und einer Karte im Format A4, 52 Seiten, Softcover, 19,90 \u20ac \u00a0ISBN 978-3-937632-73-5 Kaufen bei Amazon INHALT Vorwort des Verlegers: 3 Vorwort: 3 Der nordasiatische Pfeil. Einleitung: 4 Der allgemeine Charakter des nordasiatischen Pfeils: 9 Material des &hellip; Weiterlesen &rarr;\" \/>\n<meta property=\"og:url\" content=\"https:\/\/verlag.wiethase.de\/?page_id=107\" \/>\n<meta property=\"og:site_name\" content=\"WiethaseVerlag\" \/>\n<meta property=\"article:publisher\" content=\"https:\/\/www.facebook.com\/profile.php?id=100063974142366\" \/>\n<meta property=\"article:modified_time\" content=\"2017-06-21T10:44:09+00:00\" \/>\n<meta property=\"og:image\" content=\"https:\/\/verlag.wiethase.de\/wp-content\/uploads\/2014\/09\/S.-T.-II-Fig.-1-4.jpg\" \/>\n\t<meta property=\"og:image:width\" content=\"2059\" \/>\n\t<meta property=\"og:image:height\" content=\"643\" \/>\n\t<meta property=\"og:image:type\" content=\"image\/jpeg\" \/>\n<meta name=\"twitter:card\" content=\"summary_large_image\" \/>\n<script type=\"application\/ld+json\" class=\"yoast-schema-graph\">{\"@context\":\"https:\\\/\\\/schema.org\",\"@graph\":[{\"@type\":\"WebPage\",\"@id\":\"https:\\\/\\\/verlag.wiethase.de\\\/?page_id=107\",\"url\":\"https:\\\/\\\/verlag.wiethase.de\\\/?page_id=107\",\"name\":\"Der Nordasiatische Pfeil - WiethaseVerlag\",\"isPartOf\":{\"@id\":\"https:\\\/\\\/verlag.wiethase.de\\\/#website\"},\"primaryImageOfPage\":{\"@id\":\"https:\\\/\\\/verlag.wiethase.de\\\/?page_id=107#primaryimage\"},\"image\":{\"@id\":\"https:\\\/\\\/verlag.wiethase.de\\\/?page_id=107#primaryimage\"},\"thumbnailUrl\":\"https:\\\/\\\/verlag.wiethase.de\\\/wp-content\\\/uploads\\\/2014\\\/09\\\/S.-T.-II-Fig.-1-4.jpg\",\"datePublished\":\"2014-09-07T06:58:55+00:00\",\"dateModified\":\"2017-06-21T10:44:09+00:00\",\"breadcrumb\":{\"@id\":\"https:\\\/\\\/verlag.wiethase.de\\\/?page_id=107#breadcrumb\"},\"inLanguage\":\"de\",\"potentialAction\":[{\"@type\":\"ReadAction\",\"target\":[\"https:\\\/\\\/verlag.wiethase.de\\\/?page_id=107\"]}]},{\"@type\":\"ImageObject\",\"inLanguage\":\"de\",\"@id\":\"https:\\\/\\\/verlag.wiethase.de\\\/?page_id=107#primaryimage\",\"url\":\"https:\\\/\\\/verlag.wiethase.de\\\/wp-content\\\/uploads\\\/2014\\\/09\\\/S.-T.-II-Fig.-1-4.jpg\",\"contentUrl\":\"https:\\\/\\\/verlag.wiethase.de\\\/wp-content\\\/uploads\\\/2014\\\/09\\\/S.-T.-II-Fig.-1-4.jpg\",\"width\":2059,\"height\":643},{\"@type\":\"BreadcrumbList\",\"@id\":\"https:\\\/\\\/verlag.wiethase.de\\\/?page_id=107#breadcrumb\",\"itemListElement\":[{\"@type\":\"ListItem\",\"position\":1,\"name\":\"Startseite\",\"item\":\"https:\\\/\\\/verlag.wiethase.de\\\/\"},{\"@type\":\"ListItem\",\"position\":2,\"name\":\"Bogen-B\u00fccher + DVD\",\"item\":\"https:\\\/\\\/verlag.wiethase.de\\\/?page_id=383\"},{\"@type\":\"ListItem\",\"position\":3,\"name\":\"Der Nordasiatische Pfeil\"}]},{\"@type\":\"WebSite\",\"@id\":\"https:\\\/\\\/verlag.wiethase.de\\\/#website\",\"url\":\"https:\\\/\\\/verlag.wiethase.de\\\/\",\"name\":\"WiethaseVerlag\",\"description\":\"B\u00fccher - DVD - H\u00f6rb\u00fccher\",\"publisher\":{\"@id\":\"https:\\\/\\\/verlag.wiethase.de\\\/#organization\"},\"potentialAction\":[{\"@type\":\"SearchAction\",\"target\":{\"@type\":\"EntryPoint\",\"urlTemplate\":\"https:\\\/\\\/verlag.wiethase.de\\\/?s={search_term_string}\"},\"query-input\":{\"@type\":\"PropertyValueSpecification\",\"valueRequired\":true,\"valueName\":\"search_term_string\"}}],\"inLanguage\":\"de\"},{\"@type\":\"Organization\",\"@id\":\"https:\\\/\\\/verlag.wiethase.de\\\/#organization\",\"name\":\"Wiethase Verlag\",\"url\":\"https:\\\/\\\/verlag.wiethase.de\\\/\",\"logo\":{\"@type\":\"ImageObject\",\"inLanguage\":\"de\",\"@id\":\"https:\\\/\\\/verlag.wiethase.de\\\/#\\\/schema\\\/logo\\\/image\\\/\",\"url\":\"https:\\\/\\\/verlag.wiethase.de\\\/wp-content\\\/uploads\\\/2022\\\/07\\\/logo-verlag.jpg\",\"contentUrl\":\"https:\\\/\\\/verlag.wiethase.de\\\/wp-content\\\/uploads\\\/2022\\\/07\\\/logo-verlag.jpg\",\"width\":790,\"height\":514,\"caption\":\"Wiethase Verlag\"},\"image\":{\"@id\":\"https:\\\/\\\/verlag.wiethase.de\\\/#\\\/schema\\\/logo\\\/image\\\/\"},\"sameAs\":[\"https:\\\/\\\/www.facebook.com\\\/profile.php?id=100063974142366\"]}]}<\/script>\n<!-- \/ Yoast SEO plugin. -->","yoast_head_json":{"title":"Der Nordasiatische Pfeil - WiethaseVerlag","robots":{"index":"index","follow":"follow","max-snippet":"max-snippet:-1","max-image-preview":"max-image-preview:large","max-video-preview":"max-video-preview:-1"},"canonical":"https:\/\/verlag.wiethase.de\/?page_id=107","og_locale":"de_DE","og_type":"article","og_title":"Der Nordasiatische Pfeil - WiethaseVerlag","og_description":"Mit acht Tafeln und einer Karte im Format A4, 52 Seiten, Softcover, 19,90 \u20ac \u00a0ISBN 978-3-937632-73-5 Kaufen bei Amazon INHALT Vorwort des Verlegers: 3 Vorwort: 3 Der nordasiatische Pfeil. Einleitung: 4 Der allgemeine Charakter des nordasiatischen Pfeils: 9 Material des &hellip; Weiterlesen &rarr;","og_url":"https:\/\/verlag.wiethase.de\/?page_id=107","og_site_name":"WiethaseVerlag","article_publisher":"https:\/\/www.facebook.com\/profile.php?id=100063974142366","article_modified_time":"2017-06-21T10:44:09+00:00","og_image":[{"width":2059,"height":643,"url":"https:\/\/verlag.wiethase.de\/wp-content\/uploads\/2014\/09\/S.-T.-II-Fig.-1-4.jpg","type":"image\/jpeg"}],"twitter_card":"summary_large_image","schema":{"@context":"https:\/\/schema.org","@graph":[{"@type":"WebPage","@id":"https:\/\/verlag.wiethase.de\/?page_id=107","url":"https:\/\/verlag.wiethase.de\/?page_id=107","name":"Der Nordasiatische Pfeil - WiethaseVerlag","isPartOf":{"@id":"https:\/\/verlag.wiethase.de\/#website"},"primaryImageOfPage":{"@id":"https:\/\/verlag.wiethase.de\/?page_id=107#primaryimage"},"image":{"@id":"https:\/\/verlag.wiethase.de\/?page_id=107#primaryimage"},"thumbnailUrl":"https:\/\/verlag.wiethase.de\/wp-content\/uploads\/2014\/09\/S.-T.-II-Fig.-1-4.jpg","datePublished":"2014-09-07T06:58:55+00:00","dateModified":"2017-06-21T10:44:09+00:00","breadcrumb":{"@id":"https:\/\/verlag.wiethase.de\/?page_id=107#breadcrumb"},"inLanguage":"de","potentialAction":[{"@type":"ReadAction","target":["https:\/\/verlag.wiethase.de\/?page_id=107"]}]},{"@type":"ImageObject","inLanguage":"de","@id":"https:\/\/verlag.wiethase.de\/?page_id=107#primaryimage","url":"https:\/\/verlag.wiethase.de\/wp-content\/uploads\/2014\/09\/S.-T.-II-Fig.-1-4.jpg","contentUrl":"https:\/\/verlag.wiethase.de\/wp-content\/uploads\/2014\/09\/S.-T.-II-Fig.-1-4.jpg","width":2059,"height":643},{"@type":"BreadcrumbList","@id":"https:\/\/verlag.wiethase.de\/?page_id=107#breadcrumb","itemListElement":[{"@type":"ListItem","position":1,"name":"Startseite","item":"https:\/\/verlag.wiethase.de\/"},{"@type":"ListItem","position":2,"name":"Bogen-B\u00fccher + DVD","item":"https:\/\/verlag.wiethase.de\/?page_id=383"},{"@type":"ListItem","position":3,"name":"Der Nordasiatische Pfeil"}]},{"@type":"WebSite","@id":"https:\/\/verlag.wiethase.de\/#website","url":"https:\/\/verlag.wiethase.de\/","name":"WiethaseVerlag","description":"B\u00fccher - DVD - H\u00f6rb\u00fccher","publisher":{"@id":"https:\/\/verlag.wiethase.de\/#organization"},"potentialAction":[{"@type":"SearchAction","target":{"@type":"EntryPoint","urlTemplate":"https:\/\/verlag.wiethase.de\/?s={search_term_string}"},"query-input":{"@type":"PropertyValueSpecification","valueRequired":true,"valueName":"search_term_string"}}],"inLanguage":"de"},{"@type":"Organization","@id":"https:\/\/verlag.wiethase.de\/#organization","name":"Wiethase Verlag","url":"https:\/\/verlag.wiethase.de\/","logo":{"@type":"ImageObject","inLanguage":"de","@id":"https:\/\/verlag.wiethase.de\/#\/schema\/logo\/image\/","url":"https:\/\/verlag.wiethase.de\/wp-content\/uploads\/2022\/07\/logo-verlag.jpg","contentUrl":"https:\/\/verlag.wiethase.de\/wp-content\/uploads\/2022\/07\/logo-verlag.jpg","width":790,"height":514,"caption":"Wiethase Verlag"},"image":{"@id":"https:\/\/verlag.wiethase.de\/#\/schema\/logo\/image\/"},"sameAs":["https:\/\/www.facebook.com\/profile.php?id=100063974142366"]}]}},"_links":{"self":[{"href":"https:\/\/verlag.wiethase.de\/index.php?rest_route=\/wp\/v2\/pages\/107","targetHints":{"allow":["GET"]}}],"collection":[{"href":"https:\/\/verlag.wiethase.de\/index.php?rest_route=\/wp\/v2\/pages"}],"about":[{"href":"https:\/\/verlag.wiethase.de\/index.php?rest_route=\/wp\/v2\/types\/page"}],"author":[{"embeddable":true,"href":"https:\/\/verlag.wiethase.de\/index.php?rest_route=\/wp\/v2\/users\/1"}],"replies":[{"embeddable":true,"href":"https:\/\/verlag.wiethase.de\/index.php?rest_route=%2Fwp%2Fv2%2Fcomments&post=107"}],"version-history":[{"count":3,"href":"https:\/\/verlag.wiethase.de\/index.php?rest_route=\/wp\/v2\/pages\/107\/revisions"}],"predecessor-version":[{"id":297,"href":"https:\/\/verlag.wiethase.de\/index.php?rest_route=\/wp\/v2\/pages\/107\/revisions\/297"}],"up":[{"embeddable":true,"href":"https:\/\/verlag.wiethase.de\/index.php?rest_route=\/wp\/v2\/pages\/383"}],"wp:featuredmedia":[{"embeddable":true,"href":"https:\/\/verlag.wiethase.de\/index.php?rest_route=\/wp\/v2\/media\/125"}],"wp:attachment":[{"href":"https:\/\/verlag.wiethase.de\/index.php?rest_route=%2Fwp%2Fv2%2Fmedia&parent=107"}],"curies":[{"name":"wp","href":"https:\/\/api.w.org\/{rel}","templated":true}]}}