{"id":1067,"date":"2024-07-19T17:54:39","date_gmt":"2024-07-19T17:54:39","guid":{"rendered":"https:\/\/verlag.wiethase.de\/?page_id=1067"},"modified":"2026-04-30T21:21:56","modified_gmt":"2026-04-30T21:21:56","slug":"entwicklung-und-gestaltung-einer-bewegungsorientierten-schulstruktur-durch-implementierung-von-bewegungs-und-aktivierungs-strategien","status":"publish","type":"page","link":"https:\/\/verlag.wiethase.de\/?page_id=1067","title":{"rendered":"Entwicklung und Gestaltung einer bewegungsorientierten Schulstruktur durch Implementierung von Bewegungs- und Aktivierungs-Strategien"},"content":{"rendered":"\n<p>von Dr. Florian Hartlieb Ed.D.<\/p>\n\n\n\n<figure class=\"wp-block-gallery has-nested-images columns-default is-cropped wp-block-gallery-1 is-layout-flex wp-block-gallery-is-layout-flex\">\n<figure class=\"wp-block-image size-large\"><a href=\"https:\/\/verlag.wiethase.de\/wp-content\/uploads\/2024\/07\/Florian-Thesis-Cover-ISBN-978-3-948396-37-4-3.jpg\"><img loading=\"lazy\" decoding=\"async\" width=\"674\" height=\"1024\" data-id=\"1068\" src=\"https:\/\/verlag.wiethase.de\/wp-content\/uploads\/2024\/07\/Florian-Thesis-Cover-ISBN-978-3-948396-37-4-3-674x1024.jpg\" alt=\"\" class=\"wp-image-1068\" srcset=\"https:\/\/verlag.wiethase.de\/wp-content\/uploads\/2024\/07\/Florian-Thesis-Cover-ISBN-978-3-948396-37-4-3-674x1024.jpg 674w, https:\/\/verlag.wiethase.de\/wp-content\/uploads\/2024\/07\/Florian-Thesis-Cover-ISBN-978-3-948396-37-4-3-300x456.jpg 300w, https:\/\/verlag.wiethase.de\/wp-content\/uploads\/2024\/07\/Florian-Thesis-Cover-ISBN-978-3-948396-37-4-3-197x300.jpg 197w, https:\/\/verlag.wiethase.de\/wp-content\/uploads\/2024\/07\/Florian-Thesis-Cover-ISBN-978-3-948396-37-4-3-768x1168.jpg 768w, https:\/\/verlag.wiethase.de\/wp-content\/uploads\/2024\/07\/Florian-Thesis-Cover-ISBN-978-3-948396-37-4-3.jpg 984w\" sizes=\"auto, (max-width: 674px) 100vw, 674px\" \/><\/a><\/figure>\n<\/figure>\n\n\n\n<figure class=\"wp-block-gallery has-nested-images columns-default is-cropped wp-block-gallery-2 is-layout-flex wp-block-gallery-is-layout-flex\">\n<figure class=\"wp-block-image size-large\"><a href=\"https:\/\/verlag.wiethase.de\/wp-content\/uploads\/2024\/07\/Florian-Thesis-verschoben-2.jpg\"><img loading=\"lazy\" decoding=\"async\" width=\"730\" height=\"1024\" data-id=\"1071\" src=\"https:\/\/verlag.wiethase.de\/wp-content\/uploads\/2024\/07\/Florian-Thesis-verschoben-2-730x1024.jpg\" alt=\"\" class=\"wp-image-1071\" srcset=\"https:\/\/verlag.wiethase.de\/wp-content\/uploads\/2024\/07\/Florian-Thesis-verschoben-2-730x1024.jpg 730w, https:\/\/verlag.wiethase.de\/wp-content\/uploads\/2024\/07\/Florian-Thesis-verschoben-2-300x421.jpg 300w, https:\/\/verlag.wiethase.de\/wp-content\/uploads\/2024\/07\/Florian-Thesis-verschoben-2-214x300.jpg 214w, https:\/\/verlag.wiethase.de\/wp-content\/uploads\/2024\/07\/Florian-Thesis-verschoben-2-768x1077.jpg 768w, https:\/\/verlag.wiethase.de\/wp-content\/uploads\/2024\/07\/Florian-Thesis-verschoben-2-1095x1536.jpg 1095w, https:\/\/verlag.wiethase.de\/wp-content\/uploads\/2024\/07\/Florian-Thesis-verschoben-2-1460x2048.jpg 1460w, https:\/\/verlag.wiethase.de\/wp-content\/uploads\/2024\/07\/Florian-Thesis-verschoben-2.jpg 1819w\" sizes=\"auto, (max-width: 730px) 100vw, 730px\" \/><\/a><\/figure>\n\n\n\n<figure class=\"wp-block-image size-large\"><a href=\"https:\/\/verlag.wiethase.de\/wp-content\/uploads\/2024\/07\/Florian-Thesis-verschoben-3.jpg\"><img loading=\"lazy\" decoding=\"async\" width=\"730\" height=\"1024\" data-id=\"1069\" src=\"https:\/\/verlag.wiethase.de\/wp-content\/uploads\/2024\/07\/Florian-Thesis-verschoben-3-730x1024.jpg\" alt=\"\" class=\"wp-image-1069\" srcset=\"https:\/\/verlag.wiethase.de\/wp-content\/uploads\/2024\/07\/Florian-Thesis-verschoben-3-730x1024.jpg 730w, https:\/\/verlag.wiethase.de\/wp-content\/uploads\/2024\/07\/Florian-Thesis-verschoben-3-300x421.jpg 300w, https:\/\/verlag.wiethase.de\/wp-content\/uploads\/2024\/07\/Florian-Thesis-verschoben-3-214x300.jpg 214w, https:\/\/verlag.wiethase.de\/wp-content\/uploads\/2024\/07\/Florian-Thesis-verschoben-3-768x1077.jpg 768w, https:\/\/verlag.wiethase.de\/wp-content\/uploads\/2024\/07\/Florian-Thesis-verschoben-3-1095x1536.jpg 1095w, https:\/\/verlag.wiethase.de\/wp-content\/uploads\/2024\/07\/Florian-Thesis-verschoben-3-1460x2048.jpg 1460w, https:\/\/verlag.wiethase.de\/wp-content\/uploads\/2024\/07\/Florian-Thesis-verschoben-3.jpg 1819w\" sizes=\"auto, (max-width: 730px) 100vw, 730px\" \/><\/a><\/figure>\n\n\n\n<figure class=\"wp-block-image size-large\"><a href=\"https:\/\/verlag.wiethase.de\/wp-content\/uploads\/2024\/07\/Florian-Thesis-verschoben-4.jpg\"><img loading=\"lazy\" decoding=\"async\" width=\"730\" height=\"1024\" data-id=\"1070\" src=\"https:\/\/verlag.wiethase.de\/wp-content\/uploads\/2024\/07\/Florian-Thesis-verschoben-4-730x1024.jpg\" alt=\"\" class=\"wp-image-1070\" srcset=\"https:\/\/verlag.wiethase.de\/wp-content\/uploads\/2024\/07\/Florian-Thesis-verschoben-4-730x1024.jpg 730w, https:\/\/verlag.wiethase.de\/wp-content\/uploads\/2024\/07\/Florian-Thesis-verschoben-4-300x421.jpg 300w, https:\/\/verlag.wiethase.de\/wp-content\/uploads\/2024\/07\/Florian-Thesis-verschoben-4-214x300.jpg 214w, https:\/\/verlag.wiethase.de\/wp-content\/uploads\/2024\/07\/Florian-Thesis-verschoben-4-768x1077.jpg 768w, https:\/\/verlag.wiethase.de\/wp-content\/uploads\/2024\/07\/Florian-Thesis-verschoben-4-1095x1536.jpg 1095w, https:\/\/verlag.wiethase.de\/wp-content\/uploads\/2024\/07\/Florian-Thesis-verschoben-4-1460x2048.jpg 1460w, https:\/\/verlag.wiethase.de\/wp-content\/uploads\/2024\/07\/Florian-Thesis-verschoben-4.jpg 1819w\" sizes=\"auto, (max-width: 730px) 100vw, 730px\" \/><\/a><\/figure>\n<\/figure>\n\n\n\n<p>ISBN 978-3-948396-37-4 60 Seiten, A5, Softcover, Fadenheftung, 12.&#8211; \u20ac<\/p>\n\n\n\n<p><br><strong><br><strong><p class=\"product woocommerce add_to_cart_inline \" style=\"border:4px solid #ccc; padding: 12px;\"><span class=\"woocommerce-Price-amount amount\"><bdi>12,00&nbsp;<span class=\"woocommerce-Price-currencySymbol\">&euro;<\/span><\/bdi><\/span><a href=\"\/index.php?rest_route=%2Fwp%2Fv2%2Fpages%2F1067&#038;add-to-cart=1315\" aria-describedby=\"woocommerce_loop_add_to_cart_link_describedby_1315\" data-quantity=\"1\" class=\"button product_type_simple add_to_cart_button ajax_add_to_cart\" data-product_id=\"1315\" data-product_sku=\"\" aria-label=\"In den Warenkorb legen: \u201eEntwicklung und Gestaltung einer bewegungsorientierten Schulstruktur durch Implementierung von Bewegungs- und Aktivierungs-Strategien\u201c\" rel=\"nofollow\" data-success_message=\"\u201eEntwicklung und Gestaltung einer bewegungsorientierten Schulstruktur durch Implementierung von Bewegungs- und Aktivierungs-Strategien\u201c wurde deinem Warenkorb hinzugef\u00fcgt\" role=\"button\">In den Warenkorb<\/a>\t<span id=\"woocommerce_loop_add_to_cart_link_describedby_1315\" class=\"screen-reader-text\">\n\t\t\t<\/span>\n<\/p><\/strong><\/strong><\/p>\n","protected":false},"excerpt":{"rendered":"<p>von Dr. Florian Hartlieb Ed.D. ISBN 978-3-948396-37-4 60 Seiten, A5, Softcover, Fadenheftung, 12.&#8211; \u20ac<\/p>\n","protected":false},"author":1,"featured_media":0,"parent":699,"menu_order":0,"comment_status":"closed","ping_status":"closed","template":"","meta":{"_monsterinsights_skip_tracking":false,"_monsterinsights_sitenote_active":false,"_monsterinsights_sitenote_note":"","_monsterinsights_sitenote_category":0,"footnotes":""},"class_list":["post-1067","page","type-page","status-publish","hentry"],"yoast_head":"<!-- This site is optimized with the Yoast SEO plugin v27.5 - https:\/\/yoast.com\/product\/yoast-seo-wordpress\/ -->\n<title>Entwicklung und Gestaltung einer bewegungsorientierten Schulstruktur durch Implementierung von Bewegungs- und Aktivierungs-Strategien - WiethaseVerlag Entwicklung und Gestaltung einer bewegungsorientierten Schulstruktur durch Implementierung von Bewegungs- und Aktivierungs-Strategien<\/title>\n<meta name=\"robots\" content=\"index, follow, max-snippet:-1, max-image-preview:large, max-video-preview:-1\" \/>\n<link rel=\"canonical\" href=\"https:\/\/verlag.wiethase.de\/?page_id=1067\" \/>\n<meta property=\"og:locale\" content=\"de_DE\" \/>\n<meta property=\"og:type\" content=\"article\" \/>\n<meta property=\"og:title\" content=\"Entwicklung und Gestaltung einer bewegungsorientierten Schulstruktur durch Implementierung von Bewegungs- und Aktivierungs-Strategien - WiethaseVerlag Entwicklung und Gestaltung einer bewegungsorientierten Schulstruktur durch Implementierung von Bewegungs- und Aktivierungs-Strategien\" \/>\n<meta property=\"og:description\" content=\"von Dr. Florian Hartlieb Ed.D. ISBN 978-3-948396-37-4 60 Seiten, A5, Softcover, Fadenheftung, 12.&#8211; \u20ac\" \/>\n<meta property=\"og:url\" content=\"https:\/\/verlag.wiethase.de\/?page_id=1067\" \/>\n<meta property=\"og:site_name\" content=\"WiethaseVerlag\" \/>\n<meta property=\"article:publisher\" content=\"https:\/\/www.facebook.com\/profile.php?id=100063974142366\" \/>\n<meta property=\"article:modified_time\" content=\"2026-04-30T21:21:56+00:00\" \/>\n<meta property=\"og:image\" content=\"https:\/\/verlag.wiethase.de\/wp-content\/uploads\/2024\/07\/Florian-Thesis-Cover-ISBN-978-3-948396-37-4-3.jpg\" \/>\n\t<meta property=\"og:image:width\" content=\"984\" \/>\n\t<meta property=\"og:image:height\" content=\"1496\" \/>\n\t<meta property=\"og:image:type\" content=\"image\/jpeg\" \/>\n<meta name=\"twitter:card\" content=\"summary_large_image\" \/>\n<meta name=\"twitter:label1\" content=\"Gesch\u00e4tzte Lesezeit\" \/>\n\t<meta name=\"twitter:data1\" content=\"1\u00a0Minute\" \/>\n<script type=\"application\/ld+json\" class=\"yoast-schema-graph\">{\"@context\":\"https:\\\/\\\/schema.org\",\"@graph\":[{\"@type\":\"WebPage\",\"@id\":\"https:\\\/\\\/verlag.wiethase.de\\\/?page_id=1067\",\"url\":\"https:\\\/\\\/verlag.wiethase.de\\\/?page_id=1067\",\"name\":\"Entwicklung und Gestaltung einer bewegungsorientierten Schulstruktur durch Implementierung von Bewegungs- und Aktivierungs-Strategien - WiethaseVerlag Entwicklung und Gestaltung einer bewegungsorientierten Schulstruktur durch Implementierung von Bewegungs- und Aktivierungs-Strategien\",\"isPartOf\":{\"@id\":\"https:\\\/\\\/verlag.wiethase.de\\\/#website\"},\"primaryImageOfPage\":{\"@id\":\"https:\\\/\\\/verlag.wiethase.de\\\/?page_id=1067#primaryimage\"},\"image\":{\"@id\":\"https:\\\/\\\/verlag.wiethase.de\\\/?page_id=1067#primaryimage\"},\"thumbnailUrl\":\"https:\\\/\\\/verlag.wiethase.de\\\/wp-content\\\/uploads\\\/2024\\\/07\\\/Florian-Thesis-Cover-ISBN-978-3-948396-37-4-3-674x1024.jpg\",\"datePublished\":\"2024-07-19T17:54:39+00:00\",\"dateModified\":\"2026-04-30T21:21:56+00:00\",\"breadcrumb\":{\"@id\":\"https:\\\/\\\/verlag.wiethase.de\\\/?page_id=1067#breadcrumb\"},\"inLanguage\":\"de\",\"potentialAction\":[{\"@type\":\"ReadAction\",\"target\":[\"https:\\\/\\\/verlag.wiethase.de\\\/?page_id=1067\"]}]},{\"@type\":\"ImageObject\",\"inLanguage\":\"de\",\"@id\":\"https:\\\/\\\/verlag.wiethase.de\\\/?page_id=1067#primaryimage\",\"url\":\"https:\\\/\\\/verlag.wiethase.de\\\/wp-content\\\/uploads\\\/2024\\\/07\\\/Florian-Thesis-Cover-ISBN-978-3-948396-37-4-3.jpg\",\"contentUrl\":\"https:\\\/\\\/verlag.wiethase.de\\\/wp-content\\\/uploads\\\/2024\\\/07\\\/Florian-Thesis-Cover-ISBN-978-3-948396-37-4-3.jpg\",\"width\":984,\"height\":1496},{\"@type\":\"BreadcrumbList\",\"@id\":\"https:\\\/\\\/verlag.wiethase.de\\\/?page_id=1067#breadcrumb\",\"itemListElement\":[{\"@type\":\"ListItem\",\"position\":1,\"name\":\"Startseite\",\"item\":\"https:\\\/\\\/verlag.wiethase.de\\\/\"},{\"@type\":\"ListItem\",\"position\":2,\"name\":\"Handb\u00fccher\",\"item\":\"https:\\\/\\\/verlag.wiethase.de\\\/?page_id=699\"},{\"@type\":\"ListItem\",\"position\":3,\"name\":\"Entwicklung und Gestaltung einer bewegungsorientierten Schulstruktur durch Implementierung von Bewegungs- und Aktivierungs-Strategien\"}]},{\"@type\":\"WebSite\",\"@id\":\"https:\\\/\\\/verlag.wiethase.de\\\/#website\",\"url\":\"https:\\\/\\\/verlag.wiethase.de\\\/\",\"name\":\"WiethaseVerlag\",\"description\":\"B\u00fccher - DVD - H\u00f6rb\u00fccher\",\"publisher\":{\"@id\":\"https:\\\/\\\/verlag.wiethase.de\\\/#organization\"},\"potentialAction\":[{\"@type\":\"SearchAction\",\"target\":{\"@type\":\"EntryPoint\",\"urlTemplate\":\"https:\\\/\\\/verlag.wiethase.de\\\/?s={search_term_string}\"},\"query-input\":{\"@type\":\"PropertyValueSpecification\",\"valueRequired\":true,\"valueName\":\"search_term_string\"}}],\"inLanguage\":\"de\"},{\"@type\":\"Organization\",\"@id\":\"https:\\\/\\\/verlag.wiethase.de\\\/#organization\",\"name\":\"Wiethase Verlag\",\"url\":\"https:\\\/\\\/verlag.wiethase.de\\\/\",\"logo\":{\"@type\":\"ImageObject\",\"inLanguage\":\"de\",\"@id\":\"https:\\\/\\\/verlag.wiethase.de\\\/#\\\/schema\\\/logo\\\/image\\\/\",\"url\":\"https:\\\/\\\/verlag.wiethase.de\\\/wp-content\\\/uploads\\\/2022\\\/07\\\/logo-verlag.jpg\",\"contentUrl\":\"https:\\\/\\\/verlag.wiethase.de\\\/wp-content\\\/uploads\\\/2022\\\/07\\\/logo-verlag.jpg\",\"width\":790,\"height\":514,\"caption\":\"Wiethase Verlag\"},\"image\":{\"@id\":\"https:\\\/\\\/verlag.wiethase.de\\\/#\\\/schema\\\/logo\\\/image\\\/\"},\"sameAs\":[\"https:\\\/\\\/www.facebook.com\\\/profile.php?id=100063974142366\"]}]}<\/script>\n<!-- \/ Yoast SEO plugin. -->","yoast_head_json":{"title":"Entwicklung und Gestaltung einer bewegungsorientierten Schulstruktur durch Implementierung von Bewegungs- und Aktivierungs-Strategien - WiethaseVerlag Entwicklung und Gestaltung einer bewegungsorientierten Schulstruktur durch Implementierung von Bewegungs- und Aktivierungs-Strategien","robots":{"index":"index","follow":"follow","max-snippet":"max-snippet:-1","max-image-preview":"max-image-preview:large","max-video-preview":"max-video-preview:-1"},"canonical":"https:\/\/verlag.wiethase.de\/?page_id=1067","og_locale":"de_DE","og_type":"article","og_title":"Entwicklung und Gestaltung einer bewegungsorientierten Schulstruktur durch Implementierung von Bewegungs- und Aktivierungs-Strategien - WiethaseVerlag Entwicklung und Gestaltung einer bewegungsorientierten Schulstruktur durch Implementierung von Bewegungs- und Aktivierungs-Strategien","og_description":"von Dr. Florian Hartlieb Ed.D. ISBN 978-3-948396-37-4 60 Seiten, A5, Softcover, Fadenheftung, 12.&#8211; \u20ac","og_url":"https:\/\/verlag.wiethase.de\/?page_id=1067","og_site_name":"WiethaseVerlag","article_publisher":"https:\/\/www.facebook.com\/profile.php?id=100063974142366","article_modified_time":"2026-04-30T21:21:56+00:00","og_image":[{"width":984,"height":1496,"url":"https:\/\/verlag.wiethase.de\/wp-content\/uploads\/2024\/07\/Florian-Thesis-Cover-ISBN-978-3-948396-37-4-3.jpg","type":"image\/jpeg"}],"twitter_card":"summary_large_image","twitter_misc":{"Gesch\u00e4tzte Lesezeit":"1\u00a0Minute"},"schema":{"@context":"https:\/\/schema.org","@graph":[{"@type":"WebPage","@id":"https:\/\/verlag.wiethase.de\/?page_id=1067","url":"https:\/\/verlag.wiethase.de\/?page_id=1067","name":"Entwicklung und Gestaltung einer bewegungsorientierten Schulstruktur durch Implementierung von Bewegungs- und Aktivierungs-Strategien - WiethaseVerlag Entwicklung und Gestaltung einer bewegungsorientierten Schulstruktur durch Implementierung von Bewegungs- und Aktivierungs-Strategien","isPartOf":{"@id":"https:\/\/verlag.wiethase.de\/#website"},"primaryImageOfPage":{"@id":"https:\/\/verlag.wiethase.de\/?page_id=1067#primaryimage"},"image":{"@id":"https:\/\/verlag.wiethase.de\/?page_id=1067#primaryimage"},"thumbnailUrl":"https:\/\/verlag.wiethase.de\/wp-content\/uploads\/2024\/07\/Florian-Thesis-Cover-ISBN-978-3-948396-37-4-3-674x1024.jpg","datePublished":"2024-07-19T17:54:39+00:00","dateModified":"2026-04-30T21:21:56+00:00","breadcrumb":{"@id":"https:\/\/verlag.wiethase.de\/?page_id=1067#breadcrumb"},"inLanguage":"de","potentialAction":[{"@type":"ReadAction","target":["https:\/\/verlag.wiethase.de\/?page_id=1067"]}]},{"@type":"ImageObject","inLanguage":"de","@id":"https:\/\/verlag.wiethase.de\/?page_id=1067#primaryimage","url":"https:\/\/verlag.wiethase.de\/wp-content\/uploads\/2024\/07\/Florian-Thesis-Cover-ISBN-978-3-948396-37-4-3.jpg","contentUrl":"https:\/\/verlag.wiethase.de\/wp-content\/uploads\/2024\/07\/Florian-Thesis-Cover-ISBN-978-3-948396-37-4-3.jpg","width":984,"height":1496},{"@type":"BreadcrumbList","@id":"https:\/\/verlag.wiethase.de\/?page_id=1067#breadcrumb","itemListElement":[{"@type":"ListItem","position":1,"name":"Startseite","item":"https:\/\/verlag.wiethase.de\/"},{"@type":"ListItem","position":2,"name":"Handb\u00fccher","item":"https:\/\/verlag.wiethase.de\/?page_id=699"},{"@type":"ListItem","position":3,"name":"Entwicklung und Gestaltung einer bewegungsorientierten Schulstruktur durch Implementierung von Bewegungs- und Aktivierungs-Strategien"}]},{"@type":"WebSite","@id":"https:\/\/verlag.wiethase.de\/#website","url":"https:\/\/verlag.wiethase.de\/","name":"WiethaseVerlag","description":"B\u00fccher - DVD - H\u00f6rb\u00fccher","publisher":{"@id":"https:\/\/verlag.wiethase.de\/#organization"},"potentialAction":[{"@type":"SearchAction","target":{"@type":"EntryPoint","urlTemplate":"https:\/\/verlag.wiethase.de\/?s={search_term_string}"},"query-input":{"@type":"PropertyValueSpecification","valueRequired":true,"valueName":"search_term_string"}}],"inLanguage":"de"},{"@type":"Organization","@id":"https:\/\/verlag.wiethase.de\/#organization","name":"Wiethase Verlag","url":"https:\/\/verlag.wiethase.de\/","logo":{"@type":"ImageObject","inLanguage":"de","@id":"https:\/\/verlag.wiethase.de\/#\/schema\/logo\/image\/","url":"https:\/\/verlag.wiethase.de\/wp-content\/uploads\/2022\/07\/logo-verlag.jpg","contentUrl":"https:\/\/verlag.wiethase.de\/wp-content\/uploads\/2022\/07\/logo-verlag.jpg","width":790,"height":514,"caption":"Wiethase Verlag"},"image":{"@id":"https:\/\/verlag.wiethase.de\/#\/schema\/logo\/image\/"},"sameAs":["https:\/\/www.facebook.com\/profile.php?id=100063974142366"]}]}},"jetpack_sharing_enabled":true,"_links":{"self":[{"href":"https:\/\/verlag.wiethase.de\/index.php?rest_route=\/wp\/v2\/pages\/1067","targetHints":{"allow":["GET"]}}],"collection":[{"href":"https:\/\/verlag.wiethase.de\/index.php?rest_route=\/wp\/v2\/pages"}],"about":[{"href":"https:\/\/verlag.wiethase.de\/index.php?rest_route=\/wp\/v2\/types\/page"}],"author":[{"embeddable":true,"href":"https:\/\/verlag.wiethase.de\/index.php?rest_route=\/wp\/v2\/users\/1"}],"replies":[{"embeddable":true,"href":"https:\/\/verlag.wiethase.de\/index.php?rest_route=%2Fwp%2Fv2%2Fcomments&post=1067"}],"version-history":[{"count":4,"href":"https:\/\/verlag.wiethase.de\/index.php?rest_route=\/wp\/v2\/pages\/1067\/revisions"}],"predecessor-version":[{"id":1381,"href":"https:\/\/verlag.wiethase.de\/index.php?rest_route=\/wp\/v2\/pages\/1067\/revisions\/1381"}],"up":[{"embeddable":true,"href":"https:\/\/verlag.wiethase.de\/index.php?rest_route=\/wp\/v2\/pages\/699"}],"wp:attachment":[{"href":"https:\/\/verlag.wiethase.de\/index.php?rest_route=%2Fwp%2Fv2%2Fmedia&parent=1067"}],"curies":[{"name":"wp","href":"https:\/\/api.w.org\/{rel}","templated":true}]}}