{"id":1054,"date":"2024-06-10T20:04:30","date_gmt":"2024-06-10T20:04:30","guid":{"rendered":"https:\/\/verlag.wiethase.de\/?page_id=1054"},"modified":"2024-06-10T20:05:11","modified_gmt":"2024-06-10T20:05:11","slug":"bows-and-arrows-of-eastern-and-northern-europe-and-central-and-northern-asia","status":"publish","type":"page","link":"https:\/\/verlag.wiethase.de\/?page_id=1054","title":{"rendered":"Bows and Arrows of Eastern and Northern Europe, and Central- and Northern Asia &#8211; Volume 2"},"content":{"rendered":"\n<p>This is the second of the two volumes about this topic.<\/p>\n\n\n\n<figure class=\"wp-block-image size-large is-resized\"><a href=\"https:\/\/verlag.wiethase.de\/wp-content\/uploads\/2024\/06\/Nordasienbuch-Umschlag-Band-2-Englisch-scaled.jpg\"><img loading=\"lazy\" decoding=\"async\" width=\"718\" height=\"1024\" src=\"https:\/\/verlag.wiethase.de\/wp-content\/uploads\/2024\/06\/Nordasienbuch-Umschlag-Band-2-Englisch-718x1024.jpg\" alt=\"\" class=\"wp-image-1055\" style=\"width:614px;height:auto\" srcset=\"https:\/\/verlag.wiethase.de\/wp-content\/uploads\/2024\/06\/Nordasienbuch-Umschlag-Band-2-Englisch-718x1024.jpg 718w, https:\/\/verlag.wiethase.de\/wp-content\/uploads\/2024\/06\/Nordasienbuch-Umschlag-Band-2-Englisch-210x300.jpg 210w, https:\/\/verlag.wiethase.de\/wp-content\/uploads\/2024\/06\/Nordasienbuch-Umschlag-Band-2-Englisch-768x1096.jpg 768w, https:\/\/verlag.wiethase.de\/wp-content\/uploads\/2024\/06\/Nordasienbuch-Umschlag-Band-2-Englisch-1077x1536.jpg 1077w, https:\/\/verlag.wiethase.de\/wp-content\/uploads\/2024\/06\/Nordasienbuch-Umschlag-Band-2-Englisch-1436x2048.jpg 1436w, https:\/\/verlag.wiethase.de\/wp-content\/uploads\/2024\/06\/Nordasienbuch-Umschlag-Band-2-Englisch-scaled.jpg 1794w\" sizes=\"auto, (max-width: 718px) 100vw, 718px\" \/><\/a><\/figure>\n\n\n\n<figure class=\"wp-block-image size-large\"><a href=\"https:\/\/verlag.wiethase.de\/wp-content\/uploads\/2024\/06\/Nordasienbuch-back-cover-Band-2-Englisch-2-scaled.jpg\"><img loading=\"lazy\" decoding=\"async\" width=\"726\" height=\"1024\" src=\"https:\/\/verlag.wiethase.de\/wp-content\/uploads\/2024\/06\/Nordasienbuch-back-cover-Band-2-Englisch-2-726x1024.jpg\" alt=\"\" class=\"wp-image-1056\" srcset=\"https:\/\/verlag.wiethase.de\/wp-content\/uploads\/2024\/06\/Nordasienbuch-back-cover-Band-2-Englisch-2-726x1024.jpg 726w, https:\/\/verlag.wiethase.de\/wp-content\/uploads\/2024\/06\/Nordasienbuch-back-cover-Band-2-Englisch-2-213x300.jpg 213w, https:\/\/verlag.wiethase.de\/wp-content\/uploads\/2024\/06\/Nordasienbuch-back-cover-Band-2-Englisch-2-768x1084.jpg 768w, https:\/\/verlag.wiethase.de\/wp-content\/uploads\/2024\/06\/Nordasienbuch-back-cover-Band-2-Englisch-2-1088x1536.jpg 1088w, https:\/\/verlag.wiethase.de\/wp-content\/uploads\/2024\/06\/Nordasienbuch-back-cover-Band-2-Englisch-2-1451x2048.jpg 1451w, https:\/\/verlag.wiethase.de\/wp-content\/uploads\/2024\/06\/Nordasienbuch-back-cover-Band-2-Englisch-2-scaled.jpg 1814w\" sizes=\"auto, (max-width: 726px) 100vw, 726px\" \/><\/a><\/figure>\n\n\n\n<figure class=\"wp-block-gallery has-nested-images columns-default is-cropped wp-block-gallery-1 is-layout-flex wp-block-gallery-is-layout-flex\">\n<figure class=\"wp-block-image size-large\"><a href=\"https:\/\/verlag.wiethase.de\/wp-content\/uploads\/2024\/06\/Nordasienbuch-englisch-Buch-2-verschoben-2-scaled.jpg\"><img loading=\"lazy\" decoding=\"async\" width=\"730\" height=\"1024\" data-id=\"1061\" src=\"https:\/\/verlag.wiethase.de\/wp-content\/uploads\/2024\/06\/Nordasienbuch-englisch-Buch-2-verschoben-2-730x1024.jpg\" alt=\"\" class=\"wp-image-1061\" srcset=\"https:\/\/verlag.wiethase.de\/wp-content\/uploads\/2024\/06\/Nordasienbuch-englisch-Buch-2-verschoben-2-730x1024.jpg 730w, https:\/\/verlag.wiethase.de\/wp-content\/uploads\/2024\/06\/Nordasienbuch-englisch-Buch-2-verschoben-2-214x300.jpg 214w, https:\/\/verlag.wiethase.de\/wp-content\/uploads\/2024\/06\/Nordasienbuch-englisch-Buch-2-verschoben-2-768x1077.jpg 768w, https:\/\/verlag.wiethase.de\/wp-content\/uploads\/2024\/06\/Nordasienbuch-englisch-Buch-2-verschoben-2-1095x1536.jpg 1095w, https:\/\/verlag.wiethase.de\/wp-content\/uploads\/2024\/06\/Nordasienbuch-englisch-Buch-2-verschoben-2-1460x2048.jpg 1460w, https:\/\/verlag.wiethase.de\/wp-content\/uploads\/2024\/06\/Nordasienbuch-englisch-Buch-2-verschoben-2-scaled.jpg 1825w\" sizes=\"auto, (max-width: 730px) 100vw, 730px\" \/><\/a><\/figure>\n\n\n\n<figure class=\"wp-block-image size-large\"><a href=\"https:\/\/verlag.wiethase.de\/wp-content\/uploads\/2024\/06\/Nordasienbuch-englisch-Buch-2-verschoben-3-scaled.jpg\"><img loading=\"lazy\" decoding=\"async\" width=\"730\" height=\"1024\" data-id=\"1058\" src=\"https:\/\/verlag.wiethase.de\/wp-content\/uploads\/2024\/06\/Nordasienbuch-englisch-Buch-2-verschoben-3-730x1024.jpg\" alt=\"\" class=\"wp-image-1058\" srcset=\"https:\/\/verlag.wiethase.de\/wp-content\/uploads\/2024\/06\/Nordasienbuch-englisch-Buch-2-verschoben-3-730x1024.jpg 730w, https:\/\/verlag.wiethase.de\/wp-content\/uploads\/2024\/06\/Nordasienbuch-englisch-Buch-2-verschoben-3-214x300.jpg 214w, https:\/\/verlag.wiethase.de\/wp-content\/uploads\/2024\/06\/Nordasienbuch-englisch-Buch-2-verschoben-3-768x1077.jpg 768w, https:\/\/verlag.wiethase.de\/wp-content\/uploads\/2024\/06\/Nordasienbuch-englisch-Buch-2-verschoben-3-1095x1536.jpg 1095w, https:\/\/verlag.wiethase.de\/wp-content\/uploads\/2024\/06\/Nordasienbuch-englisch-Buch-2-verschoben-3-1460x2048.jpg 1460w, https:\/\/verlag.wiethase.de\/wp-content\/uploads\/2024\/06\/Nordasienbuch-englisch-Buch-2-verschoben-3-scaled.jpg 1825w\" sizes=\"auto, (max-width: 730px) 100vw, 730px\" \/><\/a><\/figure>\n\n\n\n<figure class=\"wp-block-image size-large\"><a href=\"https:\/\/verlag.wiethase.de\/wp-content\/uploads\/2024\/06\/Nordasienbuch-englisch-Buch-2-verschoben-4-scaled.jpg\"><img loading=\"lazy\" decoding=\"async\" width=\"730\" height=\"1024\" data-id=\"1057\" src=\"https:\/\/verlag.wiethase.de\/wp-content\/uploads\/2024\/06\/Nordasienbuch-englisch-Buch-2-verschoben-4-730x1024.jpg\" alt=\"\" class=\"wp-image-1057\" srcset=\"https:\/\/verlag.wiethase.de\/wp-content\/uploads\/2024\/06\/Nordasienbuch-englisch-Buch-2-verschoben-4-730x1024.jpg 730w, https:\/\/verlag.wiethase.de\/wp-content\/uploads\/2024\/06\/Nordasienbuch-englisch-Buch-2-verschoben-4-214x300.jpg 214w, https:\/\/verlag.wiethase.de\/wp-content\/uploads\/2024\/06\/Nordasienbuch-englisch-Buch-2-verschoben-4-768x1077.jpg 768w, https:\/\/verlag.wiethase.de\/wp-content\/uploads\/2024\/06\/Nordasienbuch-englisch-Buch-2-verschoben-4-1095x1536.jpg 1095w, https:\/\/verlag.wiethase.de\/wp-content\/uploads\/2024\/06\/Nordasienbuch-englisch-Buch-2-verschoben-4-1460x2048.jpg 1460w, https:\/\/verlag.wiethase.de\/wp-content\/uploads\/2024\/06\/Nordasienbuch-englisch-Buch-2-verschoben-4-scaled.jpg 1825w\" sizes=\"auto, (max-width: 730px) 100vw, 730px\" \/><\/a><\/figure>\n\n\n\n<figure class=\"wp-block-image size-large\"><a href=\"https:\/\/verlag.wiethase.de\/wp-content\/uploads\/2024\/06\/Nordasienbuch-englisch-Buch-2-verschoben-5-scaled.jpg\"><img loading=\"lazy\" decoding=\"async\" width=\"730\" height=\"1024\" data-id=\"1059\" src=\"https:\/\/verlag.wiethase.de\/wp-content\/uploads\/2024\/06\/Nordasienbuch-englisch-Buch-2-verschoben-5-730x1024.jpg\" alt=\"\" class=\"wp-image-1059\" srcset=\"https:\/\/verlag.wiethase.de\/wp-content\/uploads\/2024\/06\/Nordasienbuch-englisch-Buch-2-verschoben-5-730x1024.jpg 730w, https:\/\/verlag.wiethase.de\/wp-content\/uploads\/2024\/06\/Nordasienbuch-englisch-Buch-2-verschoben-5-214x300.jpg 214w, https:\/\/verlag.wiethase.de\/wp-content\/uploads\/2024\/06\/Nordasienbuch-englisch-Buch-2-verschoben-5-768x1077.jpg 768w, https:\/\/verlag.wiethase.de\/wp-content\/uploads\/2024\/06\/Nordasienbuch-englisch-Buch-2-verschoben-5-1095x1536.jpg 1095w, https:\/\/verlag.wiethase.de\/wp-content\/uploads\/2024\/06\/Nordasienbuch-englisch-Buch-2-verschoben-5-1460x2048.jpg 1460w, https:\/\/verlag.wiethase.de\/wp-content\/uploads\/2024\/06\/Nordasienbuch-englisch-Buch-2-verschoben-5-scaled.jpg 1825w\" sizes=\"auto, (max-width: 730px) 100vw, 730px\" \/><\/a><\/figure>\n\n\n\n<figure class=\"wp-block-image size-large\"><a href=\"https:\/\/verlag.wiethase.de\/wp-content\/uploads\/2024\/06\/Nordasienbuch-englisch-Buch-2-verschoben-scaled.jpg\"><img loading=\"lazy\" decoding=\"async\" width=\"730\" height=\"1024\" data-id=\"1060\" src=\"https:\/\/verlag.wiethase.de\/wp-content\/uploads\/2024\/06\/Nordasienbuch-englisch-Buch-2-verschoben-730x1024.jpg\" alt=\"\" class=\"wp-image-1060\" srcset=\"https:\/\/verlag.wiethase.de\/wp-content\/uploads\/2024\/06\/Nordasienbuch-englisch-Buch-2-verschoben-730x1024.jpg 730w, https:\/\/verlag.wiethase.de\/wp-content\/uploads\/2024\/06\/Nordasienbuch-englisch-Buch-2-verschoben-214x300.jpg 214w, https:\/\/verlag.wiethase.de\/wp-content\/uploads\/2024\/06\/Nordasienbuch-englisch-Buch-2-verschoben-768x1077.jpg 768w, https:\/\/verlag.wiethase.de\/wp-content\/uploads\/2024\/06\/Nordasienbuch-englisch-Buch-2-verschoben-1095x1536.jpg 1095w, https:\/\/verlag.wiethase.de\/wp-content\/uploads\/2024\/06\/Nordasienbuch-englisch-Buch-2-verschoben-1460x2048.jpg 1460w, https:\/\/verlag.wiethase.de\/wp-content\/uploads\/2024\/06\/Nordasienbuch-englisch-Buch-2-verschoben-scaled.jpg 1825w\" sizes=\"auto, (max-width: 730px) 100vw, 730px\" \/><\/a><\/figure>\n<\/figure>\n\n\n\n<p>With <strong>more than 710 illustrations, many in colour, as well as 18 plates and 14 maps over 200 pages.<\/strong><\/p>\n\n\n\n<p>ISBN: 978-3-948396-35-0 <strong>Price: 69 Euro<\/strong><\/p>\n","protected":false},"excerpt":{"rendered":"<p>This is the second of the two volumes about this topic. With more than 710 illustrations, many in colour, as well as 18 plates and 14 maps over 200 pages. ISBN: 978-3-948396-35-0 Price: 69 Euro<\/p>\n","protected":false},"author":1,"featured_media":0,"parent":388,"menu_order":2,"comment_status":"closed","ping_status":"closed","template":"","meta":{"_monsterinsights_skip_tracking":false,"_monsterinsights_sitenote_active":false,"_monsterinsights_sitenote_note":"","_monsterinsights_sitenote_category":0,"footnotes":""},"class_list":["post-1054","page","type-page","status-publish","hentry"],"yoast_head":"<!-- This site is optimized with the Yoast SEO plugin v27.4 - https:\/\/yoast.com\/product\/yoast-seo-wordpress\/ -->\n<title>Bows and Arrows of Eastern and Northern Europe, and Central- and Northern Asia - Volume 2 - WiethaseVerlag<\/title>\n<meta name=\"description\" content=\"Northern Europe: Norway, Sweden, Denmark, Finland, Iceland, Estonia, Latvia, and Lithuania.Eastern Europe: Bulgaria, the Republic of Moldova, Romania, parts of Russia, Slova-kia, Ukraine, Hungary, Poland, the Czech Republic, and Belarus.Central Asia: Kazakhstan, Uzbekistan, Kyrgyzstan, Tajikistan, Afghanistan, Turkmeni-stan, and parts of Iran.Northern Asia: the Asian part of Russia, Mongolia, and parts of northern China.\" \/>\n<meta name=\"robots\" content=\"index, follow, max-snippet:-1, max-image-preview:large, max-video-preview:-1\" \/>\n<link rel=\"canonical\" href=\"https:\/\/verlag.wiethase.de\/?page_id=1054\" \/>\n<meta property=\"og:locale\" content=\"de_DE\" \/>\n<meta property=\"og:type\" content=\"article\" \/>\n<meta property=\"og:title\" content=\"Bows and Arrows of Eastern and Northern Europe, and Central- and Northern Asia - Volume 2 - WiethaseVerlag\" \/>\n<meta property=\"og:description\" content=\"Northern Europe: Norway, Sweden, Denmark, Finland, Iceland, Estonia, Latvia, and Lithuania.Eastern Europe: Bulgaria, the Republic of Moldova, Romania, parts of Russia, Slova-kia, Ukraine, Hungary, Poland, the Czech Republic, and Belarus.Central Asia: Kazakhstan, Uzbekistan, Kyrgyzstan, Tajikistan, Afghanistan, Turkmeni-stan, and parts of Iran.Northern Asia: the Asian part of Russia, Mongolia, and parts of northern China.\" \/>\n<meta property=\"og:url\" content=\"https:\/\/verlag.wiethase.de\/?page_id=1054\" \/>\n<meta property=\"og:site_name\" content=\"WiethaseVerlag\" \/>\n<meta property=\"article:publisher\" content=\"https:\/\/www.facebook.com\/profile.php?id=100063974142366\" \/>\n<meta property=\"article:modified_time\" content=\"2024-06-10T20:05:11+00:00\" \/>\n<meta property=\"og:image\" content=\"https:\/\/verlag.wiethase.de\/wp-content\/uploads\/2024\/06\/Nordasienbuch-Umschlag-Band-2-Englisch-718x1024.jpg\" \/>\n<meta name=\"twitter:card\" content=\"summary_large_image\" \/>\n<meta name=\"twitter:label1\" content=\"Gesch\u00e4tzte Lesezeit\" \/>\n\t<meta name=\"twitter:data1\" content=\"2\u00a0Minuten\" \/>\n<script type=\"application\/ld+json\" class=\"yoast-schema-graph\">{\"@context\":\"https:\\\/\\\/schema.org\",\"@graph\":[{\"@type\":\"WebPage\",\"@id\":\"https:\\\/\\\/verlag.wiethase.de\\\/?page_id=1054\",\"url\":\"https:\\\/\\\/verlag.wiethase.de\\\/?page_id=1054\",\"name\":\"Bows and Arrows of Eastern and Northern Europe, and Central- and Northern Asia - Volume 2 - WiethaseVerlag\",\"isPartOf\":{\"@id\":\"https:\\\/\\\/verlag.wiethase.de\\\/#website\"},\"primaryImageOfPage\":{\"@id\":\"https:\\\/\\\/verlag.wiethase.de\\\/?page_id=1054#primaryimage\"},\"image\":{\"@id\":\"https:\\\/\\\/verlag.wiethase.de\\\/?page_id=1054#primaryimage\"},\"thumbnailUrl\":\"https:\\\/\\\/verlag.wiethase.de\\\/wp-content\\\/uploads\\\/2024\\\/06\\\/Nordasienbuch-Umschlag-Band-2-Englisch-718x1024.jpg\",\"datePublished\":\"2024-06-10T20:04:30+00:00\",\"dateModified\":\"2024-06-10T20:05:11+00:00\",\"description\":\"Northern Europe: Norway, Sweden, Denmark, Finland, Iceland, Estonia, Latvia, and Lithuania.Eastern Europe: Bulgaria, the Republic of Moldova, Romania, parts of Russia, Slova-kia, Ukraine, Hungary, Poland, the Czech Republic, and Belarus.Central Asia: Kazakhstan, Uzbekistan, Kyrgyzstan, Tajikistan, Afghanistan, Turkmeni-stan, and parts of Iran.Northern Asia: the Asian part of Russia, Mongolia, and parts of northern China.\",\"breadcrumb\":{\"@id\":\"https:\\\/\\\/verlag.wiethase.de\\\/?page_id=1054#breadcrumb\"},\"inLanguage\":\"de\",\"potentialAction\":[{\"@type\":\"ReadAction\",\"target\":[\"https:\\\/\\\/verlag.wiethase.de\\\/?page_id=1054\"]}]},{\"@type\":\"ImageObject\",\"inLanguage\":\"de\",\"@id\":\"https:\\\/\\\/verlag.wiethase.de\\\/?page_id=1054#primaryimage\",\"url\":\"https:\\\/\\\/verlag.wiethase.de\\\/wp-content\\\/uploads\\\/2024\\\/06\\\/Nordasienbuch-Umschlag-Band-2-Englisch-scaled.jpg\",\"contentUrl\":\"https:\\\/\\\/verlag.wiethase.de\\\/wp-content\\\/uploads\\\/2024\\\/06\\\/Nordasienbuch-Umschlag-Band-2-Englisch-scaled.jpg\",\"width\":1794,\"height\":2560},{\"@type\":\"BreadcrumbList\",\"@id\":\"https:\\\/\\\/verlag.wiethase.de\\\/?page_id=1054#breadcrumb\",\"itemListElement\":[{\"@type\":\"ListItem\",\"position\":1,\"name\":\"Startseite\",\"item\":\"https:\\\/\\\/verlag.wiethase.de\\\/\"},{\"@type\":\"ListItem\",\"position\":2,\"name\":\"Archery books\",\"item\":\"https:\\\/\\\/verlag.wiethase.de\\\/?page_id=388\"},{\"@type\":\"ListItem\",\"position\":3,\"name\":\"Bows and Arrows of Eastern and Northern Europe, and Central- and Northern Asia &#8211; Volume 2\"}]},{\"@type\":\"WebSite\",\"@id\":\"https:\\\/\\\/verlag.wiethase.de\\\/#website\",\"url\":\"https:\\\/\\\/verlag.wiethase.de\\\/\",\"name\":\"WiethaseVerlag\",\"description\":\"B\u00fccher - DVD - H\u00f6rb\u00fccher\",\"publisher\":{\"@id\":\"https:\\\/\\\/verlag.wiethase.de\\\/#organization\"},\"potentialAction\":[{\"@type\":\"SearchAction\",\"target\":{\"@type\":\"EntryPoint\",\"urlTemplate\":\"https:\\\/\\\/verlag.wiethase.de\\\/?s={search_term_string}\"},\"query-input\":{\"@type\":\"PropertyValueSpecification\",\"valueRequired\":true,\"valueName\":\"search_term_string\"}}],\"inLanguage\":\"de\"},{\"@type\":\"Organization\",\"@id\":\"https:\\\/\\\/verlag.wiethase.de\\\/#organization\",\"name\":\"Wiethase Verlag\",\"url\":\"https:\\\/\\\/verlag.wiethase.de\\\/\",\"logo\":{\"@type\":\"ImageObject\",\"inLanguage\":\"de\",\"@id\":\"https:\\\/\\\/verlag.wiethase.de\\\/#\\\/schema\\\/logo\\\/image\\\/\",\"url\":\"https:\\\/\\\/verlag.wiethase.de\\\/wp-content\\\/uploads\\\/2022\\\/07\\\/logo-verlag.jpg\",\"contentUrl\":\"https:\\\/\\\/verlag.wiethase.de\\\/wp-content\\\/uploads\\\/2022\\\/07\\\/logo-verlag.jpg\",\"width\":790,\"height\":514,\"caption\":\"Wiethase Verlag\"},\"image\":{\"@id\":\"https:\\\/\\\/verlag.wiethase.de\\\/#\\\/schema\\\/logo\\\/image\\\/\"},\"sameAs\":[\"https:\\\/\\\/www.facebook.com\\\/profile.php?id=100063974142366\"]}]}<\/script>\n<!-- \/ Yoast SEO plugin. -->","yoast_head_json":{"title":"Bows and Arrows of Eastern and Northern Europe, and Central- and Northern Asia - Volume 2 - WiethaseVerlag","description":"Northern Europe: Norway, Sweden, Denmark, Finland, Iceland, Estonia, Latvia, and Lithuania.Eastern Europe: Bulgaria, the Republic of Moldova, Romania, parts of Russia, Slova-kia, Ukraine, Hungary, Poland, the Czech Republic, and Belarus.Central Asia: Kazakhstan, Uzbekistan, Kyrgyzstan, Tajikistan, Afghanistan, Turkmeni-stan, and parts of Iran.Northern Asia: the Asian part of Russia, Mongolia, and parts of northern China.","robots":{"index":"index","follow":"follow","max-snippet":"max-snippet:-1","max-image-preview":"max-image-preview:large","max-video-preview":"max-video-preview:-1"},"canonical":"https:\/\/verlag.wiethase.de\/?page_id=1054","og_locale":"de_DE","og_type":"article","og_title":"Bows and Arrows of Eastern and Northern Europe, and Central- and Northern Asia - Volume 2 - WiethaseVerlag","og_description":"Northern Europe: Norway, Sweden, Denmark, Finland, Iceland, Estonia, Latvia, and Lithuania.Eastern Europe: Bulgaria, the Republic of Moldova, Romania, parts of Russia, Slova-kia, Ukraine, Hungary, Poland, the Czech Republic, and Belarus.Central Asia: Kazakhstan, Uzbekistan, Kyrgyzstan, Tajikistan, Afghanistan, Turkmeni-stan, and parts of Iran.Northern Asia: the Asian part of Russia, Mongolia, and parts of northern China.","og_url":"https:\/\/verlag.wiethase.de\/?page_id=1054","og_site_name":"WiethaseVerlag","article_publisher":"https:\/\/www.facebook.com\/profile.php?id=100063974142366","article_modified_time":"2024-06-10T20:05:11+00:00","og_image":[{"url":"https:\/\/verlag.wiethase.de\/wp-content\/uploads\/2024\/06\/Nordasienbuch-Umschlag-Band-2-Englisch-718x1024.jpg","type":"","width":"","height":""}],"twitter_card":"summary_large_image","twitter_misc":{"Gesch\u00e4tzte Lesezeit":"2\u00a0Minuten"},"schema":{"@context":"https:\/\/schema.org","@graph":[{"@type":"WebPage","@id":"https:\/\/verlag.wiethase.de\/?page_id=1054","url":"https:\/\/verlag.wiethase.de\/?page_id=1054","name":"Bows and Arrows of Eastern and Northern Europe, and Central- and Northern Asia - Volume 2 - WiethaseVerlag","isPartOf":{"@id":"https:\/\/verlag.wiethase.de\/#website"},"primaryImageOfPage":{"@id":"https:\/\/verlag.wiethase.de\/?page_id=1054#primaryimage"},"image":{"@id":"https:\/\/verlag.wiethase.de\/?page_id=1054#primaryimage"},"thumbnailUrl":"https:\/\/verlag.wiethase.de\/wp-content\/uploads\/2024\/06\/Nordasienbuch-Umschlag-Band-2-Englisch-718x1024.jpg","datePublished":"2024-06-10T20:04:30+00:00","dateModified":"2024-06-10T20:05:11+00:00","description":"Northern Europe: Norway, Sweden, Denmark, Finland, Iceland, Estonia, Latvia, and Lithuania.Eastern Europe: Bulgaria, the Republic of Moldova, Romania, parts of Russia, Slova-kia, Ukraine, Hungary, Poland, the Czech Republic, and Belarus.Central Asia: Kazakhstan, Uzbekistan, Kyrgyzstan, Tajikistan, Afghanistan, Turkmeni-stan, and parts of Iran.Northern Asia: the Asian part of Russia, Mongolia, and parts of northern China.","breadcrumb":{"@id":"https:\/\/verlag.wiethase.de\/?page_id=1054#breadcrumb"},"inLanguage":"de","potentialAction":[{"@type":"ReadAction","target":["https:\/\/verlag.wiethase.de\/?page_id=1054"]}]},{"@type":"ImageObject","inLanguage":"de","@id":"https:\/\/verlag.wiethase.de\/?page_id=1054#primaryimage","url":"https:\/\/verlag.wiethase.de\/wp-content\/uploads\/2024\/06\/Nordasienbuch-Umschlag-Band-2-Englisch-scaled.jpg","contentUrl":"https:\/\/verlag.wiethase.de\/wp-content\/uploads\/2024\/06\/Nordasienbuch-Umschlag-Band-2-Englisch-scaled.jpg","width":1794,"height":2560},{"@type":"BreadcrumbList","@id":"https:\/\/verlag.wiethase.de\/?page_id=1054#breadcrumb","itemListElement":[{"@type":"ListItem","position":1,"name":"Startseite","item":"https:\/\/verlag.wiethase.de\/"},{"@type":"ListItem","position":2,"name":"Archery books","item":"https:\/\/verlag.wiethase.de\/?page_id=388"},{"@type":"ListItem","position":3,"name":"Bows and Arrows of Eastern and Northern Europe, and Central- and Northern Asia &#8211; Volume 2"}]},{"@type":"WebSite","@id":"https:\/\/verlag.wiethase.de\/#website","url":"https:\/\/verlag.wiethase.de\/","name":"WiethaseVerlag","description":"B\u00fccher - DVD - H\u00f6rb\u00fccher","publisher":{"@id":"https:\/\/verlag.wiethase.de\/#organization"},"potentialAction":[{"@type":"SearchAction","target":{"@type":"EntryPoint","urlTemplate":"https:\/\/verlag.wiethase.de\/?s={search_term_string}"},"query-input":{"@type":"PropertyValueSpecification","valueRequired":true,"valueName":"search_term_string"}}],"inLanguage":"de"},{"@type":"Organization","@id":"https:\/\/verlag.wiethase.de\/#organization","name":"Wiethase Verlag","url":"https:\/\/verlag.wiethase.de\/","logo":{"@type":"ImageObject","inLanguage":"de","@id":"https:\/\/verlag.wiethase.de\/#\/schema\/logo\/image\/","url":"https:\/\/verlag.wiethase.de\/wp-content\/uploads\/2022\/07\/logo-verlag.jpg","contentUrl":"https:\/\/verlag.wiethase.de\/wp-content\/uploads\/2022\/07\/logo-verlag.jpg","width":790,"height":514,"caption":"Wiethase Verlag"},"image":{"@id":"https:\/\/verlag.wiethase.de\/#\/schema\/logo\/image\/"},"sameAs":["https:\/\/www.facebook.com\/profile.php?id=100063974142366"]}]}},"_links":{"self":[{"href":"https:\/\/verlag.wiethase.de\/index.php?rest_route=\/wp\/v2\/pages\/1054","targetHints":{"allow":["GET"]}}],"collection":[{"href":"https:\/\/verlag.wiethase.de\/index.php?rest_route=\/wp\/v2\/pages"}],"about":[{"href":"https:\/\/verlag.wiethase.de\/index.php?rest_route=\/wp\/v2\/types\/page"}],"author":[{"embeddable":true,"href":"https:\/\/verlag.wiethase.de\/index.php?rest_route=\/wp\/v2\/users\/1"}],"replies":[{"embeddable":true,"href":"https:\/\/verlag.wiethase.de\/index.php?rest_route=%2Fwp%2Fv2%2Fcomments&post=1054"}],"version-history":[{"count":2,"href":"https:\/\/verlag.wiethase.de\/index.php?rest_route=\/wp\/v2\/pages\/1054\/revisions"}],"predecessor-version":[{"id":1063,"href":"https:\/\/verlag.wiethase.de\/index.php?rest_route=\/wp\/v2\/pages\/1054\/revisions\/1063"}],"up":[{"embeddable":true,"href":"https:\/\/verlag.wiethase.de\/index.php?rest_route=\/wp\/v2\/pages\/388"}],"wp:attachment":[{"href":"https:\/\/verlag.wiethase.de\/index.php?rest_route=%2Fwp%2Fv2%2Fmedia&parent=1054"}],"curies":[{"name":"wp","href":"https:\/\/api.w.org\/{rel}","templated":true}]}}