{"id":10,"date":"2014-06-30T08:46:47","date_gmt":"2014-06-30T08:46:47","guid":{"rendered":"http:\/\/verlag.wiethase.de\/?page_id=10"},"modified":"2017-06-21T10:46:18","modified_gmt":"2017-06-21T10:46:18","slug":"aus-der-stille-pfeile","status":"publish","type":"page","link":"https:\/\/verlag.wiethase.de\/?page_id=10","title":{"rendered":"Aus der Stille: Pfeile&#8230;"},"content":{"rendered":"<p><a href=\"https:\/\/verlag.wiethase.de\/wp-content\/uploads\/2014\/06\/Aus.der_.stille.cover-vorne.jpg\"><img loading=\"lazy\" decoding=\"async\" class=\"alignnone size-thumbnail wp-image-11\" src=\"https:\/\/verlag.wiethase.de\/wp-content\/uploads\/2014\/06\/Aus.der_.stille.cover-vorne-150x150.jpg\" alt=\"Aus.der.stille.cover-vorne\" width=\"150\" height=\"150\" \/><\/a> <a href=\"https:\/\/verlag.wiethase.de\/wp-content\/uploads\/2014\/06\/stille-cover-back.jpg\"><img loading=\"lazy\" decoding=\"async\" class=\"alignnone size-thumbnail wp-image-12\" src=\"https:\/\/verlag.wiethase.de\/wp-content\/uploads\/2014\/06\/stille-cover-back-150x150.jpg\" alt=\"stille-cover-back\" width=\"150\" height=\"150\" \/><\/a><\/p>\n<p class=\"p1\">ISBN 978-937632-65 Euro 12,90 <a href=\"https:\/\/www.amazon.de\/Aus-Stille-Pfeile-Anatomie-Bogenunterrichtes-ebook\/dp\/B00JJOTAJA\/ref=sr_1_1?ie=UTF8&amp;qid=1468742225&amp;sr=8-1&amp;keywords=aus+der+Stille%3A+Pfeile\">Kaufen bei Amazon<\/a><\/p>\n<p class=\"p1\">94 Seiten auf Chamois Papier, Softcover<\/p>\n<p>Dieses Buch will nicht Technik\u00a0und Ausru\u0308stung des Bogenschie\u00dfens\u00a0erkl\u00e4ren. Es beschreibt viel\u00a0mehr den Lern- und Unterrichtsprozess\u00a0w\u00e4hrend eines dreiw\u00f6chigen\u00a0Einzelunterrichtes in Su\u0308dindien.<\/p>\n<p class=\"p1\">Omkara Nath und seine Schu\u0308lerin\u00a0Gurudeva nehmen den Leser\u00a0mit zu ihren Einsichten, Ansichten\u00a0und ganzheitlichen Erkenntnissen,\u00a0die das Bogenschie\u00dfen\u00a0und das Leben an sich betreffen.<\/p>\n<p class=\"p1\">Hendrik Omkara Nath Wiethase\u00a0ist Bogenmeister des \u201eKlassischen Indischen Bogenschie\u00dfens nach\u00a0dem Dhanurveda\u201c, sowie Autor und Herausgeber mehrerer Bu\u0308cher\u00a0und Videos u\u0308ber das Bogenschie\u00dfen. Seit 10 Jahren lehrt er ausschlie\u00dflich\u00a0diese Bogenkunst, die bereits vor tausenden von Jahren\u00a0in den Veden beschrieben wurde.<\/p>\n<p class=\"p1\">Inhaltsverzeichnis:<\/p>\n<p class=\"p1\">\u00a0Seite 5: <span class=\"s1\">Vorwort<\/span><\/p>\n<p class=\"p1\">\u00a0Seite 6: <span class=\"s1\">Prolog<\/span><\/p>\n<p class=\"p2\"><span class=\"s2\">\u00a0Seite 9: <\/span>Auf dem Weg<\/p>\n<p class=\"p2\"><span class=\"s2\">\u00a0Seite 11: <\/span>Befu\u0308rchtungen<\/p>\n<p class=\"p1\">\u00a0Seite 13: <span class=\"s1\">Angekommen<\/span><\/p>\n<p class=\"p1\">\u00a0Seite 15: <span class=\"s1\">Initiation<\/span><\/p>\n<p class=\"p2\"><span class=\"s2\">\u00a0Seite 16: <\/span>Das Vermeiden unn\u00f6tigen Tuns<\/p>\n<p class=\"p2\"><span class=\"s2\">\u00a0Seite 19: <\/span>Bei Null anfangen<\/p>\n<p class=\"p2\"><span class=\"s2\">\u00a0Seite 22: <\/span>Vom Suchen und Finden<\/p>\n<p class=\"p2\"><span class=\"s2\">\u00a0Seite 24: <\/span>Entdeckungen<\/p>\n<p class=\"p2\"><span class=\"s2\">\u00a0Seite 27: <\/span>Perlen an einer Kette<\/p>\n<p class=\"p1\">\u00a0Seite 35: <span class=\"s1\">Der Fels<\/span><\/p>\n<p class=\"p1\">\u00a0Seite 37: <span class=\"s1\">Die Falle<\/span><\/p>\n<p class=\"p2\"><span class=\"s2\">\u00a0Seite 42: <\/span>Der zerbrochene Bogen<\/p>\n<p class=\"p1\">\u00a0Seite 46: <span class=\"s1\">Sei still<\/span><\/p>\n<p class=\"p2\"><span class=\"s2\">\u00a0Seite 49<\/span>: Die t\u00f6dliche Waffe<\/p>\n<p class=\"p2\"><span class=\"s2\">\u00a0Seite 53: <\/span>\u00dcber das Lernen<\/p>\n<p class=\"p2\"><span class=\"s2\">\u00a0Seite 60: <\/span>Man kann nicht immer treffen<\/p>\n<p class=\"p1\">\u00a0Seite 66: <span class=\"s1\">Unterwegs<\/span><\/p>\n<p class=\"p1\">\u00a0Seite 68: <span class=\"s1\">Om<\/span><\/p>\n<p class=\"p2\"><span class=\"s2\">\u00a0Seite 70: D<\/span>er fu\u0308nfte Pfeil<\/p>\n<p class=\"p2\"><span class=\"s2\">\u00a0Seite 77: <\/span>\u00dcber das \u00dcben<\/p>\n<p class=\"p2\"><span class=\"s2\">\u00a0Seite 81: <\/span>Schein und Sein<\/p>\n<p class=\"p2\"><span class=\"s2\">\u00a0Seite 85: <\/span>Verabschiedung<\/p>\n<p class=\"p1\">\u00a0Seite 87: <span class=\"s1\">Ritual<\/span><\/p>\n<p class=\"p2\"><span class=\"s2\">\u00a0Seite 89: <\/span>Aus der Stille: Pfeile&#8230;<\/p>\n<p>&nbsp;<\/p>\n","protected":false},"excerpt":{"rendered":"<p>ISBN 978-937632-65 Euro 12,90 Kaufen bei Amazon 94 Seiten auf Chamois Papier, Softcover Dieses Buch will nicht Technik\u00a0und Ausru\u0308stung des Bogenschie\u00dfens\u00a0erkl\u00e4ren. Es beschreibt viel\u00a0mehr den Lern- und Unterrichtsprozess\u00a0w\u00e4hrend eines dreiw\u00f6chigen\u00a0Einzelunterrichtes in Su\u0308dindien. Omkara Nath und seine Schu\u0308lerin\u00a0Gurudeva nehmen den Leser\u00a0mit &hellip; <a href=\"https:\/\/verlag.wiethase.de\/?page_id=10\">Weiterlesen <span class=\"meta-nav\">&rarr;<\/span><\/a><\/p>\n","protected":false},"author":1,"featured_media":25,"parent":383,"menu_order":1,"comment_status":"open","ping_status":"closed","template":"showcase.php","meta":{"_monsterinsights_skip_tracking":false,"_monsterinsights_sitenote_active":false,"_monsterinsights_sitenote_note":"","_monsterinsights_sitenote_category":0,"footnotes":""},"class_list":["post-10","page","type-page","status-publish","has-post-thumbnail","hentry"],"yoast_head":"<!-- This site is optimized with the Yoast SEO plugin v27.4 - https:\/\/yoast.com\/product\/yoast-seo-wordpress\/ -->\n<title>Aus der Stille: Pfeile... - WiethaseVerlag<\/title>\n<meta name=\"robots\" content=\"index, follow, max-snippet:-1, max-image-preview:large, max-video-preview:-1\" \/>\n<link rel=\"canonical\" href=\"https:\/\/verlag.wiethase.de\/?page_id=10\" \/>\n<meta property=\"og:locale\" content=\"de_DE\" \/>\n<meta property=\"og:type\" content=\"article\" \/>\n<meta property=\"og:title\" content=\"Aus der Stille: Pfeile... - WiethaseVerlag\" \/>\n<meta property=\"og:description\" content=\"ISBN 978-937632-65 Euro 12,90 Kaufen bei Amazon 94 Seiten auf Chamois Papier, Softcover Dieses Buch will nicht Technik\u00a0und Ausru\u0308stung des Bogenschie\u00dfens\u00a0erkl\u00e4ren. Es beschreibt viel\u00a0mehr den Lern- und Unterrichtsprozess\u00a0w\u00e4hrend eines dreiw\u00f6chigen\u00a0Einzelunterrichtes in Su\u0308dindien. Omkara Nath und seine Schu\u0308lerin\u00a0Gurudeva nehmen den Leser\u00a0mit &hellip; Weiterlesen &rarr;\" \/>\n<meta property=\"og:url\" content=\"https:\/\/verlag.wiethase.de\/?page_id=10\" \/>\n<meta property=\"og:site_name\" content=\"WiethaseVerlag\" \/>\n<meta property=\"article:publisher\" content=\"https:\/\/www.facebook.com\/profile.php?id=100063974142366\" \/>\n<meta property=\"article:modified_time\" content=\"2017-06-21T10:46:18+00:00\" \/>\n<meta property=\"og:image\" content=\"https:\/\/verlag.wiethase.de\/wp-content\/uploads\/2014\/06\/a19.jpg\" \/>\n\t<meta property=\"og:image:width\" content=\"1122\" \/>\n\t<meta property=\"og:image:height\" content=\"236\" \/>\n\t<meta property=\"og:image:type\" content=\"image\/jpeg\" \/>\n<meta name=\"twitter:card\" content=\"summary_large_image\" \/>\n<meta name=\"twitter:label1\" content=\"Gesch\u00e4tzte Lesezeit\" \/>\n\t<meta name=\"twitter:data1\" content=\"1\u00a0Minute\" \/>\n<script type=\"application\/ld+json\" class=\"yoast-schema-graph\">{\"@context\":\"https:\\\/\\\/schema.org\",\"@graph\":[{\"@type\":\"WebPage\",\"@id\":\"https:\\\/\\\/verlag.wiethase.de\\\/?page_id=10\",\"url\":\"https:\\\/\\\/verlag.wiethase.de\\\/?page_id=10\",\"name\":\"Aus der Stille: Pfeile... - WiethaseVerlag\",\"isPartOf\":{\"@id\":\"https:\\\/\\\/verlag.wiethase.de\\\/#website\"},\"primaryImageOfPage\":{\"@id\":\"https:\\\/\\\/verlag.wiethase.de\\\/?page_id=10#primaryimage\"},\"image\":{\"@id\":\"https:\\\/\\\/verlag.wiethase.de\\\/?page_id=10#primaryimage\"},\"thumbnailUrl\":\"https:\\\/\\\/verlag.wiethase.de\\\/wp-content\\\/uploads\\\/2014\\\/06\\\/a19.jpg\",\"datePublished\":\"2014-06-30T08:46:47+00:00\",\"dateModified\":\"2017-06-21T10:46:18+00:00\",\"breadcrumb\":{\"@id\":\"https:\\\/\\\/verlag.wiethase.de\\\/?page_id=10#breadcrumb\"},\"inLanguage\":\"de\",\"potentialAction\":[{\"@type\":\"ReadAction\",\"target\":[\"https:\\\/\\\/verlag.wiethase.de\\\/?page_id=10\"]}]},{\"@type\":\"ImageObject\",\"inLanguage\":\"de\",\"@id\":\"https:\\\/\\\/verlag.wiethase.de\\\/?page_id=10#primaryimage\",\"url\":\"https:\\\/\\\/verlag.wiethase.de\\\/wp-content\\\/uploads\\\/2014\\\/06\\\/a19.jpg\",\"contentUrl\":\"https:\\\/\\\/verlag.wiethase.de\\\/wp-content\\\/uploads\\\/2014\\\/06\\\/a19.jpg\",\"width\":1122,\"height\":236},{\"@type\":\"BreadcrumbList\",\"@id\":\"https:\\\/\\\/verlag.wiethase.de\\\/?page_id=10#breadcrumb\",\"itemListElement\":[{\"@type\":\"ListItem\",\"position\":1,\"name\":\"Startseite\",\"item\":\"https:\\\/\\\/verlag.wiethase.de\\\/\"},{\"@type\":\"ListItem\",\"position\":2,\"name\":\"Bogen-B\u00fccher + DVD\",\"item\":\"https:\\\/\\\/verlag.wiethase.de\\\/?page_id=383\"},{\"@type\":\"ListItem\",\"position\":3,\"name\":\"Aus der Stille: Pfeile&#8230;\"}]},{\"@type\":\"WebSite\",\"@id\":\"https:\\\/\\\/verlag.wiethase.de\\\/#website\",\"url\":\"https:\\\/\\\/verlag.wiethase.de\\\/\",\"name\":\"WiethaseVerlag\",\"description\":\"B\u00fccher - DVD - H\u00f6rb\u00fccher\",\"publisher\":{\"@id\":\"https:\\\/\\\/verlag.wiethase.de\\\/#organization\"},\"potentialAction\":[{\"@type\":\"SearchAction\",\"target\":{\"@type\":\"EntryPoint\",\"urlTemplate\":\"https:\\\/\\\/verlag.wiethase.de\\\/?s={search_term_string}\"},\"query-input\":{\"@type\":\"PropertyValueSpecification\",\"valueRequired\":true,\"valueName\":\"search_term_string\"}}],\"inLanguage\":\"de\"},{\"@type\":\"Organization\",\"@id\":\"https:\\\/\\\/verlag.wiethase.de\\\/#organization\",\"name\":\"Wiethase Verlag\",\"url\":\"https:\\\/\\\/verlag.wiethase.de\\\/\",\"logo\":{\"@type\":\"ImageObject\",\"inLanguage\":\"de\",\"@id\":\"https:\\\/\\\/verlag.wiethase.de\\\/#\\\/schema\\\/logo\\\/image\\\/\",\"url\":\"https:\\\/\\\/verlag.wiethase.de\\\/wp-content\\\/uploads\\\/2022\\\/07\\\/logo-verlag.jpg\",\"contentUrl\":\"https:\\\/\\\/verlag.wiethase.de\\\/wp-content\\\/uploads\\\/2022\\\/07\\\/logo-verlag.jpg\",\"width\":790,\"height\":514,\"caption\":\"Wiethase Verlag\"},\"image\":{\"@id\":\"https:\\\/\\\/verlag.wiethase.de\\\/#\\\/schema\\\/logo\\\/image\\\/\"},\"sameAs\":[\"https:\\\/\\\/www.facebook.com\\\/profile.php?id=100063974142366\"]}]}<\/script>\n<!-- \/ Yoast SEO plugin. -->","yoast_head_json":{"title":"Aus der Stille: Pfeile... - WiethaseVerlag","robots":{"index":"index","follow":"follow","max-snippet":"max-snippet:-1","max-image-preview":"max-image-preview:large","max-video-preview":"max-video-preview:-1"},"canonical":"https:\/\/verlag.wiethase.de\/?page_id=10","og_locale":"de_DE","og_type":"article","og_title":"Aus der Stille: Pfeile... - WiethaseVerlag","og_description":"ISBN 978-937632-65 Euro 12,90 Kaufen bei Amazon 94 Seiten auf Chamois Papier, Softcover Dieses Buch will nicht Technik\u00a0und Ausru\u0308stung des Bogenschie\u00dfens\u00a0erkl\u00e4ren. Es beschreibt viel\u00a0mehr den Lern- und Unterrichtsprozess\u00a0w\u00e4hrend eines dreiw\u00f6chigen\u00a0Einzelunterrichtes in Su\u0308dindien. Omkara Nath und seine Schu\u0308lerin\u00a0Gurudeva nehmen den Leser\u00a0mit &hellip; Weiterlesen &rarr;","og_url":"https:\/\/verlag.wiethase.de\/?page_id=10","og_site_name":"WiethaseVerlag","article_publisher":"https:\/\/www.facebook.com\/profile.php?id=100063974142366","article_modified_time":"2017-06-21T10:46:18+00:00","og_image":[{"width":1122,"height":236,"url":"https:\/\/verlag.wiethase.de\/wp-content\/uploads\/2014\/06\/a19.jpg","type":"image\/jpeg"}],"twitter_card":"summary_large_image","twitter_misc":{"Gesch\u00e4tzte Lesezeit":"1\u00a0Minute"},"schema":{"@context":"https:\/\/schema.org","@graph":[{"@type":"WebPage","@id":"https:\/\/verlag.wiethase.de\/?page_id=10","url":"https:\/\/verlag.wiethase.de\/?page_id=10","name":"Aus der Stille: Pfeile... - WiethaseVerlag","isPartOf":{"@id":"https:\/\/verlag.wiethase.de\/#website"},"primaryImageOfPage":{"@id":"https:\/\/verlag.wiethase.de\/?page_id=10#primaryimage"},"image":{"@id":"https:\/\/verlag.wiethase.de\/?page_id=10#primaryimage"},"thumbnailUrl":"https:\/\/verlag.wiethase.de\/wp-content\/uploads\/2014\/06\/a19.jpg","datePublished":"2014-06-30T08:46:47+00:00","dateModified":"2017-06-21T10:46:18+00:00","breadcrumb":{"@id":"https:\/\/verlag.wiethase.de\/?page_id=10#breadcrumb"},"inLanguage":"de","potentialAction":[{"@type":"ReadAction","target":["https:\/\/verlag.wiethase.de\/?page_id=10"]}]},{"@type":"ImageObject","inLanguage":"de","@id":"https:\/\/verlag.wiethase.de\/?page_id=10#primaryimage","url":"https:\/\/verlag.wiethase.de\/wp-content\/uploads\/2014\/06\/a19.jpg","contentUrl":"https:\/\/verlag.wiethase.de\/wp-content\/uploads\/2014\/06\/a19.jpg","width":1122,"height":236},{"@type":"BreadcrumbList","@id":"https:\/\/verlag.wiethase.de\/?page_id=10#breadcrumb","itemListElement":[{"@type":"ListItem","position":1,"name":"Startseite","item":"https:\/\/verlag.wiethase.de\/"},{"@type":"ListItem","position":2,"name":"Bogen-B\u00fccher + DVD","item":"https:\/\/verlag.wiethase.de\/?page_id=383"},{"@type":"ListItem","position":3,"name":"Aus der Stille: Pfeile&#8230;"}]},{"@type":"WebSite","@id":"https:\/\/verlag.wiethase.de\/#website","url":"https:\/\/verlag.wiethase.de\/","name":"WiethaseVerlag","description":"B\u00fccher - DVD - H\u00f6rb\u00fccher","publisher":{"@id":"https:\/\/verlag.wiethase.de\/#organization"},"potentialAction":[{"@type":"SearchAction","target":{"@type":"EntryPoint","urlTemplate":"https:\/\/verlag.wiethase.de\/?s={search_term_string}"},"query-input":{"@type":"PropertyValueSpecification","valueRequired":true,"valueName":"search_term_string"}}],"inLanguage":"de"},{"@type":"Organization","@id":"https:\/\/verlag.wiethase.de\/#organization","name":"Wiethase Verlag","url":"https:\/\/verlag.wiethase.de\/","logo":{"@type":"ImageObject","inLanguage":"de","@id":"https:\/\/verlag.wiethase.de\/#\/schema\/logo\/image\/","url":"https:\/\/verlag.wiethase.de\/wp-content\/uploads\/2022\/07\/logo-verlag.jpg","contentUrl":"https:\/\/verlag.wiethase.de\/wp-content\/uploads\/2022\/07\/logo-verlag.jpg","width":790,"height":514,"caption":"Wiethase Verlag"},"image":{"@id":"https:\/\/verlag.wiethase.de\/#\/schema\/logo\/image\/"},"sameAs":["https:\/\/www.facebook.com\/profile.php?id=100063974142366"]}]}},"_links":{"self":[{"href":"https:\/\/verlag.wiethase.de\/index.php?rest_route=\/wp\/v2\/pages\/10","targetHints":{"allow":["GET"]}}],"collection":[{"href":"https:\/\/verlag.wiethase.de\/index.php?rest_route=\/wp\/v2\/pages"}],"about":[{"href":"https:\/\/verlag.wiethase.de\/index.php?rest_route=\/wp\/v2\/types\/page"}],"author":[{"embeddable":true,"href":"https:\/\/verlag.wiethase.de\/index.php?rest_route=\/wp\/v2\/users\/1"}],"replies":[{"embeddable":true,"href":"https:\/\/verlag.wiethase.de\/index.php?rest_route=%2Fwp%2Fv2%2Fcomments&post=10"}],"version-history":[{"count":4,"href":"https:\/\/verlag.wiethase.de\/index.php?rest_route=\/wp\/v2\/pages\/10\/revisions"}],"predecessor-version":[{"id":293,"href":"https:\/\/verlag.wiethase.de\/index.php?rest_route=\/wp\/v2\/pages\/10\/revisions\/293"}],"up":[{"embeddable":true,"href":"https:\/\/verlag.wiethase.de\/index.php?rest_route=\/wp\/v2\/pages\/383"}],"wp:featuredmedia":[{"embeddable":true,"href":"https:\/\/verlag.wiethase.de\/index.php?rest_route=\/wp\/v2\/media\/25"}],"wp:attachment":[{"href":"https:\/\/verlag.wiethase.de\/index.php?rest_route=%2Fwp%2Fv2%2Fmedia&parent=10"}],"curies":[{"name":"wp","href":"https:\/\/api.w.org\/{rel}","templated":true}]}}